{"id":12880,"date":"2020-02-24T21:34:38","date_gmt":"2020-02-24T21:34:38","guid":{"rendered":"http:\/\/bme2.flywheelsites.com\/br\/?page_id=12880"},"modified":"2020-02-24T21:34:38","modified_gmt":"2020-02-24T21:34:38","slug":"media-relations","status":"publish","type":"page","link":"https:\/\/www.benchmarkemail.com\/br\/cls-about-us\/media-relations\/","title":{"rendered":"Rela\u00e7\u00f5es com a M\u00eddia"},"content":{"rendered":"<h2>Entre em contato com o nosso representante de rela\u00e7\u00f5es com a M\u00eddia<\/h2>\n<p>Precisa de informa\u00e7\u00e3o sobre um comunicado de imprensa? Quer falar com o CEO da Benchmark ou outro membro da equipe? Contate nosso representante das rela\u00e7\u00f5es com a m\u00eddia para qualquer quest\u00e3o relacionada com m\u00eddias ou confer\u00eancias de imprensa.<\/p>\n<h5>Contato para Rela\u00e7\u00f5es com a M\u00eddia:<\/h5>\n<p>Natalie Slyman<br \/>\n866.991.4888 x 114<br \/>\n<a href=\"mailto:natalie.slyman@benchmarkemail.wpengine.com\">natalie.slyman@benchmarkemail.wpengine.com<\/a><\/p>\n","protected":false},"excerpt":{"rendered":"<p>Entre em contato com o nosso representante de rela\u00e7\u00f5es com a M\u00eddia Precisa de informa\u00e7\u00e3o sobre um comunicado de imprensa? Quer falar com o CEO da Benchmark ou outro membro da equipe? Contate nosso representante das rela\u00e7\u00f5es com a m\u00eddia para qualquer quest\u00e3o relacionada com m\u00eddias ou confer\u00eancias de imprensa. Contato para Rela\u00e7\u00f5es com a&hellip;<\/p>\n","protected":false},"author":3,"featured_media":0,"parent":62,"menu_order":0,"comment_status":"closed","ping_status":"closed","template":"","meta":{"inline_featured_image":false,"footnotes":""},"class_list":["post-12880","page","type-page","status-publish","hentry"],"yoast_head":"<!-- This site is optimized with the Yoast SEO plugin v27.4 - https:\/\/yoast.com\/product\/yoast-seo-wordpress\/ -->\n<title>Rela\u00e7\u00f5es com a M\u00eddia - Benchmark Email<\/title>\n<meta name=\"robots\" content=\"index, follow, max-snippet:-1, max-image-preview:large, max-video-preview:-1\" \/>\n<link rel=\"canonical\" href=\"https:\/\/www.benchmarkemail.com\/br\/cls-about-us\/media-relations\/\" \/>\n<meta property=\"og:locale\" content=\"en_US\" \/>\n<meta property=\"og:type\" content=\"article\" \/>\n<meta property=\"og:title\" content=\"Rela\u00e7\u00f5es com a M\u00eddia - Benchmark Email\" \/>\n<meta property=\"og:description\" content=\"Entre em contato com o nosso representante de rela\u00e7\u00f5es com a M\u00eddia Precisa de informa\u00e7\u00e3o sobre um comunicado de imprensa? Quer falar com o CEO da Benchmark ou outro membro da equipe? Contate nosso representante das rela\u00e7\u00f5es com a m\u00eddia para qualquer quest\u00e3o relacionada com m\u00eddias ou confer\u00eancias de imprensa. Contato para Rela\u00e7\u00f5es com a&hellip;\" \/>\n<meta property=\"og:url\" content=\"https:\/\/www.benchmarkemail.com\/br\/cls-about-us\/media-relations\/\" \/>\n<meta property=\"og:site_name\" content=\"Benchmark Email em Portugu\u00eas\" \/>\n<meta property=\"article:publisher\" content=\"https:\/\/www.facebook.com\/BenchmarkBR\" \/>\n<meta name=\"twitter:card\" content=\"summary_large_image\" \/>\n<script type=\"application\/ld+json\" class=\"yoast-schema-graph\">{\"@context\":\"https:\\\/\\\/schema.org\",\"@graph\":[{\"@type\":\"WebPage\",\"@id\":\"https:\\\/\\\/www.benchmarkemail.com\\\/br\\\/cls-about-us\\\/media-relations\\\/\",\"url\":\"https:\\\/\\\/www.benchmarkemail.com\\\/br\\\/cls-about-us\\\/media-relations\\\/\",\"name\":\"Rela\u00e7\u00f5es com a M\u00eddia - Benchmark Email\",\"isPartOf\":{\"@id\":\"https:\\\/\\\/www.benchmarkemail.com\\\/br\\\/#website\"},\"datePublished\":\"2020-02-24T21:34:38+00:00\",\"breadcrumb\":{\"@id\":\"https:\\\/\\\/www.benchmarkemail.com\\\/br\\\/cls-about-us\\\/media-relations\\\/#breadcrumb\"},\"inLanguage\":\"en-US\",\"potentialAction\":[{\"@type\":\"ReadAction\",\"target\":[\"https:\\\/\\\/www.benchmarkemail.com\\\/br\\\/cls-about-us\\\/media-relations\\\/\"]}]},{\"@type\":\"BreadcrumbList\",\"@id\":\"https:\\\/\\\/www.benchmarkemail.com\\\/br\\\/cls-about-us\\\/media-relations\\\/#breadcrumb\",\"itemListElement\":[{\"@type\":\"ListItem\",\"position\":1,\"name\":\"Home\",\"item\":\"https:\\\/\\\/www.benchmarkemail.com\\\/br\\\/\"},{\"@type\":\"ListItem\",\"position\":2,\"name\":\"About\",\"item\":\"https:\\\/\\\/www.benchmarkemail.com\\\/br\\\/?page_id=62\"},{\"@type\":\"ListItem\",\"position\":3,\"name\":\"Rela\u00e7\u00f5es com a M\u00eddia\"}]},{\"@type\":\"WebSite\",\"@id\":\"https:\\\/\\\/www.benchmarkemail.com\\\/br\\\/#website\",\"url\":\"https:\\\/\\\/www.benchmarkemail.com\\\/br\\\/\",\"name\":\"Benchmark Email em Portugu\u00eas\",\"description\":\"\",\"publisher\":{\"@id\":\"https:\\\/\\\/www.benchmarkemail.com\\\/br\\\/#organization\"},\"potentialAction\":[{\"@type\":\"SearchAction\",\"target\":{\"@type\":\"EntryPoint\",\"urlTemplate\":\"https:\\\/\\\/www.benchmarkemail.com\\\/br\\\/?s={search_term_string}\"},\"query-input\":{\"@type\":\"PropertyValueSpecification\",\"valueRequired\":true,\"valueName\":\"search_term_string\"}}],\"inLanguage\":\"en-US\"},{\"@type\":\"Organization\",\"@id\":\"https:\\\/\\\/www.benchmarkemail.com\\\/br\\\/#organization\",\"name\":\"Benchmark Internet Group, LLC\",\"url\":\"https:\\\/\\\/www.benchmarkemail.com\\\/br\\\/\",\"logo\":{\"@type\":\"ImageObject\",\"inLanguage\":\"en-US\",\"@id\":\"https:\\\/\\\/www.benchmarkemail.com\\\/br\\\/#\\\/schema\\\/logo\\\/image\\\/\",\"url\":\"https:\\\/\\\/www.benchmarkemail.com\\\/br\\\/wp-content\\\/uploads\\\/sites\\\/6\\\/2019\\\/09\\\/benchmark-logo.svg\",\"contentUrl\":\"https:\\\/\\\/www.benchmarkemail.com\\\/br\\\/wp-content\\\/uploads\\\/sites\\\/6\\\/2019\\\/09\\\/benchmark-logo.svg\",\"width\":1,\"height\":1,\"caption\":\"Benchmark Internet Group, LLC\"},\"image\":{\"@id\":\"https:\\\/\\\/www.benchmarkemail.com\\\/br\\\/#\\\/schema\\\/logo\\\/image\\\/\"},\"sameAs\":[\"https:\\\/\\\/www.facebook.com\\\/BenchmarkBR\"]}]}<\/script>\n<!-- \/ Yoast SEO plugin. -->","yoast_head_json":{"title":"Rela\u00e7\u00f5es com a M\u00eddia - Benchmark Email","robots":{"index":"index","follow":"follow","max-snippet":"max-snippet:-1","max-image-preview":"max-image-preview:large","max-video-preview":"max-video-preview:-1"},"canonical":"https:\/\/www.benchmarkemail.com\/br\/cls-about-us\/media-relations\/","og_locale":"en_US","og_type":"article","og_title":"Rela\u00e7\u00f5es com a M\u00eddia - Benchmark Email","og_description":"Entre em contato com o nosso representante de rela\u00e7\u00f5es com a M\u00eddia Precisa de informa\u00e7\u00e3o sobre um comunicado de imprensa? Quer falar com o CEO da Benchmark ou outro membro da equipe? Contate nosso representante das rela\u00e7\u00f5es com a m\u00eddia para qualquer quest\u00e3o relacionada com m\u00eddias ou confer\u00eancias de imprensa. Contato para Rela\u00e7\u00f5es com a&hellip;","og_url":"https:\/\/www.benchmarkemail.com\/br\/cls-about-us\/media-relations\/","og_site_name":"Benchmark Email em Portugu\u00eas","article_publisher":"https:\/\/www.facebook.com\/BenchmarkBR","twitter_card":"summary_large_image","schema":{"@context":"https:\/\/schema.org","@graph":[{"@type":"WebPage","@id":"https:\/\/www.benchmarkemail.com\/br\/cls-about-us\/media-relations\/","url":"https:\/\/www.benchmarkemail.com\/br\/cls-about-us\/media-relations\/","name":"Rela\u00e7\u00f5es com a M\u00eddia - Benchmark Email","isPartOf":{"@id":"https:\/\/www.benchmarkemail.com\/br\/#website"},"datePublished":"2020-02-24T21:34:38+00:00","breadcrumb":{"@id":"https:\/\/www.benchmarkemail.com\/br\/cls-about-us\/media-relations\/#breadcrumb"},"inLanguage":"en-US","potentialAction":[{"@type":"ReadAction","target":["https:\/\/www.benchmarkemail.com\/br\/cls-about-us\/media-relations\/"]}]},{"@type":"BreadcrumbList","@id":"https:\/\/www.benchmarkemail.com\/br\/cls-about-us\/media-relations\/#breadcrumb","itemListElement":[{"@type":"ListItem","position":1,"name":"Home","item":"https:\/\/www.benchmarkemail.com\/br\/"},{"@type":"ListItem","position":2,"name":"About","item":"https:\/\/www.benchmarkemail.com\/br\/?page_id=62"},{"@type":"ListItem","position":3,"name":"Rela\u00e7\u00f5es com a M\u00eddia"}]},{"@type":"WebSite","@id":"https:\/\/www.benchmarkemail.com\/br\/#website","url":"https:\/\/www.benchmarkemail.com\/br\/","name":"Benchmark Email em Portugu\u00eas","description":"","publisher":{"@id":"https:\/\/www.benchmarkemail.com\/br\/#organization"},"potentialAction":[{"@type":"SearchAction","target":{"@type":"EntryPoint","urlTemplate":"https:\/\/www.benchmarkemail.com\/br\/?s={search_term_string}"},"query-input":{"@type":"PropertyValueSpecification","valueRequired":true,"valueName":"search_term_string"}}],"inLanguage":"en-US"},{"@type":"Organization","@id":"https:\/\/www.benchmarkemail.com\/br\/#organization","name":"Benchmark Internet Group, LLC","url":"https:\/\/www.benchmarkemail.com\/br\/","logo":{"@type":"ImageObject","inLanguage":"en-US","@id":"https:\/\/www.benchmarkemail.com\/br\/#\/schema\/logo\/image\/","url":"https:\/\/www.benchmarkemail.com\/br\/wp-content\/uploads\/sites\/6\/2019\/09\/benchmark-logo.svg","contentUrl":"https:\/\/www.benchmarkemail.com\/br\/wp-content\/uploads\/sites\/6\/2019\/09\/benchmark-logo.svg","width":1,"height":1,"caption":"Benchmark Internet Group, LLC"},"image":{"@id":"https:\/\/www.benchmarkemail.com\/br\/#\/schema\/logo\/image\/"},"sameAs":["https:\/\/www.facebook.com\/BenchmarkBR"]}]}},"_links":{"self":[{"href":"https:\/\/www.benchmarkemail.com\/br\/wp-json\/wp\/v2\/pages\/12880","targetHints":{"allow":["GET"]}}],"collection":[{"href":"https:\/\/www.benchmarkemail.com\/br\/wp-json\/wp\/v2\/pages"}],"about":[{"href":"https:\/\/www.benchmarkemail.com\/br\/wp-json\/wp\/v2\/types\/page"}],"author":[{"embeddable":true,"href":"https:\/\/www.benchmarkemail.com\/br\/wp-json\/wp\/v2\/users\/3"}],"replies":[{"embeddable":true,"href":"https:\/\/www.benchmarkemail.com\/br\/wp-json\/wp\/v2\/comments?post=12880"}],"version-history":[{"count":0,"href":"https:\/\/www.benchmarkemail.com\/br\/wp-json\/wp\/v2\/pages\/12880\/revisions"}],"up":[{"embeddable":true,"href":"https:\/\/www.benchmarkemail.com\/br\/wp-json\/wp\/v2\/pages\/62"}],"wp:attachment":[{"href":"https:\/\/www.benchmarkemail.com\/br\/wp-json\/wp\/v2\/media?parent=12880"}],"curies":[{"name":"wp","href":"https:\/\/api.w.org\/{rel}","templated":true}]}}