{"id":13,"date":"2019-09-13T16:15:14","date_gmt":"2019-09-13T16:15:14","guid":{"rendered":"http:\/\/bme2.flywheelsites.com\/?page_id=13"},"modified":"2021-02-24T11:24:08","modified_gmt":"2021-02-24T11:24:08","slug":"home","status":"publish","type":"page","link":"https:\/\/www.benchmarkemail.com\/br\/home\/","title":{"rendered":"Home"},"content":{"rendered":"\n\t<h1>Campanhas de Email Marketing em 15 Minutos<\/h1>\n\t<p>Nosso sistema foi pensado para pequenas e m\u00e9dias empresas<\/p>\n\t<style>video {max-width:100%;}<\/style>\n<video muted=\"\" autoplay=\"\" loop=\"\">\n   <source src=\"https:\/\/www.benchmarkemail.com\/br\/wp-content\/uploads\/sites\/6\/2020\/02\/home-video-br.mp4\" type=\"video\/mp4\"> \n<\/video>\n\t\t\t\t<img decoding=\"async\" src=\"https:\/\/www.benchmarkemail.com\/wp-content\/uploads\/2019\/08\/Audi.png\" alt=\"Audi logo\" itemprop=\"image\" title=\"Audi\" onerror=\"this.style.display='none'\"  \/>\n\t\t\t\t<img loading=\"lazy\" decoding=\"async\" src=\"https:\/\/www.benchmarkemail.com\/br\/wp-content\/uploads\/sites\/6\/2020\/09\/remax_b39e0f74248fb4dd1f8cba2426d97585.png\" alt=\"remax_b39e0f74248fb4dd1f8cba2426d97585\" itemprop=\"image\" height=\"40\" width=\"220\" title=\"remax_b39e0f74248fb4dd1f8cba2426d97585\" onerror=\"this.style.display='none'\"  \/>\n\t\t\t\t<img loading=\"lazy\" decoding=\"async\" src=\"https:\/\/www.benchmarkemail.com\/br\/wp-content\/uploads\/sites\/6\/2020\/09\/office-depot_5c23f74c58e9134fa5024d83b13997d7.png\" alt=\"office-depot_5c23f74c58e9134fa5024d83b13997d7\" itemprop=\"image\" height=\"36\" width=\"314\" title=\"office-depot_5c23f74c58e9134fa5024d83b13997d7\" onerror=\"this.style.display='none'\"  \/>\n\t\t\t\t<img loading=\"lazy\" decoding=\"async\" src=\"https:\/\/www.benchmarkemail.com\/br\/wp-content\/uploads\/sites\/6\/2020\/09\/marriott_885c3f9c86fe5b70db86bf3ebddd0bbc.png\" alt=\"marriott_885c3f9c86fe5b70db86bf3ebddd0bbc\" itemprop=\"image\" height=\"60\" width=\"216\" title=\"marriott_885c3f9c86fe5b70db86bf3ebddd0bbc\" onerror=\"this.style.display='none'\"  \/>\n\t\t\t\t<img loading=\"lazy\" decoding=\"async\" src=\"https:\/\/www.benchmarkemail.com\/br\/wp-content\/uploads\/sites\/6\/2020\/09\/bbva_a9b4ab09741880716817e7160aaa6ead.png\" alt=\"bbva_a9b4ab09741880716817e7160aaa6ead\" itemprop=\"image\" height=\"48\" width=\"160\" title=\"bbva_a9b4ab09741880716817e7160aaa6ead\" onerror=\"this.style.display='none'\"  \/>\n\t\t\t\t<img loading=\"lazy\" decoding=\"async\" src=\"https:\/\/www.benchmarkemail.com\/br\/wp-content\/uploads\/sites\/6\/2020\/09\/curves_29fd77804de24a934f89cfb727425cf4.png\" alt=\"curves_29fd77804de24a934f89cfb727425cf4\" itemprop=\"image\" height=\"60\" width=\"172\" title=\"curves_29fd77804de24a934f89cfb727425cf4\" onerror=\"this.style.display='none'\"  \/>\n<h6>\n\t\tTEMPLATES DE EMAIL\n\t<\/h6>\n\tEnvie campanhas de email bonitas e responsivas<br \/>\nem minutos com templates de email customiz\u00e1veis\n\t\t\t\t<img decoding=\"async\" src=\"https:\/\/www.benchmarkemail.com\/br\/wp-content\/uploads\/sites\/6\/2020\/02\/international-templates.jpg\" alt=\"international-templates\" itemprop=\"image\" title=\"international-templates\" onerror=\"this.style.display='none'\"  \/>\n<h2>\n\t\tSe Torne um Pro do Marketing de Automa\u00e7\u00e3o\n\t<\/h2>\n\t<p> Ganhe tempo e aumente seu faturamento enviando o email certo, para a pessoa certa, no momento certo.<\/p>\n\t\t\t<a href=\"https:\/\/www-new.benchmarkemail.wpengine.com\/br\/features\/marketing-automation\" target=\"_self\" role=\"button\" rel=\"noopener\">\n\t\t\t\t\t\t\tINICIE SUA AUTOMA\u00c7\u00c3O\n\t\t\t\t\t<\/a>\n\t\t\t\t<img loading=\"lazy\" decoding=\"async\" src=\"https:\/\/www.benchmarkemail.com\/br\/wp-content\/uploads\/sites\/6\/2020\/09\/oferta_4b7306a373f030f2951f127b06fcbca5.png\" alt=\"oferta_4b7306a373f030f2951f127b06fcbca5\" itemprop=\"image\" height=\"674\" width=\"416\" title=\"oferta_4b7306a373f030f2951f127b06fcbca5\" onerror=\"this.style.display='none'\"  \/>\n\t\t\t\t<img decoding=\"async\" src=\"https:\/\/www.benchmarkemail.com\/br\/wp-content\/uploads\/sites\/6\/2020\/02\/form.png\" alt=\"form\" itemprop=\"image\" title=\"form\" onerror=\"this.style.display='none'\"  \/>\n<h2>\n\t\tTenha Mais Inscritos\n\t<\/h2>\n\t<p>Coloque formul\u00e1rios de inscri\u00e7\u00e3o facilmente em seu site, blog ou redes sociais para aumentar sua audi\u00eancia.<\/p>\n\t\t\t<a href=\"https:\/\/ui.benchmarkemail.com\/br\/register\" target=\"_self\" role=\"button\" rel=\"noopener\">\n\t\t\t\t\t\t\tCOMECE COM UM PLANO GRATUITO\n\t\t\t\t\t<\/a>\n<h2>\n\t\tJunte-se aos milhares de clientes que amam a Benchmark\n\t<\/h2>\n\t<style>\n     .customers .icons {\n    position: relative;\n    min-height: 330px;\n    overflow: visible;\n    margin-top: 60px;\n}\n0%, 100% {\n    box-shadow: 0 5px 15px 0 \n    rgba(0,0,0,.2);\n    transform: translatey(0);\n}\n50% {\n    box-shadow: 0 25px 15px 0 \n    rgba(0,0,0,.1);\n    transform: translatey(-30px);\n}\n .customers .icons .icn-circle {\n    display: block;\n    position: absolute;\n    background: url(\/br\/wp-content\/uploads\/sites\/4\/2020\/02\/customers.png) no-repeat;\n        background-position-x: 0%;\n        background-position-y: 0%;\n        background-size: auto;\n    background-size: 1125px 330px;\n    background-position: 0 0;\n    width: 110px;\n    height: 110px;\n    border-radius: 100%;\n    overflow: hidden;\n    box-shadow: 0 5px 15px 0 \n    rgba(0,0,0,.2);\n    transform: translatey(0);\n    animation: faces 9s ease-in-out infinite;\n}\n.customers .icons .icn-circle.face {\n    width: 98px;\n    height: 97px;\n    top: 16%;\n    left: 0;\n    background-position: -30px -57px;\n    overflow: hidden;\n    z-index: 9;\n}\n.customers .icons .icn-circle.house {\n    width: 102px;\n    height: 98px;\n    background-position: -14px -211px;\n    top: 54%;\n    left: -2%;\n    animation: bg-white 12s ease infinite;\n}\n.customers .icons .icn-circle.c-house {\n    width: 97px;\n    height: 97px;\n    background-position: -182px -141px;\n    top: 38%;\n    left: 14%;\n    animation: logo 10s ease-in-out infinite;\n}\n.customers .icons .icn-circle.the-y {\n    width: 85px;\n    height: 83px;\n    background-position: -286px -36px;\n    top: 10%;\n    left: 23%;\n    animation: bg-white 12s ease infinite;\n}\n.customers .icons .icn-circle.face2 {\n    width: 78px;\n    height: 78px;\n    background-position: -376px -171px;\n    top: 53%;\n    left: 32%;\n    overflow: hidden;\n    z-index: 9;\n}\n.customers .icons .icn-circle.curves {\n    width: 67px;\n    height: 65px;\n    background-position: -502px -243px;\n    top: 72%;\n    left: 46%;\n    animation: logo 10s ease-in-out infinite;\n}\n.customers .icons .icn-circle.remax {\n    width: 77px;\n    height: 75px;\n    background-position: -474px -77px;\n    top: 24%;\n    left: 41%;\n    animation: logo 10s ease-in-out infinite;\n}\n.customers .icons .icn-circle.face3 {\n    width: 80px;\n    height: 78px;\n    background-position: -1029px -35px;\n    top: 12%;\n    left: 92%;\n}\n.customers .icons .icn-circle.pp {\n    width: 67px;\n    height: 66px;\n    background-position: -641px -162px;\n    top: 51%;\n    left: 56%;\n    animation: logo 10s ease-in-out infinite;\n}\n.customers .icons .icn-circle.face4 {\n    width: 109px;\n    height: 106px;\n    background-position: -619px -15px;\n    left: 54%;\n    top: 6%;\n    overflow: hidden;\n    z-index: 9;\n}\n.customers .icons .icn-circle.face4:hover {\n    overflow: visible;\n    z-index: 99;\n}\n.customers .icons .icn-circle.face4 .tool-tip {\n    width: 400px;\n    height: 230px;\n    background: url(\/wp-content\/uploads\/2020\/02\/tool-tip.png) no-repeat;\n    text-align: left;\n    padding: 30px 49px;\n    left: 107px;\n    position: absolute;\n    z-index: 99;\n    opacity: 0;\n    transition: all .2s ease-in-out;\n     background-size: cover;\n    background-repeat: no-repeat;\n}\n.customers .icons .icn-circle.face4 .tool-tip h4 {\n    font-size: 1em;\n    font-weight: 600;\n    color: \n    #1d202d;\n    line-height: 1.8;\n}\n.customers .icons .icn-circle.face4 .tool-tip p {\n    font-size: .8em;\n    font-weight: 400;\n    color: \n    #666872;\n    line-height: 1.8;\n}\n.customers .icons .icn-circle.bbva {\n    width: 82px;\n    height: 78px;\n    background-position: -778px -215px;\n    top: 68%;\n    left: 69%;\n    animation: logo 10s ease-in-out infinite;\n}\n.customers .icons .icn-circle.pta {\n    width: 114px;\n    height: 112px;\n    background-position: -805px -68px;\n    top: 18%;\n    left: 72%;\n    animation: bg-white 12s ease infinite;\n}\n.customers .icons .icn-circle.office-depot {\n    width: 120px;\n    height: 117px;\n    background-position: -946px -198px;\n    top: 50%;\n    left: 85%;\n    animation: logo 10s ease-in-out infinite;\n}\n.customers .icons .icn-circle.a {\n    width: 68px;\n    height: 67px;\n    background-position: -944px -14px;\n    top: -6%;\n    left: 84%;\n    animation: bg-white 12s ease infinite;\n}\n.customers .icons .icn-circle.face3 {\n    width: 80px;\n    height: 78px;\n    background-position: -1029px -35px;\n    top: 12%;\n    left: 92%;\n}\n   .customers .icons .icn-circle.face4:hover .tool-tip {\n    opacity: 1;\n}\n<\/style>\n        <h4>Jane A.<\/h4>\n        <p>Usei tanto a Constant Contact quanto a Benchmark. A Benchmark de longe entrega mais valor a seus clientes. Nunca precisei falar com a equipe de suporte porque o sistema deles sempre funcionou muito bem.<\/p>\n<h3>\n\t\tA plataforma da Benchmark possui uma interface f\u00e1cil de usar e um sistema de m\u00e9tricas que torna simples mensurar o sucesso de suas campanhas\n\t<\/h3>\n\t\t\t<a href=\"https:\/\/ui.benchmarkemail.com\/br\/register\" target=\"_self\" role=\"button\" rel=\"noopener\">\n\t\t\t\t\t\t\tCRIAR CONTA GRATUITA\n\t\t\t\t\t<\/a>\n<h2>\n\t\tSeus Emails Ficar\u00e3o \u00d3timos em Qualquer Dispositivo e Tela\n\t<\/h2>\n\t<p>Com o Editor de Emails da Benchmark voc\u00ea pode criar emails responsivos tendo sempre a experi\u00eancia de seu cliente em mente.<\/p>\n\t\t\t<a href=\"https:\/\/ui.benchmarkemail.com\/br\/register\" target=\"_self\" role=\"button\" rel=\"noopener\">\n\t\t\t\t\t\t\tCOMECE COM UM PLANO GRATUITO\n\t\t\t\t\t<\/a>\n\t\t\t\t<img loading=\"lazy\" decoding=\"async\" src=\"https:\/\/www.benchmarkemail.com\/br\/wp-content\/uploads\/sites\/6\/2020\/09\/mobile_ce0917159bdfe7812f0062790647ba7d.png\" alt=\"mobile_ce0917159bdfe7812f0062790647ba7d\" itemprop=\"image\" height=\"707\" width=\"600\" title=\"mobile_ce0917159bdfe7812f0062790647ba7d\" onerror=\"this.style.display='none'\"  \/>\n\t\t\t\t<img loading=\"lazy\" decoding=\"async\" src=\"https:\/\/www.benchmarkemail.com\/br\/wp-content\/uploads\/sites\/6\/2020\/09\/card_3fa1b2d4f329f38099ae902ed1d2b55f.png\" alt=\"card_3fa1b2d4f329f38099ae902ed1d2b55f\" itemprop=\"image\" height=\"377\" width=\"598\" title=\"card_3fa1b2d4f329f38099ae902ed1d2b55f\" onerror=\"this.style.display='none'\"  \/>\n<h2>\n\t\tMe\u00e7a o Seu Sucesso com Relat\u00f3rios em Tempo Real\n\t<\/h2>\n\t<p>Entenda o que pode tornar suas campanhas melhores e monitore seus resultados n\u00e3o importando onde estiver.<\/p>\n\t\t\t<a href=\"https:\/\/ui.benchmarkemail.com\/br\/register\" target=\"_self\" role=\"button\" rel=\"noopener\">\n\t\t\t\t\t\t\tCOMECE COM UM PLANO GRATUITO\n\t\t\t\t\t<\/a>\n<h5>\n\t\tMAIS DE 300 INTEGRA\u00c7\u00d5ES PARA MAXIMIZAR SEUS RESULTADOS E WORKFLOW\n\t<\/h5>\n\t\t\t\t<img loading=\"lazy\" decoding=\"async\" src=\"https:\/\/www.benchmarkemail.com\/br\/wp-content\/uploads\/sites\/6\/2020\/09\/email-integrations-1_61ac02e3f5f531fe020b63a505ec97eb.jpg\" alt=\"email-integrations-1_61ac02e3f5f531fe020b63a505ec97eb\" itemprop=\"image\" height=\"109\" width=\"826\" title=\"email-integrations-1_61ac02e3f5f531fe020b63a505ec97eb\" onerror=\"this.style.display='none'\"  \/>\n\t\t\t\t<img loading=\"lazy\" decoding=\"async\" src=\"https:\/\/www.benchmarkemail.com\/br\/wp-content\/uploads\/sites\/6\/2020\/09\/email-integrations-2_8f9920039c74e07247aa3c1f51bf5619.jpg\" alt=\"email-integrations-2_8f9920039c74e07247aa3c1f51bf5619\" itemprop=\"image\" height=\"79\" width=\"826\" title=\"email-integrations-2_8f9920039c74e07247aa3c1f51bf5619\" onerror=\"this.style.display='none'\"  \/>\n<h2>\n\t\tComece com um Plano Gratuito\n\t<\/h2>\n\t<p>Adicione quantos contatos desejar e envie at\u00e9 250 emails por m\u00eas gratuitamente. Fa\u00e7a upgrade para um plano premium apenas quando precisar.<\/p>\n\t\t\t<a href=\"https:\/\/ui.benchmarkemail.com\/br\/register\" target=\"_self\" role=\"button\" rel=\"noopener\">\n\t\t\t\t\t\t\tCRIAR CONTA GRATUITA\n\t\t\t\t\t<\/a>\n\t\t\t\t<img decoding=\"async\" src=\"https:\/\/www.benchmarkemail.com\/br\/wp-content\/uploads\/sites\/6\/2020\/02\/marketer.jpg\" alt=\"marketer\" itemprop=\"image\" title=\"marketer\" onerror=\"this.style.display='none'\"  \/>\n","protected":false},"excerpt":{"rendered":"<p>Campanhas de Email Marketing em 15 Minutos Nosso sistema foi pensado para pequenas e m\u00e9dias empresas TEMPLATES DE EMAIL Envie campanhas de email bonitas e responsivas em minutos com templates de email customiz\u00e1veis Se Torne um Pro do Marketing de Automa\u00e7\u00e3o Ganhe tempo e aumente seu faturamento enviando o email certo, para a pessoa certa,&hellip;<\/p>\n","protected":false},"author":3,"featured_media":0,"parent":0,"menu_order":0,"comment_status":"closed","ping_status":"closed","template":"","meta":{"inline_featured_image":false,"footnotes":""},"class_list":["post-13","page","type-page","status-publish","hentry"],"yoast_head":"<!-- This site is optimized with the Yoast SEO plugin v27.5 - https:\/\/yoast.com\/product\/yoast-seo-wordpress\/ -->\n<title>Servi\u00e7os de Email Marketing em Portugu\u00eas - Benchmark Email<\/title>\n<meta name=\"description\" content=\"Plataforma de email marketing completa e f\u00e1cil de usar. Aumente seus leads e gere mais engajamento com Formul\u00e1rios, Automa\u00e7\u00f5es, Landing Pages e mais!\" \/>\n<meta name=\"robots\" content=\"index, follow, max-snippet:-1, max-image-preview:large, max-video-preview:-1\" \/>\n<link rel=\"canonical\" href=\"https:\/\/www.benchmarkemail.com\/br\/home\/\" \/>\n<meta property=\"og:locale\" content=\"en_US\" \/>\n<meta property=\"og:type\" content=\"article\" \/>\n<meta property=\"og:title\" content=\"Servi\u00e7os de Email Marketing em Portugu\u00eas - Benchmark Email\" \/>\n<meta property=\"og:description\" content=\"Plataforma de email marketing com formul\u00e1rios, automa\u00e7\u00f5es e mais.\" \/>\n<meta property=\"og:url\" content=\"https:\/\/www.benchmarkemail.com\/br\/home\/\" \/>\n<meta property=\"og:site_name\" content=\"Benchmark Email em Portugu\u00eas\" \/>\n<meta property=\"article:publisher\" content=\"https:\/\/www.facebook.com\/BenchmarkBR\" \/>\n<meta property=\"article:modified_time\" content=\"2021-02-24T11:24:08+00:00\" \/>\n<meta property=\"og:image\" content=\"https:\/\/www.benchmarkemail.com\/wp-content\/uploads\/2019\/08\/Audi.png\" \/>\n<meta name=\"twitter:card\" content=\"summary_large_image\" \/>\n<meta name=\"twitter:description\" content=\"Plataforma de email marketing completa e f\u00e1cil de usar. Aumente seus leads e gere mais engajamento com Formul\u00e1rios, Automa\u00e7\u00f5es, Landing Pages e mais!\" \/>\n<meta name=\"twitter:image\" content=\"https:\/\/www.benchmarkemail.com\/br\/wp-content\/uploads\/sites\/6\/2021\/02\/Benchmark-Email-Editor.jpg\" \/>\n<meta name=\"twitter:label1\" content=\"Est. reading time\" \/>\n\t<meta name=\"twitter:data1\" content=\"1 minute\" \/>\n<script type=\"application\/ld+json\" class=\"yoast-schema-graph\">{\"@context\":\"https:\\\/\\\/schema.org\",\"@graph\":[{\"@type\":\"WebPage\",\"@id\":\"https:\\\/\\\/www.benchmarkemail.com\\\/br\\\/home\\\/\",\"url\":\"https:\\\/\\\/www.benchmarkemail.com\\\/br\\\/home\\\/\",\"name\":\"Servi\u00e7os de Email Marketing em Portugu\u00eas - Benchmark Email\",\"isPartOf\":{\"@id\":\"https:\\\/\\\/www.benchmarkemail.com\\\/br\\\/#website\"},\"primaryImageOfPage\":{\"@id\":\"https:\\\/\\\/www.benchmarkemail.com\\\/br\\\/home\\\/#primaryimage\"},\"image\":{\"@id\":\"https:\\\/\\\/www.benchmarkemail.com\\\/br\\\/home\\\/#primaryimage\"},\"thumbnailUrl\":\"https:\\\/\\\/www.benchmarkemail.com\\\/wp-content\\\/uploads\\\/2019\\\/08\\\/Audi.png\",\"datePublished\":\"2019-09-13T16:15:14+00:00\",\"dateModified\":\"2021-02-24T11:24:08+00:00\",\"description\":\"Plataforma de email marketing completa e f\u00e1cil de usar. Aumente seus leads e gere mais engajamento com Formul\u00e1rios, Automa\u00e7\u00f5es, Landing Pages e mais!\",\"breadcrumb\":{\"@id\":\"https:\\\/\\\/www.benchmarkemail.com\\\/br\\\/home\\\/#breadcrumb\"},\"inLanguage\":\"en-US\",\"potentialAction\":[{\"@type\":\"ReadAction\",\"target\":[\"https:\\\/\\\/www.benchmarkemail.com\\\/br\\\/home\\\/\"]}]},{\"@type\":\"ImageObject\",\"inLanguage\":\"en-US\",\"@id\":\"https:\\\/\\\/www.benchmarkemail.com\\\/br\\\/home\\\/#primaryimage\",\"url\":\"https:\\\/\\\/www.benchmarkemail.com\\\/wp-content\\\/uploads\\\/2019\\\/08\\\/Audi.png\",\"contentUrl\":\"https:\\\/\\\/www.benchmarkemail.com\\\/wp-content\\\/uploads\\\/2019\\\/08\\\/Audi.png\"},{\"@type\":\"BreadcrumbList\",\"@id\":\"https:\\\/\\\/www.benchmarkemail.com\\\/br\\\/home\\\/#breadcrumb\",\"itemListElement\":[{\"@type\":\"ListItem\",\"position\":1,\"name\":\"Home\",\"item\":\"https:\\\/\\\/www.benchmarkemail.com\\\/br\\\/\"},{\"@type\":\"ListItem\",\"position\":2,\"name\":\"Home\"}]},{\"@type\":\"WebSite\",\"@id\":\"https:\\\/\\\/www.benchmarkemail.com\\\/br\\\/#website\",\"url\":\"https:\\\/\\\/www.benchmarkemail.com\\\/br\\\/\",\"name\":\"Benchmark Email em Portugu\u00eas\",\"description\":\"\",\"publisher\":{\"@id\":\"https:\\\/\\\/www.benchmarkemail.com\\\/br\\\/#organization\"},\"potentialAction\":[{\"@type\":\"SearchAction\",\"target\":{\"@type\":\"EntryPoint\",\"urlTemplate\":\"https:\\\/\\\/www.benchmarkemail.com\\\/br\\\/?s={search_term_string}\"},\"query-input\":{\"@type\":\"PropertyValueSpecification\",\"valueRequired\":true,\"valueName\":\"search_term_string\"}}],\"inLanguage\":\"en-US\"},{\"@type\":\"Organization\",\"@id\":\"https:\\\/\\\/www.benchmarkemail.com\\\/br\\\/#organization\",\"name\":\"Benchmark Internet Group, LLC\",\"url\":\"https:\\\/\\\/www.benchmarkemail.com\\\/br\\\/\",\"logo\":{\"@type\":\"ImageObject\",\"inLanguage\":\"en-US\",\"@id\":\"https:\\\/\\\/www.benchmarkemail.com\\\/br\\\/#\\\/schema\\\/logo\\\/image\\\/\",\"url\":\"https:\\\/\\\/www.benchmarkemail.com\\\/br\\\/wp-content\\\/uploads\\\/sites\\\/6\\\/2019\\\/09\\\/benchmark-logo.svg\",\"contentUrl\":\"https:\\\/\\\/www.benchmarkemail.com\\\/br\\\/wp-content\\\/uploads\\\/sites\\\/6\\\/2019\\\/09\\\/benchmark-logo.svg\",\"width\":1,\"height\":1,\"caption\":\"Benchmark Internet Group, LLC\"},\"image\":{\"@id\":\"https:\\\/\\\/www.benchmarkemail.com\\\/br\\\/#\\\/schema\\\/logo\\\/image\\\/\"},\"sameAs\":[\"https:\\\/\\\/www.facebook.com\\\/BenchmarkBR\"]}]}<\/script>\n<!-- \/ Yoast SEO plugin. -->","yoast_head_json":{"title":"Servi\u00e7os de Email Marketing em Portugu\u00eas - Benchmark Email","description":"Plataforma de email marketing completa e f\u00e1cil de usar. Aumente seus leads e gere mais engajamento com Formul\u00e1rios, Automa\u00e7\u00f5es, Landing Pages e mais!","robots":{"index":"index","follow":"follow","max-snippet":"max-snippet:-1","max-image-preview":"max-image-preview:large","max-video-preview":"max-video-preview:-1"},"canonical":"https:\/\/www.benchmarkemail.com\/br\/home\/","og_locale":"en_US","og_type":"article","og_title":"Servi\u00e7os de Email Marketing em Portugu\u00eas - Benchmark Email","og_description":"Plataforma de email marketing com formul\u00e1rios, automa\u00e7\u00f5es e mais.","og_url":"https:\/\/www.benchmarkemail.com\/br\/home\/","og_site_name":"Benchmark Email em Portugu\u00eas","article_publisher":"https:\/\/www.facebook.com\/BenchmarkBR","article_modified_time":"2021-02-24T11:24:08+00:00","og_image":[{"url":"https:\/\/www.benchmarkemail.com\/wp-content\/uploads\/2019\/08\/Audi.png","type":"","width":"","height":""}],"twitter_card":"summary_large_image","twitter_description":"Plataforma de email marketing completa e f\u00e1cil de usar. Aumente seus leads e gere mais engajamento com Formul\u00e1rios, Automa\u00e7\u00f5es, Landing Pages e mais!","twitter_image":"https:\/\/www.benchmarkemail.com\/br\/wp-content\/uploads\/sites\/6\/2021\/02\/Benchmark-Email-Editor.jpg","twitter_misc":{"Est. reading time":"1 minute"},"schema":{"@context":"https:\/\/schema.org","@graph":[{"@type":"WebPage","@id":"https:\/\/www.benchmarkemail.com\/br\/home\/","url":"https:\/\/www.benchmarkemail.com\/br\/home\/","name":"Servi\u00e7os de Email Marketing em Portugu\u00eas - Benchmark Email","isPartOf":{"@id":"https:\/\/www.benchmarkemail.com\/br\/#website"},"primaryImageOfPage":{"@id":"https:\/\/www.benchmarkemail.com\/br\/home\/#primaryimage"},"image":{"@id":"https:\/\/www.benchmarkemail.com\/br\/home\/#primaryimage"},"thumbnailUrl":"https:\/\/www.benchmarkemail.com\/wp-content\/uploads\/2019\/08\/Audi.png","datePublished":"2019-09-13T16:15:14+00:00","dateModified":"2021-02-24T11:24:08+00:00","description":"Plataforma de email marketing completa e f\u00e1cil de usar. Aumente seus leads e gere mais engajamento com Formul\u00e1rios, Automa\u00e7\u00f5es, Landing Pages e mais!","breadcrumb":{"@id":"https:\/\/www.benchmarkemail.com\/br\/home\/#breadcrumb"},"inLanguage":"en-US","potentialAction":[{"@type":"ReadAction","target":["https:\/\/www.benchmarkemail.com\/br\/home\/"]}]},{"@type":"ImageObject","inLanguage":"en-US","@id":"https:\/\/www.benchmarkemail.com\/br\/home\/#primaryimage","url":"https:\/\/www.benchmarkemail.com\/wp-content\/uploads\/2019\/08\/Audi.png","contentUrl":"https:\/\/www.benchmarkemail.com\/wp-content\/uploads\/2019\/08\/Audi.png"},{"@type":"BreadcrumbList","@id":"https:\/\/www.benchmarkemail.com\/br\/home\/#breadcrumb","itemListElement":[{"@type":"ListItem","position":1,"name":"Home","item":"https:\/\/www.benchmarkemail.com\/br\/"},{"@type":"ListItem","position":2,"name":"Home"}]},{"@type":"WebSite","@id":"https:\/\/www.benchmarkemail.com\/br\/#website","url":"https:\/\/www.benchmarkemail.com\/br\/","name":"Benchmark Email em Portugu\u00eas","description":"","publisher":{"@id":"https:\/\/www.benchmarkemail.com\/br\/#organization"},"potentialAction":[{"@type":"SearchAction","target":{"@type":"EntryPoint","urlTemplate":"https:\/\/www.benchmarkemail.com\/br\/?s={search_term_string}"},"query-input":{"@type":"PropertyValueSpecification","valueRequired":true,"valueName":"search_term_string"}}],"inLanguage":"en-US"},{"@type":"Organization","@id":"https:\/\/www.benchmarkemail.com\/br\/#organization","name":"Benchmark Internet Group, LLC","url":"https:\/\/www.benchmarkemail.com\/br\/","logo":{"@type":"ImageObject","inLanguage":"en-US","@id":"https:\/\/www.benchmarkemail.com\/br\/#\/schema\/logo\/image\/","url":"https:\/\/www.benchmarkemail.com\/br\/wp-content\/uploads\/sites\/6\/2019\/09\/benchmark-logo.svg","contentUrl":"https:\/\/www.benchmarkemail.com\/br\/wp-content\/uploads\/sites\/6\/2019\/09\/benchmark-logo.svg","width":1,"height":1,"caption":"Benchmark Internet Group, LLC"},"image":{"@id":"https:\/\/www.benchmarkemail.com\/br\/#\/schema\/logo\/image\/"},"sameAs":["https:\/\/www.facebook.com\/BenchmarkBR"]}]}},"_links":{"self":[{"href":"https:\/\/www.benchmarkemail.com\/br\/wp-json\/wp\/v2\/pages\/13","targetHints":{"allow":["GET"]}}],"collection":[{"href":"https:\/\/www.benchmarkemail.com\/br\/wp-json\/wp\/v2\/pages"}],"about":[{"href":"https:\/\/www.benchmarkemail.com\/br\/wp-json\/wp\/v2\/types\/page"}],"author":[{"embeddable":true,"href":"https:\/\/www.benchmarkemail.com\/br\/wp-json\/wp\/v2\/users\/3"}],"replies":[{"embeddable":true,"href":"https:\/\/www.benchmarkemail.com\/br\/wp-json\/wp\/v2\/comments?post=13"}],"version-history":[{"count":0,"href":"https:\/\/www.benchmarkemail.com\/br\/wp-json\/wp\/v2\/pages\/13\/revisions"}],"wp:attachment":[{"href":"https:\/\/www.benchmarkemail.com\/br\/wp-json\/wp\/v2\/media?parent=13"}],"curies":[{"name":"wp","href":"https:\/\/api.w.org\/{rel}","templated":true}]}}