{"id":18664,"date":"2020-04-29T15:40:12","date_gmt":"2020-04-29T15:40:12","guid":{"rendered":"https:\/\/benchmarkemail.wpengine.com\/br\/?page_id=18664"},"modified":"2026-03-04T11:55:46","modified_gmt":"2026-03-04T11:55:46","slug":"loja","status":"publish","type":"page","link":"https:\/\/www.benchmarkemail.com\/br\/partners\/integrations\/loja\/","title":{"rendered":"Loja"},"content":{"rendered":"<h1>\n\t\tIntegra\u00e7\u00e3o de Email Marketing para Ecommerces da Loja Integrada com a Benchmark Email\n\t<\/h1>\n<h2>\n\t\tVoc\u00ea gostaria que a lista de clientes de seu ecommerce se mantenha atualizada automaticamente para envio de campanhas de email marketing e newsletters? Com a integra\u00e7\u00e3o da Loja Integrada com a Benchmark Email isso \u00e9 poss\u00edvel!\n\t<\/h2>\n\t<p>O setor de ecommerce no Brasil n\u00e3o para de crescer. Somente em 2020, houve um<a href=\"https:\/\/www.ecommercebrasil.com.br\/noticias\/e-commerce-brasileiro-cresce-dezembro\/\"> crescimento no volume de vendas de quase 74%<\/a> na compara\u00e7\u00e3o com o ano de 2019. J\u00e1 em termos de faturamento, o crescimento foi de quase 84%, quase o dobro quando comparado com o ano anterior.<\/p>\n<p><img loading=\"lazy\" decoding=\"async\" src=\"https:\/\/www.benchmarkemail.com\/br\/wp-content\/uploads\/sites\/6\/2021\/04\/loja-integration@2x-300x150.png\" alt=\"\" width=\"600\" height=\"300\" \/><\/p>\n<p>Com as mudan\u00e7as impostas pela crise causada pelo novo coronav\u00edrus, que restringiu a circula\u00e7\u00e3o de pessoas nas principais cidades do pa\u00eds, a <a href=\"https:\/\/www.sebrae.com.br\/sites\/PortalSebrae\/artigos\/coronavirus-o-impacto-nas-vendas-online,ed84f8e520f71710VgnVCM1000004c00210aRCRD\">procura por compras online<\/a>, que j\u00e1 vinha em franca ascen\u00e7\u00e3o nos \u00faltimos anos, aumentou de forma ainda mais r\u00e1pida e significativa.<\/p>\n<p>Se voc\u00ea trabalha atualmente exclusivamente em lojas f\u00edsicas, est\u00e1 mais do que na hora de trabalhar suas vendas tamb\u00e9m no ambiente online, pois mais do que nunca os clientes brasileiros buscam a comodidade e conforto de fazer suas compras sem precisar sair de casa.<\/p>\n<p>J\u00e1 se o seu caso \u00e9 de uma empresa que vende apenas nas redes sociais ou em marketplaces, abrir seu pr\u00f3prio ecommerce pode fortalecer sua marca, transmitir confian\u00e7a para seu p\u00fablico-alvo e te ajudar a gerar ainda mais vendas. Al\u00e9m disso, tendo sua pr\u00f3pria loja virtual, voc\u00ea se tornar\u00e1 dono de sua pr\u00f3pria base de clientes, podendo nutrir seus leads e transform\u00e1-los em compradores fi\u00e9is de sua marca.<\/p>\n<p><a href=\"https:\/\/lojaintegrada.com.br\/\">A Loja Integrada<\/a>, plataforma de ecommerce que \u00e9 parceira da Benchmark Email h\u00e1 anos, pode ser a ferramenta ideal para voc\u00ea, mesmo que esteja come\u00e7ando no mundo das vendas online ou que j\u00e1 seja um veterano no mundo das lojas virtuais. <\/p>\n<p>Mais de 1 milh\u00e3o de ecommerces j\u00e1 foram criados com a Loja Integrada, e voc\u00ea pode configurar sua loja virtual em apenas cinco passos: basta fazer o seu cadastro, adicionar os seus primeiros produtos, escolher as formas de pagamento que aceitar\u00e1, selecionar as formas de envio e voil\u00e1! Seu site estar\u00e1 no ar e prontinho para voc\u00ea come\u00e7ar a vender.<\/p>\n<p>E o melhor de tudo: al\u00e9m de ter pre\u00e7os super acess\u00edveis, caso voc\u00ea esteja sem grana para investir no in\u00edcio, a Loja Integrada possui um plano gratuito especialmente para quem est\u00e1 come\u00e7ando. Quer coisa melhor do que poder ver seu ecommerce ativo sem precisar pagar nada por isso?<\/p>\n<p>Toda estrat\u00e9gia de vendas de um ecommerce de sucesso precisa obrigatoriamente incluir campanhas de<a href=\"https:\/\/www.benchmarkemail.com\/br\/email-marketing\/\"> email marketing<\/a>. Seus leads e clientes precisam ser levados pelo funil de vendas atrav\u00e9s de automa\u00e7\u00f5es de email, ter contato positivo com sua marca atrav\u00e9s de suas newsletters e saber mais de suas promo\u00e7\u00f5es atrav\u00e9s de landing pages especiais.<\/p>\n<p>Muitas pessoas pensam que o email marketing est\u00e1 morrendo, por\u00e9m os dados mostram exatamente o contr\u00e1rio: atualmente, mais de 3 bilh\u00f5es de pessoas no mundo s\u00e3o usu\u00e1rias ativas de email. O<a href=\"https:\/\/blogs.constantcontact.com\/email-marketing-statistics\/\"> volume de emails<\/a> enviados diariamente no mundo ultrapassa a casa dos 300 bilh\u00f5es. \u00c9 coisa pra caramba, n\u00e3o \u00e9 mesmo?<\/p>\n<p>Falando mais especificamente do email usado para campanhas de marketing,<a href=\"https:\/\/rockcontent.com\/br\/blog\/estatisticas-de-email-marketing\/\"> 93% dos profissionais da \u00e1rea de marketing<\/a> utilizam campanhas de email para promover seu conte\u00fado, e 61% dos consumidores dizem que gostam de receber campanhas promocionais em seus emails. <\/p>\n<p>Se at\u00e9 agora voc\u00ea n\u00e3o est\u00e1 convencido de que deve dedicar seu tempo e aten\u00e7\u00e3o ao email, aqui vai <a href=\"https:\/\/blog.hubspot.com\/marketing\/email-marketing-stats\">a informa\u00e7\u00e3o final<\/a> que te convencer\u00e1 de vez a iniciar imediatamente sua estrat\u00e9gia de email marketing e que far\u00e1 brilhar os seus olhos:<\/p>\n<h3>\n\t\tEstudos indicam que para cada $1 investido em email marketing, \u00e9 poss\u00edvel faturar $38.\n\t<\/h3>\n\t<p>Isso quer dizer que se, por exemplo, voc\u00ea investir apenas R$100 em campanhas de email marketing, voc\u00ea poder\u00e1 receber de volta at\u00e9 R$3.800 em faturamento para o seu neg\u00f3cio.<\/p>\n<p>Nenhum outro canal no meio digital traz um retorno financeiro com t\u00e3o pouco investimento. Todos esses dados deixam clara uma verdade: se voc\u00ea deseja vender online, o email marketing \u00e9 um canal essencial onde sua marca precisa estar presente.<\/p>\n<p>A Benchmark Email \u00e9 a plataforma de email marketing que oferece todos os recursos necess\u00e1rios para voc\u00ea executar sua estrat\u00e9gia de email marketing com rapidez e facilidade, sem que voc\u00ea precise investir muito tempo ou dinheiro para gerar mais vendas para sua Loja.<\/p>\n<p>Veja alguns dos recursos de nossa ferramenta:<\/p>\n<ul>\n<li><a href=\"https:\/\/www.benchmarkemail.com\/br\/features\/email-marketing\/\">Editor de arrastar-e-soltar<\/a><\/li>\n<li><a href=\"https:\/\/www.benchmarkemail.com\/br\/features\/marketing-automation\/\">Automa\u00e7\u00f5es de Email<\/a><\/li>\n<li><a href=\"https:\/\/www.benchmarkemail.com\/br\/features\/marketing-automation\/\">Formul\u00e1rios de Inscri\u00e7\u00e3o<\/a><\/li>\n<li><a href=\"https:\/\/www.benchmarkemail.com\/br\/features\/landing-pages\/\">Landing Pages<\/a><\/li>\n<li><a href=\"https:\/\/www.benchmarkemail.com\/br\/features\/reporting\/\">Relat\u00f3rios de Email<\/a><\/li>\n<li>E muito mais!<\/li>\n<\/ul>\n<p>Com a nossa integra\u00e7\u00e3o com a Loja Integrada, voc\u00ea consegue automatizar sua estrat\u00e9gia de email marketing, ficando com mais tempo para dedicar aos outros importantes aspectos da administra\u00e7\u00e3o e promo\u00e7\u00e3o de seu ecommerce. <\/p>\n<p>N\u00f3s sabemos que a vida de empreendor no Brasil n\u00e3o \u00e9 f\u00e1cil, por isso estamos nessa miss\u00e3o de entregar para voc\u00ea uma ferramenta de email marketing que funciona, sem que voc\u00ea gaste horas de seu dia para rodar campanhas que funcionam. Nossa plataforma \u00e9 t\u00e3o intuitiva e f\u00e1cil de usar que voc\u00ea n\u00e3o precisa ser um designer ou ter experi\u00eancia com email marketing para criar e executar uma estrat\u00e9gia efetiva e gere mais vendas para seu ecommerce!<\/p>\n<h2>\n\t\tA integra\u00e7\u00e3o da Benchmark Email com a Loja Integrada funciona assim:\n\t<\/h2>\n\t<p>Toda vez que um novo cliente se cadastrar em seu ecommerce da Loja Integrada, ele ser\u00e1 automaticamente importado para uma lista de contatos em sua conta da Benchmark chamada de \u201cClientes da Loja Integrada\u201d. Assim, voc\u00ea n\u00e3o precisa ter o trabalho manual de sempre ter que importar manualmente sua lista de contatos.<\/p>\n<p>Por conta dessa sincroniza\u00e7\u00e3o, voc\u00ea pode deixar automa\u00e7\u00f5es configuradas em nossa plataforma para dar as boas-vindas aos novos clientes de seu ecommerce, garantindo a nutri\u00e7\u00e3o de seus leads e levando seus usu\u00e1rios pelo seu funil de vendas, sem perder tempo. Sua lista tamb\u00e9m estar\u00e1 sempre automaticamente atualizada, fazendo com que nenhum de seus clientes fique de fora dos envios de suas campanhas de email.<\/p>\n<p>Voc\u00ea pode ainda usar o Automation Pro para enviar campanhas de email autom\u00e1ticas para seus clientes de acordo com o engajamento deles com seu conte\u00fado ou p\u00e1ginas visitadas em seu site, garantindo que entrar\u00e1 em contato com eles com o conte\u00fado certo, na hora certa, maximizando as chances de converter visitantes em vendas efetivas.<\/p>\n<p>Al\u00e9m disso, voc\u00ea pode usar nosso sistema para criar formul\u00e1rios de inscri\u00e7\u00e3o e hosped\u00e1-los em seu ecommerce, permitindo que visitantes que ainda n\u00e3o estejam prontos para comprar se cadastrem para receber suas newsletters e emails promocionais. Com isso, voc\u00ea pode nutri-los para que eventualmente sejam levados pela jornada de compra de seu site e se tornem seus clientes.<\/p>\n<p>Voc\u00ea tamb\u00e9m poder\u00e1 criar landing pages incr\u00edveis para divulgar promo\u00e7\u00f5es e eventos comemorativos, aumentando a convers\u00e3o de suas campanhas e levando ainda mais visitantes ao seu site, aumentando seu tr\u00e1fego e melhorando suas chances de vendas. Com nosso editor de arrastar e soltar, fica super f\u00e1cil botar sua p\u00e1gina no ar em poucos minutos, mesmo que voc\u00ea n\u00e3o seja um designer.<\/p>\n<h3>\n\t\tVeja os principais benef\u00edcios de utilizar a Benchmark Email em conjunto com a Loja Integrada:\n\t<\/h3>\n\t<ul>\n<li>Sua lista de email marketing estar\u00e1 sempre atualizada, os novos clientes de seu ecommerce sendo automaticamente adicionados a ela\n<\/li>\n<li>Voc\u00ea n\u00e3o precisa pagar taxas adicionais para utilizar a integra\u00e7\u00e3o, j\u00e1 que te oferecemos ela como cortesia<\/li>\n<li>Nossa equipe far\u00e1 a configura\u00e7\u00e3o da integra\u00e7\u00e3o para voc\u00ea, ent\u00e3o isso n\u00e3o tomar\u00e1 nada do seu precioso tempo<\/li>\n<li>A integra\u00e7\u00e3o funciona automaticamente, dia e noite, evitando que voc\u00ea precise fazer manualmente a atualiza\u00e7\u00e3o de sua lista\n<\/li>\n<\/ul>\n<h3>\n\t\tPasso-a-passo de como utilizar a integra\u00e7\u00e3o da Benchmark Email com a Loja Integrada\n\t<\/h3>\n<h4>\n\t\tRequisitos m\u00ednimos:\n\t<\/h4>\n\t<ul>\n<li>Ter um plano <strong>PRO <\/strong>da Loja Integrada<\/li>\n<li>Ter um plano <strong>Premium <\/strong>da Benchmark Email (aqui se enquadram quaisquer de nossos planos pagos)\n<\/li>\n<h4>\n\t\tComo executar a integra\u00e7\u00e3o:\n\t<\/h4>\n\t<ul>\n<li>Entre em sua conta da Loja Integrada;<\/li>\n<li>Siga este <a href=\"https:\/\/ajuda.lojaintegrada.com.br\/pt-BR\/articles\/931152-como-gerar-a-chave-api-e-chave-de-aplicacao-na-minha-loja\">passo-a-passo<\/a> para gerar sua chave API da Loja Integrada;<\/li>\n<li>Com a chave API em m\u00e3os, entre em contato com a equipe da Benchmark via <a href=\"https:\/\/secure.livechatinc.com\/licence\/1067033\/v2\/open_chat.cgi?groups=7\">Chat <\/a>ou atrav\u00e9s do email <a href=\"mailto:suporte@benchmarkemail.wpengine.com\">suporte@benchmarkemail.wpengine.com<\/a> solicitando a integra\u00e7\u00e3o.\n<\/li>\n<\/ul>\n\t\n<strong>Importante<\/strong>! Ao entrar em contato com a equipe da Benchmark Email para criar a integra\u00e7\u00e3o, para agilizar o processo, n\u00e3o se esque\u00e7a de nos enviar seu login da Benchmark Email e a chave API que gerou na Loja Integrada.\n<p>N\u00e3o perca tempo: Se ainda n\u00e3o o tiver feito, <a href=\"https:\/\/ui.benchmarkemail.com\/br\/register\">crie agora mesmo sua conta gratuita<\/a> para testar a plataforma da Benchmark Email e descobrir porque tantos clientes da Loja Integrada confiam em nossa premiada ferramenta de email marketing para crescer seu ecommerce e gerar mais vendas! <\/p>\n\t\t\t\t<img decoding=\"async\" src=\"\/images\/ext\/logo-loja.png\" alt=\"logo-loja.png\" itemprop=\"image\" title=\"logo-loja.png\" onerror=\"this.style.display='none'\"  \/>\n\t\t\t<a href=\"https:\/\/kb.benchmarkemail.com\/br\/integracao-com-loja-integrada\/\" target=\"_self\" role=\"button\" rel=\"noopener\">\n\t\t\t\t\t\t\tTestar Integra\u00e7\u00e3o\n\t\t\t\t\t<\/a>\n","protected":false},"excerpt":{"rendered":"<p>Integra\u00e7\u00e3o de Email Marketing para Ecommerces da Loja Integrada com a Benchmark Email Voc\u00ea gostaria que a lista de clientes de seu ecommerce se mantenha atualizada automaticamente para envio de campanhas de email marketing e newsletters? Com a integra\u00e7\u00e3o da Loja Integrada com a Benchmark Email isso \u00e9 poss\u00edvel! O setor de ecommerce no Brasil&hellip;<\/p>\n","protected":false},"author":7,"featured_media":0,"parent":450,"menu_order":0,"comment_status":"closed","ping_status":"closed","template":"","meta":{"inline_featured_image":false,"footnotes":""},"class_list":["post-18664","page","type-page","status-publish","hentry"],"yoast_head":"<!-- This site is optimized with the Yoast SEO plugin v27.4 - https:\/\/yoast.com\/product\/yoast-seo-wordpress\/ -->\n<title>Integra\u00e7\u00e3o de Email Marketing: Ecommerce Loja Integrada<\/title>\n<meta name=\"description\" content=\"Mantenha sua lista de email marketing atualizada automaticamente na Benchmark Email conforme novos clientes se cadastrarem em seu ecommerce da Loja Integrada.\" \/>\n<meta name=\"robots\" content=\"index, follow, max-snippet:-1, max-image-preview:large, max-video-preview:-1\" \/>\n<link rel=\"canonical\" href=\"https:\/\/www.benchmarkemail.com\/br\/partners\/integrations\/loja\/\" \/>\n<meta property=\"og:locale\" content=\"en_US\" \/>\n<meta property=\"og:type\" content=\"article\" \/>\n<meta property=\"og:title\" content=\"Integra\u00e7\u00e3o de Email Marketing: Ecommerce Loja Integrada\" \/>\n<meta property=\"og:description\" content=\"Mantenha sua lista de email marketing atualizada automaticamente na Benchmark Email conforme novos clientes se cadastrarem em seu ecommerce da Loja Integrada.\" \/>\n<meta property=\"og:url\" content=\"https:\/\/www.benchmarkemail.com\/br\/partners\/integrations\/loja\/\" \/>\n<meta property=\"og:site_name\" content=\"Benchmark Email em Portugu\u00eas\" \/>\n<meta property=\"article:publisher\" content=\"https:\/\/www.facebook.com\/BenchmarkBR\" \/>\n<meta property=\"article:modified_time\" content=\"2026-03-04T11:55:46+00:00\" \/>\n<meta property=\"og:image\" content=\"https:\/\/www.benchmarkemail.com\/br\/wp-content\/uploads\/sites\/6\/2021\/04\/loja-integration@2x-300x150.png\" \/>\n<meta name=\"twitter:card\" content=\"summary_large_image\" \/>\n<meta name=\"twitter:label1\" content=\"Est. reading time\" \/>\n\t<meta name=\"twitter:data1\" content=\"8 minutes\" \/>\n<script type=\"application\/ld+json\" class=\"yoast-schema-graph\">{\"@context\":\"https:\\\/\\\/schema.org\",\"@graph\":[{\"@type\":\"WebPage\",\"@id\":\"https:\\\/\\\/www.benchmarkemail.com\\\/br\\\/partners\\\/integrations\\\/loja\\\/\",\"url\":\"https:\\\/\\\/www.benchmarkemail.com\\\/br\\\/partners\\\/integrations\\\/loja\\\/\",\"name\":\"Integra\u00e7\u00e3o de Email Marketing: Ecommerce Loja Integrada\",\"isPartOf\":{\"@id\":\"https:\\\/\\\/www.benchmarkemail.com\\\/br\\\/#website\"},\"primaryImageOfPage\":{\"@id\":\"https:\\\/\\\/www.benchmarkemail.com\\\/br\\\/partners\\\/integrations\\\/loja\\\/#primaryimage\"},\"image\":{\"@id\":\"https:\\\/\\\/www.benchmarkemail.com\\\/br\\\/partners\\\/integrations\\\/loja\\\/#primaryimage\"},\"thumbnailUrl\":\"https:\\\/\\\/www.benchmarkemail.com\\\/br\\\/wp-content\\\/uploads\\\/sites\\\/6\\\/2021\\\/04\\\/loja-integration@2x-300x150.png\",\"datePublished\":\"2020-04-29T15:40:12+00:00\",\"dateModified\":\"2026-03-04T11:55:46+00:00\",\"description\":\"Mantenha sua lista de email marketing atualizada automaticamente na Benchmark Email conforme novos clientes se cadastrarem em seu ecommerce da Loja Integrada.\",\"breadcrumb\":{\"@id\":\"https:\\\/\\\/www.benchmarkemail.com\\\/br\\\/partners\\\/integrations\\\/loja\\\/#breadcrumb\"},\"inLanguage\":\"en-US\",\"potentialAction\":[{\"@type\":\"ReadAction\",\"target\":[\"https:\\\/\\\/www.benchmarkemail.com\\\/br\\\/partners\\\/integrations\\\/loja\\\/\"]}]},{\"@type\":\"ImageObject\",\"inLanguage\":\"en-US\",\"@id\":\"https:\\\/\\\/www.benchmarkemail.com\\\/br\\\/partners\\\/integrations\\\/loja\\\/#primaryimage\",\"url\":\"https:\\\/\\\/www.benchmarkemail.com\\\/br\\\/wp-content\\\/uploads\\\/sites\\\/6\\\/2021\\\/04\\\/loja-integration@2x.png\",\"contentUrl\":\"https:\\\/\\\/www.benchmarkemail.com\\\/br\\\/wp-content\\\/uploads\\\/sites\\\/6\\\/2021\\\/04\\\/loja-integration@2x.png\",\"width\":1600,\"height\":800},{\"@type\":\"BreadcrumbList\",\"@id\":\"https:\\\/\\\/www.benchmarkemail.com\\\/br\\\/partners\\\/integrations\\\/loja\\\/#breadcrumb\",\"itemListElement\":[{\"@type\":\"ListItem\",\"position\":1,\"name\":\"Home\",\"item\":\"https:\\\/\\\/www.benchmarkemail.com\\\/br\\\/\"},{\"@type\":\"ListItem\",\"position\":2,\"name\":\"Partners\",\"item\":\"https:\\\/\\\/www.benchmarkemail.com\\\/br\\\/partners\\\/\"},{\"@type\":\"ListItem\",\"position\":3,\"name\":\"Integration Partners\",\"item\":\"https:\\\/\\\/www.benchmarkemail.com\\\/br\\\/partners\\\/integrations\\\/\"},{\"@type\":\"ListItem\",\"position\":4,\"name\":\"Loja\"}]},{\"@type\":\"WebSite\",\"@id\":\"https:\\\/\\\/www.benchmarkemail.com\\\/br\\\/#website\",\"url\":\"https:\\\/\\\/www.benchmarkemail.com\\\/br\\\/\",\"name\":\"Benchmark Email em Portugu\u00eas\",\"description\":\"\",\"publisher\":{\"@id\":\"https:\\\/\\\/www.benchmarkemail.com\\\/br\\\/#organization\"},\"potentialAction\":[{\"@type\":\"SearchAction\",\"target\":{\"@type\":\"EntryPoint\",\"urlTemplate\":\"https:\\\/\\\/www.benchmarkemail.com\\\/br\\\/?s={search_term_string}\"},\"query-input\":{\"@type\":\"PropertyValueSpecification\",\"valueRequired\":true,\"valueName\":\"search_term_string\"}}],\"inLanguage\":\"en-US\"},{\"@type\":\"Organization\",\"@id\":\"https:\\\/\\\/www.benchmarkemail.com\\\/br\\\/#organization\",\"name\":\"Benchmark Internet Group, LLC\",\"url\":\"https:\\\/\\\/www.benchmarkemail.com\\\/br\\\/\",\"logo\":{\"@type\":\"ImageObject\",\"inLanguage\":\"en-US\",\"@id\":\"https:\\\/\\\/www.benchmarkemail.com\\\/br\\\/#\\\/schema\\\/logo\\\/image\\\/\",\"url\":\"https:\\\/\\\/www.benchmarkemail.com\\\/br\\\/wp-content\\\/uploads\\\/sites\\\/6\\\/2019\\\/09\\\/benchmark-logo.svg\",\"contentUrl\":\"https:\\\/\\\/www.benchmarkemail.com\\\/br\\\/wp-content\\\/uploads\\\/sites\\\/6\\\/2019\\\/09\\\/benchmark-logo.svg\",\"width\":1,\"height\":1,\"caption\":\"Benchmark Internet Group, LLC\"},\"image\":{\"@id\":\"https:\\\/\\\/www.benchmarkemail.com\\\/br\\\/#\\\/schema\\\/logo\\\/image\\\/\"},\"sameAs\":[\"https:\\\/\\\/www.facebook.com\\\/BenchmarkBR\"]}]}<\/script>\n<!-- \/ Yoast SEO plugin. -->","yoast_head_json":{"title":"Integra\u00e7\u00e3o de Email Marketing: Ecommerce Loja Integrada","description":"Mantenha sua lista de email marketing atualizada automaticamente na Benchmark Email conforme novos clientes se cadastrarem em seu ecommerce da Loja Integrada.","robots":{"index":"index","follow":"follow","max-snippet":"max-snippet:-1","max-image-preview":"max-image-preview:large","max-video-preview":"max-video-preview:-1"},"canonical":"https:\/\/www.benchmarkemail.com\/br\/partners\/integrations\/loja\/","og_locale":"en_US","og_type":"article","og_title":"Integra\u00e7\u00e3o de Email Marketing: Ecommerce Loja Integrada","og_description":"Mantenha sua lista de email marketing atualizada automaticamente na Benchmark Email conforme novos clientes se cadastrarem em seu ecommerce da Loja Integrada.","og_url":"https:\/\/www.benchmarkemail.com\/br\/partners\/integrations\/loja\/","og_site_name":"Benchmark Email em Portugu\u00eas","article_publisher":"https:\/\/www.facebook.com\/BenchmarkBR","article_modified_time":"2026-03-04T11:55:46+00:00","og_image":[{"url":"https:\/\/www.benchmarkemail.com\/br\/wp-content\/uploads\/sites\/6\/2021\/04\/loja-integration@2x-300x150.png","type":"","width":"","height":""}],"twitter_card":"summary_large_image","twitter_misc":{"Est. reading time":"8 minutes"},"schema":{"@context":"https:\/\/schema.org","@graph":[{"@type":"WebPage","@id":"https:\/\/www.benchmarkemail.com\/br\/partners\/integrations\/loja\/","url":"https:\/\/www.benchmarkemail.com\/br\/partners\/integrations\/loja\/","name":"Integra\u00e7\u00e3o de Email Marketing: Ecommerce Loja Integrada","isPartOf":{"@id":"https:\/\/www.benchmarkemail.com\/br\/#website"},"primaryImageOfPage":{"@id":"https:\/\/www.benchmarkemail.com\/br\/partners\/integrations\/loja\/#primaryimage"},"image":{"@id":"https:\/\/www.benchmarkemail.com\/br\/partners\/integrations\/loja\/#primaryimage"},"thumbnailUrl":"https:\/\/www.benchmarkemail.com\/br\/wp-content\/uploads\/sites\/6\/2021\/04\/loja-integration@2x-300x150.png","datePublished":"2020-04-29T15:40:12+00:00","dateModified":"2026-03-04T11:55:46+00:00","description":"Mantenha sua lista de email marketing atualizada automaticamente na Benchmark Email conforme novos clientes se cadastrarem em seu ecommerce da Loja Integrada.","breadcrumb":{"@id":"https:\/\/www.benchmarkemail.com\/br\/partners\/integrations\/loja\/#breadcrumb"},"inLanguage":"en-US","potentialAction":[{"@type":"ReadAction","target":["https:\/\/www.benchmarkemail.com\/br\/partners\/integrations\/loja\/"]}]},{"@type":"ImageObject","inLanguage":"en-US","@id":"https:\/\/www.benchmarkemail.com\/br\/partners\/integrations\/loja\/#primaryimage","url":"https:\/\/www.benchmarkemail.com\/br\/wp-content\/uploads\/sites\/6\/2021\/04\/loja-integration@2x.png","contentUrl":"https:\/\/www.benchmarkemail.com\/br\/wp-content\/uploads\/sites\/6\/2021\/04\/loja-integration@2x.png","width":1600,"height":800},{"@type":"BreadcrumbList","@id":"https:\/\/www.benchmarkemail.com\/br\/partners\/integrations\/loja\/#breadcrumb","itemListElement":[{"@type":"ListItem","position":1,"name":"Home","item":"https:\/\/www.benchmarkemail.com\/br\/"},{"@type":"ListItem","position":2,"name":"Partners","item":"https:\/\/www.benchmarkemail.com\/br\/partners\/"},{"@type":"ListItem","position":3,"name":"Integration Partners","item":"https:\/\/www.benchmarkemail.com\/br\/partners\/integrations\/"},{"@type":"ListItem","position":4,"name":"Loja"}]},{"@type":"WebSite","@id":"https:\/\/www.benchmarkemail.com\/br\/#website","url":"https:\/\/www.benchmarkemail.com\/br\/","name":"Benchmark Email em Portugu\u00eas","description":"","publisher":{"@id":"https:\/\/www.benchmarkemail.com\/br\/#organization"},"potentialAction":[{"@type":"SearchAction","target":{"@type":"EntryPoint","urlTemplate":"https:\/\/www.benchmarkemail.com\/br\/?s={search_term_string}"},"query-input":{"@type":"PropertyValueSpecification","valueRequired":true,"valueName":"search_term_string"}}],"inLanguage":"en-US"},{"@type":"Organization","@id":"https:\/\/www.benchmarkemail.com\/br\/#organization","name":"Benchmark Internet Group, LLC","url":"https:\/\/www.benchmarkemail.com\/br\/","logo":{"@type":"ImageObject","inLanguage":"en-US","@id":"https:\/\/www.benchmarkemail.com\/br\/#\/schema\/logo\/image\/","url":"https:\/\/www.benchmarkemail.com\/br\/wp-content\/uploads\/sites\/6\/2019\/09\/benchmark-logo.svg","contentUrl":"https:\/\/www.benchmarkemail.com\/br\/wp-content\/uploads\/sites\/6\/2019\/09\/benchmark-logo.svg","width":1,"height":1,"caption":"Benchmark Internet Group, LLC"},"image":{"@id":"https:\/\/www.benchmarkemail.com\/br\/#\/schema\/logo\/image\/"},"sameAs":["https:\/\/www.facebook.com\/BenchmarkBR"]}]}},"_links":{"self":[{"href":"https:\/\/www.benchmarkemail.com\/br\/wp-json\/wp\/v2\/pages\/18664","targetHints":{"allow":["GET"]}}],"collection":[{"href":"https:\/\/www.benchmarkemail.com\/br\/wp-json\/wp\/v2\/pages"}],"about":[{"href":"https:\/\/www.benchmarkemail.com\/br\/wp-json\/wp\/v2\/types\/page"}],"author":[{"embeddable":true,"href":"https:\/\/www.benchmarkemail.com\/br\/wp-json\/wp\/v2\/users\/7"}],"replies":[{"embeddable":true,"href":"https:\/\/www.benchmarkemail.com\/br\/wp-json\/wp\/v2\/comments?post=18664"}],"version-history":[{"count":0,"href":"https:\/\/www.benchmarkemail.com\/br\/wp-json\/wp\/v2\/pages\/18664\/revisions"}],"up":[{"embeddable":true,"href":"https:\/\/www.benchmarkemail.com\/br\/wp-json\/wp\/v2\/pages\/450"}],"wp:attachment":[{"href":"https:\/\/www.benchmarkemail.com\/br\/wp-json\/wp\/v2\/media?parent=18664"}],"curies":[{"name":"wp","href":"https:\/\/api.w.org\/{rel}","templated":true}]}}