{"id":26009,"date":"2022-04-20T16:10:12","date_gmt":"2022-04-20T16:10:12","guid":{"rendered":"https:\/\/benchmarkemail.wpengine.com\/br\/?page_id=26009"},"modified":"2023-09-14T17:45:02","modified_gmt":"2023-09-14T17:45:02","slug":"home-new","status":"publish","type":"page","link":"https:\/\/www.benchmarkemail.com\/br\/home-new\/","title":{"rendered":"Home new"},"content":{"rendered":"\n<h1>\n\t\tEnvie emails de maneira simples e r\u00e1pida.\n\t<\/h1>\n\t<p>A Benchmark Email \u00e9 uma ferramenta de Email Marketing f\u00e1cil de usar, pensada para pequenas e m\u00e9dias empresas.<\/p>\n\t<form method=\"get\" action=\"https:\/\/ui.benchmarkemail.com\/br\/register\">\n    <input type=\"text\"  placeholder=\"Seu endere\u00e7o de email\"  name=\"frm_email\"\/>\n    <button type=\"submit\">CRIAR CONTA GRATUITA<\/button>\n<\/form>\n<!--form 1 end-->\n\t<p>Gr\u00e1tis para sempre. N\u00e3o pediremos seu cart\u00e3o de cr\u00e9dito.<\/p>\n\t<video width=\"720\" height=\"475\" autoplay muted loop=\"3\">\n  <source src=\"https:\/\/www.benchmarkemail.com\/video\/BR\/BR.mp4\" type=\"video\/mp4\"\/>\nYour browser does not support the video tag.\n<\/video> \n\t\t\t\t<img loading=\"lazy\" decoding=\"async\" src=\"https:\/\/www.benchmarkemail.com\/br\/wp-content\/uploads\/sites\/6\/2023\/09\/EmailDeliverability_BestMeetsRequirements_MeetsRequirements.png\" alt=\"EmailDeliverability_BestMeetsRequirements_MeetsRequirements\" itemprop=\"image\" height=\"1000\" width=\"770\" title=\"EmailDeliverability_BestMeetsRequirements_MeetsRequirements\" onerror=\"this.style.display='none'\"  \/>\n\t\t\t\t<img loading=\"lazy\" decoding=\"async\" src=\"https:\/\/www.benchmarkemail.com\/br\/wp-content\/uploads\/sites\/6\/2023\/09\/EmailDeliverability_EasiestToUse_Small-Business_EaseOfUse.png\" alt=\"EmailDeliverability_EasiestToUse_Small-Business_EaseOfUse\" itemprop=\"image\" height=\"1000\" width=\"770\" title=\"EmailDeliverability_EasiestToUse_Small-Business_EaseOfUse\" onerror=\"this.style.display='none'\"  \/>\n\t\t\t\t<img loading=\"lazy\" decoding=\"async\" src=\"https:\/\/www.benchmarkemail.com\/br\/wp-content\/uploads\/sites\/6\/2023\/09\/EmailDeliverability_Leader_Leader-231x300-1.png\" alt=\"EmailDeliverability_Leader_Leader-231x300\" itemprop=\"image\" height=\"300\" width=\"231\" title=\"EmailDeliverability_Leader_Leader-231x300\" onerror=\"this.style.display='none'\"  \/>\n\t\t\t\t<img loading=\"lazy\" decoding=\"async\" src=\"https:\/\/www.benchmarkemail.com\/br\/wp-content\/uploads\/sites\/6\/2023\/09\/EmailDeliverability_EasiestToUse_EaseOfUse.png\" alt=\"EmailDeliverability_EasiestToUse_EaseOfUse\" itemprop=\"image\" height=\"1000\" width=\"770\" title=\"EmailDeliverability_EasiestToUse_EaseOfUse\" onerror=\"this.style.display='none'\"  \/>\n\t\t\t\t<img loading=\"lazy\" decoding=\"async\" src=\"https:\/\/www.benchmarkemail.com\/br\/wp-content\/uploads\/sites\/6\/2023\/09\/user-love-us-g2.webp\" alt=\"user-love-us-g2\" itemprop=\"image\" height=\"1000\" width=\"769\" title=\"user-love-us-g2\" onerror=\"this.style.display='none'\"  \/>\n\t\t\t\t<img loading=\"lazy\" decoding=\"async\" src=\"https:\/\/www.benchmarkemail.com\/br\/wp-content\/uploads\/sites\/6\/2022\/08\/sell-more.webp\" alt=\"sell-more\" itemprop=\"image\" height=\"1432\" width=\"1292\" title=\"sell-more\" onerror=\"this.style.display='none'\"  \/>\n<h3>\n\t\tVenda Mais\n\t<\/h3>\n\t<p>Mostre seus produtos para seus clientes e venda de maneira recorrente.<\/p>\n\t<p>Os emails criados na nossa plataforma s\u00e3o responsivos e f\u00e1ceis de serem editados. Impressione seus clientes com campanhas incr\u00edveis!<\/p>\n\t\t\t<a href=\"\/br\/features\/email-builder\/\" target=\"_self\" rel=\"noopener\">\n\t\t\t\t\t\t\tSaiba Mais\n\t\t\t\t\t<\/a>\n<h3>\n\t\tTemplates de Email\n\t<\/h3>\n\t<p>para todas as ocasi\u00f5es<\/p>\n\t<p>[tabHTML]<\/p>\n\t\t\t<a href=\"\/br\/resources\/free-html-email-templates\/\" target=\"_self\" rel=\"noopener\">\n\t\t\t\t\t\t\tEXPLORAR TODOS OS TEMPLATES\n\t\t\t\t\t<\/a>\n\t\t\t\t<img loading=\"lazy\" decoding=\"async\" src=\"https:\/\/www.benchmarkemail.com\/br\/wp-content\/uploads\/sites\/6\/2022\/08\/Attract-more-1536x1173-1.webp\" alt=\"Attract-more-1536x1173\" itemprop=\"image\" height=\"1173\" width=\"1536\" title=\"Attract-more-1536x1173\" onerror=\"this.style.display='none'\"  \/>\n<h3>\n\t\tGera\u00e7\u00e3o de Leads\n\t<\/h3>\n\t<p>Alcance novos p\u00fablicos com formul\u00e1rios, pop-ups de inscri\u00e7\u00e3o e landing pages.<\/p>\n\t\t\t<a href=\"\/br\/features\/lead-generation\/\" target=\"_self\" rel=\"noopener\">\n\t\t\t\t\t\t\tSaiba Mais\n\t\t\t\t\t<\/a>\n\t<p>Ou fa\u00e7a uma integra\u00e7\u00e3o com suas ferramentas de marketing e vendas favoritas.<\/p>\n\t<p>Adicione rapidamente os contatos de suas plataformas preferidas na Benchmark Email. N\u00e3o deixe nenhum contato de fora de sua estrat\u00e9gia de email marketing.<\/p>\n\t\t\t<a href=\"\/br\/features\/integrations\/\" target=\"_self\" rel=\"noopener\">\n\t\t\t\t\t\t\tSaiba Mais\n\t\t\t\t\t<\/a>\n<a href=\"\/features\/integrations\/google-sheets\"><img decoding=\"async\" src=\"\/wp-content\/uploads\/2022\/03\/google-sheets.png\"\/><\/a>\n<a href=\"\/features\/integrations\/shopify\"><img decoding=\"async\" src=\"\/wp-content\/uploads\/2022\/03\/shopify.png\"   alt=\"Shopify\"\/><\/a>\n<a href=\"\/features\/integrations\/zapier\"><img decoding=\"async\" src=\"\/wp-content\/uploads\/2022\/03\/zapier.png\" alt=\"zapier\"\/><\/a>\n<a href=\"\/features\/integrations\/slack\"><img decoding=\"async\" src=\"\/wp-content\/uploads\/2022\/03\/slack.png\"  alt=\"slack\"\/><\/a>\n<a href=\"\/features\/integrations\/linkedin\/\"><img decoding=\"async\" src=\"\/wp-content\/uploads\/2022\/03\/linkedin.png\" alt=\"LinkedIn\"\/><\/a>\n<a href=\"\/features\/integrations\/zoho\"><img decoding=\"async\" src=\"\/wp-content\/uploads\/2022\/03\/zoho.png\" alt=\"zoho\"\/><\/a>\n<h3>\n\t\tPersonalize Seu Conte\u00fado\n\t<\/h3>\n\t<p>Automa\u00e7\u00e3o de Marketing para melhorar seus resultados.<\/p>\n\t<p>Cada cliente \u00e9 \u00fanico, e a automa\u00e7\u00e3o de marketing faz com que seu conte\u00fado seja relevante para eles de forma individual. Aumente suas vendas e convers\u00f5es atrav\u00e9s de automa\u00e7\u00f5es simples e avan\u00e7adas.<\/p>\n\t\t\t<a href=\"\/br\/features\/marketing-automation\/\" target=\"_self\" rel=\"noopener\">\n\t\t\t\t\t\t\tSaiba Mais\n\t\t\t\t\t<\/a>\n\t\t\t\t<img loading=\"lazy\" decoding=\"async\" src=\"https:\/\/www.benchmarkemail.com\/br\/wp-content\/uploads\/sites\/6\/2022\/08\/email-automation-personal.webp\" alt=\"email-automation-personal\" itemprop=\"image\" height=\"1360\" width=\"1302\" title=\"email-automation-personal\" onerror=\"this.style.display='none'\"  \/>\n<h3>\n\t\tRelat\u00f3rios Completos\n\t<\/h3>\n\t<p>Voc\u00ea n\u00e3o precisa mais tentar adivinhar.<\/p>\n\t<p>Nossos relat\u00f3rios te mostram claramente os resultados de cada campanha de email marketing que voc\u00ea enviar. Aberturas, cliques, mapa de calor e muito mais.<\/p>\n\t\t\t<a href=\"\/br\/features\/reporting\/\" target=\"_self\" rel=\"noopener\">\n\t\t\t\t\t\t\tSaiba Mais\n\t\t\t\t\t<\/a>\n\t\t\t\t<img loading=\"lazy\" decoding=\"async\" src=\"https:\/\/www.benchmarkemail.com\/br\/wp-content\/uploads\/sites\/6\/2022\/08\/reports-1536x1054-1.webp\" alt=\"reports-1536x1054\" itemprop=\"image\" height=\"1054\" width=\"1536\" title=\"reports-1536x1054\" onerror=\"this.style.display='none'\"  \/>\n\t<p>[reviewHTML]<\/p>\n<h3>\n\t\tGr\u00e1tis para sempre. N\u00e3o pediremos seu cart\u00e3o de cr\u00e9dito. \u270c\ufe0f\n\t<\/h3>\n\t<form method=\"get\" action=\"https:\/\/ui.benchmarkemail.com\/register\">\n    <h3>Crie sua Conta Gratuita<\/h3>\n    <label>Nome<\/label>\n    <input type=\"text\"  placeholder=\"\" id=\"frm_first_name\" name=\"frm_fname\"\/>\n    <label>Sobrenome<\/label>\n    <input type=\"text\" placeholder=\"\" id=\"frm_last_name\" name=\"frm_lname\"\/>\n    <label>Endere\u00e7o de Email<\/label>\n   <input type=\"text\" placeholder=\"\" id=\"frm_email_new\" name=\"frm_email\"\/>\n    <input type=\"button\" value=\"CRIAR CONTA\" id=\"frm_submit_new\"\/>\n<\/form>\n\t<p><strong>Blogs Recentes<\/strong>:<\/p>\n\n","protected":false},"excerpt":{"rendered":"<p>Envie emails de maneira simples e r\u00e1pida. A Benchmark Email \u00e9 uma ferramenta de Email Marketing f\u00e1cil de usar, pensada para pequenas e m\u00e9dias empresas. CRIAR CONTA GRATUITA Gr\u00e1tis para sempre. N\u00e3o pediremos seu cart\u00e3o de cr\u00e9dito. Your browser does not support the video tag. Venda Mais Mostre seus produtos para seus clientes e venda&hellip;<\/p>\n","protected":false},"author":7,"featured_media":0,"parent":0,"menu_order":0,"comment_status":"closed","ping_status":"closed","template":"","meta":{"inline_featured_image":false,"footnotes":""},"class_list":["post-26009","page","type-page","status-publish","hentry"],"yoast_head":"<!-- This site is optimized with the Yoast SEO plugin v27.5 - https:\/\/yoast.com\/product\/yoast-seo-wordpress\/ -->\n<title>Servi\u00e7os de Email Marketing em Portugu\u00eas - Benchmark Email<\/title>\n<meta name=\"description\" content=\"Plataforma de email marketing completa e f\u00e1cil de usar. Aumente seus leads e gere mais engajamento com Formul\u00e1rios, Automa\u00e7\u00f5es, Landing Pages e mais!\" \/>\n<meta name=\"robots\" content=\"index, follow, max-snippet:-1, max-image-preview:large, max-video-preview:-1\" \/>\n<link rel=\"canonical\" href=\"https:\/\/www.benchmarkemail.com\/br\/home-new\/\" \/>\n<meta property=\"og:locale\" content=\"en_US\" \/>\n<meta property=\"og:type\" content=\"article\" \/>\n<meta property=\"og:title\" content=\"Servi\u00e7os de Email Marketing em Portugu\u00eas - Benchmark Email\" \/>\n<meta property=\"og:description\" content=\"Plataforma de email marketing com formul\u00e1rios, automa\u00e7\u00f5es e mais.\" \/>\n<meta property=\"og:url\" content=\"https:\/\/www.benchmarkemail.com\/br\/home-new\/\" \/>\n<meta property=\"og:site_name\" content=\"Benchmark Email em Portugu\u00eas\" \/>\n<meta property=\"article:publisher\" content=\"https:\/\/www.facebook.com\/BenchmarkBR\" \/>\n<meta property=\"article:modified_time\" content=\"2023-09-14T17:45:02+00:00\" \/>\n<meta property=\"og:image\" content=\"https:\/\/www.benchmarkemail.com\/br\/wp-content\/uploads\/sites\/6\/2023\/09\/EmailDeliverability_BestMeetsRequirements_MeetsRequirements.png\" \/>\n<meta name=\"twitter:card\" content=\"summary_large_image\" \/>\n<meta name=\"twitter:description\" content=\"Plataforma de email marketing completa e f\u00e1cil de usar. Aumente seus leads e gere mais engajamento com Formul\u00e1rios, Automa\u00e7\u00f5es, Landing Pages e mais!\" \/>\n<meta name=\"twitter:image\" content=\"https:\/\/www.benchmarkemail.com\/br\/wp-content\/uploads\/sites\/6\/2021\/02\/Benchmark-Email-Editor.jpg\" \/>\n<meta name=\"twitter:label1\" content=\"Est. reading time\" \/>\n\t<meta name=\"twitter:data1\" content=\"6 minutes\" \/>\n<script type=\"application\/ld+json\" class=\"yoast-schema-graph\">{\"@context\":\"https:\\\/\\\/schema.org\",\"@graph\":[{\"@type\":\"WebPage\",\"@id\":\"https:\\\/\\\/www.benchmarkemail.com\\\/br\\\/home-new\\\/\",\"url\":\"https:\\\/\\\/www.benchmarkemail.com\\\/br\\\/home-new\\\/\",\"name\":\"Servi\u00e7os de Email Marketing em Portugu\u00eas - Benchmark Email\",\"isPartOf\":{\"@id\":\"https:\\\/\\\/www.benchmarkemail.com\\\/br\\\/#website\"},\"primaryImageOfPage\":{\"@id\":\"https:\\\/\\\/www.benchmarkemail.com\\\/br\\\/home-new\\\/#primaryimage\"},\"image\":{\"@id\":\"https:\\\/\\\/www.benchmarkemail.com\\\/br\\\/home-new\\\/#primaryimage\"},\"thumbnailUrl\":\"https:\\\/\\\/www.benchmarkemail.com\\\/br\\\/wp-content\\\/uploads\\\/sites\\\/6\\\/2023\\\/09\\\/EmailDeliverability_BestMeetsRequirements_MeetsRequirements.png\",\"datePublished\":\"2022-04-20T16:10:12+00:00\",\"dateModified\":\"2023-09-14T17:45:02+00:00\",\"description\":\"Plataforma de email marketing completa e f\u00e1cil de usar. Aumente seus leads e gere mais engajamento com Formul\u00e1rios, Automa\u00e7\u00f5es, Landing Pages e mais!\",\"breadcrumb\":{\"@id\":\"https:\\\/\\\/www.benchmarkemail.com\\\/br\\\/home-new\\\/#breadcrumb\"},\"inLanguage\":\"en-US\",\"potentialAction\":[{\"@type\":\"ReadAction\",\"target\":[\"https:\\\/\\\/www.benchmarkemail.com\\\/br\\\/home-new\\\/\"]}]},{\"@type\":\"ImageObject\",\"inLanguage\":\"en-US\",\"@id\":\"https:\\\/\\\/www.benchmarkemail.com\\\/br\\\/home-new\\\/#primaryimage\",\"url\":\"https:\\\/\\\/www.benchmarkemail.com\\\/br\\\/wp-content\\\/uploads\\\/sites\\\/6\\\/2023\\\/09\\\/EmailDeliverability_BestMeetsRequirements_MeetsRequirements.png\",\"contentUrl\":\"https:\\\/\\\/www.benchmarkemail.com\\\/br\\\/wp-content\\\/uploads\\\/sites\\\/6\\\/2023\\\/09\\\/EmailDeliverability_BestMeetsRequirements_MeetsRequirements.png\",\"width\":770,\"height\":1000},{\"@type\":\"BreadcrumbList\",\"@id\":\"https:\\\/\\\/www.benchmarkemail.com\\\/br\\\/home-new\\\/#breadcrumb\",\"itemListElement\":[{\"@type\":\"ListItem\",\"position\":1,\"name\":\"Home\",\"item\":\"https:\\\/\\\/www.benchmarkemail.com\\\/br\\\/\"},{\"@type\":\"ListItem\",\"position\":2,\"name\":\"Home new\"}]},{\"@type\":\"WebSite\",\"@id\":\"https:\\\/\\\/www.benchmarkemail.com\\\/br\\\/#website\",\"url\":\"https:\\\/\\\/www.benchmarkemail.com\\\/br\\\/\",\"name\":\"Benchmark Email em Portugu\u00eas\",\"description\":\"\",\"publisher\":{\"@id\":\"https:\\\/\\\/www.benchmarkemail.com\\\/br\\\/#organization\"},\"potentialAction\":[{\"@type\":\"SearchAction\",\"target\":{\"@type\":\"EntryPoint\",\"urlTemplate\":\"https:\\\/\\\/www.benchmarkemail.com\\\/br\\\/?s={search_term_string}\"},\"query-input\":{\"@type\":\"PropertyValueSpecification\",\"valueRequired\":true,\"valueName\":\"search_term_string\"}}],\"inLanguage\":\"en-US\"},{\"@type\":\"Organization\",\"@id\":\"https:\\\/\\\/www.benchmarkemail.com\\\/br\\\/#organization\",\"name\":\"Benchmark Internet Group, LLC\",\"url\":\"https:\\\/\\\/www.benchmarkemail.com\\\/br\\\/\",\"logo\":{\"@type\":\"ImageObject\",\"inLanguage\":\"en-US\",\"@id\":\"https:\\\/\\\/www.benchmarkemail.com\\\/br\\\/#\\\/schema\\\/logo\\\/image\\\/\",\"url\":\"https:\\\/\\\/www.benchmarkemail.com\\\/br\\\/wp-content\\\/uploads\\\/sites\\\/6\\\/2019\\\/09\\\/benchmark-logo.svg\",\"contentUrl\":\"https:\\\/\\\/www.benchmarkemail.com\\\/br\\\/wp-content\\\/uploads\\\/sites\\\/6\\\/2019\\\/09\\\/benchmark-logo.svg\",\"width\":1,\"height\":1,\"caption\":\"Benchmark Internet Group, LLC\"},\"image\":{\"@id\":\"https:\\\/\\\/www.benchmarkemail.com\\\/br\\\/#\\\/schema\\\/logo\\\/image\\\/\"},\"sameAs\":[\"https:\\\/\\\/www.facebook.com\\\/BenchmarkBR\"]}]}<\/script>\n<!-- \/ Yoast SEO plugin. -->","yoast_head_json":{"title":"Servi\u00e7os de Email Marketing em Portugu\u00eas - Benchmark Email","description":"Plataforma de email marketing completa e f\u00e1cil de usar. Aumente seus leads e gere mais engajamento com Formul\u00e1rios, Automa\u00e7\u00f5es, Landing Pages e mais!","robots":{"index":"index","follow":"follow","max-snippet":"max-snippet:-1","max-image-preview":"max-image-preview:large","max-video-preview":"max-video-preview:-1"},"canonical":"https:\/\/www.benchmarkemail.com\/br\/home-new\/","og_locale":"en_US","og_type":"article","og_title":"Servi\u00e7os de Email Marketing em Portugu\u00eas - Benchmark Email","og_description":"Plataforma de email marketing com formul\u00e1rios, automa\u00e7\u00f5es e mais.","og_url":"https:\/\/www.benchmarkemail.com\/br\/home-new\/","og_site_name":"Benchmark Email em Portugu\u00eas","article_publisher":"https:\/\/www.facebook.com\/BenchmarkBR","article_modified_time":"2023-09-14T17:45:02+00:00","og_image":[{"url":"https:\/\/www.benchmarkemail.com\/br\/wp-content\/uploads\/sites\/6\/2023\/09\/EmailDeliverability_BestMeetsRequirements_MeetsRequirements.png","type":"","width":"","height":""}],"twitter_card":"summary_large_image","twitter_description":"Plataforma de email marketing completa e f\u00e1cil de usar. Aumente seus leads e gere mais engajamento com Formul\u00e1rios, Automa\u00e7\u00f5es, Landing Pages e mais!","twitter_image":"https:\/\/www.benchmarkemail.com\/br\/wp-content\/uploads\/sites\/6\/2021\/02\/Benchmark-Email-Editor.jpg","twitter_misc":{"Est. reading time":"6 minutes"},"schema":{"@context":"https:\/\/schema.org","@graph":[{"@type":"WebPage","@id":"https:\/\/www.benchmarkemail.com\/br\/home-new\/","url":"https:\/\/www.benchmarkemail.com\/br\/home-new\/","name":"Servi\u00e7os de Email Marketing em Portugu\u00eas - Benchmark Email","isPartOf":{"@id":"https:\/\/www.benchmarkemail.com\/br\/#website"},"primaryImageOfPage":{"@id":"https:\/\/www.benchmarkemail.com\/br\/home-new\/#primaryimage"},"image":{"@id":"https:\/\/www.benchmarkemail.com\/br\/home-new\/#primaryimage"},"thumbnailUrl":"https:\/\/www.benchmarkemail.com\/br\/wp-content\/uploads\/sites\/6\/2023\/09\/EmailDeliverability_BestMeetsRequirements_MeetsRequirements.png","datePublished":"2022-04-20T16:10:12+00:00","dateModified":"2023-09-14T17:45:02+00:00","description":"Plataforma de email marketing completa e f\u00e1cil de usar. Aumente seus leads e gere mais engajamento com Formul\u00e1rios, Automa\u00e7\u00f5es, Landing Pages e mais!","breadcrumb":{"@id":"https:\/\/www.benchmarkemail.com\/br\/home-new\/#breadcrumb"},"inLanguage":"en-US","potentialAction":[{"@type":"ReadAction","target":["https:\/\/www.benchmarkemail.com\/br\/home-new\/"]}]},{"@type":"ImageObject","inLanguage":"en-US","@id":"https:\/\/www.benchmarkemail.com\/br\/home-new\/#primaryimage","url":"https:\/\/www.benchmarkemail.com\/br\/wp-content\/uploads\/sites\/6\/2023\/09\/EmailDeliverability_BestMeetsRequirements_MeetsRequirements.png","contentUrl":"https:\/\/www.benchmarkemail.com\/br\/wp-content\/uploads\/sites\/6\/2023\/09\/EmailDeliverability_BestMeetsRequirements_MeetsRequirements.png","width":770,"height":1000},{"@type":"BreadcrumbList","@id":"https:\/\/www.benchmarkemail.com\/br\/home-new\/#breadcrumb","itemListElement":[{"@type":"ListItem","position":1,"name":"Home","item":"https:\/\/www.benchmarkemail.com\/br\/"},{"@type":"ListItem","position":2,"name":"Home new"}]},{"@type":"WebSite","@id":"https:\/\/www.benchmarkemail.com\/br\/#website","url":"https:\/\/www.benchmarkemail.com\/br\/","name":"Benchmark Email em Portugu\u00eas","description":"","publisher":{"@id":"https:\/\/www.benchmarkemail.com\/br\/#organization"},"potentialAction":[{"@type":"SearchAction","target":{"@type":"EntryPoint","urlTemplate":"https:\/\/www.benchmarkemail.com\/br\/?s={search_term_string}"},"query-input":{"@type":"PropertyValueSpecification","valueRequired":true,"valueName":"search_term_string"}}],"inLanguage":"en-US"},{"@type":"Organization","@id":"https:\/\/www.benchmarkemail.com\/br\/#organization","name":"Benchmark Internet Group, LLC","url":"https:\/\/www.benchmarkemail.com\/br\/","logo":{"@type":"ImageObject","inLanguage":"en-US","@id":"https:\/\/www.benchmarkemail.com\/br\/#\/schema\/logo\/image\/","url":"https:\/\/www.benchmarkemail.com\/br\/wp-content\/uploads\/sites\/6\/2019\/09\/benchmark-logo.svg","contentUrl":"https:\/\/www.benchmarkemail.com\/br\/wp-content\/uploads\/sites\/6\/2019\/09\/benchmark-logo.svg","width":1,"height":1,"caption":"Benchmark Internet Group, LLC"},"image":{"@id":"https:\/\/www.benchmarkemail.com\/br\/#\/schema\/logo\/image\/"},"sameAs":["https:\/\/www.facebook.com\/BenchmarkBR"]}]}},"_links":{"self":[{"href":"https:\/\/www.benchmarkemail.com\/br\/wp-json\/wp\/v2\/pages\/26009","targetHints":{"allow":["GET"]}}],"collection":[{"href":"https:\/\/www.benchmarkemail.com\/br\/wp-json\/wp\/v2\/pages"}],"about":[{"href":"https:\/\/www.benchmarkemail.com\/br\/wp-json\/wp\/v2\/types\/page"}],"author":[{"embeddable":true,"href":"https:\/\/www.benchmarkemail.com\/br\/wp-json\/wp\/v2\/users\/7"}],"replies":[{"embeddable":true,"href":"https:\/\/www.benchmarkemail.com\/br\/wp-json\/wp\/v2\/comments?post=26009"}],"version-history":[{"count":0,"href":"https:\/\/www.benchmarkemail.com\/br\/wp-json\/wp\/v2\/pages\/26009\/revisions"}],"wp:attachment":[{"href":"https:\/\/www.benchmarkemail.com\/br\/wp-json\/wp\/v2\/media?parent=26009"}],"curies":[{"name":"wp","href":"https:\/\/api.w.org\/{rel}","templated":true}]}}