{"id":26719,"date":"2022-05-19T11:36:55","date_gmt":"2022-05-19T11:36:55","guid":{"rendered":"https:\/\/benchmarkemail.wpengine.com\/br\/?page_id=26719"},"modified":"2026-03-04T11:45:53","modified_gmt":"2026-03-04T11:45:53","slug":"ecommerce","status":"publish","type":"page","link":"https:\/\/www.benchmarkemail.com\/br\/features\/ecommerce\/","title":{"rendered":"eCommerce"},"content":{"rendered":"\n<h4>\n\t\tEmail Marketing para Ecommerce\n\t<\/h4>\n<h1>\n\t\tAlavanque suas vendas \n\t<\/h1>\n<h1>\n\t\tcom ferramentas de email marketing que levam seus produtos at\u00e9 a caixa de entrada de seus clientes \ud83d\ude80\n\t<\/h1>\n\t\t\t<a href=\"https:\/\/ui.benchmarkemail.com\/br\/register\" target=\"_self\" role=\"button\" rel=\"noopener\">\n\t\t\t\t\t\t\tCRIAR CONTA GRATUITA\n\t\t\t\t\t<\/a>\n\t\t\t\t<img decoding=\"async\" src=\"https:\/\/www.benchmarkemail.com\/wp-content\/uploads\/2022\/04\/img-hero-header-ecommerce-page-min.png\" alt=\"O que \u00e9 Inbound Marketing\" itemprop=\"image\" title=\"O-que-e-Inbound-Marketing_Mesa de trabajo 1\" onerror=\"this.style.display='none'\"  \/>\n<h1>\n\t\tDivulgue Seus Produtos\n\t<\/h1>\n<h1>\n\t\tFacilmente com Nossos Blocos de Ecommerce\n\t<\/h1>\n\t<p>Com nosso editor de arrastar e soltar, \u00e9 super f\u00e1cil promover seus produtos mais importantes em campanhas de email e newsletter. Tudo isso sem precisar mexer em c\u00f3digo ou ser um designer.<\/p>\n\t\t\t<a href=\"https:\/\/ui.benchmarkemail.com\/br\/register\" target=\"_self\" role=\"button\" rel=\"noopener\">\n\t\t\t\t\t\t\tCRIAR CONTA GRATUITA\n\t\t\t\t\t<\/a>\n\t&nbsp;\n<h3>\n\t\tGere Mais Vendas com Nosso Email Marketing para o Shopify\n\t<\/h3>\n<h1>\n\t\tEmail marketing \u00e9 a melhor estrat\u00e9gia para vender mais. Integre a Benchmark com sua conta do Shopify para entregar no email de seus clientes os produtos que eles mais desejam comprar.\n\t<\/h1>\n\t\t\t\t<img loading=\"lazy\" decoding=\"async\" src=\"https:\/\/www.benchmarkemail.com\/wp-content\/uploads\/2022\/04\/email-marketing-shopify.png\" alt=\"email-marketing-shopify\" itemprop=\"image\" height=\"666\" width=\"2420\" title=\"email-marketing-shopify\" onerror=\"this.style.display='none'\"  \/>\n\t\t\t\t<img loading=\"lazy\" decoding=\"async\" src=\"https:\/\/www.benchmarkemail.com\/wp-content\/uploads\/2022\/04\/shopify-your-newsletter.png\" alt=\"shopify-your-newsletter\" itemprop=\"image\" height=\"670\" width=\"1102\" title=\"shopify-your-newsletter\" onerror=\"this.style.display='none'\"  \/>\n<h3>\n\t\tNewsletters pro Seu Ecommerce\n\t<\/h3>\n\t<p>Integre a Benchmark com sua conta do Shopify para adicionar facilmente seus produtos em sua newsletter.<\/p>\n\t<p>Curate the perfect product selection for your target audience with every send. More eyes on your store, more sales every month.<\/p>\n\t\t\t<a href=\"https:\/\/ui.benchmarkemail.com\/br\/register\" target=\"_self\" role=\"button\" rel=\"noopener\">\n\t\t\t\t\t\t\tCRIAR CONTA GRATUITA\n\t\t\t\t\t<\/a>\n\t\t\t\t<img loading=\"lazy\" decoding=\"async\" src=\"https:\/\/www.benchmarkemail.com\/br\/wp-content\/uploads\/sites\/6\/2022\/10\/shopify-sync.gif\" alt=\"shopify-sync\" itemprop=\"image\" height=\"670\" width=\"1102\" title=\"shopify-sync\" onerror=\"this.style.display='none'\"  \/>\n\t<p>Sincronize sua Lista de Clientes do Shopify <\/p>\n\t<p>Voc\u00ea n\u00e3o precisa ficar editando planilhas para manter sua lista de clientes atualizada.<\/p>\n\t<p>Voc\u00ea trabalha duro para conquistar seus clientes. Com a integra\u00e7\u00e3o do Shopify com a Benchmark, cada novo cliente que se inscrever em seu ecommerce ser\u00e1 automaticamente adicionado \u00e0 sua lista de email marketing.<\/p>\n\t\t\t<a href=\"https:\/\/ui.benchmarkemail.com\/br\/register\" target=\"_self\" role=\"button\" rel=\"noopener\">\n\t\t\t\t\t\t\tCRIAR CONTA GRATUITA\n\t\t\t\t\t<\/a>\n<h3>\n\t\tTemplates de Email para Ecommerces\n\t<\/h3>\n<h3>\n\t\tAdicione sua logo, escolha seus produtos e envie seu email em um piscar de olhos!\n\t<\/h3>\n\t\t\t<a href=\"#\" id=\"fl-accordion--label-0\" tabindex=\"0\" aria-controls=\"fl-accordion--panel-0\">Personalize Seus Emails com Automa\u00e7\u00e3o de Marketing<\/a>\n\t\t\t\t\t\t\t<a href=\"#\" id=\"fl-accordion--icon-0\" tabindex=\"0\" aria-controls=\"fl-accordion--panel-0\"><i>Collapse<\/i><\/a>\n\t\t<p>Seus clientes precisam sentir que voc\u00ea possui um relacionamento individual com cada um deles. Por isso, enviar uma campanha igual para todo mundo pode n\u00e3o ser sua melhor estrat\u00e9gia. Use ao seu favor todo o poder da automa\u00e7\u00e3o de marketing. Com o Automation Pro, voc\u00ea pode enviar facilmente emails personalizados de acordo com as prefer\u00eancias de cada cliente de maneira autom\u00e1tica.<\/p>\n<p><a href=\"https:\/\/www.benchmarkemail.com\/br\/features\/marketing-automation\/\">Saiba Mais<\/a><\/p>\n\t\t\t<a href=\"#\" id=\"fl-accordion--label-1\" tabindex=\"0\" aria-controls=\"fl-accordion--panel-1\">Otimize Seus Resultados com Testes AB<\/a>\n\t\t\t\t\t\t\t<a href=\"#\" id=\"fl-accordion--icon-1\" tabindex=\"0\" aria-controls=\"fl-accordion--panel-1\"><i>Expand<\/i><\/a>\n\t\t<p>Melhore a taxa de convers\u00e3o da estrat\u00e9gia de emails de seu ecommerce com testes AB. Experimente diferentes linhas de assunto, conte\u00fados, hor\u00e1rios de envio e muito mais para ver qual deles traz os melhores resultados. Voc\u00ea envia duas vers\u00f5es de seu email para uma pequena parte de sua lista, e a que tiver mais engajamento \u00e9 enviado para o resto de seus contatos automaticamente.<\/p>\n\t\t\t<a href=\"#\" id=\"fl-accordion--label-2\" tabindex=\"0\" aria-controls=\"fl-accordion--panel-2\">Relat\u00f3rios Completos para Voc\u00ea Medir Seus Sucesso<\/a>\n\t\t\t\t\t\t\t<a href=\"#\" id=\"fl-accordion--icon-2\" tabindex=\"0\" aria-controls=\"fl-accordion--panel-2\"><i>Expand<\/i><\/a>\n\t\t<p>Tenha acesso a tdoos os dados que voc\u00ea precisa para analisar a performance de seus emails. Desde taxas de cliques e aberturas at\u00e9 rastreamento com o Google Analytics.<\/p>\n\t\t\t\t<img decoding=\"async\" src=\"https:\/\/www.benchmarkemail.com\/wp-content\/uploads\/2022\/04\/Send-Timely-Offers-With-Marketing-Automation.png\" alt=\"image1\" itemprop=\"image\" title=\"image1\" onerror=\"this.style.display='none'\"  \/>\n<h3>\n\t\tFa\u00e7a Seu Ecommerce Crescer Atrav\u00e9s do Email Marketing \ud83d\ude80\n\t<\/h3>\n\t\t\t<a href=\"https:\/\/ui.benchmarkemail.com\/br\/register\" target=\"_self\" role=\"button\" rel=\"noopener\">\n\t\t\t\t\t\t\tCRIE SUA CONTA GRATUITA\n\t\t\t\t\t<\/a>\n\t<p><strong>Blogs Recentes<\/strong>:<\/p>\n\n","protected":false},"excerpt":{"rendered":"<p>Email Marketing para Ecommerce Alavanque suas vendas com ferramentas de email marketing que levam seus produtos at\u00e9 a caixa de entrada de seus clientes \ud83d\ude80 CRIAR CONTA GRATUITA Divulgue Seus Produtos Facilmente com Nossos Blocos de Ecommerce Com nosso editor de arrastar e soltar, \u00e9 super f\u00e1cil promover seus produtos mais importantes em campanhas de&hellip;<\/p>\n","protected":false},"author":7,"featured_media":0,"parent":49375,"menu_order":0,"comment_status":"closed","ping_status":"closed","template":"","meta":{"inline_featured_image":false,"footnotes":""},"class_list":["post-26719","page","type-page","status-publish","hentry"],"yoast_head":"<!-- This site is optimized with the Yoast SEO plugin v27.4 - https:\/\/yoast.com\/product\/yoast-seo-wordpress\/ -->\n<title>eCommerce - Email Marketing para Ecommerce e Shopify<\/title>\n<meta name=\"description\" content=\"O Email Marketing \u00e9 fundamental para voc\u00ea vender mais em seu Ecommerce. Veja como a Benchmark pode facilitar esse trabalho para voc\u00ea.\" \/>\n<meta name=\"robots\" content=\"index, follow, max-snippet:-1, max-image-preview:large, max-video-preview:-1\" \/>\n<link rel=\"canonical\" href=\"https:\/\/www.benchmarkemail.com\/br\/features\/ecommerce\/\" \/>\n<meta property=\"og:locale\" content=\"en_US\" \/>\n<meta property=\"og:type\" content=\"article\" \/>\n<meta property=\"og:title\" content=\"eCommerce - Email Marketing para Ecommerce e Shopify\" \/>\n<meta property=\"og:description\" content=\"O Email Marketing \u00e9 fundamental para voc\u00ea vender mais em seu Ecommerce. Veja como a Benchmark pode facilitar esse trabalho para voc\u00ea.\" \/>\n<meta property=\"og:url\" content=\"https:\/\/www.benchmarkemail.com\/br\/features\/ecommerce\/\" \/>\n<meta property=\"og:site_name\" content=\"Benchmark Email em Portugu\u00eas\" \/>\n<meta property=\"article:publisher\" content=\"https:\/\/www.facebook.com\/BenchmarkBR\" \/>\n<meta property=\"article:modified_time\" content=\"2026-03-04T11:45:53+00:00\" \/>\n<meta property=\"og:image\" content=\"https:\/\/www.benchmarkemail.com\/wp-content\/uploads\/2022\/04\/img-hero-header-ecommerce-page-min.png\" \/>\n<meta name=\"twitter:card\" content=\"summary_large_image\" \/>\n<meta name=\"twitter:label1\" content=\"Est. reading time\" \/>\n\t<meta name=\"twitter:data1\" content=\"3 minutes\" \/>\n<script type=\"application\/ld+json\" class=\"yoast-schema-graph\">{\"@context\":\"https:\\\/\\\/schema.org\",\"@graph\":[{\"@type\":\"WebPage\",\"@id\":\"https:\\\/\\\/www.benchmarkemail.com\\\/br\\\/features\\\/ecommerce\\\/\",\"url\":\"https:\\\/\\\/www.benchmarkemail.com\\\/br\\\/features\\\/ecommerce\\\/\",\"name\":\"eCommerce - Email Marketing para Ecommerce e Shopify\",\"isPartOf\":{\"@id\":\"https:\\\/\\\/www.benchmarkemail.com\\\/br\\\/#website\"},\"primaryImageOfPage\":{\"@id\":\"https:\\\/\\\/www.benchmarkemail.com\\\/br\\\/features\\\/ecommerce\\\/#primaryimage\"},\"image\":{\"@id\":\"https:\\\/\\\/www.benchmarkemail.com\\\/br\\\/features\\\/ecommerce\\\/#primaryimage\"},\"thumbnailUrl\":\"https:\\\/\\\/www.benchmarkemail.com\\\/wp-content\\\/uploads\\\/2022\\\/04\\\/img-hero-header-ecommerce-page-min.png\",\"datePublished\":\"2022-05-19T11:36:55+00:00\",\"dateModified\":\"2026-03-04T11:45:53+00:00\",\"description\":\"O Email Marketing \u00e9 fundamental para voc\u00ea vender mais em seu Ecommerce. Veja como a Benchmark pode facilitar esse trabalho para voc\u00ea.\",\"breadcrumb\":{\"@id\":\"https:\\\/\\\/www.benchmarkemail.com\\\/br\\\/features\\\/ecommerce\\\/#breadcrumb\"},\"inLanguage\":\"en-US\",\"potentialAction\":[{\"@type\":\"ReadAction\",\"target\":[\"https:\\\/\\\/www.benchmarkemail.com\\\/br\\\/features\\\/ecommerce\\\/\"]}]},{\"@type\":\"ImageObject\",\"inLanguage\":\"en-US\",\"@id\":\"https:\\\/\\\/www.benchmarkemail.com\\\/br\\\/features\\\/ecommerce\\\/#primaryimage\",\"url\":\"https:\\\/\\\/www.benchmarkemail.com\\\/wp-content\\\/uploads\\\/2022\\\/04\\\/img-hero-header-ecommerce-page-min.png\",\"contentUrl\":\"https:\\\/\\\/www.benchmarkemail.com\\\/wp-content\\\/uploads\\\/2022\\\/04\\\/img-hero-header-ecommerce-page-min.png\"},{\"@type\":\"BreadcrumbList\",\"@id\":\"https:\\\/\\\/www.benchmarkemail.com\\\/br\\\/features\\\/ecommerce\\\/#breadcrumb\",\"itemListElement\":[{\"@type\":\"ListItem\",\"position\":1,\"name\":\"Home\",\"item\":\"https:\\\/\\\/www.benchmarkemail.com\\\/br\\\/\"},{\"@type\":\"ListItem\",\"position\":2,\"name\":\"NXG Features\",\"item\":\"https:\\\/\\\/www.benchmarkemail.com\\\/br\\\/features\\\/\"},{\"@type\":\"ListItem\",\"position\":3,\"name\":\"eCommerce\"}]},{\"@type\":\"WebSite\",\"@id\":\"https:\\\/\\\/www.benchmarkemail.com\\\/br\\\/#website\",\"url\":\"https:\\\/\\\/www.benchmarkemail.com\\\/br\\\/\",\"name\":\"Benchmark Email em Portugu\u00eas\",\"description\":\"\",\"publisher\":{\"@id\":\"https:\\\/\\\/www.benchmarkemail.com\\\/br\\\/#organization\"},\"potentialAction\":[{\"@type\":\"SearchAction\",\"target\":{\"@type\":\"EntryPoint\",\"urlTemplate\":\"https:\\\/\\\/www.benchmarkemail.com\\\/br\\\/?s={search_term_string}\"},\"query-input\":{\"@type\":\"PropertyValueSpecification\",\"valueRequired\":true,\"valueName\":\"search_term_string\"}}],\"inLanguage\":\"en-US\"},{\"@type\":\"Organization\",\"@id\":\"https:\\\/\\\/www.benchmarkemail.com\\\/br\\\/#organization\",\"name\":\"Benchmark Internet Group, LLC\",\"url\":\"https:\\\/\\\/www.benchmarkemail.com\\\/br\\\/\",\"logo\":{\"@type\":\"ImageObject\",\"inLanguage\":\"en-US\",\"@id\":\"https:\\\/\\\/www.benchmarkemail.com\\\/br\\\/#\\\/schema\\\/logo\\\/image\\\/\",\"url\":\"https:\\\/\\\/www.benchmarkemail.com\\\/br\\\/wp-content\\\/uploads\\\/sites\\\/6\\\/2019\\\/09\\\/benchmark-logo.svg\",\"contentUrl\":\"https:\\\/\\\/www.benchmarkemail.com\\\/br\\\/wp-content\\\/uploads\\\/sites\\\/6\\\/2019\\\/09\\\/benchmark-logo.svg\",\"width\":1,\"height\":1,\"caption\":\"Benchmark Internet Group, LLC\"},\"image\":{\"@id\":\"https:\\\/\\\/www.benchmarkemail.com\\\/br\\\/#\\\/schema\\\/logo\\\/image\\\/\"},\"sameAs\":[\"https:\\\/\\\/www.facebook.com\\\/BenchmarkBR\"]}]}<\/script>\n<!-- \/ Yoast SEO plugin. -->","yoast_head_json":{"title":"eCommerce - Email Marketing para Ecommerce e Shopify","description":"O Email Marketing \u00e9 fundamental para voc\u00ea vender mais em seu Ecommerce. Veja como a Benchmark pode facilitar esse trabalho para voc\u00ea.","robots":{"index":"index","follow":"follow","max-snippet":"max-snippet:-1","max-image-preview":"max-image-preview:large","max-video-preview":"max-video-preview:-1"},"canonical":"https:\/\/www.benchmarkemail.com\/br\/features\/ecommerce\/","og_locale":"en_US","og_type":"article","og_title":"eCommerce - Email Marketing para Ecommerce e Shopify","og_description":"O Email Marketing \u00e9 fundamental para voc\u00ea vender mais em seu Ecommerce. Veja como a Benchmark pode facilitar esse trabalho para voc\u00ea.","og_url":"https:\/\/www.benchmarkemail.com\/br\/features\/ecommerce\/","og_site_name":"Benchmark Email em Portugu\u00eas","article_publisher":"https:\/\/www.facebook.com\/BenchmarkBR","article_modified_time":"2026-03-04T11:45:53+00:00","og_image":[{"url":"https:\/\/www.benchmarkemail.com\/wp-content\/uploads\/2022\/04\/img-hero-header-ecommerce-page-min.png","type":"","width":"","height":""}],"twitter_card":"summary_large_image","twitter_misc":{"Est. reading time":"3 minutes"},"schema":{"@context":"https:\/\/schema.org","@graph":[{"@type":"WebPage","@id":"https:\/\/www.benchmarkemail.com\/br\/features\/ecommerce\/","url":"https:\/\/www.benchmarkemail.com\/br\/features\/ecommerce\/","name":"eCommerce - Email Marketing para Ecommerce e Shopify","isPartOf":{"@id":"https:\/\/www.benchmarkemail.com\/br\/#website"},"primaryImageOfPage":{"@id":"https:\/\/www.benchmarkemail.com\/br\/features\/ecommerce\/#primaryimage"},"image":{"@id":"https:\/\/www.benchmarkemail.com\/br\/features\/ecommerce\/#primaryimage"},"thumbnailUrl":"https:\/\/www.benchmarkemail.com\/wp-content\/uploads\/2022\/04\/img-hero-header-ecommerce-page-min.png","datePublished":"2022-05-19T11:36:55+00:00","dateModified":"2026-03-04T11:45:53+00:00","description":"O Email Marketing \u00e9 fundamental para voc\u00ea vender mais em seu Ecommerce. Veja como a Benchmark pode facilitar esse trabalho para voc\u00ea.","breadcrumb":{"@id":"https:\/\/www.benchmarkemail.com\/br\/features\/ecommerce\/#breadcrumb"},"inLanguage":"en-US","potentialAction":[{"@type":"ReadAction","target":["https:\/\/www.benchmarkemail.com\/br\/features\/ecommerce\/"]}]},{"@type":"ImageObject","inLanguage":"en-US","@id":"https:\/\/www.benchmarkemail.com\/br\/features\/ecommerce\/#primaryimage","url":"https:\/\/www.benchmarkemail.com\/wp-content\/uploads\/2022\/04\/img-hero-header-ecommerce-page-min.png","contentUrl":"https:\/\/www.benchmarkemail.com\/wp-content\/uploads\/2022\/04\/img-hero-header-ecommerce-page-min.png"},{"@type":"BreadcrumbList","@id":"https:\/\/www.benchmarkemail.com\/br\/features\/ecommerce\/#breadcrumb","itemListElement":[{"@type":"ListItem","position":1,"name":"Home","item":"https:\/\/www.benchmarkemail.com\/br\/"},{"@type":"ListItem","position":2,"name":"NXG Features","item":"https:\/\/www.benchmarkemail.com\/br\/features\/"},{"@type":"ListItem","position":3,"name":"eCommerce"}]},{"@type":"WebSite","@id":"https:\/\/www.benchmarkemail.com\/br\/#website","url":"https:\/\/www.benchmarkemail.com\/br\/","name":"Benchmark Email em Portugu\u00eas","description":"","publisher":{"@id":"https:\/\/www.benchmarkemail.com\/br\/#organization"},"potentialAction":[{"@type":"SearchAction","target":{"@type":"EntryPoint","urlTemplate":"https:\/\/www.benchmarkemail.com\/br\/?s={search_term_string}"},"query-input":{"@type":"PropertyValueSpecification","valueRequired":true,"valueName":"search_term_string"}}],"inLanguage":"en-US"},{"@type":"Organization","@id":"https:\/\/www.benchmarkemail.com\/br\/#organization","name":"Benchmark Internet Group, LLC","url":"https:\/\/www.benchmarkemail.com\/br\/","logo":{"@type":"ImageObject","inLanguage":"en-US","@id":"https:\/\/www.benchmarkemail.com\/br\/#\/schema\/logo\/image\/","url":"https:\/\/www.benchmarkemail.com\/br\/wp-content\/uploads\/sites\/6\/2019\/09\/benchmark-logo.svg","contentUrl":"https:\/\/www.benchmarkemail.com\/br\/wp-content\/uploads\/sites\/6\/2019\/09\/benchmark-logo.svg","width":1,"height":1,"caption":"Benchmark Internet Group, LLC"},"image":{"@id":"https:\/\/www.benchmarkemail.com\/br\/#\/schema\/logo\/image\/"},"sameAs":["https:\/\/www.facebook.com\/BenchmarkBR"]}]}},"_links":{"self":[{"href":"https:\/\/www.benchmarkemail.com\/br\/wp-json\/wp\/v2\/pages\/26719","targetHints":{"allow":["GET"]}}],"collection":[{"href":"https:\/\/www.benchmarkemail.com\/br\/wp-json\/wp\/v2\/pages"}],"about":[{"href":"https:\/\/www.benchmarkemail.com\/br\/wp-json\/wp\/v2\/types\/page"}],"author":[{"embeddable":true,"href":"https:\/\/www.benchmarkemail.com\/br\/wp-json\/wp\/v2\/users\/7"}],"replies":[{"embeddable":true,"href":"https:\/\/www.benchmarkemail.com\/br\/wp-json\/wp\/v2\/comments?post=26719"}],"version-history":[{"count":0,"href":"https:\/\/www.benchmarkemail.com\/br\/wp-json\/wp\/v2\/pages\/26719\/revisions"}],"up":[{"embeddable":true,"href":"https:\/\/www.benchmarkemail.com\/br\/wp-json\/wp\/v2\/pages\/49375"}],"wp:attachment":[{"href":"https:\/\/www.benchmarkemail.com\/br\/wp-json\/wp\/v2\/media?parent=26719"}],"curies":[{"name":"wp","href":"https:\/\/api.w.org\/{rel}","templated":true}]}}