{"id":29772,"date":"2022-09-23T10:21:25","date_gmt":"2022-09-23T10:21:25","guid":{"rendered":"https:\/\/benchmarkemail.wpengine.com\/br\/?page_id=29772"},"modified":"2026-03-04T12:01:26","modified_gmt":"2026-03-04T12:01:26","slug":"smart-content","status":"publish","type":"page","link":"https:\/\/www.benchmarkemail.com\/br\/features\/smart-content\/","title":{"rendered":"Work Smarter, Not Harder with Smart Content"},"content":{"rendered":"\n<h2>\n\t\tCom o Conte\u00fado Inteligente, Voc\u00ea Faz Mais com Menos Esfor\u00e7o\n\t<\/h2>\n<h2>\n\t\tCrie facilmente textos para suas campanhas de email, atrav\u00e9s da Intelig\u00eancia Artificial do Conte\u00fado Inteligente.\n\t<\/h2>\n\t\t\t<a href=\"https:\/\/ui.benchmarkemail.com\/br\/register\" target=\"_self\" role=\"button\" rel=\"noopener\">\n\t\t\t\t\t\t\tCRIAR CONTA GRATUITA\n\t\t\t\t\t<\/a>\n\t\t\t\t<img decoding=\"async\" src=\"https:\/\/www.benchmarkemail.com\/br\/wp-content\/uploads\/sites\/6\/2022\/10\/Generate-New-Content-GIF-1.gif\" alt=\"Generate-New-Content-GIF-1.gif\" itemprop=\"image\" title=\"Generate-New-Content-GIF-1.gif\" onerror=\"this.style.display='none'\"  \/>\n\t\t\t\t<img decoding=\"async\" src=\"https:\/\/www.benchmarkemail.com\/br\/wp-content\/uploads\/sites\/6\/2022\/10\/Generate-New-Content-GIF-2.gif\" alt=\"Generate-New-Content-GIF-2.gif\" itemprop=\"image\" title=\"Generate-New-Content-GIF-2.gif\" onerror=\"this.style.display='none'\"  \/>\n<h2>\n\t\tGere novas ideias de texto para seus emails.\n\t<\/h2>\n<h2>\n\t\tAdicione a Intelig\u00eancia Artificial em suas ferramentas de trabalho, e tenha sempre um assunto para falar com seus leads. \n\t<\/h2>\n\t\t\t<a href=\"https:\/\/ui.benchmarkemail.com\/br\/register\" target=\"_self\" role=\"button\" rel=\"noopener\">\n\t\t\t\t\t\t\tCRIAR CONTA GRATUITA\n\t\t\t\t\t<\/a>\n<h2>\n\t\tD\u00ea uma nova cara aos conte\u00fados que voc\u00ea j\u00e1 criou.\n\t<\/h2>\n<h2>\n\t\tCom o Conte\u00fado Inteligente, voc\u00ea n\u00e3o precisa mais criar conte\u00fado do zero. Copie e cole textos que voc\u00ea j\u00e1 usou em outros emails, e nossa Intelig\u00eancia Artifical ir\u00e1 repagin\u00e1-los.\n\t<\/h2>\n\t\t\t<a href=\"https:\/\/ui.benchmarkemail.com\/br\/register\" target=\"_self\" role=\"button\" rel=\"noopener\">\n\t\t\t\t\t\t\tCRIAR CONTA GRATUITA\n\t\t\t\t\t<\/a>\n\t\t\t\t<img decoding=\"async\" src=\"https:\/\/www.benchmarkemail.com\/br\/wp-content\/uploads\/sites\/6\/2022\/10\/Rewrite-my-content-GIF.gif\" alt=\"Rewrite-my-content-GIF.gif\" itemprop=\"image\" title=\"Rewrite-my-content-GIF.gif\" onerror=\"this.style.display='none'\"  \/>\n\t\t\t\t<img loading=\"lazy\" decoding=\"async\" src=\"https:\/\/www.benchmarkemail.com\/wp-content\/uploads\/2022\/09\/smart-content.png\" alt=\"smart-content\" itemprop=\"image\" height=\"2008\" width=\"2284\" title=\"smart-content\" onerror=\"this.style.display='none'\"  \/>\n<h2>\n\t\tAcabe com o bloqueio criativo.\n\t<\/h2>\n<h2>\n\t\tN\u00f3s sabemos que a escrita \u00e9 uma tarefa dif\u00edcil. O Conte\u00fado Inteligente te dar\u00e1 um ponto de partida para criar sua copy. Digite alguns t\u00f3picos, e nossa Intelig\u00eancia Artifical escrever\u00e1 pra voc\u00ea um par\u00e1grafo sobre o assunto. Voc\u00ea pode ent\u00e3o transformar esse texto e utiliz\u00e1-lo em suas campanhas de marketing.\n\t<\/h2>\n\t\t\t<a href=\"https:\/\/ui.benchmarkemail.com\/br\/register\" target=\"_self\" role=\"button\" rel=\"noopener\">\n\t\t\t\t\t\t\tCRIAR CONTA GRATUITA\n\t\t\t\t\t<\/a>\n\t\t\t\t<img loading=\"lazy\" decoding=\"async\" src=\"https:\/\/www.benchmarkemail.com\/br\/wp-content\/uploads\/sites\/6\/2022\/10\/image-1.webp\" alt=\"image (1)\" itemprop=\"image\" height=\"940\" width=\"1716\" title=\"image (1)\" onerror=\"this.style.display='none'\"  \/>\n<h2>\n\t\tEnvie conte\u00fado relevante atrav\u00e9s do email.\n\t<\/h2>\n\t<p>As melhores campanhas de email s\u00e3o aquelas que antecipam as necessidades do cliente. Mas criar copy do zero pode consumir muito de seu tempo. Deixe que o Conte\u00fado Inteligente fa\u00e7a o servi\u00e7o pesado por voc\u00ea! Assim, voc\u00ea se concentra apenas em personalizar, de acordo com os interesses do seu p\u00fablico, o texto gerado pela Intelig\u00eancia Artificial.<\/p>\n\t\t\t<a href=\"https:\/\/ui.benchmarkemail.com\/br\/register\" target=\"_self\" role=\"button\" rel=\"noopener\">\n\t\t\t\t\t\t\tCRIAR CONTA GRATUITA\n\t\t\t\t\t<\/a>\n\t\t\t\t<img loading=\"lazy\" decoding=\"async\" src=\"https:\/\/www.benchmarkemail.com\/wp-content\/uploads\/2022\/09\/Never-run-out-of-fuel-for-your-email-marketing-engine.png\" alt=\"Never-run-out-of-fuel-for-your-email-marketing-engine\" itemprop=\"image\" height=\"922\" width=\"1706\" title=\"Never-run-out-of-fuel-for-your-email-marketing-engine\" onerror=\"this.style.display='none'\"  \/>\n<h2>\n\t\tN\u00e3o pare de enviar email marketing por falta de ideias.\n\t<\/h2>\n\t<p>Seus clientes recebem muitos emails todos os dias. Para chamar sua aten\u00e7\u00e3o, sua marca precisa se destacar. Com o Conte\u00fado Inteligente, voc\u00ea pode criar diferentes vers\u00f5es de um mesmo texto para realizar testes AB, gerar conte\u00fado personalizado para um nicho espec\u00edfico, e at\u00e9 gerar ideias de como abordar um novo p\u00fablico-alvo. Nunca foi t\u00e3o f\u00e1cil escrever textos criativos para seus emails.<\/p>\n\t\t\t<a href=\"https:\/\/ui.benchmarkemail.com\/br\/register\" target=\"_self\" role=\"button\" rel=\"noopener\">\n\t\t\t\t\t\t\tCRIAR CONTA GRATUITA\n\t\t\t\t\t<\/a>\n\t\t\t\t<img loading=\"lazy\" decoding=\"async\" src=\"https:\/\/www.benchmarkemail.com\/wp-content\/uploads\/2022\/09\/logo-smart-content-1.png\" alt=\"logo-smart-content\" itemprop=\"image\" height=\"380\" width=\"320\" title=\"logo-smart-content\" onerror=\"this.style.display='none'\"  \/>\n<h2>\n\t\tFa\u00e7a Mais, com Menos Esfor\u00e7o\n\t<\/h2>\n\t<p>Crie uma conta gratuita agora mesmo para testar o <b>Conte\u00fado Inteligente<\/b><\/p>\n\t\t\t<a href=\"https:\/\/ui.benchmarkemail.com\/br\/register\" target=\"_self\" role=\"button\" rel=\"noopener\">\n\t\t\t\t\t\t\tCRIAR CONTA GRATUITA\n\t\t\t\t\t<\/a>\n\n","protected":false},"excerpt":{"rendered":"<p>Com o Conte\u00fado Inteligente, Voc\u00ea Faz Mais com Menos Esfor\u00e7o Crie facilmente textos para suas campanhas de email, atrav\u00e9s da Intelig\u00eancia Artificial do Conte\u00fado Inteligente. CRIAR CONTA GRATUITA Gere novas ideias de texto para seus emails. Adicione a Intelig\u00eancia Artificial em suas ferramentas de trabalho, e tenha sempre um assunto para falar com seus leads.&hellip;<\/p>\n","protected":false},"author":7,"featured_media":0,"parent":49375,"menu_order":0,"comment_status":"closed","ping_status":"closed","template":"","meta":{"inline_featured_image":false,"footnotes":""},"class_list":["post-29772","page","type-page","status-publish","hentry"],"yoast_head":"<!-- This site is optimized with the Yoast SEO plugin v27.4 - https:\/\/yoast.com\/product\/yoast-seo-wordpress\/ -->\n<title>Com o Conte\u00fado Inteligente, Voc\u00ea Faz Mais com Menos Esfor\u00e7o - Benchmark Email<\/title>\n<meta name=\"robots\" content=\"index, follow, max-snippet:-1, max-image-preview:large, max-video-preview:-1\" \/>\n<link rel=\"canonical\" href=\"https:\/\/www.benchmarkemail.com\/br\/features\/smart-content\/\" \/>\n<meta property=\"og:locale\" content=\"en_US\" \/>\n<meta property=\"og:type\" content=\"article\" \/>\n<meta property=\"og:title\" content=\"Com o Conte\u00fado Inteligente, Voc\u00ea Faz Mais com Menos Esfor\u00e7o - Benchmark Email\" \/>\n<meta property=\"og:description\" content=\"Com o Conte\u00fado Inteligente, Voc\u00ea Faz Mais com Menos Esfor\u00e7o Crie facilmente textos para suas campanhas de email, atrav\u00e9s da Intelig\u00eancia Artificial do Conte\u00fado Inteligente. CRIAR CONTA GRATUITA Gere novas ideias de texto para seus emails. Adicione a Intelig\u00eancia Artificial em suas ferramentas de trabalho, e tenha sempre um assunto para falar com seus leads.&hellip;\" \/>\n<meta property=\"og:url\" content=\"https:\/\/www.benchmarkemail.com\/br\/features\/smart-content\/\" \/>\n<meta property=\"og:site_name\" content=\"Benchmark Email em Portugu\u00eas\" \/>\n<meta property=\"article:publisher\" content=\"https:\/\/www.facebook.com\/BenchmarkBR\" \/>\n<meta property=\"article:modified_time\" content=\"2026-03-04T12:01:26+00:00\" \/>\n<meta property=\"og:image\" content=\"https:\/\/www.benchmarkemail.com\/br\/wp-content\/uploads\/sites\/6\/2022\/10\/Generate-New-Content-GIF-1.gif\" \/>\n<meta name=\"twitter:card\" content=\"summary_large_image\" \/>\n<meta name=\"twitter:label1\" content=\"Est. reading time\" \/>\n\t<meta name=\"twitter:data1\" content=\"3 minutes\" \/>\n<script type=\"application\/ld+json\" class=\"yoast-schema-graph\">{\"@context\":\"https:\\\/\\\/schema.org\",\"@graph\":[{\"@type\":\"WebPage\",\"@id\":\"https:\\\/\\\/www.benchmarkemail.com\\\/br\\\/features\\\/smart-content\\\/\",\"url\":\"https:\\\/\\\/www.benchmarkemail.com\\\/br\\\/features\\\/smart-content\\\/\",\"name\":\"Com o Conte\u00fado Inteligente, Voc\u00ea Faz Mais com Menos Esfor\u00e7o - Benchmark Email\",\"isPartOf\":{\"@id\":\"https:\\\/\\\/www.benchmarkemail.com\\\/br\\\/#website\"},\"primaryImageOfPage\":{\"@id\":\"https:\\\/\\\/www.benchmarkemail.com\\\/br\\\/features\\\/smart-content\\\/#primaryimage\"},\"image\":{\"@id\":\"https:\\\/\\\/www.benchmarkemail.com\\\/br\\\/features\\\/smart-content\\\/#primaryimage\"},\"thumbnailUrl\":\"https:\\\/\\\/www.benchmarkemail.com\\\/br\\\/wp-content\\\/uploads\\\/sites\\\/6\\\/2022\\\/10\\\/Generate-New-Content-GIF-1.gif\",\"datePublished\":\"2022-09-23T10:21:25+00:00\",\"dateModified\":\"2026-03-04T12:01:26+00:00\",\"breadcrumb\":{\"@id\":\"https:\\\/\\\/www.benchmarkemail.com\\\/br\\\/features\\\/smart-content\\\/#breadcrumb\"},\"inLanguage\":\"en-US\",\"potentialAction\":[{\"@type\":\"ReadAction\",\"target\":[\"https:\\\/\\\/www.benchmarkemail.com\\\/br\\\/features\\\/smart-content\\\/\"]}]},{\"@type\":\"ImageObject\",\"inLanguage\":\"en-US\",\"@id\":\"https:\\\/\\\/www.benchmarkemail.com\\\/br\\\/features\\\/smart-content\\\/#primaryimage\",\"url\":\"https:\\\/\\\/www.benchmarkemail.com\\\/br\\\/wp-content\\\/uploads\\\/sites\\\/6\\\/2022\\\/10\\\/Generate-New-Content-GIF-1.gif\",\"contentUrl\":\"https:\\\/\\\/www.benchmarkemail.com\\\/br\\\/wp-content\\\/uploads\\\/sites\\\/6\\\/2022\\\/10\\\/Generate-New-Content-GIF-1.gif\",\"width\":800,\"height\":800},{\"@type\":\"BreadcrumbList\",\"@id\":\"https:\\\/\\\/www.benchmarkemail.com\\\/br\\\/features\\\/smart-content\\\/#breadcrumb\",\"itemListElement\":[{\"@type\":\"ListItem\",\"position\":1,\"name\":\"Home\",\"item\":\"https:\\\/\\\/www.benchmarkemail.com\\\/br\\\/\"},{\"@type\":\"ListItem\",\"position\":2,\"name\":\"NXG Features\",\"item\":\"https:\\\/\\\/www.benchmarkemail.com\\\/br\\\/features\\\/\"},{\"@type\":\"ListItem\",\"position\":3,\"name\":\"Work Smarter, Not Harder with Smart Content\"}]},{\"@type\":\"WebSite\",\"@id\":\"https:\\\/\\\/www.benchmarkemail.com\\\/br\\\/#website\",\"url\":\"https:\\\/\\\/www.benchmarkemail.com\\\/br\\\/\",\"name\":\"Benchmark Email em Portugu\u00eas\",\"description\":\"\",\"publisher\":{\"@id\":\"https:\\\/\\\/www.benchmarkemail.com\\\/br\\\/#organization\"},\"potentialAction\":[{\"@type\":\"SearchAction\",\"target\":{\"@type\":\"EntryPoint\",\"urlTemplate\":\"https:\\\/\\\/www.benchmarkemail.com\\\/br\\\/?s={search_term_string}\"},\"query-input\":{\"@type\":\"PropertyValueSpecification\",\"valueRequired\":true,\"valueName\":\"search_term_string\"}}],\"inLanguage\":\"en-US\"},{\"@type\":\"Organization\",\"@id\":\"https:\\\/\\\/www.benchmarkemail.com\\\/br\\\/#organization\",\"name\":\"Benchmark Internet Group, LLC\",\"url\":\"https:\\\/\\\/www.benchmarkemail.com\\\/br\\\/\",\"logo\":{\"@type\":\"ImageObject\",\"inLanguage\":\"en-US\",\"@id\":\"https:\\\/\\\/www.benchmarkemail.com\\\/br\\\/#\\\/schema\\\/logo\\\/image\\\/\",\"url\":\"https:\\\/\\\/www.benchmarkemail.com\\\/br\\\/wp-content\\\/uploads\\\/sites\\\/6\\\/2019\\\/09\\\/benchmark-logo.svg\",\"contentUrl\":\"https:\\\/\\\/www.benchmarkemail.com\\\/br\\\/wp-content\\\/uploads\\\/sites\\\/6\\\/2019\\\/09\\\/benchmark-logo.svg\",\"width\":1,\"height\":1,\"caption\":\"Benchmark Internet Group, LLC\"},\"image\":{\"@id\":\"https:\\\/\\\/www.benchmarkemail.com\\\/br\\\/#\\\/schema\\\/logo\\\/image\\\/\"},\"sameAs\":[\"https:\\\/\\\/www.facebook.com\\\/BenchmarkBR\"]}]}<\/script>\n<!-- \/ Yoast SEO plugin. -->","yoast_head_json":{"title":"Com o Conte\u00fado Inteligente, Voc\u00ea Faz Mais com Menos Esfor\u00e7o - Benchmark Email","robots":{"index":"index","follow":"follow","max-snippet":"max-snippet:-1","max-image-preview":"max-image-preview:large","max-video-preview":"max-video-preview:-1"},"canonical":"https:\/\/www.benchmarkemail.com\/br\/features\/smart-content\/","og_locale":"en_US","og_type":"article","og_title":"Com o Conte\u00fado Inteligente, Voc\u00ea Faz Mais com Menos Esfor\u00e7o - Benchmark Email","og_description":"Com o Conte\u00fado Inteligente, Voc\u00ea Faz Mais com Menos Esfor\u00e7o Crie facilmente textos para suas campanhas de email, atrav\u00e9s da Intelig\u00eancia Artificial do Conte\u00fado Inteligente. CRIAR CONTA GRATUITA Gere novas ideias de texto para seus emails. Adicione a Intelig\u00eancia Artificial em suas ferramentas de trabalho, e tenha sempre um assunto para falar com seus leads.&hellip;","og_url":"https:\/\/www.benchmarkemail.com\/br\/features\/smart-content\/","og_site_name":"Benchmark Email em Portugu\u00eas","article_publisher":"https:\/\/www.facebook.com\/BenchmarkBR","article_modified_time":"2026-03-04T12:01:26+00:00","og_image":[{"url":"https:\/\/www.benchmarkemail.com\/br\/wp-content\/uploads\/sites\/6\/2022\/10\/Generate-New-Content-GIF-1.gif","type":"","width":"","height":""}],"twitter_card":"summary_large_image","twitter_misc":{"Est. reading time":"3 minutes"},"schema":{"@context":"https:\/\/schema.org","@graph":[{"@type":"WebPage","@id":"https:\/\/www.benchmarkemail.com\/br\/features\/smart-content\/","url":"https:\/\/www.benchmarkemail.com\/br\/features\/smart-content\/","name":"Com o Conte\u00fado Inteligente, Voc\u00ea Faz Mais com Menos Esfor\u00e7o - Benchmark Email","isPartOf":{"@id":"https:\/\/www.benchmarkemail.com\/br\/#website"},"primaryImageOfPage":{"@id":"https:\/\/www.benchmarkemail.com\/br\/features\/smart-content\/#primaryimage"},"image":{"@id":"https:\/\/www.benchmarkemail.com\/br\/features\/smart-content\/#primaryimage"},"thumbnailUrl":"https:\/\/www.benchmarkemail.com\/br\/wp-content\/uploads\/sites\/6\/2022\/10\/Generate-New-Content-GIF-1.gif","datePublished":"2022-09-23T10:21:25+00:00","dateModified":"2026-03-04T12:01:26+00:00","breadcrumb":{"@id":"https:\/\/www.benchmarkemail.com\/br\/features\/smart-content\/#breadcrumb"},"inLanguage":"en-US","potentialAction":[{"@type":"ReadAction","target":["https:\/\/www.benchmarkemail.com\/br\/features\/smart-content\/"]}]},{"@type":"ImageObject","inLanguage":"en-US","@id":"https:\/\/www.benchmarkemail.com\/br\/features\/smart-content\/#primaryimage","url":"https:\/\/www.benchmarkemail.com\/br\/wp-content\/uploads\/sites\/6\/2022\/10\/Generate-New-Content-GIF-1.gif","contentUrl":"https:\/\/www.benchmarkemail.com\/br\/wp-content\/uploads\/sites\/6\/2022\/10\/Generate-New-Content-GIF-1.gif","width":800,"height":800},{"@type":"BreadcrumbList","@id":"https:\/\/www.benchmarkemail.com\/br\/features\/smart-content\/#breadcrumb","itemListElement":[{"@type":"ListItem","position":1,"name":"Home","item":"https:\/\/www.benchmarkemail.com\/br\/"},{"@type":"ListItem","position":2,"name":"NXG Features","item":"https:\/\/www.benchmarkemail.com\/br\/features\/"},{"@type":"ListItem","position":3,"name":"Work Smarter, Not Harder with Smart Content"}]},{"@type":"WebSite","@id":"https:\/\/www.benchmarkemail.com\/br\/#website","url":"https:\/\/www.benchmarkemail.com\/br\/","name":"Benchmark Email em Portugu\u00eas","description":"","publisher":{"@id":"https:\/\/www.benchmarkemail.com\/br\/#organization"},"potentialAction":[{"@type":"SearchAction","target":{"@type":"EntryPoint","urlTemplate":"https:\/\/www.benchmarkemail.com\/br\/?s={search_term_string}"},"query-input":{"@type":"PropertyValueSpecification","valueRequired":true,"valueName":"search_term_string"}}],"inLanguage":"en-US"},{"@type":"Organization","@id":"https:\/\/www.benchmarkemail.com\/br\/#organization","name":"Benchmark Internet Group, LLC","url":"https:\/\/www.benchmarkemail.com\/br\/","logo":{"@type":"ImageObject","inLanguage":"en-US","@id":"https:\/\/www.benchmarkemail.com\/br\/#\/schema\/logo\/image\/","url":"https:\/\/www.benchmarkemail.com\/br\/wp-content\/uploads\/sites\/6\/2019\/09\/benchmark-logo.svg","contentUrl":"https:\/\/www.benchmarkemail.com\/br\/wp-content\/uploads\/sites\/6\/2019\/09\/benchmark-logo.svg","width":1,"height":1,"caption":"Benchmark Internet Group, LLC"},"image":{"@id":"https:\/\/www.benchmarkemail.com\/br\/#\/schema\/logo\/image\/"},"sameAs":["https:\/\/www.facebook.com\/BenchmarkBR"]}]}},"_links":{"self":[{"href":"https:\/\/www.benchmarkemail.com\/br\/wp-json\/wp\/v2\/pages\/29772","targetHints":{"allow":["GET"]}}],"collection":[{"href":"https:\/\/www.benchmarkemail.com\/br\/wp-json\/wp\/v2\/pages"}],"about":[{"href":"https:\/\/www.benchmarkemail.com\/br\/wp-json\/wp\/v2\/types\/page"}],"author":[{"embeddable":true,"href":"https:\/\/www.benchmarkemail.com\/br\/wp-json\/wp\/v2\/users\/7"}],"replies":[{"embeddable":true,"href":"https:\/\/www.benchmarkemail.com\/br\/wp-json\/wp\/v2\/comments?post=29772"}],"version-history":[{"count":0,"href":"https:\/\/www.benchmarkemail.com\/br\/wp-json\/wp\/v2\/pages\/29772\/revisions"}],"up":[{"embeddable":true,"href":"https:\/\/www.benchmarkemail.com\/br\/wp-json\/wp\/v2\/pages\/49375"}],"wp:attachment":[{"href":"https:\/\/www.benchmarkemail.com\/br\/wp-json\/wp\/v2\/media?parent=29772"}],"curies":[{"name":"wp","href":"https:\/\/api.w.org\/{rel}","templated":true}]}}