{"id":29843,"date":"2022-10-07T13:14:56","date_gmt":"2022-10-07T13:14:56","guid":{"rendered":"https:\/\/benchmarkemail.wpengine.com\/br\/?page_id=29843"},"modified":"2026-03-04T11:58:43","modified_gmt":"2026-03-04T11:58:43","slug":"shopify-email-integration","status":"publish","type":"page","link":"https:\/\/www.benchmarkemail.com\/br\/partners\/integrations\/shopify-email-integration\/","title":{"rendered":"Shopify"},"content":{"rendered":"\n<h1>\n\t\tIntegra\u00e7\u00e3o da Benchmark Email com a Shopify\n\t<\/h1>\n\t<p>Voc\u00ea est\u00e1 buscando por uma forma mais f\u00e1cil de vender seus produtos na Shopify? Envie emails promocionais para seus clientes de maneira r\u00e1pida, atrav\u00e9s da Sincroniza\u00e7\u00e3o <a href=\"https:\/\/kb.benchmarkemail.com\/br\/integrar-benchmark-com-shopify\/\">da Benchmark Email com a Shopify.<\/a><\/p>\n<p>Descomplique sua estrat\u00e9gia de email marketing para vender mais.<\/p>\n<h2>\n\t\tMantenha sua lista de clientes sempre atualizada, atrav\u00e9s da Sincroniza\u00e7\u00e3o da Benchmark Email com a Shopify\n\t<\/h2>\n\t<p>Nunca foi t\u00e3o f\u00e1cil manter seu email marketing sincronizado com seu ecommerce da Shopify.<\/p>\n<p>Sincronize as segmenta\u00e7\u00f5es de sua conta da Shopify com suas listas da Benchmark Email. Conforme a lista de clientes de seu ecommerce crescer, seus novos contatos ser\u00e3o adicionados automaticamente em sua conta da Benchmark. Assim, voc\u00ea garante que sua lista est\u00e1 sempre atualizada, sem precisar fazer a importa\u00e7\u00e3o manual de seus contatos a cada vez que for disparar um email.\u00a0<\/p>\n<p>Quer usar essa integra\u00e7\u00e3o agora? Aprenda como sincronizar suas segmenta\u00e7\u00f5es da Shopify com suas listas da Benchmark Email <a href=\"https:\/\/kb.benchmarkemail.com\/br\/integrar-benchmark-com-shopify\/\">nesse artigo<\/a> que preparamos pra voc\u00ea.<\/p>\n<h2>\n\t\tPromova seus produtos da Shopify atrav\u00e9s do Email Marketing\n\t<\/h2>\n\t<p>O Bloco de <a href=\"https:\/\/kb.benchmarkemail.com\/br\/integrar-benchmark-com-shopify\/#bloco-produtos\">Produtos da Shopify permite<\/a> que voc\u00ea adicione facilmente os produtos de seu ecommerce em suas campanhas de email marketing. Assim voc\u00ea aumenta suas oportunidades de vendas a cada envio que fizer!\u00a0<\/p>\n<p>Conecte seu ecommerce da Shopify com sua conta da Benchmark Email, para que voc\u00ea possa adicionar as informa\u00e7\u00f5es de seus produtos diretamente nos templates de seus emails. Em poucos minutos, \u00e9 poss\u00edvel criar uma campanha incr\u00edvel para vender mais!<\/p>\n<p>Aprenda como adicionar seus produtos da Shopify em seus emails da Benchmark <a href=\"https:\/\/kb.benchmarkemail.com\/br\/integrar-benchmark-com-shopify\/#bloco-produtos\">nesse artigo.<\/a><\/p>\n<h2>\n\t\tVenda mais, com menos esfor\u00e7o, atrav\u00e9s da Sincroniza\u00e7\u00e3o e do Bloco de Produtos da Shopify\n\t<\/h2>\n\t<p>Como empreendedor, voc\u00ea precisa das ferramentas certas para economizar tempo e gerar mais faturamento. Foque sua energia nas partes mais importantes de seu neg\u00f3cio, enquanto as integra\u00e7\u00f5es da Benchmark com a Shopify mant\u00e9m suas vendas em alta de maneira autom\u00e1tica.<\/p>\n<h3>\n\t\tConstrua uma Marca Forte e tenha Clientes Fi\u00e9is\n\t<\/h3>\n\t<p>Voc\u00ea sabe que o sucesso do seu neg\u00f3cio depende da satisfa\u00e7\u00e3o de seus clientes. Eles precisam lembrar constantemente de sua marca, para que queiram sempre comprar seus produtos ou servi\u00e7os. Com a Sincroniza\u00e7\u00e3o com a Shopify, voc\u00ea garante que nenhum de seus clientes fica de fora de suas newsletters e emails promocionais.<\/p>\n<h3>\n\t\tMaximize sua Lucratividade com Marketing Inteligente\n\t<\/h3>\n\t<p>Quando utilizada corretamente, a automa\u00e7ao de marketing pode te trazer at\u00e9 <a href=\"https:\/\/nucleusresearch.com\/research\/single\/marketing-automation-returns-5-44-for-every-dollar-spent\/\">$5.44 para cada $1 que voc\u00ea investir<\/a>. Utilize o <a href=\"https:\/\/www.benchmarkemail.com\/br\/features\/marketing-automation\/\"> Automation Pro<\/a>, da Benchmark Email para atingir suas metas de vendas. Com ele, \u00e9 poss\u00edvel desenhar seu funil de vendas de maneira descomplicada. Assim, voc\u00ea atinge cada cliente nos momentos em que eles estiverem mais propensos a comprar de voc\u00ea.<\/p>\n<h3>\n\t\tMostre seus Produtos para Mais Pessoas\n\t<\/h3>\n\t<p>Est\u00e1 fazendo o lan\u00e7amento de um novo produto? O Bloco de Produtos da Shopify permite que voc\u00ea adicione facilmente itens cadastrados em seu ecommerce, em sua campanha de email marketing. Seus produtos ter\u00e3o o destaque que merecem, e voc\u00ea manter\u00e1 seus clientes sempre atualizados sobre as novidades de seu neg\u00f3cio.\u00a0\u00a0<\/p>\n<p>Pronto para aumentar as vendas de seu ecommerce atrav\u00e9s do email marketing? Ative a Sincroniza\u00e7\u00e3o com a Shopify, e adicione os produtos de seu ecommerce em seu email marketing de maneira simples e r\u00e1pida. Saiba mais sobre nossas <a href=\"https:\/\/kb.benchmarkemail.com\/br\/integrar-benchmark-com-shopify\/\"> Integra\u00e7\u00f5es com a Shopify.<\/a><\/p>\n\t\t\t\t<img decoding=\"async\" src=\"https:\/\/www.benchmarkemail.com\/wp-content\/uploads\/2019\/11\/Shopify.png\" alt=\"Shopify\" itemprop=\"image\" title=\"Shopify\" onerror=\"this.style.display='none'\"  \/>\n\t\t\t<a href=\"https:\/\/kb.benchmarkemail.com\/en\/integrate-benchmark-shopify\/\" target=\"_self\" role=\"button\" rel=\"noopener\">\n\t\t\t\t\t\t\tConectar Agora\n\t\t\t\t\t<\/a>\n\n","protected":false},"excerpt":{"rendered":"<p>Integra\u00e7\u00e3o da Benchmark Email com a Shopify Voc\u00ea est\u00e1 buscando por uma forma mais f\u00e1cil de vender seus produtos na Shopify? Envie emails promocionais para seus clientes de maneira r\u00e1pida, atrav\u00e9s da Sincroniza\u00e7\u00e3o da Benchmark Email com a Shopify. Descomplique sua estrat\u00e9gia de email marketing para vender mais. Mantenha sua lista de clientes sempre atualizada,&hellip;<\/p>\n","protected":false},"author":7,"featured_media":0,"parent":450,"menu_order":0,"comment_status":"closed","ping_status":"closed","template":"","meta":{"inline_featured_image":false,"footnotes":""},"class_list":["post-29843","page","type-page","status-publish","hentry"],"yoast_head":"<!-- This site is optimized with the Yoast SEO plugin v27.3 - https:\/\/yoast.com\/product\/yoast-seo-wordpress\/ -->\n<title>Shopify - Benchmark Email<\/title>\n<meta name=\"description\" content=\"Integra\u00e7\u00e3o da Benchmark Email com a Shopify Voc\u00ea est\u00e1 buscando por uma forma mais f\u00e1cil de vender seus produtos na Shopify? Envie emails promocionais para\" \/>\n<meta name=\"robots\" content=\"index, follow, max-snippet:-1, max-image-preview:large, max-video-preview:-1\" \/>\n<link rel=\"canonical\" href=\"https:\/\/www.benchmarkemail.com\/br\/partners\/integrations\/shopify-email-integration\/\" \/>\n<meta property=\"og:locale\" content=\"en_US\" \/>\n<meta property=\"og:type\" content=\"article\" \/>\n<meta property=\"og:title\" content=\"Shopify - Benchmark Email\" \/>\n<meta property=\"og:description\" content=\"Integra\u00e7\u00e3o da Benchmark Email com a Shopify Voc\u00ea est\u00e1 buscando por uma forma mais f\u00e1cil de vender seus produtos na Shopify? Envie emails promocionais para\" \/>\n<meta property=\"og:url\" content=\"https:\/\/www.benchmarkemail.com\/br\/partners\/integrations\/shopify-email-integration\/\" \/>\n<meta property=\"og:site_name\" content=\"Benchmark Email em Portugu\u00eas\" \/>\n<meta property=\"article:publisher\" content=\"https:\/\/www.facebook.com\/BenchmarkBR\" \/>\n<meta property=\"article:modified_time\" content=\"2026-03-04T11:58:43+00:00\" \/>\n<meta property=\"og:image\" content=\"https:\/\/www.benchmarkemail.com\/wp-content\/uploads\/2019\/11\/Shopify.png\" \/>\n<meta name=\"twitter:card\" content=\"summary_large_image\" \/>\n<meta name=\"twitter:label1\" content=\"Est. reading time\" \/>\n\t<meta name=\"twitter:data1\" content=\"3 minutes\" \/>\n<script type=\"application\/ld+json\" class=\"yoast-schema-graph\">{\"@context\":\"https:\\\/\\\/schema.org\",\"@graph\":[{\"@type\":\"WebPage\",\"@id\":\"https:\\\/\\\/www.benchmarkemail.com\\\/br\\\/partners\\\/integrations\\\/shopify-email-integration\\\/\",\"url\":\"https:\\\/\\\/www.benchmarkemail.com\\\/br\\\/partners\\\/integrations\\\/shopify-email-integration\\\/\",\"name\":\"Shopify - Benchmark Email\",\"isPartOf\":{\"@id\":\"https:\\\/\\\/www.benchmarkemail.com\\\/br\\\/#website\"},\"primaryImageOfPage\":{\"@id\":\"https:\\\/\\\/www.benchmarkemail.com\\\/br\\\/partners\\\/integrations\\\/shopify-email-integration\\\/#primaryimage\"},\"image\":{\"@id\":\"https:\\\/\\\/www.benchmarkemail.com\\\/br\\\/partners\\\/integrations\\\/shopify-email-integration\\\/#primaryimage\"},\"thumbnailUrl\":\"https:\\\/\\\/www.benchmarkemail.com\\\/wp-content\\\/uploads\\\/2019\\\/11\\\/Shopify.png\",\"datePublished\":\"2022-10-07T13:14:56+00:00\",\"dateModified\":\"2026-03-04T11:58:43+00:00\",\"description\":\"Integra\u00e7\u00e3o da Benchmark Email com a Shopify Voc\u00ea est\u00e1 buscando por uma forma mais f\u00e1cil de vender seus produtos na Shopify? Envie emails promocionais para\",\"breadcrumb\":{\"@id\":\"https:\\\/\\\/www.benchmarkemail.com\\\/br\\\/partners\\\/integrations\\\/shopify-email-integration\\\/#breadcrumb\"},\"inLanguage\":\"en-US\",\"potentialAction\":[{\"@type\":\"ReadAction\",\"target\":[\"https:\\\/\\\/www.benchmarkemail.com\\\/br\\\/partners\\\/integrations\\\/shopify-email-integration\\\/\"]}]},{\"@type\":\"ImageObject\",\"inLanguage\":\"en-US\",\"@id\":\"https:\\\/\\\/www.benchmarkemail.com\\\/br\\\/partners\\\/integrations\\\/shopify-email-integration\\\/#primaryimage\",\"url\":\"https:\\\/\\\/www.benchmarkemail.com\\\/wp-content\\\/uploads\\\/2019\\\/11\\\/Shopify.png\",\"contentUrl\":\"https:\\\/\\\/www.benchmarkemail.com\\\/wp-content\\\/uploads\\\/2019\\\/11\\\/Shopify.png\"},{\"@type\":\"BreadcrumbList\",\"@id\":\"https:\\\/\\\/www.benchmarkemail.com\\\/br\\\/partners\\\/integrations\\\/shopify-email-integration\\\/#breadcrumb\",\"itemListElement\":[{\"@type\":\"ListItem\",\"position\":1,\"name\":\"Home\",\"item\":\"https:\\\/\\\/www.benchmarkemail.com\\\/br\\\/\"},{\"@type\":\"ListItem\",\"position\":2,\"name\":\"Partners\",\"item\":\"https:\\\/\\\/www.benchmarkemail.com\\\/br\\\/partners\\\/\"},{\"@type\":\"ListItem\",\"position\":3,\"name\":\"Integration Partners\",\"item\":\"https:\\\/\\\/www.benchmarkemail.com\\\/br\\\/partners\\\/integrations\\\/\"},{\"@type\":\"ListItem\",\"position\":4,\"name\":\"Shopify\"}]},{\"@type\":\"WebSite\",\"@id\":\"https:\\\/\\\/www.benchmarkemail.com\\\/br\\\/#website\",\"url\":\"https:\\\/\\\/www.benchmarkemail.com\\\/br\\\/\",\"name\":\"Benchmark Email em Portugu\u00eas\",\"description\":\"\",\"publisher\":{\"@id\":\"https:\\\/\\\/www.benchmarkemail.com\\\/br\\\/#organization\"},\"potentialAction\":[{\"@type\":\"SearchAction\",\"target\":{\"@type\":\"EntryPoint\",\"urlTemplate\":\"https:\\\/\\\/www.benchmarkemail.com\\\/br\\\/?s={search_term_string}\"},\"query-input\":{\"@type\":\"PropertyValueSpecification\",\"valueRequired\":true,\"valueName\":\"search_term_string\"}}],\"inLanguage\":\"en-US\"},{\"@type\":\"Organization\",\"@id\":\"https:\\\/\\\/www.benchmarkemail.com\\\/br\\\/#organization\",\"name\":\"Benchmark Internet Group, LLC\",\"url\":\"https:\\\/\\\/www.benchmarkemail.com\\\/br\\\/\",\"logo\":{\"@type\":\"ImageObject\",\"inLanguage\":\"en-US\",\"@id\":\"https:\\\/\\\/www.benchmarkemail.com\\\/br\\\/#\\\/schema\\\/logo\\\/image\\\/\",\"url\":\"https:\\\/\\\/www.benchmarkemail.com\\\/br\\\/wp-content\\\/uploads\\\/sites\\\/6\\\/2019\\\/09\\\/benchmark-logo.svg\",\"contentUrl\":\"https:\\\/\\\/www.benchmarkemail.com\\\/br\\\/wp-content\\\/uploads\\\/sites\\\/6\\\/2019\\\/09\\\/benchmark-logo.svg\",\"width\":1,\"height\":1,\"caption\":\"Benchmark Internet Group, LLC\"},\"image\":{\"@id\":\"https:\\\/\\\/www.benchmarkemail.com\\\/br\\\/#\\\/schema\\\/logo\\\/image\\\/\"},\"sameAs\":[\"https:\\\/\\\/www.facebook.com\\\/BenchmarkBR\"]}]}<\/script>\n<!-- \/ Yoast SEO plugin. -->","yoast_head_json":{"title":"Shopify - Benchmark Email","description":"Integra\u00e7\u00e3o da Benchmark Email com a Shopify Voc\u00ea est\u00e1 buscando por uma forma mais f\u00e1cil de vender seus produtos na Shopify? Envie emails promocionais para","robots":{"index":"index","follow":"follow","max-snippet":"max-snippet:-1","max-image-preview":"max-image-preview:large","max-video-preview":"max-video-preview:-1"},"canonical":"https:\/\/www.benchmarkemail.com\/br\/partners\/integrations\/shopify-email-integration\/","og_locale":"en_US","og_type":"article","og_title":"Shopify - Benchmark Email","og_description":"Integra\u00e7\u00e3o da Benchmark Email com a Shopify Voc\u00ea est\u00e1 buscando por uma forma mais f\u00e1cil de vender seus produtos na Shopify? Envie emails promocionais para","og_url":"https:\/\/www.benchmarkemail.com\/br\/partners\/integrations\/shopify-email-integration\/","og_site_name":"Benchmark Email em Portugu\u00eas","article_publisher":"https:\/\/www.facebook.com\/BenchmarkBR","article_modified_time":"2026-03-04T11:58:43+00:00","og_image":[{"url":"https:\/\/www.benchmarkemail.com\/wp-content\/uploads\/2019\/11\/Shopify.png","type":"","width":"","height":""}],"twitter_card":"summary_large_image","twitter_misc":{"Est. reading time":"3 minutes"},"schema":{"@context":"https:\/\/schema.org","@graph":[{"@type":"WebPage","@id":"https:\/\/www.benchmarkemail.com\/br\/partners\/integrations\/shopify-email-integration\/","url":"https:\/\/www.benchmarkemail.com\/br\/partners\/integrations\/shopify-email-integration\/","name":"Shopify - Benchmark Email","isPartOf":{"@id":"https:\/\/www.benchmarkemail.com\/br\/#website"},"primaryImageOfPage":{"@id":"https:\/\/www.benchmarkemail.com\/br\/partners\/integrations\/shopify-email-integration\/#primaryimage"},"image":{"@id":"https:\/\/www.benchmarkemail.com\/br\/partners\/integrations\/shopify-email-integration\/#primaryimage"},"thumbnailUrl":"https:\/\/www.benchmarkemail.com\/wp-content\/uploads\/2019\/11\/Shopify.png","datePublished":"2022-10-07T13:14:56+00:00","dateModified":"2026-03-04T11:58:43+00:00","description":"Integra\u00e7\u00e3o da Benchmark Email com a Shopify Voc\u00ea est\u00e1 buscando por uma forma mais f\u00e1cil de vender seus produtos na Shopify? Envie emails promocionais para","breadcrumb":{"@id":"https:\/\/www.benchmarkemail.com\/br\/partners\/integrations\/shopify-email-integration\/#breadcrumb"},"inLanguage":"en-US","potentialAction":[{"@type":"ReadAction","target":["https:\/\/www.benchmarkemail.com\/br\/partners\/integrations\/shopify-email-integration\/"]}]},{"@type":"ImageObject","inLanguage":"en-US","@id":"https:\/\/www.benchmarkemail.com\/br\/partners\/integrations\/shopify-email-integration\/#primaryimage","url":"https:\/\/www.benchmarkemail.com\/wp-content\/uploads\/2019\/11\/Shopify.png","contentUrl":"https:\/\/www.benchmarkemail.com\/wp-content\/uploads\/2019\/11\/Shopify.png"},{"@type":"BreadcrumbList","@id":"https:\/\/www.benchmarkemail.com\/br\/partners\/integrations\/shopify-email-integration\/#breadcrumb","itemListElement":[{"@type":"ListItem","position":1,"name":"Home","item":"https:\/\/www.benchmarkemail.com\/br\/"},{"@type":"ListItem","position":2,"name":"Partners","item":"https:\/\/www.benchmarkemail.com\/br\/partners\/"},{"@type":"ListItem","position":3,"name":"Integration Partners","item":"https:\/\/www.benchmarkemail.com\/br\/partners\/integrations\/"},{"@type":"ListItem","position":4,"name":"Shopify"}]},{"@type":"WebSite","@id":"https:\/\/www.benchmarkemail.com\/br\/#website","url":"https:\/\/www.benchmarkemail.com\/br\/","name":"Benchmark Email em Portugu\u00eas","description":"","publisher":{"@id":"https:\/\/www.benchmarkemail.com\/br\/#organization"},"potentialAction":[{"@type":"SearchAction","target":{"@type":"EntryPoint","urlTemplate":"https:\/\/www.benchmarkemail.com\/br\/?s={search_term_string}"},"query-input":{"@type":"PropertyValueSpecification","valueRequired":true,"valueName":"search_term_string"}}],"inLanguage":"en-US"},{"@type":"Organization","@id":"https:\/\/www.benchmarkemail.com\/br\/#organization","name":"Benchmark Internet Group, LLC","url":"https:\/\/www.benchmarkemail.com\/br\/","logo":{"@type":"ImageObject","inLanguage":"en-US","@id":"https:\/\/www.benchmarkemail.com\/br\/#\/schema\/logo\/image\/","url":"https:\/\/www.benchmarkemail.com\/br\/wp-content\/uploads\/sites\/6\/2019\/09\/benchmark-logo.svg","contentUrl":"https:\/\/www.benchmarkemail.com\/br\/wp-content\/uploads\/sites\/6\/2019\/09\/benchmark-logo.svg","width":1,"height":1,"caption":"Benchmark Internet Group, LLC"},"image":{"@id":"https:\/\/www.benchmarkemail.com\/br\/#\/schema\/logo\/image\/"},"sameAs":["https:\/\/www.facebook.com\/BenchmarkBR"]}]}},"_links":{"self":[{"href":"https:\/\/www.benchmarkemail.com\/br\/wp-json\/wp\/v2\/pages\/29843","targetHints":{"allow":["GET"]}}],"collection":[{"href":"https:\/\/www.benchmarkemail.com\/br\/wp-json\/wp\/v2\/pages"}],"about":[{"href":"https:\/\/www.benchmarkemail.com\/br\/wp-json\/wp\/v2\/types\/page"}],"author":[{"embeddable":true,"href":"https:\/\/www.benchmarkemail.com\/br\/wp-json\/wp\/v2\/users\/7"}],"replies":[{"embeddable":true,"href":"https:\/\/www.benchmarkemail.com\/br\/wp-json\/wp\/v2\/comments?post=29843"}],"version-history":[{"count":0,"href":"https:\/\/www.benchmarkemail.com\/br\/wp-json\/wp\/v2\/pages\/29843\/revisions"}],"up":[{"embeddable":true,"href":"https:\/\/www.benchmarkemail.com\/br\/wp-json\/wp\/v2\/pages\/450"}],"wp:attachment":[{"href":"https:\/\/www.benchmarkemail.com\/br\/wp-json\/wp\/v2\/media?parent=29843"}],"curies":[{"name":"wp","href":"https:\/\/api.w.org\/{rel}","templated":true}]}}