{"id":33674,"date":"2023-03-23T16:07:18","date_gmt":"2023-03-23T16:07:18","guid":{"rendered":"https:\/\/benchmarkemail.wpengine.com\/br\/?page_id=33674"},"modified":"2023-06-07T11:31:36","modified_gmt":"2023-06-07T11:31:36","slug":"enterprise-email-solutions","status":"publish","type":"page","link":"https:\/\/www.benchmarkemail.com\/br\/enterprise-email-solutions\/","title":{"rendered":"Enterprise Email Solutions"},"content":{"rendered":"\n<h1>\n\t\tSeguran\u00e7a &#038; Confiabilidade Entregue\n\t<\/h1>\n<h2>\n\t\tSolu\u00e7\u00f5es de e-mail empresarial de Benchmark Email\n\t<\/h2>\n\t\t\t<a href=\"https:\/\/www.benchmarkemail.com\/br\/pricing\/\" target=\"_self\" rel=\"noopener\">\n\t\t\t\t\t\t\tVER PRICADO\n\t\t\t\t\t<\/a>\n\t<p>Precisa de um plano especial? <a href=\"https:\/\/www.benchmarkemail.com\/br\/landing-pages\/enterprise-pricing-request\/\"> Bate-papo com Vendas<\/a><\/p>\n\t\t\t\t<img loading=\"lazy\" decoding=\"async\" src=\"https:\/\/www.benchmarkemail.com\/wp-content\/uploads\/2022\/10\/header-hero-image.webp\" alt=\"header-hero-image\" itemprop=\"image\" height=\"1002\" width=\"1164\" title=\"header-hero-image\" onerror=\"this.style.display='none'\"  \/>\n\t<p>As marcas l\u00edderes mundiais confiam seus e-mails \u00e0 Benchmark<\/p>\n\t\t\t\t<img loading=\"lazy\" decoding=\"async\" src=\"https:\/\/www.benchmarkemail.com\/wp-content\/uploads\/2022\/08\/haymarket-logo.png\" alt=\"haymarket-logo\" itemprop=\"image\" height=\"70\" width=\"326\" title=\"haymarket-logo\" onerror=\"this.style.display='none'\"  \/>\n\t\t\t\t<img loading=\"lazy\" decoding=\"async\" src=\"https:\/\/www.benchmarkemail.com\/wp-content\/uploads\/2022\/08\/Marriott-logo.png\" alt=\"Marriott logo\" itemprop=\"image\" height=\"80\" width=\"230\" title=\"Marriott logo\" onerror=\"this.style.display='none'\"  \/>\n\t\t\t\t<img loading=\"lazy\" decoding=\"async\" src=\"https:\/\/www.benchmarkemail.com\/wp-content\/uploads\/2022\/08\/Kraft-Heinz.png\" alt=\"Kraft-Heinz\" itemprop=\"image\" height=\"80\" width=\"310\" title=\"Kraft-Heinz\" onerror=\"this.style.display='none'\"  \/>\n\t\t\t\t<img loading=\"lazy\" decoding=\"async\" src=\"https:\/\/www.benchmarkemail.com\/wp-content\/uploads\/2022\/08\/BBC-Logo.png\" alt=\"BBC-Logo\" itemprop=\"image\" height=\"80\" width=\"230\" title=\"BBC-Logo\" onerror=\"this.style.display='none'\"  \/>\n\t\t\t\t<img loading=\"lazy\" decoding=\"async\" src=\"https:\/\/www.benchmarkemail.com\/wp-content\/uploads\/2022\/08\/Brother-logo.png\" alt=\"Brother-logo\" itemprop=\"image\" height=\"80\" width=\"206\" title=\"Brother-logo\" onerror=\"this.style.display='none'\"  \/>\n\t\t\t\t<img loading=\"lazy\" decoding=\"async\" src=\"https:\/\/www.benchmarkemail.com\/wp-content\/uploads\/2022\/08\/Merck-logo.png\" alt=\"Merck-logo\" itemprop=\"image\" height=\"80\" width=\"364\" title=\"Merck-logo\" onerror=\"this.style.display='none'\"  \/>\n\t\t\t\t<img loading=\"lazy\" decoding=\"async\" src=\"https:\/\/www.benchmarkemail.com\/wp-content\/uploads\/2022\/08\/Security-and-Compliance.png\" alt=\"Security and Compliance\" itemprop=\"image\" height=\"678\" width=\"1104\" title=\"Security and Compliance\" onerror=\"this.style.display='none'\"  \/>\n<h2>\n\t\tSeguran\u00e7a e conformidade\n\t<\/h2>\n<h3>\n\t\tColocando a Seguran\u00e7a e Privacidade dos Dados em Primeiro Lugar\n\t<\/h3>\n\t<p>A prote\u00e7\u00e3o de seus dados e dos dados de seus clientes \u00e9 nossa prioridade m\u00e1xima. Com uma presen\u00e7a internacional, estamos comprometidos em aderir aos mais recentes padr\u00f5es de privacidade e conformidade de dados em todo o mundo.<\/p>\n\tEm conformidade com a GDPR &#038; CCPA<br \/>\nCertificado de Prote\u00e7\u00e3o de Privacidade UE-EUA e Su\u00ed\u00e7a-EUA<br \/>\nResolu\u00e7\u00e3o de disputas atrav\u00e9s da TrustArc<br \/>\nCriptografia de dados TLS<br \/>\nMonitoramento cont\u00ednuo da superf\u00edcie de ataque\n<h2>\n\t\tConfiabilidade de entrega\n\t<\/h2>\n<h3>\n\t\tV\u00e1 para a caixa de entrada com o aprendizado da m\u00e1quina\n\t<\/h3>\n\t<p>V\u00e1 para a caixa de entrada com o aprendizado da m\u00e1quina. Cada envio de e-mail \u00e9 apoiado pelo Smart Sending AI, nossa tecnologia propriet\u00e1ria de aprendizado de m\u00e1quina que melhora o envolvimento do e-mail para maximizar a entregabilidade. Quer voc\u00ea esteja enviando milhares ou milh\u00f5es de e-mails por m\u00eas, nossa infra-estrutura de e-mail \u00e9 constru\u00edda para escalar com voc\u00ea.<\/p>\n\tE-Mail Whitelabeling<br \/>\nIP dedicado<br \/>\nMonitoramento da entregabilidade\n\t\t\t\t<img loading=\"lazy\" decoding=\"async\" src=\"https:\/\/www.benchmarkemail.com\/wp-content\/uploads\/2022\/08\/Dependable-Deliverability.png\" alt=\"Dependable Deliverability\" itemprop=\"image\" height=\"678\" width=\"1104\" title=\"Dependable Deliverability\" onerror=\"this.style.display='none'\"  \/>\n\t\t\t\t<img loading=\"lazy\" decoding=\"async\" src=\"https:\/\/www.benchmarkemail.com\/wp-content\/uploads\/2022\/11\/reliable-support.webp\" alt=\"reliable-support\" itemprop=\"image\" height=\"678\" width=\"1104\" title=\"reliable-support\" onerror=\"this.style.display='none'\"  \/>\n<h2>\n\t\tApoio confi\u00e1vel\n\t<\/h2>\n<h3>\n\t\tEspecializa\u00e7\u00e3o em Email Marketing\n\t<\/h3>\n\t<p>Desde 2004, conectamos empresas com seus clientes e potenciais clientes atrav\u00e9s do e-mail marketing. Da entregabilidade e gerenciamento de listas \u00e0 estrat\u00e9gia de e-mail marketing, nossa equipe de especialistas est\u00e1 aqui para ajud\u00e1-lo a atingir seus objetivos.<\/p>\n\tSuporte 24\/7<br \/>\nConfigura\u00e7\u00e3o de Conta Gerenciada<br \/>\nUps do exame de sa\u00fade da conta\n<h2>\n\t\tPresen\u00e7a global\n\t<\/h2>\n<h3>\n\t\tServindo voc\u00ea com uma pegada internacional\n\t<\/h3>\n\t<p>Nossa plataforma de e-mail marketing est\u00e1 dispon\u00edvel em 9 idiomas e oferece suporte local para 15 regi\u00f5es ao redor do mundo. N\u00e3o importa para onde sua empresa o leve, o Benchmark Email est\u00e1 l\u00e1 para ajud\u00e1-lo a se conectar \u00e0 sua base de clientes globais.<\/p>\n\t<a href=\"https:\/\/benchmarkemail.com\">\n<img decoding=\"async\" src=\"https:\/\/www.benchmarkemail.com\/wp-content\/uploads\/2022\/08\/US-Flag.png\"\/> &#038;nbsp&nbsp;English\n<\/a>\n\t<a href=\"https:\/\/www.benchmarkemail.com\/es\/\">\n<img decoding=\"async\" src=\"https:\/\/www.benchmarkemail.com\/wp-content\/uploads\/2022\/08\/ES-Flag.png\"\/> &#038;nbsp&nbsp;Espa\u00f1ol\n<\/a>\n\t<a href=\"https:\/\/www.benchmarkemail.com\/de\/\">\n<img decoding=\"async\" src=\"https:\/\/www.benchmarkemail.com\/wp-content\/uploads\/2022\/08\/DE-Flag.png\"\/> &#038;nbsp&nbsp;Deutsch\n<\/a>\n\t<a href=\"https:\/\/www.benchmarkemail.com\/tw\/\">\n<img decoding=\"async\" src=\"https:\/\/www.benchmarkemail.com\/wp-content\/uploads\/2022\/08\/TW-Flag.png\"\/> &#038;nbsp&nbsp;\u7e41\u9ad4\u4e2d\u6587\n<\/a>\n\t<a href=\"https:\/\/www.benchmarkemail.com\/cn\/\">\n<img decoding=\"async\" src=\"https:\/\/www.benchmarkemail.com\/wp-content\/uploads\/2022\/08\/CN-Flag.png\"\/> &#038;nbsp&nbsp;\u7b80\u4f53\u4e2d\u6587\n<a><\/a>\n\t<\/a><a href=\"https:\/\/www.benchmarkemail.com\/jp\/\">\n<img decoding=\"async\" src=\"https:\/\/www.benchmarkemail.com\/wp-content\/uploads\/2022\/08\/JP-Flag.png\"\/> &#038;nbsp&nbsp;\u65e5\u672c\u8a9e\n<\/a>\n\t<a href=\"https:\/\/www.benchmarkemail.com\/it\/\">\n<img decoding=\"async\" src=\"https:\/\/www.benchmarkemail.com\/wp-content\/uploads\/2022\/08\/MX-Flag.png\"\/> &#038;nbsp&nbsp;Italiano\n<\/a>\n\t<a href=\"https:\/\/www.benchmarkemail.com\/br\/\">\n<img decoding=\"async\" src=\"https:\/\/www.benchmarkemail.com\/wp-content\/uploads\/2022\/08\/BR-Flag.png\"\/> &#038;nbsp&nbsp;Portugu\u00eas\n<\/a>\n\t<a href=\"https:\/\/www.benchmarkemail.com\/fr\/\">\n<img decoding=\"async\" src=\"https:\/\/www.benchmarkemail.com\/wp-content\/uploads\/2022\/08\/FR-Flag.png\"\/> &#038;nbsp&nbsp;Fran\u00e7ais\n<\/a>\n<h3>\n\t\tSolu\u00e7\u00f5es de Email Marketing para\n\t<\/h3>\n\t\t\t\t<img loading=\"lazy\" decoding=\"async\" src=\"https:\/\/www.benchmarkemail.com\/br\/wp-content\/uploads\/sites\/6\/2023\/03\/Enterprise.png\" alt=\"Enterprise\" itemprop=\"image\" height=\"254\" width=\"386\" title=\"Enterprise\" onerror=\"this.style.display='none'\"  \/>\n<h4>\n\t\tEmpresas\n\t<\/h4>\n\t<p>Com seguran\u00e7a, conformidade e entregabilidade no topo da cabe\u00e7a, as marcas l\u00edderes em todo o mundo confiam no Benchmark Email para enviar e-mails em escala.<\/p>\n\t<p><a href=\"https:\/\/www.benchmarkemail.com\/br\/landing-pages\/enterprise-pricing-request\/\"> Fale com um Especialista Empresarial<\/a><\/p>\n\t\t\t\t<img loading=\"lazy\" decoding=\"async\" src=\"https:\/\/www.benchmarkemail.com\/br\/wp-content\/uploads\/sites\/6\/2023\/03\/High-Volume-Senders.png\" alt=\"High-Volume-Senders\" itemprop=\"image\" height=\"254\" width=\"386\" title=\"High-Volume-Senders\" onerror=\"this.style.display='none'\"  \/>\n<h4>\n\t\tRemetentes de Alto Volume\n\t<\/h4>\n\t<p>Uma infra-estrutura de e-mail escal\u00e1vel apoiada por nossa equipe de especialistas em entregabilidade garante que seus e-mails de alto volume cheguem \u00e0 caixa de entrada.<\/p>\n\t<p><a href=\"\/br\/high-volume-email\/\">Ver Solu\u00e7\u00f5es para Remetentes de Alto Volume\u00a0<\/a><\/p>\n\t\t\t\t<img loading=\"lazy\" decoding=\"async\" src=\"https:\/\/www.benchmarkemail.com\/br\/wp-content\/uploads\/sites\/6\/2023\/03\/High-Volume-Senders---1.png\" alt=\"High-Volume-Senders---1\" itemprop=\"image\" height=\"254\" width=\"386\" title=\"High-Volume-Senders---1\" onerror=\"this.style.display='none'\"  \/>\n<h4>\n\t\tMarqueteiros\n\t<\/h4>\n\t<p>Lan\u00e7ar sua estrat\u00e9gia de e-mail marketing nunca foi t\u00e3o f\u00e1cil com um conjunto de ferramentas f\u00e1ceis de usar apoiadas pelo poder da IA e do aprendizado da m\u00e1quina.<\/p>\n\t<p><a href=\"https:\/\/www.benchmarkemail.com\/br\/features\/email-builder\/\">Explore as caracter\u00edsticas do Email Marketing<\/a><\/p>\n\t\t\t\t<img loading=\"lazy\" decoding=\"async\" src=\"https:\/\/www.benchmarkemail.com\/wp-content\/uploads\/2022\/08\/Ecommerce.png\" alt=\"Ecommerce\" itemprop=\"image\" height=\"254\" width=\"386\" title=\"Ecommerce\" onerror=\"this.style.display='none'\"  \/>\n<h4>\n\t\tEcommerce\n\t<\/h4>\n\t<p>Enviar facilmente mensagens direcionadas para transformar os compradores on-line em clientes novos e repetidos. Venda mais com ferramentas que entregam seus produtos para a caixa de entrada.<\/p>\n\t<p><a href=\"https:\/\/www.benchmarkemail.com\/br\/features\/ecommerce\/\">Venda Mais com Ferramentas de Com\u00e9rcio Eletr\u00f4nico<\/a><\/p>\n\t\t\t\t<img loading=\"lazy\" decoding=\"async\" src=\"https:\/\/www.benchmarkemail.com\/wp-content\/uploads\/2022\/08\/Developers.png\" alt=\"Developers\" itemprop=\"image\" height=\"254\" width=\"386\" title=\"Developers\" onerror=\"this.style.display='none'\"  \/>\n<h4>\n\t\tDesenvolvedores\n\t<\/h4>\n\t<p>Construa nosso servi\u00e7o em seu fluxo de trabalho ou plataforma pr\u00e9-existente para obter dados de relat\u00f3rio, enviar e-mails, lista de constru\u00e7\u00e3o e muito mais com nossa API RESTful.<\/p>\n\t<p><a href=\"https:\/\/www.benchmarkemail.com\/br\/developers\/\">Explore nossas APIs<\/a><\/p>\n\t\t\t\t<img loading=\"lazy\" decoding=\"async\" src=\"https:\/\/www.benchmarkemail.com\/wp-content\/uploads\/2022\/08\/rocket.png\" alt=\"rocket\" itemprop=\"image\" height=\"118\" width=\"118\" title=\"rocket\" onerror=\"this.style.display='none'\"  \/>\n<h3>\n\t\tComece hoje\n\t<\/h3>\n\t\t\t<a href=\"https:\/\/ui.benchmarkemail.com\/br\/register\" target=\"_self\" rel=\"noopener\">\n\t\t\t\t\t\t\tSIGNIFIQUE GR\u00c1TIS\n\t\t\t\t\t<\/a>\n\t<p>Precisa de um plano especial?<a href=\"https:\/\/www.benchmarkemail.com\/br\/landing-pages\/enterprise-pricing-request\/\"> Bate-papo com Vendas <\/a><\/p>\n\t<p><strong>Blogs Recentes:<\/strong><\/p>\n\n","protected":false},"excerpt":{"rendered":"<p>Seguran\u00e7a &#038; Confiabilidade Entregue Solu\u00e7\u00f5es de e-mail empresarial de Benchmark Email VER PRICADO Precisa de um plano especial? Bate-papo com Vendas As marcas l\u00edderes mundiais confiam seus e-mails \u00e0 Benchmark Seguran\u00e7a e conformidade Colocando a Seguran\u00e7a e Privacidade dos Dados em Primeiro Lugar A prote\u00e7\u00e3o de seus dados e dos dados de seus clientes \u00e9&hellip;<\/p>\n","protected":false},"author":7,"featured_media":0,"parent":0,"menu_order":0,"comment_status":"closed","ping_status":"closed","template":"","meta":{"inline_featured_image":false,"footnotes":""},"class_list":["post-33674","page","type-page","status-publish","hentry"],"yoast_head":"<!-- This site is optimized with the Yoast SEO plugin v27.3 - https:\/\/yoast.com\/product\/yoast-seo-wordpress\/ -->\n<title>Enterprise Email Solutions - Benchmark Email<\/title>\n<meta name=\"robots\" content=\"index, follow, max-snippet:-1, max-image-preview:large, max-video-preview:-1\" \/>\n<link rel=\"canonical\" href=\"https:\/\/www.benchmarkemail.com\/br\/enterprise-email-solutions\/\" \/>\n<meta property=\"og:locale\" content=\"en_US\" \/>\n<meta property=\"og:type\" content=\"article\" \/>\n<meta property=\"og:title\" content=\"Enterprise Email Solutions - Benchmark Email\" \/>\n<meta property=\"og:description\" content=\"Seguran\u00e7a &#038; Confiabilidade Entregue Solu\u00e7\u00f5es de e-mail empresarial de Benchmark Email VER PRICADO Precisa de um plano especial? Bate-papo com Vendas As marcas l\u00edderes mundiais confiam seus e-mails \u00e0 Benchmark Seguran\u00e7a e conformidade Colocando a Seguran\u00e7a e Privacidade dos Dados em Primeiro Lugar A prote\u00e7\u00e3o de seus dados e dos dados de seus clientes \u00e9&hellip;\" \/>\n<meta property=\"og:url\" content=\"https:\/\/www.benchmarkemail.com\/br\/enterprise-email-solutions\/\" \/>\n<meta property=\"og:site_name\" content=\"Benchmark Email em Portugu\u00eas\" \/>\n<meta property=\"article:publisher\" content=\"https:\/\/www.facebook.com\/BenchmarkBR\" \/>\n<meta property=\"article:modified_time\" content=\"2023-06-07T11:31:36+00:00\" \/>\n<meta property=\"og:image\" content=\"https:\/\/www.benchmarkemail.com\/wp-content\/uploads\/2022\/10\/header-hero-image.webp\" \/>\n<meta name=\"twitter:card\" content=\"summary_large_image\" \/>\n<script type=\"application\/ld+json\" class=\"yoast-schema-graph\">{\"@context\":\"https:\\\/\\\/schema.org\",\"@graph\":[{\"@type\":\"WebPage\",\"@id\":\"https:\\\/\\\/www.benchmarkemail.com\\\/br\\\/enterprise-email-solutions\\\/\",\"url\":\"https:\\\/\\\/www.benchmarkemail.com\\\/br\\\/enterprise-email-solutions\\\/\",\"name\":\"Enterprise Email Solutions - Benchmark Email\",\"isPartOf\":{\"@id\":\"https:\\\/\\\/www.benchmarkemail.com\\\/br\\\/#website\"},\"primaryImageOfPage\":{\"@id\":\"https:\\\/\\\/www.benchmarkemail.com\\\/br\\\/enterprise-email-solutions\\\/#primaryimage\"},\"image\":{\"@id\":\"https:\\\/\\\/www.benchmarkemail.com\\\/br\\\/enterprise-email-solutions\\\/#primaryimage\"},\"thumbnailUrl\":\"https:\\\/\\\/www.benchmarkemail.com\\\/wp-content\\\/uploads\\\/2022\\\/10\\\/header-hero-image.webp\",\"datePublished\":\"2023-03-23T16:07:18+00:00\",\"dateModified\":\"2023-06-07T11:31:36+00:00\",\"breadcrumb\":{\"@id\":\"https:\\\/\\\/www.benchmarkemail.com\\\/br\\\/enterprise-email-solutions\\\/#breadcrumb\"},\"inLanguage\":\"en-US\",\"potentialAction\":[{\"@type\":\"ReadAction\",\"target\":[\"https:\\\/\\\/www.benchmarkemail.com\\\/br\\\/enterprise-email-solutions\\\/\"]}]},{\"@type\":\"ImageObject\",\"inLanguage\":\"en-US\",\"@id\":\"https:\\\/\\\/www.benchmarkemail.com\\\/br\\\/enterprise-email-solutions\\\/#primaryimage\",\"url\":\"https:\\\/\\\/www.benchmarkemail.com\\\/wp-content\\\/uploads\\\/2022\\\/10\\\/header-hero-image.webp\",\"contentUrl\":\"https:\\\/\\\/www.benchmarkemail.com\\\/wp-content\\\/uploads\\\/2022\\\/10\\\/header-hero-image.webp\"},{\"@type\":\"BreadcrumbList\",\"@id\":\"https:\\\/\\\/www.benchmarkemail.com\\\/br\\\/enterprise-email-solutions\\\/#breadcrumb\",\"itemListElement\":[{\"@type\":\"ListItem\",\"position\":1,\"name\":\"Home\",\"item\":\"https:\\\/\\\/www.benchmarkemail.com\\\/br\\\/\"},{\"@type\":\"ListItem\",\"position\":2,\"name\":\"Enterprise Email Solutions\"}]},{\"@type\":\"WebSite\",\"@id\":\"https:\\\/\\\/www.benchmarkemail.com\\\/br\\\/#website\",\"url\":\"https:\\\/\\\/www.benchmarkemail.com\\\/br\\\/\",\"name\":\"Benchmark Email em Portugu\u00eas\",\"description\":\"\",\"publisher\":{\"@id\":\"https:\\\/\\\/www.benchmarkemail.com\\\/br\\\/#organization\"},\"potentialAction\":[{\"@type\":\"SearchAction\",\"target\":{\"@type\":\"EntryPoint\",\"urlTemplate\":\"https:\\\/\\\/www.benchmarkemail.com\\\/br\\\/?s={search_term_string}\"},\"query-input\":{\"@type\":\"PropertyValueSpecification\",\"valueRequired\":true,\"valueName\":\"search_term_string\"}}],\"inLanguage\":\"en-US\"},{\"@type\":\"Organization\",\"@id\":\"https:\\\/\\\/www.benchmarkemail.com\\\/br\\\/#organization\",\"name\":\"Benchmark Internet Group, LLC\",\"url\":\"https:\\\/\\\/www.benchmarkemail.com\\\/br\\\/\",\"logo\":{\"@type\":\"ImageObject\",\"inLanguage\":\"en-US\",\"@id\":\"https:\\\/\\\/www.benchmarkemail.com\\\/br\\\/#\\\/schema\\\/logo\\\/image\\\/\",\"url\":\"https:\\\/\\\/www.benchmarkemail.com\\\/br\\\/wp-content\\\/uploads\\\/sites\\\/6\\\/2019\\\/09\\\/benchmark-logo.svg\",\"contentUrl\":\"https:\\\/\\\/www.benchmarkemail.com\\\/br\\\/wp-content\\\/uploads\\\/sites\\\/6\\\/2019\\\/09\\\/benchmark-logo.svg\",\"width\":1,\"height\":1,\"caption\":\"Benchmark Internet Group, LLC\"},\"image\":{\"@id\":\"https:\\\/\\\/www.benchmarkemail.com\\\/br\\\/#\\\/schema\\\/logo\\\/image\\\/\"},\"sameAs\":[\"https:\\\/\\\/www.facebook.com\\\/BenchmarkBR\"]}]}<\/script>\n<!-- \/ Yoast SEO plugin. -->","yoast_head_json":{"title":"Enterprise Email Solutions - Benchmark Email","robots":{"index":"index","follow":"follow","max-snippet":"max-snippet:-1","max-image-preview":"max-image-preview:large","max-video-preview":"max-video-preview:-1"},"canonical":"https:\/\/www.benchmarkemail.com\/br\/enterprise-email-solutions\/","og_locale":"en_US","og_type":"article","og_title":"Enterprise Email Solutions - Benchmark Email","og_description":"Seguran\u00e7a &#038; Confiabilidade Entregue Solu\u00e7\u00f5es de e-mail empresarial de Benchmark Email VER PRICADO Precisa de um plano especial? Bate-papo com Vendas As marcas l\u00edderes mundiais confiam seus e-mails \u00e0 Benchmark Seguran\u00e7a e conformidade Colocando a Seguran\u00e7a e Privacidade dos Dados em Primeiro Lugar A prote\u00e7\u00e3o de seus dados e dos dados de seus clientes \u00e9&hellip;","og_url":"https:\/\/www.benchmarkemail.com\/br\/enterprise-email-solutions\/","og_site_name":"Benchmark Email em Portugu\u00eas","article_publisher":"https:\/\/www.facebook.com\/BenchmarkBR","article_modified_time":"2023-06-07T11:31:36+00:00","og_image":[{"url":"https:\/\/www.benchmarkemail.com\/wp-content\/uploads\/2022\/10\/header-hero-image.webp","type":"","width":"","height":""}],"twitter_card":"summary_large_image","schema":{"@context":"https:\/\/schema.org","@graph":[{"@type":"WebPage","@id":"https:\/\/www.benchmarkemail.com\/br\/enterprise-email-solutions\/","url":"https:\/\/www.benchmarkemail.com\/br\/enterprise-email-solutions\/","name":"Enterprise Email Solutions - Benchmark Email","isPartOf":{"@id":"https:\/\/www.benchmarkemail.com\/br\/#website"},"primaryImageOfPage":{"@id":"https:\/\/www.benchmarkemail.com\/br\/enterprise-email-solutions\/#primaryimage"},"image":{"@id":"https:\/\/www.benchmarkemail.com\/br\/enterprise-email-solutions\/#primaryimage"},"thumbnailUrl":"https:\/\/www.benchmarkemail.com\/wp-content\/uploads\/2022\/10\/header-hero-image.webp","datePublished":"2023-03-23T16:07:18+00:00","dateModified":"2023-06-07T11:31:36+00:00","breadcrumb":{"@id":"https:\/\/www.benchmarkemail.com\/br\/enterprise-email-solutions\/#breadcrumb"},"inLanguage":"en-US","potentialAction":[{"@type":"ReadAction","target":["https:\/\/www.benchmarkemail.com\/br\/enterprise-email-solutions\/"]}]},{"@type":"ImageObject","inLanguage":"en-US","@id":"https:\/\/www.benchmarkemail.com\/br\/enterprise-email-solutions\/#primaryimage","url":"https:\/\/www.benchmarkemail.com\/wp-content\/uploads\/2022\/10\/header-hero-image.webp","contentUrl":"https:\/\/www.benchmarkemail.com\/wp-content\/uploads\/2022\/10\/header-hero-image.webp"},{"@type":"BreadcrumbList","@id":"https:\/\/www.benchmarkemail.com\/br\/enterprise-email-solutions\/#breadcrumb","itemListElement":[{"@type":"ListItem","position":1,"name":"Home","item":"https:\/\/www.benchmarkemail.com\/br\/"},{"@type":"ListItem","position":2,"name":"Enterprise Email Solutions"}]},{"@type":"WebSite","@id":"https:\/\/www.benchmarkemail.com\/br\/#website","url":"https:\/\/www.benchmarkemail.com\/br\/","name":"Benchmark Email em Portugu\u00eas","description":"","publisher":{"@id":"https:\/\/www.benchmarkemail.com\/br\/#organization"},"potentialAction":[{"@type":"SearchAction","target":{"@type":"EntryPoint","urlTemplate":"https:\/\/www.benchmarkemail.com\/br\/?s={search_term_string}"},"query-input":{"@type":"PropertyValueSpecification","valueRequired":true,"valueName":"search_term_string"}}],"inLanguage":"en-US"},{"@type":"Organization","@id":"https:\/\/www.benchmarkemail.com\/br\/#organization","name":"Benchmark Internet Group, LLC","url":"https:\/\/www.benchmarkemail.com\/br\/","logo":{"@type":"ImageObject","inLanguage":"en-US","@id":"https:\/\/www.benchmarkemail.com\/br\/#\/schema\/logo\/image\/","url":"https:\/\/www.benchmarkemail.com\/br\/wp-content\/uploads\/sites\/6\/2019\/09\/benchmark-logo.svg","contentUrl":"https:\/\/www.benchmarkemail.com\/br\/wp-content\/uploads\/sites\/6\/2019\/09\/benchmark-logo.svg","width":1,"height":1,"caption":"Benchmark Internet Group, LLC"},"image":{"@id":"https:\/\/www.benchmarkemail.com\/br\/#\/schema\/logo\/image\/"},"sameAs":["https:\/\/www.facebook.com\/BenchmarkBR"]}]}},"_links":{"self":[{"href":"https:\/\/www.benchmarkemail.com\/br\/wp-json\/wp\/v2\/pages\/33674","targetHints":{"allow":["GET"]}}],"collection":[{"href":"https:\/\/www.benchmarkemail.com\/br\/wp-json\/wp\/v2\/pages"}],"about":[{"href":"https:\/\/www.benchmarkemail.com\/br\/wp-json\/wp\/v2\/types\/page"}],"author":[{"embeddable":true,"href":"https:\/\/www.benchmarkemail.com\/br\/wp-json\/wp\/v2\/users\/7"}],"replies":[{"embeddable":true,"href":"https:\/\/www.benchmarkemail.com\/br\/wp-json\/wp\/v2\/comments?post=33674"}],"version-history":[{"count":0,"href":"https:\/\/www.benchmarkemail.com\/br\/wp-json\/wp\/v2\/pages\/33674\/revisions"}],"wp:attachment":[{"href":"https:\/\/www.benchmarkemail.com\/br\/wp-json\/wp\/v2\/media?parent=33674"}],"curies":[{"name":"wp","href":"https:\/\/api.w.org\/{rel}","templated":true}]}}