{"id":38076,"date":"2024-03-08T16:54:16","date_gmt":"2024-03-08T16:54:16","guid":{"rendered":"https:\/\/www.benchmarkemail.com\/br\/?page_id=38076"},"modified":"2026-03-04T11:47:30","modified_gmt":"2026-03-04T11:47:30","slug":"smart-design","status":"publish","type":"page","link":"https:\/\/www.benchmarkemail.com\/br\/features\/smart-design\/","title":{"rendered":"Smart Design"},"content":{"rendered":"\n<h1>\n\t\tDesign de Email Marketing sem esfor\u00e7os atrav\u00e9s de IA\n\t<\/h1>\n<h2>\n\t\tO Design Inteligente \u00e9 seu atalho para criar campanhas de email personalizadas e com a cara de sua marca atrav\u00e9s de IA. Crie sua conta gratuita para gerar seu email.\n\t<\/h2>\n\t\t\t<a href=\"https:\/\/ui.benchmarkemail.com\/br\/register\" target=\"_self\" rel=\"noopener\">\n\t\t\t\t\t\t\tCRIE SEU PRIMEIRO EMAIL\n\t\t\t\t\t<\/a>\n\t\t\t\t<img loading=\"lazy\" decoding=\"async\" src=\"https:\/\/www.benchmarkemail.com\/wp-content\/uploads\/2024\/02\/Hero-Image.png\" alt=\"Hero-Image\" itemprop=\"image\" height=\"990\" width=\"1036\" title=\"Hero-Image\" onerror=\"this.style.display='none'\"  \/>\n\t\t\t\t<img loading=\"lazy\" decoding=\"async\" src=\"https:\/\/www.benchmarkemail.com\/wp-content\/uploads\/2024\/02\/Email-Creation-Easy.png\" alt=\"Email-Creation-Easy\" itemprop=\"image\" height=\"1010\" width=\"1118\" title=\"Email-Creation-Easy\" onerror=\"this.style.display='none'\"  \/>\n<h2>\n\t\tCria\u00e7\u00e3o de email com simplicidade\n\t<\/h2>\n<h2>\n\t\tSeja voc\u00ea um profissional experiente, ou algu\u00e9m come\u00e7ando no mundo das campanhas de email, o Design Inteligente te permite criar emails profissionais sem esfor\u00e7o algum.\n\t<\/h2>\n\t\t\t<a href=\"https:\/\/ui.benchmarkemail.com\/br\/register\" target=\"_self\" rel=\"noopener\">\n\t\t\t\t\t\t\tGERAR SEU PRIMEIRO EMAIL\n\t\t\t\t\t<\/a>\n<h2>\n\t\tEmails criados para atingir seus objetivos.\n\t<\/h2>\n<h2>\n\t\tDar boas-vindas a novos inscritos, enviar atualiza\u00e7\u00f5es ou mostrar seus novos produtos com facilidade. Escolha seu objetivo e deixe o Design Inteligente fazer o resto atrav\u00e9s de IA para email marketing!\n\t<\/h2>\n\t\t\t<a href=\"https:\/\/ui.benchmarkemail.com\/br\/register\" target=\"_self\" rel=\"noopener\">\n\t\t\t\t\t\t\tCRIAR CAMPANHA\n\t\t\t\t\t<\/a>\n\t\t\t\t<img decoding=\"async\" src=\"https:\/\/www.benchmarkemail.com\/wp-content\/uploads\/2024\/02\/Email-Designed-To-Reach-Goals.png\" alt=\"womens-dayretail\" itemprop=\"image\" title=\"womens-dayretail\" onerror=\"this.style.display='none'\"  \/>\n\t\t\t\t<img loading=\"lazy\" decoding=\"async\" src=\"https:\/\/www.benchmarkemail.com\/wp-content\/uploads\/2024\/02\/Your-Brand-Your-Way.png\" alt=\"Your-Brand-Your-Way\" itemprop=\"image\" height=\"884\" width=\"1216\" title=\"Your-Brand-Your-Way\" onerror=\"this.style.display='none'\"  \/>\n<h2>\n\t\tSua marca, seu jeito.\n\t<\/h2>\n\t<p>Chega de templates prontos. O Design Inteligente <a href=\"https:\/\/www.benchmarkemail.com\/br\/features\/brand-kit\/\">+ Kit de Marca<\/a> puxam a logo, cores e imagens de sua marca direto do seu site para a cria\u00e7\u00e3o de seus emails. Cause uma boa impress\u00e3o com um design profissional feito especialmente para sua marca.<\/p>\n\t\t\t<a href=\"https:\/\/ui.benchmarkemail.com\/br\/register\" target=\"_self\" rel=\"noopener\">\n\t\t\t\t\t\t\tCRIE SEU PRIMEIRO EMAIL\n\t\t\t\t\t<\/a>\n<h2>\n\t\tEmails que se escrevem sozinhos.\n\t<\/h2>\n<h2>\n\t\tCriar c\u00f3pia para emails nunca foi t\u00e3o simples. O Design Inteligente fornece conte\u00fado personalizado para seu email, alinhado com seu neg\u00f3cio e pronto para gerar vendas.\n\t<\/h2>\n\t\t\t<a href=\"https:\/\/ui.benchmarkemail.com\/br\/register\" target=\"_self\" rel=\"noopener\">\n\t\t\t\t\t\t\tCRIAR PRIMEIRO EMAIL\n\t\t\t\t\t<\/a>\n\t\t\t\t<img decoding=\"async\" src=\"https:\/\/www.benchmarkemail.com\/wp-content\/uploads\/2024\/02\/Emails-That-Write-Themselves.png\" alt=\"email-cover-Saint Patrick's Day-1\" itemprop=\"image\" title=\"email-cover-Saint Patrick's Day-1\" onerror=\"this.style.display='none'\"  \/>\n\t\t\t\t<img loading=\"lazy\" decoding=\"async\" src=\"https:\/\/www.benchmarkemail.com\/wp-content\/uploads\/2024\/02\/Sparkles-AI.svg\" alt=\"Sparkles-AI\" itemprop=\"image\" height=\"42\" width=\"43\" title=\"Sparkles-AI\" onerror=\"this.style.display='none'\"  \/>\n<h2>\n\t\tProduza Mais, com Menos Esfor\u00e7o\n\t<\/h2>\n\t<p>Crie uma conta gratuita e crie seu primeiro email com o Design Inteligente.<\/p>\n\t\t\t<a href=\"https:\/\/ui.benchmarkemail.com\/br\/register\" target=\"_self\" rel=\"noopener\">\n\t\t\t\t\t\t\tCRIE SEU EMAIL\n\t\t\t\t\t<\/a>\n\n","protected":false},"excerpt":{"rendered":"<p>Design de Email Marketing sem esfor\u00e7os atrav\u00e9s de IA O Design Inteligente \u00e9 seu atalho para criar campanhas de email personalizadas e com a cara de sua marca atrav\u00e9s de IA. Crie sua conta gratuita para gerar seu email. CRIE SEU PRIMEIRO EMAIL Cria\u00e7\u00e3o de email com simplicidade Seja voc\u00ea um profissional experiente, ou algu\u00e9m&hellip;<\/p>\n","protected":false},"author":7,"featured_media":0,"parent":49375,"menu_order":0,"comment_status":"closed","ping_status":"closed","template":"","meta":{"inline_featured_image":false,"footnotes":""},"class_list":["post-38076","page","type-page","status-publish","hentry"],"yoast_head":"<!-- This site is optimized with the Yoast SEO plugin v27.5 - https:\/\/yoast.com\/product\/yoast-seo-wordpress\/ -->\n<title>Design Inteligente: IA para Email Marketing<\/title>\n<meta name=\"description\" content=\"O Design Inteligente \u00e9 um recurso poderoso de IA para email marketing. Basta adicionar o link para o seu site para que nossa Intelig\u00eancia Artificial crie uma campanha de email com a cara de sua marca.\" \/>\n<meta name=\"robots\" content=\"index, follow, max-snippet:-1, max-image-preview:large, max-video-preview:-1\" \/>\n<link rel=\"canonical\" href=\"https:\/\/www.benchmarkemail.com\/br\/features\/smart-design\/\" \/>\n<meta property=\"og:locale\" content=\"en_US\" \/>\n<meta property=\"og:type\" content=\"article\" \/>\n<meta property=\"og:title\" content=\"Design Inteligente: IA para Email Marketing\" \/>\n<meta property=\"og:description\" content=\"O Design Inteligente \u00e9 um recurso poderoso de IA para email marketing. Basta adicionar o link para o seu site para que nossa Intelig\u00eancia Artificial crie uma campanha de email com a cara de sua marca.\" \/>\n<meta property=\"og:url\" content=\"https:\/\/www.benchmarkemail.com\/br\/features\/smart-design\/\" \/>\n<meta property=\"og:site_name\" content=\"Benchmark Email em Portugu\u00eas\" \/>\n<meta property=\"article:publisher\" content=\"https:\/\/www.facebook.com\/BenchmarkBR\" \/>\n<meta property=\"article:modified_time\" content=\"2026-03-04T11:47:30+00:00\" \/>\n<meta property=\"og:image\" content=\"https:\/\/www.benchmarkemail.com\/wp-content\/uploads\/2024\/02\/Hero-Image.png\" \/>\n<meta name=\"twitter:card\" content=\"summary_large_image\" \/>\n<meta name=\"twitter:label1\" content=\"Est. reading time\" \/>\n\t<meta name=\"twitter:data1\" content=\"3 minutes\" \/>\n<script type=\"application\/ld+json\" class=\"yoast-schema-graph\">{\"@context\":\"https:\\\/\\\/schema.org\",\"@graph\":[{\"@type\":\"WebPage\",\"@id\":\"https:\\\/\\\/www.benchmarkemail.com\\\/br\\\/features\\\/smart-design\\\/\",\"url\":\"https:\\\/\\\/www.benchmarkemail.com\\\/br\\\/features\\\/smart-design\\\/\",\"name\":\"Design Inteligente: IA para Email Marketing\",\"isPartOf\":{\"@id\":\"https:\\\/\\\/www.benchmarkemail.com\\\/br\\\/#website\"},\"primaryImageOfPage\":{\"@id\":\"https:\\\/\\\/www.benchmarkemail.com\\\/br\\\/features\\\/smart-design\\\/#primaryimage\"},\"image\":{\"@id\":\"https:\\\/\\\/www.benchmarkemail.com\\\/br\\\/features\\\/smart-design\\\/#primaryimage\"},\"thumbnailUrl\":\"https:\\\/\\\/www.benchmarkemail.com\\\/wp-content\\\/uploads\\\/2024\\\/02\\\/Hero-Image.png\",\"datePublished\":\"2024-03-08T16:54:16+00:00\",\"dateModified\":\"2026-03-04T11:47:30+00:00\",\"description\":\"O Design Inteligente \u00e9 um recurso poderoso de IA para email marketing. Basta adicionar o link para o seu site para que nossa Intelig\u00eancia Artificial crie uma campanha de email com a cara de sua marca.\",\"breadcrumb\":{\"@id\":\"https:\\\/\\\/www.benchmarkemail.com\\\/br\\\/features\\\/smart-design\\\/#breadcrumb\"},\"inLanguage\":\"en-US\",\"potentialAction\":[{\"@type\":\"ReadAction\",\"target\":[\"https:\\\/\\\/www.benchmarkemail.com\\\/br\\\/features\\\/smart-design\\\/\"]}]},{\"@type\":\"ImageObject\",\"inLanguage\":\"en-US\",\"@id\":\"https:\\\/\\\/www.benchmarkemail.com\\\/br\\\/features\\\/smart-design\\\/#primaryimage\",\"url\":\"https:\\\/\\\/www.benchmarkemail.com\\\/wp-content\\\/uploads\\\/2024\\\/02\\\/Hero-Image.png\",\"contentUrl\":\"https:\\\/\\\/www.benchmarkemail.com\\\/wp-content\\\/uploads\\\/2024\\\/02\\\/Hero-Image.png\"},{\"@type\":\"BreadcrumbList\",\"@id\":\"https:\\\/\\\/www.benchmarkemail.com\\\/br\\\/features\\\/smart-design\\\/#breadcrumb\",\"itemListElement\":[{\"@type\":\"ListItem\",\"position\":1,\"name\":\"Home\",\"item\":\"https:\\\/\\\/www.benchmarkemail.com\\\/br\\\/\"},{\"@type\":\"ListItem\",\"position\":2,\"name\":\"NXG Features\",\"item\":\"https:\\\/\\\/www.benchmarkemail.com\\\/br\\\/features\\\/\"},{\"@type\":\"ListItem\",\"position\":3,\"name\":\"Smart Design\"}]},{\"@type\":\"WebSite\",\"@id\":\"https:\\\/\\\/www.benchmarkemail.com\\\/br\\\/#website\",\"url\":\"https:\\\/\\\/www.benchmarkemail.com\\\/br\\\/\",\"name\":\"Benchmark Email em Portugu\u00eas\",\"description\":\"\",\"publisher\":{\"@id\":\"https:\\\/\\\/www.benchmarkemail.com\\\/br\\\/#organization\"},\"potentialAction\":[{\"@type\":\"SearchAction\",\"target\":{\"@type\":\"EntryPoint\",\"urlTemplate\":\"https:\\\/\\\/www.benchmarkemail.com\\\/br\\\/?s={search_term_string}\"},\"query-input\":{\"@type\":\"PropertyValueSpecification\",\"valueRequired\":true,\"valueName\":\"search_term_string\"}}],\"inLanguage\":\"en-US\"},{\"@type\":\"Organization\",\"@id\":\"https:\\\/\\\/www.benchmarkemail.com\\\/br\\\/#organization\",\"name\":\"Benchmark Internet Group, LLC\",\"url\":\"https:\\\/\\\/www.benchmarkemail.com\\\/br\\\/\",\"logo\":{\"@type\":\"ImageObject\",\"inLanguage\":\"en-US\",\"@id\":\"https:\\\/\\\/www.benchmarkemail.com\\\/br\\\/#\\\/schema\\\/logo\\\/image\\\/\",\"url\":\"https:\\\/\\\/www.benchmarkemail.com\\\/br\\\/wp-content\\\/uploads\\\/sites\\\/6\\\/2019\\\/09\\\/benchmark-logo.svg\",\"contentUrl\":\"https:\\\/\\\/www.benchmarkemail.com\\\/br\\\/wp-content\\\/uploads\\\/sites\\\/6\\\/2019\\\/09\\\/benchmark-logo.svg\",\"width\":1,\"height\":1,\"caption\":\"Benchmark Internet Group, LLC\"},\"image\":{\"@id\":\"https:\\\/\\\/www.benchmarkemail.com\\\/br\\\/#\\\/schema\\\/logo\\\/image\\\/\"},\"sameAs\":[\"https:\\\/\\\/www.facebook.com\\\/BenchmarkBR\"]}]}<\/script>\n<!-- \/ Yoast SEO plugin. -->","yoast_head_json":{"title":"Design Inteligente: IA para Email Marketing","description":"O Design Inteligente \u00e9 um recurso poderoso de IA para email marketing. Basta adicionar o link para o seu site para que nossa Intelig\u00eancia Artificial crie uma campanha de email com a cara de sua marca.","robots":{"index":"index","follow":"follow","max-snippet":"max-snippet:-1","max-image-preview":"max-image-preview:large","max-video-preview":"max-video-preview:-1"},"canonical":"https:\/\/www.benchmarkemail.com\/br\/features\/smart-design\/","og_locale":"en_US","og_type":"article","og_title":"Design Inteligente: IA para Email Marketing","og_description":"O Design Inteligente \u00e9 um recurso poderoso de IA para email marketing. Basta adicionar o link para o seu site para que nossa Intelig\u00eancia Artificial crie uma campanha de email com a cara de sua marca.","og_url":"https:\/\/www.benchmarkemail.com\/br\/features\/smart-design\/","og_site_name":"Benchmark Email em Portugu\u00eas","article_publisher":"https:\/\/www.facebook.com\/BenchmarkBR","article_modified_time":"2026-03-04T11:47:30+00:00","og_image":[{"url":"https:\/\/www.benchmarkemail.com\/wp-content\/uploads\/2024\/02\/Hero-Image.png","type":"","width":"","height":""}],"twitter_card":"summary_large_image","twitter_misc":{"Est. reading time":"3 minutes"},"schema":{"@context":"https:\/\/schema.org","@graph":[{"@type":"WebPage","@id":"https:\/\/www.benchmarkemail.com\/br\/features\/smart-design\/","url":"https:\/\/www.benchmarkemail.com\/br\/features\/smart-design\/","name":"Design Inteligente: IA para Email Marketing","isPartOf":{"@id":"https:\/\/www.benchmarkemail.com\/br\/#website"},"primaryImageOfPage":{"@id":"https:\/\/www.benchmarkemail.com\/br\/features\/smart-design\/#primaryimage"},"image":{"@id":"https:\/\/www.benchmarkemail.com\/br\/features\/smart-design\/#primaryimage"},"thumbnailUrl":"https:\/\/www.benchmarkemail.com\/wp-content\/uploads\/2024\/02\/Hero-Image.png","datePublished":"2024-03-08T16:54:16+00:00","dateModified":"2026-03-04T11:47:30+00:00","description":"O Design Inteligente \u00e9 um recurso poderoso de IA para email marketing. Basta adicionar o link para o seu site para que nossa Intelig\u00eancia Artificial crie uma campanha de email com a cara de sua marca.","breadcrumb":{"@id":"https:\/\/www.benchmarkemail.com\/br\/features\/smart-design\/#breadcrumb"},"inLanguage":"en-US","potentialAction":[{"@type":"ReadAction","target":["https:\/\/www.benchmarkemail.com\/br\/features\/smart-design\/"]}]},{"@type":"ImageObject","inLanguage":"en-US","@id":"https:\/\/www.benchmarkemail.com\/br\/features\/smart-design\/#primaryimage","url":"https:\/\/www.benchmarkemail.com\/wp-content\/uploads\/2024\/02\/Hero-Image.png","contentUrl":"https:\/\/www.benchmarkemail.com\/wp-content\/uploads\/2024\/02\/Hero-Image.png"},{"@type":"BreadcrumbList","@id":"https:\/\/www.benchmarkemail.com\/br\/features\/smart-design\/#breadcrumb","itemListElement":[{"@type":"ListItem","position":1,"name":"Home","item":"https:\/\/www.benchmarkemail.com\/br\/"},{"@type":"ListItem","position":2,"name":"NXG Features","item":"https:\/\/www.benchmarkemail.com\/br\/features\/"},{"@type":"ListItem","position":3,"name":"Smart Design"}]},{"@type":"WebSite","@id":"https:\/\/www.benchmarkemail.com\/br\/#website","url":"https:\/\/www.benchmarkemail.com\/br\/","name":"Benchmark Email em Portugu\u00eas","description":"","publisher":{"@id":"https:\/\/www.benchmarkemail.com\/br\/#organization"},"potentialAction":[{"@type":"SearchAction","target":{"@type":"EntryPoint","urlTemplate":"https:\/\/www.benchmarkemail.com\/br\/?s={search_term_string}"},"query-input":{"@type":"PropertyValueSpecification","valueRequired":true,"valueName":"search_term_string"}}],"inLanguage":"en-US"},{"@type":"Organization","@id":"https:\/\/www.benchmarkemail.com\/br\/#organization","name":"Benchmark Internet Group, LLC","url":"https:\/\/www.benchmarkemail.com\/br\/","logo":{"@type":"ImageObject","inLanguage":"en-US","@id":"https:\/\/www.benchmarkemail.com\/br\/#\/schema\/logo\/image\/","url":"https:\/\/www.benchmarkemail.com\/br\/wp-content\/uploads\/sites\/6\/2019\/09\/benchmark-logo.svg","contentUrl":"https:\/\/www.benchmarkemail.com\/br\/wp-content\/uploads\/sites\/6\/2019\/09\/benchmark-logo.svg","width":1,"height":1,"caption":"Benchmark Internet Group, LLC"},"image":{"@id":"https:\/\/www.benchmarkemail.com\/br\/#\/schema\/logo\/image\/"},"sameAs":["https:\/\/www.facebook.com\/BenchmarkBR"]}]}},"_links":{"self":[{"href":"https:\/\/www.benchmarkemail.com\/br\/wp-json\/wp\/v2\/pages\/38076","targetHints":{"allow":["GET"]}}],"collection":[{"href":"https:\/\/www.benchmarkemail.com\/br\/wp-json\/wp\/v2\/pages"}],"about":[{"href":"https:\/\/www.benchmarkemail.com\/br\/wp-json\/wp\/v2\/types\/page"}],"author":[{"embeddable":true,"href":"https:\/\/www.benchmarkemail.com\/br\/wp-json\/wp\/v2\/users\/7"}],"replies":[{"embeddable":true,"href":"https:\/\/www.benchmarkemail.com\/br\/wp-json\/wp\/v2\/comments?post=38076"}],"version-history":[{"count":0,"href":"https:\/\/www.benchmarkemail.com\/br\/wp-json\/wp\/v2\/pages\/38076\/revisions"}],"up":[{"embeddable":true,"href":"https:\/\/www.benchmarkemail.com\/br\/wp-json\/wp\/v2\/pages\/49375"}],"wp:attachment":[{"href":"https:\/\/www.benchmarkemail.com\/br\/wp-json\/wp\/v2\/media?parent=38076"}],"curies":[{"name":"wp","href":"https:\/\/api.w.org\/{rel}","templated":true}]}}