{"id":453,"date":"2019-10-08T21:42:37","date_gmt":"2019-10-08T21:42:37","guid":{"rendered":"http:\/\/bme2.flywheelsites.com\/?page_id=453"},"modified":"2023-02-28T19:37:39","modified_gmt":"2023-02-28T19:37:39","slug":"agencies","status":"publish","type":"page","link":"https:\/\/www.benchmarkemail.com\/br\/partners\/agencies\/","title":{"rendered":"Agency Partners"},"content":{"rendered":"\n\n\t<h1>Uma Simples Receita para Escalar a Sua Ag\u00eancia<\/h1>\n\t<h2>Torne-se uma Ag\u00eancia Parceira da Benchmark<\/h2>\n\t\t\t<a href=\"https:\/\/www.benchmarkemail.com\/br\/partners\/agencies\/sign-up\/\" target=\"_self\" role=\"button\" rel=\"noopener\">\n\t\t\t\t\t\t\tTornar-se Parceiro\n\t\t\t\t\t<\/a>\n\t<h2>Aumente o Seu Leque de Ofertas. Aumente Seu Faturamento.<\/h2>\n<p>Ofere\u00e7a servi\u00e7os de email marketing para seus clientes e adicione um faturamento recorrente ao seu neg\u00f3cio todos os meses. Gerencie campanhas de email marketing para seus clientes e apresente a eles uma plataforma de email marketing simples e eficaz, fazendo com que os resultados de sua ag\u00eancia se destaquem frente a concorr\u00eancia.<\/p>\n\t\t\t\t<img decoding=\"async\" src=\"https:\/\/www.benchmarkemail.com\/wp-content\/uploads\/2019\/10\/agency-image.png\" alt=\"agency-image\" title=\"agency-image\" \/>\n\t<h2>Mimos que Far\u00e3o com que a Di<\/h2>\n<h3>Foque novamente no que voc\u00ea mais ama &#8211; o trabalho criativo<\/h3>\n\t\t\t\t<img decoding=\"async\" src=\"https:\/\/www.benchmarkemail.com\/wp-content\/uploads\/2019\/10\/recurring-monthly-income.png\" alt=\"recurring-monthly-income\" title=\"recurring-monthly-income\" \/>\n\t<h4>Faturamento recorrente<\/h4>\n<p>Adicione a ferramenta da Benchmark aos seus servi\u00e7os de email marketing para gerar faturamento previs\u00edvel com o seu neg\u00f3cio.<\/p>\n\t\t\t\t<img decoding=\"async\" src=\"https:\/\/www.benchmarkemail.com\/wp-content\/uploads\/2019\/10\/monthly-discounts.png\" alt=\"monthly-discounts\" title=\"monthly-discounts\" \/>\n\t<h4>Descontos exclusivos<\/h4>\n<p>\u00c9 muito f\u00e1cil revender a Benchmark para seus clientes e ganhar com isso. Receba 30% de comiss\u00e3o recorrente para cada cliente que voc\u00ea trouxer que fizer upgrade para um plano Premium.<\/p>\n\t\t\t\t<img decoding=\"async\" src=\"https:\/\/www.benchmarkemail.com\/wp-content\/uploads\/2019\/10\/reseller-tool-kit.png\" alt=\"reseller-tool-kit\" title=\"reseller-tool-kit\" \/>\n\t<h4>Ferramentas de Revenda<\/h4>\n<p>Deixe o marketing com a gente! N\u00f3s te daremos acesso aos recursos que voc\u00ea precisa para atrair novos leads e trazer os seus clientes j\u00e1 existentes para a Benchmark.<\/p>\n\t\t\t\t<img decoding=\"async\" src=\"https:\/\/www.benchmarkemail.com\/wp-content\/uploads\/2019\/10\/client-management.png\" alt=\"client-management\" title=\"client-management\" \/>\n\t<h4>Gerenciamento de Clientes<\/h4>\n<p>Habilite ferramentas da Benchmark especiais para ag\u00eancias. Acompanhe seus clientes em um dashboard especial e garanta que voc\u00ea est\u00e1 gerando resultados mensalmente.<\/p>\n\t\t\t\t<img decoding=\"async\" src=\"https:\/\/www.benchmarkemail.com\/wp-content\/uploads\/2019\/10\/flexible-options.png\" alt=\"flexible options\" title=\"flexible options\" \/>\n\t<h4>Flexibilidade<\/h4>\n<p>Receba comiss\u00f5es pelas contas individuais de seus clientes que voc\u00ea trouxer, ou ent\u00e3o economize ao contratar uma conta master para dividir com sua carteira de clientes &#8211; o que for melhor para voc\u00ea!<\/p>\n\t\t\t\t<img decoding=\"async\" src=\"https:\/\/www.benchmarkemail.com\/wp-content\/uploads\/2019\/10\/dedicated-love-and-support.png\" alt=\"dedicated-love-and-support\" title=\"dedicated-love-and-support\" \/>\n\t<h4>Suporte Dedicado<\/h4>\n<p>N\u00f3s tratamos voc\u00ea como um membro de nossa fam\u00edlia. Nossos especialistas em email marketing tem anos de experi\u00eancia e est\u00e3o aqui para ajudar voc\u00ea e seus clientes a terem sucesso!<\/p>\n\t\t\t<a href=\"https:\/\/www.benchmarkemail.com\/br\/partners\/agencies\/sign-up\/\" target=\"_self\" role=\"button\" rel=\"noopener\">\n\t\t\t\t\t\t\tFa\u00e7a Parte de Nossa Fam\u00edlia\n\t\t\t\t\t<\/a>\n\t<h2>Muito Mais do que Uma Ferramenta<\/h2>\n<h4>&#8220;Queremos Trabalhar Juntos<\/h4>\n<p>Como uma Ag\u00eancia Parceira da Benchmark, voc\u00ea n\u00e3o apenas oferecer\u00e1 os melhores recursos de email marketing do mercado para seus clientes, como tamb\u00e9m ter\u00e1 toda ajuda e suporte de nosso time de especialistas. Sabemos que voc\u00ea tem muitas coisas com o que se preocupar para tocar seu neg\u00f3cio, por isso te daremos uma aten\u00e7\u00e3o especial para garantir que tenham os melhores resultados poss\u00edveis com nossa plataforma. <\/p>\n\t\t\t\t<img decoding=\"async\" src=\"https:\/\/www.benchmarkemail.com\/wp-content\/uploads\/2019\/10\/yersing-1.png\" alt=\"yersing\" title=\"yersing\" \/>\n\t<h2>Ofere\u00e7a a Seus Clientes Ferramentas e Resultados Melhores<\/h2>\n\t\t\t<a href=\"https:\/\/www.benchmarkemail.com\/br\/partners\/agencies\/sign-up\/\" target=\"_self\" role=\"button\" rel=\"noopener\">\n\t\t\t\t\t\t\tTornar-se uma Ag\u00eancia Parceira Agora Mesmo\n\t\t\t\t\t<\/a>\n\n","protected":false},"excerpt":{"rendered":"<p>Uma Simples Receita para Escalar a Sua Ag\u00eancia Torne-se uma Ag\u00eancia Parceira da Benchmark Tornar-se Parceiro Aumente o Seu Leque de Ofertas. Aumente Seu Faturamento. Ofere\u00e7a servi\u00e7os de email marketing para seus clientes e adicione um faturamento recorrente ao seu neg\u00f3cio todos os meses. Gerencie campanhas de email marketing para seus clientes e apresente a&hellip;<\/p>\n","protected":false},"author":3,"featured_media":0,"parent":68,"menu_order":0,"comment_status":"closed","ping_status":"closed","template":"","meta":{"inline_featured_image":false,"footnotes":""},"class_list":["post-453","page","type-page","status-publish","hentry"],"yoast_head":"<!-- This site is optimized with the Yoast SEO plugin v27.5 - https:\/\/yoast.com\/product\/yoast-seo-wordpress\/ -->\n<title>Agency Partners - Benchmark Email<\/title>\n<meta name=\"robots\" content=\"index, follow, max-snippet:-1, max-image-preview:large, max-video-preview:-1\" \/>\n<link rel=\"canonical\" href=\"https:\/\/www.benchmarkemail.com\/br\/partners\/agencies\/\" \/>\n<meta property=\"og:locale\" content=\"en_US\" \/>\n<meta property=\"og:type\" content=\"article\" \/>\n<meta property=\"og:title\" content=\"Agency Partners - Benchmark Email\" \/>\n<meta property=\"og:description\" content=\"Uma Simples Receita para Escalar a Sua Ag\u00eancia Torne-se uma Ag\u00eancia Parceira da Benchmark Tornar-se Parceiro Aumente o Seu Leque de Ofertas. Aumente Seu Faturamento. Ofere\u00e7a servi\u00e7os de email marketing para seus clientes e adicione um faturamento recorrente ao seu neg\u00f3cio todos os meses. Gerencie campanhas de email marketing para seus clientes e apresente a&hellip;\" \/>\n<meta property=\"og:url\" content=\"https:\/\/www.benchmarkemail.com\/br\/partners\/agencies\/\" \/>\n<meta property=\"og:site_name\" content=\"Benchmark Email em Portugu\u00eas\" \/>\n<meta property=\"article:publisher\" content=\"https:\/\/www.facebook.com\/BenchmarkBR\" \/>\n<meta property=\"article:modified_time\" content=\"2023-02-28T19:37:39+00:00\" \/>\n<meta property=\"og:image\" content=\"https:\/\/www.benchmarkemail.com\/wp-content\/uploads\/2019\/10\/agency-image.png\" \/>\n<meta name=\"twitter:card\" content=\"summary_large_image\" \/>\n<meta name=\"twitter:label1\" content=\"Est. reading time\" \/>\n\t<meta name=\"twitter:data1\" content=\"2 minutes\" \/>\n<script type=\"application\/ld+json\" class=\"yoast-schema-graph\">{\"@context\":\"https:\\\/\\\/schema.org\",\"@graph\":[{\"@type\":\"WebPage\",\"@id\":\"https:\\\/\\\/www.benchmarkemail.com\\\/br\\\/partners\\\/agencies\\\/\",\"url\":\"https:\\\/\\\/www.benchmarkemail.com\\\/br\\\/partners\\\/agencies\\\/\",\"name\":\"Agency Partners - Benchmark Email\",\"isPartOf\":{\"@id\":\"https:\\\/\\\/www.benchmarkemail.com\\\/br\\\/#website\"},\"primaryImageOfPage\":{\"@id\":\"https:\\\/\\\/www.benchmarkemail.com\\\/br\\\/partners\\\/agencies\\\/#primaryimage\"},\"image\":{\"@id\":\"https:\\\/\\\/www.benchmarkemail.com\\\/br\\\/partners\\\/agencies\\\/#primaryimage\"},\"thumbnailUrl\":\"https:\\\/\\\/www.benchmarkemail.com\\\/wp-content\\\/uploads\\\/2019\\\/10\\\/agency-image.png\",\"datePublished\":\"2019-10-08T21:42:37+00:00\",\"dateModified\":\"2023-02-28T19:37:39+00:00\",\"breadcrumb\":{\"@id\":\"https:\\\/\\\/www.benchmarkemail.com\\\/br\\\/partners\\\/agencies\\\/#breadcrumb\"},\"inLanguage\":\"en-US\",\"potentialAction\":[{\"@type\":\"ReadAction\",\"target\":[\"https:\\\/\\\/www.benchmarkemail.com\\\/br\\\/partners\\\/agencies\\\/\"]}]},{\"@type\":\"ImageObject\",\"inLanguage\":\"en-US\",\"@id\":\"https:\\\/\\\/www.benchmarkemail.com\\\/br\\\/partners\\\/agencies\\\/#primaryimage\",\"url\":\"https:\\\/\\\/www.benchmarkemail.com\\\/wp-content\\\/uploads\\\/2019\\\/10\\\/agency-image.png\",\"contentUrl\":\"https:\\\/\\\/www.benchmarkemail.com\\\/wp-content\\\/uploads\\\/2019\\\/10\\\/agency-image.png\"},{\"@type\":\"BreadcrumbList\",\"@id\":\"https:\\\/\\\/www.benchmarkemail.com\\\/br\\\/partners\\\/agencies\\\/#breadcrumb\",\"itemListElement\":[{\"@type\":\"ListItem\",\"position\":1,\"name\":\"Home\",\"item\":\"https:\\\/\\\/www.benchmarkemail.com\\\/br\\\/\"},{\"@type\":\"ListItem\",\"position\":2,\"name\":\"Partners\",\"item\":\"https:\\\/\\\/www.benchmarkemail.com\\\/br\\\/partners\\\/\"},{\"@type\":\"ListItem\",\"position\":3,\"name\":\"Agency Partners\"}]},{\"@type\":\"WebSite\",\"@id\":\"https:\\\/\\\/www.benchmarkemail.com\\\/br\\\/#website\",\"url\":\"https:\\\/\\\/www.benchmarkemail.com\\\/br\\\/\",\"name\":\"Benchmark Email em Portugu\u00eas\",\"description\":\"\",\"publisher\":{\"@id\":\"https:\\\/\\\/www.benchmarkemail.com\\\/br\\\/#organization\"},\"potentialAction\":[{\"@type\":\"SearchAction\",\"target\":{\"@type\":\"EntryPoint\",\"urlTemplate\":\"https:\\\/\\\/www.benchmarkemail.com\\\/br\\\/?s={search_term_string}\"},\"query-input\":{\"@type\":\"PropertyValueSpecification\",\"valueRequired\":true,\"valueName\":\"search_term_string\"}}],\"inLanguage\":\"en-US\"},{\"@type\":\"Organization\",\"@id\":\"https:\\\/\\\/www.benchmarkemail.com\\\/br\\\/#organization\",\"name\":\"Benchmark Internet Group, LLC\",\"url\":\"https:\\\/\\\/www.benchmarkemail.com\\\/br\\\/\",\"logo\":{\"@type\":\"ImageObject\",\"inLanguage\":\"en-US\",\"@id\":\"https:\\\/\\\/www.benchmarkemail.com\\\/br\\\/#\\\/schema\\\/logo\\\/image\\\/\",\"url\":\"https:\\\/\\\/www.benchmarkemail.com\\\/br\\\/wp-content\\\/uploads\\\/sites\\\/6\\\/2019\\\/09\\\/benchmark-logo.svg\",\"contentUrl\":\"https:\\\/\\\/www.benchmarkemail.com\\\/br\\\/wp-content\\\/uploads\\\/sites\\\/6\\\/2019\\\/09\\\/benchmark-logo.svg\",\"width\":1,\"height\":1,\"caption\":\"Benchmark Internet Group, LLC\"},\"image\":{\"@id\":\"https:\\\/\\\/www.benchmarkemail.com\\\/br\\\/#\\\/schema\\\/logo\\\/image\\\/\"},\"sameAs\":[\"https:\\\/\\\/www.facebook.com\\\/BenchmarkBR\"]}]}<\/script>\n<!-- \/ Yoast SEO plugin. -->","yoast_head_json":{"title":"Agency Partners - Benchmark Email","robots":{"index":"index","follow":"follow","max-snippet":"max-snippet:-1","max-image-preview":"max-image-preview:large","max-video-preview":"max-video-preview:-1"},"canonical":"https:\/\/www.benchmarkemail.com\/br\/partners\/agencies\/","og_locale":"en_US","og_type":"article","og_title":"Agency Partners - Benchmark Email","og_description":"Uma Simples Receita para Escalar a Sua Ag\u00eancia Torne-se uma Ag\u00eancia Parceira da Benchmark Tornar-se Parceiro Aumente o Seu Leque de Ofertas. Aumente Seu Faturamento. Ofere\u00e7a servi\u00e7os de email marketing para seus clientes e adicione um faturamento recorrente ao seu neg\u00f3cio todos os meses. Gerencie campanhas de email marketing para seus clientes e apresente a&hellip;","og_url":"https:\/\/www.benchmarkemail.com\/br\/partners\/agencies\/","og_site_name":"Benchmark Email em Portugu\u00eas","article_publisher":"https:\/\/www.facebook.com\/BenchmarkBR","article_modified_time":"2023-02-28T19:37:39+00:00","og_image":[{"url":"https:\/\/www.benchmarkemail.com\/wp-content\/uploads\/2019\/10\/agency-image.png","type":"","width":"","height":""}],"twitter_card":"summary_large_image","twitter_misc":{"Est. reading time":"2 minutes"},"schema":{"@context":"https:\/\/schema.org","@graph":[{"@type":"WebPage","@id":"https:\/\/www.benchmarkemail.com\/br\/partners\/agencies\/","url":"https:\/\/www.benchmarkemail.com\/br\/partners\/agencies\/","name":"Agency Partners - Benchmark Email","isPartOf":{"@id":"https:\/\/www.benchmarkemail.com\/br\/#website"},"primaryImageOfPage":{"@id":"https:\/\/www.benchmarkemail.com\/br\/partners\/agencies\/#primaryimage"},"image":{"@id":"https:\/\/www.benchmarkemail.com\/br\/partners\/agencies\/#primaryimage"},"thumbnailUrl":"https:\/\/www.benchmarkemail.com\/wp-content\/uploads\/2019\/10\/agency-image.png","datePublished":"2019-10-08T21:42:37+00:00","dateModified":"2023-02-28T19:37:39+00:00","breadcrumb":{"@id":"https:\/\/www.benchmarkemail.com\/br\/partners\/agencies\/#breadcrumb"},"inLanguage":"en-US","potentialAction":[{"@type":"ReadAction","target":["https:\/\/www.benchmarkemail.com\/br\/partners\/agencies\/"]}]},{"@type":"ImageObject","inLanguage":"en-US","@id":"https:\/\/www.benchmarkemail.com\/br\/partners\/agencies\/#primaryimage","url":"https:\/\/www.benchmarkemail.com\/wp-content\/uploads\/2019\/10\/agency-image.png","contentUrl":"https:\/\/www.benchmarkemail.com\/wp-content\/uploads\/2019\/10\/agency-image.png"},{"@type":"BreadcrumbList","@id":"https:\/\/www.benchmarkemail.com\/br\/partners\/agencies\/#breadcrumb","itemListElement":[{"@type":"ListItem","position":1,"name":"Home","item":"https:\/\/www.benchmarkemail.com\/br\/"},{"@type":"ListItem","position":2,"name":"Partners","item":"https:\/\/www.benchmarkemail.com\/br\/partners\/"},{"@type":"ListItem","position":3,"name":"Agency Partners"}]},{"@type":"WebSite","@id":"https:\/\/www.benchmarkemail.com\/br\/#website","url":"https:\/\/www.benchmarkemail.com\/br\/","name":"Benchmark Email em Portugu\u00eas","description":"","publisher":{"@id":"https:\/\/www.benchmarkemail.com\/br\/#organization"},"potentialAction":[{"@type":"SearchAction","target":{"@type":"EntryPoint","urlTemplate":"https:\/\/www.benchmarkemail.com\/br\/?s={search_term_string}"},"query-input":{"@type":"PropertyValueSpecification","valueRequired":true,"valueName":"search_term_string"}}],"inLanguage":"en-US"},{"@type":"Organization","@id":"https:\/\/www.benchmarkemail.com\/br\/#organization","name":"Benchmark Internet Group, LLC","url":"https:\/\/www.benchmarkemail.com\/br\/","logo":{"@type":"ImageObject","inLanguage":"en-US","@id":"https:\/\/www.benchmarkemail.com\/br\/#\/schema\/logo\/image\/","url":"https:\/\/www.benchmarkemail.com\/br\/wp-content\/uploads\/sites\/6\/2019\/09\/benchmark-logo.svg","contentUrl":"https:\/\/www.benchmarkemail.com\/br\/wp-content\/uploads\/sites\/6\/2019\/09\/benchmark-logo.svg","width":1,"height":1,"caption":"Benchmark Internet Group, LLC"},"image":{"@id":"https:\/\/www.benchmarkemail.com\/br\/#\/schema\/logo\/image\/"},"sameAs":["https:\/\/www.facebook.com\/BenchmarkBR"]}]}},"_links":{"self":[{"href":"https:\/\/www.benchmarkemail.com\/br\/wp-json\/wp\/v2\/pages\/453","targetHints":{"allow":["GET"]}}],"collection":[{"href":"https:\/\/www.benchmarkemail.com\/br\/wp-json\/wp\/v2\/pages"}],"about":[{"href":"https:\/\/www.benchmarkemail.com\/br\/wp-json\/wp\/v2\/types\/page"}],"author":[{"embeddable":true,"href":"https:\/\/www.benchmarkemail.com\/br\/wp-json\/wp\/v2\/users\/3"}],"replies":[{"embeddable":true,"href":"https:\/\/www.benchmarkemail.com\/br\/wp-json\/wp\/v2\/comments?post=453"}],"version-history":[{"count":0,"href":"https:\/\/www.benchmarkemail.com\/br\/wp-json\/wp\/v2\/pages\/453\/revisions"}],"up":[{"embeddable":true,"href":"https:\/\/www.benchmarkemail.com\/br\/wp-json\/wp\/v2\/pages\/68"}],"wp:attachment":[{"href":"https:\/\/www.benchmarkemail.com\/br\/wp-json\/wp\/v2\/media?parent=453"}],"curies":[{"name":"wp","href":"https:\/\/api.w.org\/{rel}","templated":true}]}}