{"id":47402,"date":"2025-09-26T15:33:32","date_gmt":"2025-09-26T15:33:32","guid":{"rendered":"https:\/\/www.benchmarkemail.com\/br\/?page_id=47402"},"modified":"2025-10-02T09:54:52","modified_gmt":"2025-10-02T09:54:52","slug":"best-mailchimp-alternatives-page","status":"publish","type":"page","link":"https:\/\/www.benchmarkemail.com\/br\/best-mailchimp-alternatives-page\/","title":{"rendered":"As 7 melhores alternativas ao Mailchimp para 2025"},"content":{"rendered":"\n<h1>\n\t\tAs 7 melhores alternativas ao Mailchimp para 2025\n\t<\/h1>\n<h2>\n\t\t(e por que voc\u00ea pode querer mudar)\n\t<\/h2>\n\t\t\t\t<img loading=\"lazy\" decoding=\"async\" src=\"https:\/\/www.benchmarkemail.com\/es\/wp-content\/uploads\/sites\/4\/2025\/09\/Las-7-mejores-alternativas-a-Mailchimp-.webp\" alt=\"Las 7 mejores alternativas a Mailchimp\" itemprop=\"image\" height=\"950\" width=\"1400\" title=\"Las 7 mejores alternativas a Mailchimp\" onerror=\"this.style.display='none'\"  \/>\n\t<p>O Mailchimp tem sido h\u00e1 muito tempo a escolha certa para o marketing por e-mail. Mas o que antes era simples tornou-se, bem&#8230; n\u00e3o t\u00e3o simples assim. Entre custos crescentes, fluxos de trabalho complexos e recursos que a maioria das equipes nunca usa, muitos profissionais de marketing consideram que o Mailchimp \u00e9 mais um fardo do que uma ajuda.<\/p>\n\t<p>Se isso lhe parece familiar, voc\u00ea n\u00e3o est\u00e1 sozinho. Muitos outros citam &#8220;pre\u00e7o&#8221; e &#8220;complexidade&#8221; como os principais motivos para trocarem de plataforma.<\/p>\n\t<p>The good news? There are plenty of Mailchimp alternatives in 2025 that make email marketing easier, faster, and more affordable. Let&#8217;s look at the seven best-starting with Benchmark Email, the platform built for busy marketers who just want to get great emails out the door without the headache.<\/p>\n<h3>\n\t\t1. Benchmark Email &#8211; Marketing por e-mail sem complica\u00e7\u00f5es\n\t<\/h3>\n\t<p>Se o Mailchimp parece complicado, o Benchmark Email \u00e9 a solu\u00e7\u00e3o. Criado especificamente para profissionais de marketing ocupados (prazos apertados, equipes reduzidas, tempo de treinamento limitado), o Benchmark se concentra no que \u00e9 mais importante: cria\u00e7\u00e3o f\u00e1cil de e-mails, gerenciamento organizado de contatos e relat\u00f3rios claros.<\/p>\n<h4>\n\t\tPrincipais recursos:\n\t<\/h4>\n\t<ul>\n<li>Construtor de e-mails intuitivo do tipo <a href=\"https:\/\/www.benchmarkemail.com\/features\/email-builder\/\">arrastar e soltar<\/a> (sem necessidade de programa\u00e7\u00e3o)<\/li>\n<li>Ferramentas de IA para linhas de assunto, edi\u00e7\u00e3o de texto e at\u00e9 mesmo gera\u00e7\u00e3o de imagens<\/li>\n<li>Pre\u00e7os transparentes e baseados em contato (sem n\u00edveis baseados em recursos ou vendas adicionais)<\/li>\n<\/ul>\n<h3>\n\t\tPor que escolher este servi\u00e7o em vez do Mailchimp?\n\t<\/h3>\n\t<p>O Benchmark foi criado com o objetivo de oferecer rapidez e simplicidade. Enquanto o Mailchimp pode parecer um labirinto de vendas adicionais e menus ocultos, o Benchmark elimina o excesso de informa\u00e7\u00f5es desnecess\u00e1rias para que voc\u00ea possa criar e enviar campanhas em minutos, e n\u00e3o em horas.<\/p>\n<p>E, ao contr\u00e1rio da central de ajuda automatizada do Mailchimp, o Benchmark oferece suporte humano responsivo sempre que voc\u00ea precisar.<\/p>\n\t<p><strong>Ideal para<\/strong>: gerentes de marketing, equipes pequenas e empresas em crescimento que desejam que o marketing por e-mail seja a parte mais f\u00e1cil do seu dia.<\/p>\n\t\t\t\t<img loading=\"lazy\" decoding=\"async\" src=\"https:\/\/www.benchmarkemail.com\/es\/wp-content\/uploads\/sites\/4\/2025\/09\/Constant-Contact-ideal-para-la-ayuda-profesional.webp\" alt=\"Constant Contact ideal para la ayuda profesional\" itemprop=\"image\" height=\"889\" width=\"1536\" title=\"Constant Contact ideal para la ayuda profesional\" onerror=\"this.style.display='none'\"  \/>\n<h3>\n\t\t2. Constant Contact &#8211; \u00d3timo para suporte manual\n\t<\/h3>\n\t<p>O Constant Contact existe h\u00e1 quase tanto tempo quanto o Mailchimp, mas conquistou um nicho como uma op\u00e7\u00e3o amig\u00e1vel para pequenas empresas e organiza\u00e7\u00f5es sem fins lucrativos.<\/p>\n<h4>\n\t\tPrincipais recursos:\n\t<\/h4>\n\t<ul>\n<li>Construtor de arrastar e soltar com uma biblioteca de modelos<\/li>\n<li>Ferramentas de gerenciamento de eventos para campanhas de arrecada\u00e7\u00e3o de fundos e promo\u00e7\u00f5es locais<\/li>\n<li>Suporte confi\u00e1vel por telefone e chat para ajuda guiada<\/li>\n<\/ul>\n<h3>\n\t\tPor que escolh\u00ea-lo em vez do Mailchimp?\n\t<\/h3>\n\t<p>O Mailchimp se baseia em recursos de autoatendimento. O Constant Contact, por outro lado, \u00e9 ideal se voc\u00ea deseja suporte humano passo a passo ao configurar ou solucionar problemas em campanhas<\/p>\n\t<p><strong>Ideal para<\/strong>: Iniciantes ou organiza\u00e7\u00f5es que desejam orienta\u00e7\u00e3o pessoal.<\/p>\n\t\t\t\t<img loading=\"lazy\" decoding=\"async\" src=\"https:\/\/www.benchmarkemail.com\/es\/wp-content\/uploads\/sites\/4\/2025\/09\/ActiveCampaign-potencia-de-la-automatizacion.webp\" alt=\"ActiveCampaign potencia de la automatizaci\u00f3n\" itemprop=\"image\" height=\"894\" width=\"1288\" title=\"ActiveCampaign potencia de la automatizaci\u00f3n\" onerror=\"this.style.display='none'\"  \/>\n<h3>\n\t\t3. ActiveCampaign &#8211; Pot\u00eancia em automa\u00e7\u00e3o\n\t<\/h3>\n\t<p>Quando se trata de automa\u00e7\u00e3o avan\u00e7ada de marketing, o ActiveCampaign \u00e9 o peso pesado. Ele combina marketing por e-mail com ferramentas de CRM para oferecer campanhas sofisticadas e em v\u00e1rias etapas.<\/p>\n<h4>\n\t\tPrincipais recursos:\n\t<\/h4>\n\t<ul>\n<li>Automa\u00e7\u00e3o avan\u00e7ada e jornadas do cliente<\/li>\n<li>CRM integrado para acompanhamento do funil de vendas<\/li>\n<li>Segmenta\u00e7\u00e3o profunda para segmenta\u00e7\u00e3o baseada em comportamento<\/li>\n<\/ul>\n<h3>\n\t\tPor que escolher este em vez do Mailchimp?\n\t<\/h3>\n\t<p>As op\u00e7\u00f5es de automa\u00e7\u00e3o do Mailchimp s\u00e3o limitadas, a menos que voc\u00ea pague por planos mais caros. O ActiveCampaign se destaca na cria\u00e7\u00e3o de fluxos de trabalho sofisticados, mas tem uma curva de aprendizado mais \u00edngreme.<\/p>\n\t<p><strong>Ideal para:<\/strong> Empresas de m\u00e9dio porte ou equipes com experi\u00eancia em automa\u00e7\u00e3o.<\/p>\n\t\t\t\t<img loading=\"lazy\" decoding=\"async\" src=\"https:\/\/www.benchmarkemail.com\/es\/wp-content\/uploads\/sites\/4\/2025\/09\/MailerLite-economico-y-sencillo.webp\" alt=\"MailerLite econ\u00f3mico y sencillo\" itemprop=\"image\" height=\"725\" width=\"1536\" title=\"MailerLite econ\u00f3mico y sencillo\" onerror=\"this.style.display='none'\"  \/>\n<h3>\n\t\t4. MailerLite &#8211; Econ\u00f4mico e simples\n\t<\/h3>\n\t<p>O MailerLite \u00e9 o favorito dos f\u00e3s para startups, freelancers e pequenas equipes gra\u00e7as \u00e0 sua simplicidade e pre\u00e7o acess\u00edvel.<\/p>\n<h4>\n\t\tPrincipais recursos:\n\t<\/h4>\n\t<ul>\n<li data-pm-slice=\"0 0 []\">Editor leve de arrastar e soltar<\/li>\n<li>P\u00e1ginas de destino e automa\u00e7\u00e3o b\u00e1sica inclu\u00eddas<\/li>\n<li>Plano gratuito generoso (at\u00e9 1.000 assinantes)<\/li>\n<\/ul>\n<h3>\n\t\tPor que escolh\u00ea-lo em vez do Mailchimp?\n\t<\/h3>\n\t<p>O MailerLite mant\u00e9m as coisas simples e econ\u00f4micas, tornando-o uma \u00f3tima escolha se voc\u00ea deseja campanhas refinadas sem gastar muito.<\/p>\n\t<p><strong>Ideal para<\/strong>: Equipes preocupadas com o or\u00e7amento que precisam apenas do essencial.<\/p>\n\t\t\t\t<img loading=\"lazy\" decoding=\"async\" src=\"https:\/\/www.benchmarkemail.com\/es\/wp-content\/uploads\/sites\/4\/2025\/09\/19b284d6-5ea2-4f4a-85a9-a2ba9856e767.webp\" alt=\"19b284d6-5ea2-4f4a-85a9-a2ba9856e767\" itemprop=\"image\" height=\"768\" width=\"1536\" title=\"19b284d6-5ea2-4f4a-85a9-a2ba9856e767\" onerror=\"this.style.display='none'\"  \/>\n<h3>\n\t\t5. Klaviyo &#8211; Criado para o crescimento do com\u00e9rcio eletr\u00f4nico\n\t<\/h3>\n\t<p>Se voc\u00ea administra uma loja online, o Klaviyo \u00e9 uma op\u00e7\u00e3o s\u00e9ria. Ele se integra profundamente \u00e0s plataformas de com\u00e9rcio eletr\u00f4nico e se concentra em gerar receita.<\/p>\n<h4>\n\t\tPrincipais recursos:\n\t<\/h4>\n\t<ul>\n<li data-pm-slice=\"0 0 []\">Integra\u00e7\u00f5es com Shopify, WooCommerce e BigCommerce<\/li>\n<li>Relat\u00f3rios focados na receita (veja quais e-mails impulsionam as vendas)<\/li>\n<li>Automa\u00e7\u00f5es como recupera\u00e7\u00e3o de carrinho e recomenda\u00e7\u00f5es de produtos<\/li>\n<\/ul>\n<h3>\n\t\tPor que escolh\u00ea-lo em vez do Mailchimp?\n\t<\/h3>\n\t<p>Os recursos de com\u00e9rcio eletr\u00f4nico do Mailchimp s\u00e3o limitados. O Klaviyo tem como foco ajudar as lojas online a maximizar as vendas por meio de campanhas de e-mail mais inteligentes e baseadas em dados.<\/p>\n\t<p><strong>Ideal para<\/strong>: Empresas de com\u00e9rcio eletr\u00f4nico em crescimento.<\/p>\n\t\t\t\t<img loading=\"lazy\" decoding=\"async\" src=\"https:\/\/www.benchmarkemail.com\/es\/wp-content\/uploads\/sites\/4\/2025\/09\/Klaviyo-creado-para-el-crecimiento-del-ecommerce.webp\" alt=\"Klaviyo creado para el crecimiento del ecommerce\" itemprop=\"image\" height=\"836\" width=\"1536\" title=\"Klaviyo creado para el crecimiento del ecommerce\" onerror=\"this.style.display='none'\"  \/>\n<h3>\n\t\t6. Brevo (anteriormente Sendinblue) &#8211; Marketing multicanal acess\u00edvel\n\t<\/h3>\n\t<p>O Brevo vai al\u00e9m do e-mail com mensagens multicanais que incluem SMS e chat, tudo em uma \u00fanica plataforma.<\/p>\n<h4>\n\t\tPrincipais recursos:\n\t<\/h4>\n\t<ul>\n<li data-pm-slice=\"0 0 []\">Recursos de e-mail + SMS + chat<\/li>\n<li>Pre\u00e7os por e-mail (em vez de por contato)<\/li>\n<li>CRM leve integrado<\/li>\n<\/ul>\n<h3>\n\t\tPor que escolher esta op\u00e7\u00e3o em vez do Mailchimp?\n\t<\/h3>\n\t<p>Se voc\u00ea est\u00e1 experimentando o SMS ou deseja pre\u00e7os flex\u00edveis pr\u00e9-pagos, o Brevo \u00e9 uma solu\u00e7\u00e3o econ\u00f4mica.<\/p>\n\t<p><strong>Ideal para:<\/strong> Empresas que procuram e-mail + SMS sem pre\u00e7os de n\u00edvel empresarial.<\/p>\n\t\t\t\t<img loading=\"lazy\" decoding=\"async\" src=\"https:\/\/www.benchmarkemail.com\/es\/wp-content\/uploads\/sites\/4\/2025\/09\/Brevo-antes-Sendinblue-marketing-multicanal-asequible.webp\" alt=\"Brevo (antes Sendinblue) marketing multicanal asequible\" itemprop=\"image\" height=\"736\" width=\"1536\" title=\"Brevo (antes Sendinblue) marketing multicanal asequible\" onerror=\"this.style.display='none'\"  \/>\n<h3>\n\t\t7. HubSpot Email Marketing &#8211; Ideal para integra\u00e7\u00e3o com CRM\n\t<\/h3>\n\t<p>J\u00e1 utiliza o HubSpot? Sua ferramenta de marketing por e-mail integra-se perfeitamente ao CRM, alinhando vendas e marketing sob o mesmo teto.<\/p>\n<h4>\n\t\tPrincipais recursos:\n\t<\/h4>\n\t<ul>\n<li>Conex\u00e3o nativa com o CRM para sincroniza\u00e7\u00e3o de dados de clientes<\/li>\n<li>Modelos de e-mail com recurso de arrastar e soltar<\/li>\n<li>Relat\u00f3rios diretamente vinculados aos funis de vendas<\/li>\n<\/ul>\n<h3>\n\t\tPor que escolher essa op\u00e7\u00e3o em vez do Mailchimp?\n\t<\/h3>\n\t<p>Se sua equipe j\u00e1 utiliza o HubSpot, a escolha \u00e9 \u00f3bvia. Tudo permanece conectado &#8211; sem necessidade de sincroniza\u00e7\u00e3o, exporta\u00e7\u00e3o ou manipula\u00e7\u00e3o de dados.<\/p>\n\t<p><strong>Ideal para<\/strong>: Empresas que j\u00e1 utilizam o CRM da HubSpot.<\/p>\n\t\t\t\t<img loading=\"lazy\" decoding=\"async\" src=\"https:\/\/www.benchmarkemail.com\/es\/wp-content\/uploads\/sites\/4\/2025\/09\/HubSpot-Email-Marketing.webp\" alt=\"HubSpot-Email-Marketing\" itemprop=\"image\" height=\"848\" width=\"1536\" title=\"HubSpot-Email-Marketing\" onerror=\"this.style.display='none'\"  \/>\n<h3>\n\t\tTabela comparativa de alternativas ao Mailchimp\n\t<\/h3>\n  <table>\n    <thead>\n      <tr>\n        <th>Ferramenta<\/th>\n        <th>Ideal para<\/th>\n        <th>Principais recursos<\/th>\n        <th>Pre\u00e7o inicial<\/th>\n      <\/tr>\n    <\/thead>\n    <tbody>\n      <tr>\n        <td>Benchmark Email<\/td>\n        <td>Simplicidade e rapidez<\/td>\n        <td>Construtor de e-mails com IA, marca\u00e7\u00e3o, segmenta\u00e7\u00e3o<\/td>\n        <td>Gratuito, depois US$ 13\/m\u00eas<\/td>\n      <\/tr>\n      <tr>\n        <td>Constant Contact<\/td>\n        <td>Suporte pr\u00e1tico<\/td>\n        <td>Modelos, gerenciamento de eventos<\/td>\n        <td>US$ 12\/m\u00eas<\/td>\n      <\/tr>\n      <tr>\n        <td>ActiveCampaign<\/td>\n        <td>Automa\u00e7\u00e3o avan\u00e7ada<\/td>\n        <td>Fluxos de trabalho complexos, integra\u00e7\u00e3o com CRM<\/td>\n        <td>US$ 49\/m\u00eas<\/td>\n      <\/tr>\n      <tr>\n        <td>MailerLite<\/td>\n        <td>E-mail econ\u00f4mico<\/td>\n        <td>Automa\u00e7\u00e3o, p\u00e1ginas de destino<\/td>\n        <td>Gratuito, depois US$ 10\/m\u00eas<\/td>\n      <\/tr>\n      <tr>\n        <td>Klaviyo<\/td>\n        <td>Crescimento do com\u00e9rcio eletr\u00f4nico<\/td>\n        <td>Integra\u00e7\u00e3o com o Shopify, acompanhamento de vendas<\/td>\n        <td>Gratuito, depois US$ 20\/m\u00eas<\/td>\n      <\/tr>\n      <tr>\n        <td>Brevo (Sendinblue)<\/td>\n        <td>Mensagens multicanais<\/td>\n        <td>E-mail, SMS, chat<\/td>\n        <td>Gratuito, pagamento por e-mail<\/td>\n      <\/tr>\n      <tr>\n        <td>HubSpot E-mail<\/td>\n        <td>Integra\u00e7\u00e3o com CRM<\/td>\n        <td>CRM integrado, relat\u00f3rios de pipeline<\/td>\n        <td>Gratuito, planos premium dispon\u00edveis<\/td>\n      <\/tr>\n    <\/tbody>\n  <\/table>\n<h3>\n\t\tConclus\u00e3o: qual \u00e9 a melhor alternativa ao Mailchimp?\n\t<\/h3>\n\t<p>Aqu\u00ed tienes un resumen r\u00e1pido:<\/p>\n\t<ul>\n<li>Para velocidade e simplicidade: Benchmark Email<\/li>\n<li>Para ajuda guiada: Constant Contact<\/li>\n<li>Para automa\u00e7\u00e3o avan\u00e7ada: ActiveCampaign<\/li>\n<li>Para recursos b\u00e1sicos econ\u00f4micos: MailerLite<\/li>\n<li>Para crescimento do com\u00e9rcio eletr\u00f4nico: Klaviyo<\/li>\n<li>Para campanhas multicanais: Brevo<\/li>\n<li>Para equipes que priorizam o CRM: HubSpot<\/li>\n<\/ul>\n\t<p>Se voc\u00ea est\u00e1 cansado de recursos excessivos e custos crescentes, o Benchmark Email \u00e9 uma das melhores alternativas ao Mailchimp em 2025. Ele foi projetado para profissionais de marketing ocupados como voc\u00ea, que desejam criar e enviar campanhas eficazes rapidamente &#8211; sem complica\u00e7\u00f5es, sem uma curva de aprendizado \u00edngreme e sem pagar a mais por recursos b\u00e1sicos &#8220;premium&#8221;.<\/p>\n<h2>\n\t\tPronto para tornar o marketing por e-mail a parte mais f\u00e1cil do seu dia?\n\t<\/h2>\n\t<p>\ud83d\udc49 Comece gratuitamente com o Benchmark Email hoje mesmo e veja como as campanhas podem ser f\u00e1ceis em compara\u00e7\u00e3o com o Mailchimp.<\/p>\n\t\t\t<a href=\"https:\/\/ui.benchmarkemail.com\/br\/register\" target=\"_blank\" rel=\"noopener\">\n\t\t\t\t\t\t\tEXPERIMENTE O BENCHMARK GRATUITAMENTE\n\t\t\t\t\t<\/a>\n\t\t\t\t<img loading=\"lazy\" decoding=\"async\" src=\"https:\/\/www.benchmarkemail.com\/wp-content\/uploads\/2025\/08\/Ditch-the-bloat.-Switch-to-smarter-email.png\" alt=\"Ditch the bloat. Switch to smarter email.\" itemprop=\"image\" height=\"772\" width=\"890\" title=\"Ditch the bloat. Switch to smarter email.\" onerror=\"this.style.display='none'\"  \/>\n\n","protected":false},"excerpt":{"rendered":"<p>As 7 melhores alternativas ao Mailchimp para 2025 (e por que voc\u00ea pode querer mudar) O Mailchimp tem sido h\u00e1 muito tempo a escolha certa para o marketing por e-mail. Mas o que antes era simples tornou-se, bem&#8230; n\u00e3o t\u00e3o simples assim. Entre custos crescentes, fluxos de trabalho complexos e recursos que a maioria das&hellip;<\/p>\n","protected":false},"author":7,"featured_media":0,"parent":0,"menu_order":0,"comment_status":"closed","ping_status":"closed","template":"","meta":{"inline_featured_image":false,"footnotes":""},"class_list":["post-47402","page","type-page","status-publish","hentry"],"yoast_head":"<!-- This site is optimized with the Yoast SEO plugin v27.5 - https:\/\/yoast.com\/product\/yoast-seo-wordpress\/ -->\n<title>As 7 melhores alternativas ao Mailchimp para 2025 - Benchmark Email<\/title>\n<meta name=\"robots\" content=\"index, follow, max-snippet:-1, max-image-preview:large, max-video-preview:-1\" \/>\n<link rel=\"canonical\" href=\"https:\/\/www.benchmarkemail.com\/br\/best-mailchimp-alternatives-page\/\" \/>\n<meta property=\"og:locale\" content=\"en_US\" \/>\n<meta property=\"og:type\" content=\"article\" \/>\n<meta property=\"og:title\" content=\"As 7 melhores alternativas ao Mailchimp para 2025 - Benchmark Email\" \/>\n<meta property=\"og:description\" content=\"As 7 melhores alternativas ao Mailchimp para 2025 (e por que voc\u00ea pode querer mudar) O Mailchimp tem sido h\u00e1 muito tempo a escolha certa para o marketing por e-mail. Mas o que antes era simples tornou-se, bem&#8230; n\u00e3o t\u00e3o simples assim. Entre custos crescentes, fluxos de trabalho complexos e recursos que a maioria das&hellip;\" \/>\n<meta property=\"og:url\" content=\"https:\/\/www.benchmarkemail.com\/br\/best-mailchimp-alternatives-page\/\" \/>\n<meta property=\"og:site_name\" content=\"Benchmark Email em Portugu\u00eas\" \/>\n<meta property=\"article:publisher\" content=\"https:\/\/www.facebook.com\/BenchmarkBR\" \/>\n<meta property=\"article:modified_time\" content=\"2025-10-02T09:54:52+00:00\" \/>\n<meta property=\"og:image\" content=\"https:\/\/www.benchmarkemail.com\/es\/wp-content\/uploads\/sites\/4\/2025\/09\/Las-7-mejores-alternativas-a-Mailchimp-.webp\" \/>\n<meta name=\"twitter:card\" content=\"summary_large_image\" \/>\n<script type=\"application\/ld+json\" class=\"yoast-schema-graph\">{\"@context\":\"https:\\\/\\\/schema.org\",\"@graph\":[{\"@type\":\"WebPage\",\"@id\":\"https:\\\/\\\/www.benchmarkemail.com\\\/br\\\/best-mailchimp-alternatives-page\\\/\",\"url\":\"https:\\\/\\\/www.benchmarkemail.com\\\/br\\\/best-mailchimp-alternatives-page\\\/\",\"name\":\"As 7 melhores alternativas ao Mailchimp para 2025 - Benchmark Email\",\"isPartOf\":{\"@id\":\"https:\\\/\\\/www.benchmarkemail.com\\\/br\\\/#website\"},\"primaryImageOfPage\":{\"@id\":\"https:\\\/\\\/www.benchmarkemail.com\\\/br\\\/best-mailchimp-alternatives-page\\\/#primaryimage\"},\"image\":{\"@id\":\"https:\\\/\\\/www.benchmarkemail.com\\\/br\\\/best-mailchimp-alternatives-page\\\/#primaryimage\"},\"thumbnailUrl\":\"https:\\\/\\\/www.benchmarkemail.com\\\/es\\\/wp-content\\\/uploads\\\/sites\\\/4\\\/2025\\\/09\\\/Las-7-mejores-alternativas-a-Mailchimp-.webp\",\"datePublished\":\"2025-09-26T15:33:32+00:00\",\"dateModified\":\"2025-10-02T09:54:52+00:00\",\"breadcrumb\":{\"@id\":\"https:\\\/\\\/www.benchmarkemail.com\\\/br\\\/best-mailchimp-alternatives-page\\\/#breadcrumb\"},\"inLanguage\":\"en-US\",\"potentialAction\":[{\"@type\":\"ReadAction\",\"target\":[\"https:\\\/\\\/www.benchmarkemail.com\\\/br\\\/best-mailchimp-alternatives-page\\\/\"]}]},{\"@type\":\"ImageObject\",\"inLanguage\":\"en-US\",\"@id\":\"https:\\\/\\\/www.benchmarkemail.com\\\/br\\\/best-mailchimp-alternatives-page\\\/#primaryimage\",\"url\":\"https:\\\/\\\/www.benchmarkemail.com\\\/es\\\/wp-content\\\/uploads\\\/sites\\\/4\\\/2025\\\/09\\\/Las-7-mejores-alternativas-a-Mailchimp-.webp\",\"contentUrl\":\"https:\\\/\\\/www.benchmarkemail.com\\\/es\\\/wp-content\\\/uploads\\\/sites\\\/4\\\/2025\\\/09\\\/Las-7-mejores-alternativas-a-Mailchimp-.webp\"},{\"@type\":\"BreadcrumbList\",\"@id\":\"https:\\\/\\\/www.benchmarkemail.com\\\/br\\\/best-mailchimp-alternatives-page\\\/#breadcrumb\",\"itemListElement\":[{\"@type\":\"ListItem\",\"position\":1,\"name\":\"Home\",\"item\":\"https:\\\/\\\/www.benchmarkemail.com\\\/br\\\/\"},{\"@type\":\"ListItem\",\"position\":2,\"name\":\"As 7 melhores alternativas ao Mailchimp para 2025\"}]},{\"@type\":\"WebSite\",\"@id\":\"https:\\\/\\\/www.benchmarkemail.com\\\/br\\\/#website\",\"url\":\"https:\\\/\\\/www.benchmarkemail.com\\\/br\\\/\",\"name\":\"Benchmark Email em Portugu\u00eas\",\"description\":\"\",\"publisher\":{\"@id\":\"https:\\\/\\\/www.benchmarkemail.com\\\/br\\\/#organization\"},\"potentialAction\":[{\"@type\":\"SearchAction\",\"target\":{\"@type\":\"EntryPoint\",\"urlTemplate\":\"https:\\\/\\\/www.benchmarkemail.com\\\/br\\\/?s={search_term_string}\"},\"query-input\":{\"@type\":\"PropertyValueSpecification\",\"valueRequired\":true,\"valueName\":\"search_term_string\"}}],\"inLanguage\":\"en-US\"},{\"@type\":\"Organization\",\"@id\":\"https:\\\/\\\/www.benchmarkemail.com\\\/br\\\/#organization\",\"name\":\"Benchmark Internet Group, LLC\",\"url\":\"https:\\\/\\\/www.benchmarkemail.com\\\/br\\\/\",\"logo\":{\"@type\":\"ImageObject\",\"inLanguage\":\"en-US\",\"@id\":\"https:\\\/\\\/www.benchmarkemail.com\\\/br\\\/#\\\/schema\\\/logo\\\/image\\\/\",\"url\":\"https:\\\/\\\/www.benchmarkemail.com\\\/br\\\/wp-content\\\/uploads\\\/sites\\\/6\\\/2019\\\/09\\\/benchmark-logo.svg\",\"contentUrl\":\"https:\\\/\\\/www.benchmarkemail.com\\\/br\\\/wp-content\\\/uploads\\\/sites\\\/6\\\/2019\\\/09\\\/benchmark-logo.svg\",\"width\":1,\"height\":1,\"caption\":\"Benchmark Internet Group, LLC\"},\"image\":{\"@id\":\"https:\\\/\\\/www.benchmarkemail.com\\\/br\\\/#\\\/schema\\\/logo\\\/image\\\/\"},\"sameAs\":[\"https:\\\/\\\/www.facebook.com\\\/BenchmarkBR\"]}]}<\/script>\n<!-- \/ Yoast SEO plugin. -->","yoast_head_json":{"title":"As 7 melhores alternativas ao Mailchimp para 2025 - Benchmark Email","robots":{"index":"index","follow":"follow","max-snippet":"max-snippet:-1","max-image-preview":"max-image-preview:large","max-video-preview":"max-video-preview:-1"},"canonical":"https:\/\/www.benchmarkemail.com\/br\/best-mailchimp-alternatives-page\/","og_locale":"en_US","og_type":"article","og_title":"As 7 melhores alternativas ao Mailchimp para 2025 - Benchmark Email","og_description":"As 7 melhores alternativas ao Mailchimp para 2025 (e por que voc\u00ea pode querer mudar) O Mailchimp tem sido h\u00e1 muito tempo a escolha certa para o marketing por e-mail. Mas o que antes era simples tornou-se, bem&#8230; n\u00e3o t\u00e3o simples assim. Entre custos crescentes, fluxos de trabalho complexos e recursos que a maioria das&hellip;","og_url":"https:\/\/www.benchmarkemail.com\/br\/best-mailchimp-alternatives-page\/","og_site_name":"Benchmark Email em Portugu\u00eas","article_publisher":"https:\/\/www.facebook.com\/BenchmarkBR","article_modified_time":"2025-10-02T09:54:52+00:00","og_image":[{"url":"https:\/\/www.benchmarkemail.com\/es\/wp-content\/uploads\/sites\/4\/2025\/09\/Las-7-mejores-alternativas-a-Mailchimp-.webp","type":"","width":"","height":""}],"twitter_card":"summary_large_image","schema":{"@context":"https:\/\/schema.org","@graph":[{"@type":"WebPage","@id":"https:\/\/www.benchmarkemail.com\/br\/best-mailchimp-alternatives-page\/","url":"https:\/\/www.benchmarkemail.com\/br\/best-mailchimp-alternatives-page\/","name":"As 7 melhores alternativas ao Mailchimp para 2025 - Benchmark Email","isPartOf":{"@id":"https:\/\/www.benchmarkemail.com\/br\/#website"},"primaryImageOfPage":{"@id":"https:\/\/www.benchmarkemail.com\/br\/best-mailchimp-alternatives-page\/#primaryimage"},"image":{"@id":"https:\/\/www.benchmarkemail.com\/br\/best-mailchimp-alternatives-page\/#primaryimage"},"thumbnailUrl":"https:\/\/www.benchmarkemail.com\/es\/wp-content\/uploads\/sites\/4\/2025\/09\/Las-7-mejores-alternativas-a-Mailchimp-.webp","datePublished":"2025-09-26T15:33:32+00:00","dateModified":"2025-10-02T09:54:52+00:00","breadcrumb":{"@id":"https:\/\/www.benchmarkemail.com\/br\/best-mailchimp-alternatives-page\/#breadcrumb"},"inLanguage":"en-US","potentialAction":[{"@type":"ReadAction","target":["https:\/\/www.benchmarkemail.com\/br\/best-mailchimp-alternatives-page\/"]}]},{"@type":"ImageObject","inLanguage":"en-US","@id":"https:\/\/www.benchmarkemail.com\/br\/best-mailchimp-alternatives-page\/#primaryimage","url":"https:\/\/www.benchmarkemail.com\/es\/wp-content\/uploads\/sites\/4\/2025\/09\/Las-7-mejores-alternativas-a-Mailchimp-.webp","contentUrl":"https:\/\/www.benchmarkemail.com\/es\/wp-content\/uploads\/sites\/4\/2025\/09\/Las-7-mejores-alternativas-a-Mailchimp-.webp"},{"@type":"BreadcrumbList","@id":"https:\/\/www.benchmarkemail.com\/br\/best-mailchimp-alternatives-page\/#breadcrumb","itemListElement":[{"@type":"ListItem","position":1,"name":"Home","item":"https:\/\/www.benchmarkemail.com\/br\/"},{"@type":"ListItem","position":2,"name":"As 7 melhores alternativas ao Mailchimp para 2025"}]},{"@type":"WebSite","@id":"https:\/\/www.benchmarkemail.com\/br\/#website","url":"https:\/\/www.benchmarkemail.com\/br\/","name":"Benchmark Email em Portugu\u00eas","description":"","publisher":{"@id":"https:\/\/www.benchmarkemail.com\/br\/#organization"},"potentialAction":[{"@type":"SearchAction","target":{"@type":"EntryPoint","urlTemplate":"https:\/\/www.benchmarkemail.com\/br\/?s={search_term_string}"},"query-input":{"@type":"PropertyValueSpecification","valueRequired":true,"valueName":"search_term_string"}}],"inLanguage":"en-US"},{"@type":"Organization","@id":"https:\/\/www.benchmarkemail.com\/br\/#organization","name":"Benchmark Internet Group, LLC","url":"https:\/\/www.benchmarkemail.com\/br\/","logo":{"@type":"ImageObject","inLanguage":"en-US","@id":"https:\/\/www.benchmarkemail.com\/br\/#\/schema\/logo\/image\/","url":"https:\/\/www.benchmarkemail.com\/br\/wp-content\/uploads\/sites\/6\/2019\/09\/benchmark-logo.svg","contentUrl":"https:\/\/www.benchmarkemail.com\/br\/wp-content\/uploads\/sites\/6\/2019\/09\/benchmark-logo.svg","width":1,"height":1,"caption":"Benchmark Internet Group, LLC"},"image":{"@id":"https:\/\/www.benchmarkemail.com\/br\/#\/schema\/logo\/image\/"},"sameAs":["https:\/\/www.facebook.com\/BenchmarkBR"]}]}},"_links":{"self":[{"href":"https:\/\/www.benchmarkemail.com\/br\/wp-json\/wp\/v2\/pages\/47402","targetHints":{"allow":["GET"]}}],"collection":[{"href":"https:\/\/www.benchmarkemail.com\/br\/wp-json\/wp\/v2\/pages"}],"about":[{"href":"https:\/\/www.benchmarkemail.com\/br\/wp-json\/wp\/v2\/types\/page"}],"author":[{"embeddable":true,"href":"https:\/\/www.benchmarkemail.com\/br\/wp-json\/wp\/v2\/users\/7"}],"replies":[{"embeddable":true,"href":"https:\/\/www.benchmarkemail.com\/br\/wp-json\/wp\/v2\/comments?post=47402"}],"version-history":[{"count":0,"href":"https:\/\/www.benchmarkemail.com\/br\/wp-json\/wp\/v2\/pages\/47402\/revisions"}],"wp:attachment":[{"href":"https:\/\/www.benchmarkemail.com\/br\/wp-json\/wp\/v2\/media?parent=47402"}],"curies":[{"name":"wp","href":"https:\/\/api.w.org\/{rel}","templated":true}]}}