{"id":49373,"date":"2026-02-11T12:22:44","date_gmt":"2026-02-11T12:22:44","guid":{"rendered":"https:\/\/www.benchmarkemail.com\/br\/?page_id=49373"},"modified":"2026-04-08T09:52:16","modified_gmt":"2026-04-08T09:52:16","slug":"reporting","status":"publish","type":"page","link":"https:\/\/www.benchmarkemail.com\/br\/features\/reporting\/","title":{"rendered":"NXG Reporting"},"content":{"rendered":"\n<h1>\n\t\t\tInsights Baseados em Dados para Otimizar Cada Campanha de Email\t<\/h1>\n\t<p>Saiba o que Funciona. Melhore o que N\u00e3o Funciona.<\/p>\n\t<p>As ferramentas avan\u00e7adas de an\u00e1lises e acompanhamento de desempenho da Benchmark Email ajudam voc\u00ea a ajustar sua estrat\u00e9gia, aumentar o engajamento e maximizar as convers\u00f5es.<\/p>\n\t\t\t<a href=\"https:\/\/app.benchmarkemail.io\/register?language=pt\"  target=\"_self\">\n\t\t\t\t\t\t\tExperimente Gr\u00e1tis\n\t\t\t\t\t<\/a>\n<figure itemscope itemtype=\"https:\/\/schema.org\/ImageObject\">\n\t\t\t\t<img decoding=\"async\" src=\"\/wp-content\/themes\/bb-theme-child\/nxg\/img\/nxg-reporting\/Email-campaign.webp\" alt=\"Email-campaign.webp\" title=\"Email-campaign.webp\" onerror=\"this.style.display='none'\" loading=\"lazy\" \/>\n\t<\/figure>\n\t<p>Atividade<\/p>\n<h2>\n\t\t\tVeja os Resultados na Hora. Sem Espera.\t<\/h2>\n\t<p>Por que esperar horas ou dias para medir o sucesso?<\/p>\n<figure itemscope itemtype=\"https:\/\/schema.org\/ImageObject\">\n\t\t\t\t<img decoding=\"async\" src=\"https:\/\/www.benchmarkemail.com\/br\/wp-content\/uploads\/sites\/6\/2026\/03\/Reports_Results_Instantly.webp\" alt=\"Reports_Results_Instantly\" height=\"1003\" width=\"1766\" title=\"Reports_Results_Instantly\" onerror=\"this.style.display='none'\" loading=\"lazy\" \/>\n\t<\/figure>\n\t<p>Com o feed de atividades em tempo real da Benchmark Email, voc\u00ea acompanha quem est\u00e1 abrindo, clicando e cancelando a inscri\u00e7\u00e3o no exato momento em que acontece. Antecipe tend\u00eancias de engajamento e tome decis\u00f5es baseadas em dados na hora.<\/p>\n\t<p>Recursos<\/p>\n<h2>\n\t\t\tDesbloqueie Insights Acion\u00e1veis em Tempo Real\t<\/h2>\n<h2>\n\t\t\tM\u00e9tricas de Engajamento em um S\u00f3 Lugar\t<\/h2>\n\t<p>Acompanhe alcance, envios, taxa de abertura e taxa de cliques em um \u00fanico painel.<\/p>\n\t\t\t<a href=\"https:\/\/app.benchmarkemail.io\/register?language=pt\"  target=\"_self\">\n\t\t\t\t\t\t\tExperimente Gr\u00e1tis\n\t\t\t\t\t<\/a>\n<figure itemscope itemtype=\"https:\/\/schema.org\/ImageObject\">\n\t\t\t\t<img decoding=\"async\" src=\"https:\/\/www.benchmarkemail.com\/br\/wp-content\/uploads\/sites\/6\/2026\/03\/Engagement-Metrics.webp\" alt=\"Engagement Metrics\" height=\"882\" width=\"1024\" title=\"Engagement Metrics\" onerror=\"this.style.display='none'\" loading=\"lazy\" \/>\n\t<\/figure>\n<figure itemscope itemtype=\"https:\/\/schema.org\/ImageObject\">\n\t\t\t\t<img decoding=\"async\" src=\"https:\/\/www.benchmarkemail.com\/br\/wp-content\/uploads\/sites\/6\/2026\/03\/Performance-Tracking-1.webp\" alt=\"Performance Tracking-1\" height=\"752\" width=\"1202\" title=\"Performance Tracking-1\" onerror=\"this.style.display='none'\" loading=\"lazy\" \/>\n\t<\/figure>\n<h2>\n\t\t\tAcompanhamento de Desempenho\t<\/h2>\n\t<p>Compare os resultados ao longo do tempo para medir o sucesso das suas campanhas e aprimorar sua estrat\u00e9gia.<\/p>\n\t\t\t<a href=\"https:\/\/app.benchmarkemail.io\/register?language=pt\"  target=\"_self\">\n\t\t\t\t\t\t\tExperimente Gr\u00e1tis\n\t\t\t\t\t<\/a>\n<h2>\n\t\t\tAcompanhamento de Cliques em Links\t<\/h2>\n\t<p>Veja exatamente onde seu p\u00fablico est\u00e1 interagindo nos seus emails para melhorar o design e o posicionamento dos CTAs.<\/p>\n\t\t\t<a href=\"https:\/\/app.benchmarkemail.io\/register?language=pt\"  target=\"_self\">\n\t\t\t\t\t\t\tExperimente Gr\u00e1tis\n\t\t\t\t\t<\/a>\n<figure itemscope itemtype=\"https:\/\/schema.org\/ImageObject\">\n\t\t\t\t<img decoding=\"async\" src=\"https:\/\/www.benchmarkemail.com\/br\/wp-content\/uploads\/sites\/6\/2026\/03\/Link-Click-Tracking.webp\" alt=\"Link Click Tracking\" height=\"758\" width=\"1178\" title=\"Link Click Tracking\" onerror=\"this.style.display='none'\" loading=\"lazy\" \/>\n\t<\/figure>\n<figure itemscope itemtype=\"https:\/\/schema.org\/ImageObject\">\n\t\t\t\t<img decoding=\"async\" src=\"https:\/\/www.benchmarkemail.com\/br\/wp-content\/uploads\/sites\/6\/2026\/03\/Engagement-Timeline.webp\" alt=\"Engagement Timeline\" height=\"850\" width=\"928\" title=\"Engagement Timeline\" onerror=\"this.style.display='none'\" loading=\"lazy\" \/>\n\t<\/figure>\n<h2>\n\t\t\tLinha do Tempo de Engajamento\t<\/h2>\n\t<p>Identifique os hor\u00e1rios de maior engajamento e otimize seus envios para alcan\u00e7ar melhores resultados.<\/p>\n\t\t\t<a href=\"https:\/\/app.benchmarkemail.io\/register?language=pt\"  target=\"_self\">\n\t\t\t\t\t\t\tExperimente Gr\u00e1tis\n\t\t\t\t\t<\/a>\n<h2>\n\t\t\tInsights por Lista e por Contato\t<\/h2>\n\t<p>Aprofunde-se nos relat\u00f3rios individuais de cada email para ver quem interagiu e de que forma.<\/p>\n\t\t\t<a href=\"https:\/\/app.benchmarkemail.io\/register?language=pt\"  target=\"_self\">\n\t\t\t\t\t\t\tExperimente Gr\u00e1tis\n\t\t\t\t\t<\/a>\n<figure itemscope itemtype=\"https:\/\/schema.org\/ImageObject\">\n\t\t\t\t<img decoding=\"async\" src=\"https:\/\/www.benchmarkemail.com\/br\/wp-content\/uploads\/sites\/6\/2026\/03\/List-Contact-Level-Insights.webp\" alt=\"List &amp; Contact-Level Insights\" height=\"879\" width=\"1163\" title=\"List &amp; Contact-Level Insights\" onerror=\"this.style.display='none'\" loading=\"lazy\" \/>\n\t<\/figure>\n\t<p>Por que a Benchmark Email?<\/p>\n<h2>\n\t\t\tRelat\u00f3rios Claros e Acion\u00e1veis para Gerar Melhores Resultados\t<\/h2>\n<figure itemscope itemtype=\"https:\/\/schema.org\/ImageObject\">\n\t\t\t\t<img decoding=\"async\" src=\"https:\/\/www.benchmarkemail.com\/br\/wp-content\/uploads\/sites\/6\/2026\/03\/Reports-3.webp\" alt=\"Reports-3\" height=\"1388\" width=\"2488\" title=\"Reports-3\" onerror=\"this.style.display='none'\" loading=\"lazy\" \/>\n\t<\/figure>\n<figure itemscope itemtype=\"https:\/\/schema.org\/ImageObject\">\n\t\t\t\t<img decoding=\"async\" src=\"\/wp-content\/themes\/bb-theme-child\/nxg\/img\/nxg-reporting\/ClearActionableData.svg\" alt=\"ClearActionableData.svg\" title=\"ClearActionableData.svg\" onerror=\"this.style.display='none'\" loading=\"lazy\" \/>\n\t<\/figure>\n<h3>\n\t\t\tDados Claros e Acion\u00e1veis\t<\/h3>\n\t<p>Nada de planilhas complicadas por aqui. Relat\u00f3rios f\u00e1ceis de entender ajudam voc\u00ea a tomar decis\u00f5es melhores.<\/p>\n<figure itemscope itemtype=\"https:\/\/schema.org\/ImageObject\">\n\t\t\t\t<img decoding=\"async\" src=\"\/wp-content\/themes\/bb-theme-child\/nxg\/img\/nxg-reporting\/VisualizedTrends.svg\" alt=\"VisualizedTrends.svg\" title=\"VisualizedTrends.svg\" onerror=\"this.style.display='none'\" loading=\"lazy\" \/>\n\t<\/figure>\n<h3>\n\t\t\tTend\u00eancias Visualizadas\t<\/h3>\n\t<p>Identifique padr\u00f5es de engajamento com gr\u00e1ficos e visualiza\u00e7\u00f5es intuitivas.<\/p>\n<figure itemscope itemtype=\"https:\/\/schema.org\/ImageObject\">\n\t\t\t\t<img decoding=\"async\" src=\"\/wp-content\/themes\/bb-theme-child\/nxg\/img\/nxg-reporting\/ConversionOptimization.svg\" alt=\"ConversionOptimization.svg\" title=\"ConversionOptimization.svg\" onerror=\"this.style.display='none'\" loading=\"lazy\" \/>\n\t<\/figure>\n<h3>\n\t\t\tOtimiza\u00e7\u00e3o de Convers\u00f5es\t<\/h3>\n\t<p>Use os insights para ajustar linhas de assunto, conte\u00fado dos emails e hor\u00e1rios de envio, e aumentar o engajamento.<\/p>\n\n","protected":false},"excerpt":{"rendered":"<p>Insights Baseados em Dados para Otimizar Cada Campanha de Email Saiba o que Funciona. Melhore o que N\u00e3o Funciona. As ferramentas avan\u00e7adas de an\u00e1lises e acompanhamento de desempenho da Benchmark Email ajudam voc\u00ea a ajustar sua estrat\u00e9gia, aumentar o engajamento e maximizar as convers\u00f5es. Experimente Gr\u00e1tis Atividade Veja os Resultados na Hora. Sem Espera. Por&hellip;<\/p>\n","protected":false},"author":7,"featured_media":0,"parent":49375,"menu_order":0,"comment_status":"closed","ping_status":"closed","template":"page-nxg.php","meta":{"inline_featured_image":false,"footnotes":""},"class_list":["post-49373","page","type-page","status-publish","hentry"],"yoast_head":"<!-- This site is optimized with the Yoast SEO plugin v27.3 - https:\/\/yoast.com\/product\/yoast-seo-wordpress\/ -->\n<title>NXG Reporting - Benchmark Email<\/title>\n<meta name=\"description\" content=\"Os relat\u00f3rios da Benchmark Email te permitir\u00e1 entender melhor o que est\u00e1 funcionando em suas campanhas de email marketing e onde voc\u00ea pode melhorar. Veja taxas de abertura, cliques, bounces, quem s\u00e3o essas pessoas e onde elas abriram seus emails.\" \/>\n<meta name=\"robots\" content=\"index, follow, max-snippet:-1, max-image-preview:large, max-video-preview:-1\" \/>\n<link rel=\"canonical\" href=\"https:\/\/www.benchmarkemail.com\/br\/features\/reporting\/\" \/>\n<meta property=\"og:locale\" content=\"en_US\" \/>\n<meta property=\"og:type\" content=\"article\" \/>\n<meta property=\"og:title\" content=\"NXG Reporting - Benchmark Email\" \/>\n<meta property=\"og:description\" content=\"Os relat\u00f3rios da Benchmark Email te permitir\u00e1 entender melhor o que est\u00e1 funcionando em suas campanhas de email marketing e onde voc\u00ea pode melhorar. Veja taxas de abertura, cliques, bounces, quem s\u00e3o essas pessoas e onde elas abriram seus emails.\" \/>\n<meta property=\"og:url\" content=\"https:\/\/www.benchmarkemail.com\/br\/features\/reporting\/\" \/>\n<meta property=\"og:site_name\" content=\"Benchmark Email em Portugu\u00eas\" \/>\n<meta property=\"article:publisher\" content=\"https:\/\/www.facebook.com\/BenchmarkBR\" \/>\n<meta property=\"article:modified_time\" content=\"2026-04-08T09:52:16+00:00\" \/>\n<meta property=\"og:image\" content=\"https:\/\/www.benchmarkemail.com\/br\/wp-content\/uploads\/sites\/6\/2026\/03\/Reports_Results_Instantly.webp\" \/>\n<meta name=\"twitter:card\" content=\"summary_large_image\" \/>\n<meta name=\"twitter:label1\" content=\"Est. reading time\" \/>\n\t<meta name=\"twitter:data1\" content=\"4 minutes\" \/>\n<script type=\"application\/ld+json\" class=\"yoast-schema-graph\">{\"@context\":\"https:\\\/\\\/schema.org\",\"@graph\":[{\"@type\":\"WebPage\",\"@id\":\"https:\\\/\\\/www.benchmarkemail.com\\\/br\\\/features\\\/reporting\\\/\",\"url\":\"https:\\\/\\\/www.benchmarkemail.com\\\/br\\\/features\\\/reporting\\\/\",\"name\":\"NXG Reporting - Benchmark Email\",\"isPartOf\":{\"@id\":\"https:\\\/\\\/www.benchmarkemail.com\\\/br\\\/#website\"},\"primaryImageOfPage\":{\"@id\":\"https:\\\/\\\/www.benchmarkemail.com\\\/br\\\/features\\\/reporting\\\/#primaryimage\"},\"image\":{\"@id\":\"https:\\\/\\\/www.benchmarkemail.com\\\/br\\\/features\\\/reporting\\\/#primaryimage\"},\"thumbnailUrl\":\"https:\\\/\\\/www.benchmarkemail.com\\\/br\\\/wp-content\\\/uploads\\\/sites\\\/6\\\/2026\\\/03\\\/Reports_Results_Instantly.webp\",\"datePublished\":\"2026-02-11T12:22:44+00:00\",\"dateModified\":\"2026-04-08T09:52:16+00:00\",\"description\":\"Os relat\u00f3rios da Benchmark Email te permitir\u00e1 entender melhor o que est\u00e1 funcionando em suas campanhas de email marketing e onde voc\u00ea pode melhorar. Veja taxas de abertura, cliques, bounces, quem s\u00e3o essas pessoas e onde elas abriram seus emails.\",\"breadcrumb\":{\"@id\":\"https:\\\/\\\/www.benchmarkemail.com\\\/br\\\/features\\\/reporting\\\/#breadcrumb\"},\"inLanguage\":\"en-US\",\"potentialAction\":[{\"@type\":\"ReadAction\",\"target\":[\"https:\\\/\\\/www.benchmarkemail.com\\\/br\\\/features\\\/reporting\\\/\"]}]},{\"@type\":\"ImageObject\",\"inLanguage\":\"en-US\",\"@id\":\"https:\\\/\\\/www.benchmarkemail.com\\\/br\\\/features\\\/reporting\\\/#primaryimage\",\"url\":\"https:\\\/\\\/www.benchmarkemail.com\\\/br\\\/wp-content\\\/uploads\\\/sites\\\/6\\\/2026\\\/03\\\/Reports_Results_Instantly.webp\",\"contentUrl\":\"https:\\\/\\\/www.benchmarkemail.com\\\/br\\\/wp-content\\\/uploads\\\/sites\\\/6\\\/2026\\\/03\\\/Reports_Results_Instantly.webp\",\"width\":1766,\"height\":1003},{\"@type\":\"BreadcrumbList\",\"@id\":\"https:\\\/\\\/www.benchmarkemail.com\\\/br\\\/features\\\/reporting\\\/#breadcrumb\",\"itemListElement\":[{\"@type\":\"ListItem\",\"position\":1,\"name\":\"Home\",\"item\":\"https:\\\/\\\/www.benchmarkemail.com\\\/br\\\/\"},{\"@type\":\"ListItem\",\"position\":2,\"name\":\"NXG Features\",\"item\":\"https:\\\/\\\/www.benchmarkemail.com\\\/br\\\/features\\\/\"},{\"@type\":\"ListItem\",\"position\":3,\"name\":\"NXG Reporting\"}]},{\"@type\":\"WebSite\",\"@id\":\"https:\\\/\\\/www.benchmarkemail.com\\\/br\\\/#website\",\"url\":\"https:\\\/\\\/www.benchmarkemail.com\\\/br\\\/\",\"name\":\"Benchmark Email em Portugu\u00eas\",\"description\":\"\",\"publisher\":{\"@id\":\"https:\\\/\\\/www.benchmarkemail.com\\\/br\\\/#organization\"},\"potentialAction\":[{\"@type\":\"SearchAction\",\"target\":{\"@type\":\"EntryPoint\",\"urlTemplate\":\"https:\\\/\\\/www.benchmarkemail.com\\\/br\\\/?s={search_term_string}\"},\"query-input\":{\"@type\":\"PropertyValueSpecification\",\"valueRequired\":true,\"valueName\":\"search_term_string\"}}],\"inLanguage\":\"en-US\"},{\"@type\":\"Organization\",\"@id\":\"https:\\\/\\\/www.benchmarkemail.com\\\/br\\\/#organization\",\"name\":\"Benchmark Internet Group, LLC\",\"url\":\"https:\\\/\\\/www.benchmarkemail.com\\\/br\\\/\",\"logo\":{\"@type\":\"ImageObject\",\"inLanguage\":\"en-US\",\"@id\":\"https:\\\/\\\/www.benchmarkemail.com\\\/br\\\/#\\\/schema\\\/logo\\\/image\\\/\",\"url\":\"https:\\\/\\\/www.benchmarkemail.com\\\/br\\\/wp-content\\\/uploads\\\/sites\\\/6\\\/2019\\\/09\\\/benchmark-logo.svg\",\"contentUrl\":\"https:\\\/\\\/www.benchmarkemail.com\\\/br\\\/wp-content\\\/uploads\\\/sites\\\/6\\\/2019\\\/09\\\/benchmark-logo.svg\",\"width\":1,\"height\":1,\"caption\":\"Benchmark Internet Group, LLC\"},\"image\":{\"@id\":\"https:\\\/\\\/www.benchmarkemail.com\\\/br\\\/#\\\/schema\\\/logo\\\/image\\\/\"},\"sameAs\":[\"https:\\\/\\\/www.facebook.com\\\/BenchmarkBR\"]}]}<\/script>\n<!-- \/ Yoast SEO plugin. -->","yoast_head_json":{"title":"NXG Reporting - Benchmark Email","description":"Os relat\u00f3rios da Benchmark Email te permitir\u00e1 entender melhor o que est\u00e1 funcionando em suas campanhas de email marketing e onde voc\u00ea pode melhorar. Veja taxas de abertura, cliques, bounces, quem s\u00e3o essas pessoas e onde elas abriram seus emails.","robots":{"index":"index","follow":"follow","max-snippet":"max-snippet:-1","max-image-preview":"max-image-preview:large","max-video-preview":"max-video-preview:-1"},"canonical":"https:\/\/www.benchmarkemail.com\/br\/features\/reporting\/","og_locale":"en_US","og_type":"article","og_title":"NXG Reporting - Benchmark Email","og_description":"Os relat\u00f3rios da Benchmark Email te permitir\u00e1 entender melhor o que est\u00e1 funcionando em suas campanhas de email marketing e onde voc\u00ea pode melhorar. Veja taxas de abertura, cliques, bounces, quem s\u00e3o essas pessoas e onde elas abriram seus emails.","og_url":"https:\/\/www.benchmarkemail.com\/br\/features\/reporting\/","og_site_name":"Benchmark Email em Portugu\u00eas","article_publisher":"https:\/\/www.facebook.com\/BenchmarkBR","article_modified_time":"2026-04-08T09:52:16+00:00","og_image":[{"url":"https:\/\/www.benchmarkemail.com\/br\/wp-content\/uploads\/sites\/6\/2026\/03\/Reports_Results_Instantly.webp","type":"","width":"","height":""}],"twitter_card":"summary_large_image","twitter_misc":{"Est. reading time":"4 minutes"},"schema":{"@context":"https:\/\/schema.org","@graph":[{"@type":"WebPage","@id":"https:\/\/www.benchmarkemail.com\/br\/features\/reporting\/","url":"https:\/\/www.benchmarkemail.com\/br\/features\/reporting\/","name":"NXG Reporting - Benchmark Email","isPartOf":{"@id":"https:\/\/www.benchmarkemail.com\/br\/#website"},"primaryImageOfPage":{"@id":"https:\/\/www.benchmarkemail.com\/br\/features\/reporting\/#primaryimage"},"image":{"@id":"https:\/\/www.benchmarkemail.com\/br\/features\/reporting\/#primaryimage"},"thumbnailUrl":"https:\/\/www.benchmarkemail.com\/br\/wp-content\/uploads\/sites\/6\/2026\/03\/Reports_Results_Instantly.webp","datePublished":"2026-02-11T12:22:44+00:00","dateModified":"2026-04-08T09:52:16+00:00","description":"Os relat\u00f3rios da Benchmark Email te permitir\u00e1 entender melhor o que est\u00e1 funcionando em suas campanhas de email marketing e onde voc\u00ea pode melhorar. Veja taxas de abertura, cliques, bounces, quem s\u00e3o essas pessoas e onde elas abriram seus emails.","breadcrumb":{"@id":"https:\/\/www.benchmarkemail.com\/br\/features\/reporting\/#breadcrumb"},"inLanguage":"en-US","potentialAction":[{"@type":"ReadAction","target":["https:\/\/www.benchmarkemail.com\/br\/features\/reporting\/"]}]},{"@type":"ImageObject","inLanguage":"en-US","@id":"https:\/\/www.benchmarkemail.com\/br\/features\/reporting\/#primaryimage","url":"https:\/\/www.benchmarkemail.com\/br\/wp-content\/uploads\/sites\/6\/2026\/03\/Reports_Results_Instantly.webp","contentUrl":"https:\/\/www.benchmarkemail.com\/br\/wp-content\/uploads\/sites\/6\/2026\/03\/Reports_Results_Instantly.webp","width":1766,"height":1003},{"@type":"BreadcrumbList","@id":"https:\/\/www.benchmarkemail.com\/br\/features\/reporting\/#breadcrumb","itemListElement":[{"@type":"ListItem","position":1,"name":"Home","item":"https:\/\/www.benchmarkemail.com\/br\/"},{"@type":"ListItem","position":2,"name":"NXG Features","item":"https:\/\/www.benchmarkemail.com\/br\/features\/"},{"@type":"ListItem","position":3,"name":"NXG Reporting"}]},{"@type":"WebSite","@id":"https:\/\/www.benchmarkemail.com\/br\/#website","url":"https:\/\/www.benchmarkemail.com\/br\/","name":"Benchmark Email em Portugu\u00eas","description":"","publisher":{"@id":"https:\/\/www.benchmarkemail.com\/br\/#organization"},"potentialAction":[{"@type":"SearchAction","target":{"@type":"EntryPoint","urlTemplate":"https:\/\/www.benchmarkemail.com\/br\/?s={search_term_string}"},"query-input":{"@type":"PropertyValueSpecification","valueRequired":true,"valueName":"search_term_string"}}],"inLanguage":"en-US"},{"@type":"Organization","@id":"https:\/\/www.benchmarkemail.com\/br\/#organization","name":"Benchmark Internet Group, LLC","url":"https:\/\/www.benchmarkemail.com\/br\/","logo":{"@type":"ImageObject","inLanguage":"en-US","@id":"https:\/\/www.benchmarkemail.com\/br\/#\/schema\/logo\/image\/","url":"https:\/\/www.benchmarkemail.com\/br\/wp-content\/uploads\/sites\/6\/2019\/09\/benchmark-logo.svg","contentUrl":"https:\/\/www.benchmarkemail.com\/br\/wp-content\/uploads\/sites\/6\/2019\/09\/benchmark-logo.svg","width":1,"height":1,"caption":"Benchmark Internet Group, LLC"},"image":{"@id":"https:\/\/www.benchmarkemail.com\/br\/#\/schema\/logo\/image\/"},"sameAs":["https:\/\/www.facebook.com\/BenchmarkBR"]}]}},"_links":{"self":[{"href":"https:\/\/www.benchmarkemail.com\/br\/wp-json\/wp\/v2\/pages\/49373","targetHints":{"allow":["GET"]}}],"collection":[{"href":"https:\/\/www.benchmarkemail.com\/br\/wp-json\/wp\/v2\/pages"}],"about":[{"href":"https:\/\/www.benchmarkemail.com\/br\/wp-json\/wp\/v2\/types\/page"}],"author":[{"embeddable":true,"href":"https:\/\/www.benchmarkemail.com\/br\/wp-json\/wp\/v2\/users\/7"}],"replies":[{"embeddable":true,"href":"https:\/\/www.benchmarkemail.com\/br\/wp-json\/wp\/v2\/comments?post=49373"}],"version-history":[{"count":0,"href":"https:\/\/www.benchmarkemail.com\/br\/wp-json\/wp\/v2\/pages\/49373\/revisions"}],"up":[{"embeddable":true,"href":"https:\/\/www.benchmarkemail.com\/br\/wp-json\/wp\/v2\/pages\/49375"}],"wp:attachment":[{"href":"https:\/\/www.benchmarkemail.com\/br\/wp-json\/wp\/v2\/media?parent=49373"}],"curies":[{"name":"wp","href":"https:\/\/api.w.org\/{rel}","templated":true}]}}