{"id":49375,"date":"2026-02-11T12:23:20","date_gmt":"2026-02-11T12:23:20","guid":{"rendered":"https:\/\/www.benchmarkemail.com\/br\/?page_id=49375"},"modified":"2026-04-08T11:11:09","modified_gmt":"2026-04-08T11:11:09","slug":"features","status":"publish","type":"page","link":"https:\/\/www.benchmarkemail.com\/br\/features\/","title":{"rendered":"NXG Features"},"content":{"rendered":"\n<h1>\n\t\t\tEnvie Emails Impactantes em Minutos, N\u00e3o em Horas\t<\/h1>\n\t<p>Da ideia \u00e0 caixa de entrada em tempo recorde &#8211; sem estresse, sem achismos.<\/p>\n\t\t\t<a href=\"https:\/\/app.benchmarkemail.io\/register?language=pt\"  target=\"_self\">\n\t\t\t\t\t\t\tExperimente Gr\u00e1tis\n\t\t\t\t\t<\/a>\n<h2>\n\t\t\tO marketing n\u00e3o para. Seu software tamb\u00e9m n\u00e3o deveria te atrasar.\t<\/h2>\n\t<p>O email marketing tradicional \u00e9 lento. Criar, escrever, segmentar e agendar pode levar horas. Com a Benchmark Email, voc\u00ea cria e envia emails de alta convers\u00e3o em minutos (sem precisar de experi\u00eancia).<\/p>\n<h3>\n\t\t\tGastando tempo demais com emails?\t<\/h3>\n\t<p>Crie com um editor de arrastar &#038; soltar super r\u00e1pido.<\/p>\n<h3>\n\t\t\tListas de contatos bagun\u00e7adas e desatualizadas?\t<\/h3>\n\t<p>V\u00e1 direto ao ponto na sua segmenta\u00e7\u00e3o com tags, listas e filtros poderosos.<\/p>\n<h3>\n\t\t\tSem ideia do que est\u00e1 funcionando?\t<\/h3>\n\t<p>Entenda na hora com um feed de atividades em tempo real e relat\u00f3rios claros como \u00e1gua.<\/p>\n<h2>\n\t\t\tEmail na Velocidade do Marketing\t<\/h2>\n<figure itemscope itemtype=\"https:\/\/schema.org\/ImageObject\">\n\t\t\t\t<img decoding=\"async\" src=\"https:\/\/www.benchmarkemail.com\/br\/wp-content\/uploads\/sites\/6\/2026\/03\/Build-Send-Faster.webp\" alt=\"Build &amp; Send Faster\" height=\"840\" width=\"1300\" title=\"Build &amp; Send Faster\" onerror=\"this.style.display='none'\" loading=\"lazy\" \/>\n\t<\/figure>\n<h3>\n\t\t\tCrie e Envie Mais R\u00e1pido\t<\/h3>\n\t<p>Arraste, solte e envie em minutos. Sem c\u00f3digo, sem complica\u00e7\u00e3o.<\/p>\n\t\t\t<a href=\"https:\/\/app.benchmarkemail.io\/register?language=pt\"  target=\"_self\">\n\t\t\t\t\t\t\tComece Gratuitamente Agora\n\t\t\t\t\t<\/a>\n<h3>\n\t\t\tMelhore Seu Conte\u00fado na Hora\t<\/h3>\n\t<p>Aprimore linhas de assunto e textos de email quanto \u00e0 ortografia, gram\u00e1tica, tom, extens\u00e3o e muito mais &#8211; na hora.<\/p>\n\t\t\t<a href=\"https:\/\/app.benchmarkemail.io\/register?language=pt\"  target=\"_self\">\n\t\t\t\t\t\t\tComece Gratuitamente Agora\n\t\t\t\t\t<\/a>\n<figure itemscope itemtype=\"https:\/\/schema.org\/ImageObject\">\n\t\t\t\t<img decoding=\"async\" src=\"https:\/\/www.benchmarkemail.com\/br\/wp-content\/uploads\/sites\/6\/2026\/03\/Instantly-Improve-Content.webp\" alt=\"Instantly Improve Content\" height=\"840\" width=\"1300\" title=\"Instantly Improve Content\" onerror=\"this.style.display='none'\" loading=\"lazy\" \/>\n\t<\/figure>\n<figure itemscope itemtype=\"https:\/\/schema.org\/ImageObject\">\n\t\t\t\t<img decoding=\"async\" src=\"https:\/\/www.benchmarkemail.com\/br\/wp-content\/uploads\/sites\/6\/2026\/03\/Target-the-Right-Audience-Every-Time.webp\" alt=\"Target the Right Audience Every Time\" height=\"840\" width=\"1300\" title=\"Target the Right Audience Every Time\" onerror=\"this.style.display='none'\" loading=\"lazy\" \/>\n\t<\/figure>\n<h3>\n\t\t\tAlcance o P\u00fablico Certo Sempre\t<\/h3>\n\t<p>Use tags e segmenta\u00e7\u00e3o para criar listas din\u00e2micas que se atualizam automaticamente. Chega de gerenciar contatos manualmente.<\/p>\n\t\t\t<a href=\"https:\/\/app.benchmarkemail.io\/register?language=pt\"  target=\"_self\">\n\t\t\t\t\t\t\tComece Gratuitamente Agora\n\t\t\t\t\t<\/a>\n<h3>\n\t\t\tVeja o Engajamento em Tempo Real\t<\/h3>\n\t<p>Saiba quem est\u00e1 abrindo e clicando no exato momento em que acontece com o feed de Atividades de Contato em tempo real.<\/p>\n\t\t\t<a href=\"https:\/\/app.benchmarkemail.io\/register?language=pt\"  target=\"_self\">\n\t\t\t\t\t\t\tComece Gratuitamente Agora\n\t\t\t\t\t<\/a>\n<figure itemscope itemtype=\"https:\/\/schema.org\/ImageObject\">\n\t\t\t\t<img decoding=\"async\" src=\"https:\/\/www.benchmarkemail.com\/br\/wp-content\/uploads\/sites\/6\/2026\/03\/See-Engagement-in-Real-Time.webp\" alt=\"See Engagement in Real Time\" height=\"840\" width=\"1300\" title=\"See Engagement in Real Time\" onerror=\"this.style.display='none'\" loading=\"lazy\" \/>\n\t<\/figure>\n<figure itemscope itemtype=\"https:\/\/schema.org\/ImageObject\">\n\t\t\t\t<img decoding=\"async\" src=\"https:\/\/www.benchmarkemail.com\/br\/wp-content\/uploads\/sites\/6\/2026\/03\/Reports-Optimize-2.webp\" alt=\"Reports Optimize\" height=\"844\" width=\"1304\" title=\"Reports Optimize\" onerror=\"this.style.display='none'\" loading=\"lazy\" \/>\n\t<\/figure>\n<h3>\n\t\t\tVeja o que Est\u00e1 Funcionando e Otimize na Hora\t<\/h3>\n\t<p>Interprete facilmente as m\u00e9tricas de desempenho dos seus emails para ajustar sua estrat\u00e9gia na hora.<\/p>\n\t\t\t<a href=\"https:\/\/app.benchmarkemail.io\/register?language=pt\"  target=\"_self\">\n\t\t\t\t\t\t\tComece Gratuitamente Agora\n\t\t\t\t\t<\/a>\n<figure itemscope itemtype=\"https:\/\/schema.org\/ImageObject\">\n\t\t\t\t<img decoding=\"async\" src=\"https:\/\/www.benchmarkemail.com\/images\/nxg\/nxg-features\/marketer.webp\" alt=\"marketer.webp\" title=\"marketer.webp\" onerror=\"this.style.display='none'\" loading=\"lazy\" \/>\n\t<\/figure>\n<h3>\n\t\t\tLance uma campanha de email em minutos, n\u00e3o em horas.\t<\/h3>\n\t\t\t<a href=\"https:\/\/app.benchmarkemail.io\/register?language=pt\"  target=\"_self\">\n\t\t\t\t\t\t\tExperimente Gr\u00e1tis\n\t\t\t\t\t<\/a>\n<h2>\n\t\t\tQu\u00e3o R\u00e1pido Voc\u00ea Consegue Enviar? Assim R\u00e1pido.\t<\/h2>\n\t\t<ul>\n\t\t\t\t<li>\n\t\t\t<img decoding=\"async\" loading=\"false\" src=\"https:\/\/www.benchmarkemail.com\/br\/wp-content\/uploads\/sites\/6\/2026\/03\/Pick-a-Template.webp\" alt=\"\" \/>\t\t\t\n\t\t<\/li>\n\t\t\t<li>\n\t\t\t<img decoding=\"async\" loading=\"false\" src=\"https:\/\/www.benchmarkemail.com\/br\/wp-content\/uploads\/sites\/6\/2026\/03\/Customize-Personalize-in-Seconds.webp\" alt=\"\" \/>\t\t\t\n\t\t<\/li>\n\t\t\t<li>\n\t\t\t<img decoding=\"async\" loading=\"false\" src=\"https:\/\/www.benchmarkemail.com\/br\/wp-content\/uploads\/sites\/6\/2026\/03\/Choose-a-Dynamic-List.webp\" alt=\"\" \/>\t\t\t\n\t\t<\/li>\n\t\t\t<li>\n\t\t\t<img decoding=\"async\" loading=\"false\" src=\"https:\/\/www.benchmarkemail.com\/br\/wp-content\/uploads\/sites\/6\/2026\/03\/Send-Track-Engagement-in-Real-Time.webp\" alt=\"\" \/>\t\t\t\n\t\t<\/li>\n\t\t<\/ul>\n<h2>\n\t\t\tEscolha um Template\t<\/h2>\n\t<p>Interprete facilmente as m\u00e9tricas de desempenho dos seus emails para ajustar sua estrat\u00e9gia na hora.<\/p>\n<h2>\n\t\t\tPersonalize e Ajuste em Segundos\t<\/h2>\n\t<p>Sugest\u00f5es inteligentes de texto economizam seu tempo.<\/p>\n<h2>\n\t\t\tEscolha uma Lista\t<\/h2>\n\t<p>Gerencie e filtre seus contatos em um s\u00f3 lugar para criar listas de inscritos com base em suas tags e campos de dados personalizados.<\/p>\n<h2>\n\t\t\tEnvie e Acompanhe o Engajamento em Tempo Real\t<\/h2>\n\t<p>Acompanhe o engajamento em tempo real e personalize seus pr\u00f3ximos envios.<\/p>\n<figure itemscope itemtype=\"https:\/\/schema.org\/ImageObject\">\n\t\t\t\t<img decoding=\"async\" src=\"https:\/\/www.benchmarkemail.com\/images\/nxg\/nxg-features\/marketer-02.webp\" alt=\"marketer-02.webp\" title=\"marketer-02.webp\" onerror=\"this.style.display='none'\" loading=\"lazy\" \/>\n\t<\/figure>\n<h2>\n\t\t\tSem atrasos. Sem complexidade. S\u00f3 email marketing r\u00e1pido e eficiente.\t<\/h2>\n\t\t\t<a href=\"https:\/\/app.benchmarkemail.io\/register?language=pt\"  target=\"_self\">\n\t\t\t\t\t\t\tExperimente Gr\u00e1tis\n\t\t\t\t\t<\/a>\n<h2>\n\t\t\tQuer se Aprofundar? Explore os Recursos da Benchmark\t<\/h2>\n\t<p>A Benchmark foi criada para oferecer agilidade, mas tem muito mais por tr\u00e1s. Explore as principais ferramentas que ajudam voc\u00ea a criar, enviar e acompanhar seus emails sem esfor\u00e7o.<\/p>\n<figure itemscope itemtype=\"https:\/\/schema.org\/ImageObject\">\n\t\t\t\t<img decoding=\"async\" src=\"https:\/\/www.benchmarkemail.com\/br\/wp-content\/uploads\/sites\/6\/2026\/03\/Design_Impactful-1.png\" alt=\"Design_Impactful\" height=\"1196\" width=\"1980\" title=\"Design_Impactful\" onerror=\"this.style.display='none'\" loading=\"lazy\" \/>\n\t<\/figure>\n<h3>\n\t\t\tEditor de Emails\t<\/h3>\n\t<p>Crie emails mais r\u00e1pido com um editor intuitivo e sem c\u00f3digo.<\/p>\n\t\t\t<a href=\"\/br\/features\/email-builder\/\"  target=\"_self\">\n\t\t\t\t\t\t\tComece a Criar\n\t\t\t\t\t<\/a>\n<figure itemscope itemtype=\"https:\/\/schema.org\/ImageObject\">\n\t\t\t\t<img decoding=\"async\" src=\"https:\/\/www.benchmarkemail.com\/br\/wp-content\/uploads\/sites\/6\/2026\/03\/Activiy_Contacts.png\" alt=\"Activiy_Contacts\" height=\"640\" width=\"970\" title=\"Activiy_Contacts\" onerror=\"this.style.display='none'\" loading=\"lazy\" \/>\n\t<\/figure>\n<h3>\n\t\t\tGerenciamento de Contatos\t<\/h3>\n\t<p>Organize, segmente e direcione suas listas de email automaticamente.<\/p>\n\t\t\t<a href=\"\/br\/features\/contact-management\/\"  target=\"_self\">\n\t\t\t\t\t\t\tOtimize Meus Contatos\n\t\t\t\t\t<\/a>\n<figure itemscope itemtype=\"https:\/\/schema.org\/ImageObject\">\n\t\t\t\t<img decoding=\"async\" src=\"https:\/\/www.benchmarkemail.com\/br\/wp-content\/uploads\/sites\/6\/2026\/03\/Reports-1.png\" alt=\"Reports\" height=\"640\" width=\"970\" title=\"Reports\" onerror=\"this.style.display='none'\" loading=\"lazy\" \/>\n\t<\/figure>\n<h3>\n\t\t\tRelat\u00f3rios &#038; Insights\t<\/h3>\n\t<p>Acompanhe o desempenho em tempo real e otimize sua estrat\u00e9gia na hora.<\/p>\n\t\t\t<a href=\"\/br\/features\/reporting\/\"  target=\"_self\">\n\t\t\t\t\t\t\tImpulsione Meu Desempenho\n\t\t\t\t\t<\/a>\n\n","protected":false},"excerpt":{"rendered":"<p>Envie Emails Impactantes em Minutos, N\u00e3o em Horas Da ideia \u00e0 caixa de entrada em tempo recorde &#8211; sem estresse, sem achismos. Experimente Gr\u00e1tis O marketing n\u00e3o para. Seu software tamb\u00e9m n\u00e3o deveria te atrasar. O email marketing tradicional \u00e9 lento. Criar, escrever, segmentar e agendar pode levar horas. Com a Benchmark Email, voc\u00ea cria&hellip;<\/p>\n","protected":false},"author":7,"featured_media":0,"parent":0,"menu_order":0,"comment_status":"closed","ping_status":"closed","template":"page-nxg.php","meta":{"inline_featured_image":false,"footnotes":""},"class_list":["post-49375","page","type-page","status-publish","hentry"],"yoast_head":"<!-- This site is optimized with the Yoast SEO plugin v27.4 - https:\/\/yoast.com\/product\/yoast-seo-wordpress\/ -->\n<title>Fonctionnalit\u00e9s - Benchmark Email<\/title>\n<meta name=\"description\" content=\"Email Marketing Simples e Eficiente. Destaque-se na caixa de entrada de seus leads e contatos com uma ferramenta de Email Marketing e Automa\u00e7\u00e3o poderosa.\" \/>\n<meta name=\"robots\" content=\"index, follow, max-snippet:-1, max-image-preview:large, max-video-preview:-1\" \/>\n<link rel=\"canonical\" href=\"https:\/\/www.benchmarkemail.com\/br\/features\/\" \/>\n<meta property=\"og:locale\" content=\"en_US\" \/>\n<meta property=\"og:type\" content=\"article\" \/>\n<meta property=\"og:title\" content=\"Fonctionnalit\u00e9s - Benchmark Email\" \/>\n<meta property=\"og:description\" content=\"Email Marketing Simples e Eficiente. Destaque-se na caixa de entrada de seus leads e contatos com uma ferramenta de Email Marketing e Automa\u00e7\u00e3o poderosa.\" \/>\n<meta property=\"og:url\" content=\"https:\/\/www.benchmarkemail.com\/br\/features\/\" \/>\n<meta property=\"og:site_name\" content=\"Benchmark Email em Portugu\u00eas\" \/>\n<meta property=\"article:publisher\" content=\"https:\/\/www.facebook.com\/BenchmarkBR\" \/>\n<meta property=\"article:modified_time\" content=\"2026-04-08T11:11:09+00:00\" \/>\n<meta property=\"og:image\" content=\"https:\/\/www.benchmarkemail.com\/br\/wp-content\/uploads\/sites\/6\/2026\/03\/Build-Send-Faster.webp\" \/>\n<meta name=\"twitter:card\" content=\"summary_large_image\" \/>\n<meta name=\"twitter:label1\" content=\"Est. reading time\" \/>\n\t<meta name=\"twitter:data1\" content=\"5 minutes\" \/>\n<script type=\"application\/ld+json\" class=\"yoast-schema-graph\">{\"@context\":\"https:\\\/\\\/schema.org\",\"@graph\":[{\"@type\":\"WebPage\",\"@id\":\"https:\\\/\\\/www.benchmarkemail.com\\\/br\\\/features\\\/\",\"url\":\"https:\\\/\\\/www.benchmarkemail.com\\\/br\\\/features\\\/\",\"name\":\"Fonctionnalit\u00e9s - Benchmark Email\",\"isPartOf\":{\"@id\":\"https:\\\/\\\/www.benchmarkemail.com\\\/br\\\/#website\"},\"primaryImageOfPage\":{\"@id\":\"https:\\\/\\\/www.benchmarkemail.com\\\/br\\\/features\\\/#primaryimage\"},\"image\":{\"@id\":\"https:\\\/\\\/www.benchmarkemail.com\\\/br\\\/features\\\/#primaryimage\"},\"thumbnailUrl\":\"https:\\\/\\\/www.benchmarkemail.com\\\/br\\\/wp-content\\\/uploads\\\/sites\\\/6\\\/2026\\\/03\\\/Build-Send-Faster.webp\",\"datePublished\":\"2026-02-11T12:23:20+00:00\",\"dateModified\":\"2026-04-08T11:11:09+00:00\",\"description\":\"Email Marketing Simples e Eficiente. Destaque-se na caixa de entrada de seus leads e contatos com uma ferramenta de Email Marketing e Automa\u00e7\u00e3o poderosa.\",\"breadcrumb\":{\"@id\":\"https:\\\/\\\/www.benchmarkemail.com\\\/br\\\/features\\\/#breadcrumb\"},\"inLanguage\":\"en-US\",\"potentialAction\":[{\"@type\":\"ReadAction\",\"target\":[\"https:\\\/\\\/www.benchmarkemail.com\\\/br\\\/features\\\/\"]}]},{\"@type\":\"ImageObject\",\"inLanguage\":\"en-US\",\"@id\":\"https:\\\/\\\/www.benchmarkemail.com\\\/br\\\/features\\\/#primaryimage\",\"url\":\"https:\\\/\\\/www.benchmarkemail.com\\\/br\\\/wp-content\\\/uploads\\\/sites\\\/6\\\/2026\\\/03\\\/Build-Send-Faster.webp\",\"contentUrl\":\"https:\\\/\\\/www.benchmarkemail.com\\\/br\\\/wp-content\\\/uploads\\\/sites\\\/6\\\/2026\\\/03\\\/Build-Send-Faster.webp\",\"width\":1300,\"height\":840},{\"@type\":\"BreadcrumbList\",\"@id\":\"https:\\\/\\\/www.benchmarkemail.com\\\/br\\\/features\\\/#breadcrumb\",\"itemListElement\":[{\"@type\":\"ListItem\",\"position\":1,\"name\":\"Home\",\"item\":\"https:\\\/\\\/www.benchmarkemail.com\\\/br\\\/\"},{\"@type\":\"ListItem\",\"position\":2,\"name\":\"NXG Features\"}]},{\"@type\":\"WebSite\",\"@id\":\"https:\\\/\\\/www.benchmarkemail.com\\\/br\\\/#website\",\"url\":\"https:\\\/\\\/www.benchmarkemail.com\\\/br\\\/\",\"name\":\"Benchmark Email em Portugu\u00eas\",\"description\":\"\",\"publisher\":{\"@id\":\"https:\\\/\\\/www.benchmarkemail.com\\\/br\\\/#organization\"},\"potentialAction\":[{\"@type\":\"SearchAction\",\"target\":{\"@type\":\"EntryPoint\",\"urlTemplate\":\"https:\\\/\\\/www.benchmarkemail.com\\\/br\\\/?s={search_term_string}\"},\"query-input\":{\"@type\":\"PropertyValueSpecification\",\"valueRequired\":true,\"valueName\":\"search_term_string\"}}],\"inLanguage\":\"en-US\"},{\"@type\":\"Organization\",\"@id\":\"https:\\\/\\\/www.benchmarkemail.com\\\/br\\\/#organization\",\"name\":\"Benchmark Internet Group, LLC\",\"url\":\"https:\\\/\\\/www.benchmarkemail.com\\\/br\\\/\",\"logo\":{\"@type\":\"ImageObject\",\"inLanguage\":\"en-US\",\"@id\":\"https:\\\/\\\/www.benchmarkemail.com\\\/br\\\/#\\\/schema\\\/logo\\\/image\\\/\",\"url\":\"https:\\\/\\\/www.benchmarkemail.com\\\/br\\\/wp-content\\\/uploads\\\/sites\\\/6\\\/2019\\\/09\\\/benchmark-logo.svg\",\"contentUrl\":\"https:\\\/\\\/www.benchmarkemail.com\\\/br\\\/wp-content\\\/uploads\\\/sites\\\/6\\\/2019\\\/09\\\/benchmark-logo.svg\",\"width\":1,\"height\":1,\"caption\":\"Benchmark Internet Group, LLC\"},\"image\":{\"@id\":\"https:\\\/\\\/www.benchmarkemail.com\\\/br\\\/#\\\/schema\\\/logo\\\/image\\\/\"},\"sameAs\":[\"https:\\\/\\\/www.facebook.com\\\/BenchmarkBR\"]}]}<\/script>\n<!-- \/ Yoast SEO plugin. -->","yoast_head_json":{"title":"Fonctionnalit\u00e9s - Benchmark Email","description":"Email Marketing Simples e Eficiente. Destaque-se na caixa de entrada de seus leads e contatos com uma ferramenta de Email Marketing e Automa\u00e7\u00e3o poderosa.","robots":{"index":"index","follow":"follow","max-snippet":"max-snippet:-1","max-image-preview":"max-image-preview:large","max-video-preview":"max-video-preview:-1"},"canonical":"https:\/\/www.benchmarkemail.com\/br\/features\/","og_locale":"en_US","og_type":"article","og_title":"Fonctionnalit\u00e9s - Benchmark Email","og_description":"Email Marketing Simples e Eficiente. Destaque-se na caixa de entrada de seus leads e contatos com uma ferramenta de Email Marketing e Automa\u00e7\u00e3o poderosa.","og_url":"https:\/\/www.benchmarkemail.com\/br\/features\/","og_site_name":"Benchmark Email em Portugu\u00eas","article_publisher":"https:\/\/www.facebook.com\/BenchmarkBR","article_modified_time":"2026-04-08T11:11:09+00:00","og_image":[{"url":"https:\/\/www.benchmarkemail.com\/br\/wp-content\/uploads\/sites\/6\/2026\/03\/Build-Send-Faster.webp","type":"","width":"","height":""}],"twitter_card":"summary_large_image","twitter_misc":{"Est. reading time":"5 minutes"},"schema":{"@context":"https:\/\/schema.org","@graph":[{"@type":"WebPage","@id":"https:\/\/www.benchmarkemail.com\/br\/features\/","url":"https:\/\/www.benchmarkemail.com\/br\/features\/","name":"Fonctionnalit\u00e9s - Benchmark Email","isPartOf":{"@id":"https:\/\/www.benchmarkemail.com\/br\/#website"},"primaryImageOfPage":{"@id":"https:\/\/www.benchmarkemail.com\/br\/features\/#primaryimage"},"image":{"@id":"https:\/\/www.benchmarkemail.com\/br\/features\/#primaryimage"},"thumbnailUrl":"https:\/\/www.benchmarkemail.com\/br\/wp-content\/uploads\/sites\/6\/2026\/03\/Build-Send-Faster.webp","datePublished":"2026-02-11T12:23:20+00:00","dateModified":"2026-04-08T11:11:09+00:00","description":"Email Marketing Simples e Eficiente. Destaque-se na caixa de entrada de seus leads e contatos com uma ferramenta de Email Marketing e Automa\u00e7\u00e3o poderosa.","breadcrumb":{"@id":"https:\/\/www.benchmarkemail.com\/br\/features\/#breadcrumb"},"inLanguage":"en-US","potentialAction":[{"@type":"ReadAction","target":["https:\/\/www.benchmarkemail.com\/br\/features\/"]}]},{"@type":"ImageObject","inLanguage":"en-US","@id":"https:\/\/www.benchmarkemail.com\/br\/features\/#primaryimage","url":"https:\/\/www.benchmarkemail.com\/br\/wp-content\/uploads\/sites\/6\/2026\/03\/Build-Send-Faster.webp","contentUrl":"https:\/\/www.benchmarkemail.com\/br\/wp-content\/uploads\/sites\/6\/2026\/03\/Build-Send-Faster.webp","width":1300,"height":840},{"@type":"BreadcrumbList","@id":"https:\/\/www.benchmarkemail.com\/br\/features\/#breadcrumb","itemListElement":[{"@type":"ListItem","position":1,"name":"Home","item":"https:\/\/www.benchmarkemail.com\/br\/"},{"@type":"ListItem","position":2,"name":"NXG Features"}]},{"@type":"WebSite","@id":"https:\/\/www.benchmarkemail.com\/br\/#website","url":"https:\/\/www.benchmarkemail.com\/br\/","name":"Benchmark Email em Portugu\u00eas","description":"","publisher":{"@id":"https:\/\/www.benchmarkemail.com\/br\/#organization"},"potentialAction":[{"@type":"SearchAction","target":{"@type":"EntryPoint","urlTemplate":"https:\/\/www.benchmarkemail.com\/br\/?s={search_term_string}"},"query-input":{"@type":"PropertyValueSpecification","valueRequired":true,"valueName":"search_term_string"}}],"inLanguage":"en-US"},{"@type":"Organization","@id":"https:\/\/www.benchmarkemail.com\/br\/#organization","name":"Benchmark Internet Group, LLC","url":"https:\/\/www.benchmarkemail.com\/br\/","logo":{"@type":"ImageObject","inLanguage":"en-US","@id":"https:\/\/www.benchmarkemail.com\/br\/#\/schema\/logo\/image\/","url":"https:\/\/www.benchmarkemail.com\/br\/wp-content\/uploads\/sites\/6\/2019\/09\/benchmark-logo.svg","contentUrl":"https:\/\/www.benchmarkemail.com\/br\/wp-content\/uploads\/sites\/6\/2019\/09\/benchmark-logo.svg","width":1,"height":1,"caption":"Benchmark Internet Group, LLC"},"image":{"@id":"https:\/\/www.benchmarkemail.com\/br\/#\/schema\/logo\/image\/"},"sameAs":["https:\/\/www.facebook.com\/BenchmarkBR"]}]}},"_links":{"self":[{"href":"https:\/\/www.benchmarkemail.com\/br\/wp-json\/wp\/v2\/pages\/49375","targetHints":{"allow":["GET"]}}],"collection":[{"href":"https:\/\/www.benchmarkemail.com\/br\/wp-json\/wp\/v2\/pages"}],"about":[{"href":"https:\/\/www.benchmarkemail.com\/br\/wp-json\/wp\/v2\/types\/page"}],"author":[{"embeddable":true,"href":"https:\/\/www.benchmarkemail.com\/br\/wp-json\/wp\/v2\/users\/7"}],"replies":[{"embeddable":true,"href":"https:\/\/www.benchmarkemail.com\/br\/wp-json\/wp\/v2\/comments?post=49375"}],"version-history":[{"count":0,"href":"https:\/\/www.benchmarkemail.com\/br\/wp-json\/wp\/v2\/pages\/49375\/revisions"}],"wp:attachment":[{"href":"https:\/\/www.benchmarkemail.com\/br\/wp-json\/wp\/v2\/media?parent=49375"}],"curies":[{"name":"wp","href":"https:\/\/api.w.org\/{rel}","templated":true}]}}