{"id":49383,"date":"2026-02-11T12:51:45","date_gmt":"2026-02-11T12:51:45","guid":{"rendered":"https:\/\/www.benchmarkemail.com\/br\/?page_id=49383"},"modified":"2026-04-08T10:41:02","modified_gmt":"2026-04-08T10:41:02","slug":"email-builder","status":"publish","type":"page","link":"https:\/\/www.benchmarkemail.com\/br\/features\/email-builder\/","title":{"rendered":"NXG Email Editor"},"content":{"rendered":"\n<h1>\n\t\t\tCria\u00e7\u00e3o de Emails sem Complica\u00e7\u00e3o com Nosso Editor Intuitivo de Arrastar e Soltar\t<\/h1>\n\t\t\t<a href=\"https:\/\/app.benchmarkemail.io\/register?language=pt\"  target=\"_self\">\n\t\t\t\t\t\t\tExperimente Gr\u00e1tis\n\t\t\t\t\t<\/a>\n\t<p>Casos de Uso<\/p>\n<h2>\n\t\t\tCrie qualquer tipo de email antes do seu caf\u00e9 esfriar\t<\/h2>\n\t<p>O editor de arrastar e soltar da Benchmark Email torna a cria\u00e7\u00e3o de emails incr\u00edveis, personalizados para as suas necessidades, r\u00e1pida e simples. Seja para promover um evento ou enviar uma mensagem de boas-vindas, nosso editor oferece tudo o que voc\u00ea precisa.<\/p>\n\t<figure itemscope itemtype=\"https:\/\/schema.org\/ImageObject\">\n\t\t\t\t<img decoding=\"async\" src=\"https:\/\/www.benchmarkemail.com\/wp-content\/uploads\/2025\/09\/wlcome-emails.svg\" alt=\"\" onerror=\"this.style.display='none'\" loading=\"lazy\" \/>\n\t<\/figure>\n\t\t<h3>Emails de Boas-Vindas<\/h3><p>Aumente a atividade e o engajamento com uma apresenta\u00e7\u00e3o personalizada.<\/p>\n\t<figure itemscope itemtype=\"https:\/\/schema.org\/ImageObject\">\n\t\t\t\t<img decoding=\"async\" src=\"https:\/\/www.benchmarkemail.com\/wp-content\/uploads\/2025\/09\/product-promotion.svg\" alt=\"\" onerror=\"this.style.display='none'\" loading=\"lazy\" \/>\n\t<\/figure>\n\t\t<h3>Promo\u00e7\u00e3o de Produtos<\/h3><p>Destaque lan\u00e7amentos, ofertas especiais e promo\u00e7\u00f5es exclusivas para impulsionar as vendas.<\/p>\n\t<figure itemscope itemtype=\"https:\/\/schema.org\/ImageObject\">\n\t\t\t\t<img decoding=\"async\" src=\"https:\/\/www.benchmarkemail.com\/wp-content\/uploads\/2025\/09\/events.svg\" alt=\"\" onerror=\"this.style.display='none'\" loading=\"lazy\" \/>\n\t<\/figure>\n\t\t<h3>Eventos<\/h3><p>Crie convites e lembretes atrativos que aumentam a participa\u00e7\u00e3o.<\/p>\n\t<figure itemscope itemtype=\"https:\/\/schema.org\/ImageObject\">\n\t\t\t\t<img decoding=\"async\" src=\"https:\/\/www.benchmarkemail.com\/wp-content\/uploads\/2025\/09\/newsletter.svg\" alt=\"\" onerror=\"this.style.display='none'\" loading=\"lazy\" \/>\n\t<\/figure>\n\t\t<h3>Newsletters<\/h3><p>Mantenha seu p\u00fablico engajado com atualiza\u00e7\u00f5es cuidadosamente selecionadas.<\/p>\n\t<p>Recursos<\/p>\n<h3>\n\t\t\tEconomize tempo, engaje mais e converta mais r\u00e1pido\t<\/h3>\n<h2>\n\t\t\tSimplicidade de Arrastar e Soltar\t<\/h2>\n\t<p>Mova elementos, ajuste layouts e formate textos com facilidade usando nosso editor de emails sem c\u00f3digo.<\/p>\n\t\t\t<a href=\"https:\/\/app.benchmarkemail.io\/register?language=pt\"  target=\"_self\">\n\t\t\t\t\t\t\tComece Gratuitamente Agora\n\t\t\t\t\t<\/a>\n<figure itemscope itemtype=\"https:\/\/schema.org\/ImageObject\">\n\t\t\t\t<img decoding=\"async\" src=\"https:\/\/www.benchmarkemail.com\/br\/wp-content\/uploads\/sites\/6\/2026\/03\/Drag-and-Drop-Simplicity-1.webp\" alt=\"Drag-and-Drop Simplicity-1\" height=\"788\" width=\"1034\" title=\"Drag-and-Drop Simplicity-1\" onerror=\"this.style.display='none'\" loading=\"lazy\" \/>\n\t<\/figure>\n<figure itemscope itemtype=\"https:\/\/schema.org\/ImageObject\">\n\t\t\t\t<img decoding=\"async\" src=\"https:\/\/www.benchmarkemail.com\/br\/wp-content\/uploads\/sites\/6\/2026\/03\/stored_in_the_us.webp\" alt=\"stored_in_the_us\" height=\"1114\" width=\"1360\" title=\"stored_in_the_us\" onerror=\"this.style.display='none'\" loading=\"lazy\" \/>\n\t<\/figure>\n<h2>\n\t\t\tGera\u00e7\u00e3o de Imagens com IA\t<\/h2>\n\t<p>Descreva o que voc\u00ea precisa e nossa IA cria imagens incr\u00edveis para voc\u00ea, como m\u00e1gica.<\/p>\n\t\t\t<a href=\"https:\/\/app.benchmarkemail.io\/register?language=pt\"  target=\"_self\">\n\t\t\t\t\t\t\tComece Gratuitamente Agora\n\t\t\t\t\t<\/a>\n<h2>\n\t\t\tBiblioteca de Fotos Profissionais\t<\/h2>\n\t<p>Acesse milh\u00f5es de imagens gratuitas e de alta qualidade do Unsplash, Pexels e Pixabay.<\/p>\n\t\t\t<a href=\"https:\/\/app.benchmarkemail.io\/register?language=pt\"  target=\"_self\">\n\t\t\t\t\t\t\tComece Gratuitamente Agora\n\t\t\t\t\t<\/a>\n<figure itemscope itemtype=\"https:\/\/schema.org\/ImageObject\">\n\t\t\t\t<img decoding=\"async\" src=\"https:\/\/www.benchmarkemail.com\/br\/wp-content\/uploads\/sites\/6\/2026\/03\/Editor_Library_Images.webp\" alt=\"Editor_Library_Images\" height=\"778\" width=\"1224\" title=\"Editor_Library_Images\" onerror=\"this.style.display='none'\" loading=\"lazy\" \/>\n\t<\/figure>\n<figure itemscope itemtype=\"https:\/\/schema.org\/ImageObject\">\n\t\t\t\t<img decoding=\"async\" src=\"https:\/\/www.benchmarkemail.com\/br\/wp-content\/uploads\/sites\/6\/2026\/03\/Smart-Text-Enhancements-1.webp\" alt=\"Smart Text Enhancements-1\" height=\"906\" width=\"1006\" title=\"Smart Text Enhancements-1\" onerror=\"this.style.display='none'\" loading=\"lazy\" \/>\n\t<\/figure>\n<h2>\n\t\t\tAprimoramento Inteligente de Texto\t<\/h2>\n\t<p>Corrija a ortografia, expanda conte\u00fados, reformule textos ou ajuste o tom com ferramentas de texto com IA.<\/p>\n\t\t\t<a href=\"https:\/\/app.benchmarkemail.io\/register?language=pt\"  target=\"_self\">\n\t\t\t\t\t\t\tComece Gratuitamente Agora\n\t\t\t\t\t<\/a>\n<h2>\n\t\t\tDesign Otimizado para Dispositivos M\u00f3veis\t<\/h2>\n\t<p>Visualize e ajuste seus emails para garantir um design responsivo perfeito tanto no desktop quanto no celular.<\/p>\n\t\t\t<a href=\"https:\/\/app.benchmarkemail.io\/register?language=pt\"  target=\"_self\">\n\t\t\t\t\t\t\tComece Gratuitamente Agora\n\t\t\t\t\t<\/a>\n<figure itemscope itemtype=\"https:\/\/schema.org\/ImageObject\">\n\t\t\t\t<img decoding=\"async\" src=\"https:\/\/www.benchmarkemail.com\/br\/wp-content\/uploads\/sites\/6\/2026\/03\/Mobile-Optimized-Design.webp\" alt=\"Mobile-Optimized Design\" height=\"851\" width=\"1034\" title=\"Mobile-Optimized Design\" onerror=\"this.style.display='none'\" loading=\"lazy\" \/>\n\t<\/figure>\n<figure itemscope itemtype=\"https:\/\/schema.org\/ImageObject\">\n\t\t\t\t<img decoding=\"async\" src=\"https:\/\/www.benchmarkemail.com\/br\/wp-content\/uploads\/sites\/6\/2026\/03\/Audit_editor.png\" alt=\"Audit_editor\" height=\"906\" width=\"866\" title=\"Audit_editor\" onerror=\"this.style.display='none'\" loading=\"lazy\" \/>\n\t<\/figure>\n<h2>\n\t\t\tControle de Qualidade Integrado\t<\/h2>\n\t<p>N\u00e3o deixe nada passar com alertas de auditoria que garantem que seus emails estejam bem revisados, acess\u00edveis e sem erros.<\/p>\n\t\t\t<a href=\"https:\/\/app.benchmarkemail.io\/register?language=pt\"  target=\"_self\">\n\t\t\t\t\t\t\tComece Gratuitamente Agora\n\t\t\t\t\t<\/a>\n\t<p>Exibi\u00e7\u00e3o<\/p>\n<h3>\n\t\t\tRenderiza\u00e7\u00e3o Perfeita de Emails em Qualquer Dispositivo\t<\/h3>\n\t<p>Com a Benchmark Email, seus emails sempre ficam incr\u00edveis &#8211; n\u00e3o importa onde sejam abertos. Nosso editor garante uma renderiza\u00e7\u00e3o consistente nos principais clientes de email e dispositivos.<\/p>\n<figure itemscope itemtype=\"https:\/\/schema.org\/ImageObject\">\n\t\t\t\t<img decoding=\"async\" src=\"https:\/\/www.benchmarkemail.com\/br\/wp-content\/uploads\/sites\/6\/2026\/03\/Inbox-Email-BME.webp\" alt=\"Inbox-Email-BME\" height=\"840\" width=\"1300\" title=\"Inbox-Email-BME\" onerror=\"this.style.display='none'\" loading=\"lazy\" \/>\n\t<\/figure>\n<h3>\n\t\t\tFunciona Perfeitamente em Qualquer Caixa de Entrada\t<\/h3>\n\t<p>Seja no Gmail, Outlook, Apple Mail ou em outras plataformas, seus emails ser\u00e3o exibidos exatamente como voc\u00ea planejou &#8211; sem surpresas.<\/p>\n\t\t\t<a href=\"https:\/\/app.benchmarkemail.io\/register?language=pt\"  target=\"_self\">\n\t\t\t\t\t\t\tComece Gratuitamente Agora\n\t\t\t\t\t<\/a>\n<h3>\n\t\t\tOtimizado para Celular para M\u00e1ximo Engajamento\t<\/h3>\n\t<p>Criado para o p\u00fablico sempre em movimento de hoje, seus emails se ajustam automaticamente para oferecer a melhor experi\u00eancia de leitura no desktop, tablet e celular &#8211; sem exigir nenhum esfor\u00e7o extra.<\/p>\n\t\t\t<a href=\"https:\/\/app.benchmarkemail.io\/register?language=pt\"  target=\"_self\">\n\t\t\t\t\t\t\tComece Gratuitamente Agora\n\t\t\t\t\t<\/a>\n<figure itemscope itemtype=\"https:\/\/schema.org\/ImageObject\">\n\t\t\t\t<img decoding=\"async\" src=\"https:\/\/www.benchmarkemail.com\/br\/wp-content\/uploads\/sites\/6\/2026\/03\/Activity_Campaign.webp\" alt=\"Activity_Campaign\" height=\"840\" width=\"1300\" title=\"Activity_Campaign\" onerror=\"this.style.display='none'\" loading=\"lazy\" \/>\n\t<\/figure>\n<h3>\n\t\t\tPor que a Benchmark Email?\t<\/h3>\n\t<figure itemscope itemtype=\"https:\/\/schema.org\/ImageObject\">\n\t\t\t\t<img decoding=\"async\" src=\"https:\/\/www.benchmarkemail.com\/wp-content\/uploads\/2025\/09\/pen-to-square-regular.svg\" alt=\"\" onerror=\"this.style.display='none'\" loading=\"lazy\" \/>\n\t<\/figure>\n\t\t<h3>Sem Curva de Aprendizado<\/h3><p>Comece a enviar emails incr\u00edveis desde o primeiro dia.<\/p>\n\t<figure itemscope itemtype=\"https:\/\/schema.org\/ImageObject\">\n\t\t\t\t<img decoding=\"async\" src=\"https:\/\/www.benchmarkemail.com\/wp-content\/uploads\/2025\/09\/Recursosvg.svg\" alt=\"\" onerror=\"this.style.display='none'\" loading=\"lazy\" \/>\n\t<\/figure>\n\t\t<h3>Op\u00e7\u00f5es de Design Flex\u00edveis<\/h3><p>Use templates prontos, layouts personaliz\u00e1veis ou crie do zero.<\/p>\n\t<figure itemscope itemtype=\"https:\/\/schema.org\/ImageObject\">\n\t\t\t\t<img decoding=\"async\" src=\"https:\/\/www.benchmarkemail.com\/wp-content\/uploads\/2025\/09\/AI-powered.svg\" alt=\"\" onerror=\"this.style.display='none'\" loading=\"lazy\" \/>\n\t<\/figure>\n\t\t<h3>Assist\u00eancia com IA<\/h3><p>Sugest\u00f5es inteligentes de imagens, textos e bot\u00f5es tornam a cria\u00e7\u00e3o dos seus emails ainda mais f\u00e1cil.<\/p>\n<h2>\n\t\t\tComece com Nosso Editor de Emails\t<\/h2>\n\t\t\t<a href=\"https:\/\/app.benchmarkemail.io\/register?language=pt\"  target=\"_self\">\n\t\t\t\t\t\t\tComece Gratuitamente Agora\n\t\t\t\t\t<\/a>\n<figure itemscope itemtype=\"https:\/\/schema.org\/ImageObject\">\n\t\t\t\t<img decoding=\"async\" src=\"https:\/\/www.benchmarkemail.com\/images\/nxg\/nxg-email-editor\/marketer.webp\" alt=\"marketer.webp\" title=\"marketer.webp\" onerror=\"this.style.display='none'\" loading=\"lazy\" \/>\n\t<\/figure>\n<h3>\n\t\t\tExplore Mais Recursos\t<\/h3>\n\t<p>A Benchmark foi criada para oferecer agilidade, mas h\u00e1 muito mais por tr\u00e1s. Explore as principais ferramentas que ajudam voc\u00ea a criar, enviar e acompanhar seus emails sem complica\u00e7\u00e3o.<\/p>\n<figure itemscope itemtype=\"https:\/\/schema.org\/ImageObject\">\n\t\t\t\t<img decoding=\"async\" src=\"https:\/\/www.benchmarkemail.com\/br\/wp-content\/uploads\/sites\/6\/2026\/03\/Activiy_Contacts.png\" alt=\"Activiy_Contacts\" height=\"640\" width=\"970\" title=\"Activiy_Contacts\" onerror=\"this.style.display='none'\" loading=\"lazy\" \/>\n\t<\/figure>\n<h3>\n\t\t\tGerenciamento de Contatos\t<\/h3>\n\t<p>Organize, marque com tags e segmente seus contatos para facilitar o direcionamento em escala.<\/p>\n\t<p><a href=\"\/br\/features\/contact-management\/\">Explore o gerenciamento de contatos &gt;<\/a><\/p>\n<figure itemscope itemtype=\"https:\/\/schema.org\/ImageObject\">\n\t\t\t\t<img decoding=\"async\" src=\"https:\/\/www.benchmarkemail.com\/br\/wp-content\/uploads\/sites\/6\/2026\/03\/Reports-1.png\" alt=\"Reports\" height=\"640\" width=\"970\" title=\"Reports\" onerror=\"this.style.display='none'\" loading=\"lazy\" \/>\n\t<\/figure>\n<h3>\n\t\t\tRelat\u00f3rios\t<\/h3>\n\t<p>Entenda o que est\u00e1 funcionando e melhore o que n\u00e3o est\u00e1 com relat\u00f3rios cheios de insights valiosos.<\/p>\n\t<p><a href=\"\/br\/features\/reporting\/\">Confira os relat\u00f3rios &gt;<\/a><\/p>\n\n","protected":false},"excerpt":{"rendered":"<p>Cria\u00e7\u00e3o de Emails sem Complica\u00e7\u00e3o com Nosso Editor Intuitivo de Arrastar e Soltar Experimente Gr\u00e1tis Casos de Uso Crie qualquer tipo de email antes do seu caf\u00e9 esfriar O editor de arrastar e soltar da Benchmark Email torna a cria\u00e7\u00e3o de emails incr\u00edveis, personalizados para as suas necessidades, r\u00e1pida e simples. Seja para promover um&hellip;<\/p>\n","protected":false},"author":7,"featured_media":0,"parent":49375,"menu_order":0,"comment_status":"closed","ping_status":"closed","template":"page-nxg.php","meta":{"inline_featured_image":false,"footnotes":""},"class_list":["post-49383","page","type-page","status-publish","hentry"],"yoast_head":"<!-- This site is optimized with the Yoast SEO plugin v27.5 - https:\/\/yoast.com\/product\/yoast-seo-wordpress\/ -->\n<title>Construtor de modelos de email - Crie facilmente seus modelos de e-mail<\/title>\n<meta name=\"description\" content=\"Descomplique sua estrat\u00e9gia com nosso software de email marketing. Voc\u00ea n\u00e3o precisa ser um expert para criar campanhas incr\u00edveis!\" \/>\n<meta name=\"robots\" content=\"index, follow, max-snippet:-1, max-image-preview:large, max-video-preview:-1\" \/>\n<link rel=\"canonical\" href=\"https:\/\/www.benchmarkemail.com\/br\/features\/email-builder\/\" \/>\n<meta property=\"og:locale\" content=\"en_US\" \/>\n<meta property=\"og:type\" content=\"article\" \/>\n<meta property=\"og:title\" content=\"Construtor de modelos de email - Crie facilmente seus modelos de e-mail\" \/>\n<meta property=\"og:description\" content=\"Descomplique sua estrat\u00e9gia com nosso software de email marketing. Voc\u00ea n\u00e3o precisa ser um expert para criar campanhas incr\u00edveis!\" \/>\n<meta property=\"og:url\" content=\"https:\/\/www.benchmarkemail.com\/br\/features\/email-builder\/\" \/>\n<meta property=\"og:site_name\" content=\"Benchmark Email em Portugu\u00eas\" \/>\n<meta property=\"article:publisher\" content=\"https:\/\/www.facebook.com\/BenchmarkBR\" \/>\n<meta property=\"article:modified_time\" content=\"2026-04-08T10:41:02+00:00\" \/>\n<meta property=\"og:image\" content=\"https:\/\/www.benchmarkemail.com\/wp-content\/uploads\/2025\/09\/wlcome-emails.svg\" \/>\n<meta name=\"twitter:card\" content=\"summary_large_image\" \/>\n<meta name=\"twitter:label1\" content=\"Est. reading time\" \/>\n\t<meta name=\"twitter:data1\" content=\"6 minutes\" \/>\n<script type=\"application\/ld+json\" class=\"yoast-schema-graph\">{\"@context\":\"https:\\\/\\\/schema.org\",\"@graph\":[{\"@type\":\"WebPage\",\"@id\":\"https:\\\/\\\/www.benchmarkemail.com\\\/br\\\/features\\\/email-builder\\\/\",\"url\":\"https:\\\/\\\/www.benchmarkemail.com\\\/br\\\/features\\\/email-builder\\\/\",\"name\":\"Construtor de modelos de email - Crie facilmente seus modelos de e-mail\",\"isPartOf\":{\"@id\":\"https:\\\/\\\/www.benchmarkemail.com\\\/br\\\/#website\"},\"primaryImageOfPage\":{\"@id\":\"https:\\\/\\\/www.benchmarkemail.com\\\/br\\\/features\\\/email-builder\\\/#primaryimage\"},\"image\":{\"@id\":\"https:\\\/\\\/www.benchmarkemail.com\\\/br\\\/features\\\/email-builder\\\/#primaryimage\"},\"thumbnailUrl\":\"https:\\\/\\\/www.benchmarkemail.com\\\/wp-content\\\/uploads\\\/2025\\\/09\\\/wlcome-emails.svg\",\"datePublished\":\"2026-02-11T12:51:45+00:00\",\"dateModified\":\"2026-04-08T10:41:02+00:00\",\"description\":\"Descomplique sua estrat\u00e9gia com nosso software de email marketing. Voc\u00ea n\u00e3o precisa ser um expert para criar campanhas incr\u00edveis!\",\"breadcrumb\":{\"@id\":\"https:\\\/\\\/www.benchmarkemail.com\\\/br\\\/features\\\/email-builder\\\/#breadcrumb\"},\"inLanguage\":\"en-US\",\"potentialAction\":[{\"@type\":\"ReadAction\",\"target\":[\"https:\\\/\\\/www.benchmarkemail.com\\\/br\\\/features\\\/email-builder\\\/\"]}]},{\"@type\":\"ImageObject\",\"inLanguage\":\"en-US\",\"@id\":\"https:\\\/\\\/www.benchmarkemail.com\\\/br\\\/features\\\/email-builder\\\/#primaryimage\",\"url\":\"https:\\\/\\\/www.benchmarkemail.com\\\/wp-content\\\/uploads\\\/2025\\\/09\\\/wlcome-emails.svg\",\"contentUrl\":\"https:\\\/\\\/www.benchmarkemail.com\\\/wp-content\\\/uploads\\\/2025\\\/09\\\/wlcome-emails.svg\"},{\"@type\":\"BreadcrumbList\",\"@id\":\"https:\\\/\\\/www.benchmarkemail.com\\\/br\\\/features\\\/email-builder\\\/#breadcrumb\",\"itemListElement\":[{\"@type\":\"ListItem\",\"position\":1,\"name\":\"Home\",\"item\":\"https:\\\/\\\/www.benchmarkemail.com\\\/br\\\/\"},{\"@type\":\"ListItem\",\"position\":2,\"name\":\"NXG Features\",\"item\":\"https:\\\/\\\/www.benchmarkemail.com\\\/br\\\/features\\\/\"},{\"@type\":\"ListItem\",\"position\":3,\"name\":\"NXG Email Editor\"}]},{\"@type\":\"WebSite\",\"@id\":\"https:\\\/\\\/www.benchmarkemail.com\\\/br\\\/#website\",\"url\":\"https:\\\/\\\/www.benchmarkemail.com\\\/br\\\/\",\"name\":\"Benchmark Email em Portugu\u00eas\",\"description\":\"\",\"publisher\":{\"@id\":\"https:\\\/\\\/www.benchmarkemail.com\\\/br\\\/#organization\"},\"potentialAction\":[{\"@type\":\"SearchAction\",\"target\":{\"@type\":\"EntryPoint\",\"urlTemplate\":\"https:\\\/\\\/www.benchmarkemail.com\\\/br\\\/?s={search_term_string}\"},\"query-input\":{\"@type\":\"PropertyValueSpecification\",\"valueRequired\":true,\"valueName\":\"search_term_string\"}}],\"inLanguage\":\"en-US\"},{\"@type\":\"Organization\",\"@id\":\"https:\\\/\\\/www.benchmarkemail.com\\\/br\\\/#organization\",\"name\":\"Benchmark Internet Group, LLC\",\"url\":\"https:\\\/\\\/www.benchmarkemail.com\\\/br\\\/\",\"logo\":{\"@type\":\"ImageObject\",\"inLanguage\":\"en-US\",\"@id\":\"https:\\\/\\\/www.benchmarkemail.com\\\/br\\\/#\\\/schema\\\/logo\\\/image\\\/\",\"url\":\"https:\\\/\\\/www.benchmarkemail.com\\\/br\\\/wp-content\\\/uploads\\\/sites\\\/6\\\/2019\\\/09\\\/benchmark-logo.svg\",\"contentUrl\":\"https:\\\/\\\/www.benchmarkemail.com\\\/br\\\/wp-content\\\/uploads\\\/sites\\\/6\\\/2019\\\/09\\\/benchmark-logo.svg\",\"width\":1,\"height\":1,\"caption\":\"Benchmark Internet Group, LLC\"},\"image\":{\"@id\":\"https:\\\/\\\/www.benchmarkemail.com\\\/br\\\/#\\\/schema\\\/logo\\\/image\\\/\"},\"sameAs\":[\"https:\\\/\\\/www.facebook.com\\\/BenchmarkBR\"]}]}<\/script>\n<!-- \/ Yoast SEO plugin. -->","yoast_head_json":{"title":"Construtor de modelos de email - Crie facilmente seus modelos de e-mail","description":"Descomplique sua estrat\u00e9gia com nosso software de email marketing. Voc\u00ea n\u00e3o precisa ser um expert para criar campanhas incr\u00edveis!","robots":{"index":"index","follow":"follow","max-snippet":"max-snippet:-1","max-image-preview":"max-image-preview:large","max-video-preview":"max-video-preview:-1"},"canonical":"https:\/\/www.benchmarkemail.com\/br\/features\/email-builder\/","og_locale":"en_US","og_type":"article","og_title":"Construtor de modelos de email - Crie facilmente seus modelos de e-mail","og_description":"Descomplique sua estrat\u00e9gia com nosso software de email marketing. Voc\u00ea n\u00e3o precisa ser um expert para criar campanhas incr\u00edveis!","og_url":"https:\/\/www.benchmarkemail.com\/br\/features\/email-builder\/","og_site_name":"Benchmark Email em Portugu\u00eas","article_publisher":"https:\/\/www.facebook.com\/BenchmarkBR","article_modified_time":"2026-04-08T10:41:02+00:00","og_image":[{"url":"https:\/\/www.benchmarkemail.com\/wp-content\/uploads\/2025\/09\/wlcome-emails.svg","type":"","width":"","height":""}],"twitter_card":"summary_large_image","twitter_misc":{"Est. reading time":"6 minutes"},"schema":{"@context":"https:\/\/schema.org","@graph":[{"@type":"WebPage","@id":"https:\/\/www.benchmarkemail.com\/br\/features\/email-builder\/","url":"https:\/\/www.benchmarkemail.com\/br\/features\/email-builder\/","name":"Construtor de modelos de email - Crie facilmente seus modelos de e-mail","isPartOf":{"@id":"https:\/\/www.benchmarkemail.com\/br\/#website"},"primaryImageOfPage":{"@id":"https:\/\/www.benchmarkemail.com\/br\/features\/email-builder\/#primaryimage"},"image":{"@id":"https:\/\/www.benchmarkemail.com\/br\/features\/email-builder\/#primaryimage"},"thumbnailUrl":"https:\/\/www.benchmarkemail.com\/wp-content\/uploads\/2025\/09\/wlcome-emails.svg","datePublished":"2026-02-11T12:51:45+00:00","dateModified":"2026-04-08T10:41:02+00:00","description":"Descomplique sua estrat\u00e9gia com nosso software de email marketing. Voc\u00ea n\u00e3o precisa ser um expert para criar campanhas incr\u00edveis!","breadcrumb":{"@id":"https:\/\/www.benchmarkemail.com\/br\/features\/email-builder\/#breadcrumb"},"inLanguage":"en-US","potentialAction":[{"@type":"ReadAction","target":["https:\/\/www.benchmarkemail.com\/br\/features\/email-builder\/"]}]},{"@type":"ImageObject","inLanguage":"en-US","@id":"https:\/\/www.benchmarkemail.com\/br\/features\/email-builder\/#primaryimage","url":"https:\/\/www.benchmarkemail.com\/wp-content\/uploads\/2025\/09\/wlcome-emails.svg","contentUrl":"https:\/\/www.benchmarkemail.com\/wp-content\/uploads\/2025\/09\/wlcome-emails.svg"},{"@type":"BreadcrumbList","@id":"https:\/\/www.benchmarkemail.com\/br\/features\/email-builder\/#breadcrumb","itemListElement":[{"@type":"ListItem","position":1,"name":"Home","item":"https:\/\/www.benchmarkemail.com\/br\/"},{"@type":"ListItem","position":2,"name":"NXG Features","item":"https:\/\/www.benchmarkemail.com\/br\/features\/"},{"@type":"ListItem","position":3,"name":"NXG Email Editor"}]},{"@type":"WebSite","@id":"https:\/\/www.benchmarkemail.com\/br\/#website","url":"https:\/\/www.benchmarkemail.com\/br\/","name":"Benchmark Email em Portugu\u00eas","description":"","publisher":{"@id":"https:\/\/www.benchmarkemail.com\/br\/#organization"},"potentialAction":[{"@type":"SearchAction","target":{"@type":"EntryPoint","urlTemplate":"https:\/\/www.benchmarkemail.com\/br\/?s={search_term_string}"},"query-input":{"@type":"PropertyValueSpecification","valueRequired":true,"valueName":"search_term_string"}}],"inLanguage":"en-US"},{"@type":"Organization","@id":"https:\/\/www.benchmarkemail.com\/br\/#organization","name":"Benchmark Internet Group, LLC","url":"https:\/\/www.benchmarkemail.com\/br\/","logo":{"@type":"ImageObject","inLanguage":"en-US","@id":"https:\/\/www.benchmarkemail.com\/br\/#\/schema\/logo\/image\/","url":"https:\/\/www.benchmarkemail.com\/br\/wp-content\/uploads\/sites\/6\/2019\/09\/benchmark-logo.svg","contentUrl":"https:\/\/www.benchmarkemail.com\/br\/wp-content\/uploads\/sites\/6\/2019\/09\/benchmark-logo.svg","width":1,"height":1,"caption":"Benchmark Internet Group, LLC"},"image":{"@id":"https:\/\/www.benchmarkemail.com\/br\/#\/schema\/logo\/image\/"},"sameAs":["https:\/\/www.facebook.com\/BenchmarkBR"]}]}},"_links":{"self":[{"href":"https:\/\/www.benchmarkemail.com\/br\/wp-json\/wp\/v2\/pages\/49383","targetHints":{"allow":["GET"]}}],"collection":[{"href":"https:\/\/www.benchmarkemail.com\/br\/wp-json\/wp\/v2\/pages"}],"about":[{"href":"https:\/\/www.benchmarkemail.com\/br\/wp-json\/wp\/v2\/types\/page"}],"author":[{"embeddable":true,"href":"https:\/\/www.benchmarkemail.com\/br\/wp-json\/wp\/v2\/users\/7"}],"replies":[{"embeddable":true,"href":"https:\/\/www.benchmarkemail.com\/br\/wp-json\/wp\/v2\/comments?post=49383"}],"version-history":[{"count":0,"href":"https:\/\/www.benchmarkemail.com\/br\/wp-json\/wp\/v2\/pages\/49383\/revisions"}],"up":[{"embeddable":true,"href":"https:\/\/www.benchmarkemail.com\/br\/wp-json\/wp\/v2\/pages\/49375"}],"wp:attachment":[{"href":"https:\/\/www.benchmarkemail.com\/br\/wp-json\/wp\/v2\/media?parent=49383"}],"curies":[{"name":"wp","href":"https:\/\/api.w.org\/{rel}","templated":true}]}}