{"id":49390,"date":"2026-02-11T13:27:37","date_gmt":"2026-02-11T13:27:37","guid":{"rendered":"https:\/\/www.benchmarkemail.com\/br\/?page_id=49390"},"modified":"2026-04-08T10:26:07","modified_gmt":"2026-04-08T10:26:07","slug":"contact-management","status":"publish","type":"page","link":"https:\/\/www.benchmarkemail.com\/br\/features\/contact-management\/","title":{"rendered":"NXG Contact Management"},"content":{"rendered":"\n<h1>\n\t\t\tGerenciamento de Contatos Inteligente e Descomplicado para uma Segmenta\u00e7\u00e3o Mais Eficiente\t<\/h1>\n\t<p>Alcance as Pessoas Certas, Sempre<\/p>\n\t<p>Enviar emails personalizados n\u00e3o deve atrasar seu trabalho. Com as poderosas ferramentas de segmenta\u00e7\u00e3o da Benchmark Email, voc\u00ea alcan\u00e7a o p\u00fablico certo com facilidade &#8211; aumentando o engajamento, as convers\u00f5es e os resultados.<\/p>\n\t\t\t<a href=\"https:\/\/app.benchmarkemail.io\/register?language=pt\"  target=\"_self\">\n\t\t\t\t\t\t\tExperimente Gr\u00e1tis\n\t\t\t\t\t<\/a>\n\t<p>Recursos<\/p>\n<h3>\n\t\t\tSegmenta\u00e7\u00e3o Simples, Impacto Imediato\t<\/h3>\n<figure itemscope itemtype=\"https:\/\/schema.org\/ImageObject\">\n\t\t\t\t<img decoding=\"async\" src=\"https:\/\/www.benchmarkemail.com\/br\/wp-content\/uploads\/sites\/6\/2026\/03\/Tags.webp\" alt=\"Tags\" height=\"840\" width=\"1300\" title=\"Tags\" onerror=\"this.style.display='none'\" loading=\"lazy\" \/>\n\t<\/figure>\n<h3>\n\t\t\tTags Simplificadas\t<\/h3>\n\t<p>Agrupe seus contatos por interesses, a\u00e7\u00f5es ou prefer\u00eancias para uma segmenta\u00e7\u00e3o mais eficiente.<\/p>\n\t\t\t<a href=\"https:\/\/app.benchmarkemail.io\/register?language=pt\"  target=\"_self\">\n\t\t\t\t\t\t\tComece Gratuitamente Agora\n\t\t\t\t\t<\/a>\n<h3>\n\t\t\tAcompanhamento de Engajamento\t<\/h3>\n\t<p>Segmente por aberturas, cliques, bounces e cancelamentos de inscri\u00e7\u00e3o para aprimorar sua comunica\u00e7\u00e3o.<\/p>\n\t\t\t<a href=\"https:\/\/app.benchmarkemail.io\/register?language=pt\"  target=\"_self\">\n\t\t\t\t\t\t\tComece Gratuitamente Agora\n\t\t\t\t\t<\/a>\n<figure itemscope itemtype=\"https:\/\/schema.org\/ImageObject\">\n\t\t\t\t<img decoding=\"async\" src=\"https:\/\/www.benchmarkemail.com\/br\/wp-content\/uploads\/sites\/6\/2026\/03\/Contacts_List-1.webp\" alt=\"Contacts_List-1\" height=\"840\" width=\"1300\" title=\"Contacts_List-1\" onerror=\"this.style.display='none'\" loading=\"lazy\" \/>\n\t<\/figure>\n<figure itemscope itemtype=\"https:\/\/schema.org\/ImageObject\">\n\t\t\t\t<img decoding=\"async\" src=\"https:\/\/www.benchmarkemail.com\/br\/wp-content\/uploads\/sites\/6\/2026\/03\/Flexible-Custom-Fields-1.webp\" alt=\"Flexible Custom Fields-1\" height=\"840\" width=\"1300\" title=\"Flexible Custom Fields-1\" onerror=\"this.style.display='none'\" loading=\"lazy\" \/>\n\t<\/figure>\n<h3>\n\t\t\tCampos Personalizados Flex\u00edveis\t<\/h3>\n\t<p>Armazene seus pr\u00f3prios dados personalizados para criar campanhas mais relevantes.<\/p>\n\t\t\t<a href=\"https:\/\/app.benchmarkemail.io\/register?language=pt\"  target=\"_self\">\n\t\t\t\t\t\t\tComece Gratuitamente Agora\n\t\t\t\t\t<\/a>\n<h3>\n\t\t\tFiltros Avan\u00e7ados\t<\/h3>\n\t<p>Encontre contatos rapidamente usando filtros para chegar a uma lista perfeitamente segmentada.<\/p>\n\t\t\t<a href=\"https:\/\/app.benchmarkemail.io\/register?language=pt\"  target=\"_self\">\n\t\t\t\t\t\t\tComece Gratuitamente Agora\n\t\t\t\t\t<\/a>\n<figure itemscope itemtype=\"https:\/\/schema.org\/ImageObject\">\n\t\t\t\t<img decoding=\"async\" src=\"https:\/\/www.benchmarkemail.com\/br\/wp-content\/uploads\/sites\/6\/2026\/03\/Engagement-Tracking-1.webp\" alt=\"Engagement Tracking-1\" height=\"840\" width=\"1300\" title=\"Engagement Tracking-1\" onerror=\"this.style.display='none'\" loading=\"lazy\" \/>\n\t<\/figure>\n<figure itemscope itemtype=\"https:\/\/schema.org\/ImageObject\">\n\t\t\t\t<img decoding=\"async\" src=\"https:\/\/www.benchmarkemail.com\/br\/wp-content\/uploads\/sites\/6\/2026\/03\/Smartly-Segmented-Lists-1.webp\" alt=\"Smartly Segmented Lists-1\" height=\"840\" width=\"1300\" title=\"Smartly Segmented Lists-1\" onerror=\"this.style.display='none'\" loading=\"lazy\" \/>\n\t<\/figure>\n<h3>\n\t\t\tListas Inteligentemente Segmentadas\t<\/h3>\n\t<p>Adicione contatos \u00e0s listas durante a importa\u00e7\u00e3o ou crie listas segmentadas com base em comportamento, tags e dados dos contatos.<\/p>\n\t\t\t<a href=\"https:\/\/app.benchmarkemail.io\/register?language=pt\"  target=\"_self\">\n\t\t\t\t\t\t\tComece Gratuitamente Agora\n\t\t\t\t\t<\/a>\n\t<p>Gerenciamento de Contatos<\/p>\n<h3>\n\t\t\tSee Everything in One Place\t<\/h3>\n\t<p>Acompanhe e gerencie seu p\u00fablico com facilidade.<\/p>\n<figure itemscope itemtype=\"https:\/\/schema.org\/ImageObject\">\n\t\t\t\t<img decoding=\"async\" src=\"https:\/\/www.benchmarkemail.com\/br\/wp-content\/uploads\/sites\/6\/2026\/03\/activity_reports.png\" alt=\"activity_reports\" height=\"840\" width=\"1300\" title=\"activity_reports\" onerror=\"this.style.display='none'\" loading=\"lazy\" \/>\n\t<\/figure>\n<h3>\n\t\t\tFeed de Atividades em Tempo Real\t<\/h3>\n\t<p>Acompanhe o engajamento na hora, sem precisar esperar por relat\u00f3rios.<\/p>\n\t\t\t<a href=\"https:\/\/app.benchmarkemail.io\/register?language=pt\"  target=\"_self\">\n\t\t\t\t\t\t\tComece Gratuitamente Agora\n\t\t\t\t\t<\/a>\n<h3>\n\t\t\tOrganiza\u00e7\u00e3o sem Complica\u00e7\u00e3o\t<\/h3>\n\t<p>Mantenha todos os contatos em um s\u00f3 lugar, bem organizados e prontos para serem filtrados.<\/p>\n\t\t\t<a href=\"https:\/\/app.benchmarkemail.io\/register?language=pt\"  target=\"_self\">\n\t\t\t\t\t\t\tComece Gratuitamente Agora\n\t\t\t\t\t<\/a>\n<figure itemscope itemtype=\"https:\/\/schema.org\/ImageObject\">\n\t\t\t\t<img decoding=\"async\" src=\"https:\/\/www.benchmarkemail.com\/br\/wp-content\/uploads\/sites\/6\/2026\/03\/contacts.webp\" alt=\"contacts\" height=\"840\" width=\"1300\" title=\"contacts\" onerror=\"this.style.display='none'\" loading=\"lazy\" \/>\n\t<\/figure>\n<figure itemscope itemtype=\"https:\/\/schema.org\/ImageObject\">\n\t\t\t\t<img decoding=\"async\" src=\"https:\/\/www.benchmarkemail.com\/br\/wp-content\/uploads\/sites\/6\/2026\/03\/cotnacts_information.webp\" alt=\"cotnacts_information\" height=\"840\" width=\"1300\" title=\"cotnacts_information\" onerror=\"this.style.display='none'\" loading=\"lazy\" \/>\n\t<\/figure>\n<h3>\n\t\t\tInsights Mais R\u00e1pidos\t<\/h3>\n\t<p>Acesse informa\u00e7\u00f5es importantes na hora &#8211; sem achismos, sem precisar procurar.<\/p>\n\t\t\t<a href=\"https:\/\/app.benchmarkemail.io\/register?language=pt\"  target=\"_self\">\n\t\t\t\t\t\t\tComece Gratuitamente Agora\n\t\t\t\t\t<\/a>\n\t<p>Entregabilidade<\/p>\n<h2>\n\t\t\tGerenciamento de Contatos que Protege sua Reputa\u00e7\u00e3o\t<\/h2>\n\t<p>Acompanhe e gerencie seu p\u00fablico com facilidade.<\/p>\n<h2>\n\t\t\tSupress\u00e3o com Um Clique\t<\/h2>\n\t<p>Exclua instantaneamente contatos cancelados ou inativos para manter suas listas mais limpas.<\/p>\n\t\t\t<a href=\"https:\/\/app.benchmarkemail.io\/register?language=pt\"  target=\"_self\">\n\t\t\t\t\t\t\tComece Gratuitamente Agora\n\t\t\t\t\t<\/a>\n<figure itemscope itemtype=\"https:\/\/schema.org\/ImageObject\">\n\t\t\t\t<img decoding=\"async\" src=\"https:\/\/www.benchmarkemail.com\/br\/wp-content\/uploads\/sites\/6\/2026\/03\/email_marketing_contacts.webp\" alt=\"email_marketing_contacts\" height=\"603\" width=\"1002\" title=\"email_marketing_contacts\" onerror=\"this.style.display='none'\" loading=\"lazy\" \/>\n\t<\/figure>\n<h2>\n\t\t\tProte\u00e7\u00f5es de Entregabilidade\t<\/h2>\n\t<p>Proteja sua reputa\u00e7\u00e3o de envio com gerenciamento de bounces e listas de supress\u00e3o.<\/p>\n\t\t\t<a href=\"https:\/\/app.benchmarkemail.io\/register?language=pt\"  target=\"_self\">\n\t\t\t\t\t\t\tComece Gratuitamente Agora\n\t\t\t\t\t<\/a>\n<figure itemscope itemtype=\"https:\/\/schema.org\/ImageObject\">\n\t\t\t\t<img decoding=\"async\" src=\"https:\/\/www.benchmarkemail.com\/br\/wp-content\/uploads\/sites\/6\/2026\/03\/Email_Marketing_Stats-2.webp\" alt=\"Email_Marketing_Stats-2\" height=\"598\" width=\"838\" title=\"Email_Marketing_Stats-2\" onerror=\"this.style.display='none'\" loading=\"lazy\" \/>\n\t<\/figure>\n<h2>\n\t\t\tPor que a Benchmark Email?\t<\/h2>\n\t<p>A Benchmark Email mant\u00e9m o gerenciamento de contatos simples e descomplicado &#8211; sem bagun\u00e7a, sem complexidade. Segmente seu p\u00fablico com facilidade, envie emails direcionados e aumente o engajamento sem etapas extras. Menos tempo organizando significa mais tempo enviando emails personalizados que geram convers\u00f5es.<\/p>\n\t<figure itemscope itemtype=\"https:\/\/schema.org\/ImageObject\">\n\t\t\t\t<img decoding=\"async\" src=\"https:\/\/www.benchmarkemail.com\/wp-content\/uploads\/2025\/09\/precision-targeting.svg\" alt=\"\" onerror=\"this.style.display='none'\" loading=\"lazy\" \/>\n\t<\/figure>\n\t\t<h3>Segmenta\u00e7\u00e3o Precisa<\/h3><p>Entregue a mensagem certa para o p\u00fablico certo, no momento ideal.<\/p>\n\t<figure itemscope itemtype=\"https:\/\/schema.org\/ImageObject\">\n\t\t\t\t<img decoding=\"async\" src=\"https:\/\/www.benchmarkemail.com\/wp-content\/uploads\/2025\/09\/Live-Activity-Feed.svg\" alt=\"\" onerror=\"this.style.display='none'\" loading=\"lazy\" \/>\n\t<\/figure>\n\t\t<h3>Feed de Atividades em Tempo Real<\/h3><p>Fique por dentro com insights em tempo real.<\/p>\n\t<figure itemscope itemtype=\"https:\/\/schema.org\/ImageObject\">\n\t\t\t\t<img decoding=\"async\" src=\"https:\/\/www.benchmarkemail.com\/wp-content\/uploads\/2025\/09\/Effortless-List-Management.svg\" alt=\"\" onerror=\"this.style.display='none'\" loading=\"lazy\" \/>\n\t<\/figure>\n\t\t<h3>Gerenciamento de Listas sem Complica\u00e7\u00e3o<\/h3><p>Sugest\u00f5es inteligentes de imagens, textos e bot\u00f5es tornam a cria\u00e7\u00e3o dos seus emails ainda mais f\u00e1cil.<\/p>\n\t\t\t<a href=\"https:\/\/app.benchmarkemail.io\/register?language=pt\"  target=\"_self\">\n\t\t\t\t\t\t\tComece Gratuitamente Agora\n\t\t\t\t\t<\/a>\n<figure itemscope itemtype=\"https:\/\/schema.org\/ImageObject\">\n\t\t\t\t<img decoding=\"async\" src=\"https:\/\/www.benchmarkemail.com\/images\/nxg\/nxg-contact-management\/why-benchmark.webp\" alt=\"why-benchmark.webp\" title=\"why-benchmark.webp\" onerror=\"this.style.display='none'\" loading=\"lazy\" \/>\n\t<\/figure>\n\n","protected":false},"excerpt":{"rendered":"<p>Gerenciamento de Contatos Inteligente e Descomplicado para uma Segmenta\u00e7\u00e3o Mais Eficiente Alcance as Pessoas Certas, Sempre Enviar emails personalizados n\u00e3o deve atrasar seu trabalho. Com as poderosas ferramentas de segmenta\u00e7\u00e3o da Benchmark Email, voc\u00ea alcan\u00e7a o p\u00fablico certo com facilidade &#8211; aumentando o engajamento, as convers\u00f5es e os resultados. Experimente Gr\u00e1tis Recursos Segmenta\u00e7\u00e3o Simples, Impacto&hellip;<\/p>\n","protected":false},"author":7,"featured_media":0,"parent":49375,"menu_order":0,"comment_status":"closed","ping_status":"closed","template":"page-nxg.php","meta":{"inline_featured_image":false,"footnotes":""},"class_list":["post-49390","page","type-page","status-publish","hentry"],"yoast_head":"<!-- This site is optimized with the Yoast SEO plugin v27.3 - https:\/\/yoast.com\/product\/yoast-seo-wordpress\/ -->\n<title>NXG Contact Management - Benchmark Email<\/title>\n<meta name=\"robots\" content=\"index, follow, max-snippet:-1, max-image-preview:large, max-video-preview:-1\" \/>\n<link rel=\"canonical\" href=\"https:\/\/www.benchmarkemail.com\/br\/features\/contact-management\/\" \/>\n<meta property=\"og:locale\" content=\"en_US\" \/>\n<meta property=\"og:type\" content=\"article\" \/>\n<meta property=\"og:title\" content=\"NXG Contact Management - Benchmark Email\" \/>\n<meta property=\"og:description\" content=\"Gerenciamento de Contatos Inteligente e Descomplicado para uma Segmenta\u00e7\u00e3o Mais Eficiente Alcance as Pessoas Certas, Sempre Enviar emails personalizados n\u00e3o deve atrasar seu trabalho. Com as poderosas ferramentas de segmenta\u00e7\u00e3o da Benchmark Email, voc\u00ea alcan\u00e7a o p\u00fablico certo com facilidade &#8211; aumentando o engajamento, as convers\u00f5es e os resultados. Experimente Gr\u00e1tis Recursos Segmenta\u00e7\u00e3o Simples, Impacto&hellip;\" \/>\n<meta property=\"og:url\" content=\"https:\/\/www.benchmarkemail.com\/br\/features\/contact-management\/\" \/>\n<meta property=\"og:site_name\" content=\"Benchmark Email em Portugu\u00eas\" \/>\n<meta property=\"article:publisher\" content=\"https:\/\/www.facebook.com\/BenchmarkBR\" \/>\n<meta property=\"article:modified_time\" content=\"2026-04-08T10:26:07+00:00\" \/>\n<meta property=\"og:image\" content=\"https:\/\/www.benchmarkemail.com\/br\/wp-content\/uploads\/sites\/6\/2026\/03\/Tags.webp\" \/>\n<meta name=\"twitter:card\" content=\"summary_large_image\" \/>\n<meta name=\"twitter:label1\" content=\"Est. reading time\" \/>\n\t<meta name=\"twitter:data1\" content=\"5 minutes\" \/>\n<script type=\"application\/ld+json\" class=\"yoast-schema-graph\">{\"@context\":\"https:\\\/\\\/schema.org\",\"@graph\":[{\"@type\":\"WebPage\",\"@id\":\"https:\\\/\\\/www.benchmarkemail.com\\\/br\\\/features\\\/contact-management\\\/\",\"url\":\"https:\\\/\\\/www.benchmarkemail.com\\\/br\\\/features\\\/contact-management\\\/\",\"name\":\"NXG Contact Management - Benchmark Email\",\"isPartOf\":{\"@id\":\"https:\\\/\\\/www.benchmarkemail.com\\\/br\\\/#website\"},\"primaryImageOfPage\":{\"@id\":\"https:\\\/\\\/www.benchmarkemail.com\\\/br\\\/features\\\/contact-management\\\/#primaryimage\"},\"image\":{\"@id\":\"https:\\\/\\\/www.benchmarkemail.com\\\/br\\\/features\\\/contact-management\\\/#primaryimage\"},\"thumbnailUrl\":\"https:\\\/\\\/www.benchmarkemail.com\\\/br\\\/wp-content\\\/uploads\\\/sites\\\/6\\\/2026\\\/03\\\/Tags.webp\",\"datePublished\":\"2026-02-11T13:27:37+00:00\",\"dateModified\":\"2026-04-08T10:26:07+00:00\",\"breadcrumb\":{\"@id\":\"https:\\\/\\\/www.benchmarkemail.com\\\/br\\\/features\\\/contact-management\\\/#breadcrumb\"},\"inLanguage\":\"en-US\",\"potentialAction\":[{\"@type\":\"ReadAction\",\"target\":[\"https:\\\/\\\/www.benchmarkemail.com\\\/br\\\/features\\\/contact-management\\\/\"]}]},{\"@type\":\"ImageObject\",\"inLanguage\":\"en-US\",\"@id\":\"https:\\\/\\\/www.benchmarkemail.com\\\/br\\\/features\\\/contact-management\\\/#primaryimage\",\"url\":\"https:\\\/\\\/www.benchmarkemail.com\\\/br\\\/wp-content\\\/uploads\\\/sites\\\/6\\\/2026\\\/03\\\/Tags.webp\",\"contentUrl\":\"https:\\\/\\\/www.benchmarkemail.com\\\/br\\\/wp-content\\\/uploads\\\/sites\\\/6\\\/2026\\\/03\\\/Tags.webp\",\"width\":1300,\"height\":840},{\"@type\":\"BreadcrumbList\",\"@id\":\"https:\\\/\\\/www.benchmarkemail.com\\\/br\\\/features\\\/contact-management\\\/#breadcrumb\",\"itemListElement\":[{\"@type\":\"ListItem\",\"position\":1,\"name\":\"Home\",\"item\":\"https:\\\/\\\/www.benchmarkemail.com\\\/br\\\/\"},{\"@type\":\"ListItem\",\"position\":2,\"name\":\"NXG Features\",\"item\":\"https:\\\/\\\/www.benchmarkemail.com\\\/br\\\/features\\\/\"},{\"@type\":\"ListItem\",\"position\":3,\"name\":\"NXG Contact Management\"}]},{\"@type\":\"WebSite\",\"@id\":\"https:\\\/\\\/www.benchmarkemail.com\\\/br\\\/#website\",\"url\":\"https:\\\/\\\/www.benchmarkemail.com\\\/br\\\/\",\"name\":\"Benchmark Email em Portugu\u00eas\",\"description\":\"\",\"publisher\":{\"@id\":\"https:\\\/\\\/www.benchmarkemail.com\\\/br\\\/#organization\"},\"potentialAction\":[{\"@type\":\"SearchAction\",\"target\":{\"@type\":\"EntryPoint\",\"urlTemplate\":\"https:\\\/\\\/www.benchmarkemail.com\\\/br\\\/?s={search_term_string}\"},\"query-input\":{\"@type\":\"PropertyValueSpecification\",\"valueRequired\":true,\"valueName\":\"search_term_string\"}}],\"inLanguage\":\"en-US\"},{\"@type\":\"Organization\",\"@id\":\"https:\\\/\\\/www.benchmarkemail.com\\\/br\\\/#organization\",\"name\":\"Benchmark Internet Group, LLC\",\"url\":\"https:\\\/\\\/www.benchmarkemail.com\\\/br\\\/\",\"logo\":{\"@type\":\"ImageObject\",\"inLanguage\":\"en-US\",\"@id\":\"https:\\\/\\\/www.benchmarkemail.com\\\/br\\\/#\\\/schema\\\/logo\\\/image\\\/\",\"url\":\"https:\\\/\\\/www.benchmarkemail.com\\\/br\\\/wp-content\\\/uploads\\\/sites\\\/6\\\/2019\\\/09\\\/benchmark-logo.svg\",\"contentUrl\":\"https:\\\/\\\/www.benchmarkemail.com\\\/br\\\/wp-content\\\/uploads\\\/sites\\\/6\\\/2019\\\/09\\\/benchmark-logo.svg\",\"width\":1,\"height\":1,\"caption\":\"Benchmark Internet Group, LLC\"},\"image\":{\"@id\":\"https:\\\/\\\/www.benchmarkemail.com\\\/br\\\/#\\\/schema\\\/logo\\\/image\\\/\"},\"sameAs\":[\"https:\\\/\\\/www.facebook.com\\\/BenchmarkBR\"]}]}<\/script>\n<!-- \/ Yoast SEO plugin. -->","yoast_head_json":{"title":"NXG Contact Management - Benchmark Email","robots":{"index":"index","follow":"follow","max-snippet":"max-snippet:-1","max-image-preview":"max-image-preview:large","max-video-preview":"max-video-preview:-1"},"canonical":"https:\/\/www.benchmarkemail.com\/br\/features\/contact-management\/","og_locale":"en_US","og_type":"article","og_title":"NXG Contact Management - Benchmark Email","og_description":"Gerenciamento de Contatos Inteligente e Descomplicado para uma Segmenta\u00e7\u00e3o Mais Eficiente Alcance as Pessoas Certas, Sempre Enviar emails personalizados n\u00e3o deve atrasar seu trabalho. Com as poderosas ferramentas de segmenta\u00e7\u00e3o da Benchmark Email, voc\u00ea alcan\u00e7a o p\u00fablico certo com facilidade &#8211; aumentando o engajamento, as convers\u00f5es e os resultados. Experimente Gr\u00e1tis Recursos Segmenta\u00e7\u00e3o Simples, Impacto&hellip;","og_url":"https:\/\/www.benchmarkemail.com\/br\/features\/contact-management\/","og_site_name":"Benchmark Email em Portugu\u00eas","article_publisher":"https:\/\/www.facebook.com\/BenchmarkBR","article_modified_time":"2026-04-08T10:26:07+00:00","og_image":[{"url":"https:\/\/www.benchmarkemail.com\/br\/wp-content\/uploads\/sites\/6\/2026\/03\/Tags.webp","type":"","width":"","height":""}],"twitter_card":"summary_large_image","twitter_misc":{"Est. reading time":"5 minutes"},"schema":{"@context":"https:\/\/schema.org","@graph":[{"@type":"WebPage","@id":"https:\/\/www.benchmarkemail.com\/br\/features\/contact-management\/","url":"https:\/\/www.benchmarkemail.com\/br\/features\/contact-management\/","name":"NXG Contact Management - Benchmark Email","isPartOf":{"@id":"https:\/\/www.benchmarkemail.com\/br\/#website"},"primaryImageOfPage":{"@id":"https:\/\/www.benchmarkemail.com\/br\/features\/contact-management\/#primaryimage"},"image":{"@id":"https:\/\/www.benchmarkemail.com\/br\/features\/contact-management\/#primaryimage"},"thumbnailUrl":"https:\/\/www.benchmarkemail.com\/br\/wp-content\/uploads\/sites\/6\/2026\/03\/Tags.webp","datePublished":"2026-02-11T13:27:37+00:00","dateModified":"2026-04-08T10:26:07+00:00","breadcrumb":{"@id":"https:\/\/www.benchmarkemail.com\/br\/features\/contact-management\/#breadcrumb"},"inLanguage":"en-US","potentialAction":[{"@type":"ReadAction","target":["https:\/\/www.benchmarkemail.com\/br\/features\/contact-management\/"]}]},{"@type":"ImageObject","inLanguage":"en-US","@id":"https:\/\/www.benchmarkemail.com\/br\/features\/contact-management\/#primaryimage","url":"https:\/\/www.benchmarkemail.com\/br\/wp-content\/uploads\/sites\/6\/2026\/03\/Tags.webp","contentUrl":"https:\/\/www.benchmarkemail.com\/br\/wp-content\/uploads\/sites\/6\/2026\/03\/Tags.webp","width":1300,"height":840},{"@type":"BreadcrumbList","@id":"https:\/\/www.benchmarkemail.com\/br\/features\/contact-management\/#breadcrumb","itemListElement":[{"@type":"ListItem","position":1,"name":"Home","item":"https:\/\/www.benchmarkemail.com\/br\/"},{"@type":"ListItem","position":2,"name":"NXG Features","item":"https:\/\/www.benchmarkemail.com\/br\/features\/"},{"@type":"ListItem","position":3,"name":"NXG Contact Management"}]},{"@type":"WebSite","@id":"https:\/\/www.benchmarkemail.com\/br\/#website","url":"https:\/\/www.benchmarkemail.com\/br\/","name":"Benchmark Email em Portugu\u00eas","description":"","publisher":{"@id":"https:\/\/www.benchmarkemail.com\/br\/#organization"},"potentialAction":[{"@type":"SearchAction","target":{"@type":"EntryPoint","urlTemplate":"https:\/\/www.benchmarkemail.com\/br\/?s={search_term_string}"},"query-input":{"@type":"PropertyValueSpecification","valueRequired":true,"valueName":"search_term_string"}}],"inLanguage":"en-US"},{"@type":"Organization","@id":"https:\/\/www.benchmarkemail.com\/br\/#organization","name":"Benchmark Internet Group, LLC","url":"https:\/\/www.benchmarkemail.com\/br\/","logo":{"@type":"ImageObject","inLanguage":"en-US","@id":"https:\/\/www.benchmarkemail.com\/br\/#\/schema\/logo\/image\/","url":"https:\/\/www.benchmarkemail.com\/br\/wp-content\/uploads\/sites\/6\/2019\/09\/benchmark-logo.svg","contentUrl":"https:\/\/www.benchmarkemail.com\/br\/wp-content\/uploads\/sites\/6\/2019\/09\/benchmark-logo.svg","width":1,"height":1,"caption":"Benchmark Internet Group, LLC"},"image":{"@id":"https:\/\/www.benchmarkemail.com\/br\/#\/schema\/logo\/image\/"},"sameAs":["https:\/\/www.facebook.com\/BenchmarkBR"]}]}},"_links":{"self":[{"href":"https:\/\/www.benchmarkemail.com\/br\/wp-json\/wp\/v2\/pages\/49390","targetHints":{"allow":["GET"]}}],"collection":[{"href":"https:\/\/www.benchmarkemail.com\/br\/wp-json\/wp\/v2\/pages"}],"about":[{"href":"https:\/\/www.benchmarkemail.com\/br\/wp-json\/wp\/v2\/types\/page"}],"author":[{"embeddable":true,"href":"https:\/\/www.benchmarkemail.com\/br\/wp-json\/wp\/v2\/users\/7"}],"replies":[{"embeddable":true,"href":"https:\/\/www.benchmarkemail.com\/br\/wp-json\/wp\/v2\/comments?post=49390"}],"version-history":[{"count":0,"href":"https:\/\/www.benchmarkemail.com\/br\/wp-json\/wp\/v2\/pages\/49390\/revisions"}],"up":[{"embeddable":true,"href":"https:\/\/www.benchmarkemail.com\/br\/wp-json\/wp\/v2\/pages\/49375"}],"wp:attachment":[{"href":"https:\/\/www.benchmarkemail.com\/br\/wp-json\/wp\/v2\/media?parent=49390"}],"curies":[{"name":"wp","href":"https:\/\/api.w.org\/{rel}","templated":true}]}}