{"id":49423,"date":"2026-02-11T16:57:33","date_gmt":"2026-02-11T16:57:33","guid":{"rendered":"https:\/\/www.benchmarkemail.com\/br\/?page_id=49423"},"modified":"2026-04-08T11:57:22","modified_gmt":"2026-04-08T11:57:22","slug":"contact","status":"publish","type":"page","link":"https:\/\/www.benchmarkemail.com\/br\/contact\/","title":{"rendered":"NXG Contact"},"content":{"rendered":"\n<h1>\n\t\t\tVamos te levar para o lugar certo\t<\/h1>\n\t<p>Precisa de uma ajuda? Seja para falar com o time de vendas, acionar a equipe de suporte ou simplesmente dar um oi, estamos prontos para conversar.<\/p>\n<figure itemscope itemtype=\"https:\/\/schema.org\/ImageObject\">\n\t\t\t\t<img decoding=\"async\" src=\"https:\/\/www.benchmarkemail.com\/images\/nxg\/nxg-contact-us\/benchmark-logo.svg\" alt=\"benchmark-logo.svg\" title=\"benchmark-logo.svg\" onerror=\"this.style.display='none'\" loading=\"lazy\" \/>\n\t<\/figure>\n\t\t\t<a href=\"\/br\/contact-classic-support\/\"  target=\"_self\">\n\t\t\t\t\t\t\tSuporte do Benchmark Classic\n\t\t\t\t\t<\/a>\n<figure itemscope itemtype=\"https:\/\/schema.org\/ImageObject\">\n\t\t\t\t<img decoding=\"async\" src=\"https:\/\/www.benchmarkemail.com\/images\/nxg\/nxg-contact-us\/Benchmark-Logo-Full-Color-RGB.svg\" alt=\"Benchmark-Logo-Full-Color-RGB.svg\" title=\"Benchmark-Logo-Full-Color-RGB.svg\" onerror=\"this.style.display='none'\" loading=\"lazy\" \/>\n\t<\/figure>\n\t<a href=\"javascript:void(0)\" onclick=\"LC_API.open_chat_window();return false\">Obter suporte<\/a>\n<figure itemscope itemtype=\"https:\/\/schema.org\/ImageObject\">\n\t\t\t\t<img decoding=\"async\" src=\"https:\/\/www.benchmarkemail.com\/images\/nxg\/nxg-contact-us\/Benchmark-Logo-Full-Color-RGB.svg\" alt=\"Benchmark-Logo-Full-Color-RGB.svg\" title=\"Benchmark-Logo-Full-Color-RGB.svg\" onerror=\"this.style.display='none'\" loading=\"lazy\" \/>\n\t<\/figure>\n\t\t\t<a href=\"\/br\/talk-to-sales\/\"  target=\"_self\">\n\t\t\t\t\t\t\tFale com Vendas\n\t\t\t\t\t<\/a>\n<h2>\n\t\t\tFale com Vendas\t<\/h2>\n\t<p>Solicite um or\u00e7amento personalizado ou pe\u00e7a uma demonstra\u00e7\u00e3o para ver se a Benchmark Email \u00e9 a escolha certa para voc\u00ea.<\/p>\n\t\t\t<a href=\"\/br\/talk-to-sales\/\"  target=\"_self\">\n\t\t\t\t\t\t\tFale com Vendas\n\t\t\t\t\t<\/a>\n<h2>\n\t\t\tFale com o Suporte\t<\/h2>\n\t<p>Encontrou algum obst\u00e1culo? A gente resolve. Nossa equipe de suporte est\u00e1 pronta para entrar em a\u00e7\u00e3o e ajudar voc\u00ea.<\/p>\n<figure itemscope itemtype=\"https:\/\/schema.org\/ImageObject\">\n\t\t\t\t<img decoding=\"async\" src=\"https:\/\/www.benchmarkemail.com\/wp-content\/uploads\/2025\/07\/Benchmark-Logo-Full-Color-RGB-1.png\" alt=\"Benchmark Logo-Full Color-RGB 1\" height=\"57\" width=\"300\" title=\"Benchmark Logo-Full Color-RGB 1\" onerror=\"this.style.display='none'\" loading=\"lazy\" \/>\n\t<\/figure>\n<h2>\n\t\t\tObtenha suporte da Benchmark Email aqui.\t<\/h2>\n\t<p>A ajuda est\u00e1 a caminho.<\/p>\n\t<a href=\"javascript:void(0)\" onclick=\"LC_API.open_chat_window();return false\">Obter suporte<\/a>\n<figure itemscope itemtype=\"https:\/\/schema.org\/ImageObject\">\n\t\t\t\t<img decoding=\"async\" src=\"https:\/\/www.benchmarkemail.com\/wp-content\/uploads\/2025\/07\/Frame.png\" alt=\"Frame\" height=\"81\" width=\"311\" title=\"Frame\" onerror=\"this.style.display='none'\" loading=\"lazy\" \/>\n\t<\/figure>\n<h2>\n\t\t\tEst\u00e1 usando nossa plataforma antiga?\t<\/h2>\n\t<p>Estaremos sempre aqui por voc\u00ea!<\/p>\n\t<a href=\"javascript:void(0)\" onclick=\"LC_API.open_chat_window();return false\">Obter suporte<\/a>\n<figure itemscope itemtype=\"https:\/\/schema.org\/ImageObject\">\n\t\t\t\t<img decoding=\"async\" src=\"https:\/\/www.benchmarkemail.com\/images\/nxg\/nxg-contact-us\/Benchmark-Email-is-a-registered-trademark-of-NXG.webp\" alt=\"Benchmark-Email-is-a-registered-trademark-of-NXG.webp\" title=\"Benchmark-Email-is-a-registered-trademark-of-NXG.webp\" onerror=\"this.style.display='none'\" loading=\"lazy\" \/>\n\t<\/figure>\n<h2>\n\t\t\tBenchmark Email \u00e9 uma marca registrada de:\t<\/h2>\n\tPolaris Software, LLC<br \/>\n3636 S. Geyer Road, Suite 100<br \/>\nSaint Louis, MO 63127, USA<br \/>\nPrecisa de mais alguma coisa?<br \/>\ninfo@benchmarkemail.io\n\n","protected":false},"excerpt":{"rendered":"<p>Vamos te levar para o lugar certo Precisa de uma ajuda? Seja para falar com o time de vendas, acionar a equipe de suporte ou simplesmente dar um oi, estamos prontos para conversar. Suporte do Benchmark Classic Obter suporte Fale com Vendas Fale com Vendas Solicite um or\u00e7amento personalizado ou pe\u00e7a uma demonstra\u00e7\u00e3o para ver&hellip;<\/p>\n","protected":false},"author":7,"featured_media":0,"parent":0,"menu_order":0,"comment_status":"closed","ping_status":"closed","template":"page-nxg.php","meta":{"inline_featured_image":false,"footnotes":""},"class_list":["post-49423","page","type-page","status-publish","hentry"],"yoast_head":"<!-- This site is optimized with the Yoast SEO plugin v27.5 - https:\/\/yoast.com\/product\/yoast-seo-wordpress\/ -->\n<title>Fale Conosco - Benchmark Email<\/title>\n<meta name=\"robots\" content=\"index, follow, max-snippet:-1, max-image-preview:large, max-video-preview:-1\" \/>\n<link rel=\"canonical\" href=\"https:\/\/www.benchmarkemail.com\/br\/contact\/\" \/>\n<meta property=\"og:locale\" content=\"en_US\" \/>\n<meta property=\"og:type\" content=\"article\" \/>\n<meta property=\"og:title\" content=\"Fale Conosco - Benchmark Email\" \/>\n<meta property=\"og:description\" content=\"Vamos te levar para o lugar certo Precisa de uma ajuda? Seja para falar com o time de vendas, acionar a equipe de suporte ou simplesmente dar um oi, estamos prontos para conversar. Suporte do Benchmark Classic Obter suporte Fale com Vendas Fale com Vendas Solicite um or\u00e7amento personalizado ou pe\u00e7a uma demonstra\u00e7\u00e3o para ver&hellip;\" \/>\n<meta property=\"og:url\" content=\"https:\/\/www.benchmarkemail.com\/br\/contact\/\" \/>\n<meta property=\"og:site_name\" content=\"Benchmark Email em Portugu\u00eas\" \/>\n<meta property=\"article:publisher\" content=\"https:\/\/www.facebook.com\/BenchmarkBR\" \/>\n<meta property=\"article:modified_time\" content=\"2026-04-08T11:57:22+00:00\" \/>\n<meta property=\"og:image\" content=\"https:\/\/www.benchmarkemail.com\/images\/nxg\/nxg-contact-us\/benchmark-logo.svg\" \/>\n<meta name=\"twitter:card\" content=\"summary_large_image\" \/>\n<meta name=\"twitter:label1\" content=\"Est. reading time\" \/>\n\t<meta name=\"twitter:data1\" content=\"2 minutes\" \/>\n<script type=\"application\/ld+json\" class=\"yoast-schema-graph\">{\"@context\":\"https:\\\/\\\/schema.org\",\"@graph\":[{\"@type\":\"WebPage\",\"@id\":\"https:\\\/\\\/www.benchmarkemail.com\\\/br\\\/contact\\\/\",\"url\":\"https:\\\/\\\/www.benchmarkemail.com\\\/br\\\/contact\\\/\",\"name\":\"Fale Conosco - Benchmark Email\",\"isPartOf\":{\"@id\":\"https:\\\/\\\/www.benchmarkemail.com\\\/br\\\/#website\"},\"primaryImageOfPage\":{\"@id\":\"https:\\\/\\\/www.benchmarkemail.com\\\/br\\\/contact\\\/#primaryimage\"},\"image\":{\"@id\":\"https:\\\/\\\/www.benchmarkemail.com\\\/br\\\/contact\\\/#primaryimage\"},\"thumbnailUrl\":\"https:\\\/\\\/www.benchmarkemail.com\\\/images\\\/nxg\\\/nxg-contact-us\\\/benchmark-logo.svg\",\"datePublished\":\"2026-02-11T16:57:33+00:00\",\"dateModified\":\"2026-04-08T11:57:22+00:00\",\"breadcrumb\":{\"@id\":\"https:\\\/\\\/www.benchmarkemail.com\\\/br\\\/contact\\\/#breadcrumb\"},\"inLanguage\":\"en-US\",\"potentialAction\":[{\"@type\":\"ReadAction\",\"target\":[\"https:\\\/\\\/www.benchmarkemail.com\\\/br\\\/contact\\\/\"]}]},{\"@type\":\"ImageObject\",\"inLanguage\":\"en-US\",\"@id\":\"https:\\\/\\\/www.benchmarkemail.com\\\/br\\\/contact\\\/#primaryimage\",\"url\":\"https:\\\/\\\/www.benchmarkemail.com\\\/images\\\/nxg\\\/nxg-contact-us\\\/benchmark-logo.svg\",\"contentUrl\":\"https:\\\/\\\/www.benchmarkemail.com\\\/images\\\/nxg\\\/nxg-contact-us\\\/benchmark-logo.svg\"},{\"@type\":\"BreadcrumbList\",\"@id\":\"https:\\\/\\\/www.benchmarkemail.com\\\/br\\\/contact\\\/#breadcrumb\",\"itemListElement\":[{\"@type\":\"ListItem\",\"position\":1,\"name\":\"Home\",\"item\":\"https:\\\/\\\/www.benchmarkemail.com\\\/br\\\/\"},{\"@type\":\"ListItem\",\"position\":2,\"name\":\"NXG Contact\"}]},{\"@type\":\"WebSite\",\"@id\":\"https:\\\/\\\/www.benchmarkemail.com\\\/br\\\/#website\",\"url\":\"https:\\\/\\\/www.benchmarkemail.com\\\/br\\\/\",\"name\":\"Benchmark Email em Portugu\u00eas\",\"description\":\"\",\"publisher\":{\"@id\":\"https:\\\/\\\/www.benchmarkemail.com\\\/br\\\/#organization\"},\"potentialAction\":[{\"@type\":\"SearchAction\",\"target\":{\"@type\":\"EntryPoint\",\"urlTemplate\":\"https:\\\/\\\/www.benchmarkemail.com\\\/br\\\/?s={search_term_string}\"},\"query-input\":{\"@type\":\"PropertyValueSpecification\",\"valueRequired\":true,\"valueName\":\"search_term_string\"}}],\"inLanguage\":\"en-US\"},{\"@type\":\"Organization\",\"@id\":\"https:\\\/\\\/www.benchmarkemail.com\\\/br\\\/#organization\",\"name\":\"Benchmark Internet Group, LLC\",\"url\":\"https:\\\/\\\/www.benchmarkemail.com\\\/br\\\/\",\"logo\":{\"@type\":\"ImageObject\",\"inLanguage\":\"en-US\",\"@id\":\"https:\\\/\\\/www.benchmarkemail.com\\\/br\\\/#\\\/schema\\\/logo\\\/image\\\/\",\"url\":\"https:\\\/\\\/www.benchmarkemail.com\\\/br\\\/wp-content\\\/uploads\\\/sites\\\/6\\\/2019\\\/09\\\/benchmark-logo.svg\",\"contentUrl\":\"https:\\\/\\\/www.benchmarkemail.com\\\/br\\\/wp-content\\\/uploads\\\/sites\\\/6\\\/2019\\\/09\\\/benchmark-logo.svg\",\"width\":1,\"height\":1,\"caption\":\"Benchmark Internet Group, LLC\"},\"image\":{\"@id\":\"https:\\\/\\\/www.benchmarkemail.com\\\/br\\\/#\\\/schema\\\/logo\\\/image\\\/\"},\"sameAs\":[\"https:\\\/\\\/www.facebook.com\\\/BenchmarkBR\"]}]}<\/script>\n<!-- \/ Yoast SEO plugin. -->","yoast_head_json":{"title":"Fale Conosco - Benchmark Email","robots":{"index":"index","follow":"follow","max-snippet":"max-snippet:-1","max-image-preview":"max-image-preview:large","max-video-preview":"max-video-preview:-1"},"canonical":"https:\/\/www.benchmarkemail.com\/br\/contact\/","og_locale":"en_US","og_type":"article","og_title":"Fale Conosco - Benchmark Email","og_description":"Vamos te levar para o lugar certo Precisa de uma ajuda? Seja para falar com o time de vendas, acionar a equipe de suporte ou simplesmente dar um oi, estamos prontos para conversar. Suporte do Benchmark Classic Obter suporte Fale com Vendas Fale com Vendas Solicite um or\u00e7amento personalizado ou pe\u00e7a uma demonstra\u00e7\u00e3o para ver&hellip;","og_url":"https:\/\/www.benchmarkemail.com\/br\/contact\/","og_site_name":"Benchmark Email em Portugu\u00eas","article_publisher":"https:\/\/www.facebook.com\/BenchmarkBR","article_modified_time":"2026-04-08T11:57:22+00:00","og_image":[{"url":"https:\/\/www.benchmarkemail.com\/images\/nxg\/nxg-contact-us\/benchmark-logo.svg","type":"","width":"","height":""}],"twitter_card":"summary_large_image","twitter_misc":{"Est. reading time":"2 minutes"},"schema":{"@context":"https:\/\/schema.org","@graph":[{"@type":"WebPage","@id":"https:\/\/www.benchmarkemail.com\/br\/contact\/","url":"https:\/\/www.benchmarkemail.com\/br\/contact\/","name":"Fale Conosco - Benchmark Email","isPartOf":{"@id":"https:\/\/www.benchmarkemail.com\/br\/#website"},"primaryImageOfPage":{"@id":"https:\/\/www.benchmarkemail.com\/br\/contact\/#primaryimage"},"image":{"@id":"https:\/\/www.benchmarkemail.com\/br\/contact\/#primaryimage"},"thumbnailUrl":"https:\/\/www.benchmarkemail.com\/images\/nxg\/nxg-contact-us\/benchmark-logo.svg","datePublished":"2026-02-11T16:57:33+00:00","dateModified":"2026-04-08T11:57:22+00:00","breadcrumb":{"@id":"https:\/\/www.benchmarkemail.com\/br\/contact\/#breadcrumb"},"inLanguage":"en-US","potentialAction":[{"@type":"ReadAction","target":["https:\/\/www.benchmarkemail.com\/br\/contact\/"]}]},{"@type":"ImageObject","inLanguage":"en-US","@id":"https:\/\/www.benchmarkemail.com\/br\/contact\/#primaryimage","url":"https:\/\/www.benchmarkemail.com\/images\/nxg\/nxg-contact-us\/benchmark-logo.svg","contentUrl":"https:\/\/www.benchmarkemail.com\/images\/nxg\/nxg-contact-us\/benchmark-logo.svg"},{"@type":"BreadcrumbList","@id":"https:\/\/www.benchmarkemail.com\/br\/contact\/#breadcrumb","itemListElement":[{"@type":"ListItem","position":1,"name":"Home","item":"https:\/\/www.benchmarkemail.com\/br\/"},{"@type":"ListItem","position":2,"name":"NXG Contact"}]},{"@type":"WebSite","@id":"https:\/\/www.benchmarkemail.com\/br\/#website","url":"https:\/\/www.benchmarkemail.com\/br\/","name":"Benchmark Email em Portugu\u00eas","description":"","publisher":{"@id":"https:\/\/www.benchmarkemail.com\/br\/#organization"},"potentialAction":[{"@type":"SearchAction","target":{"@type":"EntryPoint","urlTemplate":"https:\/\/www.benchmarkemail.com\/br\/?s={search_term_string}"},"query-input":{"@type":"PropertyValueSpecification","valueRequired":true,"valueName":"search_term_string"}}],"inLanguage":"en-US"},{"@type":"Organization","@id":"https:\/\/www.benchmarkemail.com\/br\/#organization","name":"Benchmark Internet Group, LLC","url":"https:\/\/www.benchmarkemail.com\/br\/","logo":{"@type":"ImageObject","inLanguage":"en-US","@id":"https:\/\/www.benchmarkemail.com\/br\/#\/schema\/logo\/image\/","url":"https:\/\/www.benchmarkemail.com\/br\/wp-content\/uploads\/sites\/6\/2019\/09\/benchmark-logo.svg","contentUrl":"https:\/\/www.benchmarkemail.com\/br\/wp-content\/uploads\/sites\/6\/2019\/09\/benchmark-logo.svg","width":1,"height":1,"caption":"Benchmark Internet Group, LLC"},"image":{"@id":"https:\/\/www.benchmarkemail.com\/br\/#\/schema\/logo\/image\/"},"sameAs":["https:\/\/www.facebook.com\/BenchmarkBR"]}]}},"_links":{"self":[{"href":"https:\/\/www.benchmarkemail.com\/br\/wp-json\/wp\/v2\/pages\/49423","targetHints":{"allow":["GET"]}}],"collection":[{"href":"https:\/\/www.benchmarkemail.com\/br\/wp-json\/wp\/v2\/pages"}],"about":[{"href":"https:\/\/www.benchmarkemail.com\/br\/wp-json\/wp\/v2\/types\/page"}],"author":[{"embeddable":true,"href":"https:\/\/www.benchmarkemail.com\/br\/wp-json\/wp\/v2\/users\/7"}],"replies":[{"embeddable":true,"href":"https:\/\/www.benchmarkemail.com\/br\/wp-json\/wp\/v2\/comments?post=49423"}],"version-history":[{"count":0,"href":"https:\/\/www.benchmarkemail.com\/br\/wp-json\/wp\/v2\/pages\/49423\/revisions"}],"wp:attachment":[{"href":"https:\/\/www.benchmarkemail.com\/br\/wp-json\/wp\/v2\/media?parent=49423"}],"curies":[{"name":"wp","href":"https:\/\/api.w.org\/{rel}","templated":true}]}}