{"id":49542,"date":"2026-02-16T15:09:22","date_gmt":"2026-02-16T15:09:22","guid":{"rendered":"https:\/\/www.benchmarkemail.com\/br\/?page_id=49542"},"modified":"2026-04-08T12:02:04","modified_gmt":"2026-04-08T12:02:04","slug":"mobile-checklist","status":"publish","type":"page","link":"https:\/\/www.benchmarkemail.com\/br\/12-days-of-benchmark\/mobile-checklist\/","title":{"rendered":"Mobile-Friendly Holiday Email Checklist"},"content":{"rendered":"\n<h1>\n\t\t\tChecklist de Emails de Feriado Mobile-Friendly\t<\/h1>\n\t<p>Mais da metade do seu p\u00fablico confere emails pelo celular. Isso significa que, se seu design n\u00e3o for mobile-friendly, voc\u00ea pode estar perdendo cliques (e vendas) durante a \u00e9poca mais movimentada do ano.<\/p>\n\t<p>O presente de hoje:<\/p>\n\t<p>Um checklist simples, pronto para os feriados, para garantir que suas campanhas fiquem t\u00e3o boas no celular quanto no desktop.<\/p>\n<h3>\n\t\t\tO Checklist\t<\/h3>\n\t<section id=\"metrics\">\n    <!--box-->\n              Mantenha os assuntos curtos\n    Busque 35 caracteres ou menos para que n\u00e3o sejam cortados.\n<!--box end-->\n<!-- 2 -->\n        Use bot\u00f5es grandes e f\u00e1ceis de tocar\n        \u00a0Fa\u00e7a os CTAs com pelo menos 44px de altura-f\u00e1ceis de tocar, mesmo com luvas.\n    <!-- 3 -->\n        Layouts de coluna \u00fanica funcionam melhor\n        Designs mais simples carregam mais r\u00e1pido e rolam com facilidade no celular.\n      <!-- 4 -->\n        Equilibre texto e imagens\n        Evite gr\u00e1ficos enormes que encolhem a ponto de ficarem ileg\u00edveis.\n      <!-- 5 -->\n        Use fontes leg\u00edveis\n       M\u00ednimo de 14px para texto do corpo e 20px ou mais para t\u00edtulos.\n      <!-- 6 -->\n       Teste em m\u00faltiplos dispositivos\n      O que fica \u00f3timo no iPhone pode n\u00e3o funcionar no Android.\n      <!-- 7 -->\n        Fique de olho no tamanho dos arquivos\n     Comprima as imagens para que os emails carreguem r\u00e1pido, mesmo no Wi-Fi de feriado.\n<\/section>\n\t<p>Antes de apertar &#8220;enviar&#8221; na sua pr\u00f3xima campanha, passe por este checklist-leva apenas um minuto, mas faz uma grande diferen\u00e7a.<\/p>\n\n","protected":false},"excerpt":{"rendered":"<p>Checklist de Emails de Feriado Mobile-Friendly Mais da metade do seu p\u00fablico confere emails pelo celular. Isso significa que, se seu design n\u00e3o for mobile-friendly, voc\u00ea pode estar perdendo cliques (e vendas) durante a \u00e9poca mais movimentada do ano. O presente de hoje: Um checklist simples, pronto para os feriados, para garantir que suas campanhas&hellip;<\/p>\n","protected":false},"author":7,"featured_media":0,"parent":49515,"menu_order":0,"comment_status":"closed","ping_status":"closed","template":"page-nxg.php","meta":{"inline_featured_image":false,"footnotes":""},"class_list":["post-49542","page","type-page","status-publish","hentry"],"yoast_head":"<!-- This site is optimized with the Yoast SEO plugin v27.4 - https:\/\/yoast.com\/product\/yoast-seo-wordpress\/ -->\n<title>Mobile-Friendly Holiday Email Checklist - Benchmark Email<\/title>\n<meta name=\"robots\" content=\"index, follow, max-snippet:-1, max-image-preview:large, max-video-preview:-1\" \/>\n<link rel=\"canonical\" href=\"https:\/\/www.benchmarkemail.com\/br\/12-days-of-benchmark\/mobile-checklist\/\" \/>\n<meta property=\"og:locale\" content=\"en_US\" \/>\n<meta property=\"og:type\" content=\"article\" \/>\n<meta property=\"og:title\" content=\"Mobile-Friendly Holiday Email Checklist - Benchmark Email\" \/>\n<meta property=\"og:description\" content=\"Checklist de Emails de Feriado Mobile-Friendly Mais da metade do seu p\u00fablico confere emails pelo celular. Isso significa que, se seu design n\u00e3o for mobile-friendly, voc\u00ea pode estar perdendo cliques (e vendas) durante a \u00e9poca mais movimentada do ano. O presente de hoje: Um checklist simples, pronto para os feriados, para garantir que suas campanhas&hellip;\" \/>\n<meta property=\"og:url\" content=\"https:\/\/www.benchmarkemail.com\/br\/12-days-of-benchmark\/mobile-checklist\/\" \/>\n<meta property=\"og:site_name\" content=\"Benchmark Email em Portugu\u00eas\" \/>\n<meta property=\"article:publisher\" content=\"https:\/\/www.facebook.com\/BenchmarkBR\" \/>\n<meta property=\"article:modified_time\" content=\"2026-04-08T12:02:04+00:00\" \/>\n<meta name=\"twitter:card\" content=\"summary_large_image\" \/>\n<meta name=\"twitter:label1\" content=\"Est. reading time\" \/>\n\t<meta name=\"twitter:data1\" content=\"1 minute\" \/>\n<script type=\"application\/ld+json\" class=\"yoast-schema-graph\">{\"@context\":\"https:\\\/\\\/schema.org\",\"@graph\":[{\"@type\":\"WebPage\",\"@id\":\"https:\\\/\\\/www.benchmarkemail.com\\\/br\\\/12-days-of-benchmark\\\/mobile-checklist\\\/\",\"url\":\"https:\\\/\\\/www.benchmarkemail.com\\\/br\\\/12-days-of-benchmark\\\/mobile-checklist\\\/\",\"name\":\"Mobile-Friendly Holiday Email Checklist - Benchmark Email\",\"isPartOf\":{\"@id\":\"https:\\\/\\\/www.benchmarkemail.com\\\/br\\\/#website\"},\"datePublished\":\"2026-02-16T15:09:22+00:00\",\"dateModified\":\"2026-04-08T12:02:04+00:00\",\"breadcrumb\":{\"@id\":\"https:\\\/\\\/www.benchmarkemail.com\\\/br\\\/12-days-of-benchmark\\\/mobile-checklist\\\/#breadcrumb\"},\"inLanguage\":\"en-US\",\"potentialAction\":[{\"@type\":\"ReadAction\",\"target\":[\"https:\\\/\\\/www.benchmarkemail.com\\\/br\\\/12-days-of-benchmark\\\/mobile-checklist\\\/\"]}]},{\"@type\":\"BreadcrumbList\",\"@id\":\"https:\\\/\\\/www.benchmarkemail.com\\\/br\\\/12-days-of-benchmark\\\/mobile-checklist\\\/#breadcrumb\",\"itemListElement\":[{\"@type\":\"ListItem\",\"position\":1,\"name\":\"Home\",\"item\":\"https:\\\/\\\/www.benchmarkemail.com\\\/br\\\/\"},{\"@type\":\"ListItem\",\"position\":2,\"name\":\"12 Days of Email Marketing Gifts\",\"item\":\"https:\\\/\\\/www.benchmarkemail.com\\\/br\\\/12-days-of-benchmark\\\/\"},{\"@type\":\"ListItem\",\"position\":3,\"name\":\"Mobile-Friendly Holiday Email Checklist\"}]},{\"@type\":\"WebSite\",\"@id\":\"https:\\\/\\\/www.benchmarkemail.com\\\/br\\\/#website\",\"url\":\"https:\\\/\\\/www.benchmarkemail.com\\\/br\\\/\",\"name\":\"Benchmark Email em Portugu\u00eas\",\"description\":\"\",\"publisher\":{\"@id\":\"https:\\\/\\\/www.benchmarkemail.com\\\/br\\\/#organization\"},\"potentialAction\":[{\"@type\":\"SearchAction\",\"target\":{\"@type\":\"EntryPoint\",\"urlTemplate\":\"https:\\\/\\\/www.benchmarkemail.com\\\/br\\\/?s={search_term_string}\"},\"query-input\":{\"@type\":\"PropertyValueSpecification\",\"valueRequired\":true,\"valueName\":\"search_term_string\"}}],\"inLanguage\":\"en-US\"},{\"@type\":\"Organization\",\"@id\":\"https:\\\/\\\/www.benchmarkemail.com\\\/br\\\/#organization\",\"name\":\"Benchmark Internet Group, LLC\",\"url\":\"https:\\\/\\\/www.benchmarkemail.com\\\/br\\\/\",\"logo\":{\"@type\":\"ImageObject\",\"inLanguage\":\"en-US\",\"@id\":\"https:\\\/\\\/www.benchmarkemail.com\\\/br\\\/#\\\/schema\\\/logo\\\/image\\\/\",\"url\":\"https:\\\/\\\/www.benchmarkemail.com\\\/br\\\/wp-content\\\/uploads\\\/sites\\\/6\\\/2019\\\/09\\\/benchmark-logo.svg\",\"contentUrl\":\"https:\\\/\\\/www.benchmarkemail.com\\\/br\\\/wp-content\\\/uploads\\\/sites\\\/6\\\/2019\\\/09\\\/benchmark-logo.svg\",\"width\":1,\"height\":1,\"caption\":\"Benchmark Internet Group, LLC\"},\"image\":{\"@id\":\"https:\\\/\\\/www.benchmarkemail.com\\\/br\\\/#\\\/schema\\\/logo\\\/image\\\/\"},\"sameAs\":[\"https:\\\/\\\/www.facebook.com\\\/BenchmarkBR\"]}]}<\/script>\n<!-- \/ Yoast SEO plugin. -->","yoast_head_json":{"title":"Mobile-Friendly Holiday Email Checklist - Benchmark Email","robots":{"index":"index","follow":"follow","max-snippet":"max-snippet:-1","max-image-preview":"max-image-preview:large","max-video-preview":"max-video-preview:-1"},"canonical":"https:\/\/www.benchmarkemail.com\/br\/12-days-of-benchmark\/mobile-checklist\/","og_locale":"en_US","og_type":"article","og_title":"Mobile-Friendly Holiday Email Checklist - Benchmark Email","og_description":"Checklist de Emails de Feriado Mobile-Friendly Mais da metade do seu p\u00fablico confere emails pelo celular. Isso significa que, se seu design n\u00e3o for mobile-friendly, voc\u00ea pode estar perdendo cliques (e vendas) durante a \u00e9poca mais movimentada do ano. O presente de hoje: Um checklist simples, pronto para os feriados, para garantir que suas campanhas&hellip;","og_url":"https:\/\/www.benchmarkemail.com\/br\/12-days-of-benchmark\/mobile-checklist\/","og_site_name":"Benchmark Email em Portugu\u00eas","article_publisher":"https:\/\/www.facebook.com\/BenchmarkBR","article_modified_time":"2026-04-08T12:02:04+00:00","twitter_card":"summary_large_image","twitter_misc":{"Est. reading time":"1 minute"},"schema":{"@context":"https:\/\/schema.org","@graph":[{"@type":"WebPage","@id":"https:\/\/www.benchmarkemail.com\/br\/12-days-of-benchmark\/mobile-checklist\/","url":"https:\/\/www.benchmarkemail.com\/br\/12-days-of-benchmark\/mobile-checklist\/","name":"Mobile-Friendly Holiday Email Checklist - Benchmark Email","isPartOf":{"@id":"https:\/\/www.benchmarkemail.com\/br\/#website"},"datePublished":"2026-02-16T15:09:22+00:00","dateModified":"2026-04-08T12:02:04+00:00","breadcrumb":{"@id":"https:\/\/www.benchmarkemail.com\/br\/12-days-of-benchmark\/mobile-checklist\/#breadcrumb"},"inLanguage":"en-US","potentialAction":[{"@type":"ReadAction","target":["https:\/\/www.benchmarkemail.com\/br\/12-days-of-benchmark\/mobile-checklist\/"]}]},{"@type":"BreadcrumbList","@id":"https:\/\/www.benchmarkemail.com\/br\/12-days-of-benchmark\/mobile-checklist\/#breadcrumb","itemListElement":[{"@type":"ListItem","position":1,"name":"Home","item":"https:\/\/www.benchmarkemail.com\/br\/"},{"@type":"ListItem","position":2,"name":"12 Days of Email Marketing Gifts","item":"https:\/\/www.benchmarkemail.com\/br\/12-days-of-benchmark\/"},{"@type":"ListItem","position":3,"name":"Mobile-Friendly Holiday Email Checklist"}]},{"@type":"WebSite","@id":"https:\/\/www.benchmarkemail.com\/br\/#website","url":"https:\/\/www.benchmarkemail.com\/br\/","name":"Benchmark Email em Portugu\u00eas","description":"","publisher":{"@id":"https:\/\/www.benchmarkemail.com\/br\/#organization"},"potentialAction":[{"@type":"SearchAction","target":{"@type":"EntryPoint","urlTemplate":"https:\/\/www.benchmarkemail.com\/br\/?s={search_term_string}"},"query-input":{"@type":"PropertyValueSpecification","valueRequired":true,"valueName":"search_term_string"}}],"inLanguage":"en-US"},{"@type":"Organization","@id":"https:\/\/www.benchmarkemail.com\/br\/#organization","name":"Benchmark Internet Group, LLC","url":"https:\/\/www.benchmarkemail.com\/br\/","logo":{"@type":"ImageObject","inLanguage":"en-US","@id":"https:\/\/www.benchmarkemail.com\/br\/#\/schema\/logo\/image\/","url":"https:\/\/www.benchmarkemail.com\/br\/wp-content\/uploads\/sites\/6\/2019\/09\/benchmark-logo.svg","contentUrl":"https:\/\/www.benchmarkemail.com\/br\/wp-content\/uploads\/sites\/6\/2019\/09\/benchmark-logo.svg","width":1,"height":1,"caption":"Benchmark Internet Group, LLC"},"image":{"@id":"https:\/\/www.benchmarkemail.com\/br\/#\/schema\/logo\/image\/"},"sameAs":["https:\/\/www.facebook.com\/BenchmarkBR"]}]}},"_links":{"self":[{"href":"https:\/\/www.benchmarkemail.com\/br\/wp-json\/wp\/v2\/pages\/49542","targetHints":{"allow":["GET"]}}],"collection":[{"href":"https:\/\/www.benchmarkemail.com\/br\/wp-json\/wp\/v2\/pages"}],"about":[{"href":"https:\/\/www.benchmarkemail.com\/br\/wp-json\/wp\/v2\/types\/page"}],"author":[{"embeddable":true,"href":"https:\/\/www.benchmarkemail.com\/br\/wp-json\/wp\/v2\/users\/7"}],"replies":[{"embeddable":true,"href":"https:\/\/www.benchmarkemail.com\/br\/wp-json\/wp\/v2\/comments?post=49542"}],"version-history":[{"count":0,"href":"https:\/\/www.benchmarkemail.com\/br\/wp-json\/wp\/v2\/pages\/49542\/revisions"}],"up":[{"embeddable":true,"href":"https:\/\/www.benchmarkemail.com\/br\/wp-json\/wp\/v2\/pages\/49515"}],"wp:attachment":[{"href":"https:\/\/www.benchmarkemail.com\/br\/wp-json\/wp\/v2\/media?parent=49542"}],"curies":[{"name":"wp","href":"https:\/\/api.w.org\/{rel}","templated":true}]}}