{"id":49570,"date":"2026-02-16T16:16:28","date_gmt":"2026-02-16T16:16:28","guid":{"rendered":"https:\/\/www.benchmarkemail.com\/br\/?page_id=49570"},"modified":"2026-04-08T12:50:24","modified_gmt":"2026-04-08T12:50:24","slug":"holiday-wrap-up","status":"publish","type":"page","link":"https:\/\/www.benchmarkemail.com\/br\/12-days-of-benchmark\/holiday-wrap-up\/","title":{"rendered":"Benchmark\u2019s holiday wrap-up: top tips + sign up free"},"content":{"rendered":"\n<h1>\n\t\t\tResumo de F\u00e9rias: Seu Kit de Sobreviv\u00eancia Benchmark dos 12 Dias\t<\/h1>\n\t<p>Voc\u00ea conseguiu! Nos \u00faltimos 12 dias, voc\u00ea desembrulhou linhas de assunto, modelos, dicas e truques para manter seus e-mails de f\u00e9rias alegres e f\u00e1ceis de gerenciar.<\/p>\n\t<p>O presente final de hoje re\u00fane tudo: nossos principais aprendizados dos 12 Dias de Benchmark, al\u00e9m de um \u00faltimo b\u00f4nus para ajud\u00e1-lo a enviar e-mails de forma mais inteligente em 2026.<\/p>\n\t<section id=\"metrics\">\n<!-- box -->\n        \ud83d\udce6 Destaques do Resumo\n        <ul>\n            <li><strong>Assuntos que Brilham<\/strong> \u2192 Mantenha-os curtos, festivos e objetivos.<\/li>\n            <li><strong>Design que Chama Aten\u00e7\u00e3o<\/strong> \u2192 Use paletas frescas, templates e layouts otimizados para mobile.<\/li>\n            <li><strong>Envio Mais Inteligente<\/strong> \u2192 Segmente com sabedoria, escolha o momento certo e observe o engajamento crescer.<\/li>\n            <li><strong>Vit\u00f3rias na Entregabilidade<\/strong> \u2192 Autentique, equilibre o conte\u00fado e monitore o engajamento.<\/li>\n            <li><strong>Ano Novo, Novo Come\u00e7o<\/strong> \u2192 Aproveite seu template exclusivo de campanha de 2026 para se manter \u00e0 frente.<\/li>\n        <\/ul>\n<!-- box end -->\n<!-- box 2 -->\n        \ud83c\udf81 Recurso B\u00f4nus\n        Acesse seu Kit de Sobreviv\u00eancia de E-mails de F\u00e9rias &#8211; um guia \u00fanico e bookmark\u00e1vel com todos os 12 presentes em um s\u00f3 lugar. Perfeito para refer\u00eancia r\u00e1pida agora e planejamento futuro.\n        <a href=\"\/12-days-of-benchmark-resources\/\">Acesse o Kit de Sobreviv\u00eancia<\/a>\n<\/section>\n<figure itemscope itemtype=\"https:\/\/schema.org\/ImageObject\">\n\t\t\t\t<img decoding=\"async\" src=\"https:\/\/www.benchmarkemail.com\/wp-content\/uploads\/2025\/11\/Group.svg\" alt=\"Group.svg\" title=\"Group.svg\" onerror=\"this.style.display='none'\" loading=\"lazy\" \/>\n\t<\/figure>\n\tObrigado por celebrar os 12 Dias de Benchmark conosco!<br \/>\nPronto para continuar enviando de forma mais inteligente, e n\u00e3o mais dif\u00edcil, em 2026? Comece gratuitamente com o Benchmark hoje mesmo.\n\t\t\t<a href=\"https:\/\/app.benchmarkemail.io\/register?language=br\"  target=\"_self\">\n\t\t\t\t\t\t\tInscreva-se Gratuitamente\n\t\t\t\t\t<\/a>\n\n","protected":false},"excerpt":{"rendered":"<p>Resumo de F\u00e9rias: Seu Kit de Sobreviv\u00eancia Benchmark dos 12 Dias Voc\u00ea conseguiu! Nos \u00faltimos 12 dias, voc\u00ea desembrulhou linhas de assunto, modelos, dicas e truques para manter seus e-mails de f\u00e9rias alegres e f\u00e1ceis de gerenciar. O presente final de hoje re\u00fane tudo: nossos principais aprendizados dos 12 Dias de Benchmark, al\u00e9m de um&hellip;<\/p>\n","protected":false},"author":7,"featured_media":0,"parent":49515,"menu_order":0,"comment_status":"closed","ping_status":"closed","template":"page-nxg.php","meta":{"inline_featured_image":false,"footnotes":""},"class_list":["post-49570","page","type-page","status-publish","hentry"],"yoast_head":"<!-- This site is optimized with the Yoast SEO plugin v27.4 - https:\/\/yoast.com\/product\/yoast-seo-wordpress\/ -->\n<title>Benchmark\u2019s holiday wrap-up: top tips + sign up free - Benchmark Email<\/title>\n<meta name=\"robots\" content=\"index, follow, max-snippet:-1, max-image-preview:large, max-video-preview:-1\" \/>\n<link rel=\"canonical\" href=\"https:\/\/www.benchmarkemail.com\/br\/12-days-of-benchmark\/holiday-wrap-up\/\" \/>\n<meta property=\"og:locale\" content=\"en_US\" \/>\n<meta property=\"og:type\" content=\"article\" \/>\n<meta property=\"og:title\" content=\"Benchmark\u2019s holiday wrap-up: top tips + sign up free - Benchmark Email\" \/>\n<meta property=\"og:description\" content=\"Resumo de F\u00e9rias: Seu Kit de Sobreviv\u00eancia Benchmark dos 12 Dias Voc\u00ea conseguiu! Nos \u00faltimos 12 dias, voc\u00ea desembrulhou linhas de assunto, modelos, dicas e truques para manter seus e-mails de f\u00e9rias alegres e f\u00e1ceis de gerenciar. O presente final de hoje re\u00fane tudo: nossos principais aprendizados dos 12 Dias de Benchmark, al\u00e9m de um&hellip;\" \/>\n<meta property=\"og:url\" content=\"https:\/\/www.benchmarkemail.com\/br\/12-days-of-benchmark\/holiday-wrap-up\/\" \/>\n<meta property=\"og:site_name\" content=\"Benchmark Email em Portugu\u00eas\" \/>\n<meta property=\"article:publisher\" content=\"https:\/\/www.facebook.com\/BenchmarkBR\" \/>\n<meta property=\"article:modified_time\" content=\"2026-04-08T12:50:24+00:00\" \/>\n<meta property=\"og:image\" content=\"https:\/\/www.benchmarkemail.com\/wp-content\/uploads\/2025\/11\/Group.svg\" \/>\n<meta name=\"twitter:card\" content=\"summary_large_image\" \/>\n<meta name=\"twitter:label1\" content=\"Est. reading time\" \/>\n\t<meta name=\"twitter:data1\" content=\"2 minutes\" \/>\n<script type=\"application\/ld+json\" class=\"yoast-schema-graph\">{\"@context\":\"https:\\\/\\\/schema.org\",\"@graph\":[{\"@type\":\"WebPage\",\"@id\":\"https:\\\/\\\/www.benchmarkemail.com\\\/br\\\/12-days-of-benchmark\\\/holiday-wrap-up\\\/\",\"url\":\"https:\\\/\\\/www.benchmarkemail.com\\\/br\\\/12-days-of-benchmark\\\/holiday-wrap-up\\\/\",\"name\":\"Benchmark\u2019s holiday wrap-up: top tips + sign up free - Benchmark Email\",\"isPartOf\":{\"@id\":\"https:\\\/\\\/www.benchmarkemail.com\\\/br\\\/#website\"},\"primaryImageOfPage\":{\"@id\":\"https:\\\/\\\/www.benchmarkemail.com\\\/br\\\/12-days-of-benchmark\\\/holiday-wrap-up\\\/#primaryimage\"},\"image\":{\"@id\":\"https:\\\/\\\/www.benchmarkemail.com\\\/br\\\/12-days-of-benchmark\\\/holiday-wrap-up\\\/#primaryimage\"},\"thumbnailUrl\":\"https:\\\/\\\/www.benchmarkemail.com\\\/wp-content\\\/uploads\\\/2025\\\/11\\\/Group.svg\",\"datePublished\":\"2026-02-16T16:16:28+00:00\",\"dateModified\":\"2026-04-08T12:50:24+00:00\",\"breadcrumb\":{\"@id\":\"https:\\\/\\\/www.benchmarkemail.com\\\/br\\\/12-days-of-benchmark\\\/holiday-wrap-up\\\/#breadcrumb\"},\"inLanguage\":\"en-US\",\"potentialAction\":[{\"@type\":\"ReadAction\",\"target\":[\"https:\\\/\\\/www.benchmarkemail.com\\\/br\\\/12-days-of-benchmark\\\/holiday-wrap-up\\\/\"]}]},{\"@type\":\"ImageObject\",\"inLanguage\":\"en-US\",\"@id\":\"https:\\\/\\\/www.benchmarkemail.com\\\/br\\\/12-days-of-benchmark\\\/holiday-wrap-up\\\/#primaryimage\",\"url\":\"https:\\\/\\\/www.benchmarkemail.com\\\/wp-content\\\/uploads\\\/2025\\\/11\\\/Group.svg\",\"contentUrl\":\"https:\\\/\\\/www.benchmarkemail.com\\\/wp-content\\\/uploads\\\/2025\\\/11\\\/Group.svg\"},{\"@type\":\"BreadcrumbList\",\"@id\":\"https:\\\/\\\/www.benchmarkemail.com\\\/br\\\/12-days-of-benchmark\\\/holiday-wrap-up\\\/#breadcrumb\",\"itemListElement\":[{\"@type\":\"ListItem\",\"position\":1,\"name\":\"Home\",\"item\":\"https:\\\/\\\/www.benchmarkemail.com\\\/br\\\/\"},{\"@type\":\"ListItem\",\"position\":2,\"name\":\"12 Days of Email Marketing Gifts\",\"item\":\"https:\\\/\\\/www.benchmarkemail.com\\\/br\\\/12-days-of-benchmark\\\/\"},{\"@type\":\"ListItem\",\"position\":3,\"name\":\"Benchmark\u2019s holiday wrap-up: top tips + sign up free\"}]},{\"@type\":\"WebSite\",\"@id\":\"https:\\\/\\\/www.benchmarkemail.com\\\/br\\\/#website\",\"url\":\"https:\\\/\\\/www.benchmarkemail.com\\\/br\\\/\",\"name\":\"Benchmark Email em Portugu\u00eas\",\"description\":\"\",\"publisher\":{\"@id\":\"https:\\\/\\\/www.benchmarkemail.com\\\/br\\\/#organization\"},\"potentialAction\":[{\"@type\":\"SearchAction\",\"target\":{\"@type\":\"EntryPoint\",\"urlTemplate\":\"https:\\\/\\\/www.benchmarkemail.com\\\/br\\\/?s={search_term_string}\"},\"query-input\":{\"@type\":\"PropertyValueSpecification\",\"valueRequired\":true,\"valueName\":\"search_term_string\"}}],\"inLanguage\":\"en-US\"},{\"@type\":\"Organization\",\"@id\":\"https:\\\/\\\/www.benchmarkemail.com\\\/br\\\/#organization\",\"name\":\"Benchmark Internet Group, LLC\",\"url\":\"https:\\\/\\\/www.benchmarkemail.com\\\/br\\\/\",\"logo\":{\"@type\":\"ImageObject\",\"inLanguage\":\"en-US\",\"@id\":\"https:\\\/\\\/www.benchmarkemail.com\\\/br\\\/#\\\/schema\\\/logo\\\/image\\\/\",\"url\":\"https:\\\/\\\/www.benchmarkemail.com\\\/br\\\/wp-content\\\/uploads\\\/sites\\\/6\\\/2019\\\/09\\\/benchmark-logo.svg\",\"contentUrl\":\"https:\\\/\\\/www.benchmarkemail.com\\\/br\\\/wp-content\\\/uploads\\\/sites\\\/6\\\/2019\\\/09\\\/benchmark-logo.svg\",\"width\":1,\"height\":1,\"caption\":\"Benchmark Internet Group, LLC\"},\"image\":{\"@id\":\"https:\\\/\\\/www.benchmarkemail.com\\\/br\\\/#\\\/schema\\\/logo\\\/image\\\/\"},\"sameAs\":[\"https:\\\/\\\/www.facebook.com\\\/BenchmarkBR\"]}]}<\/script>\n<!-- \/ Yoast SEO plugin. -->","yoast_head_json":{"title":"Benchmark\u2019s holiday wrap-up: top tips + sign up free - Benchmark Email","robots":{"index":"index","follow":"follow","max-snippet":"max-snippet:-1","max-image-preview":"max-image-preview:large","max-video-preview":"max-video-preview:-1"},"canonical":"https:\/\/www.benchmarkemail.com\/br\/12-days-of-benchmark\/holiday-wrap-up\/","og_locale":"en_US","og_type":"article","og_title":"Benchmark\u2019s holiday wrap-up: top tips + sign up free - Benchmark Email","og_description":"Resumo de F\u00e9rias: Seu Kit de Sobreviv\u00eancia Benchmark dos 12 Dias Voc\u00ea conseguiu! Nos \u00faltimos 12 dias, voc\u00ea desembrulhou linhas de assunto, modelos, dicas e truques para manter seus e-mails de f\u00e9rias alegres e f\u00e1ceis de gerenciar. O presente final de hoje re\u00fane tudo: nossos principais aprendizados dos 12 Dias de Benchmark, al\u00e9m de um&hellip;","og_url":"https:\/\/www.benchmarkemail.com\/br\/12-days-of-benchmark\/holiday-wrap-up\/","og_site_name":"Benchmark Email em Portugu\u00eas","article_publisher":"https:\/\/www.facebook.com\/BenchmarkBR","article_modified_time":"2026-04-08T12:50:24+00:00","og_image":[{"url":"https:\/\/www.benchmarkemail.com\/wp-content\/uploads\/2025\/11\/Group.svg","type":"","width":"","height":""}],"twitter_card":"summary_large_image","twitter_misc":{"Est. reading time":"2 minutes"},"schema":{"@context":"https:\/\/schema.org","@graph":[{"@type":"WebPage","@id":"https:\/\/www.benchmarkemail.com\/br\/12-days-of-benchmark\/holiday-wrap-up\/","url":"https:\/\/www.benchmarkemail.com\/br\/12-days-of-benchmark\/holiday-wrap-up\/","name":"Benchmark\u2019s holiday wrap-up: top tips + sign up free - Benchmark Email","isPartOf":{"@id":"https:\/\/www.benchmarkemail.com\/br\/#website"},"primaryImageOfPage":{"@id":"https:\/\/www.benchmarkemail.com\/br\/12-days-of-benchmark\/holiday-wrap-up\/#primaryimage"},"image":{"@id":"https:\/\/www.benchmarkemail.com\/br\/12-days-of-benchmark\/holiday-wrap-up\/#primaryimage"},"thumbnailUrl":"https:\/\/www.benchmarkemail.com\/wp-content\/uploads\/2025\/11\/Group.svg","datePublished":"2026-02-16T16:16:28+00:00","dateModified":"2026-04-08T12:50:24+00:00","breadcrumb":{"@id":"https:\/\/www.benchmarkemail.com\/br\/12-days-of-benchmark\/holiday-wrap-up\/#breadcrumb"},"inLanguage":"en-US","potentialAction":[{"@type":"ReadAction","target":["https:\/\/www.benchmarkemail.com\/br\/12-days-of-benchmark\/holiday-wrap-up\/"]}]},{"@type":"ImageObject","inLanguage":"en-US","@id":"https:\/\/www.benchmarkemail.com\/br\/12-days-of-benchmark\/holiday-wrap-up\/#primaryimage","url":"https:\/\/www.benchmarkemail.com\/wp-content\/uploads\/2025\/11\/Group.svg","contentUrl":"https:\/\/www.benchmarkemail.com\/wp-content\/uploads\/2025\/11\/Group.svg"},{"@type":"BreadcrumbList","@id":"https:\/\/www.benchmarkemail.com\/br\/12-days-of-benchmark\/holiday-wrap-up\/#breadcrumb","itemListElement":[{"@type":"ListItem","position":1,"name":"Home","item":"https:\/\/www.benchmarkemail.com\/br\/"},{"@type":"ListItem","position":2,"name":"12 Days of Email Marketing Gifts","item":"https:\/\/www.benchmarkemail.com\/br\/12-days-of-benchmark\/"},{"@type":"ListItem","position":3,"name":"Benchmark\u2019s holiday wrap-up: top tips + sign up free"}]},{"@type":"WebSite","@id":"https:\/\/www.benchmarkemail.com\/br\/#website","url":"https:\/\/www.benchmarkemail.com\/br\/","name":"Benchmark Email em Portugu\u00eas","description":"","publisher":{"@id":"https:\/\/www.benchmarkemail.com\/br\/#organization"},"potentialAction":[{"@type":"SearchAction","target":{"@type":"EntryPoint","urlTemplate":"https:\/\/www.benchmarkemail.com\/br\/?s={search_term_string}"},"query-input":{"@type":"PropertyValueSpecification","valueRequired":true,"valueName":"search_term_string"}}],"inLanguage":"en-US"},{"@type":"Organization","@id":"https:\/\/www.benchmarkemail.com\/br\/#organization","name":"Benchmark Internet Group, LLC","url":"https:\/\/www.benchmarkemail.com\/br\/","logo":{"@type":"ImageObject","inLanguage":"en-US","@id":"https:\/\/www.benchmarkemail.com\/br\/#\/schema\/logo\/image\/","url":"https:\/\/www.benchmarkemail.com\/br\/wp-content\/uploads\/sites\/6\/2019\/09\/benchmark-logo.svg","contentUrl":"https:\/\/www.benchmarkemail.com\/br\/wp-content\/uploads\/sites\/6\/2019\/09\/benchmark-logo.svg","width":1,"height":1,"caption":"Benchmark Internet Group, LLC"},"image":{"@id":"https:\/\/www.benchmarkemail.com\/br\/#\/schema\/logo\/image\/"},"sameAs":["https:\/\/www.facebook.com\/BenchmarkBR"]}]}},"_links":{"self":[{"href":"https:\/\/www.benchmarkemail.com\/br\/wp-json\/wp\/v2\/pages\/49570","targetHints":{"allow":["GET"]}}],"collection":[{"href":"https:\/\/www.benchmarkemail.com\/br\/wp-json\/wp\/v2\/pages"}],"about":[{"href":"https:\/\/www.benchmarkemail.com\/br\/wp-json\/wp\/v2\/types\/page"}],"author":[{"embeddable":true,"href":"https:\/\/www.benchmarkemail.com\/br\/wp-json\/wp\/v2\/users\/7"}],"replies":[{"embeddable":true,"href":"https:\/\/www.benchmarkemail.com\/br\/wp-json\/wp\/v2\/comments?post=49570"}],"version-history":[{"count":0,"href":"https:\/\/www.benchmarkemail.com\/br\/wp-json\/wp\/v2\/pages\/49570\/revisions"}],"up":[{"embeddable":true,"href":"https:\/\/www.benchmarkemail.com\/br\/wp-json\/wp\/v2\/pages\/49515"}],"wp:attachment":[{"href":"https:\/\/www.benchmarkemail.com\/br\/wp-json\/wp\/v2\/media?parent=49570"}],"curies":[{"name":"wp","href":"https:\/\/api.w.org\/{rel}","templated":true}]}}