{"id":50384,"date":"2026-04-03T11:46:13","date_gmt":"2026-04-03T11:46:13","guid":{"rendered":"https:\/\/www.benchmarkemail.com\/br\/?page_id=50384"},"modified":"2026-04-03T12:03:15","modified_gmt":"2026-04-03T12:03:15","slug":"affiliate-terms","status":"publish","type":"page","link":"https:\/\/www.benchmarkemail.com\/br\/affiliate-terms\/","title":{"rendered":"Affiliate Terms"},"content":{"rendered":"\r\n<h1>Termos do Site<\/h1>\r\n<ul>\r\n<li><a href=\"https:\/\/www.benchmarkemail.com\/br\/privacy-policy\/\">Pol\u00edtica de Privacidade<\/a><\/li>\r\n<li><a href=\"https:\/\/www.benchmarkemail.com\/br\/cookie-policy\/\">Pol\u00edtica de Cookies <\/a><\/li>\r\n<li><a href=\"https:\/\/www.benchmarkemail.com\/br\/anti-spam-policy\/\">Pol\u00edtica Anti-Spam<\/a><\/li>\r\n<li><a href=\"https:\/\/www.benchmarkemail.com\/br\/terms-of-use\/\">Termos e Condi\u00e7\u00f5es<\/a><\/li>\r\n<li><a href=\"https:\/\/www.benchmarkemail.com\/br\/spam-free-zone\/\">Zona Livre de Spam<\/a><\/li>\r\n<li><a href=\"https:\/\/www.benchmarkemail.com\/br\/user-pledge\/\">Compromisso de Usu\u00e1rio<\/a><\/li>\r\n<li><a href=\"\/br\/data-processing-addendum\/\">Adendo sobre processamento de dados<\/a><\/li>\r\n<li><a href=\"\/br\/affiliate-term\/\">Termo de afiliado<\/a><\/li>\r\n<\/ul>\r\n<h1><strong>Acordo do Programa de Afiliados da Benchmark Email<\/strong><\/h1>\r\n<p>Este Acordo do Programa de Afiliados (&#8220;Acordo&#8221;) estabelece os termos e condi\u00e7\u00f5es entre a Polaris Software LLC, operando sob o nome Benchmark Email, com sede em St. Louis, Missouri (&#8220;Benchmark&#8221;, &#8220;n\u00f3s&#8221;, &#8220;nos&#8221;, &#8220;nosso&#8221;) e o parceiro participante (&#8220;Afiliado&#8221;, &#8220;voc\u00ea&#8221;, &#8220;seu&#8221;) no Programa de Afiliados da Benchmark Email (o &#8220;Programa&#8221;).<\/p>\r\n<p>Ao se registrar no Programa, voc\u00ea concorda em cumprir estes termos.<\/p>\r\n<h2>1. Vis\u00e3o Geral do Programa<\/h2>\r\n<p>O Programa de Afiliados da Benchmark Email permite que afiliados aprovados promovam a Benchmark Email por meio de canais de marketing autorizados e recebam comiss\u00f5es por clientes pagantes indicados.<\/p>\r\n<p>Os afiliados ter\u00e3o acesso a um painel de afiliado pessoal no TrackDesk, onde poder\u00e3o:<\/p>\r\n<ul>\r\n<li>\r\n<ul>\r\n<li aria-level=\"1\">Visualizar dados de desempenho em tempo real (cliques, cadastros e convers\u00f5es).<\/li>\r\n<\/ul>\r\n<\/li>\r\n<\/ul>\r\n<ul>\r\n<li>\r\n<ul>\r\n<li aria-level=\"1\">Acompanhar comiss\u00f5es e hist\u00f3rico de pagamentos.<\/li>\r\n<\/ul>\r\n<\/li>\r\n<\/ul>\r\n<ul>\r\n<li>\r\n<ul>\r\n<li aria-level=\"1\">Acessar materiais promocionais oficiais e links.<\/li>\r\n<\/ul>\r\n<\/li>\r\n<\/ul>\r\n<ul>\r\n<li>\r\n<ul>\r\n<li aria-level=\"1\">Gerenciar os dados da sua conta.<\/li>\r\n<\/ul>\r\n<\/li>\r\n<\/ul>\r\n<h2>2. Estrutura de Comiss\u00e3o<\/h2>\r\n<ul>\r\n<li>\r\n<ul>\r\n<li aria-level=\"1\">Afiliados recebem 30% de comiss\u00e3o recorrente por 30 meses sobre todos os pagamentos mensais feitos por clientes indicados.<\/li>\r\n<\/ul>\r\n<\/li>\r\n<\/ul>\r\n<ul>\r\n<li>\r\n<ul>\r\n<li aria-level=\"1\">Afiliados recebem uma comiss\u00e3o \u00fanica de 30% sobre pagamentos anuais feitos por clientes indicados que mantenham seu status de cliente por 60 dias.<\/li>\r\n<\/ul>\r\n<\/li>\r\n<\/ul>\r\n<p>A comiss\u00e3o \u00e9 v\u00e1lida desde que a conta do cliente indicado permane\u00e7a ativa e em situa\u00e7\u00e3o regular durante os primeiros 60 dias.<\/p>\r\n<h2>3. ID de Afiliado e Links de Rastreamento<\/h2>\r\n<p>Ap\u00f3s sua aprova\u00e7\u00e3o no Programa de Afiliados da Benchmark Email, o TrackDesk gerar\u00e1 automaticamente um ID de Afiliado exclusivo para voc\u00ea.<\/p>\r\n<p>Esse ID \u00e9 utilizado para identific\u00e1-lo como participante do Programa e para rastrear todas as indica\u00e7\u00f5es, convers\u00f5es e comiss\u00f5es geradas por suas atividades.<\/p>\r\n<p>Voc\u00ea ter\u00e1 acesso ao seu Painel de Afiliado no TrackDesk, onde poder\u00e1:<\/p>\r\n<ul>\r\n<li>\r\n<ul>\r\n<li aria-level=\"1\">Visualizar seus links de rastreamento exclusivos (URLs de afiliado).<\/li>\r\n<\/ul>\r\n<\/li>\r\n<\/ul>\r\n<ul>\r\n<li>\r\n<ul>\r\n<li aria-level=\"1\">Gerar novos links direcionados para p\u00e1ginas de destino espec\u00edficas (quando aplic\u00e1vel).<\/li>\r\n<\/ul>\r\n<\/li>\r\n<\/ul>\r\n<ul>\r\n<li>\r\n<ul>\r\n<li aria-level=\"1\">Monitorar cliques, cadastros e comiss\u00f5es em tempo real.<\/li>\r\n<\/ul>\r\n<\/li>\r\n<\/ul>\r\n<p>Sua URL de afiliado conter\u00e1 seu ID exclusivo para garantir o rastreamento correto das suas indica\u00e7\u00f5es.<\/p>\r\n<h2>4. Pagamentos<\/h2>\r\n<ul>\r\n<li>\r\n<ul>\r\n<li aria-level=\"1\">As comiss\u00f5es s\u00e3o pagas mensalmente, desde que o afiliado atinja o valor m\u00ednimo de US$30 em comiss\u00f5es acumuladas.<\/li>\r\n<\/ul>\r\n<\/li>\r\n<\/ul>\r\n<ul>\r\n<li>\r\n<ul>\r\n<li aria-level=\"1\">Pagamentos referentes a planos mensais ser\u00e3o processados por volta do dia 15 de cada m\u00eas, correspondendo \u00e0s comiss\u00f5es do m\u00eas anterior.<\/li>\r\n<\/ul>\r\n<\/li>\r\n<\/ul>\r\n<ul>\r\n<li>\r\n<ul>\r\n<li aria-level=\"1\">Pagamentos referentes a planos anuais ser\u00e3o processados pr\u00f3ximo ao dia 15 de cada m\u00eas, contemplando as comiss\u00f5es de contas que permaneceram em situa\u00e7\u00e3o regular pelos 60 dias anteriores.<\/li>\r\n<\/ul>\r\n<\/li>\r\n<\/ul>\r\n<ul>\r\n<li>\r\n<ul>\r\n<li aria-level=\"1\">M\u00e9todo de pagamento atualmente dispon\u00edvel: PayPal<\/li>\r\n<\/ul>\r\n<\/li>\r\n<\/ul>\r\n<ul>\r\n<li>\r\n<ul>\r\n<li aria-level=\"1\">Os m\u00e9todos de pagamento podem ser revisados ou atualizados; afiliados ser\u00e3o notificados caso haja mudan\u00e7as.<\/li>\r\n<\/ul>\r\n<\/li>\r\n<\/ul>\r\n<p>Afiliados nos Estados Unidos devem fornecer um formul\u00e1rio W-9 v\u00e1lido para receber pagamentos.<\/p>\r\n<h2>5. Rastreamento e Atribui\u00e7\u00e3o<\/h2>\r\n<ul>\r\n<li>\r\n<ul>\r\n<li aria-level=\"1\">A Benchmark Email utiliza cookies para rastrear indica\u00e7\u00f5es. A dura\u00e7\u00e3o atual do cookie \u00e9 de 30 dias.<\/li>\r\n<\/ul>\r\n<\/li>\r\n<\/ul>\r\n<p>Caso um usu\u00e1rio esteja associado a mais de um afiliado, o cr\u00e9dito ser\u00e1 atribu\u00eddo com base no modelo de first-touch attribution (primeiro contato).<\/p>\r\n<h2>6. Responsabilidades do Afiliado<\/h2>\r\n<p>Os afiliados concordam em:<\/p>\r\n<ul>\r\n<li>\r\n<ul>\r\n<li aria-level=\"1\">Utilizar apenas materiais promocionais aprovados (links, banners, logos ou ativos fornecidos pela Benchmark).<\/li>\r\n<\/ul>\r\n<\/li>\r\n<\/ul>\r\n<ul>\r\n<li>\r\n<ul>\r\n<li aria-level=\"1\">Promover a Benchmark Email de forma honesta, \u00e9tica e em conformidade com todas as leis aplic\u00e1veis.<\/li>\r\n<\/ul>\r\n<\/li>\r\n<\/ul>\r\n<ul>\r\n<li>\r\n<ul>\r\n<li aria-level=\"1\">Garantir que todas as promo\u00e7\u00f5es por email sejam enviadas somente para destinat\u00e1rios com opt-in e consentimento pr\u00e9vio.<\/li>\r\n<\/ul>\r\n<\/li>\r\n<\/ul>\r\n<ul>\r\n<li>\r\n<ul>\r\n<li aria-level=\"1\">Manter as informa\u00e7\u00f5es da conta de afiliado sempre atualizadas.<\/li>\r\n<\/ul>\r\n<\/li>\r\n<\/ul>\r\n<p>Os afiliados est\u00e3o estritamente proibidos de:<\/p>\r\n<ul>\r\n<li>\r\n<ul>\r\n<li aria-level=\"1\">Realizar pr\u00e1ticas fraudulentas, enganosas ou enganosas, incluindo cookie stuffing, fraude de cliques ou tr\u00e1fego incentivado.<\/li>\r\n<\/ul>\r\n<\/li>\r\n<\/ul>\r\n<ul>\r\n<li>\r\n<ul>\r\n<li aria-level=\"1\">Fazer lances ou usar marcas registradas da Benchmark Email em an\u00fancios de mecanismos de busca sem autoriza\u00e7\u00e3o por escrito.<\/li>\r\n<\/ul>\r\n<\/li>\r\n<\/ul>\r\n<ul>\r\n<li>\r\n<ul>\r\n<li aria-level=\"1\">Enviar emails n\u00e3o solicitados (spam) ou utilizar fontes de tr\u00e1fego proibidas.<\/li>\r\n<\/ul>\r\n<\/li>\r\n<\/ul>\r\n<ul>\r\n<li>\r\n<ul>\r\n<li aria-level=\"1\">Criar materiais de marketing n\u00e3o aprovados ou enganosos que possam prejudicar a reputa\u00e7\u00e3o da Benchmark.<\/li>\r\n<\/ul>\r\n<\/li>\r\n<\/ul>\r\n<ul>\r\n<li>\r\n<ul>\r\n<li aria-level=\"1\">Manipular ou falsificar dados de indica\u00e7\u00e3o.<\/li>\r\n<\/ul>\r\n<\/li>\r\n<\/ul>\r\n<p>A viola\u00e7\u00e3o dessas regras resultar\u00e1 na rescis\u00e3o imediata do Programa e perda de quaisquer comiss\u00f5es n\u00e3o pagas.<\/p>\r\n<h2>7. Materiais de Marketing<\/h2>\r\n<p>A Benchmark Email fornece aos afiliados uma variedade de materiais de marketing para ajudar na promo\u00e7\u00e3o do programa, incluindo landing pages, banners, an\u00fancios em texto e outros recursos.<\/p>\r\n<p>Embora incentivemos o uso de nossos modelos de email prontos, os afiliados devem garantir que esses emails sejam enviados somente para destinat\u00e1rios com opt-in (clientes que deram permiss\u00e3o expl\u00edcita para receber comunica\u00e7\u00f5es de marketing).<\/p>\r\n<p>Enviar emails para destinat\u00e1rios sem opt-in \u00e9 considerado fraude e resultar\u00e1 na rescis\u00e3o imediata da sua participa\u00e7\u00e3o no Programa e perda de quaisquer comiss\u00f5es obtidas.<\/p>\r\n<h2>8. Confidencialidade<\/h2>\r\n<p>Durante a participa\u00e7\u00e3o no Programa, os afiliados podem receber informa\u00e7\u00f5es confidenciais (incluindo pr\u00e1ticas de neg\u00f3cios, sistemas ou dados de clientes). Os afiliados devem manter essas informa\u00e7\u00f5es estritamente confidenciais e n\u00e3o divulg\u00e1-las a terceiros. Essa obriga\u00e7\u00e3o continuar\u00e1 v\u00e1lida mesmo ap\u00f3s o encerramento deste Acordo.<\/p>\r\n<h2>9. Rescis\u00e3o<\/h2>\r\n<ul>\r\n<li>\r\n<ul>\r\n<li aria-level=\"1\">Qualquer uma das partes pode encerrar este Acordo a qualquer momento, com ou sem justificativa, mediante notifica\u00e7\u00e3o por escrito.<\/li>\r\n<\/ul>\r\n<\/li>\r\n<\/ul>\r\n<ul>\r\n<li>\r\n<ul>\r\n<li aria-level=\"1\">A Benchmark se reserva o direito de suspender ou encerrar imediatamente qualquer conta de afiliado em casos de fraude, abuso ou viola\u00e7\u00e3o deste Acordo.<\/li>\r\n<\/ul>\r\n<\/li>\r\n<\/ul>\r\n<p>Ap\u00f3s o encerramento, os afiliados continuar\u00e3o a receber comiss\u00f5es obtidas at\u00e9 a data de rescis\u00e3o, desde que tenham sido geradas em conformidade com este Acordo.<\/p>\r\n<h2>10. Contato Oficial para Afiliados<\/h2>\r\n<p>A Benchmark designar\u00e1 um Affiliate Manager como ponto oficial de contato para os afiliados. As informa\u00e7\u00f5es de contato estar\u00e3o dispon\u00edveis no painel de afiliados.<\/p>\r\n<h2>11. Limita\u00e7\u00e3o de Responsabilidade<\/h2>\r\n<p>A Benchmark n\u00e3o ser\u00e1 respons\u00e1vel por danos indiretos, incidentais ou consequenciais decorrentes da participa\u00e7\u00e3o no Programa. Nossa responsabilidade m\u00e1xima sob este Acordo n\u00e3o exceder\u00e1 o total de comiss\u00f5es pagas ao afiliado nos seis (6) meses anteriores.<\/p>\r\n<h2>12. Lei Aplic\u00e1vel e Jurisdi\u00e7\u00e3o<\/h2>\r\n<p>Este Acordo ser\u00e1 regido e interpretado de acordo com as leis do Estado de Missouri, Estados Unidos. Quaisquer disputas decorrentes deste Acordo estar\u00e3o sujeitas \u00e0 jurisdi\u00e7\u00e3o exclusiva dos tribunais estaduais e federais localizados em Missouri.<\/p>\r\n<h2>13. Altera\u00e7\u00f5es no Acordo<\/h2>\r\n<p>A Benchmark se reserva o direito de atualizar ou modificar este Acordo a qualquer momento. As atualiza\u00e7\u00f5es ser\u00e3o publicadas no portal de afiliados. A participa\u00e7\u00e3o cont\u00ednua no Programa ap\u00f3s a publica\u00e7\u00e3o das altera\u00e7\u00f5es constitui aceita\u00e7\u00e3o dos termos revisados.<\/p>\r\n","protected":false},"excerpt":{"rendered":"<p>Termos do Site Pol\u00edtica de Privacidade Pol\u00edtica de Cookies Pol\u00edtica Anti-Spam Termos e Condi\u00e7\u00f5es Zona Livre de Spam Compromisso de Usu\u00e1rio Adendo sobre processamento de dados Termo de afiliado Acordo do Programa de Afiliados da Benchmark Email Este Acordo do Programa de Afiliados (&#8220;Acordo&#8221;) estabelece os termos e condi\u00e7\u00f5es entre a Polaris Software LLC, operando&hellip;<\/p>\n","protected":false},"author":7,"featured_media":0,"parent":0,"menu_order":0,"comment_status":"closed","ping_status":"closed","template":"page-nxg.php","meta":{"inline_featured_image":false,"footnotes":""},"class_list":["post-50384","page","type-page","status-publish","hentry"],"yoast_head":"<!-- This site is optimized with the Yoast SEO plugin v27.5 - https:\/\/yoast.com\/product\/yoast-seo-wordpress\/ -->\n<title>Affiliate Terms - Benchmark Email<\/title>\n<meta name=\"robots\" content=\"index, follow, max-snippet:-1, max-image-preview:large, max-video-preview:-1\" \/>\n<link rel=\"canonical\" href=\"https:\/\/www.benchmarkemail.com\/br\/affiliate-terms\/\" \/>\n<meta property=\"og:locale\" content=\"en_US\" \/>\n<meta property=\"og:type\" content=\"article\" \/>\n<meta property=\"og:title\" content=\"Affiliate Terms - Benchmark Email\" \/>\n<meta property=\"og:description\" content=\"Termos do Site Pol\u00edtica de Privacidade Pol\u00edtica de Cookies Pol\u00edtica Anti-Spam Termos e Condi\u00e7\u00f5es Zona Livre de Spam Compromisso de Usu\u00e1rio Adendo sobre processamento de dados Termo de afiliado Acordo do Programa de Afiliados da Benchmark Email Este Acordo do Programa de Afiliados (&#8220;Acordo&#8221;) estabelece os termos e condi\u00e7\u00f5es entre a Polaris Software LLC, operando&hellip;\" \/>\n<meta property=\"og:url\" content=\"https:\/\/www.benchmarkemail.com\/br\/affiliate-terms\/\" \/>\n<meta property=\"og:site_name\" content=\"Benchmark Email em Portugu\u00eas\" \/>\n<meta property=\"article:publisher\" content=\"https:\/\/www.facebook.com\/BenchmarkBR\" \/>\n<meta property=\"article:modified_time\" content=\"2026-04-03T12:03:15+00:00\" \/>\n<meta name=\"twitter:card\" content=\"summary_large_image\" \/>\n<meta name=\"twitter:label1\" content=\"Est. reading time\" \/>\n\t<meta name=\"twitter:data1\" content=\"5 minutes\" \/>\n<script type=\"application\/ld+json\" class=\"yoast-schema-graph\">{\"@context\":\"https:\\\/\\\/schema.org\",\"@graph\":[{\"@type\":\"WebPage\",\"@id\":\"https:\\\/\\\/www.benchmarkemail.com\\\/br\\\/affiliate-terms\\\/\",\"url\":\"https:\\\/\\\/www.benchmarkemail.com\\\/br\\\/affiliate-terms\\\/\",\"name\":\"Affiliate Terms - Benchmark Email\",\"isPartOf\":{\"@id\":\"https:\\\/\\\/www.benchmarkemail.com\\\/br\\\/#website\"},\"datePublished\":\"2026-04-03T11:46:13+00:00\",\"dateModified\":\"2026-04-03T12:03:15+00:00\",\"breadcrumb\":{\"@id\":\"https:\\\/\\\/www.benchmarkemail.com\\\/br\\\/affiliate-terms\\\/#breadcrumb\"},\"inLanguage\":\"en-US\",\"potentialAction\":[{\"@type\":\"ReadAction\",\"target\":[\"https:\\\/\\\/www.benchmarkemail.com\\\/br\\\/affiliate-terms\\\/\"]}]},{\"@type\":\"BreadcrumbList\",\"@id\":\"https:\\\/\\\/www.benchmarkemail.com\\\/br\\\/affiliate-terms\\\/#breadcrumb\",\"itemListElement\":[{\"@type\":\"ListItem\",\"position\":1,\"name\":\"Home\",\"item\":\"https:\\\/\\\/www.benchmarkemail.com\\\/br\\\/\"},{\"@type\":\"ListItem\",\"position\":2,\"name\":\"Affiliate Terms\"}]},{\"@type\":\"WebSite\",\"@id\":\"https:\\\/\\\/www.benchmarkemail.com\\\/br\\\/#website\",\"url\":\"https:\\\/\\\/www.benchmarkemail.com\\\/br\\\/\",\"name\":\"Benchmark Email em Portugu\u00eas\",\"description\":\"\",\"publisher\":{\"@id\":\"https:\\\/\\\/www.benchmarkemail.com\\\/br\\\/#organization\"},\"potentialAction\":[{\"@type\":\"SearchAction\",\"target\":{\"@type\":\"EntryPoint\",\"urlTemplate\":\"https:\\\/\\\/www.benchmarkemail.com\\\/br\\\/?s={search_term_string}\"},\"query-input\":{\"@type\":\"PropertyValueSpecification\",\"valueRequired\":true,\"valueName\":\"search_term_string\"}}],\"inLanguage\":\"en-US\"},{\"@type\":\"Organization\",\"@id\":\"https:\\\/\\\/www.benchmarkemail.com\\\/br\\\/#organization\",\"name\":\"Benchmark Internet Group, LLC\",\"url\":\"https:\\\/\\\/www.benchmarkemail.com\\\/br\\\/\",\"logo\":{\"@type\":\"ImageObject\",\"inLanguage\":\"en-US\",\"@id\":\"https:\\\/\\\/www.benchmarkemail.com\\\/br\\\/#\\\/schema\\\/logo\\\/image\\\/\",\"url\":\"https:\\\/\\\/www.benchmarkemail.com\\\/br\\\/wp-content\\\/uploads\\\/sites\\\/6\\\/2019\\\/09\\\/benchmark-logo.svg\",\"contentUrl\":\"https:\\\/\\\/www.benchmarkemail.com\\\/br\\\/wp-content\\\/uploads\\\/sites\\\/6\\\/2019\\\/09\\\/benchmark-logo.svg\",\"width\":1,\"height\":1,\"caption\":\"Benchmark Internet Group, LLC\"},\"image\":{\"@id\":\"https:\\\/\\\/www.benchmarkemail.com\\\/br\\\/#\\\/schema\\\/logo\\\/image\\\/\"},\"sameAs\":[\"https:\\\/\\\/www.facebook.com\\\/BenchmarkBR\"]}]}<\/script>\n<!-- \/ Yoast SEO plugin. -->","yoast_head_json":{"title":"Affiliate Terms - Benchmark Email","robots":{"index":"index","follow":"follow","max-snippet":"max-snippet:-1","max-image-preview":"max-image-preview:large","max-video-preview":"max-video-preview:-1"},"canonical":"https:\/\/www.benchmarkemail.com\/br\/affiliate-terms\/","og_locale":"en_US","og_type":"article","og_title":"Affiliate Terms - Benchmark Email","og_description":"Termos do Site Pol\u00edtica de Privacidade Pol\u00edtica de Cookies Pol\u00edtica Anti-Spam Termos e Condi\u00e7\u00f5es Zona Livre de Spam Compromisso de Usu\u00e1rio Adendo sobre processamento de dados Termo de afiliado Acordo do Programa de Afiliados da Benchmark Email Este Acordo do Programa de Afiliados (&#8220;Acordo&#8221;) estabelece os termos e condi\u00e7\u00f5es entre a Polaris Software LLC, operando&hellip;","og_url":"https:\/\/www.benchmarkemail.com\/br\/affiliate-terms\/","og_site_name":"Benchmark Email em Portugu\u00eas","article_publisher":"https:\/\/www.facebook.com\/BenchmarkBR","article_modified_time":"2026-04-03T12:03:15+00:00","twitter_card":"summary_large_image","twitter_misc":{"Est. reading time":"5 minutes"},"schema":{"@context":"https:\/\/schema.org","@graph":[{"@type":"WebPage","@id":"https:\/\/www.benchmarkemail.com\/br\/affiliate-terms\/","url":"https:\/\/www.benchmarkemail.com\/br\/affiliate-terms\/","name":"Affiliate Terms - Benchmark Email","isPartOf":{"@id":"https:\/\/www.benchmarkemail.com\/br\/#website"},"datePublished":"2026-04-03T11:46:13+00:00","dateModified":"2026-04-03T12:03:15+00:00","breadcrumb":{"@id":"https:\/\/www.benchmarkemail.com\/br\/affiliate-terms\/#breadcrumb"},"inLanguage":"en-US","potentialAction":[{"@type":"ReadAction","target":["https:\/\/www.benchmarkemail.com\/br\/affiliate-terms\/"]}]},{"@type":"BreadcrumbList","@id":"https:\/\/www.benchmarkemail.com\/br\/affiliate-terms\/#breadcrumb","itemListElement":[{"@type":"ListItem","position":1,"name":"Home","item":"https:\/\/www.benchmarkemail.com\/br\/"},{"@type":"ListItem","position":2,"name":"Affiliate Terms"}]},{"@type":"WebSite","@id":"https:\/\/www.benchmarkemail.com\/br\/#website","url":"https:\/\/www.benchmarkemail.com\/br\/","name":"Benchmark Email em Portugu\u00eas","description":"","publisher":{"@id":"https:\/\/www.benchmarkemail.com\/br\/#organization"},"potentialAction":[{"@type":"SearchAction","target":{"@type":"EntryPoint","urlTemplate":"https:\/\/www.benchmarkemail.com\/br\/?s={search_term_string}"},"query-input":{"@type":"PropertyValueSpecification","valueRequired":true,"valueName":"search_term_string"}}],"inLanguage":"en-US"},{"@type":"Organization","@id":"https:\/\/www.benchmarkemail.com\/br\/#organization","name":"Benchmark Internet Group, LLC","url":"https:\/\/www.benchmarkemail.com\/br\/","logo":{"@type":"ImageObject","inLanguage":"en-US","@id":"https:\/\/www.benchmarkemail.com\/br\/#\/schema\/logo\/image\/","url":"https:\/\/www.benchmarkemail.com\/br\/wp-content\/uploads\/sites\/6\/2019\/09\/benchmark-logo.svg","contentUrl":"https:\/\/www.benchmarkemail.com\/br\/wp-content\/uploads\/sites\/6\/2019\/09\/benchmark-logo.svg","width":1,"height":1,"caption":"Benchmark Internet Group, LLC"},"image":{"@id":"https:\/\/www.benchmarkemail.com\/br\/#\/schema\/logo\/image\/"},"sameAs":["https:\/\/www.facebook.com\/BenchmarkBR"]}]}},"_links":{"self":[{"href":"https:\/\/www.benchmarkemail.com\/br\/wp-json\/wp\/v2\/pages\/50384","targetHints":{"allow":["GET"]}}],"collection":[{"href":"https:\/\/www.benchmarkemail.com\/br\/wp-json\/wp\/v2\/pages"}],"about":[{"href":"https:\/\/www.benchmarkemail.com\/br\/wp-json\/wp\/v2\/types\/page"}],"author":[{"embeddable":true,"href":"https:\/\/www.benchmarkemail.com\/br\/wp-json\/wp\/v2\/users\/7"}],"replies":[{"embeddable":true,"href":"https:\/\/www.benchmarkemail.com\/br\/wp-json\/wp\/v2\/comments?post=50384"}],"version-history":[{"count":0,"href":"https:\/\/www.benchmarkemail.com\/br\/wp-json\/wp\/v2\/pages\/50384\/revisions"}],"wp:attachment":[{"href":"https:\/\/www.benchmarkemail.com\/br\/wp-json\/wp\/v2\/media?parent=50384"}],"curies":[{"name":"wp","href":"https:\/\/api.w.org\/{rel}","templated":true}]}}