{"id":58,"date":"2019-09-16T14:36:33","date_gmt":"2019-09-16T14:36:33","guid":{"rendered":"http:\/\/bme2.flywheelsites.com\/?page_id=58"},"modified":"2026-03-04T10:49:51","modified_gmt":"2026-03-04T10:49:51","slug":"customers","status":"publish","type":"page","link":"https:\/\/www.benchmarkemail.com\/br\/customers\/","title":{"rendered":"Customers"},"content":{"rendered":"\n\t<h1>Conhe\u00e7a nossos clientes<br \/>\n<\/h1>\n<h2>Dos mais de 500.000 usu\u00e1rios, temos o prazer de agradecer \u00e0 alguns nomes conhecidos<br \/>\n<\/h2>\n<p>Cada um de nossos clientes, desde pequenas empresas \u00e0s marcas internacionais, s\u00e3o muito importantes para n\u00f3s. A maneira de entregarmos para nossos maiores e mais conhecidos clientes tamb\u00e9m \u00e9 importante para voc\u00ea.<\/p>\n\t\t\t\t<img decoding=\"async\" src=\"https:\/\/www.benchmarkemail.com\/br\/wp-content\/uploads\/sites\/6\/2020\/02\/company-logos-br.png\" alt=\"company-logos-br\" itemprop=\"image\" title=\"company-logos-br\" onerror=\"this.style.display='none'\"  \/>\n\t\t<img alt=\"\" aria-hidden=\"true\" onload=\"this.parentNode.style.opacity=1;\" src=\n\t\t\"https:\/\/fast.wistia.com\/embed\/medias\/pn1cp9dib0\/swatch\" style=\n\t\t\"filter:blur(5px);height:100%;object-fit:contain;width:100%;\">\n\t<p>Victor Lovato<\/p>\nS\u00d3CIO,<br \/>\n<a href=\"http:\/\/www.lojaeraumavez.com.br\/\">ERA UMA VEZ<\/a>\n<p>&#8220;Email Marketing \u00e9 a nossa principal ferramenta de marketing. Disparamos bastante para os nossos clientes. A Estrat\u00e9gia de a gente usar a Benchmark \u00e9 que estamos segmentando a nossa base. O beb\u00ea cresce r\u00e1pido, \u00e9 preciso segmentar para ter sucesso com as gestantes.&#8221;<\/p>\n\t\t<img alt=\"\" aria-hidden=\"true\" onload=\"this.parentNode.style.opacity=1;\" src=\n\t\t\"https:\/\/fast.wistia.com\/embed\/medias\/h75ki64jue\/swatch\" style=\n\t\t\"filter:blur(5px);height:100%;object-fit:contain;width:100%;\">\n\t<p>Al Kline<\/p>\nPROPRIET\u00c1RIO, CEO<br \/>\n<a href=\"https:\/\/www.yourchristmasstore.com\/canterburygardens\/\">CANTERBURY GARDENS<\/a>\n<p>&#8220;Estou muito satisfeito com o nosso e-mail marketing, porque essa \u00e9 a nossa liga\u00e7\u00e3o com nossos clientes. Estamos constantemente a utilizar esta ferramenta de marketing para refor\u00e7ar a nossa presen\u00e7a na web.&#8221;<\/p>\n\t\t<img alt=\"\" aria-hidden=\"true\" onload=\"this.parentNode.style.opacity=1;\" src=\n\t\t\"https:\/\/fast.wistia.com\/embed\/medias\/91logll7lz\/swatch\" style=\n\t\t\"filter:blur(5px);height:100%;object-fit:contain;width:100%;\">\n\t<p>Brian Harrington<\/p>\n<p><\/p>\nPROPRIET\u00c1RIO, CEO<br \/>\n<a href=\"http:\/\/sunrisepos.com\">SUNRISE POS<\/a>\n<p>&#8220;Come\u00e7amos a usar Benchmark cerca de 5 anos atr\u00e1s e com certeza que iremos continuar a usar daqui em diante. Tem sido uma de utilidade incr\u00edvel para n\u00f3s. &#8220;<\/p>\n\t\t<img alt=\"\" aria-hidden=\"true\" onload=\"this.parentNode.style.opacity=1;\" src=\n\t\t\"https:\/\/fast.wistia.com\/embed\/medias\/wirwhcaoiy\/swatch\" style=\n\t\t\"filter:blur(5px);height:100%;object-fit:contain;width:100%;\">\n\t<p>Brandon Beechler<\/p>\n<p><\/p>\nPROPIETARIO, CEO DE<br \/>\n<a href=\"http:\/\/www.bmbdezines.com \">BMB DEZINES<\/a>\n<p>&#8220;A melhor caracter\u00edstica que eu encontrei foi o uso do meu pr\u00f3prio c\u00f3digo HTML. Permite o controle total sobre meus e-mails e como eles interagem com os meus clientes. &#8220;<\/p>\n<img decoding=\"async\" src=\"https:\/\/fast.wistia.com\/embed\/medias\/exqhsv9ivj\/swatch\" alt=\"\" aria-hidden=\"true\" onload=\"this.parentNode.style.opacity=1;\" \/>\n\tJerry Rice<br \/>\n\nPROPIETARIO, CEO DE<br \/>\n<a href=\"http:\/\/www.ricegeneral.com\/\">RICE GENERAL<\/a>\n<p>&#8220;O meu recurso favorito \u00e9 o das diferentes listas, e ser capaz de enviar para os clientes que t\u00eam necessidades diferentes. Benchmark tornou a vida mais f\u00e1cil para mim, mantendo meu escrit\u00f3rio organizado. &#8220;<\/p>\n\t\t<img alt=\"\" aria-hidden=\"true\" onload=\"this.parentNode.style.opacity=1;\" src=\n\t\t\"https:\/\/fast.wistia.com\/embed\/medias\/ld7t7x9t1b\/swatch\" style=\n\t\t\"filter:blur(5px);height:100%;object-fit:contain;width:100%;\">\n\tMariana Gatto<br \/>\n\nPROPIETARIO, CEO DEL<br \/>\n<a href=\"http:\/\/www.italianhall.org\">MUSEO ITALIANO DE LOS \u00c1NGELES<\/a>\n<p>&#8220;Usamos o Benchmark para promover a ades\u00e3o e conscientiza\u00e7\u00e3o dos objetivos do museu. \u00c9 praticamente ilimitada nas maneiras que n\u00f3s usamos o Benchmark. &#8220;<\/p>\n\t\t\t\t<img alt=\"\" aria-hidden=\"true\" onload=\"this.parentNode.style.opacity=1;\"\n\t\t\t\tsrc=\"https:\/\/fast.wistia.com\/embed\/medias\/tg916pdggh\/swatch\" style=\n\t\t\t\t\"filter:blur(5px);height:100%;object-fit:contain;width:100%;\">\n\tMarcy Feldman<br \/>\n\nPROPRIET\u00c1RIO, CEO DE<br \/>\n<a href=\"http:\/\/www.stitchcafe.com\">STITCH CAF\u00c9<\/a>\n<p>&#8220;A minha forma\u00e7\u00e3o \u00e9 Contabilidade, por isso adoro gr\u00e1ficos e tabelas. A primeira vez que eu realmente vi quantas pessoas abri meus e-mails? Isso fez-me feliz! &#8220;<\/p>\n\t\t\t\t<img alt=\"\" aria-hidden=\"true\" onload=\"this.parentNode.style.opacity=1;\"\n\t\t\t\tsrc=\"https:\/\/fast.wistia.com\/embed\/medias\/7hcutbaiod\/swatch\" style=\n\t\t\t\t\"filter:blur(5px);height:100%;object-fit:contain;width:100%;\">\n\tLarry Walkemeyer<br \/>\n\nPASTOR<br \/>\n<a href=\"http:\/\/www.llcf.org\">LUZ Y VIDA<\/a>\n<p>&#8220;A facilidade de utiliza\u00e7\u00e3o de Benchmark, tem que ser um dos meus recursos favoritos, assim como a capacidade de anexar v\u00eddeos para enviar para o nosso povo.&#8221;<\/p>\n","protected":false},"excerpt":{"rendered":"<p>Conhe\u00e7a nossos clientes Dos mais de 500.000 usu\u00e1rios, temos o prazer de agradecer \u00e0 alguns nomes conhecidos Cada um de nossos clientes, desde pequenas empresas \u00e0s marcas internacionais, s\u00e3o muito importantes para n\u00f3s. A maneira de entregarmos para nossos maiores e mais conhecidos clientes tamb\u00e9m \u00e9 importante para voc\u00ea. Victor Lovato S\u00d3CIO, ERA UMA VEZ&hellip;<\/p>\n","protected":false},"author":3,"featured_media":0,"parent":0,"menu_order":0,"comment_status":"closed","ping_status":"closed","template":"nxg-customer.php","meta":{"inline_featured_image":false,"footnotes":""},"class_list":["post-58","page","type-page","status-publish","hentry"],"yoast_head":"<!-- This site is optimized with the Yoast SEO plugin v27.3 - https:\/\/yoast.com\/product\/yoast-seo-wordpress\/ -->\n<title>Conhe\u00e7a nossos clientes - Benchmark Email<\/title>\n<meta name=\"robots\" content=\"index, follow, max-snippet:-1, max-image-preview:large, max-video-preview:-1\" \/>\n<link rel=\"canonical\" href=\"https:\/\/www.benchmarkemail.com\/br\/customers\/\" \/>\n<meta property=\"og:locale\" content=\"en_US\" \/>\n<meta property=\"og:type\" content=\"article\" \/>\n<meta property=\"og:title\" content=\"Conhe\u00e7a nossos clientes - Benchmark Email\" \/>\n<meta property=\"og:description\" content=\"Conhe\u00e7a nossos clientes Dos mais de 500.000 usu\u00e1rios, temos o prazer de agradecer \u00e0 alguns nomes conhecidos Cada um de nossos clientes, desde pequenas empresas \u00e0s marcas internacionais, s\u00e3o muito importantes para n\u00f3s. A maneira de entregarmos para nossos maiores e mais conhecidos clientes tamb\u00e9m \u00e9 importante para voc\u00ea. Victor Lovato S\u00d3CIO, ERA UMA VEZ&hellip;\" \/>\n<meta property=\"og:url\" content=\"https:\/\/www.benchmarkemail.com\/br\/customers\/\" \/>\n<meta property=\"og:site_name\" content=\"Benchmark Email em Portugu\u00eas\" \/>\n<meta property=\"article:publisher\" content=\"https:\/\/www.facebook.com\/BenchmarkBR\" \/>\n<meta property=\"article:modified_time\" content=\"2026-03-04T10:49:51+00:00\" \/>\n<meta property=\"og:image\" content=\"https:\/\/www.benchmarkemail.com\/br\/wp-content\/uploads\/sites\/6\/2020\/02\/company-logos-br.png\" \/>\n<meta name=\"twitter:card\" content=\"summary_large_image\" \/>\n<meta name=\"twitter:label1\" content=\"Est. reading time\" \/>\n\t<meta name=\"twitter:data1\" content=\"4 minutes\" \/>\n<script type=\"application\/ld+json\" class=\"yoast-schema-graph\">{\"@context\":\"https:\\\/\\\/schema.org\",\"@graph\":[{\"@type\":\"WebPage\",\"@id\":\"https:\\\/\\\/www.benchmarkemail.com\\\/br\\\/customers\\\/\",\"url\":\"https:\\\/\\\/www.benchmarkemail.com\\\/br\\\/customers\\\/\",\"name\":\"Conhe\u00e7a nossos clientes - Benchmark Email\",\"isPartOf\":{\"@id\":\"https:\\\/\\\/www.benchmarkemail.com\\\/br\\\/#website\"},\"primaryImageOfPage\":{\"@id\":\"https:\\\/\\\/www.benchmarkemail.com\\\/br\\\/customers\\\/#primaryimage\"},\"image\":{\"@id\":\"https:\\\/\\\/www.benchmarkemail.com\\\/br\\\/customers\\\/#primaryimage\"},\"thumbnailUrl\":\"https:\\\/\\\/www.benchmarkemail.com\\\/br\\\/wp-content\\\/uploads\\\/sites\\\/6\\\/2020\\\/02\\\/company-logos-br.png\",\"datePublished\":\"2019-09-16T14:36:33+00:00\",\"dateModified\":\"2026-03-04T10:49:51+00:00\",\"breadcrumb\":{\"@id\":\"https:\\\/\\\/www.benchmarkemail.com\\\/br\\\/customers\\\/#breadcrumb\"},\"inLanguage\":\"en-US\",\"potentialAction\":[{\"@type\":\"ReadAction\",\"target\":[\"https:\\\/\\\/www.benchmarkemail.com\\\/br\\\/customers\\\/\"]}]},{\"@type\":\"ImageObject\",\"inLanguage\":\"en-US\",\"@id\":\"https:\\\/\\\/www.benchmarkemail.com\\\/br\\\/customers\\\/#primaryimage\",\"url\":\"https:\\\/\\\/www.benchmarkemail.com\\\/br\\\/wp-content\\\/uploads\\\/sites\\\/6\\\/2020\\\/02\\\/company-logos-br.png\",\"contentUrl\":\"https:\\\/\\\/www.benchmarkemail.com\\\/br\\\/wp-content\\\/uploads\\\/sites\\\/6\\\/2020\\\/02\\\/company-logos-br.png\",\"width\":1366,\"height\":520},{\"@type\":\"BreadcrumbList\",\"@id\":\"https:\\\/\\\/www.benchmarkemail.com\\\/br\\\/customers\\\/#breadcrumb\",\"itemListElement\":[{\"@type\":\"ListItem\",\"position\":1,\"name\":\"Home\",\"item\":\"https:\\\/\\\/www.benchmarkemail.com\\\/br\\\/\"},{\"@type\":\"ListItem\",\"position\":2,\"name\":\"Customers\"}]},{\"@type\":\"WebSite\",\"@id\":\"https:\\\/\\\/www.benchmarkemail.com\\\/br\\\/#website\",\"url\":\"https:\\\/\\\/www.benchmarkemail.com\\\/br\\\/\",\"name\":\"Benchmark Email em Portugu\u00eas\",\"description\":\"\",\"publisher\":{\"@id\":\"https:\\\/\\\/www.benchmarkemail.com\\\/br\\\/#organization\"},\"potentialAction\":[{\"@type\":\"SearchAction\",\"target\":{\"@type\":\"EntryPoint\",\"urlTemplate\":\"https:\\\/\\\/www.benchmarkemail.com\\\/br\\\/?s={search_term_string}\"},\"query-input\":{\"@type\":\"PropertyValueSpecification\",\"valueRequired\":true,\"valueName\":\"search_term_string\"}}],\"inLanguage\":\"en-US\"},{\"@type\":\"Organization\",\"@id\":\"https:\\\/\\\/www.benchmarkemail.com\\\/br\\\/#organization\",\"name\":\"Benchmark Internet Group, LLC\",\"url\":\"https:\\\/\\\/www.benchmarkemail.com\\\/br\\\/\",\"logo\":{\"@type\":\"ImageObject\",\"inLanguage\":\"en-US\",\"@id\":\"https:\\\/\\\/www.benchmarkemail.com\\\/br\\\/#\\\/schema\\\/logo\\\/image\\\/\",\"url\":\"https:\\\/\\\/www.benchmarkemail.com\\\/br\\\/wp-content\\\/uploads\\\/sites\\\/6\\\/2019\\\/09\\\/benchmark-logo.svg\",\"contentUrl\":\"https:\\\/\\\/www.benchmarkemail.com\\\/br\\\/wp-content\\\/uploads\\\/sites\\\/6\\\/2019\\\/09\\\/benchmark-logo.svg\",\"width\":1,\"height\":1,\"caption\":\"Benchmark Internet Group, LLC\"},\"image\":{\"@id\":\"https:\\\/\\\/www.benchmarkemail.com\\\/br\\\/#\\\/schema\\\/logo\\\/image\\\/\"},\"sameAs\":[\"https:\\\/\\\/www.facebook.com\\\/BenchmarkBR\"]}]}<\/script>\n<!-- \/ Yoast SEO plugin. -->","yoast_head_json":{"title":"Conhe\u00e7a nossos clientes - Benchmark Email","robots":{"index":"index","follow":"follow","max-snippet":"max-snippet:-1","max-image-preview":"max-image-preview:large","max-video-preview":"max-video-preview:-1"},"canonical":"https:\/\/www.benchmarkemail.com\/br\/customers\/","og_locale":"en_US","og_type":"article","og_title":"Conhe\u00e7a nossos clientes - Benchmark Email","og_description":"Conhe\u00e7a nossos clientes Dos mais de 500.000 usu\u00e1rios, temos o prazer de agradecer \u00e0 alguns nomes conhecidos Cada um de nossos clientes, desde pequenas empresas \u00e0s marcas internacionais, s\u00e3o muito importantes para n\u00f3s. A maneira de entregarmos para nossos maiores e mais conhecidos clientes tamb\u00e9m \u00e9 importante para voc\u00ea. Victor Lovato S\u00d3CIO, ERA UMA VEZ&hellip;","og_url":"https:\/\/www.benchmarkemail.com\/br\/customers\/","og_site_name":"Benchmark Email em Portugu\u00eas","article_publisher":"https:\/\/www.facebook.com\/BenchmarkBR","article_modified_time":"2026-03-04T10:49:51+00:00","og_image":[{"url":"https:\/\/www.benchmarkemail.com\/br\/wp-content\/uploads\/sites\/6\/2020\/02\/company-logos-br.png","type":"","width":"","height":""}],"twitter_card":"summary_large_image","twitter_misc":{"Est. reading time":"4 minutes"},"schema":{"@context":"https:\/\/schema.org","@graph":[{"@type":"WebPage","@id":"https:\/\/www.benchmarkemail.com\/br\/customers\/","url":"https:\/\/www.benchmarkemail.com\/br\/customers\/","name":"Conhe\u00e7a nossos clientes - Benchmark Email","isPartOf":{"@id":"https:\/\/www.benchmarkemail.com\/br\/#website"},"primaryImageOfPage":{"@id":"https:\/\/www.benchmarkemail.com\/br\/customers\/#primaryimage"},"image":{"@id":"https:\/\/www.benchmarkemail.com\/br\/customers\/#primaryimage"},"thumbnailUrl":"https:\/\/www.benchmarkemail.com\/br\/wp-content\/uploads\/sites\/6\/2020\/02\/company-logos-br.png","datePublished":"2019-09-16T14:36:33+00:00","dateModified":"2026-03-04T10:49:51+00:00","breadcrumb":{"@id":"https:\/\/www.benchmarkemail.com\/br\/customers\/#breadcrumb"},"inLanguage":"en-US","potentialAction":[{"@type":"ReadAction","target":["https:\/\/www.benchmarkemail.com\/br\/customers\/"]}]},{"@type":"ImageObject","inLanguage":"en-US","@id":"https:\/\/www.benchmarkemail.com\/br\/customers\/#primaryimage","url":"https:\/\/www.benchmarkemail.com\/br\/wp-content\/uploads\/sites\/6\/2020\/02\/company-logos-br.png","contentUrl":"https:\/\/www.benchmarkemail.com\/br\/wp-content\/uploads\/sites\/6\/2020\/02\/company-logos-br.png","width":1366,"height":520},{"@type":"BreadcrumbList","@id":"https:\/\/www.benchmarkemail.com\/br\/customers\/#breadcrumb","itemListElement":[{"@type":"ListItem","position":1,"name":"Home","item":"https:\/\/www.benchmarkemail.com\/br\/"},{"@type":"ListItem","position":2,"name":"Customers"}]},{"@type":"WebSite","@id":"https:\/\/www.benchmarkemail.com\/br\/#website","url":"https:\/\/www.benchmarkemail.com\/br\/","name":"Benchmark Email em Portugu\u00eas","description":"","publisher":{"@id":"https:\/\/www.benchmarkemail.com\/br\/#organization"},"potentialAction":[{"@type":"SearchAction","target":{"@type":"EntryPoint","urlTemplate":"https:\/\/www.benchmarkemail.com\/br\/?s={search_term_string}"},"query-input":{"@type":"PropertyValueSpecification","valueRequired":true,"valueName":"search_term_string"}}],"inLanguage":"en-US"},{"@type":"Organization","@id":"https:\/\/www.benchmarkemail.com\/br\/#organization","name":"Benchmark Internet Group, LLC","url":"https:\/\/www.benchmarkemail.com\/br\/","logo":{"@type":"ImageObject","inLanguage":"en-US","@id":"https:\/\/www.benchmarkemail.com\/br\/#\/schema\/logo\/image\/","url":"https:\/\/www.benchmarkemail.com\/br\/wp-content\/uploads\/sites\/6\/2019\/09\/benchmark-logo.svg","contentUrl":"https:\/\/www.benchmarkemail.com\/br\/wp-content\/uploads\/sites\/6\/2019\/09\/benchmark-logo.svg","width":1,"height":1,"caption":"Benchmark Internet Group, LLC"},"image":{"@id":"https:\/\/www.benchmarkemail.com\/br\/#\/schema\/logo\/image\/"},"sameAs":["https:\/\/www.facebook.com\/BenchmarkBR"]}]}},"_links":{"self":[{"href":"https:\/\/www.benchmarkemail.com\/br\/wp-json\/wp\/v2\/pages\/58","targetHints":{"allow":["GET"]}}],"collection":[{"href":"https:\/\/www.benchmarkemail.com\/br\/wp-json\/wp\/v2\/pages"}],"about":[{"href":"https:\/\/www.benchmarkemail.com\/br\/wp-json\/wp\/v2\/types\/page"}],"author":[{"embeddable":true,"href":"https:\/\/www.benchmarkemail.com\/br\/wp-json\/wp\/v2\/users\/3"}],"replies":[{"embeddable":true,"href":"https:\/\/www.benchmarkemail.com\/br\/wp-json\/wp\/v2\/comments?post=58"}],"version-history":[{"count":0,"href":"https:\/\/www.benchmarkemail.com\/br\/wp-json\/wp\/v2\/pages\/58\/revisions"}],"wp:attachment":[{"href":"https:\/\/www.benchmarkemail.com\/br\/wp-json\/wp\/v2\/media?parent=58"}],"curies":[{"name":"wp","href":"https:\/\/api.w.org\/{rel}","templated":true}]}}