{"id":7915,"date":"2019-11-18T21:02:42","date_gmt":"2019-11-18T21:02:42","guid":{"rendered":"http:\/\/bme2.flywheelsites.com\/?page_id=7915"},"modified":"2026-03-04T12:00:21","modified_gmt":"2026-03-04T12:00:21","slug":"zapier","status":"publish","type":"page","link":"https:\/\/www.benchmarkemail.com\/br\/partners\/integrations\/zapier\/","title":{"rendered":"Zapier"},"content":{"rendered":"<h1>\r\n\t\tIntegra\u00e7\u00e3o do Zapier com a Benchmark Email\r\n\t<\/h1>\r\n\t<h2>Integre com mais de 1.500 aplicativas com apenas um clique<\/h2>\r\n\t<p>Atrav\u00e9s da nossa integra\u00e7\u00e3o com o Zapier, voc\u00ea consegue integrar sua conta da Benchmark Email com mais de 1.500 aplicativos diferentes, como Gmail, Evernote, Facebook ou Google Docs. Agora, sua conta da Benchmark est\u00e1 mais poderosa que nunca!<\/p>\r\n<p><img loading=\"lazy\" decoding=\"async\" src=\"https:\/\/www.benchmarkemail.com\/wp-content\/uploads\/2019\/11\/zapier-screen.png\" alt=\"\" width=\"394\" height=\"623\" \/><\/p>\r\n<h3><\/h3>\r\n<h3>Veja algumas maneiras com as quais voc\u00ea pode automatizar seu Email Marketing com o poder da Benchmark e do Zapier:<\/h3>\r\n<ul>\r\n<li>Adicione emails de sua conta do Gmail em uma lista da Benchmark Email<\/li>\r\n<li>Envie facilmente pessoas que se registraram ou assistiram seus webinars do GoToWebinar \u00e0 sua conta da Benchmark Email<\/li>\r\n<li>Adicione pessoas que se inscreveram em um evento do Eventbrite automaticamente em uma lista da Benchmark Email<\/li>\r\n<li>Adicione inscritos de uma planilha do Google Docs \u00e0 sua conta da Benchmark Email ou fa\u00e7a o caminho inverso, enviando contatos da Benchmark Email em uma Planilha do Google<\/li>\r\n<li>Adicione inscritos em sua conta da Benchmark Email atrav\u00e9s do Wufoo<\/li>\r\n<li>Adicione clientes do Desk.com em uma lista da Benchmark Email automaticamente ou vice-versa<\/li>\r\n<li>Envie contatos entre a Benchmark Email e o Capsule CRM<\/li>\r\n<li>Envie os dados de seus clientes do LiveChat e adicione-os a uma lista da Benchmark Email<\/li>\r\n<\/ul>\r\n<p>&nbsp;<\/p>\r\n<h3>Como funciona?<\/h3>\r\n<p>As integra\u00e7\u00f5es do Zapier permitem executar dois tipos de a\u00e7\u00e3o: as de envio e as de recebimento. Por exemplo, se uma pessoa se inscrever em um de seus formul\u00e1rios da Benchmark Email, um gatilho pode ser disparado em outro aplicativo integrado atrav\u00e9s do Zapier. Nesse caso, pode ser que voc\u00ea tenha configurado a integra\u00e7\u00e3o para que uma liga\u00e7\u00e3o seja agendada em seu CRM quando essa a\u00e7\u00e3o acontecer. O inverso tamb\u00e9m pode ser verdade: por exemplo, se uma pessoa te enviar um email no Gmail, o endere\u00e7o de email dela pode ser adicionado automaticamente em sua conta da Benchmark Email.<\/p>\r\n\t\t\t\t<img decoding=\"async\" src=\"https:\/\/www.benchmarkemail.com\/wp-content\/uploads\/2019\/11\/zapier.png\" alt=\"zapier\" itemprop=\"image\" title=\"zapier\" onerror=\"this.style.display='none'\"  \/>\r\n\t\t\t<a href=\"https:\/\/kb.benchmarkemail.com\/br\/how-to-connect-benchmark-with-zapier\/\" target=\"_self\" role=\"button\" rel=\"noopener noreferrer\">\r\n\t\t\t\t\t\t\tConecte-se Hoje!\r\n\t\t\t\t\t<\/a>\r\n","protected":false},"excerpt":{"rendered":"<p>Integra\u00e7\u00e3o do Zapier com a Benchmark Email Integre com mais de 1.500 aplicativas com apenas um clique Atrav\u00e9s da nossa integra\u00e7\u00e3o com o Zapier, voc\u00ea consegue integrar sua conta da Benchmark Email com mais de 1.500 aplicativos diferentes, como Gmail, Evernote, Facebook ou Google Docs. Agora, sua conta da Benchmark est\u00e1 mais poderosa que nunca!&hellip;<\/p>\n","protected":false},"author":3,"featured_media":0,"parent":450,"menu_order":0,"comment_status":"closed","ping_status":"closed","template":"","meta":{"inline_featured_image":false,"footnotes":""},"class_list":["post-7915","page","type-page","status-publish","hentry"],"yoast_head":"<!-- This site is optimized with the Yoast SEO plugin v27.3 - https:\/\/yoast.com\/product\/yoast-seo-wordpress\/ -->\n<title>Zapier - Benchmark Email Zapier Integration<\/title>\n<meta name=\"description\" content=\"Integrate with 900+ other web services like Gmail, Evernote, Facebook and Google Docs with our Zapier integration.\" \/>\n<meta name=\"robots\" content=\"index, follow, max-snippet:-1, max-image-preview:large, max-video-preview:-1\" \/>\n<link rel=\"canonical\" href=\"https:\/\/www.benchmarkemail.com\/br\/partners\/integrations\/zapier\/\" \/>\n<meta property=\"og:locale\" content=\"en_US\" \/>\n<meta property=\"og:type\" content=\"article\" \/>\n<meta property=\"og:title\" content=\"Zapier - Benchmark Email Zapier Integration\" \/>\n<meta property=\"og:description\" content=\"Integrate with 900+ other web services like Gmail, Evernote, Facebook and Google Docs with our Zapier integration.\" \/>\n<meta property=\"og:url\" content=\"https:\/\/www.benchmarkemail.com\/br\/partners\/integrations\/zapier\/\" \/>\n<meta property=\"og:site_name\" content=\"Benchmark Email em Portugu\u00eas\" \/>\n<meta property=\"article:publisher\" content=\"https:\/\/www.facebook.com\/BenchmarkBR\" \/>\n<meta property=\"article:modified_time\" content=\"2026-03-04T12:00:21+00:00\" \/>\n<meta property=\"og:image\" content=\"https:\/\/www.benchmarkemail.com\/wp-content\/uploads\/2019\/11\/zapier-screen.png\" \/>\n<meta name=\"twitter:card\" content=\"summary_large_image\" \/>\n<meta name=\"twitter:label1\" content=\"Est. reading time\" \/>\n\t<meta name=\"twitter:data1\" content=\"2 minutes\" \/>\n<script type=\"application\/ld+json\" class=\"yoast-schema-graph\">{\"@context\":\"https:\\\/\\\/schema.org\",\"@graph\":[{\"@type\":\"WebPage\",\"@id\":\"https:\\\/\\\/www.benchmarkemail.com\\\/br\\\/partners\\\/integrations\\\/zapier\\\/\",\"url\":\"https:\\\/\\\/www.benchmarkemail.com\\\/br\\\/partners\\\/integrations\\\/zapier\\\/\",\"name\":\"Zapier - Benchmark Email Zapier Integration\",\"isPartOf\":{\"@id\":\"https:\\\/\\\/www.benchmarkemail.com\\\/br\\\/#website\"},\"primaryImageOfPage\":{\"@id\":\"https:\\\/\\\/www.benchmarkemail.com\\\/br\\\/partners\\\/integrations\\\/zapier\\\/#primaryimage\"},\"image\":{\"@id\":\"https:\\\/\\\/www.benchmarkemail.com\\\/br\\\/partners\\\/integrations\\\/zapier\\\/#primaryimage\"},\"thumbnailUrl\":\"https:\\\/\\\/www.benchmarkemail.com\\\/wp-content\\\/uploads\\\/2019\\\/11\\\/zapier-screen.png\",\"datePublished\":\"2019-11-18T21:02:42+00:00\",\"dateModified\":\"2026-03-04T12:00:21+00:00\",\"description\":\"Integrate with 900+ other web services like Gmail, Evernote, Facebook and Google Docs with our Zapier integration.\",\"breadcrumb\":{\"@id\":\"https:\\\/\\\/www.benchmarkemail.com\\\/br\\\/partners\\\/integrations\\\/zapier\\\/#breadcrumb\"},\"inLanguage\":\"en-US\",\"potentialAction\":[{\"@type\":\"ReadAction\",\"target\":[\"https:\\\/\\\/www.benchmarkemail.com\\\/br\\\/partners\\\/integrations\\\/zapier\\\/\"]}]},{\"@type\":\"ImageObject\",\"inLanguage\":\"en-US\",\"@id\":\"https:\\\/\\\/www.benchmarkemail.com\\\/br\\\/partners\\\/integrations\\\/zapier\\\/#primaryimage\",\"url\":\"https:\\\/\\\/www.benchmarkemail.com\\\/wp-content\\\/uploads\\\/2019\\\/11\\\/zapier-screen.png\",\"contentUrl\":\"https:\\\/\\\/www.benchmarkemail.com\\\/wp-content\\\/uploads\\\/2019\\\/11\\\/zapier-screen.png\"},{\"@type\":\"BreadcrumbList\",\"@id\":\"https:\\\/\\\/www.benchmarkemail.com\\\/br\\\/partners\\\/integrations\\\/zapier\\\/#breadcrumb\",\"itemListElement\":[{\"@type\":\"ListItem\",\"position\":1,\"name\":\"Home\",\"item\":\"https:\\\/\\\/www.benchmarkemail.com\\\/br\\\/\"},{\"@type\":\"ListItem\",\"position\":2,\"name\":\"Partners\",\"item\":\"https:\\\/\\\/www.benchmarkemail.com\\\/br\\\/partners\\\/\"},{\"@type\":\"ListItem\",\"position\":3,\"name\":\"Integration Partners\",\"item\":\"https:\\\/\\\/www.benchmarkemail.com\\\/br\\\/partners\\\/integrations\\\/\"},{\"@type\":\"ListItem\",\"position\":4,\"name\":\"Zapier\"}]},{\"@type\":\"WebSite\",\"@id\":\"https:\\\/\\\/www.benchmarkemail.com\\\/br\\\/#website\",\"url\":\"https:\\\/\\\/www.benchmarkemail.com\\\/br\\\/\",\"name\":\"Benchmark Email em Portugu\u00eas\",\"description\":\"\",\"publisher\":{\"@id\":\"https:\\\/\\\/www.benchmarkemail.com\\\/br\\\/#organization\"},\"potentialAction\":[{\"@type\":\"SearchAction\",\"target\":{\"@type\":\"EntryPoint\",\"urlTemplate\":\"https:\\\/\\\/www.benchmarkemail.com\\\/br\\\/?s={search_term_string}\"},\"query-input\":{\"@type\":\"PropertyValueSpecification\",\"valueRequired\":true,\"valueName\":\"search_term_string\"}}],\"inLanguage\":\"en-US\"},{\"@type\":\"Organization\",\"@id\":\"https:\\\/\\\/www.benchmarkemail.com\\\/br\\\/#organization\",\"name\":\"Benchmark Internet Group, LLC\",\"url\":\"https:\\\/\\\/www.benchmarkemail.com\\\/br\\\/\",\"logo\":{\"@type\":\"ImageObject\",\"inLanguage\":\"en-US\",\"@id\":\"https:\\\/\\\/www.benchmarkemail.com\\\/br\\\/#\\\/schema\\\/logo\\\/image\\\/\",\"url\":\"https:\\\/\\\/www.benchmarkemail.com\\\/br\\\/wp-content\\\/uploads\\\/sites\\\/6\\\/2019\\\/09\\\/benchmark-logo.svg\",\"contentUrl\":\"https:\\\/\\\/www.benchmarkemail.com\\\/br\\\/wp-content\\\/uploads\\\/sites\\\/6\\\/2019\\\/09\\\/benchmark-logo.svg\",\"width\":1,\"height\":1,\"caption\":\"Benchmark Internet Group, LLC\"},\"image\":{\"@id\":\"https:\\\/\\\/www.benchmarkemail.com\\\/br\\\/#\\\/schema\\\/logo\\\/image\\\/\"},\"sameAs\":[\"https:\\\/\\\/www.facebook.com\\\/BenchmarkBR\"]}]}<\/script>\n<!-- \/ Yoast SEO plugin. -->","yoast_head_json":{"title":"Zapier - Benchmark Email Zapier Integration","description":"Integrate with 900+ other web services like Gmail, Evernote, Facebook and Google Docs with our Zapier integration.","robots":{"index":"index","follow":"follow","max-snippet":"max-snippet:-1","max-image-preview":"max-image-preview:large","max-video-preview":"max-video-preview:-1"},"canonical":"https:\/\/www.benchmarkemail.com\/br\/partners\/integrations\/zapier\/","og_locale":"en_US","og_type":"article","og_title":"Zapier - Benchmark Email Zapier Integration","og_description":"Integrate with 900+ other web services like Gmail, Evernote, Facebook and Google Docs with our Zapier integration.","og_url":"https:\/\/www.benchmarkemail.com\/br\/partners\/integrations\/zapier\/","og_site_name":"Benchmark Email em Portugu\u00eas","article_publisher":"https:\/\/www.facebook.com\/BenchmarkBR","article_modified_time":"2026-03-04T12:00:21+00:00","og_image":[{"url":"https:\/\/www.benchmarkemail.com\/wp-content\/uploads\/2019\/11\/zapier-screen.png","type":"","width":"","height":""}],"twitter_card":"summary_large_image","twitter_misc":{"Est. reading time":"2 minutes"},"schema":{"@context":"https:\/\/schema.org","@graph":[{"@type":"WebPage","@id":"https:\/\/www.benchmarkemail.com\/br\/partners\/integrations\/zapier\/","url":"https:\/\/www.benchmarkemail.com\/br\/partners\/integrations\/zapier\/","name":"Zapier - Benchmark Email Zapier Integration","isPartOf":{"@id":"https:\/\/www.benchmarkemail.com\/br\/#website"},"primaryImageOfPage":{"@id":"https:\/\/www.benchmarkemail.com\/br\/partners\/integrations\/zapier\/#primaryimage"},"image":{"@id":"https:\/\/www.benchmarkemail.com\/br\/partners\/integrations\/zapier\/#primaryimage"},"thumbnailUrl":"https:\/\/www.benchmarkemail.com\/wp-content\/uploads\/2019\/11\/zapier-screen.png","datePublished":"2019-11-18T21:02:42+00:00","dateModified":"2026-03-04T12:00:21+00:00","description":"Integrate with 900+ other web services like Gmail, Evernote, Facebook and Google Docs with our Zapier integration.","breadcrumb":{"@id":"https:\/\/www.benchmarkemail.com\/br\/partners\/integrations\/zapier\/#breadcrumb"},"inLanguage":"en-US","potentialAction":[{"@type":"ReadAction","target":["https:\/\/www.benchmarkemail.com\/br\/partners\/integrations\/zapier\/"]}]},{"@type":"ImageObject","inLanguage":"en-US","@id":"https:\/\/www.benchmarkemail.com\/br\/partners\/integrations\/zapier\/#primaryimage","url":"https:\/\/www.benchmarkemail.com\/wp-content\/uploads\/2019\/11\/zapier-screen.png","contentUrl":"https:\/\/www.benchmarkemail.com\/wp-content\/uploads\/2019\/11\/zapier-screen.png"},{"@type":"BreadcrumbList","@id":"https:\/\/www.benchmarkemail.com\/br\/partners\/integrations\/zapier\/#breadcrumb","itemListElement":[{"@type":"ListItem","position":1,"name":"Home","item":"https:\/\/www.benchmarkemail.com\/br\/"},{"@type":"ListItem","position":2,"name":"Partners","item":"https:\/\/www.benchmarkemail.com\/br\/partners\/"},{"@type":"ListItem","position":3,"name":"Integration Partners","item":"https:\/\/www.benchmarkemail.com\/br\/partners\/integrations\/"},{"@type":"ListItem","position":4,"name":"Zapier"}]},{"@type":"WebSite","@id":"https:\/\/www.benchmarkemail.com\/br\/#website","url":"https:\/\/www.benchmarkemail.com\/br\/","name":"Benchmark Email em Portugu\u00eas","description":"","publisher":{"@id":"https:\/\/www.benchmarkemail.com\/br\/#organization"},"potentialAction":[{"@type":"SearchAction","target":{"@type":"EntryPoint","urlTemplate":"https:\/\/www.benchmarkemail.com\/br\/?s={search_term_string}"},"query-input":{"@type":"PropertyValueSpecification","valueRequired":true,"valueName":"search_term_string"}}],"inLanguage":"en-US"},{"@type":"Organization","@id":"https:\/\/www.benchmarkemail.com\/br\/#organization","name":"Benchmark Internet Group, LLC","url":"https:\/\/www.benchmarkemail.com\/br\/","logo":{"@type":"ImageObject","inLanguage":"en-US","@id":"https:\/\/www.benchmarkemail.com\/br\/#\/schema\/logo\/image\/","url":"https:\/\/www.benchmarkemail.com\/br\/wp-content\/uploads\/sites\/6\/2019\/09\/benchmark-logo.svg","contentUrl":"https:\/\/www.benchmarkemail.com\/br\/wp-content\/uploads\/sites\/6\/2019\/09\/benchmark-logo.svg","width":1,"height":1,"caption":"Benchmark Internet Group, LLC"},"image":{"@id":"https:\/\/www.benchmarkemail.com\/br\/#\/schema\/logo\/image\/"},"sameAs":["https:\/\/www.facebook.com\/BenchmarkBR"]}]}},"_links":{"self":[{"href":"https:\/\/www.benchmarkemail.com\/br\/wp-json\/wp\/v2\/pages\/7915","targetHints":{"allow":["GET"]}}],"collection":[{"href":"https:\/\/www.benchmarkemail.com\/br\/wp-json\/wp\/v2\/pages"}],"about":[{"href":"https:\/\/www.benchmarkemail.com\/br\/wp-json\/wp\/v2\/types\/page"}],"author":[{"embeddable":true,"href":"https:\/\/www.benchmarkemail.com\/br\/wp-json\/wp\/v2\/users\/3"}],"replies":[{"embeddable":true,"href":"https:\/\/www.benchmarkemail.com\/br\/wp-json\/wp\/v2\/comments?post=7915"}],"version-history":[{"count":0,"href":"https:\/\/www.benchmarkemail.com\/br\/wp-json\/wp\/v2\/pages\/7915\/revisions"}],"up":[{"embeddable":true,"href":"https:\/\/www.benchmarkemail.com\/br\/wp-json\/wp\/v2\/pages\/450"}],"wp:attachment":[{"href":"https:\/\/www.benchmarkemail.com\/br\/wp-json\/wp\/v2\/media?parent=7915"}],"curies":[{"name":"wp","href":"https:\/\/api.w.org\/{rel}","templated":true}]}}