{"id":7928,"date":"2019-11-19T15:33:45","date_gmt":"2019-11-19T15:33:45","guid":{"rendered":"http:\/\/bme2.flywheelsites.com\/?page_id=7928"},"modified":"2026-03-04T11:53:22","modified_gmt":"2026-03-04T11:53:22","slug":"acuity-scheduling","status":"publish","type":"page","link":"https:\/\/www.benchmarkemail.com\/br\/features\/acuity-scheduling\/","title":{"rendered":"Acuity Scheduling"},"content":{"rendered":"\n<h1>\n\t\tIntegra\u00e7\u00e3o do Acuity Scheduling com a Benchmark Email\n\t<\/h1>\n\t<h2>Mantenha-se conectado com seus contatos de agendamentos<\/h2>\n<p>Com a nossa integra\u00e7\u00e3o com o Acuity Scheduling, voc\u00ea pode adicionar automaticamente seus contatos a uma lista da Benchmark Email. Crie e automatize as jornadas de seus clientes a partir do momento em que um agendamento \u00e9 efetuado e um contato \u00e9 adicionado \u00e0 sua lista. Dispon\u00edvel gratuitamente para todas as contas da Benchmark.<\/p>\n<h3>Pr\u00e9-Requisitos:<\/h3>\n<ul>\n<li>Conta da Benchmark Email (<a href=\"http:\/\/ui.benchmarkemail.wpengine.com\/br\/register\">crie uma conta gratuita<\/a>)<\/li>\n<li><a href=\"https:\/\/acuityscheduling.com\/\" target=\"_blank\" rel=\"noopener\">Conta do Acuity Scheduling<\/a><\/li>\n<\/ul>\n<h3>Integra\u00e7\u00e3o Simples e R\u00e1pida:<\/h3>\n<ul>\n<li>N\u00e3o \u00e9 necess\u00e1rio fazer download de aplicativos<\/li>\n<li>Adicione automaticamente leads \u00e0s suas listas da Benchmark Email<\/li>\n<li>Crie engajamento de qualidade com o poder do email marketing<\/li>\n<\/ul>\n\t\t\t\t<img loading=\"lazy\" decoding=\"async\" src=\"https:\/\/www.benchmarkemail.com\/br\/wp-content\/uploads\/sites\/6\/2023\/06\/acuity-150x84-1.png\" alt=\"acuity-150x84 (1)\" itemprop=\"image\" height=\"84\" width=\"150\" title=\"acuity-150x84 (1)\" onerror=\"this.style.display='none'\"  \/>\n\t\t\t<a href=\"https:\/\/kb.benchmarkemail.com\/how-do-i-integrate-acuity-scheduling-with-benchmark\/\" target=\"_self\" rel=\"noopener\">\n\t\t\t\t\t\t\tConecte-se Hoje!\n\t\t\t\t\t<\/a>\n\n","protected":false},"excerpt":{"rendered":"<p>Integra\u00e7\u00e3o do Acuity Scheduling com a Benchmark Email Mantenha-se conectado com seus contatos de agendamentos Com a nossa integra\u00e7\u00e3o com o Acuity Scheduling, voc\u00ea pode adicionar automaticamente seus contatos a uma lista da Benchmark Email. Crie e automatize as jornadas de seus clientes a partir do momento em que um agendamento \u00e9 efetuado e um&hellip;<\/p>\n","protected":false},"author":3,"featured_media":0,"parent":49375,"menu_order":0,"comment_status":"closed","ping_status":"closed","template":"","meta":{"inline_featured_image":false,"footnotes":""},"class_list":["post-7928","page","type-page","status-publish","hentry"],"yoast_head":"<!-- This site is optimized with the Yoast SEO plugin v27.4 - https:\/\/yoast.com\/product\/yoast-seo-wordpress\/ -->\n<title>Acuity Scheduling - Integra\u00e7\u00e3o da Benchmark Email com a Acuity Scheduling<\/title>\n<meta name=\"description\" content=\"A Benchmark Email agora permite que voc\u00ea adicione contatos da Acuity Scheduling para suas listas.\" \/>\n<meta name=\"robots\" content=\"index, follow, max-snippet:-1, max-image-preview:large, max-video-preview:-1\" \/>\n<link rel=\"canonical\" href=\"https:\/\/www.benchmarkemail.com\/br\/features\/acuity-scheduling\/\" \/>\n<meta property=\"og:locale\" content=\"en_US\" \/>\n<meta property=\"og:type\" content=\"article\" \/>\n<meta property=\"og:title\" content=\"Acuity Scheduling - Integra\u00e7\u00e3o da Benchmark Email com a Acuity Scheduling\" \/>\n<meta property=\"og:description\" content=\"A Benchmark Email agora permite que voc\u00ea adicione contatos da Acuity Scheduling para suas listas.\" \/>\n<meta property=\"og:url\" content=\"https:\/\/www.benchmarkemail.com\/br\/features\/acuity-scheduling\/\" \/>\n<meta property=\"og:site_name\" content=\"Benchmark Email em Portugu\u00eas\" \/>\n<meta property=\"article:publisher\" content=\"https:\/\/www.facebook.com\/BenchmarkBR\" \/>\n<meta property=\"article:modified_time\" content=\"2026-03-04T11:53:22+00:00\" \/>\n<meta property=\"og:image\" content=\"https:\/\/www.benchmarkemail.com\/br\/wp-content\/uploads\/sites\/6\/2023\/06\/acuity-150x84-1.png\" \/>\n<meta name=\"twitter:card\" content=\"summary_large_image\" \/>\n<meta name=\"twitter:label1\" content=\"Est. reading time\" \/>\n\t<meta name=\"twitter:data1\" content=\"1 minute\" \/>\n<script type=\"application\/ld+json\" class=\"yoast-schema-graph\">{\"@context\":\"https:\\\/\\\/schema.org\",\"@graph\":[{\"@type\":\"WebPage\",\"@id\":\"https:\\\/\\\/www.benchmarkemail.com\\\/br\\\/features\\\/acuity-scheduling\\\/\",\"url\":\"https:\\\/\\\/www.benchmarkemail.com\\\/br\\\/features\\\/acuity-scheduling\\\/\",\"name\":\"Acuity Scheduling - Integra\u00e7\u00e3o da Benchmark Email com a Acuity Scheduling\",\"isPartOf\":{\"@id\":\"https:\\\/\\\/www.benchmarkemail.com\\\/br\\\/#website\"},\"primaryImageOfPage\":{\"@id\":\"https:\\\/\\\/www.benchmarkemail.com\\\/br\\\/features\\\/acuity-scheduling\\\/#primaryimage\"},\"image\":{\"@id\":\"https:\\\/\\\/www.benchmarkemail.com\\\/br\\\/features\\\/acuity-scheduling\\\/#primaryimage\"},\"thumbnailUrl\":\"https:\\\/\\\/www.benchmarkemail.com\\\/br\\\/wp-content\\\/uploads\\\/sites\\\/6\\\/2023\\\/06\\\/acuity-150x84-1.png\",\"datePublished\":\"2019-11-19T15:33:45+00:00\",\"dateModified\":\"2026-03-04T11:53:22+00:00\",\"description\":\"A Benchmark Email agora permite que voc\u00ea adicione contatos da Acuity Scheduling para suas listas.\",\"breadcrumb\":{\"@id\":\"https:\\\/\\\/www.benchmarkemail.com\\\/br\\\/features\\\/acuity-scheduling\\\/#breadcrumb\"},\"inLanguage\":\"en-US\",\"potentialAction\":[{\"@type\":\"ReadAction\",\"target\":[\"https:\\\/\\\/www.benchmarkemail.com\\\/br\\\/features\\\/acuity-scheduling\\\/\"]}]},{\"@type\":\"ImageObject\",\"inLanguage\":\"en-US\",\"@id\":\"https:\\\/\\\/www.benchmarkemail.com\\\/br\\\/features\\\/acuity-scheduling\\\/#primaryimage\",\"url\":\"https:\\\/\\\/www.benchmarkemail.com\\\/br\\\/wp-content\\\/uploads\\\/sites\\\/6\\\/2023\\\/06\\\/acuity-150x84-1.png\",\"contentUrl\":\"https:\\\/\\\/www.benchmarkemail.com\\\/br\\\/wp-content\\\/uploads\\\/sites\\\/6\\\/2023\\\/06\\\/acuity-150x84-1.png\",\"width\":150,\"height\":84},{\"@type\":\"BreadcrumbList\",\"@id\":\"https:\\\/\\\/www.benchmarkemail.com\\\/br\\\/features\\\/acuity-scheduling\\\/#breadcrumb\",\"itemListElement\":[{\"@type\":\"ListItem\",\"position\":1,\"name\":\"Home\",\"item\":\"https:\\\/\\\/www.benchmarkemail.com\\\/br\\\/\"},{\"@type\":\"ListItem\",\"position\":2,\"name\":\"NXG Features\",\"item\":\"https:\\\/\\\/www.benchmarkemail.com\\\/br\\\/features\\\/\"},{\"@type\":\"ListItem\",\"position\":3,\"name\":\"Acuity Scheduling\"}]},{\"@type\":\"WebSite\",\"@id\":\"https:\\\/\\\/www.benchmarkemail.com\\\/br\\\/#website\",\"url\":\"https:\\\/\\\/www.benchmarkemail.com\\\/br\\\/\",\"name\":\"Benchmark Email em Portugu\u00eas\",\"description\":\"\",\"publisher\":{\"@id\":\"https:\\\/\\\/www.benchmarkemail.com\\\/br\\\/#organization\"},\"potentialAction\":[{\"@type\":\"SearchAction\",\"target\":{\"@type\":\"EntryPoint\",\"urlTemplate\":\"https:\\\/\\\/www.benchmarkemail.com\\\/br\\\/?s={search_term_string}\"},\"query-input\":{\"@type\":\"PropertyValueSpecification\",\"valueRequired\":true,\"valueName\":\"search_term_string\"}}],\"inLanguage\":\"en-US\"},{\"@type\":\"Organization\",\"@id\":\"https:\\\/\\\/www.benchmarkemail.com\\\/br\\\/#organization\",\"name\":\"Benchmark Internet Group, LLC\",\"url\":\"https:\\\/\\\/www.benchmarkemail.com\\\/br\\\/\",\"logo\":{\"@type\":\"ImageObject\",\"inLanguage\":\"en-US\",\"@id\":\"https:\\\/\\\/www.benchmarkemail.com\\\/br\\\/#\\\/schema\\\/logo\\\/image\\\/\",\"url\":\"https:\\\/\\\/www.benchmarkemail.com\\\/br\\\/wp-content\\\/uploads\\\/sites\\\/6\\\/2019\\\/09\\\/benchmark-logo.svg\",\"contentUrl\":\"https:\\\/\\\/www.benchmarkemail.com\\\/br\\\/wp-content\\\/uploads\\\/sites\\\/6\\\/2019\\\/09\\\/benchmark-logo.svg\",\"width\":1,\"height\":1,\"caption\":\"Benchmark Internet Group, LLC\"},\"image\":{\"@id\":\"https:\\\/\\\/www.benchmarkemail.com\\\/br\\\/#\\\/schema\\\/logo\\\/image\\\/\"},\"sameAs\":[\"https:\\\/\\\/www.facebook.com\\\/BenchmarkBR\"]}]}<\/script>\n<!-- \/ Yoast SEO plugin. -->","yoast_head_json":{"title":"Acuity Scheduling - Integra\u00e7\u00e3o da Benchmark Email com a Acuity Scheduling","description":"A Benchmark Email agora permite que voc\u00ea adicione contatos da Acuity Scheduling para suas listas.","robots":{"index":"index","follow":"follow","max-snippet":"max-snippet:-1","max-image-preview":"max-image-preview:large","max-video-preview":"max-video-preview:-1"},"canonical":"https:\/\/www.benchmarkemail.com\/br\/features\/acuity-scheduling\/","og_locale":"en_US","og_type":"article","og_title":"Acuity Scheduling - Integra\u00e7\u00e3o da Benchmark Email com a Acuity Scheduling","og_description":"A Benchmark Email agora permite que voc\u00ea adicione contatos da Acuity Scheduling para suas listas.","og_url":"https:\/\/www.benchmarkemail.com\/br\/features\/acuity-scheduling\/","og_site_name":"Benchmark Email em Portugu\u00eas","article_publisher":"https:\/\/www.facebook.com\/BenchmarkBR","article_modified_time":"2026-03-04T11:53:22+00:00","og_image":[{"url":"https:\/\/www.benchmarkemail.com\/br\/wp-content\/uploads\/sites\/6\/2023\/06\/acuity-150x84-1.png","type":"","width":"","height":""}],"twitter_card":"summary_large_image","twitter_misc":{"Est. reading time":"1 minute"},"schema":{"@context":"https:\/\/schema.org","@graph":[{"@type":"WebPage","@id":"https:\/\/www.benchmarkemail.com\/br\/features\/acuity-scheduling\/","url":"https:\/\/www.benchmarkemail.com\/br\/features\/acuity-scheduling\/","name":"Acuity Scheduling - Integra\u00e7\u00e3o da Benchmark Email com a Acuity Scheduling","isPartOf":{"@id":"https:\/\/www.benchmarkemail.com\/br\/#website"},"primaryImageOfPage":{"@id":"https:\/\/www.benchmarkemail.com\/br\/features\/acuity-scheduling\/#primaryimage"},"image":{"@id":"https:\/\/www.benchmarkemail.com\/br\/features\/acuity-scheduling\/#primaryimage"},"thumbnailUrl":"https:\/\/www.benchmarkemail.com\/br\/wp-content\/uploads\/sites\/6\/2023\/06\/acuity-150x84-1.png","datePublished":"2019-11-19T15:33:45+00:00","dateModified":"2026-03-04T11:53:22+00:00","description":"A Benchmark Email agora permite que voc\u00ea adicione contatos da Acuity Scheduling para suas listas.","breadcrumb":{"@id":"https:\/\/www.benchmarkemail.com\/br\/features\/acuity-scheduling\/#breadcrumb"},"inLanguage":"en-US","potentialAction":[{"@type":"ReadAction","target":["https:\/\/www.benchmarkemail.com\/br\/features\/acuity-scheduling\/"]}]},{"@type":"ImageObject","inLanguage":"en-US","@id":"https:\/\/www.benchmarkemail.com\/br\/features\/acuity-scheduling\/#primaryimage","url":"https:\/\/www.benchmarkemail.com\/br\/wp-content\/uploads\/sites\/6\/2023\/06\/acuity-150x84-1.png","contentUrl":"https:\/\/www.benchmarkemail.com\/br\/wp-content\/uploads\/sites\/6\/2023\/06\/acuity-150x84-1.png","width":150,"height":84},{"@type":"BreadcrumbList","@id":"https:\/\/www.benchmarkemail.com\/br\/features\/acuity-scheduling\/#breadcrumb","itemListElement":[{"@type":"ListItem","position":1,"name":"Home","item":"https:\/\/www.benchmarkemail.com\/br\/"},{"@type":"ListItem","position":2,"name":"NXG Features","item":"https:\/\/www.benchmarkemail.com\/br\/features\/"},{"@type":"ListItem","position":3,"name":"Acuity Scheduling"}]},{"@type":"WebSite","@id":"https:\/\/www.benchmarkemail.com\/br\/#website","url":"https:\/\/www.benchmarkemail.com\/br\/","name":"Benchmark Email em Portugu\u00eas","description":"","publisher":{"@id":"https:\/\/www.benchmarkemail.com\/br\/#organization"},"potentialAction":[{"@type":"SearchAction","target":{"@type":"EntryPoint","urlTemplate":"https:\/\/www.benchmarkemail.com\/br\/?s={search_term_string}"},"query-input":{"@type":"PropertyValueSpecification","valueRequired":true,"valueName":"search_term_string"}}],"inLanguage":"en-US"},{"@type":"Organization","@id":"https:\/\/www.benchmarkemail.com\/br\/#organization","name":"Benchmark Internet Group, LLC","url":"https:\/\/www.benchmarkemail.com\/br\/","logo":{"@type":"ImageObject","inLanguage":"en-US","@id":"https:\/\/www.benchmarkemail.com\/br\/#\/schema\/logo\/image\/","url":"https:\/\/www.benchmarkemail.com\/br\/wp-content\/uploads\/sites\/6\/2019\/09\/benchmark-logo.svg","contentUrl":"https:\/\/www.benchmarkemail.com\/br\/wp-content\/uploads\/sites\/6\/2019\/09\/benchmark-logo.svg","width":1,"height":1,"caption":"Benchmark Internet Group, LLC"},"image":{"@id":"https:\/\/www.benchmarkemail.com\/br\/#\/schema\/logo\/image\/"},"sameAs":["https:\/\/www.facebook.com\/BenchmarkBR"]}]}},"_links":{"self":[{"href":"https:\/\/www.benchmarkemail.com\/br\/wp-json\/wp\/v2\/pages\/7928","targetHints":{"allow":["GET"]}}],"collection":[{"href":"https:\/\/www.benchmarkemail.com\/br\/wp-json\/wp\/v2\/pages"}],"about":[{"href":"https:\/\/www.benchmarkemail.com\/br\/wp-json\/wp\/v2\/types\/page"}],"author":[{"embeddable":true,"href":"https:\/\/www.benchmarkemail.com\/br\/wp-json\/wp\/v2\/users\/3"}],"replies":[{"embeddable":true,"href":"https:\/\/www.benchmarkemail.com\/br\/wp-json\/wp\/v2\/comments?post=7928"}],"version-history":[{"count":0,"href":"https:\/\/www.benchmarkemail.com\/br\/wp-json\/wp\/v2\/pages\/7928\/revisions"}],"up":[{"embeddable":true,"href":"https:\/\/www.benchmarkemail.com\/br\/wp-json\/wp\/v2\/pages\/49375"}],"wp:attachment":[{"href":"https:\/\/www.benchmarkemail.com\/br\/wp-json\/wp\/v2\/media?parent=7928"}],"curies":[{"name":"wp","href":"https:\/\/api.w.org\/{rel}","templated":true}]}}