{"id":7986,"date":"2019-11-20T22:27:04","date_gmt":"2019-11-20T22:27:04","guid":{"rendered":"http:\/\/bme2.flywheelsites.com\/?page_id=7986"},"modified":"2026-03-04T11:54:50","modified_gmt":"2026-03-04T11:54:50","slug":"freshbooks","status":"publish","type":"page","link":"https:\/\/www.benchmarkemail.com\/br\/partners\/integrations\/freshbooks\/","title":{"rendered":"Freshbooks"},"content":{"rendered":"\n<h1>\n\t\tIntegra\u00e7\u00e3o da FreshBooks com a Benchmark Email\n\t<\/h1>\n\t<h2>Importe seus contatos da FreshBooks para sua conta da Benchmark.<\/h2>\n<p>Atrav\u00e9s da nossa integra\u00e7\u00e3o com a FreshBooks, voc\u00ea pode integrar seus contatos do FreshBooks CRM com sua conta da Benchmark. Uma solu\u00e7\u00e3o simples para come\u00e7ar a enviar campanhas de email marketing para os contatos que voc\u00ea j\u00e1 estabeleceu com a FreshBooks.<\/p>\n<h3>Pr\u00e9-Requisitos:<\/h3>\n<ul>\n<li>Conta da Benchmark Email (<a href=\"https:\/\/ui.benchmarkemail.com\/br\/register\">crie uma conta gratuita<\/a>)<\/li>\n<li>Conta do FreshBooks<\/li>\n<\/ul>\n<h3>Integra\u00e7\u00e3o Simples e R\u00e1pida:<\/h3>\n<ul>\n<li>N\u00e3o \u00e9 necess\u00e1rio fazer download de aplicativos<\/li>\n<li>Mais f\u00e1cil do que adicionar contatos do Freshbooks manualmente a sua conta da Benchmark<\/li>\n<li>Mantenha contato com seus contatos do FreshBooks com o poder do email marketing<\/li>\n<\/ul>\n\t\t\t\t<img loading=\"lazy\" decoding=\"async\" src=\"https:\/\/www.benchmarkemail.com\/br\/wp-content\/uploads\/sites\/6\/2023\/05\/freshbooks.png\" alt=\"freshbooks\" itemprop=\"image\" height=\"65\" width=\"110\" title=\"freshbooks\" onerror=\"this.style.display='none'\"  \/>\n\t\t\t<a href=\"https:\/\/kb.benchmarkemail.com\/how-do-i-integrate-with-freshbooks\/\" target=\"_self\" rel=\"noopener\">\n\t\t\t\t\t\t\tConecte-se Hoje!\n\t\t\t\t\t<\/a>\n\n","protected":false},"excerpt":{"rendered":"<p>Integra\u00e7\u00e3o da FreshBooks com a Benchmark Email Importe seus contatos da FreshBooks para sua conta da Benchmark. Atrav\u00e9s da nossa integra\u00e7\u00e3o com a FreshBooks, voc\u00ea pode integrar seus contatos do FreshBooks CRM com sua conta da Benchmark. Uma solu\u00e7\u00e3o simples para come\u00e7ar a enviar campanhas de email marketing para os contatos que voc\u00ea j\u00e1 estabeleceu&hellip;<\/p>\n","protected":false},"author":3,"featured_media":0,"parent":450,"menu_order":0,"comment_status":"closed","ping_status":"closed","template":"","meta":{"inline_featured_image":false,"footnotes":""},"class_list":["post-7986","page","type-page","status-publish","hentry"],"yoast_head":"<!-- This site is optimized with the Yoast SEO plugin v27.4 - https:\/\/yoast.com\/product\/yoast-seo-wordpress\/ -->\n<title>Freshbooks - Integra\u00e7\u00e3o FreshBooks<\/title>\n<meta name=\"description\" content=\"A Benchmark Email agora permite que voc\u00ea importe seus contatos do FreshBooks \u00e0 sua conta da Benchmark\" \/>\n<meta name=\"robots\" content=\"index, follow, max-snippet:-1, max-image-preview:large, max-video-preview:-1\" \/>\n<link rel=\"canonical\" href=\"https:\/\/www.benchmarkemail.com\/br\/partners\/integrations\/freshbooks\/\" \/>\n<meta property=\"og:locale\" content=\"en_US\" \/>\n<meta property=\"og:type\" content=\"article\" \/>\n<meta property=\"og:title\" content=\"Freshbooks - Integra\u00e7\u00e3o FreshBooks\" \/>\n<meta property=\"og:description\" content=\"A Benchmark Email agora permite que voc\u00ea importe seus contatos do FreshBooks \u00e0 sua conta da Benchmark\" \/>\n<meta property=\"og:url\" content=\"https:\/\/www.benchmarkemail.com\/br\/partners\/integrations\/freshbooks\/\" \/>\n<meta property=\"og:site_name\" content=\"Benchmark Email em Portugu\u00eas\" \/>\n<meta property=\"article:publisher\" content=\"https:\/\/www.facebook.com\/BenchmarkBR\" \/>\n<meta property=\"article:modified_time\" content=\"2026-03-04T11:54:50+00:00\" \/>\n<meta property=\"og:image\" content=\"https:\/\/www.benchmarkemail.com\/br\/wp-content\/uploads\/sites\/6\/2023\/05\/freshbooks.png\" \/>\n<meta name=\"twitter:card\" content=\"summary_large_image\" \/>\n<meta name=\"twitter:label1\" content=\"Est. reading time\" \/>\n\t<meta name=\"twitter:data1\" content=\"1 minute\" \/>\n<script type=\"application\/ld+json\" class=\"yoast-schema-graph\">{\"@context\":\"https:\\\/\\\/schema.org\",\"@graph\":[{\"@type\":\"WebPage\",\"@id\":\"https:\\\/\\\/www.benchmarkemail.com\\\/br\\\/partners\\\/integrations\\\/freshbooks\\\/\",\"url\":\"https:\\\/\\\/www.benchmarkemail.com\\\/br\\\/partners\\\/integrations\\\/freshbooks\\\/\",\"name\":\"Freshbooks - Integra\u00e7\u00e3o FreshBooks\",\"isPartOf\":{\"@id\":\"https:\\\/\\\/www.benchmarkemail.com\\\/br\\\/#website\"},\"primaryImageOfPage\":{\"@id\":\"https:\\\/\\\/www.benchmarkemail.com\\\/br\\\/partners\\\/integrations\\\/freshbooks\\\/#primaryimage\"},\"image\":{\"@id\":\"https:\\\/\\\/www.benchmarkemail.com\\\/br\\\/partners\\\/integrations\\\/freshbooks\\\/#primaryimage\"},\"thumbnailUrl\":\"https:\\\/\\\/www.benchmarkemail.com\\\/br\\\/wp-content\\\/uploads\\\/sites\\\/6\\\/2023\\\/05\\\/freshbooks.png\",\"datePublished\":\"2019-11-20T22:27:04+00:00\",\"dateModified\":\"2026-03-04T11:54:50+00:00\",\"description\":\"A Benchmark Email agora permite que voc\u00ea importe seus contatos do FreshBooks \u00e0 sua conta da Benchmark\",\"breadcrumb\":{\"@id\":\"https:\\\/\\\/www.benchmarkemail.com\\\/br\\\/partners\\\/integrations\\\/freshbooks\\\/#breadcrumb\"},\"inLanguage\":\"en-US\",\"potentialAction\":[{\"@type\":\"ReadAction\",\"target\":[\"https:\\\/\\\/www.benchmarkemail.com\\\/br\\\/partners\\\/integrations\\\/freshbooks\\\/\"]}]},{\"@type\":\"ImageObject\",\"inLanguage\":\"en-US\",\"@id\":\"https:\\\/\\\/www.benchmarkemail.com\\\/br\\\/partners\\\/integrations\\\/freshbooks\\\/#primaryimage\",\"url\":\"https:\\\/\\\/www.benchmarkemail.com\\\/br\\\/wp-content\\\/uploads\\\/sites\\\/6\\\/2023\\\/05\\\/freshbooks.png\",\"contentUrl\":\"https:\\\/\\\/www.benchmarkemail.com\\\/br\\\/wp-content\\\/uploads\\\/sites\\\/6\\\/2023\\\/05\\\/freshbooks.png\",\"width\":110,\"height\":65},{\"@type\":\"BreadcrumbList\",\"@id\":\"https:\\\/\\\/www.benchmarkemail.com\\\/br\\\/partners\\\/integrations\\\/freshbooks\\\/#breadcrumb\",\"itemListElement\":[{\"@type\":\"ListItem\",\"position\":1,\"name\":\"Home\",\"item\":\"https:\\\/\\\/www.benchmarkemail.com\\\/br\\\/\"},{\"@type\":\"ListItem\",\"position\":2,\"name\":\"Partners\",\"item\":\"https:\\\/\\\/www.benchmarkemail.com\\\/br\\\/partners\\\/\"},{\"@type\":\"ListItem\",\"position\":3,\"name\":\"Integration Partners\",\"item\":\"https:\\\/\\\/www.benchmarkemail.com\\\/br\\\/partners\\\/integrations\\\/\"},{\"@type\":\"ListItem\",\"position\":4,\"name\":\"Freshbooks\"}]},{\"@type\":\"WebSite\",\"@id\":\"https:\\\/\\\/www.benchmarkemail.com\\\/br\\\/#website\",\"url\":\"https:\\\/\\\/www.benchmarkemail.com\\\/br\\\/\",\"name\":\"Benchmark Email em Portugu\u00eas\",\"description\":\"\",\"publisher\":{\"@id\":\"https:\\\/\\\/www.benchmarkemail.com\\\/br\\\/#organization\"},\"potentialAction\":[{\"@type\":\"SearchAction\",\"target\":{\"@type\":\"EntryPoint\",\"urlTemplate\":\"https:\\\/\\\/www.benchmarkemail.com\\\/br\\\/?s={search_term_string}\"},\"query-input\":{\"@type\":\"PropertyValueSpecification\",\"valueRequired\":true,\"valueName\":\"search_term_string\"}}],\"inLanguage\":\"en-US\"},{\"@type\":\"Organization\",\"@id\":\"https:\\\/\\\/www.benchmarkemail.com\\\/br\\\/#organization\",\"name\":\"Benchmark Internet Group, LLC\",\"url\":\"https:\\\/\\\/www.benchmarkemail.com\\\/br\\\/\",\"logo\":{\"@type\":\"ImageObject\",\"inLanguage\":\"en-US\",\"@id\":\"https:\\\/\\\/www.benchmarkemail.com\\\/br\\\/#\\\/schema\\\/logo\\\/image\\\/\",\"url\":\"https:\\\/\\\/www.benchmarkemail.com\\\/br\\\/wp-content\\\/uploads\\\/sites\\\/6\\\/2019\\\/09\\\/benchmark-logo.svg\",\"contentUrl\":\"https:\\\/\\\/www.benchmarkemail.com\\\/br\\\/wp-content\\\/uploads\\\/sites\\\/6\\\/2019\\\/09\\\/benchmark-logo.svg\",\"width\":1,\"height\":1,\"caption\":\"Benchmark Internet Group, LLC\"},\"image\":{\"@id\":\"https:\\\/\\\/www.benchmarkemail.com\\\/br\\\/#\\\/schema\\\/logo\\\/image\\\/\"},\"sameAs\":[\"https:\\\/\\\/www.facebook.com\\\/BenchmarkBR\"]}]}<\/script>\n<!-- \/ Yoast SEO plugin. -->","yoast_head_json":{"title":"Freshbooks - Integra\u00e7\u00e3o FreshBooks","description":"A Benchmark Email agora permite que voc\u00ea importe seus contatos do FreshBooks \u00e0 sua conta da Benchmark","robots":{"index":"index","follow":"follow","max-snippet":"max-snippet:-1","max-image-preview":"max-image-preview:large","max-video-preview":"max-video-preview:-1"},"canonical":"https:\/\/www.benchmarkemail.com\/br\/partners\/integrations\/freshbooks\/","og_locale":"en_US","og_type":"article","og_title":"Freshbooks - Integra\u00e7\u00e3o FreshBooks","og_description":"A Benchmark Email agora permite que voc\u00ea importe seus contatos do FreshBooks \u00e0 sua conta da Benchmark","og_url":"https:\/\/www.benchmarkemail.com\/br\/partners\/integrations\/freshbooks\/","og_site_name":"Benchmark Email em Portugu\u00eas","article_publisher":"https:\/\/www.facebook.com\/BenchmarkBR","article_modified_time":"2026-03-04T11:54:50+00:00","og_image":[{"url":"https:\/\/www.benchmarkemail.com\/br\/wp-content\/uploads\/sites\/6\/2023\/05\/freshbooks.png","type":"","width":"","height":""}],"twitter_card":"summary_large_image","twitter_misc":{"Est. reading time":"1 minute"},"schema":{"@context":"https:\/\/schema.org","@graph":[{"@type":"WebPage","@id":"https:\/\/www.benchmarkemail.com\/br\/partners\/integrations\/freshbooks\/","url":"https:\/\/www.benchmarkemail.com\/br\/partners\/integrations\/freshbooks\/","name":"Freshbooks - Integra\u00e7\u00e3o FreshBooks","isPartOf":{"@id":"https:\/\/www.benchmarkemail.com\/br\/#website"},"primaryImageOfPage":{"@id":"https:\/\/www.benchmarkemail.com\/br\/partners\/integrations\/freshbooks\/#primaryimage"},"image":{"@id":"https:\/\/www.benchmarkemail.com\/br\/partners\/integrations\/freshbooks\/#primaryimage"},"thumbnailUrl":"https:\/\/www.benchmarkemail.com\/br\/wp-content\/uploads\/sites\/6\/2023\/05\/freshbooks.png","datePublished":"2019-11-20T22:27:04+00:00","dateModified":"2026-03-04T11:54:50+00:00","description":"A Benchmark Email agora permite que voc\u00ea importe seus contatos do FreshBooks \u00e0 sua conta da Benchmark","breadcrumb":{"@id":"https:\/\/www.benchmarkemail.com\/br\/partners\/integrations\/freshbooks\/#breadcrumb"},"inLanguage":"en-US","potentialAction":[{"@type":"ReadAction","target":["https:\/\/www.benchmarkemail.com\/br\/partners\/integrations\/freshbooks\/"]}]},{"@type":"ImageObject","inLanguage":"en-US","@id":"https:\/\/www.benchmarkemail.com\/br\/partners\/integrations\/freshbooks\/#primaryimage","url":"https:\/\/www.benchmarkemail.com\/br\/wp-content\/uploads\/sites\/6\/2023\/05\/freshbooks.png","contentUrl":"https:\/\/www.benchmarkemail.com\/br\/wp-content\/uploads\/sites\/6\/2023\/05\/freshbooks.png","width":110,"height":65},{"@type":"BreadcrumbList","@id":"https:\/\/www.benchmarkemail.com\/br\/partners\/integrations\/freshbooks\/#breadcrumb","itemListElement":[{"@type":"ListItem","position":1,"name":"Home","item":"https:\/\/www.benchmarkemail.com\/br\/"},{"@type":"ListItem","position":2,"name":"Partners","item":"https:\/\/www.benchmarkemail.com\/br\/partners\/"},{"@type":"ListItem","position":3,"name":"Integration Partners","item":"https:\/\/www.benchmarkemail.com\/br\/partners\/integrations\/"},{"@type":"ListItem","position":4,"name":"Freshbooks"}]},{"@type":"WebSite","@id":"https:\/\/www.benchmarkemail.com\/br\/#website","url":"https:\/\/www.benchmarkemail.com\/br\/","name":"Benchmark Email em Portugu\u00eas","description":"","publisher":{"@id":"https:\/\/www.benchmarkemail.com\/br\/#organization"},"potentialAction":[{"@type":"SearchAction","target":{"@type":"EntryPoint","urlTemplate":"https:\/\/www.benchmarkemail.com\/br\/?s={search_term_string}"},"query-input":{"@type":"PropertyValueSpecification","valueRequired":true,"valueName":"search_term_string"}}],"inLanguage":"en-US"},{"@type":"Organization","@id":"https:\/\/www.benchmarkemail.com\/br\/#organization","name":"Benchmark Internet Group, LLC","url":"https:\/\/www.benchmarkemail.com\/br\/","logo":{"@type":"ImageObject","inLanguage":"en-US","@id":"https:\/\/www.benchmarkemail.com\/br\/#\/schema\/logo\/image\/","url":"https:\/\/www.benchmarkemail.com\/br\/wp-content\/uploads\/sites\/6\/2019\/09\/benchmark-logo.svg","contentUrl":"https:\/\/www.benchmarkemail.com\/br\/wp-content\/uploads\/sites\/6\/2019\/09\/benchmark-logo.svg","width":1,"height":1,"caption":"Benchmark Internet Group, LLC"},"image":{"@id":"https:\/\/www.benchmarkemail.com\/br\/#\/schema\/logo\/image\/"},"sameAs":["https:\/\/www.facebook.com\/BenchmarkBR"]}]}},"_links":{"self":[{"href":"https:\/\/www.benchmarkemail.com\/br\/wp-json\/wp\/v2\/pages\/7986","targetHints":{"allow":["GET"]}}],"collection":[{"href":"https:\/\/www.benchmarkemail.com\/br\/wp-json\/wp\/v2\/pages"}],"about":[{"href":"https:\/\/www.benchmarkemail.com\/br\/wp-json\/wp\/v2\/types\/page"}],"author":[{"embeddable":true,"href":"https:\/\/www.benchmarkemail.com\/br\/wp-json\/wp\/v2\/users\/3"}],"replies":[{"embeddable":true,"href":"https:\/\/www.benchmarkemail.com\/br\/wp-json\/wp\/v2\/comments?post=7986"}],"version-history":[{"count":0,"href":"https:\/\/www.benchmarkemail.com\/br\/wp-json\/wp\/v2\/pages\/7986\/revisions"}],"up":[{"embeddable":true,"href":"https:\/\/www.benchmarkemail.com\/br\/wp-json\/wp\/v2\/pages\/450"}],"wp:attachment":[{"href":"https:\/\/www.benchmarkemail.com\/br\/wp-json\/wp\/v2\/media?parent=7986"}],"curies":[{"name":"wp","href":"https:\/\/api.w.org\/{rel}","templated":true}]}}