{"id":7991,"date":"2019-11-20T22:35:24","date_gmt":"2019-11-20T22:35:24","guid":{"rendered":"http:\/\/bme2.flywheelsites.com\/?page_id=7991"},"modified":"2026-03-04T11:54:56","modified_gmt":"2026-03-04T11:54:56","slug":"freshdesk","status":"publish","type":"page","link":"https:\/\/www.benchmarkemail.com\/br\/partners\/integrations\/freshdesk\/","title":{"rendered":"Freshdesk"},"content":{"rendered":"\n<h1>\n\t\tIntegra\u00e7\u00e3o do Freshdesk com a Benchmark Email\n\t<\/h1>\n\t<h2>Adicione contatos do Freshdesk \u00e0s suas listas da Benchmark Email<\/h2>\n<p>Atrav\u00e9s de nossa integra\u00e7\u00e3o com o Freshdesk, voc\u00ea pode adicionar automaticamente os clientes para os quais voc\u00ea d\u00e1 suporte atrav\u00e9s da Freshdesk para uma lista da Benchmark Email. Envie follow-ups para seus clientes atrav\u00e9s de automa\u00e7\u00f5es. Dispon\u00edvel gratuitamente para todos os clientes da Benchmark.<\/p>\n<h3>Pr\u00e9-Requisitos:<\/h3>\n<ul>\n<li>Conta da Benchmark Email (crie uma conta gratuita)<\/li>\n<li><a href=\"https:\/\/www.freshworks.com\/br\/apps\/freshdesk\/benchmark_email\/\">Freshdesk<\/a>Conta do <\/li>\n<\/ul>\n<h3>Integra\u00e7\u00e3o Simples e R\u00e1pida:<\/h3>\n<ul>\n<li>N\u00e3o \u00e9 necess\u00e1rio fazer download de aplicativos<\/li>\n<li>Adicione automaticamente leads \u00e0s suas listas da Benchmark Email<\/li>\n<li>Crie engajamento de qualidade com o poder do email marketing<\/li>\n<\/ul>\n\t\t\t\t<img decoding=\"async\" src=\"https:\/\/www.benchmarkemail.com\/wp-content\/uploads\/2019\/11\/448086-freshdesk-logo.jpg\" alt=\"448086-freshdesk-logo\" itemprop=\"image\" title=\"448086-freshdesk-logo\" onerror=\"this.style.display='none'\"  \/>\n\t\t\t<a href=\"\" target=\"_self\" rel=\"noopener\">\n\t\t\t\t\t\t\tConecte-se Hoje!\n\t\t\t\t\t<\/a>\n\n","protected":false},"excerpt":{"rendered":"<p>Integra\u00e7\u00e3o do Freshdesk com a Benchmark Email Adicione contatos do Freshdesk \u00e0s suas listas da Benchmark Email Atrav\u00e9s de nossa integra\u00e7\u00e3o com o Freshdesk, voc\u00ea pode adicionar automaticamente os clientes para os quais voc\u00ea d\u00e1 suporte atrav\u00e9s da Freshdesk para uma lista da Benchmark Email. Envie follow-ups para seus clientes atrav\u00e9s de automa\u00e7\u00f5es. Dispon\u00edvel gratuitamente&hellip;<\/p>\n","protected":false},"author":3,"featured_media":0,"parent":450,"menu_order":0,"comment_status":"closed","ping_status":"closed","template":"","meta":{"inline_featured_image":false,"footnotes":""},"class_list":["post-7991","page","type-page","status-publish","hentry"],"yoast_head":"<!-- This site is optimized with the Yoast SEO plugin v27.4 - https:\/\/yoast.com\/product\/yoast-seo-wordpress\/ -->\n<title>Freshdesk - Integra\u00e7\u00e3o da Benchmark com a FreshDesk<\/title>\n<meta name=\"description\" content=\"A Benchmark Email agora permite que voc\u00ea adicione contatos da FreshDesk para suas listas\" \/>\n<meta name=\"robots\" content=\"index, follow, max-snippet:-1, max-image-preview:large, max-video-preview:-1\" \/>\n<link rel=\"canonical\" href=\"https:\/\/www.benchmarkemail.com\/br\/partners\/integrations\/freshdesk\/\" \/>\n<meta property=\"og:locale\" content=\"en_US\" \/>\n<meta property=\"og:type\" content=\"article\" \/>\n<meta property=\"og:title\" content=\"Freshdesk - Integra\u00e7\u00e3o da Benchmark com a FreshDesk\" \/>\n<meta property=\"og:description\" content=\"A Benchmark Email agora permite que voc\u00ea adicione contatos da FreshDesk para suas listas\" \/>\n<meta property=\"og:url\" content=\"https:\/\/www.benchmarkemail.com\/br\/partners\/integrations\/freshdesk\/\" \/>\n<meta property=\"og:site_name\" content=\"Benchmark Email em Portugu\u00eas\" \/>\n<meta property=\"article:publisher\" content=\"https:\/\/www.facebook.com\/BenchmarkBR\" \/>\n<meta property=\"article:modified_time\" content=\"2026-03-04T11:54:56+00:00\" \/>\n<meta property=\"og:image\" content=\"https:\/\/www.benchmarkemail.com\/wp-content\/uploads\/2019\/11\/448086-freshdesk-logo.jpg\" \/>\n<meta name=\"twitter:card\" content=\"summary_large_image\" \/>\n<meta name=\"twitter:label1\" content=\"Est. reading time\" \/>\n\t<meta name=\"twitter:data1\" content=\"1 minute\" \/>\n<script type=\"application\/ld+json\" class=\"yoast-schema-graph\">{\"@context\":\"https:\\\/\\\/schema.org\",\"@graph\":[{\"@type\":\"WebPage\",\"@id\":\"https:\\\/\\\/www.benchmarkemail.com\\\/br\\\/partners\\\/integrations\\\/freshdesk\\\/\",\"url\":\"https:\\\/\\\/www.benchmarkemail.com\\\/br\\\/partners\\\/integrations\\\/freshdesk\\\/\",\"name\":\"Freshdesk - Integra\u00e7\u00e3o da Benchmark com a FreshDesk\",\"isPartOf\":{\"@id\":\"https:\\\/\\\/www.benchmarkemail.com\\\/br\\\/#website\"},\"primaryImageOfPage\":{\"@id\":\"https:\\\/\\\/www.benchmarkemail.com\\\/br\\\/partners\\\/integrations\\\/freshdesk\\\/#primaryimage\"},\"image\":{\"@id\":\"https:\\\/\\\/www.benchmarkemail.com\\\/br\\\/partners\\\/integrations\\\/freshdesk\\\/#primaryimage\"},\"thumbnailUrl\":\"https:\\\/\\\/www.benchmarkemail.com\\\/wp-content\\\/uploads\\\/2019\\\/11\\\/448086-freshdesk-logo.jpg\",\"datePublished\":\"2019-11-20T22:35:24+00:00\",\"dateModified\":\"2026-03-04T11:54:56+00:00\",\"description\":\"A Benchmark Email agora permite que voc\u00ea adicione contatos da FreshDesk para suas listas\",\"breadcrumb\":{\"@id\":\"https:\\\/\\\/www.benchmarkemail.com\\\/br\\\/partners\\\/integrations\\\/freshdesk\\\/#breadcrumb\"},\"inLanguage\":\"en-US\",\"potentialAction\":[{\"@type\":\"ReadAction\",\"target\":[\"https:\\\/\\\/www.benchmarkemail.com\\\/br\\\/partners\\\/integrations\\\/freshdesk\\\/\"]}]},{\"@type\":\"ImageObject\",\"inLanguage\":\"en-US\",\"@id\":\"https:\\\/\\\/www.benchmarkemail.com\\\/br\\\/partners\\\/integrations\\\/freshdesk\\\/#primaryimage\",\"url\":\"https:\\\/\\\/www.benchmarkemail.com\\\/wp-content\\\/uploads\\\/2019\\\/11\\\/448086-freshdesk-logo.jpg\",\"contentUrl\":\"https:\\\/\\\/www.benchmarkemail.com\\\/wp-content\\\/uploads\\\/2019\\\/11\\\/448086-freshdesk-logo.jpg\"},{\"@type\":\"BreadcrumbList\",\"@id\":\"https:\\\/\\\/www.benchmarkemail.com\\\/br\\\/partners\\\/integrations\\\/freshdesk\\\/#breadcrumb\",\"itemListElement\":[{\"@type\":\"ListItem\",\"position\":1,\"name\":\"Home\",\"item\":\"https:\\\/\\\/www.benchmarkemail.com\\\/br\\\/\"},{\"@type\":\"ListItem\",\"position\":2,\"name\":\"Partners\",\"item\":\"https:\\\/\\\/www.benchmarkemail.com\\\/br\\\/partners\\\/\"},{\"@type\":\"ListItem\",\"position\":3,\"name\":\"Integration Partners\",\"item\":\"https:\\\/\\\/www.benchmarkemail.com\\\/br\\\/partners\\\/integrations\\\/\"},{\"@type\":\"ListItem\",\"position\":4,\"name\":\"Freshdesk\"}]},{\"@type\":\"WebSite\",\"@id\":\"https:\\\/\\\/www.benchmarkemail.com\\\/br\\\/#website\",\"url\":\"https:\\\/\\\/www.benchmarkemail.com\\\/br\\\/\",\"name\":\"Benchmark Email em Portugu\u00eas\",\"description\":\"\",\"publisher\":{\"@id\":\"https:\\\/\\\/www.benchmarkemail.com\\\/br\\\/#organization\"},\"potentialAction\":[{\"@type\":\"SearchAction\",\"target\":{\"@type\":\"EntryPoint\",\"urlTemplate\":\"https:\\\/\\\/www.benchmarkemail.com\\\/br\\\/?s={search_term_string}\"},\"query-input\":{\"@type\":\"PropertyValueSpecification\",\"valueRequired\":true,\"valueName\":\"search_term_string\"}}],\"inLanguage\":\"en-US\"},{\"@type\":\"Organization\",\"@id\":\"https:\\\/\\\/www.benchmarkemail.com\\\/br\\\/#organization\",\"name\":\"Benchmark Internet Group, LLC\",\"url\":\"https:\\\/\\\/www.benchmarkemail.com\\\/br\\\/\",\"logo\":{\"@type\":\"ImageObject\",\"inLanguage\":\"en-US\",\"@id\":\"https:\\\/\\\/www.benchmarkemail.com\\\/br\\\/#\\\/schema\\\/logo\\\/image\\\/\",\"url\":\"https:\\\/\\\/www.benchmarkemail.com\\\/br\\\/wp-content\\\/uploads\\\/sites\\\/6\\\/2019\\\/09\\\/benchmark-logo.svg\",\"contentUrl\":\"https:\\\/\\\/www.benchmarkemail.com\\\/br\\\/wp-content\\\/uploads\\\/sites\\\/6\\\/2019\\\/09\\\/benchmark-logo.svg\",\"width\":1,\"height\":1,\"caption\":\"Benchmark Internet Group, LLC\"},\"image\":{\"@id\":\"https:\\\/\\\/www.benchmarkemail.com\\\/br\\\/#\\\/schema\\\/logo\\\/image\\\/\"},\"sameAs\":[\"https:\\\/\\\/www.facebook.com\\\/BenchmarkBR\"]}]}<\/script>\n<!-- \/ Yoast SEO plugin. -->","yoast_head_json":{"title":"Freshdesk - Integra\u00e7\u00e3o da Benchmark com a FreshDesk","description":"A Benchmark Email agora permite que voc\u00ea adicione contatos da FreshDesk para suas listas","robots":{"index":"index","follow":"follow","max-snippet":"max-snippet:-1","max-image-preview":"max-image-preview:large","max-video-preview":"max-video-preview:-1"},"canonical":"https:\/\/www.benchmarkemail.com\/br\/partners\/integrations\/freshdesk\/","og_locale":"en_US","og_type":"article","og_title":"Freshdesk - Integra\u00e7\u00e3o da Benchmark com a FreshDesk","og_description":"A Benchmark Email agora permite que voc\u00ea adicione contatos da FreshDesk para suas listas","og_url":"https:\/\/www.benchmarkemail.com\/br\/partners\/integrations\/freshdesk\/","og_site_name":"Benchmark Email em Portugu\u00eas","article_publisher":"https:\/\/www.facebook.com\/BenchmarkBR","article_modified_time":"2026-03-04T11:54:56+00:00","og_image":[{"url":"https:\/\/www.benchmarkemail.com\/wp-content\/uploads\/2019\/11\/448086-freshdesk-logo.jpg","type":"","width":"","height":""}],"twitter_card":"summary_large_image","twitter_misc":{"Est. reading time":"1 minute"},"schema":{"@context":"https:\/\/schema.org","@graph":[{"@type":"WebPage","@id":"https:\/\/www.benchmarkemail.com\/br\/partners\/integrations\/freshdesk\/","url":"https:\/\/www.benchmarkemail.com\/br\/partners\/integrations\/freshdesk\/","name":"Freshdesk - Integra\u00e7\u00e3o da Benchmark com a FreshDesk","isPartOf":{"@id":"https:\/\/www.benchmarkemail.com\/br\/#website"},"primaryImageOfPage":{"@id":"https:\/\/www.benchmarkemail.com\/br\/partners\/integrations\/freshdesk\/#primaryimage"},"image":{"@id":"https:\/\/www.benchmarkemail.com\/br\/partners\/integrations\/freshdesk\/#primaryimage"},"thumbnailUrl":"https:\/\/www.benchmarkemail.com\/wp-content\/uploads\/2019\/11\/448086-freshdesk-logo.jpg","datePublished":"2019-11-20T22:35:24+00:00","dateModified":"2026-03-04T11:54:56+00:00","description":"A Benchmark Email agora permite que voc\u00ea adicione contatos da FreshDesk para suas listas","breadcrumb":{"@id":"https:\/\/www.benchmarkemail.com\/br\/partners\/integrations\/freshdesk\/#breadcrumb"},"inLanguage":"en-US","potentialAction":[{"@type":"ReadAction","target":["https:\/\/www.benchmarkemail.com\/br\/partners\/integrations\/freshdesk\/"]}]},{"@type":"ImageObject","inLanguage":"en-US","@id":"https:\/\/www.benchmarkemail.com\/br\/partners\/integrations\/freshdesk\/#primaryimage","url":"https:\/\/www.benchmarkemail.com\/wp-content\/uploads\/2019\/11\/448086-freshdesk-logo.jpg","contentUrl":"https:\/\/www.benchmarkemail.com\/wp-content\/uploads\/2019\/11\/448086-freshdesk-logo.jpg"},{"@type":"BreadcrumbList","@id":"https:\/\/www.benchmarkemail.com\/br\/partners\/integrations\/freshdesk\/#breadcrumb","itemListElement":[{"@type":"ListItem","position":1,"name":"Home","item":"https:\/\/www.benchmarkemail.com\/br\/"},{"@type":"ListItem","position":2,"name":"Partners","item":"https:\/\/www.benchmarkemail.com\/br\/partners\/"},{"@type":"ListItem","position":3,"name":"Integration Partners","item":"https:\/\/www.benchmarkemail.com\/br\/partners\/integrations\/"},{"@type":"ListItem","position":4,"name":"Freshdesk"}]},{"@type":"WebSite","@id":"https:\/\/www.benchmarkemail.com\/br\/#website","url":"https:\/\/www.benchmarkemail.com\/br\/","name":"Benchmark Email em Portugu\u00eas","description":"","publisher":{"@id":"https:\/\/www.benchmarkemail.com\/br\/#organization"},"potentialAction":[{"@type":"SearchAction","target":{"@type":"EntryPoint","urlTemplate":"https:\/\/www.benchmarkemail.com\/br\/?s={search_term_string}"},"query-input":{"@type":"PropertyValueSpecification","valueRequired":true,"valueName":"search_term_string"}}],"inLanguage":"en-US"},{"@type":"Organization","@id":"https:\/\/www.benchmarkemail.com\/br\/#organization","name":"Benchmark Internet Group, LLC","url":"https:\/\/www.benchmarkemail.com\/br\/","logo":{"@type":"ImageObject","inLanguage":"en-US","@id":"https:\/\/www.benchmarkemail.com\/br\/#\/schema\/logo\/image\/","url":"https:\/\/www.benchmarkemail.com\/br\/wp-content\/uploads\/sites\/6\/2019\/09\/benchmark-logo.svg","contentUrl":"https:\/\/www.benchmarkemail.com\/br\/wp-content\/uploads\/sites\/6\/2019\/09\/benchmark-logo.svg","width":1,"height":1,"caption":"Benchmark Internet Group, LLC"},"image":{"@id":"https:\/\/www.benchmarkemail.com\/br\/#\/schema\/logo\/image\/"},"sameAs":["https:\/\/www.facebook.com\/BenchmarkBR"]}]}},"_links":{"self":[{"href":"https:\/\/www.benchmarkemail.com\/br\/wp-json\/wp\/v2\/pages\/7991","targetHints":{"allow":["GET"]}}],"collection":[{"href":"https:\/\/www.benchmarkemail.com\/br\/wp-json\/wp\/v2\/pages"}],"about":[{"href":"https:\/\/www.benchmarkemail.com\/br\/wp-json\/wp\/v2\/types\/page"}],"author":[{"embeddable":true,"href":"https:\/\/www.benchmarkemail.com\/br\/wp-json\/wp\/v2\/users\/3"}],"replies":[{"embeddable":true,"href":"https:\/\/www.benchmarkemail.com\/br\/wp-json\/wp\/v2\/comments?post=7991"}],"version-history":[{"count":0,"href":"https:\/\/www.benchmarkemail.com\/br\/wp-json\/wp\/v2\/pages\/7991\/revisions"}],"up":[{"embeddable":true,"href":"https:\/\/www.benchmarkemail.com\/br\/wp-json\/wp\/v2\/pages\/450"}],"wp:attachment":[{"href":"https:\/\/www.benchmarkemail.com\/br\/wp-json\/wp\/v2\/media?parent=7991"}],"curies":[{"name":"wp","href":"https:\/\/api.w.org\/{rel}","templated":true}]}}