{"id":8347,"date":"2019-12-13T13:37:46","date_gmt":"2019-12-13T13:37:46","guid":{"rendered":"http:\/\/bme2.flywheelsites.com\/?page_id=8347"},"modified":"2026-03-04T12:01:55","modified_gmt":"2026-03-04T12:01:55","slug":"downloads","status":"publish","type":"page","link":"https:\/\/www.benchmarkemail.com\/br\/about-us\/downloads\/","title":{"rendered":"Downloads"},"content":{"rendered":"<h2>\n\t\tDownloads \n\t<\/h2>\n\t    <style>\n        .sub-nav {\n    display: block;\n    margin-bottom: 0;\n    padding-top: 0;\n    white-space: nowrap;\n    text-align: center;\n}\n.sub-nav dd {\n    display: inline-block;\n    float: none;\n}\n.sub-nav dd.active a {\n    background: 0 0;\n    font-weight: 600;\n    border-radius: 0;\n    border-bottom: 3px solid \n#4e5ff9;\ncolor:\n    #4e5ff9;\n}\n.sub-nav dd a {\n    font-size: .64rem;\n    font-weight: 400;\n    letter-spacing: 1px;\n    display: block;\n    line-height: 100%;\n    padding: 1.5rem;\n    background-color: transparent;\n    text-transform: uppercase;\n    transition: color .3s ease-out;\n    color: #afb1b5;\n    margin-bottom: -10px;\n}\n.sub-nav dd a:hover {\n    color:  #353844;\n}\n    <\/style>\n        <dl>\n                <dd><a href=\"https:\/\/www.benchmarkemail.com\/br\/about-us\/brand-assets\/\">DIRETRIZES<\/a><\/dd>\n                <dd><a href=\"#\">DOWNLOADS<\/a><\/dd>\n                <dd><a href=\"https:\/\/www.benchmarkemail.com\/br\/about-us\/brand-assets\/screenshots\/\">CAPTURAS DE TELA\n<\/a><\/dd>\n            <\/dl>\n<h2>\n\t\tLogos\n\t<\/h2>\n\t\t\t\t<img decoding=\"async\" src=\"https:\/\/www-new.benchmarkemail.wpengine.com\/images\/brand-resources\/horizontal-final-logo.svg\" alt=\"horizontal-final-logo.svg\" itemprop=\"image\" title=\"horizontal-final-logo.svg\" onerror=\"this.style.display='none'\"  \/>\n\t<ul>\n    <li>\n        <a href=\"https:\/\/ui.benchmarkemail.wpengine.com\/files\/Benchmark-horizontal-logo\/bm-horizontal-logo.ai\">AI<\/a>\n    <\/li>\n    <li>\n        <a href=\"https:\/\/ui.benchmarkemail.wpengine.com\/files\/Benchmark-horizontal-logo\/bm-horizontal-logo.eps\">EPS<\/a>\n    <\/li>\n    <li>\n        <a href=\"https:\/\/ui.benchmarkemail.wpengine.com\/files\/Benchmark-horizontal-logo\/bm-horizontal-logo-png.zip\">PNG<\/a>\n    <\/li>\n<\/ul>\n\t\t\t\t<img decoding=\"async\" src=\"https:\/\/www-new.benchmarkemail.wpengine.com\/images\/brand-resources\/vertical-final-logo.svg\" alt=\"vertical-final-logo.svg\" itemprop=\"image\" title=\"vertical-final-logo.svg\" onerror=\"this.style.display='none'\"  \/>\n\t<ul>\n    <li>\n        <a href=\"https:\/\/ui.benchmarkemail.wpengine.com\/files\/Bechmark-vertical-logo\/Bechmark-vertical.ai\">AI<\/a>\n    <\/li>\n    <li>\n        <a href=\"https:\/\/ui.benchmarkemail.wpengine.com\/files\/Bechmark-vertical-logo\/Bechmark-vertical.eps\">EPS<\/a>\n    <\/li>\n    <li>\n        <a href=\"https:\/\/ui.benchmarkemail.wpengine.com\/files\/Bechmark-vertical-logo\/Bechmark-vertical-png.zip\">PNG<\/a>\n    <\/li>\n<\/ul>\n\t\t\t\t<img decoding=\"async\" src=\"https:\/\/www-new.benchmarkemail.wpengine.com\/images\/brand-resources\/logomark-final-logo.svg\" alt=\"logomark-final-logo.svg\" itemprop=\"image\" title=\"logomark-final-logo.svg\" onerror=\"this.style.display='none'\"  \/>\n\t<ul>\n    <li>\n        <a href=\"https:\/\/ui.benchmarkemail.wpengine.com\/files\/Bechmark-logomark\/Bechmark-logomark.ai\">AI<\/a>\n    <\/li>\n    <li>\n        <a href=\"https:\/\/ui.benchmarkemail.wpengine.com\/files\/Bechmark-logomark\/Bechmark-logomark.eps\">EPS<\/a>\n    <\/li>\n    <li>\n        <a href=\"https:\/\/ui.benchmarkemail.wpengine.com\/files\/Bechmark-logomark\/Bechmark-logomark-png.zip\">PNG<\/a>\n    <\/li>\n<\/ul>\n\t<h2>Inscreva-se para a sua conta absolutamente gratuita<\/h2>\n<p>Cart\u00e3o de Cr\u00e9dito n\u00e3o requerido<\/p>\n\t<style>\n.signup-form-wrap input.form-text-field {\n    box-shadow: none;\n    height: auto;\n    border: 1px solid \n#e6e6e8;\nborder-radius: 3px;\nfont-size: 1rem;\n-webkit-box-shadow: 0 0 0 1000px\n    #fff inset;\n    color: #666872;\n    height: 42px;\n}\n.signup-form-wrap #frm_submit_new {\n    font-size: .8rem;\n    font-weight: 600;\n    text-transform: uppercase;\n    background-color: \n#4e5ff9;\nletter-spacing: 1px;\ncolor: #4e5ff9;\ncolor:\n    #fff;\n    border: none;\n    height: 42px;\n}\n<\/style>\n            <input type=\"text\" placeholder=\"Nome\" id=\"frm_first_name\">\n            <input type=\"text\" placeholder=\"Sobrenome\" id=\"frm_last_name\">\n            <input type=\"text\" placeholder=\"Email\" id=\"frm_email_new\">\n            <input type=\"button\" value=\"Plano Gratuito\" id=\"frm_submit_new\">\n","protected":false},"excerpt":{"rendered":"<p>Downloads DIRETRIZES DOWNLOADS CAPTURAS DE TELA Logos AI EPS PNG AI EPS PNG AI EPS PNG Inscreva-se para a sua conta absolutamente gratuita Cart\u00e3o de Cr\u00e9dito n\u00e3o requerido<\/p>\n","protected":false},"author":7,"featured_media":0,"parent":49354,"menu_order":0,"comment_status":"closed","ping_status":"closed","template":"","meta":{"inline_featured_image":false,"footnotes":""},"class_list":["post-8347","page","type-page","status-publish","hentry"],"yoast_head":"<!-- This site is optimized with the Yoast SEO plugin v27.4 - https:\/\/yoast.com\/product\/yoast-seo-wordpress\/ -->\n<title>Downloads - Downloads<\/title>\n<meta name=\"robots\" content=\"index, follow, max-snippet:-1, max-image-preview:large, max-video-preview:-1\" \/>\n<link rel=\"canonical\" href=\"https:\/\/www.benchmarkemail.com\/br\/about-us\/downloads\/\" \/>\n<meta property=\"og:locale\" content=\"en_US\" \/>\n<meta property=\"og:type\" content=\"article\" \/>\n<meta property=\"og:title\" content=\"Downloads - Downloads\" \/>\n<meta property=\"og:description\" content=\"Downloads DIRETRIZES DOWNLOADS CAPTURAS DE TELA Logos AI EPS PNG AI EPS PNG AI EPS PNG Inscreva-se para a sua conta absolutamente gratuita Cart\u00e3o de Cr\u00e9dito n\u00e3o requerido\" \/>\n<meta property=\"og:url\" content=\"https:\/\/www.benchmarkemail.com\/br\/about-us\/downloads\/\" \/>\n<meta property=\"og:site_name\" content=\"Benchmark Email em Portugu\u00eas\" \/>\n<meta property=\"article:publisher\" content=\"https:\/\/www.facebook.com\/BenchmarkBR\" \/>\n<meta property=\"article:modified_time\" content=\"2026-03-04T12:01:55+00:00\" \/>\n<meta property=\"og:image\" content=\"https:\/\/www-new.benchmarkemail.wpengine.com\/images\/brand-resources\/horizontal-final-logo.svg\" \/>\n<meta name=\"twitter:card\" content=\"summary_large_image\" \/>\n<script type=\"application\/ld+json\" class=\"yoast-schema-graph\">{\"@context\":\"https:\\\/\\\/schema.org\",\"@graph\":[{\"@type\":\"WebPage\",\"@id\":\"https:\\\/\\\/www.benchmarkemail.com\\\/br\\\/about-us\\\/downloads\\\/\",\"url\":\"https:\\\/\\\/www.benchmarkemail.com\\\/br\\\/about-us\\\/downloads\\\/\",\"name\":\"Downloads - Downloads\",\"isPartOf\":{\"@id\":\"https:\\\/\\\/www.benchmarkemail.com\\\/br\\\/#website\"},\"primaryImageOfPage\":{\"@id\":\"https:\\\/\\\/www.benchmarkemail.com\\\/br\\\/about-us\\\/downloads\\\/#primaryimage\"},\"image\":{\"@id\":\"https:\\\/\\\/www.benchmarkemail.com\\\/br\\\/about-us\\\/downloads\\\/#primaryimage\"},\"thumbnailUrl\":\"https:\\\/\\\/www-new.benchmarkemail.wpengine.com\\\/images\\\/brand-resources\\\/horizontal-final-logo.svg\",\"datePublished\":\"2019-12-13T13:37:46+00:00\",\"dateModified\":\"2026-03-04T12:01:55+00:00\",\"breadcrumb\":{\"@id\":\"https:\\\/\\\/www.benchmarkemail.com\\\/br\\\/about-us\\\/downloads\\\/#breadcrumb\"},\"inLanguage\":\"en-US\",\"potentialAction\":[{\"@type\":\"ReadAction\",\"target\":[\"https:\\\/\\\/www.benchmarkemail.com\\\/br\\\/about-us\\\/downloads\\\/\"]}]},{\"@type\":\"ImageObject\",\"inLanguage\":\"en-US\",\"@id\":\"https:\\\/\\\/www.benchmarkemail.com\\\/br\\\/about-us\\\/downloads\\\/#primaryimage\",\"url\":\"https:\\\/\\\/www-new.benchmarkemail.wpengine.com\\\/images\\\/brand-resources\\\/horizontal-final-logo.svg\",\"contentUrl\":\"https:\\\/\\\/www-new.benchmarkemail.wpengine.com\\\/images\\\/brand-resources\\\/horizontal-final-logo.svg\"},{\"@type\":\"BreadcrumbList\",\"@id\":\"https:\\\/\\\/www.benchmarkemail.com\\\/br\\\/about-us\\\/downloads\\\/#breadcrumb\",\"itemListElement\":[{\"@type\":\"ListItem\",\"position\":1,\"name\":\"Home\",\"item\":\"https:\\\/\\\/www.benchmarkemail.com\\\/br\\\/\"},{\"@type\":\"ListItem\",\"position\":2,\"name\":\"NXG ABOUT US\",\"item\":\"https:\\\/\\\/www.benchmarkemail.com\\\/br\\\/about-us\\\/\"},{\"@type\":\"ListItem\",\"position\":3,\"name\":\"Downloads\"}]},{\"@type\":\"WebSite\",\"@id\":\"https:\\\/\\\/www.benchmarkemail.com\\\/br\\\/#website\",\"url\":\"https:\\\/\\\/www.benchmarkemail.com\\\/br\\\/\",\"name\":\"Benchmark Email em Portugu\u00eas\",\"description\":\"\",\"publisher\":{\"@id\":\"https:\\\/\\\/www.benchmarkemail.com\\\/br\\\/#organization\"},\"potentialAction\":[{\"@type\":\"SearchAction\",\"target\":{\"@type\":\"EntryPoint\",\"urlTemplate\":\"https:\\\/\\\/www.benchmarkemail.com\\\/br\\\/?s={search_term_string}\"},\"query-input\":{\"@type\":\"PropertyValueSpecification\",\"valueRequired\":true,\"valueName\":\"search_term_string\"}}],\"inLanguage\":\"en-US\"},{\"@type\":\"Organization\",\"@id\":\"https:\\\/\\\/www.benchmarkemail.com\\\/br\\\/#organization\",\"name\":\"Benchmark Internet Group, LLC\",\"url\":\"https:\\\/\\\/www.benchmarkemail.com\\\/br\\\/\",\"logo\":{\"@type\":\"ImageObject\",\"inLanguage\":\"en-US\",\"@id\":\"https:\\\/\\\/www.benchmarkemail.com\\\/br\\\/#\\\/schema\\\/logo\\\/image\\\/\",\"url\":\"https:\\\/\\\/www.benchmarkemail.com\\\/br\\\/wp-content\\\/uploads\\\/sites\\\/6\\\/2019\\\/09\\\/benchmark-logo.svg\",\"contentUrl\":\"https:\\\/\\\/www.benchmarkemail.com\\\/br\\\/wp-content\\\/uploads\\\/sites\\\/6\\\/2019\\\/09\\\/benchmark-logo.svg\",\"width\":1,\"height\":1,\"caption\":\"Benchmark Internet Group, LLC\"},\"image\":{\"@id\":\"https:\\\/\\\/www.benchmarkemail.com\\\/br\\\/#\\\/schema\\\/logo\\\/image\\\/\"},\"sameAs\":[\"https:\\\/\\\/www.facebook.com\\\/BenchmarkBR\"]}]}<\/script>\n<!-- \/ Yoast SEO plugin. -->","yoast_head_json":{"title":"Downloads - Downloads","robots":{"index":"index","follow":"follow","max-snippet":"max-snippet:-1","max-image-preview":"max-image-preview:large","max-video-preview":"max-video-preview:-1"},"canonical":"https:\/\/www.benchmarkemail.com\/br\/about-us\/downloads\/","og_locale":"en_US","og_type":"article","og_title":"Downloads - Downloads","og_description":"Downloads DIRETRIZES DOWNLOADS CAPTURAS DE TELA Logos AI EPS PNG AI EPS PNG AI EPS PNG Inscreva-se para a sua conta absolutamente gratuita Cart\u00e3o de Cr\u00e9dito n\u00e3o requerido","og_url":"https:\/\/www.benchmarkemail.com\/br\/about-us\/downloads\/","og_site_name":"Benchmark Email em Portugu\u00eas","article_publisher":"https:\/\/www.facebook.com\/BenchmarkBR","article_modified_time":"2026-03-04T12:01:55+00:00","og_image":[{"url":"https:\/\/www-new.benchmarkemail.wpengine.com\/images\/brand-resources\/horizontal-final-logo.svg","type":"","width":"","height":""}],"twitter_card":"summary_large_image","schema":{"@context":"https:\/\/schema.org","@graph":[{"@type":"WebPage","@id":"https:\/\/www.benchmarkemail.com\/br\/about-us\/downloads\/","url":"https:\/\/www.benchmarkemail.com\/br\/about-us\/downloads\/","name":"Downloads - Downloads","isPartOf":{"@id":"https:\/\/www.benchmarkemail.com\/br\/#website"},"primaryImageOfPage":{"@id":"https:\/\/www.benchmarkemail.com\/br\/about-us\/downloads\/#primaryimage"},"image":{"@id":"https:\/\/www.benchmarkemail.com\/br\/about-us\/downloads\/#primaryimage"},"thumbnailUrl":"https:\/\/www-new.benchmarkemail.wpengine.com\/images\/brand-resources\/horizontal-final-logo.svg","datePublished":"2019-12-13T13:37:46+00:00","dateModified":"2026-03-04T12:01:55+00:00","breadcrumb":{"@id":"https:\/\/www.benchmarkemail.com\/br\/about-us\/downloads\/#breadcrumb"},"inLanguage":"en-US","potentialAction":[{"@type":"ReadAction","target":["https:\/\/www.benchmarkemail.com\/br\/about-us\/downloads\/"]}]},{"@type":"ImageObject","inLanguage":"en-US","@id":"https:\/\/www.benchmarkemail.com\/br\/about-us\/downloads\/#primaryimage","url":"https:\/\/www-new.benchmarkemail.wpengine.com\/images\/brand-resources\/horizontal-final-logo.svg","contentUrl":"https:\/\/www-new.benchmarkemail.wpengine.com\/images\/brand-resources\/horizontal-final-logo.svg"},{"@type":"BreadcrumbList","@id":"https:\/\/www.benchmarkemail.com\/br\/about-us\/downloads\/#breadcrumb","itemListElement":[{"@type":"ListItem","position":1,"name":"Home","item":"https:\/\/www.benchmarkemail.com\/br\/"},{"@type":"ListItem","position":2,"name":"NXG ABOUT US","item":"https:\/\/www.benchmarkemail.com\/br\/about-us\/"},{"@type":"ListItem","position":3,"name":"Downloads"}]},{"@type":"WebSite","@id":"https:\/\/www.benchmarkemail.com\/br\/#website","url":"https:\/\/www.benchmarkemail.com\/br\/","name":"Benchmark Email em Portugu\u00eas","description":"","publisher":{"@id":"https:\/\/www.benchmarkemail.com\/br\/#organization"},"potentialAction":[{"@type":"SearchAction","target":{"@type":"EntryPoint","urlTemplate":"https:\/\/www.benchmarkemail.com\/br\/?s={search_term_string}"},"query-input":{"@type":"PropertyValueSpecification","valueRequired":true,"valueName":"search_term_string"}}],"inLanguage":"en-US"},{"@type":"Organization","@id":"https:\/\/www.benchmarkemail.com\/br\/#organization","name":"Benchmark Internet Group, LLC","url":"https:\/\/www.benchmarkemail.com\/br\/","logo":{"@type":"ImageObject","inLanguage":"en-US","@id":"https:\/\/www.benchmarkemail.com\/br\/#\/schema\/logo\/image\/","url":"https:\/\/www.benchmarkemail.com\/br\/wp-content\/uploads\/sites\/6\/2019\/09\/benchmark-logo.svg","contentUrl":"https:\/\/www.benchmarkemail.com\/br\/wp-content\/uploads\/sites\/6\/2019\/09\/benchmark-logo.svg","width":1,"height":1,"caption":"Benchmark Internet Group, LLC"},"image":{"@id":"https:\/\/www.benchmarkemail.com\/br\/#\/schema\/logo\/image\/"},"sameAs":["https:\/\/www.facebook.com\/BenchmarkBR"]}]}},"_links":{"self":[{"href":"https:\/\/www.benchmarkemail.com\/br\/wp-json\/wp\/v2\/pages\/8347","targetHints":{"allow":["GET"]}}],"collection":[{"href":"https:\/\/www.benchmarkemail.com\/br\/wp-json\/wp\/v2\/pages"}],"about":[{"href":"https:\/\/www.benchmarkemail.com\/br\/wp-json\/wp\/v2\/types\/page"}],"author":[{"embeddable":true,"href":"https:\/\/www.benchmarkemail.com\/br\/wp-json\/wp\/v2\/users\/7"}],"replies":[{"embeddable":true,"href":"https:\/\/www.benchmarkemail.com\/br\/wp-json\/wp\/v2\/comments?post=8347"}],"version-history":[{"count":0,"href":"https:\/\/www.benchmarkemail.com\/br\/wp-json\/wp\/v2\/pages\/8347\/revisions"}],"up":[{"embeddable":true,"href":"https:\/\/www.benchmarkemail.com\/br\/wp-json\/wp\/v2\/pages\/49354"}],"wp:attachment":[{"href":"https:\/\/www.benchmarkemail.com\/br\/wp-json\/wp\/v2\/media?parent=8347"}],"curies":[{"name":"wp","href":"https:\/\/api.w.org\/{rel}","templated":true}]}}