{"id":8349,"date":"2019-12-13T13:39:53","date_gmt":"2019-12-13T13:39:53","guid":{"rendered":"http:\/\/bme2.flywheelsites.com\/?page_id=8349"},"modified":"2026-03-04T12:02:04","modified_gmt":"2026-03-04T12:02:04","slug":"screenshots","status":"publish","type":"page","link":"https:\/\/www.benchmarkemail.com\/br\/about-us\/screenshots\/","title":{"rendered":"Screenshots"},"content":{"rendered":"<h2>\n\t\tCapturas de Tela\n\t<\/h2>\n\t    <style>\n        .sub-nav {\n    display: block;\n    margin-bottom: 0;\n    padding-top: 0;\n    white-space: nowrap;\n    text-align: center;\n}\n.sub-nav dd {\n    display: inline-block;\n    float: none;\n}\n.sub-nav dd.active a {\n    background: 0 0;\n    font-weight: 600;\n    border-radius: 0;\n    border-bottom: 3px solid \n#4e5ff9;\ncolor:\n    #4e5ff9;\n}\n.sub-nav dd a {\n    font-size: .64rem;\n    font-weight: 400;\n    letter-spacing: 1px;\n    display: block;\n    line-height: 100%;\n    padding: 1.5rem;\n    background-color: transparent;\n    text-transform: uppercase;\n    transition: color .3s ease-out;\n    color: #afb1b5;\n    margin-bottom: -10px;\n}\n.sub-nav dd a:hover {\n    color:  #353844;\n}\n    <\/style>\n        <dl>\n                <dd><a href=\"https:\/\/www.benchmarkemail.com\/br\/about-us\/brand-assets\">DIRETRIZES<\/a><\/dd>\n                <dd><a href=\"https:\/\/www.benchmarkemail.com\/br\/about-us\/brand-assets\/downloads\/\">DOWNLOADS<\/a><\/dd>\n                <dd><a href=\"#\">CAPTURAS DE TELA\n<\/a><\/dd>\n            <\/dl>\n<h2>\n\t\tDownloads\n\t<\/h2>\n\t\t\t\t<img decoding=\"async\" src=\"https:\/\/www.benchmarkemail.com\/wp-content\/uploads\/2019\/12\/automation.png\" alt=\"automation\" itemprop=\"image\" title=\"automation\" onerror=\"this.style.display='none'\"  \/>\n<h2>\n\t\tAutomation PRO\n\t<\/h2>\n\t\t\t<a href=\"https:\/\/ui.benchmarkemail.wpengine.com\/files\/automation-pro-screenshots.zip\" target=\"_self\" role=\"button\" rel=\"noopener\">\n\t\t\t\t\t\t\tBaixar Capturas de Tela\n\t\t\t\t\t<\/a>\n\t\t\t\t<img decoding=\"async\" src=\"https:\/\/www.benchmarkemail.com\/wp-content\/uploads\/2019\/12\/email-reports.png\" alt=\"email-reports\" itemprop=\"image\" title=\"email-reports\" onerror=\"this.style.display='none'\"  \/>\n<h2>\n\t\tBenchmark Email\n\t<\/h2>\n\t\t\t<a href=\"https:\/ui.benchmarkemail.wpengine.com\/files\/email-screenshots.zip\" target=\"_self\" role=\"button\" rel=\"noopener\">\n\t\t\t\t\t\t\tBaixar Capturas de Tela\n\t\t\t\t\t<\/a>\n\t<h2>Inscreva-se para a sua conta absolutamente gratuita<\/h2>\n<p>Cart\u00e3o de Cr\u00e9dito n\u00e3o requerido<\/p>\n\t<style>\n.signup-form-wrap input.form-text-field {\n    box-shadow: none;\n    height: auto;\n    border: 1px solid \n#e6e6e8;\nborder-radius: 3px;\nfont-size: 1rem;\n-webkit-box-shadow: 0 0 0 1000px\n    #fff inset;\n    color: #666872;\n    height: 42px;\n}\n.signup-form-wrap #frm_submit_new {\n    font-size: .8rem;\n    font-weight: 600;\n    text-transform: uppercase;\n    background-color: \n#4e5ff9;\nletter-spacing: 1px;\ncolor: #4e5ff9;\ncolor:\n    #fff;\n    border: none;\n    height: 42px;\n}\n<\/style>\n            <input type=\"text\" placeholder=\"Nome\" id=\"frm_first_name\">\n            <input type=\"text\" placeholder=\"Sobrenome\" id=\"frm_last_name\">\n            <input type=\"text\" placeholder=\"Email\" id=\"frm_email_new\">\n            <input type=\"button\" value=\"Plano Gratuito\" id=\"frm_submit_new\">\n","protected":false},"excerpt":{"rendered":"<p>Capturas de Tela DIRETRIZES DOWNLOADS CAPTURAS DE TELA Downloads Automation PRO Baixar Capturas de Tela Benchmark Email Baixar Capturas de Tela Inscreva-se para a sua conta absolutamente gratuita Cart\u00e3o de Cr\u00e9dito n\u00e3o requerido<\/p>\n","protected":false},"author":7,"featured_media":0,"parent":49354,"menu_order":0,"comment_status":"closed","ping_status":"closed","template":"","meta":{"inline_featured_image":false,"footnotes":""},"class_list":["post-8349","page","type-page","status-publish","hentry"],"yoast_head":"<!-- This site is optimized with the Yoast SEO plugin v27.4 - https:\/\/yoast.com\/product\/yoast-seo-wordpress\/ -->\n<title>Screenshots - Screenshots<\/title>\n<meta name=\"robots\" content=\"index, follow, max-snippet:-1, max-image-preview:large, max-video-preview:-1\" \/>\n<link rel=\"canonical\" href=\"https:\/\/www.benchmarkemail.com\/br\/about-us\/screenshots\/\" \/>\n<meta property=\"og:locale\" content=\"en_US\" \/>\n<meta property=\"og:type\" content=\"article\" \/>\n<meta property=\"og:title\" content=\"Screenshots - Screenshots\" \/>\n<meta property=\"og:description\" content=\"Capturas de Tela DIRETRIZES DOWNLOADS CAPTURAS DE TELA Downloads Automation PRO Baixar Capturas de Tela Benchmark Email Baixar Capturas de Tela Inscreva-se para a sua conta absolutamente gratuita Cart\u00e3o de Cr\u00e9dito n\u00e3o requerido\" \/>\n<meta property=\"og:url\" content=\"https:\/\/www.benchmarkemail.com\/br\/about-us\/screenshots\/\" \/>\n<meta property=\"og:site_name\" content=\"Benchmark Email em Portugu\u00eas\" \/>\n<meta property=\"article:publisher\" content=\"https:\/\/www.facebook.com\/BenchmarkBR\" \/>\n<meta property=\"article:modified_time\" content=\"2026-03-04T12:02:04+00:00\" \/>\n<meta property=\"og:image\" content=\"https:\/\/www.benchmarkemail.com\/wp-content\/uploads\/2019\/12\/automation.png\" \/>\n<meta name=\"twitter:card\" content=\"summary_large_image\" \/>\n<script type=\"application\/ld+json\" class=\"yoast-schema-graph\">{\"@context\":\"https:\\\/\\\/schema.org\",\"@graph\":[{\"@type\":\"WebPage\",\"@id\":\"https:\\\/\\\/www.benchmarkemail.com\\\/br\\\/about-us\\\/screenshots\\\/\",\"url\":\"https:\\\/\\\/www.benchmarkemail.com\\\/br\\\/about-us\\\/screenshots\\\/\",\"name\":\"Screenshots - Screenshots\",\"isPartOf\":{\"@id\":\"https:\\\/\\\/www.benchmarkemail.com\\\/br\\\/#website\"},\"primaryImageOfPage\":{\"@id\":\"https:\\\/\\\/www.benchmarkemail.com\\\/br\\\/about-us\\\/screenshots\\\/#primaryimage\"},\"image\":{\"@id\":\"https:\\\/\\\/www.benchmarkemail.com\\\/br\\\/about-us\\\/screenshots\\\/#primaryimage\"},\"thumbnailUrl\":\"https:\\\/\\\/www.benchmarkemail.com\\\/wp-content\\\/uploads\\\/2019\\\/12\\\/automation.png\",\"datePublished\":\"2019-12-13T13:39:53+00:00\",\"dateModified\":\"2026-03-04T12:02:04+00:00\",\"breadcrumb\":{\"@id\":\"https:\\\/\\\/www.benchmarkemail.com\\\/br\\\/about-us\\\/screenshots\\\/#breadcrumb\"},\"inLanguage\":\"en-US\",\"potentialAction\":[{\"@type\":\"ReadAction\",\"target\":[\"https:\\\/\\\/www.benchmarkemail.com\\\/br\\\/about-us\\\/screenshots\\\/\"]}]},{\"@type\":\"ImageObject\",\"inLanguage\":\"en-US\",\"@id\":\"https:\\\/\\\/www.benchmarkemail.com\\\/br\\\/about-us\\\/screenshots\\\/#primaryimage\",\"url\":\"https:\\\/\\\/www.benchmarkemail.com\\\/wp-content\\\/uploads\\\/2019\\\/12\\\/automation.png\",\"contentUrl\":\"https:\\\/\\\/www.benchmarkemail.com\\\/wp-content\\\/uploads\\\/2019\\\/12\\\/automation.png\"},{\"@type\":\"BreadcrumbList\",\"@id\":\"https:\\\/\\\/www.benchmarkemail.com\\\/br\\\/about-us\\\/screenshots\\\/#breadcrumb\",\"itemListElement\":[{\"@type\":\"ListItem\",\"position\":1,\"name\":\"Home\",\"item\":\"https:\\\/\\\/www.benchmarkemail.com\\\/br\\\/\"},{\"@type\":\"ListItem\",\"position\":2,\"name\":\"NXG ABOUT US\",\"item\":\"https:\\\/\\\/www.benchmarkemail.com\\\/br\\\/about-us\\\/\"},{\"@type\":\"ListItem\",\"position\":3,\"name\":\"Screenshots\"}]},{\"@type\":\"WebSite\",\"@id\":\"https:\\\/\\\/www.benchmarkemail.com\\\/br\\\/#website\",\"url\":\"https:\\\/\\\/www.benchmarkemail.com\\\/br\\\/\",\"name\":\"Benchmark Email em Portugu\u00eas\",\"description\":\"\",\"publisher\":{\"@id\":\"https:\\\/\\\/www.benchmarkemail.com\\\/br\\\/#organization\"},\"potentialAction\":[{\"@type\":\"SearchAction\",\"target\":{\"@type\":\"EntryPoint\",\"urlTemplate\":\"https:\\\/\\\/www.benchmarkemail.com\\\/br\\\/?s={search_term_string}\"},\"query-input\":{\"@type\":\"PropertyValueSpecification\",\"valueRequired\":true,\"valueName\":\"search_term_string\"}}],\"inLanguage\":\"en-US\"},{\"@type\":\"Organization\",\"@id\":\"https:\\\/\\\/www.benchmarkemail.com\\\/br\\\/#organization\",\"name\":\"Benchmark Internet Group, LLC\",\"url\":\"https:\\\/\\\/www.benchmarkemail.com\\\/br\\\/\",\"logo\":{\"@type\":\"ImageObject\",\"inLanguage\":\"en-US\",\"@id\":\"https:\\\/\\\/www.benchmarkemail.com\\\/br\\\/#\\\/schema\\\/logo\\\/image\\\/\",\"url\":\"https:\\\/\\\/www.benchmarkemail.com\\\/br\\\/wp-content\\\/uploads\\\/sites\\\/6\\\/2019\\\/09\\\/benchmark-logo.svg\",\"contentUrl\":\"https:\\\/\\\/www.benchmarkemail.com\\\/br\\\/wp-content\\\/uploads\\\/sites\\\/6\\\/2019\\\/09\\\/benchmark-logo.svg\",\"width\":1,\"height\":1,\"caption\":\"Benchmark Internet Group, LLC\"},\"image\":{\"@id\":\"https:\\\/\\\/www.benchmarkemail.com\\\/br\\\/#\\\/schema\\\/logo\\\/image\\\/\"},\"sameAs\":[\"https:\\\/\\\/www.facebook.com\\\/BenchmarkBR\"]}]}<\/script>\n<!-- \/ Yoast SEO plugin. -->","yoast_head_json":{"title":"Screenshots - Screenshots","robots":{"index":"index","follow":"follow","max-snippet":"max-snippet:-1","max-image-preview":"max-image-preview:large","max-video-preview":"max-video-preview:-1"},"canonical":"https:\/\/www.benchmarkemail.com\/br\/about-us\/screenshots\/","og_locale":"en_US","og_type":"article","og_title":"Screenshots - Screenshots","og_description":"Capturas de Tela DIRETRIZES DOWNLOADS CAPTURAS DE TELA Downloads Automation PRO Baixar Capturas de Tela Benchmark Email Baixar Capturas de Tela Inscreva-se para a sua conta absolutamente gratuita Cart\u00e3o de Cr\u00e9dito n\u00e3o requerido","og_url":"https:\/\/www.benchmarkemail.com\/br\/about-us\/screenshots\/","og_site_name":"Benchmark Email em Portugu\u00eas","article_publisher":"https:\/\/www.facebook.com\/BenchmarkBR","article_modified_time":"2026-03-04T12:02:04+00:00","og_image":[{"url":"https:\/\/www.benchmarkemail.com\/wp-content\/uploads\/2019\/12\/automation.png","type":"","width":"","height":""}],"twitter_card":"summary_large_image","schema":{"@context":"https:\/\/schema.org","@graph":[{"@type":"WebPage","@id":"https:\/\/www.benchmarkemail.com\/br\/about-us\/screenshots\/","url":"https:\/\/www.benchmarkemail.com\/br\/about-us\/screenshots\/","name":"Screenshots - Screenshots","isPartOf":{"@id":"https:\/\/www.benchmarkemail.com\/br\/#website"},"primaryImageOfPage":{"@id":"https:\/\/www.benchmarkemail.com\/br\/about-us\/screenshots\/#primaryimage"},"image":{"@id":"https:\/\/www.benchmarkemail.com\/br\/about-us\/screenshots\/#primaryimage"},"thumbnailUrl":"https:\/\/www.benchmarkemail.com\/wp-content\/uploads\/2019\/12\/automation.png","datePublished":"2019-12-13T13:39:53+00:00","dateModified":"2026-03-04T12:02:04+00:00","breadcrumb":{"@id":"https:\/\/www.benchmarkemail.com\/br\/about-us\/screenshots\/#breadcrumb"},"inLanguage":"en-US","potentialAction":[{"@type":"ReadAction","target":["https:\/\/www.benchmarkemail.com\/br\/about-us\/screenshots\/"]}]},{"@type":"ImageObject","inLanguage":"en-US","@id":"https:\/\/www.benchmarkemail.com\/br\/about-us\/screenshots\/#primaryimage","url":"https:\/\/www.benchmarkemail.com\/wp-content\/uploads\/2019\/12\/automation.png","contentUrl":"https:\/\/www.benchmarkemail.com\/wp-content\/uploads\/2019\/12\/automation.png"},{"@type":"BreadcrumbList","@id":"https:\/\/www.benchmarkemail.com\/br\/about-us\/screenshots\/#breadcrumb","itemListElement":[{"@type":"ListItem","position":1,"name":"Home","item":"https:\/\/www.benchmarkemail.com\/br\/"},{"@type":"ListItem","position":2,"name":"NXG ABOUT US","item":"https:\/\/www.benchmarkemail.com\/br\/about-us\/"},{"@type":"ListItem","position":3,"name":"Screenshots"}]},{"@type":"WebSite","@id":"https:\/\/www.benchmarkemail.com\/br\/#website","url":"https:\/\/www.benchmarkemail.com\/br\/","name":"Benchmark Email em Portugu\u00eas","description":"","publisher":{"@id":"https:\/\/www.benchmarkemail.com\/br\/#organization"},"potentialAction":[{"@type":"SearchAction","target":{"@type":"EntryPoint","urlTemplate":"https:\/\/www.benchmarkemail.com\/br\/?s={search_term_string}"},"query-input":{"@type":"PropertyValueSpecification","valueRequired":true,"valueName":"search_term_string"}}],"inLanguage":"en-US"},{"@type":"Organization","@id":"https:\/\/www.benchmarkemail.com\/br\/#organization","name":"Benchmark Internet Group, LLC","url":"https:\/\/www.benchmarkemail.com\/br\/","logo":{"@type":"ImageObject","inLanguage":"en-US","@id":"https:\/\/www.benchmarkemail.com\/br\/#\/schema\/logo\/image\/","url":"https:\/\/www.benchmarkemail.com\/br\/wp-content\/uploads\/sites\/6\/2019\/09\/benchmark-logo.svg","contentUrl":"https:\/\/www.benchmarkemail.com\/br\/wp-content\/uploads\/sites\/6\/2019\/09\/benchmark-logo.svg","width":1,"height":1,"caption":"Benchmark Internet Group, LLC"},"image":{"@id":"https:\/\/www.benchmarkemail.com\/br\/#\/schema\/logo\/image\/"},"sameAs":["https:\/\/www.facebook.com\/BenchmarkBR"]}]}},"_links":{"self":[{"href":"https:\/\/www.benchmarkemail.com\/br\/wp-json\/wp\/v2\/pages\/8349","targetHints":{"allow":["GET"]}}],"collection":[{"href":"https:\/\/www.benchmarkemail.com\/br\/wp-json\/wp\/v2\/pages"}],"about":[{"href":"https:\/\/www.benchmarkemail.com\/br\/wp-json\/wp\/v2\/types\/page"}],"author":[{"embeddable":true,"href":"https:\/\/www.benchmarkemail.com\/br\/wp-json\/wp\/v2\/users\/7"}],"replies":[{"embeddable":true,"href":"https:\/\/www.benchmarkemail.com\/br\/wp-json\/wp\/v2\/comments?post=8349"}],"version-history":[{"count":0,"href":"https:\/\/www.benchmarkemail.com\/br\/wp-json\/wp\/v2\/pages\/8349\/revisions"}],"up":[{"embeddable":true,"href":"https:\/\/www.benchmarkemail.com\/br\/wp-json\/wp\/v2\/pages\/49354"}],"wp:attachment":[{"href":"https:\/\/www.benchmarkemail.com\/br\/wp-json\/wp\/v2\/media?parent=8349"}],"curies":[{"name":"wp","href":"https:\/\/api.w.org\/{rel}","templated":true}]}}