{"id":8434,"date":"2019-12-19T11:08:30","date_gmt":"2019-12-19T11:08:30","guid":{"rendered":"http:\/\/bme2.flywheelsites.com\/?page_id=8434"},"modified":"2026-04-03T11:59:44","modified_gmt":"2026-04-03T11:59:44","slug":"spam-free-zone","status":"publish","type":"page","link":"https:\/\/www.benchmarkemail.com\/br\/spam-free-zone\/","title":{"rendered":"Spam Free Zone"},"content":{"rendered":"\n<h2>\n\t\t\tTermos do Site\t<\/h2>\n\t<ul>\n<li><a href=\"https:\/\/www.benchmarkemail.com\/br\/privacy-policy\/\">Pol\u00edtica de Privacidade<\/a><\/li>\n<li><a href=\"https:\/\/www.benchmarkemail.com\/br\/cookie-policy\/\">Pol\u00edtica de Cookies<\/a><\/li>\n<li><a href=\"https:\/\/www.benchmarkemail.com\/br\/anti-spam-policy\/\">Pol\u00edtica Anti-Spam<\/a><\/li>\n<li><a href=\"https:\/\/www.benchmarkemail.com\/br\/terms-of-use\/\">Termos e Condi\u00e7\u00f5es<\/a><\/li>\n<li><a href=\"https:\/\/www.benchmarkemail.com\/br\/spam-free-zone\/\">Zona Livre de Spam<\/a><\/li>\n<li><a href=\"https:\/\/www.benchmarkemail.com\/br\/user-pledge\/\">Compromisso de Usu\u00e1rio<\/a><\/li>\n<li><a href=\"\/br\/data-processing-addendum\/\">Adendo sobre processamento de dados<\/a><\/li>\n<li><a href=\"\/br\/affiliate-term\/\">Termo de afiliado<\/a><\/li>\n<\/ul>\n\t<h1>Zona Livre de Spam<\/h1>\n<h2>Derrotar o Spam num email de cada vez<\/h2>\n<p>A Benchmark Email leva o spam muito a s\u00e9rio. Se n\u00e3o o fiz\u00e9ssemos, os nossos clientes n\u00e3o teriam as excelentes taxas de entrega que n\u00f3s fornecemos. Mas h\u00e1 bastante trabalho para a constru\u00e7\u00e3o de uma empresa anti-spam. Veja o que n\u00f3s fazemos para combater o spam:<\/p>\n<ul>\n<li>Trabalhamos de perto com fornecedores de servi\u00e7os de Internet e Email. Manter as linhas de comunica\u00e7\u00e3o abertas \u00e9 \u00f3ptimo para ambas as partes.<\/li>\n<li>Seguimos o nosso pr\u00f3prio conjunto de boas praticas de email marketing. Pass\u00e1mos anos a criar uma lista de orienta\u00e7\u00f5es e trabalhamos a toda a hora para as tornar ainda melhores.<\/li>\n<li>Somos membros da elite Email Sender &amp; Provider Coalition. Isto significa que seguimos uma lista de das regras de email marketing da mais alta qualidade.<\/li>\n<li>N\u00f3s investigamos cada queixa. Se um dos nossos clientes receber uma queixa de spam, n\u00f3s investigamos r\u00e1pida e minuciosamente.<\/li>\n<li>N\u00f3s n\u00e3o aceitamos clientes que comprem ou aluguem listas. Todos os nossos clientes usam listas de email opt-in. Isto mant\u00e9m as taxas de entregas altas para todos.<\/li>\n<li>Se um cliente for apanhado a enviar spam, a sua conta ser\u00e1 imediatamente encerrada. Se est\u00e1 a pensar em enviar emails que n\u00e3o sejam opt-in no nosso turno, voc\u00ea foi avisado.<\/li>\n<li>Usamos tecnologia e per\u00edcia Return Path para melhorar as nossas taxas de entrega. Isto significa que trabalhamos vigorosamente com uma das melhores empresas para entregar constantemente na sua caixa de entrada.Unternehmen, um Ihre E-Mails laufend in den Posteingang zu bekommen.<\/li>\n<li>Somos totalmente cumpridores com o acordo CAN-SPAM. Seguimos as orienta\u00e7\u00f5es federais \u00e0 letra, tal como todos os nossos clientes.<\/li>\n<\/ul>\n<p>Se pensa que lhe foi enviado um email com spam ou abusivo atrav\u00e9s da nossa rede, por favor reencaminhe esse email sem mais notas para\u00a0<a href=\"mailto:abuse@benchmarkemail.wpengine.com\">abuse@benchmarkemail.wpengine.com<\/a>Obrigado.<\/p>\n\n","protected":false},"excerpt":{"rendered":"<p>Termos do Site Pol\u00edtica de Privacidade Pol\u00edtica de Cookies Pol\u00edtica Anti-Spam Termos e Condi\u00e7\u00f5es Zona Livre de Spam Compromisso de Usu\u00e1rio Adendo sobre processamento de dados Termo de afiliado Zona Livre de Spam Derrotar o Spam num email de cada vez A Benchmark Email leva o spam muito a s\u00e9rio. Se n\u00e3o o fiz\u00e9ssemos, os&hellip;<\/p>\n","protected":false},"author":7,"featured_media":0,"parent":0,"menu_order":0,"comment_status":"closed","ping_status":"closed","template":"","meta":{"inline_featured_image":false,"footnotes":""},"class_list":["post-8434","page","type-page","status-publish","hentry"],"yoast_head":"<!-- This site is optimized with the Yoast SEO plugin v27.4 - https:\/\/yoast.com\/product\/yoast-seo-wordpress\/ -->\n<title>Spam Free Zone - Benchmark Email<\/title>\n<meta name=\"robots\" content=\"index, follow, max-snippet:-1, max-image-preview:large, max-video-preview:-1\" \/>\n<link rel=\"canonical\" href=\"https:\/\/www.benchmarkemail.com\/br\/spam-free-zone\/\" \/>\n<meta property=\"og:locale\" content=\"en_US\" \/>\n<meta property=\"og:type\" content=\"article\" \/>\n<meta property=\"og:title\" content=\"Spam Free Zone - Benchmark Email\" \/>\n<meta property=\"og:description\" content=\"Termos do Site Pol\u00edtica de Privacidade Pol\u00edtica de Cookies Pol\u00edtica Anti-Spam Termos e Condi\u00e7\u00f5es Zona Livre de Spam Compromisso de Usu\u00e1rio Adendo sobre processamento de dados Termo de afiliado Zona Livre de Spam Derrotar o Spam num email de cada vez A Benchmark Email leva o spam muito a s\u00e9rio. Se n\u00e3o o fiz\u00e9ssemos, os&hellip;\" \/>\n<meta property=\"og:url\" content=\"https:\/\/www.benchmarkemail.com\/br\/spam-free-zone\/\" \/>\n<meta property=\"og:site_name\" content=\"Benchmark Email em Portugu\u00eas\" \/>\n<meta property=\"article:publisher\" content=\"https:\/\/www.facebook.com\/BenchmarkBR\" \/>\n<meta property=\"article:modified_time\" content=\"2026-04-03T11:59:44+00:00\" \/>\n<meta name=\"twitter:card\" content=\"summary_large_image\" \/>\n<meta name=\"twitter:label1\" content=\"Est. reading time\" \/>\n\t<meta name=\"twitter:data1\" content=\"2 minutes\" \/>\n<script type=\"application\/ld+json\" class=\"yoast-schema-graph\">{\"@context\":\"https:\\\/\\\/schema.org\",\"@graph\":[{\"@type\":\"WebPage\",\"@id\":\"https:\\\/\\\/www.benchmarkemail.com\\\/br\\\/spam-free-zone\\\/\",\"url\":\"https:\\\/\\\/www.benchmarkemail.com\\\/br\\\/spam-free-zone\\\/\",\"name\":\"Spam Free Zone - Benchmark Email\",\"isPartOf\":{\"@id\":\"https:\\\/\\\/www.benchmarkemail.com\\\/br\\\/#website\"},\"datePublished\":\"2019-12-19T11:08:30+00:00\",\"dateModified\":\"2026-04-03T11:59:44+00:00\",\"breadcrumb\":{\"@id\":\"https:\\\/\\\/www.benchmarkemail.com\\\/br\\\/spam-free-zone\\\/#breadcrumb\"},\"inLanguage\":\"en-US\",\"potentialAction\":[{\"@type\":\"ReadAction\",\"target\":[\"https:\\\/\\\/www.benchmarkemail.com\\\/br\\\/spam-free-zone\\\/\"]}]},{\"@type\":\"BreadcrumbList\",\"@id\":\"https:\\\/\\\/www.benchmarkemail.com\\\/br\\\/spam-free-zone\\\/#breadcrumb\",\"itemListElement\":[{\"@type\":\"ListItem\",\"position\":1,\"name\":\"Home\",\"item\":\"https:\\\/\\\/www.benchmarkemail.com\\\/br\\\/\"},{\"@type\":\"ListItem\",\"position\":2,\"name\":\"Spam Free Zone\"}]},{\"@type\":\"WebSite\",\"@id\":\"https:\\\/\\\/www.benchmarkemail.com\\\/br\\\/#website\",\"url\":\"https:\\\/\\\/www.benchmarkemail.com\\\/br\\\/\",\"name\":\"Benchmark Email em Portugu\u00eas\",\"description\":\"\",\"publisher\":{\"@id\":\"https:\\\/\\\/www.benchmarkemail.com\\\/br\\\/#organization\"},\"potentialAction\":[{\"@type\":\"SearchAction\",\"target\":{\"@type\":\"EntryPoint\",\"urlTemplate\":\"https:\\\/\\\/www.benchmarkemail.com\\\/br\\\/?s={search_term_string}\"},\"query-input\":{\"@type\":\"PropertyValueSpecification\",\"valueRequired\":true,\"valueName\":\"search_term_string\"}}],\"inLanguage\":\"en-US\"},{\"@type\":\"Organization\",\"@id\":\"https:\\\/\\\/www.benchmarkemail.com\\\/br\\\/#organization\",\"name\":\"Benchmark Internet Group, LLC\",\"url\":\"https:\\\/\\\/www.benchmarkemail.com\\\/br\\\/\",\"logo\":{\"@type\":\"ImageObject\",\"inLanguage\":\"en-US\",\"@id\":\"https:\\\/\\\/www.benchmarkemail.com\\\/br\\\/#\\\/schema\\\/logo\\\/image\\\/\",\"url\":\"https:\\\/\\\/www.benchmarkemail.com\\\/br\\\/wp-content\\\/uploads\\\/sites\\\/6\\\/2019\\\/09\\\/benchmark-logo.svg\",\"contentUrl\":\"https:\\\/\\\/www.benchmarkemail.com\\\/br\\\/wp-content\\\/uploads\\\/sites\\\/6\\\/2019\\\/09\\\/benchmark-logo.svg\",\"width\":1,\"height\":1,\"caption\":\"Benchmark Internet Group, LLC\"},\"image\":{\"@id\":\"https:\\\/\\\/www.benchmarkemail.com\\\/br\\\/#\\\/schema\\\/logo\\\/image\\\/\"},\"sameAs\":[\"https:\\\/\\\/www.facebook.com\\\/BenchmarkBR\"]}]}<\/script>\n<!-- \/ Yoast SEO plugin. -->","yoast_head_json":{"title":"Spam Free Zone - Benchmark Email","robots":{"index":"index","follow":"follow","max-snippet":"max-snippet:-1","max-image-preview":"max-image-preview:large","max-video-preview":"max-video-preview:-1"},"canonical":"https:\/\/www.benchmarkemail.com\/br\/spam-free-zone\/","og_locale":"en_US","og_type":"article","og_title":"Spam Free Zone - Benchmark Email","og_description":"Termos do Site Pol\u00edtica de Privacidade Pol\u00edtica de Cookies Pol\u00edtica Anti-Spam Termos e Condi\u00e7\u00f5es Zona Livre de Spam Compromisso de Usu\u00e1rio Adendo sobre processamento de dados Termo de afiliado Zona Livre de Spam Derrotar o Spam num email de cada vez A Benchmark Email leva o spam muito a s\u00e9rio. Se n\u00e3o o fiz\u00e9ssemos, os&hellip;","og_url":"https:\/\/www.benchmarkemail.com\/br\/spam-free-zone\/","og_site_name":"Benchmark Email em Portugu\u00eas","article_publisher":"https:\/\/www.facebook.com\/BenchmarkBR","article_modified_time":"2026-04-03T11:59:44+00:00","twitter_card":"summary_large_image","twitter_misc":{"Est. reading time":"2 minutes"},"schema":{"@context":"https:\/\/schema.org","@graph":[{"@type":"WebPage","@id":"https:\/\/www.benchmarkemail.com\/br\/spam-free-zone\/","url":"https:\/\/www.benchmarkemail.com\/br\/spam-free-zone\/","name":"Spam Free Zone - Benchmark Email","isPartOf":{"@id":"https:\/\/www.benchmarkemail.com\/br\/#website"},"datePublished":"2019-12-19T11:08:30+00:00","dateModified":"2026-04-03T11:59:44+00:00","breadcrumb":{"@id":"https:\/\/www.benchmarkemail.com\/br\/spam-free-zone\/#breadcrumb"},"inLanguage":"en-US","potentialAction":[{"@type":"ReadAction","target":["https:\/\/www.benchmarkemail.com\/br\/spam-free-zone\/"]}]},{"@type":"BreadcrumbList","@id":"https:\/\/www.benchmarkemail.com\/br\/spam-free-zone\/#breadcrumb","itemListElement":[{"@type":"ListItem","position":1,"name":"Home","item":"https:\/\/www.benchmarkemail.com\/br\/"},{"@type":"ListItem","position":2,"name":"Spam Free Zone"}]},{"@type":"WebSite","@id":"https:\/\/www.benchmarkemail.com\/br\/#website","url":"https:\/\/www.benchmarkemail.com\/br\/","name":"Benchmark Email em Portugu\u00eas","description":"","publisher":{"@id":"https:\/\/www.benchmarkemail.com\/br\/#organization"},"potentialAction":[{"@type":"SearchAction","target":{"@type":"EntryPoint","urlTemplate":"https:\/\/www.benchmarkemail.com\/br\/?s={search_term_string}"},"query-input":{"@type":"PropertyValueSpecification","valueRequired":true,"valueName":"search_term_string"}}],"inLanguage":"en-US"},{"@type":"Organization","@id":"https:\/\/www.benchmarkemail.com\/br\/#organization","name":"Benchmark Internet Group, LLC","url":"https:\/\/www.benchmarkemail.com\/br\/","logo":{"@type":"ImageObject","inLanguage":"en-US","@id":"https:\/\/www.benchmarkemail.com\/br\/#\/schema\/logo\/image\/","url":"https:\/\/www.benchmarkemail.com\/br\/wp-content\/uploads\/sites\/6\/2019\/09\/benchmark-logo.svg","contentUrl":"https:\/\/www.benchmarkemail.com\/br\/wp-content\/uploads\/sites\/6\/2019\/09\/benchmark-logo.svg","width":1,"height":1,"caption":"Benchmark Internet Group, LLC"},"image":{"@id":"https:\/\/www.benchmarkemail.com\/br\/#\/schema\/logo\/image\/"},"sameAs":["https:\/\/www.facebook.com\/BenchmarkBR"]}]}},"_links":{"self":[{"href":"https:\/\/www.benchmarkemail.com\/br\/wp-json\/wp\/v2\/pages\/8434","targetHints":{"allow":["GET"]}}],"collection":[{"href":"https:\/\/www.benchmarkemail.com\/br\/wp-json\/wp\/v2\/pages"}],"about":[{"href":"https:\/\/www.benchmarkemail.com\/br\/wp-json\/wp\/v2\/types\/page"}],"author":[{"embeddable":true,"href":"https:\/\/www.benchmarkemail.com\/br\/wp-json\/wp\/v2\/users\/7"}],"replies":[{"embeddable":true,"href":"https:\/\/www.benchmarkemail.com\/br\/wp-json\/wp\/v2\/comments?post=8434"}],"version-history":[{"count":0,"href":"https:\/\/www.benchmarkemail.com\/br\/wp-json\/wp\/v2\/pages\/8434\/revisions"}],"wp:attachment":[{"href":"https:\/\/www.benchmarkemail.com\/br\/wp-json\/wp\/v2\/media?parent=8434"}],"curies":[{"name":"wp","href":"https:\/\/api.w.org\/{rel}","templated":true}]}}