{"id":8436,"date":"2019-12-19T11:08:59","date_gmt":"2019-12-19T11:08:59","guid":{"rendered":"http:\/\/bme2.flywheelsites.com\/?page_id=8436"},"modified":"2026-04-03T11:59:52","modified_gmt":"2026-04-03T11:59:52","slug":"user-pledge","status":"publish","type":"page","link":"https:\/\/www.benchmarkemail.com\/br\/user-pledge\/","title":{"rendered":"User Pledge"},"content":{"rendered":"\n<h2>\n\t\t\tTermos do Site\t<\/h2>\n\t<ul>\n<li><a href=\"https:\/\/www.benchmarkemail.com\/br\/privacy-policy\/\">Pol\u00edtica de Privacidade<\/a><\/li>\n<li><a href=\"https:\/\/www.benchmarkemail.com\/br\/cookie-policy\/\">Pol\u00edtica de Cookies<\/a><\/li>\n<li><a href=\"https:\/\/www.benchmarkemail.com\/br\/anti-spam-policy\/\">Pol\u00edtica Anti-Spam<\/a><\/li>\n<li><a href=\"https:\/\/www.benchmarkemail.com\/br\/terms-of-use\/\">Termos e Condi\u00e7\u00f5es<\/a><\/li>\n<li><a href=\"https:\/\/www.benchmarkemail.com\/br\/spam-free-zone\/\">Zona Livre de Spam<\/a><\/li>\n<li><a href=\"https:\/\/www.benchmarkemail.com\/br\/user-pledge\/\">Compromisso de Usu\u00e1rio<\/a><\/li>\n<li><a href=\"\/br\/data-processing-addendum\/\">Adendo sobre processamento de dados<\/a><\/li>\n<li><a href=\"\/br\/affiliate-term\/\">Termo de afiliado<\/a><\/li>\n<\/ul>\n\t<h1>Compromisso de Usu\u00e1rio<\/h1>\n<h2>O seu compromisso de bom email marketing<\/h2>\n<h3>Emails Comerciais N\u00e3o Solicitados<\/h3>\n<ul>\n<li>Emails\u00a0comerciais n\u00e3o solicitados\u00a0n\u00e3o devem ser enviados<\/li>\n<\/ul>\n<h3>Emails Comerciais<\/h3>\n<ul>\n<li>Emails comerciais\u00a0n\u00e3o devem ser enviados para um endere\u00e7o de email individual a n\u00e3o ser que uma das seguintes situa\u00e7\u00f5es se verifique:\n<ol>\n<li>Obtido o consentimento pr\u00e9vio afirmativo do indiv\u00edduo, tal como definido pelo CAN SPAM Act de 2003; ou<\/li>\n<li>Obtido o consentimento pr\u00e9vio\u00a0do indiv\u00edduo tal como definido pela Directiva de Privacidade Electr\u00f3nica da Comiss\u00e3o Europeia.<\/li>\n<\/ol>\n<\/li>\n<\/ul>\n<h3>Conte\u00fado de Email Comercial<\/h3>\n<ul>\n<li>Qualquer email comercial deve oferecer ao destinat\u00e1rio a op\u00e7\u00e3o de remover subscri\u00e7\u00e3o de receber emails no futuro. Estes pedidos de remo\u00e7\u00e3o de subscri\u00e7\u00e3o devem ser processados prontamente e o destinat\u00e1rio deve ser informado da dura\u00e7\u00e3o do tempo do processo.<\/li>\n<li>Os emails comerciais n\u00e3o devem incluir campos de remetente, linhas de assunto e corpo de mensagens que sejam enganadores, falsos ou ilus\u00f3rios. As linhas de assunto n\u00e3o devem induzir em erro relativamente ao conte\u00fado e prop\u00f3sito da mensagem.<\/li>\n<\/ul>\n<h3>Recolha de Endere\u00e7os de Email<\/h3>\n<ul>\n<li>Os endere\u00e7os de Email n\u00e3o devem ser recolhidos atrav\u00e9s de m\u00e9todos sub-rept\u00edcios (por exemplo, colheita)<\/li>\n<\/ul>\n<h3>Defini\u00e7\u00f5es<\/h3>\n<p><strong>Consentimento Afirmativo<\/strong>(tal como definido pelo CAN SPAM ACT de 2003 nos E.U.A.): O destinat\u00e1rio expressa o seu consentimento em receber a mensagem, quer em resposta a um pedido claro e consp\u00edcuo desse consentimento ou por iniciativa do pr\u00f3prio destinat\u00e1rio; se a mensagem \u00e9 de um terceiro que n\u00e3o seja a quem o destinat\u00e1rio comunicou tal consentimentos, foi dado ao destinat\u00e1rio aviso claro e consp\u00edcuo na altura que o consentimento foi comunicado o endere\u00e7o de correio electr\u00f4nico do destinat\u00e1rio poderia ser transferido para terceiros com o fim de iniciar envio de mensagens de email comerciais.<\/p>\n<p><strong>Consentimento<\/strong>\u00a0(tal como definido pela Directiva da Privacidade Electr\u00f3nica da Comiss\u00e3o Europeia): No contexto de uma rela\u00e7\u00e3o existente de cliente onde uma pessoa natural legal obt\u00e9m dos seus clientes os seus detalhes de contacto electr\u00f4nicos, num contexto de venda de um produto ou servi\u00e7o). \u00c9 razo\u00e1vel permitir o uso de detalhes de contatos electr\u00f4nicos para a oferta de produtos semelhantes e servi\u00e7os, mas apenas pela mesma empresa que obteve os detalhes de contatos electr\u00f4nicos, de acordo com a Directiva 95\/46\/EC*. Quando os detalhes de contatos electr\u00f4nicos s\u00e3o obtidos, o cliente deve ser informado sobre o seu uso futuro para fins de marketing directo de um modo claro e distinto, e deve-lhe ser dada a hip\u00f3tese de recusar tal uso. Esta oportunidade deve continuar a ser oferecida em cada mensagem subsequente de marketing directo, livre de custos, exceptuando quaisquer custos para a transmiss\u00e3o desta recusa.<\/p>\n<p>*Directiva 95\/46\/EC: Consentimento deve significar qualquer indica\u00e7\u00e3o espec\u00edfica e informada dada gratuitamente dos seus desejos pelos quais os dados pessoais submetidos significam a sua concord\u00e2ncia nos dados pessoais relativos a ele serem processados.<\/p>\n<p>Email Comercial:\u00a0mensagens de email, enviadas em volume, cujo objectivo principal \u00e9 publicidade comercial ou promo\u00e7\u00e3o de um produto ou servi\u00e7o.<\/p>\n<p><strong>Remover Subscri\u00e7\u00e3o:<\/strong>\u00a0Um mecanismo atrav\u00e9s do qual um indiv\u00edduo pode solicitar que ele ou ela n\u00e3o quer receber mais emails comerciais.<\/p>\n<p><strong>Email Comercial N\u00e3o Solicitado\u00a0<\/strong>: Email comercial enviado sem consentimento pr\u00e9vio.<\/p>\n\n","protected":false},"excerpt":{"rendered":"<p>Termos do Site Pol\u00edtica de Privacidade Pol\u00edtica de Cookies Pol\u00edtica Anti-Spam Termos e Condi\u00e7\u00f5es Zona Livre de Spam Compromisso de Usu\u00e1rio Adendo sobre processamento de dados Termo de afiliado Compromisso de Usu\u00e1rio O seu compromisso de bom email marketing Emails Comerciais N\u00e3o Solicitados Emails\u00a0comerciais n\u00e3o solicitados\u00a0n\u00e3o devem ser enviados Emails Comerciais Emails comerciais\u00a0n\u00e3o devem ser&hellip;<\/p>\n","protected":false},"author":7,"featured_media":0,"parent":0,"menu_order":0,"comment_status":"closed","ping_status":"closed","template":"","meta":{"inline_featured_image":false,"footnotes":""},"class_list":["post-8436","page","type-page","status-publish","hentry"],"yoast_head":"<!-- This site is optimized with the Yoast SEO plugin v27.4 - https:\/\/yoast.com\/product\/yoast-seo-wordpress\/ -->\n<title>User Pledge - Benchmark Email<\/title>\n<meta name=\"robots\" content=\"index, follow, max-snippet:-1, max-image-preview:large, max-video-preview:-1\" \/>\n<link rel=\"canonical\" href=\"https:\/\/www.benchmarkemail.com\/br\/user-pledge\/\" \/>\n<meta property=\"og:locale\" content=\"en_US\" \/>\n<meta property=\"og:type\" content=\"article\" \/>\n<meta property=\"og:title\" content=\"User Pledge - Benchmark Email\" \/>\n<meta property=\"og:description\" content=\"Termos do Site Pol\u00edtica de Privacidade Pol\u00edtica de Cookies Pol\u00edtica Anti-Spam Termos e Condi\u00e7\u00f5es Zona Livre de Spam Compromisso de Usu\u00e1rio Adendo sobre processamento de dados Termo de afiliado Compromisso de Usu\u00e1rio O seu compromisso de bom email marketing Emails Comerciais N\u00e3o Solicitados Emails\u00a0comerciais n\u00e3o solicitados\u00a0n\u00e3o devem ser enviados Emails Comerciais Emails comerciais\u00a0n\u00e3o devem ser&hellip;\" \/>\n<meta property=\"og:url\" content=\"https:\/\/www.benchmarkemail.com\/br\/user-pledge\/\" \/>\n<meta property=\"og:site_name\" content=\"Benchmark Email em Portugu\u00eas\" \/>\n<meta property=\"article:publisher\" content=\"https:\/\/www.facebook.com\/BenchmarkBR\" \/>\n<meta property=\"article:modified_time\" content=\"2026-04-03T11:59:52+00:00\" \/>\n<meta name=\"twitter:card\" content=\"summary_large_image\" \/>\n<meta name=\"twitter:label1\" content=\"Est. reading time\" \/>\n\t<meta name=\"twitter:data1\" content=\"3 minutes\" \/>\n<script type=\"application\/ld+json\" class=\"yoast-schema-graph\">{\"@context\":\"https:\\\/\\\/schema.org\",\"@graph\":[{\"@type\":\"WebPage\",\"@id\":\"https:\\\/\\\/www.benchmarkemail.com\\\/br\\\/user-pledge\\\/\",\"url\":\"https:\\\/\\\/www.benchmarkemail.com\\\/br\\\/user-pledge\\\/\",\"name\":\"User Pledge - Benchmark Email\",\"isPartOf\":{\"@id\":\"https:\\\/\\\/www.benchmarkemail.com\\\/br\\\/#website\"},\"datePublished\":\"2019-12-19T11:08:59+00:00\",\"dateModified\":\"2026-04-03T11:59:52+00:00\",\"breadcrumb\":{\"@id\":\"https:\\\/\\\/www.benchmarkemail.com\\\/br\\\/user-pledge\\\/#breadcrumb\"},\"inLanguage\":\"en-US\",\"potentialAction\":[{\"@type\":\"ReadAction\",\"target\":[\"https:\\\/\\\/www.benchmarkemail.com\\\/br\\\/user-pledge\\\/\"]}]},{\"@type\":\"BreadcrumbList\",\"@id\":\"https:\\\/\\\/www.benchmarkemail.com\\\/br\\\/user-pledge\\\/#breadcrumb\",\"itemListElement\":[{\"@type\":\"ListItem\",\"position\":1,\"name\":\"Home\",\"item\":\"https:\\\/\\\/www.benchmarkemail.com\\\/br\\\/\"},{\"@type\":\"ListItem\",\"position\":2,\"name\":\"User Pledge\"}]},{\"@type\":\"WebSite\",\"@id\":\"https:\\\/\\\/www.benchmarkemail.com\\\/br\\\/#website\",\"url\":\"https:\\\/\\\/www.benchmarkemail.com\\\/br\\\/\",\"name\":\"Benchmark Email em Portugu\u00eas\",\"description\":\"\",\"publisher\":{\"@id\":\"https:\\\/\\\/www.benchmarkemail.com\\\/br\\\/#organization\"},\"potentialAction\":[{\"@type\":\"SearchAction\",\"target\":{\"@type\":\"EntryPoint\",\"urlTemplate\":\"https:\\\/\\\/www.benchmarkemail.com\\\/br\\\/?s={search_term_string}\"},\"query-input\":{\"@type\":\"PropertyValueSpecification\",\"valueRequired\":true,\"valueName\":\"search_term_string\"}}],\"inLanguage\":\"en-US\"},{\"@type\":\"Organization\",\"@id\":\"https:\\\/\\\/www.benchmarkemail.com\\\/br\\\/#organization\",\"name\":\"Benchmark Internet Group, LLC\",\"url\":\"https:\\\/\\\/www.benchmarkemail.com\\\/br\\\/\",\"logo\":{\"@type\":\"ImageObject\",\"inLanguage\":\"en-US\",\"@id\":\"https:\\\/\\\/www.benchmarkemail.com\\\/br\\\/#\\\/schema\\\/logo\\\/image\\\/\",\"url\":\"https:\\\/\\\/www.benchmarkemail.com\\\/br\\\/wp-content\\\/uploads\\\/sites\\\/6\\\/2019\\\/09\\\/benchmark-logo.svg\",\"contentUrl\":\"https:\\\/\\\/www.benchmarkemail.com\\\/br\\\/wp-content\\\/uploads\\\/sites\\\/6\\\/2019\\\/09\\\/benchmark-logo.svg\",\"width\":1,\"height\":1,\"caption\":\"Benchmark Internet Group, LLC\"},\"image\":{\"@id\":\"https:\\\/\\\/www.benchmarkemail.com\\\/br\\\/#\\\/schema\\\/logo\\\/image\\\/\"},\"sameAs\":[\"https:\\\/\\\/www.facebook.com\\\/BenchmarkBR\"]}]}<\/script>\n<!-- \/ Yoast SEO plugin. -->","yoast_head_json":{"title":"User Pledge - Benchmark Email","robots":{"index":"index","follow":"follow","max-snippet":"max-snippet:-1","max-image-preview":"max-image-preview:large","max-video-preview":"max-video-preview:-1"},"canonical":"https:\/\/www.benchmarkemail.com\/br\/user-pledge\/","og_locale":"en_US","og_type":"article","og_title":"User Pledge - Benchmark Email","og_description":"Termos do Site Pol\u00edtica de Privacidade Pol\u00edtica de Cookies Pol\u00edtica Anti-Spam Termos e Condi\u00e7\u00f5es Zona Livre de Spam Compromisso de Usu\u00e1rio Adendo sobre processamento de dados Termo de afiliado Compromisso de Usu\u00e1rio O seu compromisso de bom email marketing Emails Comerciais N\u00e3o Solicitados Emails\u00a0comerciais n\u00e3o solicitados\u00a0n\u00e3o devem ser enviados Emails Comerciais Emails comerciais\u00a0n\u00e3o devem ser&hellip;","og_url":"https:\/\/www.benchmarkemail.com\/br\/user-pledge\/","og_site_name":"Benchmark Email em Portugu\u00eas","article_publisher":"https:\/\/www.facebook.com\/BenchmarkBR","article_modified_time":"2026-04-03T11:59:52+00:00","twitter_card":"summary_large_image","twitter_misc":{"Est. reading time":"3 minutes"},"schema":{"@context":"https:\/\/schema.org","@graph":[{"@type":"WebPage","@id":"https:\/\/www.benchmarkemail.com\/br\/user-pledge\/","url":"https:\/\/www.benchmarkemail.com\/br\/user-pledge\/","name":"User Pledge - Benchmark Email","isPartOf":{"@id":"https:\/\/www.benchmarkemail.com\/br\/#website"},"datePublished":"2019-12-19T11:08:59+00:00","dateModified":"2026-04-03T11:59:52+00:00","breadcrumb":{"@id":"https:\/\/www.benchmarkemail.com\/br\/user-pledge\/#breadcrumb"},"inLanguage":"en-US","potentialAction":[{"@type":"ReadAction","target":["https:\/\/www.benchmarkemail.com\/br\/user-pledge\/"]}]},{"@type":"BreadcrumbList","@id":"https:\/\/www.benchmarkemail.com\/br\/user-pledge\/#breadcrumb","itemListElement":[{"@type":"ListItem","position":1,"name":"Home","item":"https:\/\/www.benchmarkemail.com\/br\/"},{"@type":"ListItem","position":2,"name":"User Pledge"}]},{"@type":"WebSite","@id":"https:\/\/www.benchmarkemail.com\/br\/#website","url":"https:\/\/www.benchmarkemail.com\/br\/","name":"Benchmark Email em Portugu\u00eas","description":"","publisher":{"@id":"https:\/\/www.benchmarkemail.com\/br\/#organization"},"potentialAction":[{"@type":"SearchAction","target":{"@type":"EntryPoint","urlTemplate":"https:\/\/www.benchmarkemail.com\/br\/?s={search_term_string}"},"query-input":{"@type":"PropertyValueSpecification","valueRequired":true,"valueName":"search_term_string"}}],"inLanguage":"en-US"},{"@type":"Organization","@id":"https:\/\/www.benchmarkemail.com\/br\/#organization","name":"Benchmark Internet Group, LLC","url":"https:\/\/www.benchmarkemail.com\/br\/","logo":{"@type":"ImageObject","inLanguage":"en-US","@id":"https:\/\/www.benchmarkemail.com\/br\/#\/schema\/logo\/image\/","url":"https:\/\/www.benchmarkemail.com\/br\/wp-content\/uploads\/sites\/6\/2019\/09\/benchmark-logo.svg","contentUrl":"https:\/\/www.benchmarkemail.com\/br\/wp-content\/uploads\/sites\/6\/2019\/09\/benchmark-logo.svg","width":1,"height":1,"caption":"Benchmark Internet Group, LLC"},"image":{"@id":"https:\/\/www.benchmarkemail.com\/br\/#\/schema\/logo\/image\/"},"sameAs":["https:\/\/www.facebook.com\/BenchmarkBR"]}]}},"_links":{"self":[{"href":"https:\/\/www.benchmarkemail.com\/br\/wp-json\/wp\/v2\/pages\/8436","targetHints":{"allow":["GET"]}}],"collection":[{"href":"https:\/\/www.benchmarkemail.com\/br\/wp-json\/wp\/v2\/pages"}],"about":[{"href":"https:\/\/www.benchmarkemail.com\/br\/wp-json\/wp\/v2\/types\/page"}],"author":[{"embeddable":true,"href":"https:\/\/www.benchmarkemail.com\/br\/wp-json\/wp\/v2\/users\/7"}],"replies":[{"embeddable":true,"href":"https:\/\/www.benchmarkemail.com\/br\/wp-json\/wp\/v2\/comments?post=8436"}],"version-history":[{"count":0,"href":"https:\/\/www.benchmarkemail.com\/br\/wp-json\/wp\/v2\/pages\/8436\/revisions"}],"wp:attachment":[{"href":"https:\/\/www.benchmarkemail.com\/br\/wp-json\/wp\/v2\/media?parent=8436"}],"curies":[{"name":"wp","href":"https:\/\/api.w.org\/{rel}","templated":true}]}}