{"id":8663,"date":"2020-01-06T13:37:37","date_gmt":"2020-01-06T13:37:37","guid":{"rendered":"http:\/\/bme2.flywheelsites.com\/?page_id=8663"},"modified":"2026-04-03T11:59:29","modified_gmt":"2026-04-03T11:59:29","slug":"cookie-policy","status":"publish","type":"page","link":"https:\/\/www.benchmarkemail.com\/br\/cookie-policy\/","title":{"rendered":"Cookie Policy"},"content":{"rendered":"\n<h2>\n\t\t\tTermos do Site\t<\/h2>\n\t<ul>\n<li><a href=\"https:\/\/www.benchmarkemail.com\/br\/privacy-policy\/\">Pol\u00edtica de Privacidade<\/a><\/li>\n<li><a href=\"https:\/\/www.benchmarkemail.com\/br\/cookie-policy\/\">Pol\u00edtica de Cookies\n<\/a><\/li>\n<li><a href=\"https:\/\/www.benchmarkemail.com\/br\/anti-spam-policy\/\">Pol\u00edtica Anti-Spam<\/a><\/li>\n<li><a href=\"https:\/\/www.benchmarkemail.com\/br\/terms-of-use\/\">Termos e Condi\u00e7\u00f5es<\/a><\/li>\n<li><a href=\"https:\/\/www.benchmarkemail.com\/br\/spam-free-zone\/\">Zona Livre de Spam<\/a><\/li>\n<li><a href=\"https:\/\/www.benchmarkemail.com\/br\/user-pledge\/\">Compromisso de Usu\u00e1rio<\/a><\/li>\n<li><a href=\"\/br\/data-processing-addendum\/\">Adendo sobre processamento de dados<\/a><\/li>\n<li><a href=\"\/br\/affiliate-term\/\">Termo de afiliado<\/a><\/li>\n<\/ul>\n<h1>\n\t\t\tPol\u00edtica de Cookies\t<\/h1>\n<h6>\n\t\t\tEssa pol\u00edtica de cookies se aplica somente a usu\u00e1rios Europeus que est\u00e3o sob o GDPR.\t<\/h6>\n\t<p>A Benchmark Email pertence e \u00e9 operada pela Benchmark Internet Group (&#8220;Benchmark&#8221;, &#8220;n\u00f3s&#8221; e &#8220;nosso&#8221;). Essa \u00e9 nossa Pol\u00edtica de Cookies, que detalha como utilizamos cookies na opera\u00e7\u00e3o de nossos neg\u00f3cios e quando os inscritos de nossos usu\u00e1rios visitam seus sites ou lojas online que pertencem aos nossos usu\u00e1rios e abrem ou interagem com campanhas de email enviadas a partir de nossas ferramentas. Nessa declara\u00e7\u00e3o, explicaremos o que s\u00e3o cookiees e porque a Benchmark os utiliza. Al\u00e9m disso, iremos informar os seus direitos em rela\u00e7\u00e3o ao controle e uso deles. Nossa Pol\u00edtica de Cookies ser\u00e1 parte de nossos\u00a0<a href=\"https:\/\/ui.benchmarkemail.wpengine.com\/br\/TermsOfUse\">Termos de Uso<\/a>. Termos utilizados na Pol\u00edtica de Cookies n\u00e3o definidos aqui est\u00e3o explicados em nossa\u00a0<a href=\"https:\/\/www-new.benchmarkemail.wpengine.com\/br\/email-marketing\/privacy-policy\">Pol\u00edtica de Privacidade<\/a>. A Benchmark pode usar cookies para coletar informa\u00e7\u00f5es pessoais, ou para coletar informa\u00e7\u00f5es que mais tarde se tornar\u00e3o informa\u00e7\u00f5es pessoas quando combinadas com informa\u00e7\u00f5es adicionais. Para mais detalhes sobre como a Benchmark processa suas informa\u00e7\u00f5es pessoas, voc\u00ea pode revisar nossas\u00a0<a href=\"https:\/\/www-new.benchmarkemail.wpengine.com\/br\/email-marketing\/privacy-policy\">Pol\u00edticas de Privacidade<\/a>\u00a0e\u00a0<a href=\"https:\/\/www-new.benchmarkemail.wpengine.com\/br\/cookie-policy#cookiesettings\">Configura\u00e7\u00f5es de Cookies<\/a>.<\/p>\n<h4>O que \u00c9 um Cookie?<\/h4>\n<p>Al\u00e9m de ser aquele biscoito que a gente adora comer, Cookies s\u00e3o pequenos peda\u00e7os de dados que s\u00e3o colocados nos computadores ou dispositivos m\u00f3veis de visitantes de um site. A utiliza\u00e7\u00e3o de cookies \u00e9 uma pr\u00e1tica comum na internet por empresas de SaaS, como a nossa, com o prop\u00f3sito de (por exemplo) realizar uma fun\u00e7\u00e3o do site ou servi\u00e7o, ou para que ele funcione melhor, e para prover dados de relat\u00f3rios.<\/p>\n<p>Cookies que s\u00e3o inseridos pelo propriet\u00e1rio de um site ou provedor de servi\u00e7o (como a Benchmark) s\u00e3o conhecidos como &#8220;cookies de primeiros&#8221;. Cookies que s\u00e3o colocados por donos de site com os quais temos uma parceria s\u00e3o conhecidos como &#8220;cookies de terceiros&#8221;. Por exemplo, cookes de terceiros permitem que um parceiro de integra\u00e7\u00e3o tenha acesso aos dados requeridos para que recursos ou fun\u00e7\u00f5es funcionem corretamente. Essas empresas de terceiros podem identificar seu computador ou dispositivo m\u00f3vel quando ele visita o site ou servi\u00e7o onde o cookie foi inserido, assim como alguns outros sites ou servi\u00e7os.<\/p>\n<h4>Como a Benchmark Utiliza Cookies?<\/h4>\n<p>H\u00e1 varios motivos para justificar a utiliza\u00e7\u00e3o de cookies de primeiros ou de terceiros. Alguns s\u00e3o necess\u00e1rios para que nosso siste e ferramentas funcionem adequadamente. Esses s\u00e3o conhecidos como &#8220;Cookies Essenciais ou Estritamente Necess\u00e1rios&#8221;. Alguns cookies s\u00e3o inseridos para nos ajudar e a terceiros a entregar as mensagens mais relevantes a voc\u00ea, e esses s\u00e3o chamados de &#8220;Cookies de Perfomance ou Funcionalidade&#8221;. Por exemplo, usamos esses tipos de cookies para otimizar sua experi\u00eancia de usu\u00e1rio e prover feedback sobre as ferramentas que voc\u00ea est\u00e1 utilizando ou que possamos julgar relevantes para nos ajudar. Al\u00e9m disso, alguns cookies s\u00e3o usados para permitir a Benchmark e seus usu\u00e1rios a rastrear seus inscritos. Por fim, h\u00e1 alguns cookies de terceiros utilizados para ajudar com publicidade, relat\u00f3rios de dados e mais. Voc\u00ea pode saber mais sobre o uso espec\u00edfico de cookies abaixo.<\/p>\n<h4>Cookies Usados pela Benchmark<\/h4>\n<p>Abaixo algumas informa\u00e7\u00f5es adicionais sobre os tipos de cookies usados pela Benchmark:<\/p>\n<p>Cookies Estritamente Necess\u00e1rios<\/p>\n<p>Esses cookies s\u00e3o necess\u00e1rios para o site funcionar e n\u00e3o pode ser desligado em nossos sistemas. Eles s\u00e3o geralmente apenas um conjunto em resposta \u00e0s a\u00e7\u00f5es feitas por voc\u00ea que ascendem a um pedido de servi\u00e7os, tais como configurar suas prefer\u00eancias de privacidade, entrando ou preenchimento de formul\u00e1rios.<\/p>\n<p>Voc\u00ea pode configurar seu navegador para bloquear ou alert\u00e1-lo sobre estes cookies, mas algumas partes do site n\u00e3o vai, ent\u00e3o, trabalhar. Esses &#8216;cookies&#8217; n\u00e3o armazena nenhuma informa\u00e7\u00e3o de identifica\u00e7\u00e3o pessoal.<\/p>\n<p>Cookies<\/p>\n<p>Categorias<\/p>\n<p>Benchmark<\/p>\n<p>Cookies estritamente necess\u00e1rios gerados pela Benchmark. Eles s\u00e3o cookies de sess\u00f5es da plataforma com prop\u00f3sito geral.<\/p>\n<ul>\n<li>PHPSESSID<\/li>\n<li>ASP.NET_SessionId<\/li>\n<\/ul>\n<p>OneTrust<\/p>\n<p>Esse cookie \u00e9 configurado pela solu\u00e7\u00e3o de compliance de cookie da OneTrust.<\/p>\n<ul>\n<li>OptanonConsent<\/li>\n<li>OptanonAlertBoxClosed<\/li>\n<\/ul>\n<p>WordPress<\/p>\n<p>Cookies configurados para as funcionalidades da plataforma WordPress.<\/p>\n<ul>\n<li>pll_language<\/li>\n<li>wordpress_test_cookie<\/li>\n<\/ul>\n<p>Cookies Anal\u00edticos<\/p>\n<p>Esses cookies nos permitem contar visitas e fontes de tr\u00e1fego para que possamos medir e melhorar o desempenho do nosso site. Eles nos ajudam a saber quais p\u00e1ginas s\u00e3o as mais e menos populares e ver como os visitantes se mover em torno do site.<\/p>\n<p>Todas as informa\u00e7\u00f5es coletar esses cookies \u00e9 agregada e, portanto, an\u00f4nimo. Se voc\u00ea n\u00e3o permitir que esses cookies n\u00e3o saberemos quando voc\u00ea visitou nosso site, e n\u00e3o ser\u00e1 capaz de monitorar seu desempenho.<\/p>\n<p>Cookies<\/p>\n<p>Categorias<\/p>\n<p>Google Analytics<\/p>\n<p>Utilizado para distinguir usu\u00e1rios, calcular dados de visitantes, sess\u00f5es e campanhas para os relat\u00f3rios de an\u00e1lise do site.<\/p>\n<ul>\n<li>_gat_UA-nnnnnnn-nn<\/li>\n<li>_ga<\/li>\n<li>__utmz<\/li>\n<li>__utma<\/li>\n<li>_gid<\/li>\n<li>__utmt<\/li>\n<li>_gat<\/li>\n<li>ubvt<\/li>\n<li>__utmv<\/li>\n<li>__utmb<\/li>\n<li>__utmc<\/li>\n<li>_gat_UA-43979731-4<\/li>\n<\/ul>\n<p>Cookies de Funcionalidade<\/p>\n<p>Estes cookies permitem o website para fornecer funcionalidade e personaliza\u00e7\u00e3o avan\u00e7ada. Eles podem ser criados por n\u00f3s ou por terceiros fornecedores cujos servi\u00e7os temos acrescentado \u00e0s nossas p\u00e1ginas.<\/p>\n<p>Se voc\u00ea n\u00e3o permitir que esses cookies, em seguida, alguns ou todos estes servi\u00e7os podem n\u00e3o funcionar corretamente.<\/p>\n<p>Cookies<\/p>\n<p>Categorias<\/p>\n<p>LiveChat<\/p>\n<p>Configura um ID \u00fanico para permitir que o LiveChat identifique o visitante.<\/p>\n<ul>\n<li>__lc.visitor_id.nnnnnnn<\/li>\n<li>__atuvc<\/li>\n<li>lc_window_state<\/li>\n<li>__atuvs<\/li>\n<li>__lc_vv<\/li>\n<li>main_window_timestamp_9<\/li>\n<li>notification[personal_invitation]<\/li>\n<li>__livechat_lastvisit<\/li>\n<li>main_window_timestamp_2<\/li>\n<li>main_window_timestamp_8<\/li>\n<li>recent_window<\/li>\n<li>main_window_timestamp_10<\/li>\n<li>__livechat<\/li>\n<li>main_window_timestamp_12<\/li>\n<li>message_text<\/li>\n<li>main_window_timestamp<\/li>\n<li>main_window_timestamp_6<\/li>\n<li>notification[status_ping]<\/li>\n<li>main_window_timestamp_13<\/li>\n<li>main_window_timestamp_5<\/li>\n<li>3rdparty<\/li>\n<li>main_window_timestamp_1<\/li>\n<\/ul>\n<p>Chat Plus<\/p>\n<p>Software de chat para nosso site no Jap\u00e3o. Rastreia o ID \u00fanico do visitante.<\/p>\n<ul>\n<li>jp_chatplus_vtoken<\/li>\n<\/ul>\n<p>Twitter<\/p>\n<p>Esses cookies ajudam o Twitter a melhorar e entender como as pessoas utilizam seus servi\u00e7os, incluindo os bot\u00f5es e widgets do Twitter, e os An\u00fancios do Twitter.<\/p>\n<ul>\n<li>auth_token<\/li>\n<li>twll<\/li>\n<li>__utmz<\/li>\n<li>secure_session<\/li>\n<li>guest_id<\/li>\n<li>__utma<\/li>\n<li>personalization_id<\/li>\n<li>remember_checked<\/li>\n<li>remember_checked_on<\/li>\n<\/ul>\n<p>Intercom<\/p>\n<p>Configura um ID \u00fanico de cookie para ser associado ao visitante.<\/p>\n<ul>\n<li>intercom-id-ilz8qnxk<\/li>\n<\/ul>\n<p>Cookies Publicit\u00e1rios<\/p>\n<p>Esses cookies podem ser configurados atrav\u00e9s do nosso site por nossos parceiros de publicidade. Eles podem ser utilizados por essas empresas para construir um perfil de seus interesses e mostrar-lhe an\u00fancios relevantes em outros sites.<\/p>\n<p>Eles n\u00e3o armazenam informa\u00e7\u00f5es pessoais directamente, mas s\u00e3o baseados em identificar exclusivamente o seu navegador e dispositivo de internet. Se voc\u00ea n\u00e3o permitir que esses cookies, voc\u00ea vai experimentar menos publicidade direccionada.<\/p>\n<p>Cookies<\/p>\n<p>Categorias<\/p>\n<p>Bing<\/p>\n<p>Esses cookies s\u00e3o utilizados pela plataforma de an\u00fanicos da Microsoft para identificar de forma an\u00f4nima as sess\u00f5es dos usu\u00e1rios e nos ajudar a medir a efetividade de nossas campanhas de marketing.<\/p>\n<ul>\n<li>MUID<\/li>\n<\/ul>\n<p>Disqus<\/p>\n<ul>\n<li>__utmb<\/li>\n<li>__utma<\/li>\n<li>__jid<\/li>\n<li>__utmz<\/li>\n<li>__utmc<\/li>\n<li>__utmt<\/li>\n<li>G_ENABLED_IDPS<\/li>\n<li>disqus_unique<\/li>\n<\/ul>\n<p>DoubleClick<\/p>\n<p>Esse cookie est\u00e1 associado com o servi\u00e7o de an\u00fancios da DoubleClick do Google. Ajuda com o rastreamento de convers\u00f5es para an\u00fancios.<\/p>\n<ul>\n<li>id<\/li>\n<\/ul>\n<p>Pinterest<\/p>\n<ul>\n<li>__utmz<\/li>\n<li>__utma<\/li>\n<li>_pinterest_sess<\/li>\n<li>__utmv<\/li>\n<\/ul>\n<p>Facebook<\/p>\n<ul>\n<li>datr<\/li>\n<li>fr<\/li>\n<\/ul>\n<p>LinkedIn<\/p>\n<ul>\n<li>leo_auth_token<\/li>\n<li>lidc<\/li>\n<li>bcookie<\/li>\n<li>__utma<\/li>\n<li>__utmv<\/li>\n<li>__utmz<\/li>\n<li>bscookie<\/li>\n<li>__qca<\/li>\n<li>visit<\/li>\n<li>JSESSIONID<\/li>\n<\/ul>\n<p>Yahoo<\/p>\n<ul>\n<li>B<\/li>\n<\/ul>\n<p>Google Maps<\/p>\n<ul>\n<li>APISID<\/li>\n<li>SSID<\/li>\n<li>NID<\/li>\n<li>SID<\/li>\n<li>SAPISID<\/li>\n<li>HSID<\/li>\n<\/ul>\n<p>SoundCloud<\/p>\n<ul>\n<li>__utma<\/li>\n<li>__utmz<\/li>\n<li>__utmb<\/li>\n<li>__utmt<\/li>\n<li>__utmc<\/li>\n<\/ul>\n<p>Cookies de Redes Sociais<\/p>\n<p>Esses cookies s\u00e3o definidos por uma gama de servi\u00e7os de m\u00eddia social que temos adicionados ao site para que voc\u00ea possa compartilhar nosso conte\u00fado com seus amigos e redes. Eles s\u00e3o capazes de rastrear o seu browser atrav\u00e9s de outros sites e construir um perfil de seus interesses. Isso pode afetar o conte\u00fado e as mensagens que voc\u00ea v\u00ea em outros sites que voc\u00ea visita.<\/p>\n<p>Se voc\u00ea n\u00e3o permitir que esses cookies que voc\u00ea pode n\u00e3o ser capaz de usar ou ver essas ferramentas de compartilhamento.<\/p>\n<p>Cookies<\/p>\n<p>Categorias<\/p>\n<p>AddThis<\/p>\n<ul>\n<li>loc<\/li>\n<li>mus<\/li>\n<li>uid<\/li>\n<li>uvc<\/li>\n<\/ul>\n\t<h4>Outras Tecnologias de Rastreio<\/h4>\n<p>A Benchmark e seus parceiros de integra\u00e7\u00f5es de terceiros podem utilizar tecnologias de cookies compar\u00e1veis em algumas ocasi\u00f5es. Isso inclui pixels, web beacon ou tecnologias de rastreio similares. Isso nos permite rastrear o engajamento com o site e o email para uma melhor utiliza\u00e7\u00e3o de nossa ferramenta. Isso tamb\u00e9m nos ajuda a nos aprimorarmos para oferecer a melhor user experience poss\u00edvel, por exemplo, para rastrear um visitante de um an\u00fancio que veio ao nosso site para prover as mensagens e comunica\u00e7\u00f5es corretas baseados nos interesse do visitante. Essas ferramentas de rastreio podem ou n\u00e3o vir com a habilidade de serem rejeitadas ou desativadas diretamente e podem utilizar cookies para funcionar corretamente. Por isso, recusar cookies ir\u00e1 afetar negativamente as funcionalidades dessas tecnologias.<\/p>\n<h4>Propaganda Online Personalizada<\/h4>\n<p>A Benchmark usa ao menos uma plataforma de terceiros para rastrare e analisar os dados e comportamentos dos usu\u00e1rios. Tamb\u00e9m utilizamos ao menos uma plataforma de terceiros para gerenciar e mostrar an\u00fancios em outros sites.<\/p>\n<p>As plataformas de terceiros usam cookies e outras tecnologias de rastreamento para cultivar informa\u00e7\u00f5es de suas atividades online, tanto em nosso site como em outros, e em aplicativos m\u00f3veies, para entregar an\u00fancios personalizados e relevantes de acordo com seus interesses ou necessidades. Para aprender mais sobre esse tipo de an\u00fancio, voc\u00ea pode ir aqui (em ingl\u00eas):\u00a0<a href=\"http:\/\/www.aboutads.info\/choices\/\" target=\"_blank\" rel=\"noopener\">http:\/\/www.aboutads.info\/choices\/<\/a>.<\/p>\n<p>Para monitorar a efetividade desses tipos de an\u00fancios, o provedor de servi\u00e7os de terceiros pode usar cookies ou tecnologias similares para coletar dados de suas visitas ao nosso site e\/ou sites de terceiros. Esses dados n\u00e3o incluem informa\u00e7\u00f5es pessoas que podem te identificar por nome ou endere\u00e7o de email.<\/p>\n<h4>Cookies Entregues Atrav\u00e9s das Ferramentas da Benchmark<\/h4>\n<h4>Campanhas de emails do usu\u00e1rio<\/h4>\n<p>H\u00e1 um pequeno pixel inserido automaticamente em cada email enviado com a Benchmark. Isso nos ajuda a ver se os seus emails foram ou n\u00e3o abertos e quais links foram clicados. Esse pixel ir\u00e1 registrar os endere\u00e7os de email dos usu\u00e1rios, seu IP e a data e ora de cada abertura e clique em um determinado email. Isso \u00e9 imperativo para que nossas ferrametnas de relat\u00f3rios funcionem corretamente.<\/p>\n<h4>Como posso controlar os cookies?<\/h4>\n<p>\u00c9 seu direito determinar se voc\u00ea gostaria de aceitar ou rejeitar cookies.<\/p>\n<p><strong>Centro de Prefer\u00eancias de Cookies do Site<\/strong>: Voc\u00ea pode gerenciar quais cookies voc\u00ea permite ou aceita do site da Benchmark ao clicar abaixo:<\/p>\n<p>&nbsp;<\/p>\n<p><strong>Controles do Navegador<\/strong>: Nas prefer\u00eancias de seu navegador voc\u00ea pode controlar, ou escolher aceitar ou rejeitar cookies. A recusa dos cookies ainda te dar\u00e1 acesso ao nosso site, mas algumas funcionalidades podem ficar limitadas. Deve ser destacado que o aceite e recusa de cookies em seu navegador varia de navegador para navegador e deve ser gerenciado individualmente. Voc\u00ea pode consultar o menu de ajudas de um navegador para ajuda adicional.<\/p>\n<p><strong>An\u00fancias Baseados na Internet<\/strong>: V\u00e1rias plataformas de an\u00fancios permitem que voc\u00ea desabilite ou d\u00ea opt-out de seus an\u00fancios. Voc\u00ea pode aprender mais em (em ingl\u00eas)\u00a0<a href=\"http:\/\/www.aboutads.info\/choices\/\" target=\"_blank\" rel=\"noopener\">http:\/\/www.aboutads.info\/choices\/<\/a>\u00a0ou<a href=\"http:\/\/www.youronlinechoices.com\/\" target=\"_blank\" rel=\"noopener\">\u00a0http:\/\/www.youronlinechoices.com<\/a>.<\/p>\n<p><strong>An\u00fancios em Mobile<\/strong>: Voc\u00ea pode dar opt-ou de rastreadores de an\u00fancios mobile atrav\u00e9s das configura\u00e7\u00f5es de seu dispositivo Apple ou Android e seguir suas instru\u00e7\u00f5es. Dar opt-out desses an\u00fancios significa que seus dados ser\u00e3o removidos, nenhum dado adicional ser\u00e1 coletado e nenhum rastreio ser\u00e1 feito. A identifica\u00e7\u00e3o designada pr\u00e9viamente para voc\u00ea por n\u00f3s (ou por terceiros) ser\u00e1 removida, significando que se voc\u00ea der opt-in no futuro, voc\u00ea ser\u00e1 identificado como um novo usu\u00e1rio.<\/p>\n<p><strong>N\u00e3o Rastrear<\/strong>: Muitos navegadores populares, como o Firefox, o Safari ou o Internet Explorer te d\u00e3o a habilidade de transmitir sinais de N\u00e3o Rastrear (DNT &#8211; Do Not Track). Como n\u00e3o h\u00e1 um padr\u00e3o para sinais DNT, atualmente n\u00e3o prorcessamos ou respondemos a esses sinais. A Benchmark trata a sua privacidade com a maior import\u00e2ncia e ir\u00e1 monitorar tecnologias DNT em navegadores mais para a frente. Para aprender mais sobre DNT, voc\u00ea pode ir para (em ingl\u00eas)\u00a0<a href=\"https:\/\/allaboutdnt.com\/\" target=\"_blank\" rel=\"noopener\">All About Do Not Track<\/a>.<\/p>\n<h4>Com que Freque\u00eancia a Benchmark Atualizar\u00e1 essa Declara\u00e7\u00e3o de Cookies?<\/h4>\n<p>Atualizaremos a Pol\u00edtica de Cookies conforme necess\u00e1rio, de acordo com as mudan\u00e7as de leis e regulamentos. \u00c9 do nosso interesse revisar nossa Pol\u00edtica de Cookies regularmente, para te manter atualizado com as informa\u00e7\u00f5es mais recentes.<\/p>\n<p>A data em nossa Pol\u00edtica de Cookies reflete sua atualiza\u00e7\u00e3o mais recente.<\/p>\n\n","protected":false},"excerpt":{"rendered":"<p>Termos do Site Pol\u00edtica de Privacidade Pol\u00edtica de Cookies Pol\u00edtica Anti-Spam Termos e Condi\u00e7\u00f5es Zona Livre de Spam Compromisso de Usu\u00e1rio Adendo sobre processamento de dados Termo de afiliado Pol\u00edtica de Cookies Essa pol\u00edtica de cookies se aplica somente a usu\u00e1rios Europeus que est\u00e3o sob o GDPR. A Benchmark Email pertence e \u00e9 operada pela&hellip;<\/p>\n","protected":false},"author":7,"featured_media":0,"parent":0,"menu_order":0,"comment_status":"closed","ping_status":"closed","template":"","meta":{"inline_featured_image":false,"footnotes":""},"class_list":["post-8663","page","type-page","status-publish","hentry"],"yoast_head":"<!-- This site is optimized with the Yoast SEO plugin v27.5 - https:\/\/yoast.com\/product\/yoast-seo-wordpress\/ -->\n<title>Pol\u00edtica de Cookies - Benchmark Email<\/title>\n<meta name=\"robots\" content=\"index, follow, max-snippet:-1, max-image-preview:large, max-video-preview:-1\" \/>\n<link rel=\"canonical\" href=\"https:\/\/www.benchmarkemail.com\/br\/cookie-policy\/\" \/>\n<meta property=\"og:locale\" content=\"en_US\" \/>\n<meta property=\"og:type\" content=\"article\" \/>\n<meta property=\"og:title\" content=\"Pol\u00edtica de Cookies - Benchmark Email\" \/>\n<meta property=\"og:description\" content=\"Termos do Site Pol\u00edtica de Privacidade Pol\u00edtica de Cookies Pol\u00edtica Anti-Spam Termos e Condi\u00e7\u00f5es Zona Livre de Spam Compromisso de Usu\u00e1rio Adendo sobre processamento de dados Termo de afiliado Pol\u00edtica de Cookies Essa pol\u00edtica de cookies se aplica somente a usu\u00e1rios Europeus que est\u00e3o sob o GDPR. A Benchmark Email pertence e \u00e9 operada pela&hellip;\" \/>\n<meta property=\"og:url\" content=\"https:\/\/www.benchmarkemail.com\/br\/cookie-policy\/\" \/>\n<meta property=\"og:site_name\" content=\"Benchmark Email em Portugu\u00eas\" \/>\n<meta property=\"article:publisher\" content=\"https:\/\/www.facebook.com\/BenchmarkBR\" \/>\n<meta property=\"article:modified_time\" content=\"2026-04-03T11:59:29+00:00\" \/>\n<meta name=\"twitter:card\" content=\"summary_large_image\" \/>\n<meta name=\"twitter:label1\" content=\"Est. reading time\" \/>\n\t<meta name=\"twitter:data1\" content=\"11 minutes\" \/>\n<script type=\"application\/ld+json\" class=\"yoast-schema-graph\">{\"@context\":\"https:\\\/\\\/schema.org\",\"@graph\":[{\"@type\":\"WebPage\",\"@id\":\"https:\\\/\\\/www.benchmarkemail.com\\\/br\\\/cookie-policy\\\/\",\"url\":\"https:\\\/\\\/www.benchmarkemail.com\\\/br\\\/cookie-policy\\\/\",\"name\":\"Pol\u00edtica de Cookies - Benchmark Email\",\"isPartOf\":{\"@id\":\"https:\\\/\\\/www.benchmarkemail.com\\\/br\\\/#website\"},\"datePublished\":\"2020-01-06T13:37:37+00:00\",\"dateModified\":\"2026-04-03T11:59:29+00:00\",\"breadcrumb\":{\"@id\":\"https:\\\/\\\/www.benchmarkemail.com\\\/br\\\/cookie-policy\\\/#breadcrumb\"},\"inLanguage\":\"en-US\",\"potentialAction\":[{\"@type\":\"ReadAction\",\"target\":[\"https:\\\/\\\/www.benchmarkemail.com\\\/br\\\/cookie-policy\\\/\"]}]},{\"@type\":\"BreadcrumbList\",\"@id\":\"https:\\\/\\\/www.benchmarkemail.com\\\/br\\\/cookie-policy\\\/#breadcrumb\",\"itemListElement\":[{\"@type\":\"ListItem\",\"position\":1,\"name\":\"Home\",\"item\":\"https:\\\/\\\/www.benchmarkemail.com\\\/br\\\/\"},{\"@type\":\"ListItem\",\"position\":2,\"name\":\"Cookie Policy\"}]},{\"@type\":\"WebSite\",\"@id\":\"https:\\\/\\\/www.benchmarkemail.com\\\/br\\\/#website\",\"url\":\"https:\\\/\\\/www.benchmarkemail.com\\\/br\\\/\",\"name\":\"Benchmark Email em Portugu\u00eas\",\"description\":\"\",\"publisher\":{\"@id\":\"https:\\\/\\\/www.benchmarkemail.com\\\/br\\\/#organization\"},\"potentialAction\":[{\"@type\":\"SearchAction\",\"target\":{\"@type\":\"EntryPoint\",\"urlTemplate\":\"https:\\\/\\\/www.benchmarkemail.com\\\/br\\\/?s={search_term_string}\"},\"query-input\":{\"@type\":\"PropertyValueSpecification\",\"valueRequired\":true,\"valueName\":\"search_term_string\"}}],\"inLanguage\":\"en-US\"},{\"@type\":\"Organization\",\"@id\":\"https:\\\/\\\/www.benchmarkemail.com\\\/br\\\/#organization\",\"name\":\"Benchmark Internet Group, LLC\",\"url\":\"https:\\\/\\\/www.benchmarkemail.com\\\/br\\\/\",\"logo\":{\"@type\":\"ImageObject\",\"inLanguage\":\"en-US\",\"@id\":\"https:\\\/\\\/www.benchmarkemail.com\\\/br\\\/#\\\/schema\\\/logo\\\/image\\\/\",\"url\":\"https:\\\/\\\/www.benchmarkemail.com\\\/br\\\/wp-content\\\/uploads\\\/sites\\\/6\\\/2019\\\/09\\\/benchmark-logo.svg\",\"contentUrl\":\"https:\\\/\\\/www.benchmarkemail.com\\\/br\\\/wp-content\\\/uploads\\\/sites\\\/6\\\/2019\\\/09\\\/benchmark-logo.svg\",\"width\":1,\"height\":1,\"caption\":\"Benchmark Internet Group, LLC\"},\"image\":{\"@id\":\"https:\\\/\\\/www.benchmarkemail.com\\\/br\\\/#\\\/schema\\\/logo\\\/image\\\/\"},\"sameAs\":[\"https:\\\/\\\/www.facebook.com\\\/BenchmarkBR\"]}]}<\/script>\n<!-- \/ Yoast SEO plugin. -->","yoast_head_json":{"title":"Pol\u00edtica de Cookies - Benchmark Email","robots":{"index":"index","follow":"follow","max-snippet":"max-snippet:-1","max-image-preview":"max-image-preview:large","max-video-preview":"max-video-preview:-1"},"canonical":"https:\/\/www.benchmarkemail.com\/br\/cookie-policy\/","og_locale":"en_US","og_type":"article","og_title":"Pol\u00edtica de Cookies - Benchmark Email","og_description":"Termos do Site Pol\u00edtica de Privacidade Pol\u00edtica de Cookies Pol\u00edtica Anti-Spam Termos e Condi\u00e7\u00f5es Zona Livre de Spam Compromisso de Usu\u00e1rio Adendo sobre processamento de dados Termo de afiliado Pol\u00edtica de Cookies Essa pol\u00edtica de cookies se aplica somente a usu\u00e1rios Europeus que est\u00e3o sob o GDPR. A Benchmark Email pertence e \u00e9 operada pela&hellip;","og_url":"https:\/\/www.benchmarkemail.com\/br\/cookie-policy\/","og_site_name":"Benchmark Email em Portugu\u00eas","article_publisher":"https:\/\/www.facebook.com\/BenchmarkBR","article_modified_time":"2026-04-03T11:59:29+00:00","twitter_card":"summary_large_image","twitter_misc":{"Est. reading time":"11 minutes"},"schema":{"@context":"https:\/\/schema.org","@graph":[{"@type":"WebPage","@id":"https:\/\/www.benchmarkemail.com\/br\/cookie-policy\/","url":"https:\/\/www.benchmarkemail.com\/br\/cookie-policy\/","name":"Pol\u00edtica de Cookies - Benchmark Email","isPartOf":{"@id":"https:\/\/www.benchmarkemail.com\/br\/#website"},"datePublished":"2020-01-06T13:37:37+00:00","dateModified":"2026-04-03T11:59:29+00:00","breadcrumb":{"@id":"https:\/\/www.benchmarkemail.com\/br\/cookie-policy\/#breadcrumb"},"inLanguage":"en-US","potentialAction":[{"@type":"ReadAction","target":["https:\/\/www.benchmarkemail.com\/br\/cookie-policy\/"]}]},{"@type":"BreadcrumbList","@id":"https:\/\/www.benchmarkemail.com\/br\/cookie-policy\/#breadcrumb","itemListElement":[{"@type":"ListItem","position":1,"name":"Home","item":"https:\/\/www.benchmarkemail.com\/br\/"},{"@type":"ListItem","position":2,"name":"Cookie Policy"}]},{"@type":"WebSite","@id":"https:\/\/www.benchmarkemail.com\/br\/#website","url":"https:\/\/www.benchmarkemail.com\/br\/","name":"Benchmark Email em Portugu\u00eas","description":"","publisher":{"@id":"https:\/\/www.benchmarkemail.com\/br\/#organization"},"potentialAction":[{"@type":"SearchAction","target":{"@type":"EntryPoint","urlTemplate":"https:\/\/www.benchmarkemail.com\/br\/?s={search_term_string}"},"query-input":{"@type":"PropertyValueSpecification","valueRequired":true,"valueName":"search_term_string"}}],"inLanguage":"en-US"},{"@type":"Organization","@id":"https:\/\/www.benchmarkemail.com\/br\/#organization","name":"Benchmark Internet Group, LLC","url":"https:\/\/www.benchmarkemail.com\/br\/","logo":{"@type":"ImageObject","inLanguage":"en-US","@id":"https:\/\/www.benchmarkemail.com\/br\/#\/schema\/logo\/image\/","url":"https:\/\/www.benchmarkemail.com\/br\/wp-content\/uploads\/sites\/6\/2019\/09\/benchmark-logo.svg","contentUrl":"https:\/\/www.benchmarkemail.com\/br\/wp-content\/uploads\/sites\/6\/2019\/09\/benchmark-logo.svg","width":1,"height":1,"caption":"Benchmark Internet Group, LLC"},"image":{"@id":"https:\/\/www.benchmarkemail.com\/br\/#\/schema\/logo\/image\/"},"sameAs":["https:\/\/www.facebook.com\/BenchmarkBR"]}]}},"_links":{"self":[{"href":"https:\/\/www.benchmarkemail.com\/br\/wp-json\/wp\/v2\/pages\/8663","targetHints":{"allow":["GET"]}}],"collection":[{"href":"https:\/\/www.benchmarkemail.com\/br\/wp-json\/wp\/v2\/pages"}],"about":[{"href":"https:\/\/www.benchmarkemail.com\/br\/wp-json\/wp\/v2\/types\/page"}],"author":[{"embeddable":true,"href":"https:\/\/www.benchmarkemail.com\/br\/wp-json\/wp\/v2\/users\/7"}],"replies":[{"embeddable":true,"href":"https:\/\/www.benchmarkemail.com\/br\/wp-json\/wp\/v2\/comments?post=8663"}],"version-history":[{"count":0,"href":"https:\/\/www.benchmarkemail.com\/br\/wp-json\/wp\/v2\/pages\/8663\/revisions"}],"wp:attachment":[{"href":"https:\/\/www.benchmarkemail.com\/br\/wp-json\/wp\/v2\/media?parent=8663"}],"curies":[{"name":"wp","href":"https:\/\/api.w.org\/{rel}","templated":true}]}}