{"id":26844,"date":"2022-05-19T14:17:58","date_gmt":"2022-05-19T14:17:58","guid":{"rendered":"https:\/\/benchmarkemail.wpengine.com\/de\/?page_id=26844"},"modified":"2023-08-25T11:27:03","modified_gmt":"2023-08-25T11:27:03","slug":"ecommerce","status":"publish","type":"page","link":"https:\/\/www.benchmarkemail.com\/de\/features\/ecommerce\/","title":{"rendered":"eCommerce"},"content":{"rendered":"\n<h2>\n\t\tE-Mail-Marketing f\u00fcr eCommerce\n\t<\/h2>\n<h1>\n\t\tVerkaufen Sie mehr mit unserer E-Commerce-E-Mail-Marketing-Software\n\t<\/h1>\n<h2>\n\t\tmit Tools, die Ihre Produkte in den Posteingang Ihrer Kunden bringen.\n\t<\/h2>\n\t\t\t<a href=\"https:\/\/ui.benchmarkemail.com\/de\/register?utm_medium=organic&amp;utm_source=website&amp;utm_campaign=ecommerce_page&amp;utm_content=button_top\" target=\"_self\" rel=\"noopener\">\n\t\t\t\t\t\t\tKOSTENLOS ANMELDEN\n\t\t\t\t\t<\/a>\n\t\t\t\t<img loading=\"lazy\" decoding=\"async\" src=\"https:\/\/www.benchmarkemail.com\/de\/wp-content\/uploads\/sites\/5\/2023\/08\/img-hero-ecommerce-benchmark-page.webp\" alt=\"E-Commerce Benutzer\" height=\"1018\" width=\"1546\" title=\"img hero ecommerce benchmark page\" \/>\n<h2>\n\t\tPr\u00e4sentieren Sie Ihre Produkte\n\t<\/h2>\n<h3>\n\t\tEinfacher Drag &amp; Drop eCommerce Bl\u00f6cke\n\t<\/h3>\n\t<p>Heben Sie Ihre Produkte in E-Mails und Newslettern hervor. Mit einem intuitiven E-Mail-Builder und einer erstklassigen Zustellbarkeit ist es ganz einfach, verkaufsf\u00f6rdernde E-Mails zu erstellen und zu versenden.<\/p>\n\t\t\t<a href=\"https:\/\/ui.benchmarkemail.com\/de\/register?utm_medium=organic&amp;utm_source=website&amp;utm_campaign=ecommerce_page&amp;utm_content=button_1\" target=\"_self\" rel=\"noopener\">\n\t\t\t\t\t\t\tKostenlos anmelden\n\t\t\t\t\t<\/a>\n\t&nbsp;\n<h2>\n\t\tMehr Kunden gewinnen mit E-Mail-Marketing f\u00fcr Shopify\n\t<\/h2>\n<h3>\n\t\tE-Mail-Marketing ist der beste Weg, um mehr und \u00f6fter zu verkaufen. Integrieren Sie Shopify, um Ihre Kunden im Posteingang mit den Produkten zu empfangen, denen sie nicht widerstehen k\u00f6nnen.\n\t<\/h3>\n\t\t\t\t<img loading=\"lazy\" decoding=\"async\" src=\"https:\/\/www.benchmarkemail.com\/de\/wp-content\/uploads\/sites\/5\/2023\/08\/ecommerce-funtionalities.webp\" alt=\"Shopify-Integrationsdaten mit E-Mail-Marketing\" height=\"666\" width=\"2420\" title=\"ecommerce funtionalities\" \/>\n\t\t\t\t<img loading=\"lazy\" decoding=\"async\" src=\"https:\/\/www.benchmarkemail.com\/de\/wp-content\/uploads\/sites\/5\/2023\/08\/shopify-your-newsletter.png\" alt=\"Shopify-Integration im Newsletter\" height=\"670\" width=\"1102\" title=\"shopify-your-newsletter\" \/>\n<h3>\n\t\tShopify Ihr Newsletter\n\t<\/h3>\n\t<p>Integrieren Sie Shopify, um Ihre Produkte nahtlos in Ihre E-Mail oder Ihren Newsletter aufzunehmen.<\/p>\n\t<p>Stellen Sie bei jedem Versand die perfekte Produktauswahl f\u00fcr Ihr Zielpublikum zusammen. Mehr Blicke auf Ihren Shop, mehr Umsatz jeden Monat.<\/p>\n\t\t\t<a href=\"https:\/\/ui.benchmarkemail.com\/de\/register?utm_medium=organic&amp;utm_source=website&amp;utm_campaign=ecommerce_page&amp;utm_content=button_2\" target=\"_self\" rel=\"noopener\">\n\t\t\t\t\t\t\tKostenlos anmelden\n\t\t\t\t\t<\/a>\n\t\t\t\t<img loading=\"lazy\" decoding=\"async\" src=\"https:\/\/www.benchmarkemail.com\/de\/wp-content\/uploads\/sites\/5\/2022\/10\/shopify-sync.gif\" alt=\"Shopify-Listen im Newsletter\" height=\"670\" width=\"1102\" title=\"shopify-sync\" \/>\n\t<h3>Synchronisierung mit Ihrer Shopify-Liste<\/h3>\n\t<p>Keine unordentlichen Tabellen oder l\u00e4stigen Feldabgleiche mehr.<\/p>\n\t<p>Synchronisieren Sie Ihre Shopify-Listen automatisch mit Benchmark, damit Sie sich auf die Erstellung gro\u00dfartiger Kampagnen konzentrieren k\u00f6nnen, anstatt sich mit der Listenverwaltung herumzuschlagen.<\/p>\n\t\t\t<a href=\"https:\/\/ui.benchmarkemail.com\/de\/register?utm_medium=organic&amp;utm_source=website&amp;utm_campaign=ecommerce_page&amp;utm_content=button_3  \" target=\"_self\" rel=\"noopener\">\n\t\t\t\t\t\t\tKostenlos anmelden\n\t\t\t\t\t<\/a>\n<h2>\n\t\teCommerce E-Mail-Marketing-Vorlagen\n\t<\/h2>\n<h3>\n\t\tF\u00fcgen Sie einfach Ihr Branding hinzu, w\u00e4hlen Sie Ihre Produkte aus und versenden Sie!\n\t<\/h3>\n\t\t\t\t\t<a href=\"#\" id=\"fl-accordion--label-0\" aria-controls=\"fl-accordion--panel-0\">Rechtzeitiges Senden von Angeboten mit Marketing Automatisierung<\/a>\n\t\t\t\t\t\t\t\t\t\t\t<a href=\"#\" id=\"fl-accordion--icon-0\" aria-controls=\"fl-accordion--panel-0\"><i>Collapse<\/i><\/a>\n\t\t\t\t\t<p>Jeder Verkauf ist f\u00fcr Ihren Kunden pers\u00f6nlich, also versenden Sie keine Einheits-E-Mails. Mit der Profi-Automatisierung k\u00f6nnen Sie Workflows f\u00fcr E-Mail-Kampagnen erstellen, mit denen Sie relevante, auf die Konversion ausgerichtete Nachrichten versenden, die Schaufenstereink\u00e4ufer in Kunden verwandeln.<\/p>\n<p><a href=\"https:\/\/www.benchmarkemail.com\/de\/features\/marketing-automation\/\/\">Mehr erfahren<\/a><\/p>\n\t\t\t\t\t<a href=\"#\" id=\"fl-accordion--label-1\" aria-controls=\"fl-accordion--panel-1\">Optimieren Sie mit A\/B-Testing<\/a>\n\t\t\t\t\t\t\t\t\t\t\t<a href=\"#\" id=\"fl-accordion--icon-1\" aria-controls=\"fl-accordion--panel-1\"><i>Expand<\/i><\/a>\n\t\t\t\t\t<p>Verbessern Sie Ihre eCommerce-E-Mail-Strategie schnell mit A\/B-Tests f\u00fcr Betreffzeilen, Inhalte, Tageszeit und mehr. Benchmark testet einen Teil Ihrer Liste und sendet die beste Version an den Rest Ihrer Liste. Sie erhalten einen sofortigen Nutzen, anstatt auf die Ergebnisse zu warten.<\/p>\n\t\t\t\t\t<a href=\"#\" id=\"fl-accordion--label-2\" aria-controls=\"fl-accordion--panel-2\">Bauen Sie auf den Erfolg mit Berichten in Echtzeit<\/a>\n\t\t\t\t\t\t\t\t\t\t\t<a href=\"#\" id=\"fl-accordion--icon-2\" aria-controls=\"fl-accordion--panel-2\"><i>Expand<\/i><\/a>\n\t\t\t\t\t<p>Sehen Sie alles, was Sie \u00fcber die Kampagnenleistung wissen m\u00fcssen, von Klicks und \u00d6ffnungen bis hin zur Google Analytics-Verfolgung.<\/p>\n\t\t\t\t<img loading=\"lazy\" decoding=\"async\" src=\"https:\/\/www.benchmarkemail.com\/de\/wp-content\/uploads\/sites\/5\/2023\/08\/Send-Timely-Offers-With-Marketing-Automation-1.jpg\" alt=\"E-Commerce E-Mail-Versand E-Mail-Vorlagen\" height=\"1144\" width=\"1144\" title=\"Send-Timely-Offers-With-Marketing-Automation (1)\" \/>\n<h3>\n\t\tStarten Sie Ihr Wachstum mit E-Mail-Marketing f\u00fcr eCommerce\n\t<\/h3>\n\t\t\t<a href=\"https:\/\/ui.benchmarkemail.com\/de\/register?utm_medium=organic&amp;utm_source=website&amp;utm_campaign=ecommerce_page&amp;utm_content=button_bottom\" target=\"_self\" rel=\"noopener\">\n\t\t\t\t\t\t\tKOSTENLOS ANMELDEN\n\t\t\t\t\t<\/a>\n\t<p><strong>NEUE ARTIKEL<\/strong>:<\/p>\n\n","protected":false},"excerpt":{"rendered":"<p>E-Mail-Marketing f\u00fcr eCommerce Verkaufen Sie mehr mit unserer E-Commerce-E-Mail-Marketing-Software mit Tools, die Ihre Produkte in den Posteingang Ihrer Kunden bringen. KOSTENLOS ANMELDEN Pr\u00e4sentieren Sie Ihre Produkte Einfacher Drag &amp; Drop eCommerce Bl\u00f6cke Heben Sie Ihre Produkte in E-Mails und Newslettern hervor. Mit einem intuitiven E-Mail-Builder und einer erstklassigen Zustellbarkeit ist es ganz einfach, verkaufsf\u00f6rdernde E-Mails&hellip;<\/p>\n","protected":false},"author":7,"featured_media":34669,"parent":18,"menu_order":0,"comment_status":"closed","ping_status":"closed","template":"","meta":{"inline_featured_image":false,"footnotes":""},"class_list":["post-26844","page","type-page","status-publish","has-post-thumbnail","hentry"],"yoast_head":"<!-- This site is optimized with the Yoast SEO plugin v27.4 - https:\/\/yoast.com\/product\/yoast-seo-wordpress\/ -->\n<title>E-Commerce E-Mail Marketing mit Benchmark Email<\/title>\n<meta name=\"description\" content=\"E-Mail-Marketing-Tool f\u00fcr E-Commerce &amp; Shopify: Heben Sie Produkte hervor, erh\u00f6hen Sie die Kundenbindung und steigern Sie den Umsatz mit Benchmark Email.\" \/>\n<meta name=\"robots\" content=\"index, follow, max-snippet:-1, max-image-preview:large, max-video-preview:-1\" \/>\n<link rel=\"canonical\" href=\"https:\/\/www.benchmarkemail.com\/de\/features\/ecommerce\/\" \/>\n<meta property=\"og:locale\" content=\"en_US\" \/>\n<meta property=\"og:type\" content=\"article\" \/>\n<meta property=\"og:title\" content=\"E-Commerce E-Mail Marketing mit Benchmark Email\" \/>\n<meta property=\"og:description\" content=\"E-Mail-Marketing-Tool f\u00fcr E-Commerce &amp; Shopify: Heben Sie Produkte hervor, erh\u00f6hen Sie die Kundenbindung und steigern Sie den Umsatz mit Benchmark Email.\" \/>\n<meta property=\"og:url\" content=\"https:\/\/www.benchmarkemail.com\/de\/features\/ecommerce\/\" \/>\n<meta property=\"og:site_name\" content=\"Marketing-Blog von Benchmark Email\" \/>\n<meta property=\"article:publisher\" content=\"https:\/\/www.facebook.com\/BenchmarkEmail\" \/>\n<meta property=\"article:modified_time\" content=\"2023-08-25T11:27:03+00:00\" \/>\n<meta property=\"og:image\" content=\"https:\/\/www.benchmarkemail.com\/de\/wp-content\/uploads\/sites\/5\/2023\/07\/ecommerce-email-marketing.webp\" \/>\n\t<meta property=\"og:image:width\" content=\"1200\" \/>\n\t<meta property=\"og:image:height\" content=\"627\" \/>\n\t<meta property=\"og:image:type\" content=\"image\/webp\" \/>\n<meta name=\"twitter:card\" content=\"summary_large_image\" \/>\n<meta name=\"twitter:site\" content=\"@benchmarkemail\" \/>\n<meta name=\"twitter:label1\" content=\"Est. reading time\" \/>\n\t<meta name=\"twitter:data1\" content=\"3 minutes\" \/>\n<script type=\"application\/ld+json\" class=\"yoast-schema-graph\">{\"@context\":\"https:\\\/\\\/schema.org\",\"@graph\":[{\"@type\":\"WebPage\",\"@id\":\"https:\\\/\\\/www.benchmarkemail.com\\\/de\\\/features\\\/ecommerce\\\/\",\"url\":\"https:\\\/\\\/www.benchmarkemail.com\\\/de\\\/features\\\/ecommerce\\\/\",\"name\":\"E-Commerce E-Mail Marketing mit Benchmark Email\",\"isPartOf\":{\"@id\":\"https:\\\/\\\/www.benchmarkemail.com\\\/de\\\/#website\"},\"primaryImageOfPage\":{\"@id\":\"https:\\\/\\\/www.benchmarkemail.com\\\/de\\\/features\\\/ecommerce\\\/#primaryimage\"},\"image\":{\"@id\":\"https:\\\/\\\/www.benchmarkemail.com\\\/de\\\/features\\\/ecommerce\\\/#primaryimage\"},\"thumbnailUrl\":\"https:\\\/\\\/www.benchmarkemail.com\\\/de\\\/wp-content\\\/uploads\\\/sites\\\/5\\\/2023\\\/07\\\/ecommerce-email-marketing.webp\",\"datePublished\":\"2022-05-19T14:17:58+00:00\",\"dateModified\":\"2023-08-25T11:27:03+00:00\",\"description\":\"E-Mail-Marketing-Tool f\u00fcr E-Commerce & Shopify: Heben Sie Produkte hervor, erh\u00f6hen Sie die Kundenbindung und steigern Sie den Umsatz mit Benchmark Email.\",\"breadcrumb\":{\"@id\":\"https:\\\/\\\/www.benchmarkemail.com\\\/de\\\/features\\\/ecommerce\\\/#breadcrumb\"},\"inLanguage\":\"en-US\",\"potentialAction\":[{\"@type\":\"ReadAction\",\"target\":[\"https:\\\/\\\/www.benchmarkemail.com\\\/de\\\/features\\\/ecommerce\\\/\"]}]},{\"@type\":\"ImageObject\",\"inLanguage\":\"en-US\",\"@id\":\"https:\\\/\\\/www.benchmarkemail.com\\\/de\\\/features\\\/ecommerce\\\/#primaryimage\",\"url\":\"https:\\\/\\\/www.benchmarkemail.com\\\/de\\\/wp-content\\\/uploads\\\/sites\\\/5\\\/2023\\\/07\\\/ecommerce-email-marketing.webp\",\"contentUrl\":\"https:\\\/\\\/www.benchmarkemail.com\\\/de\\\/wp-content\\\/uploads\\\/sites\\\/5\\\/2023\\\/07\\\/ecommerce-email-marketing.webp\",\"width\":1200,\"height\":627},{\"@type\":\"BreadcrumbList\",\"@id\":\"https:\\\/\\\/www.benchmarkemail.com\\\/de\\\/features\\\/ecommerce\\\/#breadcrumb\",\"itemListElement\":[{\"@type\":\"ListItem\",\"position\":1,\"name\":\"Home\",\"item\":\"https:\\\/\\\/www.benchmarkemail.com\\\/de\\\/\"},{\"@type\":\"ListItem\",\"position\":2,\"name\":\"Features\",\"item\":\"https:\\\/\\\/www.benchmarkemail.com\\\/de\\\/features\\\/\"},{\"@type\":\"ListItem\",\"position\":3,\"name\":\"eCommerce\"}]},{\"@type\":\"WebSite\",\"@id\":\"https:\\\/\\\/www.benchmarkemail.com\\\/de\\\/#website\",\"url\":\"https:\\\/\\\/www.benchmarkemail.com\\\/de\\\/\",\"name\":\"Marketing-Blog von Benchmark Email\",\"description\":\"Digitales Marketing-Tool. Erfahren Sie mehr \u00fcber E-Mail-Marketing, Automatisierung, Lead-Gewinnung und -Pflege, etc.\",\"publisher\":{\"@id\":\"https:\\\/\\\/www.benchmarkemail.com\\\/de\\\/#organization\"},\"potentialAction\":[{\"@type\":\"SearchAction\",\"target\":{\"@type\":\"EntryPoint\",\"urlTemplate\":\"https:\\\/\\\/www.benchmarkemail.com\\\/de\\\/?s={search_term_string}\"},\"query-input\":{\"@type\":\"PropertyValueSpecification\",\"valueRequired\":true,\"valueName\":\"search_term_string\"}}],\"inLanguage\":\"en-US\"},{\"@type\":\"Organization\",\"@id\":\"https:\\\/\\\/www.benchmarkemail.com\\\/de\\\/#organization\",\"name\":\"Benchmark Internet Group, LLC\",\"url\":\"https:\\\/\\\/www.benchmarkemail.com\\\/de\\\/\",\"logo\":{\"@type\":\"ImageObject\",\"inLanguage\":\"en-US\",\"@id\":\"https:\\\/\\\/www.benchmarkemail.com\\\/de\\\/#\\\/schema\\\/logo\\\/image\\\/\",\"url\":\"https:\\\/\\\/www.benchmarkemail.com\\\/de\\\/wp-content\\\/uploads\\\/sites\\\/5\\\/2019\\\/09\\\/benchmark-logo.svg\",\"contentUrl\":\"https:\\\/\\\/www.benchmarkemail.com\\\/de\\\/wp-content\\\/uploads\\\/sites\\\/5\\\/2019\\\/09\\\/benchmark-logo.svg\",\"width\":1,\"height\":1,\"caption\":\"Benchmark Internet Group, LLC\"},\"image\":{\"@id\":\"https:\\\/\\\/www.benchmarkemail.com\\\/de\\\/#\\\/schema\\\/logo\\\/image\\\/\"},\"sameAs\":[\"https:\\\/\\\/www.facebook.com\\\/BenchmarkEmail\",\"https:\\\/\\\/x.com\\\/benchmarkemail\",\"https:\\\/\\\/www.instagram.com\\\/benchmarkemail\\\/\",\"https:\\\/\\\/www.linkedin.com\\\/company\\\/benchmark-email\\\/\",\"https:\\\/\\\/www.youtube.com\\\/channel\\\/UCS2asc1Z3ugpfkpnF2_mdbA\"]}]}<\/script>\n<!-- \/ Yoast SEO plugin. -->","yoast_head_json":{"title":"E-Commerce E-Mail Marketing mit Benchmark Email","description":"E-Mail-Marketing-Tool f\u00fcr E-Commerce & Shopify: Heben Sie Produkte hervor, erh\u00f6hen Sie die Kundenbindung und steigern Sie den Umsatz mit Benchmark Email.","robots":{"index":"index","follow":"follow","max-snippet":"max-snippet:-1","max-image-preview":"max-image-preview:large","max-video-preview":"max-video-preview:-1"},"canonical":"https:\/\/www.benchmarkemail.com\/de\/features\/ecommerce\/","og_locale":"en_US","og_type":"article","og_title":"E-Commerce E-Mail Marketing mit Benchmark Email","og_description":"E-Mail-Marketing-Tool f\u00fcr E-Commerce & Shopify: Heben Sie Produkte hervor, erh\u00f6hen Sie die Kundenbindung und steigern Sie den Umsatz mit Benchmark Email.","og_url":"https:\/\/www.benchmarkemail.com\/de\/features\/ecommerce\/","og_site_name":"Marketing-Blog von Benchmark Email","article_publisher":"https:\/\/www.facebook.com\/BenchmarkEmail","article_modified_time":"2023-08-25T11:27:03+00:00","og_image":[{"width":1200,"height":627,"url":"https:\/\/www.benchmarkemail.com\/de\/wp-content\/uploads\/sites\/5\/2023\/07\/ecommerce-email-marketing.webp","type":"image\/webp"}],"twitter_card":"summary_large_image","twitter_site":"@benchmarkemail","twitter_misc":{"Est. reading time":"3 minutes"},"schema":{"@context":"https:\/\/schema.org","@graph":[{"@type":"WebPage","@id":"https:\/\/www.benchmarkemail.com\/de\/features\/ecommerce\/","url":"https:\/\/www.benchmarkemail.com\/de\/features\/ecommerce\/","name":"E-Commerce E-Mail Marketing mit Benchmark Email","isPartOf":{"@id":"https:\/\/www.benchmarkemail.com\/de\/#website"},"primaryImageOfPage":{"@id":"https:\/\/www.benchmarkemail.com\/de\/features\/ecommerce\/#primaryimage"},"image":{"@id":"https:\/\/www.benchmarkemail.com\/de\/features\/ecommerce\/#primaryimage"},"thumbnailUrl":"https:\/\/www.benchmarkemail.com\/de\/wp-content\/uploads\/sites\/5\/2023\/07\/ecommerce-email-marketing.webp","datePublished":"2022-05-19T14:17:58+00:00","dateModified":"2023-08-25T11:27:03+00:00","description":"E-Mail-Marketing-Tool f\u00fcr E-Commerce & Shopify: Heben Sie Produkte hervor, erh\u00f6hen Sie die Kundenbindung und steigern Sie den Umsatz mit Benchmark Email.","breadcrumb":{"@id":"https:\/\/www.benchmarkemail.com\/de\/features\/ecommerce\/#breadcrumb"},"inLanguage":"en-US","potentialAction":[{"@type":"ReadAction","target":["https:\/\/www.benchmarkemail.com\/de\/features\/ecommerce\/"]}]},{"@type":"ImageObject","inLanguage":"en-US","@id":"https:\/\/www.benchmarkemail.com\/de\/features\/ecommerce\/#primaryimage","url":"https:\/\/www.benchmarkemail.com\/de\/wp-content\/uploads\/sites\/5\/2023\/07\/ecommerce-email-marketing.webp","contentUrl":"https:\/\/www.benchmarkemail.com\/de\/wp-content\/uploads\/sites\/5\/2023\/07\/ecommerce-email-marketing.webp","width":1200,"height":627},{"@type":"BreadcrumbList","@id":"https:\/\/www.benchmarkemail.com\/de\/features\/ecommerce\/#breadcrumb","itemListElement":[{"@type":"ListItem","position":1,"name":"Home","item":"https:\/\/www.benchmarkemail.com\/de\/"},{"@type":"ListItem","position":2,"name":"Features","item":"https:\/\/www.benchmarkemail.com\/de\/features\/"},{"@type":"ListItem","position":3,"name":"eCommerce"}]},{"@type":"WebSite","@id":"https:\/\/www.benchmarkemail.com\/de\/#website","url":"https:\/\/www.benchmarkemail.com\/de\/","name":"Marketing-Blog von Benchmark Email","description":"Digitales Marketing-Tool. Erfahren Sie mehr \u00fcber E-Mail-Marketing, Automatisierung, Lead-Gewinnung und -Pflege, etc.","publisher":{"@id":"https:\/\/www.benchmarkemail.com\/de\/#organization"},"potentialAction":[{"@type":"SearchAction","target":{"@type":"EntryPoint","urlTemplate":"https:\/\/www.benchmarkemail.com\/de\/?s={search_term_string}"},"query-input":{"@type":"PropertyValueSpecification","valueRequired":true,"valueName":"search_term_string"}}],"inLanguage":"en-US"},{"@type":"Organization","@id":"https:\/\/www.benchmarkemail.com\/de\/#organization","name":"Benchmark Internet Group, LLC","url":"https:\/\/www.benchmarkemail.com\/de\/","logo":{"@type":"ImageObject","inLanguage":"en-US","@id":"https:\/\/www.benchmarkemail.com\/de\/#\/schema\/logo\/image\/","url":"https:\/\/www.benchmarkemail.com\/de\/wp-content\/uploads\/sites\/5\/2019\/09\/benchmark-logo.svg","contentUrl":"https:\/\/www.benchmarkemail.com\/de\/wp-content\/uploads\/sites\/5\/2019\/09\/benchmark-logo.svg","width":1,"height":1,"caption":"Benchmark Internet Group, LLC"},"image":{"@id":"https:\/\/www.benchmarkemail.com\/de\/#\/schema\/logo\/image\/"},"sameAs":["https:\/\/www.facebook.com\/BenchmarkEmail","https:\/\/x.com\/benchmarkemail","https:\/\/www.instagram.com\/benchmarkemail\/","https:\/\/www.linkedin.com\/company\/benchmark-email\/","https:\/\/www.youtube.com\/channel\/UCS2asc1Z3ugpfkpnF2_mdbA"]}]}},"_links":{"self":[{"href":"https:\/\/www.benchmarkemail.com\/de\/wp-json\/wp\/v2\/pages\/26844","targetHints":{"allow":["GET"]}}],"collection":[{"href":"https:\/\/www.benchmarkemail.com\/de\/wp-json\/wp\/v2\/pages"}],"about":[{"href":"https:\/\/www.benchmarkemail.com\/de\/wp-json\/wp\/v2\/types\/page"}],"author":[{"embeddable":true,"href":"https:\/\/www.benchmarkemail.com\/de\/wp-json\/wp\/v2\/users\/7"}],"replies":[{"embeddable":true,"href":"https:\/\/www.benchmarkemail.com\/de\/wp-json\/wp\/v2\/comments?post=26844"}],"version-history":[{"count":0,"href":"https:\/\/www.benchmarkemail.com\/de\/wp-json\/wp\/v2\/pages\/26844\/revisions"}],"up":[{"embeddable":true,"href":"https:\/\/www.benchmarkemail.com\/de\/wp-json\/wp\/v2\/pages\/18"}],"wp:featuredmedia":[{"embeddable":true,"href":"https:\/\/www.benchmarkemail.com\/de\/wp-json\/wp\/v2\/media\/34669"}],"wp:attachment":[{"href":"https:\/\/www.benchmarkemail.com\/de\/wp-json\/wp\/v2\/media?parent=26844"}],"curies":[{"name":"wp","href":"https:\/\/api.w.org\/{rel}","templated":true}]}}