{"id":280,"date":"2019-10-03T13:52:23","date_gmt":"2019-10-03T13:52:23","guid":{"rendered":"http:\/\/bme2.flywheelsites.com\/?page_id=280"},"modified":"2023-08-29T11:10:27","modified_gmt":"2023-08-29T11:10:27","slug":"lead-generation","status":"publish","type":"page","link":"https:\/\/www.benchmarkemail.com\/de\/features\/lead-generation\/","title":{"rendered":"Lead Generation"},"content":{"rendered":"\n<h1>\n\t\tDer einfachste Anmeldeformular-Ersteller\n\t<\/h1>\n<h3>\n\t\tNutzen Sie Formulare, Automatisierungen, Umfragen und Abstimmungen, um eine loyale Fangemeinde aufzubauen, die sich f\u00fcr Ihre Nachrichten interessiert.\n\t<\/h3>\n\t\t\t\t<img loading=\"lazy\" decoding=\"async\" src=\"https:\/\/www.benchmarkemail.com\/de\/wp-content\/uploads\/sites\/5\/2020\/02\/lead-genration.png\" alt=\"Web mit integriertem generierten Anmeldeformular\" height=\"405\" width=\"1056\" title=\"lead genration\" \/>\n\t<h2>Anmeldeformulare<\/h2>\n<p>Entwerfen Sie einbettbare Anmeldeformulare und Pop-ups, die Sie auf Ihrer Website einbinden k\u00f6nnen. Verbessern Sie die Konversion und vergr\u00f6\u00dfern Sie Ihre Listen ganz einfach<\/p>\n\t\t\t\t<img loading=\"lazy\" decoding=\"async\" src=\"https:\/\/www.benchmarkemail.com\/de\/wp-content\/uploads\/sites\/5\/2020\/02\/list-building.jpg\" alt=\"Beispiel eines Anmeldeformulars\" height=\"775\" width=\"1097\" title=\"list-building\" \/>\n\t\t\t\t<img loading=\"lazy\" decoding=\"async\" src=\"https:\/\/www.benchmarkemail.com\/de\/wp-content\/uploads\/sites\/5\/2020\/02\/3-1.png\" alt=\"Bildschirm zur Integration des Anmeldeformulars\" height=\"504\" width=\"609\" title=\"3\" \/>\n\t<h4>Universelle Anmeldeformulare<\/h4>\n<p>Gewinnen Sie neue Kontakte mit Hilfe eines ma\u00dfgeschneiderten Anmeldeformulars. F\u00fcgen Sie es auf Ihrer Website, Ihrem Blog oder Ihren Social-Media-Kan\u00e4len ein und schauen Sie zu, wie Ihre Liste von alleine w\u00e4chst.<\/p>\n<h2>\n\t\t Anmeldeformulare + Landing-Pages\n\t<\/h2>\n\t<p>Gewinnen Sie mehr Abonnenten und Kunden mit Benchmark Email<\/p>\n\t\t\t\t<img loading=\"lazy\" decoding=\"async\" src=\"https:\/\/www.benchmarkemail.com\/de\/wp-content\/uploads\/sites\/5\/2023\/05\/drag-drop-icon@2x.png\" alt=\"drag-drop-icon@2x\" height=\"96\" width=\"96\" title=\"drag-drop-icon@2x\" \/>\n<h3>\n\t\tDrag&amp;Drop-Editor\n\t<\/h3>\n\t<p>Entwerfen Sie Landing-Pages, die Ihnen helfen, Ihre Ziele zu erreichen, ohne dass Sie wissen m\u00fcssen, wie man programmiert<\/p>\n\t\t\t\t<img loading=\"lazy\" decoding=\"async\" src=\"https:\/\/www.benchmarkemail.com\/de\/wp-content\/uploads\/sites\/5\/2023\/05\/forms-icon@2x.png\" alt=\"forms-icon@2x\" height=\"96\" width=\"88\" title=\"forms-icon@2x\" \/>\n<h3>\n\t\tErweitern Sie Ihre Liste\n\t<\/h3>\n\t<p>F\u00fcgen Sie Anmeldeformulare ein, um Abonnenten direkt an Ihre E-Mail-Marketinglisten zu senden<\/p>\n\t\t\t\t<img loading=\"lazy\" decoding=\"async\" src=\"https:\/\/www.benchmarkemail.com\/de\/wp-content\/uploads\/sites\/5\/2023\/05\/links@2x.png\" alt=\"links@2x\" height=\"96\" width=\"96\" title=\"links@2x\" \/>\n<h3>\n\t\tLanding-Pages unter Ihrer eigenen Domain\n\t<\/h3>\n\t<p>Ver\u00f6ffentlichen Sie Ihre Landing-Pages unter Ihrer eigenen Subdomain, um ein einheitliches Branding f\u00fcr die gesamte Benutzererfahrung zu gew\u00e4hrleisten.<\/p>\n\t\t\t\t<img loading=\"lazy\" decoding=\"async\" src=\"https:\/\/www.benchmarkemail.com\/de\/wp-content\/uploads\/sites\/5\/2023\/05\/integration@2x.png\" alt=\"integration@2x\" height=\"94\" width=\"96\" title=\"integration@2x\" \/>\n<h3>\n\t\tE-Mail-Marketing + Landing-Pages\n\t<\/h3>\n\t<p>Koppeln Sie Ihre Landing-Pages mit leistungsstarken Automatisierungen, Sales-Funnel und Segmentierungs-Instrumenten.<\/p>\n\t\t\t\t<img loading=\"lazy\" decoding=\"async\" src=\"https:\/\/www.benchmarkemail.com\/de\/wp-content\/uploads\/sites\/5\/2023\/05\/tracking@2x.png\" alt=\"tracking@2x\" height=\"96\" width=\"96\" title=\"tracking@2x\" \/>\n<h3>\n\t\tTracken Sie Ihren Erfolg\n\t<\/h3>\n\t<p>Messen Sie den Kampagnen-ROI Ihrer Zielseiten, z. B. anhand von Seiten-Engagement und neuen Abonnenten.<\/p>\n\t\t\t\t<img loading=\"lazy\" decoding=\"async\" src=\"https:\/\/www.benchmarkemail.com\/de\/wp-content\/uploads\/sites\/5\/2023\/05\/templates@2x.png\" alt=\"templates@2x\" height=\"96\" width=\"96\" title=\"templates@2x\" \/>\n<h3>\n\t\tLanding-Pages-Vorlagen\n\t<\/h3>\n\t<p>Unsere auf Konversionen getestete Layout-Vorlagen ersparen Ihnen langes Ausprobieren beim Designen.<\/p>\n                    <img decoding=\"async\" src=\"https:\/\/www.benchmarkemail.com\/de\/wp-content\/uploads\/sites\/5\/2023\/05\/social-share-tool-icon@2x.png\" alt=\"\" \/>\n                    <img decoding=\"async\" src=\"https:\/\/www.benchmarkemail.com\/de\/wp-content\/uploads\/sites\/5\/2023\/05\/button-tool-icon@2x-1.png\" alt=\"\" \/>\n                    <img decoding=\"async\" src=\"https:\/\/www.benchmarkemail.com\/de\/wp-content\/uploads\/sites\/5\/2023\/05\/text-tool-icon@2x.png\" alt=\"\" \/>\n                    <img decoding=\"async\" src=\"https:\/\/www.benchmarkemail.com\/de\/wp-content\/uploads\/sites\/5\/2023\/05\/video-tool-icon@2x.png\" alt=\"Web-generiertes Anmeldeformular\" \/>\n                    <img decoding=\"async\" src=\"https:\/\/www.benchmarkemail.com\/de\/wp-content\/uploads\/sites\/5\/2023\/05\/image-tool-icon@2x.png\" alt=\"\" \/>\n                    <img decoding=\"async\" src=\"https:\/\/www.benchmarkemail.com\/de\/wp-content\/uploads\/sites\/5\/2023\/05\/landing-page-mobile-DE.png\" alt=\"Web-generiertes Anmeldeformular\" \/>\n                    <img decoding=\"async\" src=\"https:\/\/www.benchmarkemail.com\/de\/wp-content\/uploads\/sites\/5\/2023\/05\/landing-page-desktop-DE-1.png\" alt=\"Web-generiertes Anmeldeformular\" \/>\n\t<h3>Listen-Verwaltung<\/h3>\nImport, Verkn\u00fcpfung und Segmentierung von Kontaktlisten werden mit<br \/>\n unseren Tools zum Kinderspiel.\n\t<p>&nbsp;<\/p>\n<h4><strong>Segmentieren<\/strong><\/h4>\n<p>Unterteilen Sie Ihre Listen nach demographischen Merkmalen, Kundenvorlieben etc. in Kategorien und senden Sie jedem Abonnenten genau das, was ihn auch wirklich interessiert. <\/p>\n\t<p>&nbsp;<\/p>\n<h4><strong>Importieren<\/strong><\/h4>\n<p>Erstellen Sie Ihre Listen, indem Sie diese als .xls, .cvs oder .txt Dateien importieren, diese in B\u00fcndeln von bis zu 50 Adressen kopieren und einf\u00fcgen oder einzeln eingeben.<\/p>\n\t<p>&nbsp;<\/p>\n<h4><strong>Verkn\u00fcpfen<\/strong><\/h4>\n<p>Integrieren Sie Ihre Kontaktlisten direkt aus beliebten Diensten wie z.B.: WordPress, Salesforce, Unbounce, Zapier und andere.<\/p>\n\t\t\t\t<img decoding=\"async\" src=\"https:\/\/www.benchmarkemail.com\/wp-content\/uploads\/2019\/10\/list-map-markers-1024x326.png\" alt=\"Geografische Standortkarte\" title=\"list-map-markers\" \/>\n\t\t\t\t<img decoding=\"async\" src=\"https:\/\/www.benchmarkemail.com\/wp-content\/uploads\/2019\/10\/2-contact-r-feat-2x-compressor.png\" alt=\"Kontakte Score\" title=\"2-contact-r-feat-2x-compressor\" \/>\n\t<h4><strong>Holen Sie das Beste aus Ihren Kontakten heraus<\/strong><\/h4>\n<p>Auf einer Skala von 0-5 Sternen k\u00f6nnen Sie sehen, wie sehr jeder Ihrer Kontakte mit Ihnen interagiert. Verbessern Sie Ihre Zustellbarkeit, indem Sie treue Empf\u00e4nger belohnen und desinteressierte Abonnenten wieder aktivieren, indem Sie die Inhalte Ihrer E-Mails auf die Kontaktbewertung abstimmen.<a href=\"#\">Erfahren Sie mehr&#8230;<\/a><\/p>\n\t<h3>\u00a0Marketing Automatisierung<\/h3>\n<p>Senden Sie auf einfachste Weise automatisierte E-Mail-Sequenzen an Ihre Abonnenten.<\/p>\n\t\t\t\t<img loading=\"lazy\" decoding=\"async\" src=\"https:\/\/www.benchmarkemail.com\/de\/wp-content\/uploads\/sites\/5\/2020\/02\/autoresponders.jpg\" alt=\"Beispiel f\u00fcr einen E-Mail-Autoresponder f\u00fcr ein Anmeldeformular\" height=\"736\" width=\"1058\" title=\"autoresponders\" \/>\n\t<h4><strong>Automatisierte E-Mails<\/strong><\/h4>\n<p>Ein Ereignis l\u00f6st eine Autoresponder-E-Mail aus. Beispielsweise Geburtstags-E-Mails, um Ihren Abonnenten einen besonderen Tag zu bereiten<\/p>\n<h4><strong>Datumsbasierte E-Mails<\/strong><\/h4>\n<p>Mit unserem Autoresponder-System k\u00f6nnen Sie einzelne E-Mails planen, die an einem Datum Ihrer Wahl gesendet werden: Tag, Woche, Monat oder Jahr<\/p>\n\t<h3>Lernen Sie Ihr Publikum mit Abstimmungen und Umfragen besser kennen<\/h3>\n<p>Benchmark Email enth\u00e4lt Funktionen f\u00fcr Umfragen und Abstimmungen, um mehr Daten von Ihren Abonnenten zu erhalten<\/p>\n\t<h4>Umfragen<\/h4>\n<p>Geben Sie Ihren Benutzern die Chance, sich zu verschiedenen Themen zu \u00e4u\u00dfern und pr\u00fcfen Sie z.B. ihr Interesse an neuen Produkten, etc.<\/p>\n\t\t\t\t<img loading=\"lazy\" decoding=\"async\" src=\"https:\/\/www.benchmarkemail.com\/de\/wp-content\/uploads\/sites\/5\/2020\/02\/surveys.jpg\" alt=\"Beispiel f\u00fcr eine generierte Umfrage\" height=\"1009\" width=\"1138\" title=\"surveys\" \/>\n\t<h4>Abstimmungen<\/h4>\n<p>Abstimmungen machen nicht nur Spass, sondern stellen eine kostenlose und direkte Dialogform mit Ihren Kunden dar.<\/p>\n<p>&nbsp;<\/p>\n\t\t\t\t<img loading=\"lazy\" decoding=\"async\" src=\"https:\/\/www.benchmarkemail.com\/de\/wp-content\/uploads\/sites\/5\/2020\/02\/polls.jpg\" alt=\"Beispiel f\u00fcr eine generierte Umfrage\" height=\"613\" width=\"702\" title=\"polls\" \/>\n\t<h2>Starten Sie jetzt mit der Generierung von Leads f\u00fcr Ihr E-Mail-Marketing<br \/>\n<\/h2>\n<p>100% kostenloses Konto. Keine Kreditkarte erforderlich.<\/p>\n\t\n.signup-form-wrap input.form-text-field {\n    box-shadow: none;\n    height: auto;\n    border: 1px solid \n#e6e6e8;\nborder-radius: 3px;\nfont-size: 1rem;\n-webkit-box-shadow: 0 0 0 1000px\n    #fff inset;\n    color: #666872;\n    height: 42px;\n}\n.signup-form-wrap #frm_submit_new {\n    font-size: .8rem;\n    font-weight: 600;\n    text-transform: uppercase;\n    background-color: \n#4e5ff9;\nletter-spacing: 1px;\ncolor: #4e5ff9;\ncolor:\n    #fff;\n    border: none;\n    height: 42px;\n}\n\n            \n            \n            \n            \n\n","protected":false},"excerpt":{"rendered":"<p>Der einfachste Anmeldeformular-Ersteller Nutzen Sie Formulare, Automatisierungen, Umfragen und Abstimmungen, um eine loyale Fangemeinde aufzubauen, die sich f\u00fcr Ihre Nachrichten interessiert. Anmeldeformulare Entwerfen Sie einbettbare Anmeldeformulare und Pop-ups, die Sie auf Ihrer Website einbinden k\u00f6nnen. Verbessern Sie die Konversion und vergr\u00f6\u00dfern Sie Ihre Listen ganz einfach Universelle Anmeldeformulare Gewinnen Sie neue Kontakte mit Hilfe eines&hellip;<\/p>\n","protected":false},"author":7,"featured_media":34673,"parent":18,"menu_order":0,"comment_status":"closed","ping_status":"closed","template":"","meta":{"inline_featured_image":false,"footnotes":""},"class_list":["post-280","page","type-page","status-publish","has-post-thumbnail","hentry"],"yoast_head":"<!-- This site is optimized with the Yoast SEO plugin v27.6 - https:\/\/yoast.com\/product\/yoast-seo-wordpress\/ -->\n<title>Kostenloses Online-Anmeldeformular Builder - Benchmark Email<\/title>\n<meta name=\"description\" content=\"Erstellen Sie ganz einfach Anmeldeformulare mit dem Online Form Builder von Benchmark Email. Erstellen Sie Pop-ups und Landing-Pages, um Leads zu gewinnen.\" \/>\n<meta name=\"robots\" content=\"index, follow, max-snippet:-1, max-image-preview:large, max-video-preview:-1\" \/>\n<link rel=\"canonical\" href=\"https:\/\/www.benchmarkemail.com\/de\/features\/lead-generation\/\" \/>\n<meta property=\"og:locale\" content=\"en_US\" \/>\n<meta property=\"og:type\" content=\"article\" \/>\n<meta property=\"og:title\" content=\"Kostenloses Online-Anmeldeformular Builder - Benchmark Email\" \/>\n<meta property=\"og:description\" content=\"Erstellen Sie ganz einfach Anmeldeformulare mit dem Online Form Builder von Benchmark Email. Erstellen Sie Pop-ups und Landing-Pages, um Leads zu gewinnen.\" \/>\n<meta property=\"og:url\" content=\"https:\/\/www.benchmarkemail.com\/de\/features\/lead-generation\/\" \/>\n<meta property=\"og:site_name\" content=\"Marketing-Blog von Benchmark Email\" \/>\n<meta property=\"article:publisher\" content=\"https:\/\/www.facebook.com\/BenchmarkEmail\" \/>\n<meta property=\"article:modified_time\" content=\"2023-08-29T11:10:27+00:00\" \/>\n<meta property=\"og:image\" content=\"https:\/\/www.benchmarkemail.com\/de\/wp-content\/uploads\/sites\/5\/2023\/07\/online-form-builder-von-Benchmark-Email.webp\" \/>\n\t<meta property=\"og:image:width\" content=\"1400\" \/>\n\t<meta property=\"og:image:height\" content=\"730\" \/>\n\t<meta property=\"og:image:type\" content=\"image\/webp\" \/>\n<meta name=\"twitter:card\" content=\"summary_large_image\" \/>\n<meta name=\"twitter:site\" content=\"@benchmarkemail\" \/>\n<meta name=\"twitter:label1\" content=\"Est. reading time\" \/>\n\t<meta name=\"twitter:data1\" content=\"7 minutes\" \/>\n<script type=\"application\/ld+json\" class=\"yoast-schema-graph\">{\"@context\":\"https:\\\/\\\/schema.org\",\"@graph\":[{\"@type\":\"WebPage\",\"@id\":\"https:\\\/\\\/www.benchmarkemail.com\\\/de\\\/features\\\/lead-generation\\\/\",\"url\":\"https:\\\/\\\/www.benchmarkemail.com\\\/de\\\/features\\\/lead-generation\\\/\",\"name\":\"Kostenloses Online-Anmeldeformular Builder - Benchmark Email\",\"isPartOf\":{\"@id\":\"https:\\\/\\\/www.benchmarkemail.com\\\/de\\\/#website\"},\"primaryImageOfPage\":{\"@id\":\"https:\\\/\\\/www.benchmarkemail.com\\\/de\\\/features\\\/lead-generation\\\/#primaryimage\"},\"image\":{\"@id\":\"https:\\\/\\\/www.benchmarkemail.com\\\/de\\\/features\\\/lead-generation\\\/#primaryimage\"},\"thumbnailUrl\":\"https:\\\/\\\/www.benchmarkemail.com\\\/de\\\/wp-content\\\/uploads\\\/sites\\\/5\\\/2023\\\/07\\\/online-form-builder-von-Benchmark-Email.webp\",\"datePublished\":\"2019-10-03T13:52:23+00:00\",\"dateModified\":\"2023-08-29T11:10:27+00:00\",\"description\":\"Erstellen Sie ganz einfach Anmeldeformulare mit dem Online Form Builder von Benchmark Email. Erstellen Sie Pop-ups und Landing-Pages, um Leads zu gewinnen.\",\"breadcrumb\":{\"@id\":\"https:\\\/\\\/www.benchmarkemail.com\\\/de\\\/features\\\/lead-generation\\\/#breadcrumb\"},\"inLanguage\":\"en-US\",\"potentialAction\":[{\"@type\":\"ReadAction\",\"target\":[\"https:\\\/\\\/www.benchmarkemail.com\\\/de\\\/features\\\/lead-generation\\\/\"]}]},{\"@type\":\"ImageObject\",\"inLanguage\":\"en-US\",\"@id\":\"https:\\\/\\\/www.benchmarkemail.com\\\/de\\\/features\\\/lead-generation\\\/#primaryimage\",\"url\":\"https:\\\/\\\/www.benchmarkemail.com\\\/de\\\/wp-content\\\/uploads\\\/sites\\\/5\\\/2023\\\/07\\\/online-form-builder-von-Benchmark-Email.webp\",\"contentUrl\":\"https:\\\/\\\/www.benchmarkemail.com\\\/de\\\/wp-content\\\/uploads\\\/sites\\\/5\\\/2023\\\/07\\\/online-form-builder-von-Benchmark-Email.webp\",\"width\":1400,\"height\":730},{\"@type\":\"BreadcrumbList\",\"@id\":\"https:\\\/\\\/www.benchmarkemail.com\\\/de\\\/features\\\/lead-generation\\\/#breadcrumb\",\"itemListElement\":[{\"@type\":\"ListItem\",\"position\":1,\"name\":\"Home\",\"item\":\"https:\\\/\\\/www.benchmarkemail.com\\\/de\\\/\"},{\"@type\":\"ListItem\",\"position\":2,\"name\":\"Features\",\"item\":\"https:\\\/\\\/www.benchmarkemail.com\\\/de\\\/features\\\/\"},{\"@type\":\"ListItem\",\"position\":3,\"name\":\"Lead Generation\"}]},{\"@type\":\"WebSite\",\"@id\":\"https:\\\/\\\/www.benchmarkemail.com\\\/de\\\/#website\",\"url\":\"https:\\\/\\\/www.benchmarkemail.com\\\/de\\\/\",\"name\":\"Marketing-Blog von Benchmark Email\",\"description\":\"Digitales Marketing-Tool. Erfahren Sie mehr \u00fcber E-Mail-Marketing, Automatisierung, Lead-Gewinnung und -Pflege, etc.\",\"publisher\":{\"@id\":\"https:\\\/\\\/www.benchmarkemail.com\\\/de\\\/#organization\"},\"potentialAction\":[{\"@type\":\"SearchAction\",\"target\":{\"@type\":\"EntryPoint\",\"urlTemplate\":\"https:\\\/\\\/www.benchmarkemail.com\\\/de\\\/?s={search_term_string}\"},\"query-input\":{\"@type\":\"PropertyValueSpecification\",\"valueRequired\":true,\"valueName\":\"search_term_string\"}}],\"inLanguage\":\"en-US\"},{\"@type\":\"Organization\",\"@id\":\"https:\\\/\\\/www.benchmarkemail.com\\\/de\\\/#organization\",\"name\":\"Benchmark Internet Group, LLC\",\"url\":\"https:\\\/\\\/www.benchmarkemail.com\\\/de\\\/\",\"logo\":{\"@type\":\"ImageObject\",\"inLanguage\":\"en-US\",\"@id\":\"https:\\\/\\\/www.benchmarkemail.com\\\/de\\\/#\\\/schema\\\/logo\\\/image\\\/\",\"url\":\"https:\\\/\\\/www.benchmarkemail.com\\\/de\\\/wp-content\\\/uploads\\\/sites\\\/5\\\/2019\\\/09\\\/benchmark-logo.svg\",\"contentUrl\":\"https:\\\/\\\/www.benchmarkemail.com\\\/de\\\/wp-content\\\/uploads\\\/sites\\\/5\\\/2019\\\/09\\\/benchmark-logo.svg\",\"width\":1,\"height\":1,\"caption\":\"Benchmark Internet Group, LLC\"},\"image\":{\"@id\":\"https:\\\/\\\/www.benchmarkemail.com\\\/de\\\/#\\\/schema\\\/logo\\\/image\\\/\"},\"sameAs\":[\"https:\\\/\\\/www.facebook.com\\\/BenchmarkEmail\",\"https:\\\/\\\/x.com\\\/benchmarkemail\",\"https:\\\/\\\/www.instagram.com\\\/benchmarkemail\\\/\",\"https:\\\/\\\/www.linkedin.com\\\/company\\\/benchmark-email\\\/\",\"https:\\\/\\\/www.youtube.com\\\/channel\\\/UCS2asc1Z3ugpfkpnF2_mdbA\"]}]}<\/script>\n<!-- \/ Yoast SEO plugin. -->","yoast_head_json":{"title":"Kostenloses Online-Anmeldeformular Builder - Benchmark Email","description":"Erstellen Sie ganz einfach Anmeldeformulare mit dem Online Form Builder von Benchmark Email. Erstellen Sie Pop-ups und Landing-Pages, um Leads zu gewinnen.","robots":{"index":"index","follow":"follow","max-snippet":"max-snippet:-1","max-image-preview":"max-image-preview:large","max-video-preview":"max-video-preview:-1"},"canonical":"https:\/\/www.benchmarkemail.com\/de\/features\/lead-generation\/","og_locale":"en_US","og_type":"article","og_title":"Kostenloses Online-Anmeldeformular Builder - Benchmark Email","og_description":"Erstellen Sie ganz einfach Anmeldeformulare mit dem Online Form Builder von Benchmark Email. Erstellen Sie Pop-ups und Landing-Pages, um Leads zu gewinnen.","og_url":"https:\/\/www.benchmarkemail.com\/de\/features\/lead-generation\/","og_site_name":"Marketing-Blog von Benchmark Email","article_publisher":"https:\/\/www.facebook.com\/BenchmarkEmail","article_modified_time":"2023-08-29T11:10:27+00:00","og_image":[{"width":1400,"height":730,"url":"https:\/\/www.benchmarkemail.com\/de\/wp-content\/uploads\/sites\/5\/2023\/07\/online-form-builder-von-Benchmark-Email.webp","type":"image\/webp"}],"twitter_card":"summary_large_image","twitter_site":"@benchmarkemail","twitter_misc":{"Est. reading time":"7 minutes"},"schema":{"@context":"https:\/\/schema.org","@graph":[{"@type":"WebPage","@id":"https:\/\/www.benchmarkemail.com\/de\/features\/lead-generation\/","url":"https:\/\/www.benchmarkemail.com\/de\/features\/lead-generation\/","name":"Kostenloses Online-Anmeldeformular Builder - Benchmark Email","isPartOf":{"@id":"https:\/\/www.benchmarkemail.com\/de\/#website"},"primaryImageOfPage":{"@id":"https:\/\/www.benchmarkemail.com\/de\/features\/lead-generation\/#primaryimage"},"image":{"@id":"https:\/\/www.benchmarkemail.com\/de\/features\/lead-generation\/#primaryimage"},"thumbnailUrl":"https:\/\/www.benchmarkemail.com\/de\/wp-content\/uploads\/sites\/5\/2023\/07\/online-form-builder-von-Benchmark-Email.webp","datePublished":"2019-10-03T13:52:23+00:00","dateModified":"2023-08-29T11:10:27+00:00","description":"Erstellen Sie ganz einfach Anmeldeformulare mit dem Online Form Builder von Benchmark Email. Erstellen Sie Pop-ups und Landing-Pages, um Leads zu gewinnen.","breadcrumb":{"@id":"https:\/\/www.benchmarkemail.com\/de\/features\/lead-generation\/#breadcrumb"},"inLanguage":"en-US","potentialAction":[{"@type":"ReadAction","target":["https:\/\/www.benchmarkemail.com\/de\/features\/lead-generation\/"]}]},{"@type":"ImageObject","inLanguage":"en-US","@id":"https:\/\/www.benchmarkemail.com\/de\/features\/lead-generation\/#primaryimage","url":"https:\/\/www.benchmarkemail.com\/de\/wp-content\/uploads\/sites\/5\/2023\/07\/online-form-builder-von-Benchmark-Email.webp","contentUrl":"https:\/\/www.benchmarkemail.com\/de\/wp-content\/uploads\/sites\/5\/2023\/07\/online-form-builder-von-Benchmark-Email.webp","width":1400,"height":730},{"@type":"BreadcrumbList","@id":"https:\/\/www.benchmarkemail.com\/de\/features\/lead-generation\/#breadcrumb","itemListElement":[{"@type":"ListItem","position":1,"name":"Home","item":"https:\/\/www.benchmarkemail.com\/de\/"},{"@type":"ListItem","position":2,"name":"Features","item":"https:\/\/www.benchmarkemail.com\/de\/features\/"},{"@type":"ListItem","position":3,"name":"Lead Generation"}]},{"@type":"WebSite","@id":"https:\/\/www.benchmarkemail.com\/de\/#website","url":"https:\/\/www.benchmarkemail.com\/de\/","name":"Marketing-Blog von Benchmark Email","description":"Digitales Marketing-Tool. Erfahren Sie mehr \u00fcber E-Mail-Marketing, Automatisierung, Lead-Gewinnung und -Pflege, etc.","publisher":{"@id":"https:\/\/www.benchmarkemail.com\/de\/#organization"},"potentialAction":[{"@type":"SearchAction","target":{"@type":"EntryPoint","urlTemplate":"https:\/\/www.benchmarkemail.com\/de\/?s={search_term_string}"},"query-input":{"@type":"PropertyValueSpecification","valueRequired":true,"valueName":"search_term_string"}}],"inLanguage":"en-US"},{"@type":"Organization","@id":"https:\/\/www.benchmarkemail.com\/de\/#organization","name":"Benchmark Internet Group, LLC","url":"https:\/\/www.benchmarkemail.com\/de\/","logo":{"@type":"ImageObject","inLanguage":"en-US","@id":"https:\/\/www.benchmarkemail.com\/de\/#\/schema\/logo\/image\/","url":"https:\/\/www.benchmarkemail.com\/de\/wp-content\/uploads\/sites\/5\/2019\/09\/benchmark-logo.svg","contentUrl":"https:\/\/www.benchmarkemail.com\/de\/wp-content\/uploads\/sites\/5\/2019\/09\/benchmark-logo.svg","width":1,"height":1,"caption":"Benchmark Internet Group, LLC"},"image":{"@id":"https:\/\/www.benchmarkemail.com\/de\/#\/schema\/logo\/image\/"},"sameAs":["https:\/\/www.facebook.com\/BenchmarkEmail","https:\/\/x.com\/benchmarkemail","https:\/\/www.instagram.com\/benchmarkemail\/","https:\/\/www.linkedin.com\/company\/benchmark-email\/","https:\/\/www.youtube.com\/channel\/UCS2asc1Z3ugpfkpnF2_mdbA"]}]}},"_links":{"self":[{"href":"https:\/\/www.benchmarkemail.com\/de\/wp-json\/wp\/v2\/pages\/280","targetHints":{"allow":["GET"]}}],"collection":[{"href":"https:\/\/www.benchmarkemail.com\/de\/wp-json\/wp\/v2\/pages"}],"about":[{"href":"https:\/\/www.benchmarkemail.com\/de\/wp-json\/wp\/v2\/types\/page"}],"author":[{"embeddable":true,"href":"https:\/\/www.benchmarkemail.com\/de\/wp-json\/wp\/v2\/users\/7"}],"replies":[{"embeddable":true,"href":"https:\/\/www.benchmarkemail.com\/de\/wp-json\/wp\/v2\/comments?post=280"}],"version-history":[{"count":0,"href":"https:\/\/www.benchmarkemail.com\/de\/wp-json\/wp\/v2\/pages\/280\/revisions"}],"up":[{"embeddable":true,"href":"https:\/\/www.benchmarkemail.com\/de\/wp-json\/wp\/v2\/pages\/18"}],"wp:featuredmedia":[{"embeddable":true,"href":"https:\/\/www.benchmarkemail.com\/de\/wp-json\/wp\/v2\/media\/34673"}],"wp:attachment":[{"href":"https:\/\/www.benchmarkemail.com\/de\/wp-json\/wp\/v2\/media?parent=280"}],"curies":[{"name":"wp","href":"https:\/\/api.w.org\/{rel}","templated":true}]}}