{"id":29840,"date":"2022-10-05T14:03:30","date_gmt":"2022-10-05T14:03:30","guid":{"rendered":"https:\/\/benchmarkemail.wpengine.com\/de\/?page_id=29840"},"modified":"2022-10-12T16:49:52","modified_gmt":"2022-10-12T16:49:52","slug":"shopify-email-integration","status":"publish","type":"page","link":"https:\/\/www.benchmarkemail.com\/de\/features\/integrations\/shopify-email-integration\/","title":{"rendered":"Shopify"},"content":{"rendered":"\n<h1>\n\t\tBenchmark Email&#8217;s Shopify Integration\n\t<\/h1>\n\t<p>Suchen Sie nach einer effektiven M\u00f6glichkeit, mehr von Ihren Shopify-Produkten und -Dienstleistungen zu verkaufen? Senden Sie gezielte E-Mails an Ihre Shopify-Kunden und pr\u00e4sentieren Sie Ihre Produkte mit unseren  <a href=\"https:\/\/kb.benchmarkemail.com\/de\/integrieren-benchmark-shopify\/\">Benchmark Email Shopify Integrationen.<\/a>.<\/p>\n<p>Es war noch nie so einfach, im Ged\u00e4chtnis der Kunden zu bleiben und mehr und h\u00e4ufiger zu verkaufen.<\/p>\n<h2>\n\t\tNahtloses Hinzuf\u00fcgen von Kontakten aus Shopify zu Benchmark Email mit Shopify Sync\n\t<\/h2>\n\t<p>W\u00e4re es nicht sch\u00f6n, wenn Ihr E-Mail-Marketingkanal auf magische Weise mit Ihrem Shopify-Shop synchronisiert w\u00e4re? Jetzt ist es m\u00f6glich.<\/p>\n<p>Synchronisieren Sie jedes Kundensegment in Ihrem Shopify-Konto mit einer Benchmark Email-Liste. Wenn Ihre Shopify-Kundensegmente wachsen, werden Ihre Kontakte automatisch zu Ihrem Benchmark Email-Konto hinzugef\u00fcgt. So haben Sie alle Ihre wichtigen Kontakte an einem Ort, ohne dass Sie sie manuell aktualisieren m\u00fcssen.\u00a0<\/p>\n<p>Sind Sie bereit zum Starten? Wie Sie Ihre Shopify-Kundensegmente mit Ihren Benchmark Email-Listen synchronisieren k\u00f6nnen, erfahren Sie im <a href=\"https:\/\/kb.benchmarkemail.com\/de\/integrieren-benchmark-shopify\/\">Hilfeartikel Shopify Sync.<\/a>.<\/p>\n<h2>\n\t\tPr\u00e4sentieren Sie Ihre Shopify-Produkte mit E-Mail-Marketing\n\t<\/h2>\n\t<p>Mit <a href=\"https:\/\/kb.benchmarkemail.com\/de\/integrieren-benchmark-shopify\/#product-block\"> dem Shopify Product Bl\u00f6cke<\/a>  k\u00f6nnen Sie Ihre Shopify Produktlisten per Drag &#038; Drop in Ihre E-Mails einf\u00fcgen und so die Produktpr\u00e4senz bei Ihrer Zielgruppe maximieren &#8211; mit jedem Versand!\u00a0<\/p>\n<p>Verbinden Sie einfach Ihren Shopify-Shop in Benchmark Email, um Ihre Produkte direkt in Ihre E-Mail-Vorlagen zu ziehen. Erstellen Sie in nur wenigen Schritten ansprechende, professionelle E-Mails, um Ihre Produkte zu vermarkten und zu verkaufen.<\/p>\n<p>Wie Sie Ihre Shopify-Produkte zu Ihren Benchmark Emails hinzuf\u00fcgen, erfahren Sie im Hilfeartikel <a href=\"https:\/\/kb.benchmarkemail.com\/de\/integrieren-benchmark-shopify\/#product-block\">Shopify Product Bl\u00f6cke.<\/a>.<\/p>\n<h2>\n\t\tMit Shopify Sync + Shopify Product Bl\u00f6cke k\u00f6nnen Sie ganz einfach mehr verkaufen\n\t<\/h2>\n\t<p>Die richtigen Tools k\u00f6nnen Ihrem Unternehmen helfen, Ihre Produkte und Dienstleistungen bekannt zu machen. Konzentrieren Sie sich darauf, Ihren Kunden ein hervorragendes Erlebnis zu bieten, und \u00fcberlassen Sie es der Shopify-Integration von Benchmark, neue und wiederkehrende Kunden in Ihr Unternehmen zu bringen.<\/p>\n<h3>\n\t\tMarkenbekanntheit aufbauen und Kundenloyalit\u00e4t gewinnen\n\t<\/h3>\n\t<p>Als Gesch\u00e4ftsinhaber wissen Sie, dass das Wachstum Ihres Unternehmens von Ihren Kunden abh\u00e4ngt. Ihre Marke muss in den K\u00f6pfen der Kunden ganz oben stehen, damit sie Vertrauen und Zuverl\u00e4ssigkeit aufbauen k\u00f6nnen. Mit Shopify Sync k\u00f6nnen Sie sicher sein, dass alle Ihre Kunden in Ihren monatlichen Newslettern und anderen gezielten Ansprachen ber\u00fccksichtigt werden. Auf diese Weise k\u00f6nnen Sie sicher sein, dass Ihre Kunden, wenn sie zum Kauf bereit sind, auf Sie zur\u00fcckgreifen werden.<\/p>\n<h3>\n\t\tMaximieren Sie den Return on Marketing Investment\n\t<\/h3>\n\t<p>Wenn Sie die Marketing-Automatisierung effektiv einsetzen, k\u00f6nnen Sie f\u00fcr jeden ausgegebenen Dollar erstaunliche 5,44 Dollar einnehmen. Kombinieren Sie Shopify mit der <a href=\"https:\/\/www.benchmarkemail.com\/de\/features\/marketing-automation\/\">Profi-Automatisierung <\/a>,von Benchmark Email, und Sie werden Ihre Verkaufsziele im Handumdrehen erreichen. Mit der Profi-Automatisierung Pro k\u00f6nnen Sie automatisch personalisierte E-Mails mit wertvollen Produktinformationen an Ihre Kunden versenden und so Ihre Gewinne steigern, w\u00e4hrend Sie sich mit anderen wichtigen Dingen f\u00fcr Ihr Unternehmen besch\u00e4ftigen.<\/p>\n<h3>\n\t\tErreichen Sie mit Ihren Produkten ein gr\u00f6\u00dferes Publikum\n\t<\/h3>\n\t<p>Haben Sie ein hei\u00dfes neues Produkt, von dem Sie wissen, dass Ihre Kunden es lieben werden? Mit dem Shopify Product Bl\u00f6cke k\u00f6nnen Sie jedes Produkt, das Sie vorstellen m\u00f6chten, ganz einfach in Ihre E-Mail-Kampagnen einbinden. Ihre Produkte erhalten die zus\u00e4tzliche Aufmerksamkeit, die sie brauchen, und Sie halten Ihre Abonnenten bei der Stange und auf der Suche nach neuen Produkten und Angeboten, die am Horizont auftauchen.\u00a0\u00a0<\/p>\n<p>Sind Sie bereit, das E-Mail-Marketing zu nutzen, um die Shopify-Verk\u00e4ufe auf die n\u00e4chste Stufe zu heben? Es ist ganz einfach, die Shopify Synchronisierung einzurichten und Shopify-Produkte zu Ihren E-Mails hinzuzuf\u00fcgen. Wie, erfahren Sie in unserem<a href=\"https:\/\/kb.benchmarkemail.com\/de\/integrieren-benchmark-shopify\/\"> Hilfeartikel zur Shopify Integration.<\/a><\/p>\n\t\t\t\t<img decoding=\"async\" src=\"https:\/\/www.benchmarkemail.com\/wp-content\/uploads\/2019\/11\/Shopify.png\" alt=\"Shopify\" itemprop=\"image\" title=\"Shopify\" onerror=\"this.style.display='none'\"  \/>\n\t\t\t<a href=\"https:\/\/kb.benchmarkemail.com\/en\/integrate-benchmark-shopify\/\" target=\"_self\" role=\"button\" rel=\"noopener\">\n\t\t\t\t\t\t\tHeute verbinden\n\t\t\t\t\t<\/a>\n\n","protected":false},"excerpt":{"rendered":"<p>Benchmark Email&#8217;s Shopify Integration Suchen Sie nach einer effektiven M\u00f6glichkeit, mehr von Ihren Shopify-Produkten und -Dienstleistungen zu verkaufen? Senden Sie gezielte E-Mails an Ihre Shopify-Kunden und pr\u00e4sentieren Sie Ihre Produkte mit unseren Benchmark Email Shopify Integrationen.. Es war noch nie so einfach, im Ged\u00e4chtnis der Kunden zu bleiben und mehr und h\u00e4ufiger zu verkaufen. Nahtloses&hellip;<\/p>\n","protected":false},"author":7,"featured_media":0,"parent":28,"menu_order":0,"comment_status":"closed","ping_status":"closed","template":"","meta":{"inline_featured_image":false,"footnotes":""},"class_list":["post-29840","page","type-page","status-publish","hentry"],"yoast_head":"<!-- This site is optimized with the Yoast SEO plugin v27.5 - https:\/\/yoast.com\/product\/yoast-seo-wordpress\/ -->\n<title>Shopify - Benchmark Email<\/title>\n<meta name=\"description\" content=\"Benchmark Email&#039;s Shopify Integration Suchen Sie nach einer effektiven M\u00f6glichkeit, mehr von Ihren Shopify-Produkten und -Dienstleistungen zu verkaufen?\" \/>\n<meta name=\"robots\" content=\"index, follow, max-snippet:-1, max-image-preview:large, max-video-preview:-1\" \/>\n<link rel=\"canonical\" href=\"https:\/\/www.benchmarkemail.com\/de\/features\/integrations\/shopify-email-integration\/\" \/>\n<meta property=\"og:locale\" content=\"en_US\" \/>\n<meta property=\"og:type\" content=\"article\" \/>\n<meta property=\"og:title\" content=\"Shopify - Benchmark Email\" \/>\n<meta property=\"og:description\" content=\"Benchmark Email&#039;s Shopify Integration Suchen Sie nach einer effektiven M\u00f6glichkeit, mehr von Ihren Shopify-Produkten und -Dienstleistungen zu verkaufen?\" \/>\n<meta property=\"og:url\" content=\"https:\/\/www.benchmarkemail.com\/de\/features\/integrations\/shopify-email-integration\/\" \/>\n<meta property=\"og:site_name\" content=\"Marketing-Blog von Benchmark Email\" \/>\n<meta property=\"article:publisher\" content=\"https:\/\/www.facebook.com\/BenchmarkEmail\" \/>\n<meta property=\"article:modified_time\" content=\"2022-10-12T16:49:52+00:00\" \/>\n<meta property=\"og:image\" content=\"https:\/\/www.benchmarkemail.com\/wp-content\/uploads\/2019\/11\/Shopify.png\" \/>\n<meta name=\"twitter:card\" content=\"summary_large_image\" \/>\n<meta name=\"twitter:site\" content=\"@benchmarkemail\" \/>\n<meta name=\"twitter:label1\" content=\"Est. reading time\" \/>\n\t<meta name=\"twitter:data1\" content=\"3 minutes\" \/>\n<script type=\"application\/ld+json\" class=\"yoast-schema-graph\">{\"@context\":\"https:\\\/\\\/schema.org\",\"@graph\":[{\"@type\":\"WebPage\",\"@id\":\"https:\\\/\\\/www.benchmarkemail.com\\\/de\\\/features\\\/integrations\\\/shopify-email-integration\\\/\",\"url\":\"https:\\\/\\\/www.benchmarkemail.com\\\/de\\\/features\\\/integrations\\\/shopify-email-integration\\\/\",\"name\":\"Shopify - Benchmark Email\",\"isPartOf\":{\"@id\":\"https:\\\/\\\/www.benchmarkemail.com\\\/de\\\/#website\"},\"primaryImageOfPage\":{\"@id\":\"https:\\\/\\\/www.benchmarkemail.com\\\/de\\\/features\\\/integrations\\\/shopify-email-integration\\\/#primaryimage\"},\"image\":{\"@id\":\"https:\\\/\\\/www.benchmarkemail.com\\\/de\\\/features\\\/integrations\\\/shopify-email-integration\\\/#primaryimage\"},\"thumbnailUrl\":\"https:\\\/\\\/www.benchmarkemail.com\\\/wp-content\\\/uploads\\\/2019\\\/11\\\/Shopify.png\",\"datePublished\":\"2022-10-05T14:03:30+00:00\",\"dateModified\":\"2022-10-12T16:49:52+00:00\",\"description\":\"Benchmark Email's Shopify Integration Suchen Sie nach einer effektiven M\u00f6glichkeit, mehr von Ihren Shopify-Produkten und -Dienstleistungen zu verkaufen?\",\"breadcrumb\":{\"@id\":\"https:\\\/\\\/www.benchmarkemail.com\\\/de\\\/features\\\/integrations\\\/shopify-email-integration\\\/#breadcrumb\"},\"inLanguage\":\"en-US\",\"potentialAction\":[{\"@type\":\"ReadAction\",\"target\":[\"https:\\\/\\\/www.benchmarkemail.com\\\/de\\\/features\\\/integrations\\\/shopify-email-integration\\\/\"]}]},{\"@type\":\"ImageObject\",\"inLanguage\":\"en-US\",\"@id\":\"https:\\\/\\\/www.benchmarkemail.com\\\/de\\\/features\\\/integrations\\\/shopify-email-integration\\\/#primaryimage\",\"url\":\"https:\\\/\\\/www.benchmarkemail.com\\\/wp-content\\\/uploads\\\/2019\\\/11\\\/Shopify.png\",\"contentUrl\":\"https:\\\/\\\/www.benchmarkemail.com\\\/wp-content\\\/uploads\\\/2019\\\/11\\\/Shopify.png\"},{\"@type\":\"BreadcrumbList\",\"@id\":\"https:\\\/\\\/www.benchmarkemail.com\\\/de\\\/features\\\/integrations\\\/shopify-email-integration\\\/#breadcrumb\",\"itemListElement\":[{\"@type\":\"ListItem\",\"position\":1,\"name\":\"Home\",\"item\":\"https:\\\/\\\/www.benchmarkemail.com\\\/de\\\/\"},{\"@type\":\"ListItem\",\"position\":2,\"name\":\"Features\",\"item\":\"https:\\\/\\\/www.benchmarkemail.com\\\/de\\\/features\\\/\"},{\"@type\":\"ListItem\",\"position\":3,\"name\":\"Integrations\",\"item\":\"https:\\\/\\\/www.benchmarkemail.com\\\/de\\\/features\\\/integrations\\\/\"},{\"@type\":\"ListItem\",\"position\":4,\"name\":\"Shopify\"}]},{\"@type\":\"WebSite\",\"@id\":\"https:\\\/\\\/www.benchmarkemail.com\\\/de\\\/#website\",\"url\":\"https:\\\/\\\/www.benchmarkemail.com\\\/de\\\/\",\"name\":\"Marketing-Blog von Benchmark Email\",\"description\":\"Digitales Marketing-Tool. Erfahren Sie mehr \u00fcber E-Mail-Marketing, Automatisierung, Lead-Gewinnung und -Pflege, etc.\",\"publisher\":{\"@id\":\"https:\\\/\\\/www.benchmarkemail.com\\\/de\\\/#organization\"},\"potentialAction\":[{\"@type\":\"SearchAction\",\"target\":{\"@type\":\"EntryPoint\",\"urlTemplate\":\"https:\\\/\\\/www.benchmarkemail.com\\\/de\\\/?s={search_term_string}\"},\"query-input\":{\"@type\":\"PropertyValueSpecification\",\"valueRequired\":true,\"valueName\":\"search_term_string\"}}],\"inLanguage\":\"en-US\"},{\"@type\":\"Organization\",\"@id\":\"https:\\\/\\\/www.benchmarkemail.com\\\/de\\\/#organization\",\"name\":\"Benchmark Internet Group, LLC\",\"url\":\"https:\\\/\\\/www.benchmarkemail.com\\\/de\\\/\",\"logo\":{\"@type\":\"ImageObject\",\"inLanguage\":\"en-US\",\"@id\":\"https:\\\/\\\/www.benchmarkemail.com\\\/de\\\/#\\\/schema\\\/logo\\\/image\\\/\",\"url\":\"https:\\\/\\\/www.benchmarkemail.com\\\/de\\\/wp-content\\\/uploads\\\/sites\\\/5\\\/2019\\\/09\\\/benchmark-logo.svg\",\"contentUrl\":\"https:\\\/\\\/www.benchmarkemail.com\\\/de\\\/wp-content\\\/uploads\\\/sites\\\/5\\\/2019\\\/09\\\/benchmark-logo.svg\",\"width\":1,\"height\":1,\"caption\":\"Benchmark Internet Group, LLC\"},\"image\":{\"@id\":\"https:\\\/\\\/www.benchmarkemail.com\\\/de\\\/#\\\/schema\\\/logo\\\/image\\\/\"},\"sameAs\":[\"https:\\\/\\\/www.facebook.com\\\/BenchmarkEmail\",\"https:\\\/\\\/x.com\\\/benchmarkemail\",\"https:\\\/\\\/www.instagram.com\\\/benchmarkemail\\\/\",\"https:\\\/\\\/www.linkedin.com\\\/company\\\/benchmark-email\\\/\",\"https:\\\/\\\/www.youtube.com\\\/channel\\\/UCS2asc1Z3ugpfkpnF2_mdbA\"]}]}<\/script>\n<!-- \/ Yoast SEO plugin. -->","yoast_head_json":{"title":"Shopify - Benchmark Email","description":"Benchmark Email's Shopify Integration Suchen Sie nach einer effektiven M\u00f6glichkeit, mehr von Ihren Shopify-Produkten und -Dienstleistungen zu verkaufen?","robots":{"index":"index","follow":"follow","max-snippet":"max-snippet:-1","max-image-preview":"max-image-preview:large","max-video-preview":"max-video-preview:-1"},"canonical":"https:\/\/www.benchmarkemail.com\/de\/features\/integrations\/shopify-email-integration\/","og_locale":"en_US","og_type":"article","og_title":"Shopify - Benchmark Email","og_description":"Benchmark Email's Shopify Integration Suchen Sie nach einer effektiven M\u00f6glichkeit, mehr von Ihren Shopify-Produkten und -Dienstleistungen zu verkaufen?","og_url":"https:\/\/www.benchmarkemail.com\/de\/features\/integrations\/shopify-email-integration\/","og_site_name":"Marketing-Blog von Benchmark Email","article_publisher":"https:\/\/www.facebook.com\/BenchmarkEmail","article_modified_time":"2022-10-12T16:49:52+00:00","og_image":[{"url":"https:\/\/www.benchmarkemail.com\/wp-content\/uploads\/2019\/11\/Shopify.png","type":"","width":"","height":""}],"twitter_card":"summary_large_image","twitter_site":"@benchmarkemail","twitter_misc":{"Est. reading time":"3 minutes"},"schema":{"@context":"https:\/\/schema.org","@graph":[{"@type":"WebPage","@id":"https:\/\/www.benchmarkemail.com\/de\/features\/integrations\/shopify-email-integration\/","url":"https:\/\/www.benchmarkemail.com\/de\/features\/integrations\/shopify-email-integration\/","name":"Shopify - Benchmark Email","isPartOf":{"@id":"https:\/\/www.benchmarkemail.com\/de\/#website"},"primaryImageOfPage":{"@id":"https:\/\/www.benchmarkemail.com\/de\/features\/integrations\/shopify-email-integration\/#primaryimage"},"image":{"@id":"https:\/\/www.benchmarkemail.com\/de\/features\/integrations\/shopify-email-integration\/#primaryimage"},"thumbnailUrl":"https:\/\/www.benchmarkemail.com\/wp-content\/uploads\/2019\/11\/Shopify.png","datePublished":"2022-10-05T14:03:30+00:00","dateModified":"2022-10-12T16:49:52+00:00","description":"Benchmark Email's Shopify Integration Suchen Sie nach einer effektiven M\u00f6glichkeit, mehr von Ihren Shopify-Produkten und -Dienstleistungen zu verkaufen?","breadcrumb":{"@id":"https:\/\/www.benchmarkemail.com\/de\/features\/integrations\/shopify-email-integration\/#breadcrumb"},"inLanguage":"en-US","potentialAction":[{"@type":"ReadAction","target":["https:\/\/www.benchmarkemail.com\/de\/features\/integrations\/shopify-email-integration\/"]}]},{"@type":"ImageObject","inLanguage":"en-US","@id":"https:\/\/www.benchmarkemail.com\/de\/features\/integrations\/shopify-email-integration\/#primaryimage","url":"https:\/\/www.benchmarkemail.com\/wp-content\/uploads\/2019\/11\/Shopify.png","contentUrl":"https:\/\/www.benchmarkemail.com\/wp-content\/uploads\/2019\/11\/Shopify.png"},{"@type":"BreadcrumbList","@id":"https:\/\/www.benchmarkemail.com\/de\/features\/integrations\/shopify-email-integration\/#breadcrumb","itemListElement":[{"@type":"ListItem","position":1,"name":"Home","item":"https:\/\/www.benchmarkemail.com\/de\/"},{"@type":"ListItem","position":2,"name":"Features","item":"https:\/\/www.benchmarkemail.com\/de\/features\/"},{"@type":"ListItem","position":3,"name":"Integrations","item":"https:\/\/www.benchmarkemail.com\/de\/features\/integrations\/"},{"@type":"ListItem","position":4,"name":"Shopify"}]},{"@type":"WebSite","@id":"https:\/\/www.benchmarkemail.com\/de\/#website","url":"https:\/\/www.benchmarkemail.com\/de\/","name":"Marketing-Blog von Benchmark Email","description":"Digitales Marketing-Tool. Erfahren Sie mehr \u00fcber E-Mail-Marketing, Automatisierung, Lead-Gewinnung und -Pflege, etc.","publisher":{"@id":"https:\/\/www.benchmarkemail.com\/de\/#organization"},"potentialAction":[{"@type":"SearchAction","target":{"@type":"EntryPoint","urlTemplate":"https:\/\/www.benchmarkemail.com\/de\/?s={search_term_string}"},"query-input":{"@type":"PropertyValueSpecification","valueRequired":true,"valueName":"search_term_string"}}],"inLanguage":"en-US"},{"@type":"Organization","@id":"https:\/\/www.benchmarkemail.com\/de\/#organization","name":"Benchmark Internet Group, LLC","url":"https:\/\/www.benchmarkemail.com\/de\/","logo":{"@type":"ImageObject","inLanguage":"en-US","@id":"https:\/\/www.benchmarkemail.com\/de\/#\/schema\/logo\/image\/","url":"https:\/\/www.benchmarkemail.com\/de\/wp-content\/uploads\/sites\/5\/2019\/09\/benchmark-logo.svg","contentUrl":"https:\/\/www.benchmarkemail.com\/de\/wp-content\/uploads\/sites\/5\/2019\/09\/benchmark-logo.svg","width":1,"height":1,"caption":"Benchmark Internet Group, LLC"},"image":{"@id":"https:\/\/www.benchmarkemail.com\/de\/#\/schema\/logo\/image\/"},"sameAs":["https:\/\/www.facebook.com\/BenchmarkEmail","https:\/\/x.com\/benchmarkemail","https:\/\/www.instagram.com\/benchmarkemail\/","https:\/\/www.linkedin.com\/company\/benchmark-email\/","https:\/\/www.youtube.com\/channel\/UCS2asc1Z3ugpfkpnF2_mdbA"]}]}},"_links":{"self":[{"href":"https:\/\/www.benchmarkemail.com\/de\/wp-json\/wp\/v2\/pages\/29840","targetHints":{"allow":["GET"]}}],"collection":[{"href":"https:\/\/www.benchmarkemail.com\/de\/wp-json\/wp\/v2\/pages"}],"about":[{"href":"https:\/\/www.benchmarkemail.com\/de\/wp-json\/wp\/v2\/types\/page"}],"author":[{"embeddable":true,"href":"https:\/\/www.benchmarkemail.com\/de\/wp-json\/wp\/v2\/users\/7"}],"replies":[{"embeddable":true,"href":"https:\/\/www.benchmarkemail.com\/de\/wp-json\/wp\/v2\/comments?post=29840"}],"version-history":[{"count":0,"href":"https:\/\/www.benchmarkemail.com\/de\/wp-json\/wp\/v2\/pages\/29840\/revisions"}],"up":[{"embeddable":true,"href":"https:\/\/www.benchmarkemail.com\/de\/wp-json\/wp\/v2\/pages\/28"}],"wp:attachment":[{"href":"https:\/\/www.benchmarkemail.com\/de\/wp-json\/wp\/v2\/media?parent=29840"}],"curies":[{"name":"wp","href":"https:\/\/api.w.org\/{rel}","templated":true}]}}