{"id":33671,"date":"2023-03-21T13:56:07","date_gmt":"2023-03-21T13:56:07","guid":{"rendered":"https:\/\/benchmarkemail.wpengine.com\/de\/?page_id=33671"},"modified":"2023-06-07T11:15:35","modified_gmt":"2023-06-07T11:15:35","slug":"high-volume-email","status":"publish","type":"page","link":"https:\/\/www.benchmarkemail.com\/de\/high-volume-email\/","title":{"rendered":"High Volume Email Solutions"},"content":{"rendered":"\n<h1>\n\t\tSkaliert senden &#8211; ohne Kompromisse\n\t<\/h1>\n<h2>\n\t\tHigh Volume E-Mail L\u00f6sungen von Benchmark Email\n\t<\/h2>\n\t\t\t<a href=\"\/de\/sender-pricing\/\" target=\"_self\" rel=\"noopener\">\n\t\t\t\t\t\t\tPREISE SEHEN\n\t\t\t\t\t<\/a>\n\t<p>Sie ben\u00f6tigen einen speziellen Plan? <a href=\"https:\/\/www.benchmarkemail.com\/de\/landing-pages\/enterprise-pricing-request\/\"> Chatten Sie mit dem Vertrieb<\/a><\/p>\n\t\t\t\t<img loading=\"lazy\" decoding=\"async\" src=\"https:\/\/www.benchmarkemail.com\/de\/wp-content\/uploads\/sites\/5\/2023\/03\/header-hero-image-send-at-scale-min.webp\" alt=\"Person, die den Ruf von E-Mail-Marketing \u00fcberpr\u00fcft\" itemprop=\"image\" height=\"1002\" width=\"1164\" title=\"header-hero-image-send-at-scale-min\" onerror=\"this.style.display='none'\"  \/>\n\t<p>Die f\u00fchrenden Marken der Welt vertrauen ihre E-Mails Benchmark an<\/p>\n\t\t\t\t<img loading=\"lazy\" decoding=\"async\" src=\"https:\/\/www.benchmarkemail.com\/de\/wp-content\/uploads\/sites\/5\/2023\/03\/haymarket-logo.png\" alt=\"Haymarket-Logo\" itemprop=\"image\" height=\"70\" width=\"326\" title=\"haymarket-logo\" onerror=\"this.style.display='none'\"  \/>\n\t\t\t\t<img loading=\"lazy\" decoding=\"async\" src=\"https:\/\/www.benchmarkemail.com\/wp-content\/uploads\/2022\/08\/marriott-logo.webp\" alt=\"marriott-logo\" itemprop=\"image\" height=\"80\" width=\"230\" title=\"marriott-logo\" onerror=\"this.style.display='none'\"  \/>\n\t\t\t\t<img loading=\"lazy\" decoding=\"async\" src=\"https:\/\/www.benchmarkemail.com\/de\/wp-content\/uploads\/sites\/5\/2023\/03\/Kraft-Heinz.png\" alt=\"Kraft Heinz-Logo\" itemprop=\"image\" height=\"80\" width=\"310\" title=\"Kraft-Heinz\" onerror=\"this.style.display='none'\"  \/>\n\t\t\t\t<img loading=\"lazy\" decoding=\"async\" src=\"https:\/\/www.benchmarkemail.com\/de\/wp-content\/uploads\/sites\/5\/2023\/03\/BBC-Logo.png\" alt=\"BBC-Logo\" itemprop=\"image\" height=\"80\" width=\"230\" title=\"BBC-Logo\" onerror=\"this.style.display='none'\"  \/>\n\t\t\t\t<img loading=\"lazy\" decoding=\"async\" src=\"https:\/\/www.benchmarkemail.com\/de\/wp-content\/uploads\/sites\/5\/2023\/03\/Brother-logo.png\" alt=\"Brother-Logo\" itemprop=\"image\" height=\"80\" width=\"206\" title=\"Brother-logo\" onerror=\"this.style.display='none'\"  \/>\n\t\t\t\t<img loading=\"lazy\" decoding=\"async\" src=\"https:\/\/www.benchmarkemail.com\/de\/wp-content\/uploads\/sites\/5\/2023\/03\/Merck-logo.png\" alt=\"Merck-Logo\" itemprop=\"image\" height=\"80\" width=\"364\" title=\"Merck-logo\" onerror=\"this.style.display='none'\"  \/>\n<h2>\n\t\tZuverl\u00e4ssige Zustellbarkeit\n\t<\/h2>\n<h3>\n\t\tErreichen Sie den Posteingang mit Machine Learning\n\t<\/h3>\n\t<p>Erreichen Sie den Posteingang mit maschinellem Lernen. Jeder E-Mail-Versand wird von Smart Sending AI unterst\u00fctzt, unserer propriet\u00e4ren Technologie f\u00fcr maschinelles Lernen, die das E-Mail-Engagement verbessert und die Zustellbarkeit maximiert. Ganz gleich, ob Sie Tausende oder Millionen von E-Mails pro Monat versenden, unsere E-Mail-Infrastruktur ist darauf ausgelegt, mit Ihnen zu skalieren.<\/p>\n\tE-Mail-Whitelabeling<br \/>\nDedizierte IP<br \/>\n\u00dcberwachung der Zustellbarkeit\n\t\t\t\t<img loading=\"lazy\" decoding=\"async\" src=\"https:\/\/www.benchmarkemail.com\/de\/wp-content\/uploads\/sites\/5\/2023\/03\/Dependable-Deliverability.png\" alt=\"Smart Sending AI-Tool\" itemprop=\"image\" height=\"678\" width=\"1104\" title=\"Dependable-Deliverability\" onerror=\"this.style.display='none'\"  \/>\n\t\t\t\t<img loading=\"lazy\" decoding=\"async\" src=\"https:\/\/www.benchmarkemail.com\/de\/wp-content\/uploads\/sites\/5\/2023\/03\/reliable-support.webp\" alt=\"Benutzer im Gespr\u00e4ch mit dem Support\" itemprop=\"image\" height=\"678\" width=\"1104\" title=\"reliable-support\" onerror=\"this.style.display='none'\"  \/>\n<h2>\n\t\tZuverl\u00e4ssiger Support\n\t<\/h2>\n<h3>\n\t\tKompetenz im E-Mail-Marketing\n\t<\/h3>\n\t<p>Seit 2004 bringen wir Unternehmen durch E-Mail-Marketing mit ihren Kunden und Interessenten in Kontakt. Von der Zustellbarkeit und Listenverwaltung bis hin zur E-Mail-Marketingstrategie &#8211; unser Expertenteam hilft Ihnen, Ihre Ziele zu erreichen.<\/p>\n\t24\/7-Unterst\u00fctzung<br \/>\nVerwaltete Kontoeinrichtung<br \/>\nPr\u00fcfen des Kontostandes\n<h2>\n\t\tSendeabh\u00e4ngige Preisgestaltung\n\t<\/h2>\n<h3>\n\t\tSkalieren Sie Ihr Programm mit einer Preisgestaltung, die auf den gesendeten E-Mails basiert.\n\t<\/h3>\n\t<p>Die Preise beginnen bei $40\/Mo. f\u00fcr 10.000 gesendete E-Mails pro Monat. Speichern Sie, wenn Sie Ihr Versandlimit erh\u00f6hen.<\/p>\n\t\t\t<a href=\"\/de\/sender-pricing\/\" target=\"_self\" rel=\"noopener\">\n\t\t\t\t\t\t\tPREISE SEHEN\n\t\t\t\t\t<\/a>\n\t\t\t\t<img loading=\"lazy\" decoding=\"async\" src=\"https:\/\/www.benchmarkemail.com\/de\/wp-content\/uploads\/sites\/5\/2023\/03\/Security-and-Compliance.png\" alt=\"Beispiel f\u00fcr Sicherheit und Compliance\" itemprop=\"image\" height=\"678\" width=\"1104\" title=\"Security-and-Compliance\" onerror=\"this.style.display='none'\"  \/>\n<h2>\n\t\tSicherheit und Compliance\n\t<\/h2>\n<h3>\n\t\tDatensicherheit und Datenschutz an erster Stelle\n\t<\/h3>\n\t<p>Der Schutz Ihrer Daten und der Daten Ihrer Kunden hat f\u00fcr uns oberste Priorit\u00e4t. Mit unserer internationalen Pr\u00e4senz sind wir verpflichtet, die neuesten Datenschutz- und Compliance-Standards auf der ganzen Welt einzuhalten.<\/p>\n\tDSGVO- und CCPA-konform<br \/>\nWir verf\u00fcgen \u00fcber die Standardvertragsklauseln (SCC) und den Datenverarbeitungsanhang (DPA) f\u00fcr die sichere internationale \u00dcbermittlung von Daten<br \/>\nStreitschlichtung durch TrustArc<br \/>\nTLS-Datenverschl\u00fcsselung<br \/>\nKontinuierliche \u00dcberwachung der Angriffsfl\u00e4che\n\t\t\t\t<img loading=\"lazy\" decoding=\"async\" src=\"https:\/\/www.benchmarkemail.com\/de\/wp-content\/uploads\/sites\/5\/2023\/03\/integrations.webp\" alt=\"Beispiele f\u00fcr Tools, in die Benchmark Email integriert ist\" itemprop=\"image\" height=\"678\" width=\"1104\" title=\"integrations\" onerror=\"this.style.display='none'\"  \/>\n<h2>\n\t\tIntegrationen\n\t<\/h2>\n<h3>\n\t\tTreibstoff f\u00fcr Ihr E-Mail-Programm\n\t<\/h3>\n\t<p>Integrieren Sie Ihre Lieblingstools, um den E-Mail-Versand in den Bereichen Marketing, Vertrieb und Betrieb nahtlos zu rationalisieren. Nutzen Sie Zapier oder eine unserer integrierten Integrationen mit beliebten Anwendungen wie Shopify, Slack, WordPress, Google Sheets und mehr.<\/p>\n\t<p><a href=\"\/de\/features\/integrations\/\">Integrationen erkunden\u00a0<\/a><\/p>\n<h2>\n\t\tGlobale Pr\u00e4senz\n\t<\/h2>\n<h3>\n\t\tMit internationaler Pr\u00e4senz f\u00fcr Sie da\n\t<\/h3>\n\t<p>Unsere E-Mail-Marketing-Plattform ist in 9 Sprachen verf\u00fcgbar und bietet lokalen Support f\u00fcr 15 Regionen auf der ganzen Welt. Ganz gleich, wohin Ihr Gesch\u00e4ft Sie f\u00fchrt, Benchmark Email hilft Ihnen dabei, mit Ihrem globalen Kundenstamm in Kontakt zu treten.<\/p>\n\n\t<a href=\"https:\/\/benchmarkemail.com\">\n<img decoding=\"async\" src=\"https:\/\/www.benchmarkemail.com\/wp-content\/uploads\/2022\/08\/US-Flag.png\"\/> &#038;nbsp&nbsp;English\n<\/a>\n\t<a href=\"https:\/\/www.benchmarkemail.com\/es\/\">\n<img decoding=\"async\" src=\"https:\/\/www.benchmarkemail.com\/wp-content\/uploads\/2022\/08\/ES-Flag.png\"\/> &#038;nbsp&nbsp;Espa\u00f1ol\n<\/a>\n\t<a href=\"https:\/\/www.benchmarkemail.com\/de\/\">\n<img decoding=\"async\" src=\"https:\/\/www.benchmarkemail.com\/wp-content\/uploads\/2022\/08\/DE-Flag.png\"\/> &#038;nbsp&nbsp;Deutsch\n<\/a>\n\t<a href=\"https:\/\/www.benchmarkemail.com\/tw\/\">\n<img decoding=\"async\" src=\"https:\/\/www.benchmarkemail.com\/wp-content\/uploads\/2022\/08\/TW-Flag.png\"\/> &#038;nbsp&nbsp;\u7e41\u9ad4\u4e2d\u6587\n<\/a>\n\t<a href=\"https:\/\/www.benchmarkemail.com\/cn\/\">\n<img decoding=\"async\" src=\"https:\/\/www.benchmarkemail.com\/wp-content\/uploads\/2022\/08\/CN-Flag.png\"\/> &#038;nbsp&nbsp;\u7b80\u4f53\u4e2d\u6587\n<a><\/a>\n\t<\/a><a href=\"https:\/\/www.benchmarkemail.com\/jp\/\">\n<img decoding=\"async\" src=\"https:\/\/www.benchmarkemail.com\/wp-content\/uploads\/2022\/08\/JP-Flag.png\"\/> &#038;nbsp&nbsp;\u65e5\u672c\u8a9e\n<\/a>\n\t<a href=\"https:\/\/www.benchmarkemail.com\/it\/\">\n<img decoding=\"async\" src=\"https:\/\/www.benchmarkemail.com\/wp-content\/uploads\/2022\/08\/MX-Flag.png\"\/> &#038;nbsp&nbsp;Italiano\n<\/a>\n\t<a href=\"https:\/\/www.benchmarkemail.com\/br\/\">\n<img decoding=\"async\" src=\"https:\/\/www.benchmarkemail.com\/wp-content\/uploads\/2022\/08\/BR-Flag.png\"\/> &#038;nbsp&nbsp;Portugu\u00eas\n<\/a>\n\t<a href=\"https:\/\/www.benchmarkemail.com\/fr\/\">\n<img decoding=\"async\" src=\"https:\/\/www.benchmarkemail.com\/wp-content\/uploads\/2022\/08\/FR-Flag.png\"\/> &#038;nbsp&nbsp;Fran\u00e7ais\n<\/a>\n<h3>\n\t\tE-Mail-Marketing-Solutions f\u00fcr\n\t<\/h3>\n\t\t\t\t<img loading=\"lazy\" decoding=\"async\" src=\"https:\/\/www.benchmarkemail.com\/de\/wp-content\/uploads\/sites\/5\/2023\/03\/Enterprise.png\" alt=\"Bildbeispiel f\u00fcr Enterprises\" itemprop=\"image\" height=\"254\" width=\"386\" title=\"Enterprise\" onerror=\"this.style.display='none'\"  \/>\n<h4>\n\t\tEnterprise\n\t<\/h4>\n\t<p>F\u00fchrende Marken auf der ganzen Welt vertrauen Benchmark Email, wenn es um Sicherheit, Compliance und Zustellbarkeit geht, um E-Mails in gro\u00dfem Umfang zu senden.<\/p>\n\t<p><a href=\"https:\/\/www.benchmarkemail.com\/de\/enterprise-email-solutions\/\">Sprechen Sie mit einem Enterprise-Experten<\/a><\/p>\n\t\t\t\t<img loading=\"lazy\" decoding=\"async\" src=\"https:\/\/www.benchmarkemail.com\/de\/wp-content\/uploads\/sites\/5\/2023\/03\/High-Volume-Senders.png\" alt=\"Beispiel eines High-Volume-Servers\" itemprop=\"image\" height=\"254\" width=\"386\" title=\"High-Volume-Senders\" onerror=\"this.style.display='none'\"  \/>\n<h4>\n\t\tVersender mit hohem Volumen\n\t<\/h4>\n\t<p>Eine skalierbare E-Mail-Infrastruktur, die von unserem Team von Experten f\u00fcr Zustellbarkeit unterst\u00fctzt wird, stellt sicher, dass Ihre E-Mails mit hohem Volumen den Posteingang erreichen.<\/p>\n\t<p><a href=\"\/de\/sender-pricing\/\">Siehe L\u00f6sungen f\u00fcr Absender mit hohem Volumen<\/a><\/p>\n\t\t\t\t<img loading=\"lazy\" decoding=\"async\" src=\"https:\/\/www.benchmarkemail.com\/de\/wp-content\/uploads\/sites\/5\/2023\/03\/High-Volume-Senders---1.png\" alt=\"Beispiel f\u00fcr eine Grafik\" itemprop=\"image\" height=\"254\" width=\"386\" title=\"High-Volume-Senders---1\" onerror=\"this.style.display='none'\"  \/>\n<h4>\n\t\tVermarkter\n\t<\/h4>\n\t<p>Die Einf\u00fchrung Ihrer E-Mail-Marketing-Strategie war noch nie so einfach wie heute &#8211; mit einer Reihe von benutzerfreundlichen Tools, die von der Leistungsf\u00e4higkeit von KI und maschinellem Lernen unterst\u00fctzt werden.<\/p>\n\t<p><a href=\"https:\/\/www.benchmarkemail.com\/de\/features\/email-builder\/\">Entdecken Sie die E-Mail-Marketing-Funktionen<\/a><\/p>\n\t\t\t\t<img loading=\"lazy\" decoding=\"async\" src=\"https:\/\/www.benchmarkemail.com\/de\/wp-content\/uploads\/sites\/5\/2023\/03\/Ecommerce.webp\" alt=\"Beispiel f\u00fcr einen Einkaufswagen\" itemprop=\"image\" height=\"254\" width=\"386\" title=\"Ecommerce\" onerror=\"this.style.display='none'\"  \/>\n<h4>\n\t\tE-Commerce\n\t<\/h4>\n\t<p>Senden Sie ganz einfach gezielte Nachrichten, um Online-K\u00e4ufer in neue und wiederkehrende Kunden zu verwandeln. Verkaufen Sie mehr mit Tools, die Ihre Produkte direkt in den Posteingang liefern.<\/p>\n\t<p><a href=\"https:\/\/www.benchmarkemail.com\/de\/features\/ecommerce\/\">Mehr verkaufen mit E-Commerce Tools&#8221;<\/a><\/p>\n\t\t\t\t<img loading=\"lazy\" decoding=\"async\" src=\"https:\/\/www.benchmarkemail.com\/de\/wp-content\/uploads\/sites\/5\/2023\/03\/Developers.webp\" alt=\"Beispiel f\u00fcr einen Bildschirm mit Code\" itemprop=\"image\" height=\"254\" width=\"386\" title=\"Developers\" onerror=\"this.style.display='none'\"  \/>\n<h4>\n\t\tEntwickler\n\t<\/h4>\n\t<p>Integrieren Sie unseren Service mit unserer RESTful API in Ihren bestehenden Workflow oder Ihre Plattform, um Berichtsdaten zu erhalten, E-Mails zu senden, Listen zu erstellen und vieles mehr.<\/p>\n\t<p><a href=\"https:\/\/www.benchmarkemail.com\/de\/developers\/\">Entdecken Sie unsere APIs\u00a0<\/a><\/p>\n\t\t\t\t<img loading=\"lazy\" decoding=\"async\" src=\"https:\/\/www.benchmarkemail.com\/de\/wp-content\/uploads\/sites\/5\/2023\/03\/rocket.png\" alt=\"Raketensymbol\" itemprop=\"image\" height=\"118\" width=\"118\" title=\"rocket\" onerror=\"this.style.display='none'\"  \/>\n<h3>\n\t\tStarten Sie noch heute\n\t<\/h3>\n\t\t\t<a href=\"\/de\/sender-pricing\/\" target=\"_self\" rel=\"noopener\">\n\t\t\t\t\t\t\tKOSTENLOS ANMELDEN\n\t\t\t\t\t<\/a>\n\t<p>Sie ben\u00f6tigen einen speziellen Plan? <a href=\"https:\/\/www.benchmarkemail.com\/de\/landing-pages\/enterprise-pricing-request\/\"> Chatten Sie mit dem Vertrieb<\/a><\/p>\n\t<p><strong>NEUE ARTIKEL<\/strong>:<\/p>\n\n","protected":false},"excerpt":{"rendered":"<p>Skaliert senden &#8211; ohne Kompromisse High Volume E-Mail L\u00f6sungen von Benchmark Email PREISE SEHEN Sie ben\u00f6tigen einen speziellen Plan? Chatten Sie mit dem Vertrieb Die f\u00fchrenden Marken der Welt vertrauen ihre E-Mails Benchmark an Zuverl\u00e4ssige Zustellbarkeit Erreichen Sie den Posteingang mit Machine Learning Erreichen Sie den Posteingang mit maschinellem Lernen. Jeder E-Mail-Versand wird von Smart&hellip;<\/p>\n","protected":false},"author":7,"featured_media":0,"parent":0,"menu_order":0,"comment_status":"closed","ping_status":"closed","template":"","meta":{"inline_featured_image":false,"footnotes":""},"class_list":["post-33671","page","type-page","status-publish","hentry"],"yoast_head":"<!-- This site is optimized with the Yoast SEO plugin v27.4 - https:\/\/yoast.com\/product\/yoast-seo-wordpress\/ -->\n<title>Die beste Software zum Massenmail-Versenden - Benchmark<\/title>\n<meta name=\"description\" content=\"F\u00fchren Sie Massen-E-Mail-Marketing professionell, sicher und in gro\u00dfem Umfang mit den Funktionen von Benchmark f\u00fcr den High Volume E-Mail Sending durch.\" \/>\n<meta name=\"robots\" content=\"index, follow, max-snippet:-1, max-image-preview:large, max-video-preview:-1\" \/>\n<link rel=\"canonical\" href=\"https:\/\/www.benchmarkemail.com\/de\/high-volume-email\/\" \/>\n<meta property=\"og:locale\" content=\"en_US\" \/>\n<meta property=\"og:type\" content=\"article\" \/>\n<meta property=\"og:title\" content=\"Die beste Software zum Massenmail-Versenden - Benchmark\" \/>\n<meta property=\"og:description\" content=\"F\u00fchren Sie Massen-E-Mail-Marketing professionell, sicher und in gro\u00dfem Umfang mit den Funktionen von Benchmark f\u00fcr den High Volume E-Mail Sending durch.\" \/>\n<meta property=\"og:url\" content=\"https:\/\/www.benchmarkemail.com\/de\/high-volume-email\/\" \/>\n<meta property=\"og:site_name\" content=\"Marketing-Blog von Benchmark Email\" \/>\n<meta property=\"article:publisher\" content=\"https:\/\/www.facebook.com\/BenchmarkEmail\" \/>\n<meta property=\"article:modified_time\" content=\"2023-06-07T11:15:35+00:00\" \/>\n<meta property=\"og:image\" content=\"https:\/\/www.benchmarkemail.com\/de\/wp-content\/uploads\/sites\/5\/2023\/03\/header-hero-image-send-at-scale-min.webp\" \/>\n<meta name=\"twitter:card\" content=\"summary_large_image\" \/>\n<meta name=\"twitter:site\" content=\"@benchmarkemail\" \/>\n<meta name=\"twitter:label1\" content=\"Est. reading time\" \/>\n\t<meta name=\"twitter:data1\" content=\"8 minutes\" \/>\n<script type=\"application\/ld+json\" class=\"yoast-schema-graph\">{\"@context\":\"https:\\\/\\\/schema.org\",\"@graph\":[{\"@type\":\"WebPage\",\"@id\":\"https:\\\/\\\/www.benchmarkemail.com\\\/de\\\/high-volume-email\\\/\",\"url\":\"https:\\\/\\\/www.benchmarkemail.com\\\/de\\\/high-volume-email\\\/\",\"name\":\"Die beste Software zum Massenmail-Versenden - Benchmark\",\"isPartOf\":{\"@id\":\"https:\\\/\\\/www.benchmarkemail.com\\\/de\\\/#website\"},\"primaryImageOfPage\":{\"@id\":\"https:\\\/\\\/www.benchmarkemail.com\\\/de\\\/high-volume-email\\\/#primaryimage\"},\"image\":{\"@id\":\"https:\\\/\\\/www.benchmarkemail.com\\\/de\\\/high-volume-email\\\/#primaryimage\"},\"thumbnailUrl\":\"https:\\\/\\\/www.benchmarkemail.com\\\/de\\\/wp-content\\\/uploads\\\/sites\\\/5\\\/2023\\\/03\\\/header-hero-image-send-at-scale-min.webp\",\"datePublished\":\"2023-03-21T13:56:07+00:00\",\"dateModified\":\"2023-06-07T11:15:35+00:00\",\"description\":\"F\u00fchren Sie Massen-E-Mail-Marketing professionell, sicher und in gro\u00dfem Umfang mit den Funktionen von Benchmark f\u00fcr den High Volume E-Mail Sending durch.\",\"breadcrumb\":{\"@id\":\"https:\\\/\\\/www.benchmarkemail.com\\\/de\\\/high-volume-email\\\/#breadcrumb\"},\"inLanguage\":\"en-US\",\"potentialAction\":[{\"@type\":\"ReadAction\",\"target\":[\"https:\\\/\\\/www.benchmarkemail.com\\\/de\\\/high-volume-email\\\/\"]}]},{\"@type\":\"ImageObject\",\"inLanguage\":\"en-US\",\"@id\":\"https:\\\/\\\/www.benchmarkemail.com\\\/de\\\/high-volume-email\\\/#primaryimage\",\"url\":\"https:\\\/\\\/www.benchmarkemail.com\\\/de\\\/wp-content\\\/uploads\\\/sites\\\/5\\\/2023\\\/03\\\/header-hero-image-send-at-scale-min.webp\",\"contentUrl\":\"https:\\\/\\\/www.benchmarkemail.com\\\/de\\\/wp-content\\\/uploads\\\/sites\\\/5\\\/2023\\\/03\\\/header-hero-image-send-at-scale-min.webp\",\"width\":1164,\"height\":1002,\"caption\":\"Person, die den Ruf von E-Mail-Marketing \u00fcberpr\u00fcft\"},{\"@type\":\"BreadcrumbList\",\"@id\":\"https:\\\/\\\/www.benchmarkemail.com\\\/de\\\/high-volume-email\\\/#breadcrumb\",\"itemListElement\":[{\"@type\":\"ListItem\",\"position\":1,\"name\":\"Home\",\"item\":\"https:\\\/\\\/www.benchmarkemail.com\\\/de\\\/\"},{\"@type\":\"ListItem\",\"position\":2,\"name\":\"High Volume Email Solutions\"}]},{\"@type\":\"WebSite\",\"@id\":\"https:\\\/\\\/www.benchmarkemail.com\\\/de\\\/#website\",\"url\":\"https:\\\/\\\/www.benchmarkemail.com\\\/de\\\/\",\"name\":\"Marketing-Blog von Benchmark Email\",\"description\":\"Digitales Marketing-Tool. Erfahren Sie mehr \u00fcber E-Mail-Marketing, Automatisierung, Lead-Gewinnung und -Pflege, etc.\",\"publisher\":{\"@id\":\"https:\\\/\\\/www.benchmarkemail.com\\\/de\\\/#organization\"},\"potentialAction\":[{\"@type\":\"SearchAction\",\"target\":{\"@type\":\"EntryPoint\",\"urlTemplate\":\"https:\\\/\\\/www.benchmarkemail.com\\\/de\\\/?s={search_term_string}\"},\"query-input\":{\"@type\":\"PropertyValueSpecification\",\"valueRequired\":true,\"valueName\":\"search_term_string\"}}],\"inLanguage\":\"en-US\"},{\"@type\":\"Organization\",\"@id\":\"https:\\\/\\\/www.benchmarkemail.com\\\/de\\\/#organization\",\"name\":\"Benchmark Internet Group, LLC\",\"url\":\"https:\\\/\\\/www.benchmarkemail.com\\\/de\\\/\",\"logo\":{\"@type\":\"ImageObject\",\"inLanguage\":\"en-US\",\"@id\":\"https:\\\/\\\/www.benchmarkemail.com\\\/de\\\/#\\\/schema\\\/logo\\\/image\\\/\",\"url\":\"https:\\\/\\\/www.benchmarkemail.com\\\/de\\\/wp-content\\\/uploads\\\/sites\\\/5\\\/2019\\\/09\\\/benchmark-logo.svg\",\"contentUrl\":\"https:\\\/\\\/www.benchmarkemail.com\\\/de\\\/wp-content\\\/uploads\\\/sites\\\/5\\\/2019\\\/09\\\/benchmark-logo.svg\",\"width\":1,\"height\":1,\"caption\":\"Benchmark Internet Group, LLC\"},\"image\":{\"@id\":\"https:\\\/\\\/www.benchmarkemail.com\\\/de\\\/#\\\/schema\\\/logo\\\/image\\\/\"},\"sameAs\":[\"https:\\\/\\\/www.facebook.com\\\/BenchmarkEmail\",\"https:\\\/\\\/x.com\\\/benchmarkemail\",\"https:\\\/\\\/www.instagram.com\\\/benchmarkemail\\\/\",\"https:\\\/\\\/www.linkedin.com\\\/company\\\/benchmark-email\\\/\",\"https:\\\/\\\/www.youtube.com\\\/channel\\\/UCS2asc1Z3ugpfkpnF2_mdbA\"]}]}<\/script>\n<!-- \/ Yoast SEO plugin. -->","yoast_head_json":{"title":"Die beste Software zum Massenmail-Versenden - Benchmark","description":"F\u00fchren Sie Massen-E-Mail-Marketing professionell, sicher und in gro\u00dfem Umfang mit den Funktionen von Benchmark f\u00fcr den High Volume E-Mail Sending durch.","robots":{"index":"index","follow":"follow","max-snippet":"max-snippet:-1","max-image-preview":"max-image-preview:large","max-video-preview":"max-video-preview:-1"},"canonical":"https:\/\/www.benchmarkemail.com\/de\/high-volume-email\/","og_locale":"en_US","og_type":"article","og_title":"Die beste Software zum Massenmail-Versenden - Benchmark","og_description":"F\u00fchren Sie Massen-E-Mail-Marketing professionell, sicher und in gro\u00dfem Umfang mit den Funktionen von Benchmark f\u00fcr den High Volume E-Mail Sending durch.","og_url":"https:\/\/www.benchmarkemail.com\/de\/high-volume-email\/","og_site_name":"Marketing-Blog von Benchmark Email","article_publisher":"https:\/\/www.facebook.com\/BenchmarkEmail","article_modified_time":"2023-06-07T11:15:35+00:00","og_image":[{"url":"https:\/\/www.benchmarkemail.com\/de\/wp-content\/uploads\/sites\/5\/2023\/03\/header-hero-image-send-at-scale-min.webp","type":"","width":"","height":""}],"twitter_card":"summary_large_image","twitter_site":"@benchmarkemail","twitter_misc":{"Est. reading time":"8 minutes"},"schema":{"@context":"https:\/\/schema.org","@graph":[{"@type":"WebPage","@id":"https:\/\/www.benchmarkemail.com\/de\/high-volume-email\/","url":"https:\/\/www.benchmarkemail.com\/de\/high-volume-email\/","name":"Die beste Software zum Massenmail-Versenden - Benchmark","isPartOf":{"@id":"https:\/\/www.benchmarkemail.com\/de\/#website"},"primaryImageOfPage":{"@id":"https:\/\/www.benchmarkemail.com\/de\/high-volume-email\/#primaryimage"},"image":{"@id":"https:\/\/www.benchmarkemail.com\/de\/high-volume-email\/#primaryimage"},"thumbnailUrl":"https:\/\/www.benchmarkemail.com\/de\/wp-content\/uploads\/sites\/5\/2023\/03\/header-hero-image-send-at-scale-min.webp","datePublished":"2023-03-21T13:56:07+00:00","dateModified":"2023-06-07T11:15:35+00:00","description":"F\u00fchren Sie Massen-E-Mail-Marketing professionell, sicher und in gro\u00dfem Umfang mit den Funktionen von Benchmark f\u00fcr den High Volume E-Mail Sending durch.","breadcrumb":{"@id":"https:\/\/www.benchmarkemail.com\/de\/high-volume-email\/#breadcrumb"},"inLanguage":"en-US","potentialAction":[{"@type":"ReadAction","target":["https:\/\/www.benchmarkemail.com\/de\/high-volume-email\/"]}]},{"@type":"ImageObject","inLanguage":"en-US","@id":"https:\/\/www.benchmarkemail.com\/de\/high-volume-email\/#primaryimage","url":"https:\/\/www.benchmarkemail.com\/de\/wp-content\/uploads\/sites\/5\/2023\/03\/header-hero-image-send-at-scale-min.webp","contentUrl":"https:\/\/www.benchmarkemail.com\/de\/wp-content\/uploads\/sites\/5\/2023\/03\/header-hero-image-send-at-scale-min.webp","width":1164,"height":1002,"caption":"Person, die den Ruf von E-Mail-Marketing \u00fcberpr\u00fcft"},{"@type":"BreadcrumbList","@id":"https:\/\/www.benchmarkemail.com\/de\/high-volume-email\/#breadcrumb","itemListElement":[{"@type":"ListItem","position":1,"name":"Home","item":"https:\/\/www.benchmarkemail.com\/de\/"},{"@type":"ListItem","position":2,"name":"High Volume Email Solutions"}]},{"@type":"WebSite","@id":"https:\/\/www.benchmarkemail.com\/de\/#website","url":"https:\/\/www.benchmarkemail.com\/de\/","name":"Marketing-Blog von Benchmark Email","description":"Digitales Marketing-Tool. Erfahren Sie mehr \u00fcber E-Mail-Marketing, Automatisierung, Lead-Gewinnung und -Pflege, etc.","publisher":{"@id":"https:\/\/www.benchmarkemail.com\/de\/#organization"},"potentialAction":[{"@type":"SearchAction","target":{"@type":"EntryPoint","urlTemplate":"https:\/\/www.benchmarkemail.com\/de\/?s={search_term_string}"},"query-input":{"@type":"PropertyValueSpecification","valueRequired":true,"valueName":"search_term_string"}}],"inLanguage":"en-US"},{"@type":"Organization","@id":"https:\/\/www.benchmarkemail.com\/de\/#organization","name":"Benchmark Internet Group, LLC","url":"https:\/\/www.benchmarkemail.com\/de\/","logo":{"@type":"ImageObject","inLanguage":"en-US","@id":"https:\/\/www.benchmarkemail.com\/de\/#\/schema\/logo\/image\/","url":"https:\/\/www.benchmarkemail.com\/de\/wp-content\/uploads\/sites\/5\/2019\/09\/benchmark-logo.svg","contentUrl":"https:\/\/www.benchmarkemail.com\/de\/wp-content\/uploads\/sites\/5\/2019\/09\/benchmark-logo.svg","width":1,"height":1,"caption":"Benchmark Internet Group, LLC"},"image":{"@id":"https:\/\/www.benchmarkemail.com\/de\/#\/schema\/logo\/image\/"},"sameAs":["https:\/\/www.facebook.com\/BenchmarkEmail","https:\/\/x.com\/benchmarkemail","https:\/\/www.instagram.com\/benchmarkemail\/","https:\/\/www.linkedin.com\/company\/benchmark-email\/","https:\/\/www.youtube.com\/channel\/UCS2asc1Z3ugpfkpnF2_mdbA"]}]}},"_links":{"self":[{"href":"https:\/\/www.benchmarkemail.com\/de\/wp-json\/wp\/v2\/pages\/33671","targetHints":{"allow":["GET"]}}],"collection":[{"href":"https:\/\/www.benchmarkemail.com\/de\/wp-json\/wp\/v2\/pages"}],"about":[{"href":"https:\/\/www.benchmarkemail.com\/de\/wp-json\/wp\/v2\/types\/page"}],"author":[{"embeddable":true,"href":"https:\/\/www.benchmarkemail.com\/de\/wp-json\/wp\/v2\/users\/7"}],"replies":[{"embeddable":true,"href":"https:\/\/www.benchmarkemail.com\/de\/wp-json\/wp\/v2\/comments?post=33671"}],"version-history":[{"count":0,"href":"https:\/\/www.benchmarkemail.com\/de\/wp-json\/wp\/v2\/pages\/33671\/revisions"}],"wp:attachment":[{"href":"https:\/\/www.benchmarkemail.com\/de\/wp-json\/wp\/v2\/media?parent=33671"}],"curies":[{"name":"wp","href":"https:\/\/api.w.org\/{rel}","templated":true}]}}