{"id":38076,"date":"2024-03-08T16:50:52","date_gmt":"2024-03-08T16:50:52","guid":{"rendered":"https:\/\/www.benchmarkemail.com\/de\/?page_id=38076"},"modified":"2024-03-11T13:35:16","modified_gmt":"2024-03-11T13:35:16","slug":"smart-design","status":"publish","type":"page","link":"https:\/\/www.benchmarkemail.com\/de\/features\/smart-design\/","title":{"rendered":"Smart Design"},"content":{"rendered":"\r\n<h1>\r\n\t\t E-Mail designen leicht gemacht mit KI\r\n\t<\/h1>\r\n<h2>\r\n\t\tSmart Design ist Ihre Abk\u00fcrzung zur Erstellung individueller E-Mail-Kampagnen mit Ihrem Markenzeichen. Melden Sie sich kostenlos an, um Ihre E-Mail zu erstellen.\r\n\t<\/h2>\r\n\t\t\t<a href=\"https:\/\/ui.benchmarkemail.com\/de\/register\" target=\"_self\" rel=\"noopener\">\r\n\t\t\t\t\t\t\tERSTELLEN SIE IHRE ERSTE E-MAIL\r\n\t\t\t\t\t<\/a>\r\n\t\t\t\t<img loading=\"lazy\" decoding=\"async\" src=\"https:\/\/www.benchmarkemail.com\/wp-content\/uploads\/2024\/02\/Hero-Image.png\" alt=\"Hero-Image\" itemprop=\"image\" height=\"990\" width=\"1036\" title=\"Hero-Image\" onerror=\"this.style.display='none'\"  \/>\r\n\t\t\t\t<img loading=\"lazy\" decoding=\"async\" src=\"https:\/\/www.benchmarkemail.com\/wp-content\/uploads\/2024\/02\/Email-Creation-Easy.png\" alt=\"Email-Creation-Easy\" itemprop=\"image\" height=\"1010\" width=\"1118\" title=\"Email-Creation-Easy\" onerror=\"this.style.display='none'\"  \/>\r\n<h2>\r\n\t\tE-Mail-Erstellung leicht gemacht.\r\n\t<\/h2>\r\n<h2>\r\n\t\tOb Sie ein erfahrener Vermarkter oder ein Neuling in der Welt der E-Mail-Kampagnen sind, mit Smart Design k\u00f6nnen Sie m\u00fchelos professionelle E-Mails erstellen.\r\n\t<\/h2>\r\n\t\t\t<a href=\"https:\/\/ui.benchmarkemail.com\/de\/register\" target=\"_self\" rel=\"noopener\">\r\n\t\t\t\t\t\t\tERSTELLEN SIE IHRE ERSTE E-MAIL\r\n\t\t\t\t\t<\/a>\r\n<h2>\r\n\t\tE-Mails, die Ihre Ziele erreichen.\r\n\t<\/h2>\r\n<h2>\r\n\t\tBegr\u00fc\u00dfen Sie neue Abonnenten, \u00fcbermitteln Sie routinem\u00e4\u00dfige Aktualisierungen oder stellen Sie Ihre neuesten Produkte m\u00fchelos vor. W\u00e4hlen Sie Ihr Ziel und lassen Sie Smart Design den Rest erledigen!\r\n\t<\/h2>\r\n\t\t\t<a href=\"https:\/\/ui.benchmarkemail.com\/de\/register\" target=\"_self\" rel=\"noopener\">\r\n\t\t\t\t\t\t\tERSTELLEN SIE IHRE ERSTE E-MAIL\r\n\t\t\t\t\t<\/a>\r\n\t\t\t\t<img loading=\"lazy\" decoding=\"async\" src=\"https:\/\/www.benchmarkemail.com\/wp-content\/uploads\/2024\/02\/Email-Designed-To-Reach-Goals.png\" alt=\"Email-Designed-To-Reach-Goals\" itemprop=\"image\" height=\"971\" width=\"648\" title=\"Email-Designed-To-Reach-Goals\" onerror=\"this.style.display='none'\"  \/>\r\n\t\t\t\t<img loading=\"lazy\" decoding=\"async\" src=\"https:\/\/www.benchmarkemail.com\/wp-content\/uploads\/2024\/02\/Your-Brand-Your-Way.png\" alt=\"Your-Brand-Your-Way\" itemprop=\"image\" height=\"884\" width=\"1216\" title=\"Your-Brand-Your-Way\" onerror=\"this.style.display='none'\"  \/>\r\n<h2>\r\n\t\tIhre Marke, Ihre Art.\r\n\t<\/h2>\r\n\t<p>Keine vorgefertigten Vorlagen mehr. Smart Design <a href=\"https:\/\/www.benchmarkemail.com\/de\/features\/brand-kit\/\">+ Brand Kit \u00fcbernimmt <\/a>Ihr Logo, Ihre Markenfarben und Bilder von Ihrer Website, um Ihre E-Mails zu erstellen. Hinterlassen Sie einen bleibenden Eindruck mit einem professionellen, auf Ihre Marke zugeschnittenen Design.<\/p>\r\n\t\t\t<a href=\"https:\/\/ui.benchmarkemail.com\/de\/register\" target=\"_self\" rel=\"noopener\">\r\n\t\t\t\t\t\t\tERSTELLEN SIE IHRE ERSTE E-MAIL\r\n\t\t\t\t\t<\/a>\r\n<h2>\r\n\t\tE-Mails, die sich selbst schreiben.\r\n\t<\/h2>\r\n<h2>\r\n\t\tDas Verfassen von E-Mail-Texten war noch nie so einfach. Smart Design liefert Ihnen ma\u00dfgeschneiderte E-Mail-Inhalte, die auf Ihr Unternehmen abgestimmt sind und zu Aktionen anregen.\r\n\t<\/h2>\r\n\t\t\t<a href=\"https:\/\/ui.benchmarkemail.com\/de\/register\" target=\"_self\" rel=\"noopener\">\r\n\t\t\t\t\t\t\tERSTELLEN SIE IHRE ERSTE E-MAIL\r\n\t\t\t\t\t<\/a>\r\n\t\t\t\t<img decoding=\"async\" src=\"https:\/\/www.benchmarkemail.com\/wp-content\/uploads\/2024\/02\/Emails-That-Write-Themselves.png\" alt=\"womens-dayeCommerce\" itemprop=\"image\" title=\"womens-dayeCommerce\" onerror=\"this.style.display='none'\"  \/>\r\n\t\t\t\t<img loading=\"lazy\" decoding=\"async\" src=\"https:\/\/www.benchmarkemail.com\/wp-content\/uploads\/2024\/02\/Sparkles-AI.svg\" alt=\"Sparkles-AI\" itemprop=\"image\" height=\"42\" width=\"43\" title=\"Sparkles-AI\" onerror=\"this.style.display='none'\"  \/>\r\n<h2>\r\n\t\tArbeiten Sie intelligenter, nicht h\u00e4rter\r\n\t<\/h2>\r\n\t<p>Registrieren Sie sich f\u00fcr ein kostenloses Konto und erstellen Sie Ihre erste E-Mail mit Smart Design.<\/p>\r\n\t\t\t<a href=\"https:\/\/ui.benchmarkemail.com\/de\/register\" target=\"_self\" rel=\"noopener\">\r\n\t\t\t\t\t\t\tERSTELLEN SIE IHRE ERSTE E-MAIL\r\n\t\t\t\t\t<\/a>\r\n\r\n","protected":false},"excerpt":{"rendered":"<p>E-Mail designen leicht gemacht mit KI Smart Design ist Ihre Abk\u00fcrzung zur Erstellung individueller E-Mail-Kampagnen mit Ihrem Markenzeichen. Melden Sie sich kostenlos an, um Ihre E-Mail zu erstellen. ERSTELLEN SIE IHRE ERSTE E-MAIL E-Mail-Erstellung leicht gemacht. Ob Sie ein erfahrener Vermarkter oder ein Neuling in der Welt der E-Mail-Kampagnen sind, mit Smart Design k\u00f6nnen Sie&hellip;<\/p>\n","protected":false},"author":7,"featured_media":0,"parent":18,"menu_order":0,"comment_status":"closed","ping_status":"closed","template":"","meta":{"inline_featured_image":false,"footnotes":""},"class_list":["post-38076","page","type-page","status-publish","hentry"],"yoast_head":"<!-- This site is optimized with the Yoast SEO plugin v27.5 - https:\/\/yoast.com\/product\/yoast-seo-wordpress\/ -->\n<title>Smart Design: KI f\u00fcr E-Mail designen<\/title>\n<meta name=\"description\" content=\"Entwerfen Sie in Sekundenschnelle auf Ihre Marke zugeschnittene Vorlagen mit der KI von Benchmark Email f\u00fcr das E-Mail-Marketing - sparen Sie Zeit und unterstreichen Sie Ihre visuelle Identit\u00e4t! \ud83c\udfa8\u2728\" \/>\n<meta name=\"robots\" content=\"index, follow, max-snippet:-1, max-image-preview:large, max-video-preview:-1\" \/>\n<link rel=\"canonical\" href=\"https:\/\/www.benchmarkemail.com\/de\/features\/smart-design\/\" \/>\n<meta property=\"og:locale\" content=\"en_US\" \/>\n<meta property=\"og:type\" content=\"article\" \/>\n<meta property=\"og:title\" content=\"Smart Design: KI f\u00fcr E-Mail designen\" \/>\n<meta property=\"og:description\" content=\"Entwerfen Sie in Sekundenschnelle auf Ihre Marke zugeschnittene Vorlagen mit der KI von Benchmark Email f\u00fcr das E-Mail-Marketing - sparen Sie Zeit und unterstreichen Sie Ihre visuelle Identit\u00e4t! \ud83c\udfa8\u2728\" \/>\n<meta property=\"og:url\" content=\"https:\/\/www.benchmarkemail.com\/de\/features\/smart-design\/\" \/>\n<meta property=\"og:site_name\" content=\"Marketing-Blog von Benchmark Email\" \/>\n<meta property=\"article:publisher\" content=\"https:\/\/www.facebook.com\/BenchmarkEmail\" \/>\n<meta property=\"article:modified_time\" content=\"2024-03-11T13:35:16+00:00\" \/>\n<meta property=\"og:image\" content=\"https:\/\/www.benchmarkemail.com\/wp-content\/uploads\/2024\/02\/Hero-Image.png\" \/>\n<meta name=\"twitter:card\" content=\"summary_large_image\" \/>\n<meta name=\"twitter:site\" content=\"@benchmarkemail\" \/>\n<meta name=\"twitter:label1\" content=\"Est. reading time\" \/>\n\t<meta name=\"twitter:data1\" content=\"3 minutes\" \/>\n<script type=\"application\/ld+json\" class=\"yoast-schema-graph\">{\"@context\":\"https:\\\/\\\/schema.org\",\"@graph\":[{\"@type\":\"WebPage\",\"@id\":\"https:\\\/\\\/www.benchmarkemail.com\\\/de\\\/features\\\/smart-design\\\/\",\"url\":\"https:\\\/\\\/www.benchmarkemail.com\\\/de\\\/features\\\/smart-design\\\/\",\"name\":\"Smart Design: KI f\u00fcr E-Mail designen\",\"isPartOf\":{\"@id\":\"https:\\\/\\\/www.benchmarkemail.com\\\/de\\\/#website\"},\"primaryImageOfPage\":{\"@id\":\"https:\\\/\\\/www.benchmarkemail.com\\\/de\\\/features\\\/smart-design\\\/#primaryimage\"},\"image\":{\"@id\":\"https:\\\/\\\/www.benchmarkemail.com\\\/de\\\/features\\\/smart-design\\\/#primaryimage\"},\"thumbnailUrl\":\"https:\\\/\\\/www.benchmarkemail.com\\\/wp-content\\\/uploads\\\/2024\\\/02\\\/Hero-Image.png\",\"datePublished\":\"2024-03-08T16:50:52+00:00\",\"dateModified\":\"2024-03-11T13:35:16+00:00\",\"description\":\"Entwerfen Sie in Sekundenschnelle auf Ihre Marke zugeschnittene Vorlagen mit der KI von Benchmark Email f\u00fcr das E-Mail-Marketing - sparen Sie Zeit und unterstreichen Sie Ihre visuelle Identit\u00e4t! \ud83c\udfa8\u2728\",\"breadcrumb\":{\"@id\":\"https:\\\/\\\/www.benchmarkemail.com\\\/de\\\/features\\\/smart-design\\\/#breadcrumb\"},\"inLanguage\":\"en-US\",\"potentialAction\":[{\"@type\":\"ReadAction\",\"target\":[\"https:\\\/\\\/www.benchmarkemail.com\\\/de\\\/features\\\/smart-design\\\/\"]}]},{\"@type\":\"ImageObject\",\"inLanguage\":\"en-US\",\"@id\":\"https:\\\/\\\/www.benchmarkemail.com\\\/de\\\/features\\\/smart-design\\\/#primaryimage\",\"url\":\"https:\\\/\\\/www.benchmarkemail.com\\\/wp-content\\\/uploads\\\/2024\\\/02\\\/Hero-Image.png\",\"contentUrl\":\"https:\\\/\\\/www.benchmarkemail.com\\\/wp-content\\\/uploads\\\/2024\\\/02\\\/Hero-Image.png\"},{\"@type\":\"BreadcrumbList\",\"@id\":\"https:\\\/\\\/www.benchmarkemail.com\\\/de\\\/features\\\/smart-design\\\/#breadcrumb\",\"itemListElement\":[{\"@type\":\"ListItem\",\"position\":1,\"name\":\"Home\",\"item\":\"https:\\\/\\\/www.benchmarkemail.com\\\/de\\\/\"},{\"@type\":\"ListItem\",\"position\":2,\"name\":\"Features\",\"item\":\"https:\\\/\\\/www.benchmarkemail.com\\\/de\\\/features\\\/\"},{\"@type\":\"ListItem\",\"position\":3,\"name\":\"Smart Design\"}]},{\"@type\":\"WebSite\",\"@id\":\"https:\\\/\\\/www.benchmarkemail.com\\\/de\\\/#website\",\"url\":\"https:\\\/\\\/www.benchmarkemail.com\\\/de\\\/\",\"name\":\"Marketing-Blog von Benchmark Email\",\"description\":\"Digitales Marketing-Tool. Erfahren Sie mehr \u00fcber E-Mail-Marketing, Automatisierung, Lead-Gewinnung und -Pflege, etc.\",\"publisher\":{\"@id\":\"https:\\\/\\\/www.benchmarkemail.com\\\/de\\\/#organization\"},\"potentialAction\":[{\"@type\":\"SearchAction\",\"target\":{\"@type\":\"EntryPoint\",\"urlTemplate\":\"https:\\\/\\\/www.benchmarkemail.com\\\/de\\\/?s={search_term_string}\"},\"query-input\":{\"@type\":\"PropertyValueSpecification\",\"valueRequired\":true,\"valueName\":\"search_term_string\"}}],\"inLanguage\":\"en-US\"},{\"@type\":\"Organization\",\"@id\":\"https:\\\/\\\/www.benchmarkemail.com\\\/de\\\/#organization\",\"name\":\"Benchmark Internet Group, LLC\",\"url\":\"https:\\\/\\\/www.benchmarkemail.com\\\/de\\\/\",\"logo\":{\"@type\":\"ImageObject\",\"inLanguage\":\"en-US\",\"@id\":\"https:\\\/\\\/www.benchmarkemail.com\\\/de\\\/#\\\/schema\\\/logo\\\/image\\\/\",\"url\":\"https:\\\/\\\/www.benchmarkemail.com\\\/de\\\/wp-content\\\/uploads\\\/sites\\\/5\\\/2019\\\/09\\\/benchmark-logo.svg\",\"contentUrl\":\"https:\\\/\\\/www.benchmarkemail.com\\\/de\\\/wp-content\\\/uploads\\\/sites\\\/5\\\/2019\\\/09\\\/benchmark-logo.svg\",\"width\":1,\"height\":1,\"caption\":\"Benchmark Internet Group, LLC\"},\"image\":{\"@id\":\"https:\\\/\\\/www.benchmarkemail.com\\\/de\\\/#\\\/schema\\\/logo\\\/image\\\/\"},\"sameAs\":[\"https:\\\/\\\/www.facebook.com\\\/BenchmarkEmail\",\"https:\\\/\\\/x.com\\\/benchmarkemail\",\"https:\\\/\\\/www.instagram.com\\\/benchmarkemail\\\/\",\"https:\\\/\\\/www.linkedin.com\\\/company\\\/benchmark-email\\\/\",\"https:\\\/\\\/www.youtube.com\\\/channel\\\/UCS2asc1Z3ugpfkpnF2_mdbA\"]}]}<\/script>\n<!-- \/ Yoast SEO plugin. -->","yoast_head_json":{"title":"Smart Design: KI f\u00fcr E-Mail designen","description":"Entwerfen Sie in Sekundenschnelle auf Ihre Marke zugeschnittene Vorlagen mit der KI von Benchmark Email f\u00fcr das E-Mail-Marketing - sparen Sie Zeit und unterstreichen Sie Ihre visuelle Identit\u00e4t! \ud83c\udfa8\u2728","robots":{"index":"index","follow":"follow","max-snippet":"max-snippet:-1","max-image-preview":"max-image-preview:large","max-video-preview":"max-video-preview:-1"},"canonical":"https:\/\/www.benchmarkemail.com\/de\/features\/smart-design\/","og_locale":"en_US","og_type":"article","og_title":"Smart Design: KI f\u00fcr E-Mail designen","og_description":"Entwerfen Sie in Sekundenschnelle auf Ihre Marke zugeschnittene Vorlagen mit der KI von Benchmark Email f\u00fcr das E-Mail-Marketing - sparen Sie Zeit und unterstreichen Sie Ihre visuelle Identit\u00e4t! \ud83c\udfa8\u2728","og_url":"https:\/\/www.benchmarkemail.com\/de\/features\/smart-design\/","og_site_name":"Marketing-Blog von Benchmark Email","article_publisher":"https:\/\/www.facebook.com\/BenchmarkEmail","article_modified_time":"2024-03-11T13:35:16+00:00","og_image":[{"url":"https:\/\/www.benchmarkemail.com\/wp-content\/uploads\/2024\/02\/Hero-Image.png","type":"","width":"","height":""}],"twitter_card":"summary_large_image","twitter_site":"@benchmarkemail","twitter_misc":{"Est. reading time":"3 minutes"},"schema":{"@context":"https:\/\/schema.org","@graph":[{"@type":"WebPage","@id":"https:\/\/www.benchmarkemail.com\/de\/features\/smart-design\/","url":"https:\/\/www.benchmarkemail.com\/de\/features\/smart-design\/","name":"Smart Design: KI f\u00fcr E-Mail designen","isPartOf":{"@id":"https:\/\/www.benchmarkemail.com\/de\/#website"},"primaryImageOfPage":{"@id":"https:\/\/www.benchmarkemail.com\/de\/features\/smart-design\/#primaryimage"},"image":{"@id":"https:\/\/www.benchmarkemail.com\/de\/features\/smart-design\/#primaryimage"},"thumbnailUrl":"https:\/\/www.benchmarkemail.com\/wp-content\/uploads\/2024\/02\/Hero-Image.png","datePublished":"2024-03-08T16:50:52+00:00","dateModified":"2024-03-11T13:35:16+00:00","description":"Entwerfen Sie in Sekundenschnelle auf Ihre Marke zugeschnittene Vorlagen mit der KI von Benchmark Email f\u00fcr das E-Mail-Marketing - sparen Sie Zeit und unterstreichen Sie Ihre visuelle Identit\u00e4t! \ud83c\udfa8\u2728","breadcrumb":{"@id":"https:\/\/www.benchmarkemail.com\/de\/features\/smart-design\/#breadcrumb"},"inLanguage":"en-US","potentialAction":[{"@type":"ReadAction","target":["https:\/\/www.benchmarkemail.com\/de\/features\/smart-design\/"]}]},{"@type":"ImageObject","inLanguage":"en-US","@id":"https:\/\/www.benchmarkemail.com\/de\/features\/smart-design\/#primaryimage","url":"https:\/\/www.benchmarkemail.com\/wp-content\/uploads\/2024\/02\/Hero-Image.png","contentUrl":"https:\/\/www.benchmarkemail.com\/wp-content\/uploads\/2024\/02\/Hero-Image.png"},{"@type":"BreadcrumbList","@id":"https:\/\/www.benchmarkemail.com\/de\/features\/smart-design\/#breadcrumb","itemListElement":[{"@type":"ListItem","position":1,"name":"Home","item":"https:\/\/www.benchmarkemail.com\/de\/"},{"@type":"ListItem","position":2,"name":"Features","item":"https:\/\/www.benchmarkemail.com\/de\/features\/"},{"@type":"ListItem","position":3,"name":"Smart Design"}]},{"@type":"WebSite","@id":"https:\/\/www.benchmarkemail.com\/de\/#website","url":"https:\/\/www.benchmarkemail.com\/de\/","name":"Marketing-Blog von Benchmark Email","description":"Digitales Marketing-Tool. Erfahren Sie mehr \u00fcber E-Mail-Marketing, Automatisierung, Lead-Gewinnung und -Pflege, etc.","publisher":{"@id":"https:\/\/www.benchmarkemail.com\/de\/#organization"},"potentialAction":[{"@type":"SearchAction","target":{"@type":"EntryPoint","urlTemplate":"https:\/\/www.benchmarkemail.com\/de\/?s={search_term_string}"},"query-input":{"@type":"PropertyValueSpecification","valueRequired":true,"valueName":"search_term_string"}}],"inLanguage":"en-US"},{"@type":"Organization","@id":"https:\/\/www.benchmarkemail.com\/de\/#organization","name":"Benchmark Internet Group, LLC","url":"https:\/\/www.benchmarkemail.com\/de\/","logo":{"@type":"ImageObject","inLanguage":"en-US","@id":"https:\/\/www.benchmarkemail.com\/de\/#\/schema\/logo\/image\/","url":"https:\/\/www.benchmarkemail.com\/de\/wp-content\/uploads\/sites\/5\/2019\/09\/benchmark-logo.svg","contentUrl":"https:\/\/www.benchmarkemail.com\/de\/wp-content\/uploads\/sites\/5\/2019\/09\/benchmark-logo.svg","width":1,"height":1,"caption":"Benchmark Internet Group, LLC"},"image":{"@id":"https:\/\/www.benchmarkemail.com\/de\/#\/schema\/logo\/image\/"},"sameAs":["https:\/\/www.facebook.com\/BenchmarkEmail","https:\/\/x.com\/benchmarkemail","https:\/\/www.instagram.com\/benchmarkemail\/","https:\/\/www.linkedin.com\/company\/benchmark-email\/","https:\/\/www.youtube.com\/channel\/UCS2asc1Z3ugpfkpnF2_mdbA"]}]}},"_links":{"self":[{"href":"https:\/\/www.benchmarkemail.com\/de\/wp-json\/wp\/v2\/pages\/38076","targetHints":{"allow":["GET"]}}],"collection":[{"href":"https:\/\/www.benchmarkemail.com\/de\/wp-json\/wp\/v2\/pages"}],"about":[{"href":"https:\/\/www.benchmarkemail.com\/de\/wp-json\/wp\/v2\/types\/page"}],"author":[{"embeddable":true,"href":"https:\/\/www.benchmarkemail.com\/de\/wp-json\/wp\/v2\/users\/7"}],"replies":[{"embeddable":true,"href":"https:\/\/www.benchmarkemail.com\/de\/wp-json\/wp\/v2\/comments?post=38076"}],"version-history":[{"count":0,"href":"https:\/\/www.benchmarkemail.com\/de\/wp-json\/wp\/v2\/pages\/38076\/revisions"}],"up":[{"embeddable":true,"href":"https:\/\/www.benchmarkemail.com\/de\/wp-json\/wp\/v2\/pages\/18"}],"wp:attachment":[{"href":"https:\/\/www.benchmarkemail.com\/de\/wp-json\/wp\/v2\/media?parent=38076"}],"curies":[{"name":"wp","href":"https:\/\/api.w.org\/{rel}","templated":true}]}}