{"id":389,"date":"2019-10-07T11:06:04","date_gmt":"2019-10-07T11:06:04","guid":{"rendered":"http:\/\/bme2.flywheelsites.com\/?page_id=389"},"modified":"2023-06-05T14:26:49","modified_gmt":"2023-06-05T14:26:49","slug":"developers","status":"publish","type":"page","link":"https:\/\/www.benchmarkemail.com\/de\/developers\/","title":{"rendered":"Developers"},"content":{"rendered":"\n\n\t\t\t\t<img decoding=\"async\" src=\"https:\/\/www.benchmarkemail.com\/de\/wp-content\/uploads\/sites\/5\/2023\/05\/Developersicon.svg\" alt=\"Developersicon.svg\" itemprop=\"image\" title=\"Developersicon.svg\" onerror=\"this.style.display='none'\"  \/>\n\t<p>Benchmark Email Entwickler<\/p>\n<h2>\n\t\tSparen Sie Zeit mit unseren robusten RESTful APIs\n\t<\/h2>\n<h6>\n\t\tUnsere RESTful API bietet Ihnen die Skalierbarkeit und die Methoden, die Sie ben\u00f6tigen, um mit einem der weltweit f\u00fchrenden E-Mail-Marketing-Services zu arbeiten, zu integrieren und Ihre Ideen einfach und unkompliziert in die Tat umzusetzen.\n\t<\/h6>\n\t\t\t<a href=\"https:\/\/developer.benchmarkemail.com\/\" target=\"_self\" rel=\"noopener\">\n\t\t\t\t\t\t\tLERNEN SIE UNSERE API KENNEN!\n\t\t\t\t\t<\/a>\n\t<p><img decoding=\"async\" src=\"https:\/\/www.benchmarkemail.com\/images\/developers\/Postmanlogo.svg\" alt=\"\" width=\"25px\" \/>\u00a0 \u00a0 WIR ARBEITEN MIT POSTMAN<\/p>\n\t\t\t\t<img decoding=\"async\" src=\"https:\/\/www.benchmarkemail.com\/de\/wp-content\/uploads\/sites\/5\/2023\/05\/1api-1.png\" alt=\"1api (1)\" itemprop=\"image\" title=\"1api (1)\" onerror=\"this.style.display='none'\"  \/>\n<h2>\n\t\tBekommen Sie Ihren API-Schl\u00fcssel von Benchmark. \n\t<\/h2>\n\t\t\t\t<img decoding=\"async\" src=\"https:\/\/www.benchmarkemail.com\/de\/wp-content\/uploads\/sites\/5\/2023\/05\/2api-1.png\" alt=\"2api (1)\" itemprop=\"image\" title=\"2api (1)\" onerror=\"this.style.display='none'\"  \/>\n<h2>\n\t\tMelden Sie sich kostenlos bei Postman an. \n\t<\/h2>\n\t\t\t\t<img decoding=\"async\" src=\"https:\/\/www.benchmarkemail.com\/de\/wp-content\/uploads\/sites\/5\/2023\/05\/3api-1.png\" alt=\"3api (1)\" itemprop=\"image\" title=\"3api (1)\" onerror=\"this.style.display='none'\"  \/>\n<h2>\n\t\tBeginnen Sie zu kreieren.\n\t<\/h2>\n<h2>\n\t\tEntwickler auf der ganzen Welt haben ihre Dienste mit uns \u00fcber unsere API verkn\u00fcpft.\n\t<\/h2>\n<h6>\n\t\tUnsere Premium-Kunden suchen st\u00e4ndig nach M\u00f6glichkeiten, Zeit zu sparen und die Verwaltung ihrer Kontaktlisten und Aktivit\u00e4ten zu verbessern.\n\t<\/h6>\n\t\t\t<img decoding=\"async\" loading='false' src=\"https:\/\/www.benchmarkemail.com\/de\/wp-content\/uploads\/sites\/5\/2023\/05\/Laura-lee@2x-compressor-300x300-1.png\" alt=\"\" \/>\t\t\t\n\t\t\t\t<img decoding=\"async\" src=\"https:\/\/www.benchmarkemail.com\/wp-content\/uploads\/2020\/03\/piesynclogo.svg\" alt=\"\" width=\"150\" data-wp-editing=\"1\" \/><br \/>\n&#8220;K\u00fcrzlich hat Benchmark eine neue REST-API eingef\u00fchrt. Diese API war f\u00fcr uns viel besser geeignet als die urspr\u00fcngliche. Auch die dazugeh\u00f6rige Dokumentation war ziemlich klar. Wir hatten noch einige Fragen und das Team von Benchmark war sehr hilfreich und sogar bereit, einige Verbesserungen f\u00fcr uns vorzunehmen. Wir sind rundum zufrieden \u00fcber die Zusammenarbeit der letzten Monate. &#8221;\n<p><strong>Laura Lee Schultz<\/strong><\/p>\n<p>Head of Partner Marketing<\/p>\n<img decoding=\"async\" loading='false' src=\"https:\/\/www.benchmarkemail.com\/de\/wp-content\/uploads\/sites\/5\/2023\/05\/Laura-lee@2x-compressor-300x300-1.png\" alt=\"\" \/>\t\t\t\n\t\t\t<img decoding=\"async\" loading='false' src=\"https:\/\/www.benchmarkemail.com\/de\/wp-content\/uploads\/sites\/5\/2023\/05\/Nina-Delacruz_1@2x-compressor-300x300-1.png\" alt=\"\" \/>\t\t\t\n\t\t\t\t<img decoding=\"async\" src=\"https:\/\/www.benchmarkemail.com\/wp-content\/uploads\/2020\/03\/getsitecontrollogo.svg\" alt=\"\" width=\"150\" data-wp-editing=\"1\" \/><br \/>\n&#8220;Die API-Schnittstelle von Benchmark ist gro\u00dfartig: klar und intuitiv. Sie ist tats\u00e4chlich viel besser als viele andere, mit denen wir gearbeitet haben. Die Verkn\u00fcpfung verlief reibungslos und funktioniert wie geschmiert.&#8221;\n<p><strong>Nina Delacruz<\/strong><\/p>\n<p>Inbound-Marketingberater<\/p>\n<img decoding=\"async\" loading='false' src=\"https:\/\/www.benchmarkemail.com\/de\/wp-content\/uploads\/sites\/5\/2023\/05\/Nina-Delacruz_1@2x-compressor-300x300-1.png\" alt=\"\" \/>\t\t\t\n\t\t\t<img decoding=\"async\" loading='false' src=\"https:\/\/www.benchmarkemail.com\/de\/wp-content\/uploads\/sites\/5\/2023\/05\/Sean-Conklin@2x-compressor-300x300-1.png\" alt=\"\" \/>\t\t\t\n\t\t\t\t<img decoding=\"async\" src=\"https:\/\/www.benchmarkemail.com\/wp-content\/uploads\/2020\/03\/codedcommercelogo.svg\" alt=\"\" width=\"150\" data-wp-editing=\"1\" \/><br \/>\n&#8220;Wir haben k\u00fcrzlich die REST-API von Benchmark Email f\u00fcr unser Integrations-Projekt des Plugins von WooCommerce verwendet. Wir benutzten diese API zum Suchen\/Hinzuf\u00fcgen von Kontaktlisten und zum Suchen\/Hinzuf\u00fcgen\/Aktualisieren\/Entfernen von Kontakten in einer Liste, und alles lief ohne Probleme. Vielen Dank an das Team von Benchmark, f\u00fcr seine Unterst\u00fctzung an App-Entwickler!&#8221;\n<p><strong>Sean Conklin<\/strong><\/p>\n<p>Gr\u00fcnder von Coded Commerce<\/p>\n<p>&nbsp;<\/p>\n<img decoding=\"async\" loading='false' src=\"https:\/\/www.benchmarkemail.com\/de\/wp-content\/uploads\/sites\/5\/2023\/05\/Sean-Conklin@2x-compressor-300x300-1.png\" alt=\"\" \/>\t\t\t\n\t<p><img decoding=\"async\" src=\"https:\/\/www.benchmarkemail.com\/de\/wp-content\/uploads\/sites\/5\/2023\/05\/Integrationpartnerlogos.svg\" alt=\"\" width=\"\" \/><\/p>\n\t\t\t<a href=\"https:\/\/developer.benchmarkemail.com\" target=\"_self\" rel=\"noopener\">\n\t\t\t\t\t\t\tERKUNDE UNSERE API\n\t\t\t\t\t<\/a>\n<h2>\n\t\t<a href=\"\/de\/features\/integrations\" title=\"ALLE UNSERE INTEGRATIONS-PARTNER\" target=\"_self\" rel=\"noopener\">\n\t\tALLE UNSERE INTEGRATIONS-PARTNER\n\t\t<\/a>\n\t<\/h2>\n<h2>\n\t\tBen\u00f6tigen Sie eine Verkn\u00fcpfung, die wir noch nicht anbieten?\n\t<\/h2>\n<h6>\n\t\tMit den RESTful-APIs von Benchmark k\u00f6nnen Sie Ihre eigenen Integrationen erstellen und 25% Provision auf alle Verweise erhalten.\n\t<\/h6>\n\t\t\t\t<img decoding=\"async\" src=\"https:\/\/www.benchmarkemail.com\/de\/wp-content\/uploads\/sites\/5\/2023\/05\/wordpress-automation.png\" alt=\"wordpress-automation\" itemprop=\"image\" title=\"wordpress-automation\" onerror=\"this.style.display='none'\"  \/>\n<h2>\n\t\t  beAutomated hat ein WordPress-Plugin entwickelt, das direkt von Ihrer WordPress-Website eine E-Mail-Liste erstellt und Ihren Abonnenten blitzschnell E-Mail-Versionen Ihrer Artikel und Seiten sendet. In Ihrem WordPress-Dashboard k\u00f6nnen sie live mitverfolgen, wer Ihre E-Mails wann und wo \u00f6ffnet, auf Links klickt oder sich abmeldet.\n\t<\/h2>\n\t\t\t<a href=\"\/de\/contact\" target=\"_self\" rel=\"noopener\">\n\t\t\t\t\t\t\tSetzen Sie sich mit uns in Verbindung!\n\t\t\t\t\t<\/a>\n\t<section class=\"form-ext ext-developers\">\r\n  <div class=\"row\" bis_skin_checked=\"1\">\r\n    <div class=\"medium-12 columns center\" bis_skin_checked=\"1\">\r\n      <h2 class=\"h2style\">Beginnen Sie noch heute mit der Kreation Ihrer Anwendungen! <\/h2>\r\n      <h6 class=\"h6style\">Senden Sie uns eine Nachricht und unserer engagierter API-Kundendienst wird sich mit Ihnen in Verbindung setzen.<\/h6>\r\n    <\/div>\r\n    <div class=\"form medium-10 columns medium-centered\" bis_skin_checked=\"1\">\r\n    <form id=\"developer_signup\">\r\n      <fieldset class=\"medium-4 columns\">\r\n        <p>Name<\/p>\r\n        <input name=\"name\" type=\"text\" maxlength=\"100\" id=\"name\" \/>\r\n        <br>\r\n        <span id=\"ContentPlaceHolder1_lblNameErr\"><\/span>\r\n      <\/fieldset>\r\n      <fieldset class=\"medium-4 columns\">\r\n        <p>E-Mail-Adresse<\/p>\r\n        <input name=\"formemail\" type=\"text\" maxlength=\"100\" id=\"formemail\" \/>\r\n        <br>\r\n        <span id=\"ContentPlaceHolder1_lblEmailErr\"><\/span>\r\n      <\/fieldset>\r\n      <fieldset class=\"medium-4 columns\">\r\n        <p>Telefon<\/p>\r\n        <input name=\"telephone\" type=\"text\" maxlength=\"100\" id=\"telephone\" \/>\r\n        <br>\r\n        <span id=\"ContentPlaceHolder1_lblPhoneErr\"><\/span>\r\n      <\/fieldset>\r\n      <fieldset class=\"medium-12 columns\">\r\n        <p>Kommentare<\/p>\r\n        <textarea name=\"comments\" rows=\"3\" id=\"comments\" ><\/textarea>\r\n        <br>\r\n        <span id=\"ContentPlaceHolder1_lblCommentErr\"><\/span>\r\n      <\/fieldset>\r\n      <br>\r\n      <div class=\"medium-12 columns\" bis_skin_checked=\"1\"> <!--<a onclick=\"return Submitform();\" id=\"ContentPlaceHolder1_btnRegister\" class=\"sumbit blue medium2 center\" href=\"javascript:void(0)\">SUBMIT<\/a>--> <input class=\"sumbit blue medium2 center\" type=\"submit\" name=\"submit\" value=\"Senden\"> <\/div>\r\n      <\/form>\r\n      <div class=\"medium-12 columns\" id=\"success_mesg\" bis_skin_checked=\"1\"><\/div>\r\n    <\/div>\r\n  <\/div>\r\n<\/section>\r\n\n\t<h2>Beginnen Sie noch heute mit der Kreation Ihrer Anwendungen! <\/h2>\n<p>Keine Kreditkarte erforderlich<\/p>\n\t<style>\n.signup-form-wrap input.form-text-field {\n    box-shadow: none;\n    height: auto;\n    border: 1px solid \n#e6e6e8;\nborder-radius: 3px;\nfont-size: 1rem;\n-webkit-box-shadow: 0 0 0 1000px\n    #fff inset;\n    color: #666872;\n    height: 42px;\n}\n.signup-form-wrap #frm_submit_new {\n    font-size: .8rem;\n    font-weight: 600;\n    text-transform: uppercase;\n    background-color: \n#4e5ff9;\nletter-spacing: 1px;\ncolor: #4e5ff9;\ncolor:\n    #fff;\n    border: none;\n    height: 42px;\n}\n<\/style>\n            <input type=\"text\" placeholder=\"Vorname\" id=\"frm_first_name\"\/>\n            <input type=\"text\" placeholder=\"Nachname\" id=\"frm_last_name\"\/>\n            <input type=\"text\" placeholder=\"E-Mail-Adresse\" id=\"frm_email_new\"\/>\n            <input type=\"button\" value=\"Kostenloser Plan\" id=\"frm_submit_new\"\/>\n\n","protected":false},"excerpt":{"rendered":"<p>Benchmark Email Entwickler Sparen Sie Zeit mit unseren robusten RESTful APIs Unsere RESTful API bietet Ihnen die Skalierbarkeit und die Methoden, die Sie ben\u00f6tigen, um mit einem der weltweit f\u00fchrenden E-Mail-Marketing-Services zu arbeiten, zu integrieren und Ihre Ideen einfach und unkompliziert in die Tat umzusetzen. LERNEN SIE UNSERE API KENNEN! \u00a0 \u00a0 WIR ARBEITEN MIT&hellip;<\/p>\n","protected":false},"author":7,"featured_media":0,"parent":0,"menu_order":0,"comment_status":"closed","ping_status":"closed","template":"","meta":{"inline_featured_image":false,"footnotes":""},"class_list":["post-389","page","type-page","status-publish","hentry"],"yoast_head":"<!-- This site is optimized with the Yoast SEO plugin v27.5 - https:\/\/yoast.com\/product\/yoast-seo-wordpress\/ -->\n<title>Developers - Benchmark Email<\/title>\n<meta name=\"robots\" content=\"index, follow, max-snippet:-1, max-image-preview:large, max-video-preview:-1\" \/>\n<link rel=\"canonical\" href=\"https:\/\/www.benchmarkemail.com\/de\/developers\/\" \/>\n<meta property=\"og:locale\" content=\"en_US\" \/>\n<meta property=\"og:type\" content=\"article\" \/>\n<meta property=\"og:title\" content=\"Developers - Benchmark Email\" \/>\n<meta property=\"og:description\" content=\"Benchmark Email Entwickler Sparen Sie Zeit mit unseren robusten RESTful APIs Unsere RESTful API bietet Ihnen die Skalierbarkeit und die Methoden, die Sie ben\u00f6tigen, um mit einem der weltweit f\u00fchrenden E-Mail-Marketing-Services zu arbeiten, zu integrieren und Ihre Ideen einfach und unkompliziert in die Tat umzusetzen. LERNEN SIE UNSERE API KENNEN! \u00a0 \u00a0 WIR ARBEITEN MIT&hellip;\" \/>\n<meta property=\"og:url\" content=\"https:\/\/www.benchmarkemail.com\/de\/developers\/\" \/>\n<meta property=\"og:site_name\" content=\"Marketing-Blog von Benchmark Email\" \/>\n<meta property=\"article:publisher\" content=\"https:\/\/www.facebook.com\/BenchmarkEmail\" \/>\n<meta property=\"article:modified_time\" content=\"2023-06-05T14:26:49+00:00\" \/>\n<meta property=\"og:image\" content=\"https:\/\/www.benchmarkemail.com\/de\/wp-content\/uploads\/sites\/5\/2023\/05\/Developersicon.svg\" \/>\n<meta name=\"twitter:card\" content=\"summary_large_image\" \/>\n<meta name=\"twitter:site\" content=\"@benchmarkemail\" \/>\n<meta name=\"twitter:label1\" content=\"Est. reading time\" \/>\n\t<meta name=\"twitter:data1\" content=\"2 minutes\" \/>\n<script type=\"application\/ld+json\" class=\"yoast-schema-graph\">{\"@context\":\"https:\\\/\\\/schema.org\",\"@graph\":[{\"@type\":\"WebPage\",\"@id\":\"https:\\\/\\\/www.benchmarkemail.com\\\/de\\\/developers\\\/\",\"url\":\"https:\\\/\\\/www.benchmarkemail.com\\\/de\\\/developers\\\/\",\"name\":\"Developers - Benchmark Email\",\"isPartOf\":{\"@id\":\"https:\\\/\\\/www.benchmarkemail.com\\\/de\\\/#website\"},\"primaryImageOfPage\":{\"@id\":\"https:\\\/\\\/www.benchmarkemail.com\\\/de\\\/developers\\\/#primaryimage\"},\"image\":{\"@id\":\"https:\\\/\\\/www.benchmarkemail.com\\\/de\\\/developers\\\/#primaryimage\"},\"thumbnailUrl\":\"https:\\\/\\\/www.benchmarkemail.com\\\/de\\\/wp-content\\\/uploads\\\/sites\\\/5\\\/2023\\\/05\\\/Developersicon.svg\",\"datePublished\":\"2019-10-07T11:06:04+00:00\",\"dateModified\":\"2023-06-05T14:26:49+00:00\",\"breadcrumb\":{\"@id\":\"https:\\\/\\\/www.benchmarkemail.com\\\/de\\\/developers\\\/#breadcrumb\"},\"inLanguage\":\"en-US\",\"potentialAction\":[{\"@type\":\"ReadAction\",\"target\":[\"https:\\\/\\\/www.benchmarkemail.com\\\/de\\\/developers\\\/\"]}]},{\"@type\":\"ImageObject\",\"inLanguage\":\"en-US\",\"@id\":\"https:\\\/\\\/www.benchmarkemail.com\\\/de\\\/developers\\\/#primaryimage\",\"url\":\"https:\\\/\\\/www.benchmarkemail.com\\\/de\\\/wp-content\\\/uploads\\\/sites\\\/5\\\/2023\\\/05\\\/Developersicon.svg\",\"contentUrl\":\"https:\\\/\\\/www.benchmarkemail.com\\\/de\\\/wp-content\\\/uploads\\\/sites\\\/5\\\/2023\\\/05\\\/Developersicon.svg\"},{\"@type\":\"BreadcrumbList\",\"@id\":\"https:\\\/\\\/www.benchmarkemail.com\\\/de\\\/developers\\\/#breadcrumb\",\"itemListElement\":[{\"@type\":\"ListItem\",\"position\":1,\"name\":\"Home\",\"item\":\"https:\\\/\\\/www.benchmarkemail.com\\\/de\\\/\"},{\"@type\":\"ListItem\",\"position\":2,\"name\":\"Developers\"}]},{\"@type\":\"WebSite\",\"@id\":\"https:\\\/\\\/www.benchmarkemail.com\\\/de\\\/#website\",\"url\":\"https:\\\/\\\/www.benchmarkemail.com\\\/de\\\/\",\"name\":\"Marketing-Blog von Benchmark Email\",\"description\":\"Digitales Marketing-Tool. Erfahren Sie mehr \u00fcber E-Mail-Marketing, Automatisierung, Lead-Gewinnung und -Pflege, etc.\",\"publisher\":{\"@id\":\"https:\\\/\\\/www.benchmarkemail.com\\\/de\\\/#organization\"},\"potentialAction\":[{\"@type\":\"SearchAction\",\"target\":{\"@type\":\"EntryPoint\",\"urlTemplate\":\"https:\\\/\\\/www.benchmarkemail.com\\\/de\\\/?s={search_term_string}\"},\"query-input\":{\"@type\":\"PropertyValueSpecification\",\"valueRequired\":true,\"valueName\":\"search_term_string\"}}],\"inLanguage\":\"en-US\"},{\"@type\":\"Organization\",\"@id\":\"https:\\\/\\\/www.benchmarkemail.com\\\/de\\\/#organization\",\"name\":\"Benchmark Internet Group, LLC\",\"url\":\"https:\\\/\\\/www.benchmarkemail.com\\\/de\\\/\",\"logo\":{\"@type\":\"ImageObject\",\"inLanguage\":\"en-US\",\"@id\":\"https:\\\/\\\/www.benchmarkemail.com\\\/de\\\/#\\\/schema\\\/logo\\\/image\\\/\",\"url\":\"https:\\\/\\\/www.benchmarkemail.com\\\/de\\\/wp-content\\\/uploads\\\/sites\\\/5\\\/2019\\\/09\\\/benchmark-logo.svg\",\"contentUrl\":\"https:\\\/\\\/www.benchmarkemail.com\\\/de\\\/wp-content\\\/uploads\\\/sites\\\/5\\\/2019\\\/09\\\/benchmark-logo.svg\",\"width\":1,\"height\":1,\"caption\":\"Benchmark Internet Group, LLC\"},\"image\":{\"@id\":\"https:\\\/\\\/www.benchmarkemail.com\\\/de\\\/#\\\/schema\\\/logo\\\/image\\\/\"},\"sameAs\":[\"https:\\\/\\\/www.facebook.com\\\/BenchmarkEmail\",\"https:\\\/\\\/x.com\\\/benchmarkemail\",\"https:\\\/\\\/www.instagram.com\\\/benchmarkemail\\\/\",\"https:\\\/\\\/www.linkedin.com\\\/company\\\/benchmark-email\\\/\",\"https:\\\/\\\/www.youtube.com\\\/channel\\\/UCS2asc1Z3ugpfkpnF2_mdbA\"]}]}<\/script>\n<!-- \/ Yoast SEO plugin. -->","yoast_head_json":{"title":"Developers - Benchmark Email","robots":{"index":"index","follow":"follow","max-snippet":"max-snippet:-1","max-image-preview":"max-image-preview:large","max-video-preview":"max-video-preview:-1"},"canonical":"https:\/\/www.benchmarkemail.com\/de\/developers\/","og_locale":"en_US","og_type":"article","og_title":"Developers - Benchmark Email","og_description":"Benchmark Email Entwickler Sparen Sie Zeit mit unseren robusten RESTful APIs Unsere RESTful API bietet Ihnen die Skalierbarkeit und die Methoden, die Sie ben\u00f6tigen, um mit einem der weltweit f\u00fchrenden E-Mail-Marketing-Services zu arbeiten, zu integrieren und Ihre Ideen einfach und unkompliziert in die Tat umzusetzen. LERNEN SIE UNSERE API KENNEN! \u00a0 \u00a0 WIR ARBEITEN MIT&hellip;","og_url":"https:\/\/www.benchmarkemail.com\/de\/developers\/","og_site_name":"Marketing-Blog von Benchmark Email","article_publisher":"https:\/\/www.facebook.com\/BenchmarkEmail","article_modified_time":"2023-06-05T14:26:49+00:00","og_image":[{"url":"https:\/\/www.benchmarkemail.com\/de\/wp-content\/uploads\/sites\/5\/2023\/05\/Developersicon.svg","type":"","width":"","height":""}],"twitter_card":"summary_large_image","twitter_site":"@benchmarkemail","twitter_misc":{"Est. reading time":"2 minutes"},"schema":{"@context":"https:\/\/schema.org","@graph":[{"@type":"WebPage","@id":"https:\/\/www.benchmarkemail.com\/de\/developers\/","url":"https:\/\/www.benchmarkemail.com\/de\/developers\/","name":"Developers - Benchmark Email","isPartOf":{"@id":"https:\/\/www.benchmarkemail.com\/de\/#website"},"primaryImageOfPage":{"@id":"https:\/\/www.benchmarkemail.com\/de\/developers\/#primaryimage"},"image":{"@id":"https:\/\/www.benchmarkemail.com\/de\/developers\/#primaryimage"},"thumbnailUrl":"https:\/\/www.benchmarkemail.com\/de\/wp-content\/uploads\/sites\/5\/2023\/05\/Developersicon.svg","datePublished":"2019-10-07T11:06:04+00:00","dateModified":"2023-06-05T14:26:49+00:00","breadcrumb":{"@id":"https:\/\/www.benchmarkemail.com\/de\/developers\/#breadcrumb"},"inLanguage":"en-US","potentialAction":[{"@type":"ReadAction","target":["https:\/\/www.benchmarkemail.com\/de\/developers\/"]}]},{"@type":"ImageObject","inLanguage":"en-US","@id":"https:\/\/www.benchmarkemail.com\/de\/developers\/#primaryimage","url":"https:\/\/www.benchmarkemail.com\/de\/wp-content\/uploads\/sites\/5\/2023\/05\/Developersicon.svg","contentUrl":"https:\/\/www.benchmarkemail.com\/de\/wp-content\/uploads\/sites\/5\/2023\/05\/Developersicon.svg"},{"@type":"BreadcrumbList","@id":"https:\/\/www.benchmarkemail.com\/de\/developers\/#breadcrumb","itemListElement":[{"@type":"ListItem","position":1,"name":"Home","item":"https:\/\/www.benchmarkemail.com\/de\/"},{"@type":"ListItem","position":2,"name":"Developers"}]},{"@type":"WebSite","@id":"https:\/\/www.benchmarkemail.com\/de\/#website","url":"https:\/\/www.benchmarkemail.com\/de\/","name":"Marketing-Blog von Benchmark Email","description":"Digitales Marketing-Tool. Erfahren Sie mehr \u00fcber E-Mail-Marketing, Automatisierung, Lead-Gewinnung und -Pflege, etc.","publisher":{"@id":"https:\/\/www.benchmarkemail.com\/de\/#organization"},"potentialAction":[{"@type":"SearchAction","target":{"@type":"EntryPoint","urlTemplate":"https:\/\/www.benchmarkemail.com\/de\/?s={search_term_string}"},"query-input":{"@type":"PropertyValueSpecification","valueRequired":true,"valueName":"search_term_string"}}],"inLanguage":"en-US"},{"@type":"Organization","@id":"https:\/\/www.benchmarkemail.com\/de\/#organization","name":"Benchmark Internet Group, LLC","url":"https:\/\/www.benchmarkemail.com\/de\/","logo":{"@type":"ImageObject","inLanguage":"en-US","@id":"https:\/\/www.benchmarkemail.com\/de\/#\/schema\/logo\/image\/","url":"https:\/\/www.benchmarkemail.com\/de\/wp-content\/uploads\/sites\/5\/2019\/09\/benchmark-logo.svg","contentUrl":"https:\/\/www.benchmarkemail.com\/de\/wp-content\/uploads\/sites\/5\/2019\/09\/benchmark-logo.svg","width":1,"height":1,"caption":"Benchmark Internet Group, LLC"},"image":{"@id":"https:\/\/www.benchmarkemail.com\/de\/#\/schema\/logo\/image\/"},"sameAs":["https:\/\/www.facebook.com\/BenchmarkEmail","https:\/\/x.com\/benchmarkemail","https:\/\/www.instagram.com\/benchmarkemail\/","https:\/\/www.linkedin.com\/company\/benchmark-email\/","https:\/\/www.youtube.com\/channel\/UCS2asc1Z3ugpfkpnF2_mdbA"]}]}},"_links":{"self":[{"href":"https:\/\/www.benchmarkemail.com\/de\/wp-json\/wp\/v2\/pages\/389","targetHints":{"allow":["GET"]}}],"collection":[{"href":"https:\/\/www.benchmarkemail.com\/de\/wp-json\/wp\/v2\/pages"}],"about":[{"href":"https:\/\/www.benchmarkemail.com\/de\/wp-json\/wp\/v2\/types\/page"}],"author":[{"embeddable":true,"href":"https:\/\/www.benchmarkemail.com\/de\/wp-json\/wp\/v2\/users\/7"}],"replies":[{"embeddable":true,"href":"https:\/\/www.benchmarkemail.com\/de\/wp-json\/wp\/v2\/comments?post=389"}],"version-history":[{"count":0,"href":"https:\/\/www.benchmarkemail.com\/de\/wp-json\/wp\/v2\/pages\/389\/revisions"}],"wp:attachment":[{"href":"https:\/\/www.benchmarkemail.com\/de\/wp-json\/wp\/v2\/media?parent=389"}],"curies":[{"name":"wp","href":"https:\/\/api.w.org\/{rel}","templated":true}]}}