{"id":39127,"date":"2024-09-09T12:40:43","date_gmt":"2024-09-09T12:40:43","guid":{"rendered":"https:\/\/www.benchmarkemail.com\/de\/?page_id=39127"},"modified":"2024-09-11T10:16:21","modified_gmt":"2024-09-11T10:16:21","slug":"email-subject-line-generator","status":"publish","type":"page","link":"https:\/\/www.benchmarkemail.com\/de\/email-subject-line-generator\/","title":{"rendered":"Free Email Subject Line Generator (AI-powered)"},"content":{"rendered":"\n\n\t\t\t<a href=\"\" target=\"_self\" rel=\"noopener\">\n\t\t\t\t\t\t\t<img decoding=\"async\" role=\"img\" draggable=\"false\" src=\"https:\/\/s.w.org\/images\/core\/emoji\/15.0.3\/svg\/2728.svg\" alt=\"\u2728\" \/> Kostenloser E-Mail Betreffzeilen-Generator\n\t\t\t\t\t<\/a>\n<h1>\n\t\tWie Sie Ihre E-Mails ge\u00f6ffnet bekommen\n\t<\/h1>\n\t<p>Erstellen Sie im Handumdrehen personalisierte Betreffzeilen, die sich abheben. Kopieren Sie Ihre E-Mail-Kopie und f\u00fcgen Sie sie in den Betreffzeilen-Generator ein. Klicken Sie dann auf Betreffzeilen generieren, um eine Liste von Betreffzeilen zu erhalten, mit denen Sie Ihre E-Mail einleiten k\u00f6nnen.<\/p>\n\t<div class='mwai-chatbot-container' data-params='{&quot;aiName&quot;:&quot;Subject Lines:&quot;,&quot;userName&quot;:&quot;User: &quot;,&quot;guestName&quot;:&quot;You:&quot;,&quot;textSend&quot;:&quot;Betreffzeilen generieren&quot;,&quot;textClear&quot;:&quot;Clear&quot;,&quot;imageUpload&quot;:false,&quot;fileUpload&quot;:false,&quot;multiUpload&quot;:false,&quot;maxUploads&quot;:1,&quot;fileUploads&quot;:0,&quot;mode&quot;:&quot;chat&quot;,&quot;textInputPlaceholder&quot;:&quot;Geben Sie hier Ihren E-Mail-Text, Ihre Ideen oder Keywords ein...&quot;,&quot;textInputMaxLength&quot;:512,&quot;textCompliance&quot;:&quot;&quot;,&quot;startSentence&quot;:&quot;&quot;,&quot;localMemory&quot;:true,&quot;themeId&quot;:&quot;chatgpt&quot;,&quot;window&quot;:false,&quot;icon&quot;:&quot;&quot;,&quot;iconText&quot;:&quot;&quot;,&quot;iconTextDelay&quot;:1,&quot;iconAlt&quot;:&quot;AI Engine Chatbot&quot;,&quot;iconPosition&quot;:&quot;bottom-right&quot;,&quot;centerOpen&quot;:false,&quot;width&quot;:&quot;&quot;,&quot;openDelay&quot;:&quot;&quot;,&quot;iconBubble&quot;:false,&quot;windowAnimation&quot;:&quot;zoom&quot;,&quot;fullscreen&quot;:false,&quot;copyButton&quot;:false,&quot;pdfButton&quot;:true,&quot;headerSubtitle&quot;:&quot;Discuss with&quot;,&quot;containerType&quot;:&quot;standard&quot;,&quot;headerType&quot;:&quot;standard&quot;,&quot;messagesType&quot;:&quot;standard&quot;,&quot;inputType&quot;:&quot;standard&quot;,&quot;footerType&quot;:&quot;standard&quot;}' data-system='{&quot;botId&quot;:&quot;subject-line-generator-de&quot;,&quot;customId&quot;:null,&quot;userData&quot;:null,&quot;sessionId&quot;:&quot;69f9ee3054503&quot;,&quot;restNonce&quot;:null,&quot;contextId&quot;:null,&quot;pluginUrl&quot;:&quot;https:\\\/\\\/www.benchmarkemail.com\\\/de\\\/wp-content\\\/plugins\\\/ai-engine&quot;,&quot;restUrl&quot;:&quot;https:\\\/\\\/www.benchmarkemail.com\\\/de\\\/wp-json&quot;,&quot;stream&quot;:false,&quot;debugMode&quot;:false,&quot;eventLogs&quot;:false,&quot;speech_recognition&quot;:false,&quot;speech_synthesis&quot;:false,&quot;typewriter&quot;:false,&quot;crossSite&quot;:false,&quot;actions&quot;:[],&quot;blocks&quot;:[],&quot;shortcuts&quot;:[]}' data-theme='{&quot;type&quot;:&quot;internal&quot;,&quot;name&quot;:&quot;ChatGPT&quot;,&quot;themeId&quot;:&quot;chatgpt&quot;,&quot;settings&quot;:[],&quot;style&quot;:&quot;&quot;,&quot;cssUrl&quot;:&quot;https:\\\/\\\/www.benchmarkemail.com\\\/de\\\/wp-content\\\/plugins\\\/ai-engine\\\/themes\\\/chatgpt.css&quot;}'><\/div>\n\t<p><a href=\"#data_a\" target=\"_blank\" rel=\"noopener\">Mehr erfahren<\/a><\/p>\n<h1>\n\t\tWie man Betreffzeilen schreibt, die funktionieren\n\t<\/h1>\n\t<p><a href=\"https:\/\/www.benchmarkemail.com\/de\/blog\/betreffzeile-email-steigerung-offnungsrate\/\">De Betreffzeile Ihrer E-mail<\/a> E-Mail ist das Tor zu Ihrer gesamten<a href=\"https:\/\/www.benchmarkemail.com\/de\/blog\/mailing-beispiele\/\">E-Mail-Kampagne<\/a>. Sie ist das erste, was Ihre Empf\u00e4nger sehen und entscheidet dar\u00fcber, ob sie dranbleiben oder weiterscrollen werden. Studien haben ergeben, dass<a href=\"https:\/\/www.zippia.com\/advice\/email-subject-line-statistics\/\"> 47 % der Empf\u00e4nger <\/a>allein aufgrund der Betreffzeile entscheiden, ob sie eine E-Mail \u00fcberhaupt \u00f6ffnen. Das ist eine Menge Druck f\u00fcr nur ein paar Worte!<\/p>\n<p>Es ist eine Kunst und eine Wissenschaft, die perfekte Betreffzeile f\u00fcr eine E-Mail zu entwerfen. Es erfordert ein tiefes Verst\u00e4ndnis Ihrer Zielgruppe, ein H\u00e4ndchen f\u00fcr Kreativit\u00e4t und die F\u00e4higkeit, eine \u00fcberzeugende Botschaft auf kleinstem Raum zu vermitteln. Einerseits muss Ihre Betreffzeile Aufmerksamkeit erregen und so interessant sein, dass sie in einem \u00fcberf\u00fcllten Posteingang hervorsticht. Andererseits muss sie aber auch relevant und transparent sein und den Inhalt der E-Mail widerspiegeln.<\/p>\n<p>Aber hier ist der Haken: Was f\u00fcr die eine Zielgruppe funktioniert, muss f\u00fcr eine andere nicht funktionieren. Trends, Branchennormen und sogar die Tageszeit, zu der Sie Ihre E-Mail senden, k\u00f6nnen Einfluss darauf haben, was eine Betreffzeile erfolgreich macht. Hinzu kommt noch die Herausforderung, Spam-Filter zu umgehen. Kein Wunder, dass so viele Marketingexperten das Erstellen von Betreffzeilen als eine der gr\u00f6\u00dften Herausforderungen im E-Mail-Marketing betrachten!<\/p>\n<p>Hier kommt unser Generator f\u00fcr E-Mail-Betreffzeilen ins Spiel. Er wurde entwickelt, um Ihnen das R\u00e4tselraten bei der Erstellung von Betreffzeilen zu ersparen, indem er Ihnen ma\u00dfgeschneiderte Vorschl\u00e4ge auf der Grundlage Ihrer spezifischen Bed\u00fcrfnisse und Ziele macht. Ob Sie nun Kreativit\u00e4t, Dringlichkeit oder Klarheit anstreben, unser Generator hilft Ihnen, die richtigen Worte zu finden, damit Ihre E-Mails nicht ignoriert werden k\u00f6nnen.<\/p>\n<h1>\n\t\tErhalten Sie weitere intelligente Tools<br \/> zum Erstellen von E-Mails und Betreffzeilen.\n\t<\/h1>\n\t<p>Registrieren Sie sich f\u00fcr ein kostenloses Benchmark Email Konto<\/p>\n\t\t\t<a href=\"https:\/\/ui.benchmarkemail.com\/de\/register\" target=\"_self\" rel=\"noopener\">\n\t\t\t\t\t\t\tJetzt starten \n\t\t\t\t\t<\/a>\n\t<p><strong>Recent Posts<\/strong>:<\/p>\n\n","protected":false},"excerpt":{"rendered":"<p>Kostenloser E-Mail Betreffzeilen-Generator Wie Sie Ihre E-Mails ge\u00f6ffnet bekommen Erstellen Sie im Handumdrehen personalisierte Betreffzeilen, die sich abheben. Kopieren Sie Ihre E-Mail-Kopie und f\u00fcgen Sie sie in den Betreffzeilen-Generator ein. Klicken Sie dann auf Betreffzeilen generieren, um eine Liste von Betreffzeilen zu erhalten, mit denen Sie Ihre E-Mail einleiten k\u00f6nnen. Mehr erfahren Wie man Betreffzeilen&hellip;<\/p>\n","protected":false},"author":7,"featured_media":0,"parent":0,"menu_order":0,"comment_status":"closed","ping_status":"closed","template":"","meta":{"inline_featured_image":false,"footnotes":""},"class_list":["post-39127","page","type-page","status-publish","hentry"],"yoast_head":"<!-- This site is optimized with the Yoast SEO plugin v27.5 - https:\/\/yoast.com\/product\/yoast-seo-wordpress\/ -->\n<title>Free Email Subject Line Generator (AI-powered) - Benchmark Email<\/title>\n<meta name=\"description\" content=\"Our free email subject line generator takes the stress out of crafting headlines that shine in the inbox to drive better email open rates.\" \/>\n<meta name=\"robots\" content=\"index, follow, max-snippet:-1, max-image-preview:large, max-video-preview:-1\" \/>\n<link rel=\"canonical\" href=\"https:\/\/www.benchmarkemail.com\/de\/email-subject-line-generator\/\" \/>\n<meta property=\"og:locale\" content=\"en_US\" \/>\n<meta property=\"og:type\" content=\"article\" \/>\n<meta property=\"og:title\" content=\"Free Email Subject Line Generator (AI-powered) - Benchmark Email\" \/>\n<meta property=\"og:description\" content=\"Our free email subject line generator takes the stress out of crafting headlines that shine in the inbox to drive better email open rates.\" \/>\n<meta property=\"og:url\" content=\"https:\/\/www.benchmarkemail.com\/de\/email-subject-line-generator\/\" \/>\n<meta property=\"og:site_name\" content=\"Marketing-Blog von Benchmark Email\" \/>\n<meta property=\"article:publisher\" content=\"https:\/\/www.facebook.com\/BenchmarkEmail\" \/>\n<meta property=\"article:modified_time\" content=\"2024-09-11T10:16:21+00:00\" \/>\n<meta property=\"og:image\" content=\"https:\/\/s.w.org\/images\/core\/emoji\/15.0.3\/svg\/2728.svg\" \/>\n<meta name=\"twitter:card\" content=\"summary_large_image\" \/>\n<meta name=\"twitter:site\" content=\"@benchmarkemail\" \/>\n<script type=\"application\/ld+json\" class=\"yoast-schema-graph\">{\"@context\":\"https:\\\/\\\/schema.org\",\"@graph\":[{\"@type\":\"WebPage\",\"@id\":\"https:\\\/\\\/www.benchmarkemail.com\\\/de\\\/email-subject-line-generator\\\/\",\"url\":\"https:\\\/\\\/www.benchmarkemail.com\\\/de\\\/email-subject-line-generator\\\/\",\"name\":\"Free Email Subject Line Generator (AI-powered) - Benchmark Email\",\"isPartOf\":{\"@id\":\"https:\\\/\\\/www.benchmarkemail.com\\\/de\\\/#website\"},\"primaryImageOfPage\":{\"@id\":\"https:\\\/\\\/www.benchmarkemail.com\\\/de\\\/email-subject-line-generator\\\/#primaryimage\"},\"image\":{\"@id\":\"https:\\\/\\\/www.benchmarkemail.com\\\/de\\\/email-subject-line-generator\\\/#primaryimage\"},\"thumbnailUrl\":\"https:\\\/\\\/s.w.org\\\/images\\\/core\\\/emoji\\\/15.0.3\\\/svg\\\/2728.svg\",\"datePublished\":\"2024-09-09T12:40:43+00:00\",\"dateModified\":\"2024-09-11T10:16:21+00:00\",\"description\":\"Our free email subject line generator takes the stress out of crafting headlines that shine in the inbox to drive better email open rates.\",\"breadcrumb\":{\"@id\":\"https:\\\/\\\/www.benchmarkemail.com\\\/de\\\/email-subject-line-generator\\\/#breadcrumb\"},\"inLanguage\":\"en-US\",\"potentialAction\":[{\"@type\":\"ReadAction\",\"target\":[\"https:\\\/\\\/www.benchmarkemail.com\\\/de\\\/email-subject-line-generator\\\/\"]}]},{\"@type\":\"ImageObject\",\"inLanguage\":\"en-US\",\"@id\":\"https:\\\/\\\/www.benchmarkemail.com\\\/de\\\/email-subject-line-generator\\\/#primaryimage\",\"url\":\"https:\\\/\\\/s.w.org\\\/images\\\/core\\\/emoji\\\/15.0.3\\\/svg\\\/2728.svg\",\"contentUrl\":\"https:\\\/\\\/s.w.org\\\/images\\\/core\\\/emoji\\\/15.0.3\\\/svg\\\/2728.svg\"},{\"@type\":\"BreadcrumbList\",\"@id\":\"https:\\\/\\\/www.benchmarkemail.com\\\/de\\\/email-subject-line-generator\\\/#breadcrumb\",\"itemListElement\":[{\"@type\":\"ListItem\",\"position\":1,\"name\":\"Home\",\"item\":\"https:\\\/\\\/www.benchmarkemail.com\\\/de\\\/\"},{\"@type\":\"ListItem\",\"position\":2,\"name\":\"Free Email Subject Line Generator (AI-powered)\"}]},{\"@type\":\"WebSite\",\"@id\":\"https:\\\/\\\/www.benchmarkemail.com\\\/de\\\/#website\",\"url\":\"https:\\\/\\\/www.benchmarkemail.com\\\/de\\\/\",\"name\":\"Marketing-Blog von Benchmark Email\",\"description\":\"Digitales Marketing-Tool. Erfahren Sie mehr \u00fcber E-Mail-Marketing, Automatisierung, Lead-Gewinnung und -Pflege, etc.\",\"publisher\":{\"@id\":\"https:\\\/\\\/www.benchmarkemail.com\\\/de\\\/#organization\"},\"potentialAction\":[{\"@type\":\"SearchAction\",\"target\":{\"@type\":\"EntryPoint\",\"urlTemplate\":\"https:\\\/\\\/www.benchmarkemail.com\\\/de\\\/?s={search_term_string}\"},\"query-input\":{\"@type\":\"PropertyValueSpecification\",\"valueRequired\":true,\"valueName\":\"search_term_string\"}}],\"inLanguage\":\"en-US\"},{\"@type\":\"Organization\",\"@id\":\"https:\\\/\\\/www.benchmarkemail.com\\\/de\\\/#organization\",\"name\":\"Benchmark Internet Group, LLC\",\"url\":\"https:\\\/\\\/www.benchmarkemail.com\\\/de\\\/\",\"logo\":{\"@type\":\"ImageObject\",\"inLanguage\":\"en-US\",\"@id\":\"https:\\\/\\\/www.benchmarkemail.com\\\/de\\\/#\\\/schema\\\/logo\\\/image\\\/\",\"url\":\"https:\\\/\\\/www.benchmarkemail.com\\\/de\\\/wp-content\\\/uploads\\\/sites\\\/5\\\/2019\\\/09\\\/benchmark-logo.svg\",\"contentUrl\":\"https:\\\/\\\/www.benchmarkemail.com\\\/de\\\/wp-content\\\/uploads\\\/sites\\\/5\\\/2019\\\/09\\\/benchmark-logo.svg\",\"width\":1,\"height\":1,\"caption\":\"Benchmark Internet Group, LLC\"},\"image\":{\"@id\":\"https:\\\/\\\/www.benchmarkemail.com\\\/de\\\/#\\\/schema\\\/logo\\\/image\\\/\"},\"sameAs\":[\"https:\\\/\\\/www.facebook.com\\\/BenchmarkEmail\",\"https:\\\/\\\/x.com\\\/benchmarkemail\",\"https:\\\/\\\/www.instagram.com\\\/benchmarkemail\\\/\",\"https:\\\/\\\/www.linkedin.com\\\/company\\\/benchmark-email\\\/\",\"https:\\\/\\\/www.youtube.com\\\/channel\\\/UCS2asc1Z3ugpfkpnF2_mdbA\"]}]}<\/script>\n<!-- \/ Yoast SEO plugin. -->","yoast_head_json":{"title":"Free Email Subject Line Generator (AI-powered) - Benchmark Email","description":"Our free email subject line generator takes the stress out of crafting headlines that shine in the inbox to drive better email open rates.","robots":{"index":"index","follow":"follow","max-snippet":"max-snippet:-1","max-image-preview":"max-image-preview:large","max-video-preview":"max-video-preview:-1"},"canonical":"https:\/\/www.benchmarkemail.com\/de\/email-subject-line-generator\/","og_locale":"en_US","og_type":"article","og_title":"Free Email Subject Line Generator (AI-powered) - Benchmark Email","og_description":"Our free email subject line generator takes the stress out of crafting headlines that shine in the inbox to drive better email open rates.","og_url":"https:\/\/www.benchmarkemail.com\/de\/email-subject-line-generator\/","og_site_name":"Marketing-Blog von Benchmark Email","article_publisher":"https:\/\/www.facebook.com\/BenchmarkEmail","article_modified_time":"2024-09-11T10:16:21+00:00","og_image":[{"url":"https:\/\/s.w.org\/images\/core\/emoji\/15.0.3\/svg\/2728.svg","type":"","width":"","height":""}],"twitter_card":"summary_large_image","twitter_site":"@benchmarkemail","schema":{"@context":"https:\/\/schema.org","@graph":[{"@type":"WebPage","@id":"https:\/\/www.benchmarkemail.com\/de\/email-subject-line-generator\/","url":"https:\/\/www.benchmarkemail.com\/de\/email-subject-line-generator\/","name":"Free Email Subject Line Generator (AI-powered) - Benchmark Email","isPartOf":{"@id":"https:\/\/www.benchmarkemail.com\/de\/#website"},"primaryImageOfPage":{"@id":"https:\/\/www.benchmarkemail.com\/de\/email-subject-line-generator\/#primaryimage"},"image":{"@id":"https:\/\/www.benchmarkemail.com\/de\/email-subject-line-generator\/#primaryimage"},"thumbnailUrl":"https:\/\/s.w.org\/images\/core\/emoji\/15.0.3\/svg\/2728.svg","datePublished":"2024-09-09T12:40:43+00:00","dateModified":"2024-09-11T10:16:21+00:00","description":"Our free email subject line generator takes the stress out of crafting headlines that shine in the inbox to drive better email open rates.","breadcrumb":{"@id":"https:\/\/www.benchmarkemail.com\/de\/email-subject-line-generator\/#breadcrumb"},"inLanguage":"en-US","potentialAction":[{"@type":"ReadAction","target":["https:\/\/www.benchmarkemail.com\/de\/email-subject-line-generator\/"]}]},{"@type":"ImageObject","inLanguage":"en-US","@id":"https:\/\/www.benchmarkemail.com\/de\/email-subject-line-generator\/#primaryimage","url":"https:\/\/s.w.org\/images\/core\/emoji\/15.0.3\/svg\/2728.svg","contentUrl":"https:\/\/s.w.org\/images\/core\/emoji\/15.0.3\/svg\/2728.svg"},{"@type":"BreadcrumbList","@id":"https:\/\/www.benchmarkemail.com\/de\/email-subject-line-generator\/#breadcrumb","itemListElement":[{"@type":"ListItem","position":1,"name":"Home","item":"https:\/\/www.benchmarkemail.com\/de\/"},{"@type":"ListItem","position":2,"name":"Free Email Subject Line Generator (AI-powered)"}]},{"@type":"WebSite","@id":"https:\/\/www.benchmarkemail.com\/de\/#website","url":"https:\/\/www.benchmarkemail.com\/de\/","name":"Marketing-Blog von Benchmark Email","description":"Digitales Marketing-Tool. Erfahren Sie mehr \u00fcber E-Mail-Marketing, Automatisierung, Lead-Gewinnung und -Pflege, etc.","publisher":{"@id":"https:\/\/www.benchmarkemail.com\/de\/#organization"},"potentialAction":[{"@type":"SearchAction","target":{"@type":"EntryPoint","urlTemplate":"https:\/\/www.benchmarkemail.com\/de\/?s={search_term_string}"},"query-input":{"@type":"PropertyValueSpecification","valueRequired":true,"valueName":"search_term_string"}}],"inLanguage":"en-US"},{"@type":"Organization","@id":"https:\/\/www.benchmarkemail.com\/de\/#organization","name":"Benchmark Internet Group, LLC","url":"https:\/\/www.benchmarkemail.com\/de\/","logo":{"@type":"ImageObject","inLanguage":"en-US","@id":"https:\/\/www.benchmarkemail.com\/de\/#\/schema\/logo\/image\/","url":"https:\/\/www.benchmarkemail.com\/de\/wp-content\/uploads\/sites\/5\/2019\/09\/benchmark-logo.svg","contentUrl":"https:\/\/www.benchmarkemail.com\/de\/wp-content\/uploads\/sites\/5\/2019\/09\/benchmark-logo.svg","width":1,"height":1,"caption":"Benchmark Internet Group, LLC"},"image":{"@id":"https:\/\/www.benchmarkemail.com\/de\/#\/schema\/logo\/image\/"},"sameAs":["https:\/\/www.facebook.com\/BenchmarkEmail","https:\/\/x.com\/benchmarkemail","https:\/\/www.instagram.com\/benchmarkemail\/","https:\/\/www.linkedin.com\/company\/benchmark-email\/","https:\/\/www.youtube.com\/channel\/UCS2asc1Z3ugpfkpnF2_mdbA"]}]}},"_links":{"self":[{"href":"https:\/\/www.benchmarkemail.com\/de\/wp-json\/wp\/v2\/pages\/39127","targetHints":{"allow":["GET"]}}],"collection":[{"href":"https:\/\/www.benchmarkemail.com\/de\/wp-json\/wp\/v2\/pages"}],"about":[{"href":"https:\/\/www.benchmarkemail.com\/de\/wp-json\/wp\/v2\/types\/page"}],"author":[{"embeddable":true,"href":"https:\/\/www.benchmarkemail.com\/de\/wp-json\/wp\/v2\/users\/7"}],"replies":[{"embeddable":true,"href":"https:\/\/www.benchmarkemail.com\/de\/wp-json\/wp\/v2\/comments?post=39127"}],"version-history":[{"count":0,"href":"https:\/\/www.benchmarkemail.com\/de\/wp-json\/wp\/v2\/pages\/39127\/revisions"}],"wp:attachment":[{"href":"https:\/\/www.benchmarkemail.com\/de\/wp-json\/wp\/v2\/media?parent=39127"}],"curies":[{"name":"wp","href":"https:\/\/api.w.org\/{rel}","templated":true}]}}