{"id":450,"date":"2019-10-08T21:31:47","date_gmt":"2019-10-08T21:31:47","guid":{"rendered":"http:\/\/bme2.flywheelsites.com\/?page_id=450"},"modified":"2022-11-11T15:39:53","modified_gmt":"2022-11-11T15:39:53","slug":"integrations","status":"publish","type":"page","link":"https:\/\/www.benchmarkemail.com\/de\/partners\/integrations\/","title":{"rendered":"Integration Partners"},"content":{"rendered":"\n<h1>\n\t\tIntegrieren Sie mit Benchmark\n\t<\/h1>\n\t\t\t\t<img decoding=\"async\" src=\"https:\/\/www.benchmarkemail.com\/wp-content\/uploads\/2019\/10\/reports.svg\" alt=\"reports\" itemprop=\"image\" height=\"\" width=\"\" title=\"reports\" onerror=\"this.style.display='none'\"  \/>\n\t<p>Eine Integration mit Benchmark bedeutet viel mehr als nur eine Partnerschaft. Es bedeutet eine Partnerschaft mit einem Unternehmen mit gro\u00dfen Werten&#8230; das weltweit f\u00fchrend im Bereich Online-Marketing-Tools ist: E-Mail-Marketing, Marketing-Automatisierung, Landing-Pages. Au\u00dferdem werden Sie mit den Hunderten und Tausenden von Kunden in Kontakt kommen, die Benchmark bereits weltweit f\u00fcr ihr Gesch\u00e4ft nutzen.<\/p>\n<p>Wir haben eine einfache und robuste API entwickelt, die eine sehr einfache Integration erm\u00f6glicht, die bei Bedarf von unserem beeindruckenden Expertenteam \u00fcberwacht wird.<\/p>\n<p><a href=\"https:\/\/developer.benchmarkemail.wpengine.com\/\">RESTful API<\/a><\/p>\n<h2>\n\t\tWerden Sie Integrationspartner\n\t<\/h2>\n\t<h4>Setzen Sie sich mit dem Integrations-Team von Benchmark in Verbindung, um Partner zu werden.<\/h4>\n<p>Unsere Integrationspartner haben mehrere M\u00f6glichkeiten, die Erfahrung ihrer Kunden zu bereichern und ein neues Publikum zu erreichen:<\/p>\n<ul>\n<li>Exklusiver Kundendienst f\u00fcr Entwickler.<\/li>\n<li>Werbung f\u00fcr Ihre Dienste in unserem Newsletter und auf unserer Website.<\/li>\n<li>Darstellung Ihrer Marke innerhalb des Benchmark-Services.<\/li>\n<li>Marketingm\u00f6glichkeiten wie Co-Branding-Webinare, Blog-Posts und Berichte.<\/li>\n<\/ul>\n\t<h5>Werden Sie Partner<\/h5>\n    <form accept-charset=\"utf-8\" action=\"https:\/\/app.hatchbuck.com\/onlineForm\/submit.php\" id=\"form_93633619737\" method=\"post\" name=\"form_93633619737\">\n    \t<input name=\"formID\" type=\"hidden\" value=\"93633619737\"\/>\n    \t<input name=\"enableServerValidation\" type=\"hidden\" value=\"1\"\/>\n    \t<input name=\"enable303Redirect\" type=\"hidden\" value=\"0\"\/> \n                    <input id=\"input_1\" name=\"q1_firstName1\" placeholder=\"Vorname\" type=\"text\"\/>\n    \t\t\t    <input id=\"input_3\" name=\"q3_lastName3\" placeholder=\"Nachname\" type=\"text\"\/>\n            <input id=\"input_4\" name=\"q4_email\" placeholder=\"E-Mail-Adresse\" type=\"email\"\/>\n                    <input id=\"input_5_area\" placeholder=\"Landesvorwahl\" maxlength=\"3\" name=\"q5_phoneNumber5[area]\" type=\"text\"\/>\n                    <input id=\"input_5_phone\" placeholder=\"Telefonnummer\" name=\"q5_phoneNumber5[phone]\" type=\"text\"\/>\n            <input id=\"input_6\" name=\"q6_company6\" placeholder=\"Unternehmen\" type=\"text\"\/>\n            <textarea cols=\"41\" placeholder=\"Ihre Nachricht\" name=\"q7_customTextarea7\" rows=\"6\"><\/textarea>\n            <button type=\"submit\">ANFRAGE ABSCHICKEN<\/button>\n        <ul>\n        \t<li><input id=\"input_8\" name=\"q8_customTextbox8\" value=\"DE Website\" type=\"text\"\/><\/li>\n    \t    <li>Should be Empty: <input name=\"website\" type=\"hidden\" value=\"\"\/><\/li>\n    \t\t<li><input id=\"simple_spc\" name=\"simple_spc\" type=\"hidden\" value=\"93633619737-93633619737\"\/><\/li>\n\t    <\/ul>\n    <\/form>\n\n","protected":false},"excerpt":{"rendered":"<p>Integrieren Sie mit Benchmark Eine Integration mit Benchmark bedeutet viel mehr als nur eine Partnerschaft. Es bedeutet eine Partnerschaft mit einem Unternehmen mit gro\u00dfen Werten&#8230; das weltweit f\u00fchrend im Bereich Online-Marketing-Tools ist: E-Mail-Marketing, Marketing-Automatisierung, Landing-Pages. Au\u00dferdem werden Sie mit den Hunderten und Tausenden von Kunden in Kontakt kommen, die Benchmark bereits weltweit f\u00fcr ihr Gesch\u00e4ft&hellip;<\/p>\n","protected":false},"author":3,"featured_media":0,"parent":68,"menu_order":0,"comment_status":"closed","ping_status":"closed","template":"","meta":{"inline_featured_image":false,"footnotes":""},"class_list":["post-450","page","type-page","status-publish","hentry"],"yoast_head":"<!-- This site is optimized with the Yoast SEO plugin v27.4 - https:\/\/yoast.com\/product\/yoast-seo-wordpress\/ -->\n<title>M\u00f6chten Sie mit Benchmark integrieren? - Benchmark Email<\/title>\n<meta name=\"robots\" content=\"index, follow, max-snippet:-1, max-image-preview:large, max-video-preview:-1\" \/>\n<link rel=\"canonical\" href=\"https:\/\/www.benchmarkemail.com\/de\/partners\/integrations\/\" \/>\n<meta property=\"og:locale\" content=\"en_US\" \/>\n<meta property=\"og:type\" content=\"article\" \/>\n<meta property=\"og:title\" content=\"M\u00f6chten Sie mit Benchmark integrieren? - Benchmark Email\" \/>\n<meta property=\"og:description\" content=\"Integrieren Sie mit Benchmark Eine Integration mit Benchmark bedeutet viel mehr als nur eine Partnerschaft. Es bedeutet eine Partnerschaft mit einem Unternehmen mit gro\u00dfen Werten&#8230; das weltweit f\u00fchrend im Bereich Online-Marketing-Tools ist: E-Mail-Marketing, Marketing-Automatisierung, Landing-Pages. Au\u00dferdem werden Sie mit den Hunderten und Tausenden von Kunden in Kontakt kommen, die Benchmark bereits weltweit f\u00fcr ihr Gesch\u00e4ft&hellip;\" \/>\n<meta property=\"og:url\" content=\"https:\/\/www.benchmarkemail.com\/de\/partners\/integrations\/\" \/>\n<meta property=\"og:site_name\" content=\"Marketing-Blog von Benchmark Email\" \/>\n<meta property=\"article:publisher\" content=\"https:\/\/www.facebook.com\/BenchmarkEmail\" \/>\n<meta property=\"article:modified_time\" content=\"2022-11-11T15:39:53+00:00\" \/>\n<meta property=\"og:image\" content=\"https:\/\/www.benchmarkemail.com\/wp-content\/uploads\/2019\/10\/reports.svg\" \/>\n<meta name=\"twitter:card\" content=\"summary_large_image\" \/>\n<meta name=\"twitter:site\" content=\"@benchmarkemail\" \/>\n<meta name=\"twitter:label1\" content=\"Est. reading time\" \/>\n\t<meta name=\"twitter:data1\" content=\"1 minute\" \/>\n<script type=\"application\/ld+json\" class=\"yoast-schema-graph\">{\"@context\":\"https:\\\/\\\/schema.org\",\"@graph\":[{\"@type\":\"WebPage\",\"@id\":\"https:\\\/\\\/www.benchmarkemail.com\\\/de\\\/partners\\\/integrations\\\/\",\"url\":\"https:\\\/\\\/www.benchmarkemail.com\\\/de\\\/partners\\\/integrations\\\/\",\"name\":\"M\u00f6chten Sie mit Benchmark integrieren? - Benchmark Email\",\"isPartOf\":{\"@id\":\"https:\\\/\\\/www.benchmarkemail.com\\\/de\\\/#website\"},\"primaryImageOfPage\":{\"@id\":\"https:\\\/\\\/www.benchmarkemail.com\\\/de\\\/partners\\\/integrations\\\/#primaryimage\"},\"image\":{\"@id\":\"https:\\\/\\\/www.benchmarkemail.com\\\/de\\\/partners\\\/integrations\\\/#primaryimage\"},\"thumbnailUrl\":\"https:\\\/\\\/www.benchmarkemail.com\\\/wp-content\\\/uploads\\\/2019\\\/10\\\/reports.svg\",\"datePublished\":\"2019-10-08T21:31:47+00:00\",\"dateModified\":\"2022-11-11T15:39:53+00:00\",\"breadcrumb\":{\"@id\":\"https:\\\/\\\/www.benchmarkemail.com\\\/de\\\/partners\\\/integrations\\\/#breadcrumb\"},\"inLanguage\":\"en-US\",\"potentialAction\":[{\"@type\":\"ReadAction\",\"target\":[\"https:\\\/\\\/www.benchmarkemail.com\\\/de\\\/partners\\\/integrations\\\/\"]}]},{\"@type\":\"ImageObject\",\"inLanguage\":\"en-US\",\"@id\":\"https:\\\/\\\/www.benchmarkemail.com\\\/de\\\/partners\\\/integrations\\\/#primaryimage\",\"url\":\"https:\\\/\\\/www.benchmarkemail.com\\\/wp-content\\\/uploads\\\/2019\\\/10\\\/reports.svg\",\"contentUrl\":\"https:\\\/\\\/www.benchmarkemail.com\\\/wp-content\\\/uploads\\\/2019\\\/10\\\/reports.svg\"},{\"@type\":\"BreadcrumbList\",\"@id\":\"https:\\\/\\\/www.benchmarkemail.com\\\/de\\\/partners\\\/integrations\\\/#breadcrumb\",\"itemListElement\":[{\"@type\":\"ListItem\",\"position\":1,\"name\":\"Home\",\"item\":\"https:\\\/\\\/www.benchmarkemail.com\\\/de\\\/\"},{\"@type\":\"ListItem\",\"position\":2,\"name\":\"Partners\",\"item\":\"https:\\\/\\\/www.benchmarkemail.com\\\/de\\\/partners\\\/\"},{\"@type\":\"ListItem\",\"position\":3,\"name\":\"Integration Partners\"}]},{\"@type\":\"WebSite\",\"@id\":\"https:\\\/\\\/www.benchmarkemail.com\\\/de\\\/#website\",\"url\":\"https:\\\/\\\/www.benchmarkemail.com\\\/de\\\/\",\"name\":\"Marketing-Blog von Benchmark Email\",\"description\":\"Digitales Marketing-Tool. Erfahren Sie mehr \u00fcber E-Mail-Marketing, Automatisierung, Lead-Gewinnung und -Pflege, etc.\",\"publisher\":{\"@id\":\"https:\\\/\\\/www.benchmarkemail.com\\\/de\\\/#organization\"},\"potentialAction\":[{\"@type\":\"SearchAction\",\"target\":{\"@type\":\"EntryPoint\",\"urlTemplate\":\"https:\\\/\\\/www.benchmarkemail.com\\\/de\\\/?s={search_term_string}\"},\"query-input\":{\"@type\":\"PropertyValueSpecification\",\"valueRequired\":true,\"valueName\":\"search_term_string\"}}],\"inLanguage\":\"en-US\"},{\"@type\":\"Organization\",\"@id\":\"https:\\\/\\\/www.benchmarkemail.com\\\/de\\\/#organization\",\"name\":\"Benchmark Internet Group, LLC\",\"url\":\"https:\\\/\\\/www.benchmarkemail.com\\\/de\\\/\",\"logo\":{\"@type\":\"ImageObject\",\"inLanguage\":\"en-US\",\"@id\":\"https:\\\/\\\/www.benchmarkemail.com\\\/de\\\/#\\\/schema\\\/logo\\\/image\\\/\",\"url\":\"https:\\\/\\\/www.benchmarkemail.com\\\/de\\\/wp-content\\\/uploads\\\/sites\\\/5\\\/2019\\\/09\\\/benchmark-logo.svg\",\"contentUrl\":\"https:\\\/\\\/www.benchmarkemail.com\\\/de\\\/wp-content\\\/uploads\\\/sites\\\/5\\\/2019\\\/09\\\/benchmark-logo.svg\",\"width\":1,\"height\":1,\"caption\":\"Benchmark Internet Group, LLC\"},\"image\":{\"@id\":\"https:\\\/\\\/www.benchmarkemail.com\\\/de\\\/#\\\/schema\\\/logo\\\/image\\\/\"},\"sameAs\":[\"https:\\\/\\\/www.facebook.com\\\/BenchmarkEmail\",\"https:\\\/\\\/x.com\\\/benchmarkemail\",\"https:\\\/\\\/www.instagram.com\\\/benchmarkemail\\\/\",\"https:\\\/\\\/www.linkedin.com\\\/company\\\/benchmark-email\\\/\",\"https:\\\/\\\/www.youtube.com\\\/channel\\\/UCS2asc1Z3ugpfkpnF2_mdbA\"]}]}<\/script>\n<!-- \/ Yoast SEO plugin. -->","yoast_head_json":{"title":"M\u00f6chten Sie mit Benchmark integrieren? - Benchmark Email","robots":{"index":"index","follow":"follow","max-snippet":"max-snippet:-1","max-image-preview":"max-image-preview:large","max-video-preview":"max-video-preview:-1"},"canonical":"https:\/\/www.benchmarkemail.com\/de\/partners\/integrations\/","og_locale":"en_US","og_type":"article","og_title":"M\u00f6chten Sie mit Benchmark integrieren? - Benchmark Email","og_description":"Integrieren Sie mit Benchmark Eine Integration mit Benchmark bedeutet viel mehr als nur eine Partnerschaft. Es bedeutet eine Partnerschaft mit einem Unternehmen mit gro\u00dfen Werten&#8230; das weltweit f\u00fchrend im Bereich Online-Marketing-Tools ist: E-Mail-Marketing, Marketing-Automatisierung, Landing-Pages. Au\u00dferdem werden Sie mit den Hunderten und Tausenden von Kunden in Kontakt kommen, die Benchmark bereits weltweit f\u00fcr ihr Gesch\u00e4ft&hellip;","og_url":"https:\/\/www.benchmarkemail.com\/de\/partners\/integrations\/","og_site_name":"Marketing-Blog von Benchmark Email","article_publisher":"https:\/\/www.facebook.com\/BenchmarkEmail","article_modified_time":"2022-11-11T15:39:53+00:00","og_image":[{"url":"https:\/\/www.benchmarkemail.com\/wp-content\/uploads\/2019\/10\/reports.svg","type":"","width":"","height":""}],"twitter_card":"summary_large_image","twitter_site":"@benchmarkemail","twitter_misc":{"Est. reading time":"1 minute"},"schema":{"@context":"https:\/\/schema.org","@graph":[{"@type":"WebPage","@id":"https:\/\/www.benchmarkemail.com\/de\/partners\/integrations\/","url":"https:\/\/www.benchmarkemail.com\/de\/partners\/integrations\/","name":"M\u00f6chten Sie mit Benchmark integrieren? - Benchmark Email","isPartOf":{"@id":"https:\/\/www.benchmarkemail.com\/de\/#website"},"primaryImageOfPage":{"@id":"https:\/\/www.benchmarkemail.com\/de\/partners\/integrations\/#primaryimage"},"image":{"@id":"https:\/\/www.benchmarkemail.com\/de\/partners\/integrations\/#primaryimage"},"thumbnailUrl":"https:\/\/www.benchmarkemail.com\/wp-content\/uploads\/2019\/10\/reports.svg","datePublished":"2019-10-08T21:31:47+00:00","dateModified":"2022-11-11T15:39:53+00:00","breadcrumb":{"@id":"https:\/\/www.benchmarkemail.com\/de\/partners\/integrations\/#breadcrumb"},"inLanguage":"en-US","potentialAction":[{"@type":"ReadAction","target":["https:\/\/www.benchmarkemail.com\/de\/partners\/integrations\/"]}]},{"@type":"ImageObject","inLanguage":"en-US","@id":"https:\/\/www.benchmarkemail.com\/de\/partners\/integrations\/#primaryimage","url":"https:\/\/www.benchmarkemail.com\/wp-content\/uploads\/2019\/10\/reports.svg","contentUrl":"https:\/\/www.benchmarkemail.com\/wp-content\/uploads\/2019\/10\/reports.svg"},{"@type":"BreadcrumbList","@id":"https:\/\/www.benchmarkemail.com\/de\/partners\/integrations\/#breadcrumb","itemListElement":[{"@type":"ListItem","position":1,"name":"Home","item":"https:\/\/www.benchmarkemail.com\/de\/"},{"@type":"ListItem","position":2,"name":"Partners","item":"https:\/\/www.benchmarkemail.com\/de\/partners\/"},{"@type":"ListItem","position":3,"name":"Integration Partners"}]},{"@type":"WebSite","@id":"https:\/\/www.benchmarkemail.com\/de\/#website","url":"https:\/\/www.benchmarkemail.com\/de\/","name":"Marketing-Blog von Benchmark Email","description":"Digitales Marketing-Tool. Erfahren Sie mehr \u00fcber E-Mail-Marketing, Automatisierung, Lead-Gewinnung und -Pflege, etc.","publisher":{"@id":"https:\/\/www.benchmarkemail.com\/de\/#organization"},"potentialAction":[{"@type":"SearchAction","target":{"@type":"EntryPoint","urlTemplate":"https:\/\/www.benchmarkemail.com\/de\/?s={search_term_string}"},"query-input":{"@type":"PropertyValueSpecification","valueRequired":true,"valueName":"search_term_string"}}],"inLanguage":"en-US"},{"@type":"Organization","@id":"https:\/\/www.benchmarkemail.com\/de\/#organization","name":"Benchmark Internet Group, LLC","url":"https:\/\/www.benchmarkemail.com\/de\/","logo":{"@type":"ImageObject","inLanguage":"en-US","@id":"https:\/\/www.benchmarkemail.com\/de\/#\/schema\/logo\/image\/","url":"https:\/\/www.benchmarkemail.com\/de\/wp-content\/uploads\/sites\/5\/2019\/09\/benchmark-logo.svg","contentUrl":"https:\/\/www.benchmarkemail.com\/de\/wp-content\/uploads\/sites\/5\/2019\/09\/benchmark-logo.svg","width":1,"height":1,"caption":"Benchmark Internet Group, LLC"},"image":{"@id":"https:\/\/www.benchmarkemail.com\/de\/#\/schema\/logo\/image\/"},"sameAs":["https:\/\/www.facebook.com\/BenchmarkEmail","https:\/\/x.com\/benchmarkemail","https:\/\/www.instagram.com\/benchmarkemail\/","https:\/\/www.linkedin.com\/company\/benchmark-email\/","https:\/\/www.youtube.com\/channel\/UCS2asc1Z3ugpfkpnF2_mdbA"]}]}},"_links":{"self":[{"href":"https:\/\/www.benchmarkemail.com\/de\/wp-json\/wp\/v2\/pages\/450","targetHints":{"allow":["GET"]}}],"collection":[{"href":"https:\/\/www.benchmarkemail.com\/de\/wp-json\/wp\/v2\/pages"}],"about":[{"href":"https:\/\/www.benchmarkemail.com\/de\/wp-json\/wp\/v2\/types\/page"}],"author":[{"embeddable":true,"href":"https:\/\/www.benchmarkemail.com\/de\/wp-json\/wp\/v2\/users\/3"}],"replies":[{"embeddable":true,"href":"https:\/\/www.benchmarkemail.com\/de\/wp-json\/wp\/v2\/comments?post=450"}],"version-history":[{"count":0,"href":"https:\/\/www.benchmarkemail.com\/de\/wp-json\/wp\/v2\/pages\/450\/revisions"}],"up":[{"embeddable":true,"href":"https:\/\/www.benchmarkemail.com\/de\/wp-json\/wp\/v2\/pages\/68"}],"wp:attachment":[{"href":"https:\/\/www.benchmarkemail.com\/de\/wp-json\/wp\/v2\/media?parent=450"}],"curies":[{"name":"wp","href":"https:\/\/api.w.org\/{rel}","templated":true}]}}