{"id":453,"date":"2019-10-08T21:42:37","date_gmt":"2019-10-08T21:42:37","guid":{"rendered":"http:\/\/bme2.flywheelsites.com\/?page_id=453"},"modified":"2023-02-28T19:36:30","modified_gmt":"2023-02-28T19:36:30","slug":"agencies","status":"publish","type":"page","link":"https:\/\/www.benchmarkemail.com\/de\/partners\/agencies\/","title":{"rendered":"Agency Partners"},"content":{"rendered":"\n<h1>\n\t\tDie geheime Formel f\u00fcr die Skalierung Ihrer Agentur\n\t<\/h1>\n\t<p>Werden Sie Partner von Benchmark und bieten Sie Ihren Kunden das E-Mail-Marketing- und Automatisierungs-Tool, das ihren Bed\u00fcrfnissen am besten entspricht.<\/p>\n\t\t\t<a href=\"#form\" target=\"_self\" role=\"button\" rel=\"nofollow noopener\">\n\t\t\t\t\t\t\tICH M\u00d6CHTE EIN PARTNER WERDEN\n\t\t\t\t\t<\/a>\n\t\t\t\t<img decoding=\"async\" src=\"https:\/\/www.benchmarkemail.com\/es\/wp-content\/uploads\/sites\/4\/2022\/03\/227b1c22-agency-hero-00_10kb0cw000000000000000.png\" alt=\"227b1c22-agency-hero-00_10kb0cw000000000000000.png\" title=\"227b1c22-agency-hero-00_10kb0cw000000000000000.png\" \/>\n\t\t\t\t<img decoding=\"async\" src=\"https:\/\/www.benchmarkemail.com\/es\/wp-content\/uploads\/sites\/4\/2022\/03\/10768d33-stronger-relationships_10bm0c4000000000000000.png\" alt=\"10768d33-stronger-relationships_10bm0c4000000000000000.png\" title=\"10768d33-stronger-relationships_10bm0c4000000000000000.png\" \/>\n\t<h3><b>Wie funktioniert das Benchmark-Agenturprogramm?<\/b><\/h3>\n\t<p>Das <strong>Benchmark Agency Program<\/strong> ist in erster Linie eine Strategie, um das Gesch\u00e4ft Ihrer Agentur zu erweitern. Es erm\u00f6glicht Ihnen, digitale Marketingl\u00f6sungen in einem Paket anzubieten, das Ihnen zusammen mit Ihren Dienstleistungen mehr Gewinn einbringt.<\/p>\n<p>Rabatte? nat\u00fcrlich! Wir helfen Ihnen von Anfang an. Sie haben die Wahl zwischen<strong> einem -30%-RABATT,<\/strong> wenn Sie mit einem Hauptkonto (Agentur) und Unterkonten (Kunden) arbeiten, oder einer<strong> 30%igen KOMMISSION,<\/strong> wenn Ihre Kunden ihren eigenen Plan bezahlen.<\/p>\n\t\t\t<a href=\"#form\" target=\"_self\" role=\"button\" rel=\"nofollow noopener\">\n\t\t\t\t\t\t\tICH WILL PARTNERAGENTUR WERDEN\n\t\t\t\t\t<\/a>\n\t<p><a href=\"#description\">Erfahren Sie mehr! <\/a><\/p>\n\t<h2>Bereichern Sie das Angebot Ihrer Dienste. Steigern Sie Ihr Einkommen<\/h2>\n<p>Bieten Sie Ihren Kunden die zus\u00e4tzlichen Dienstleistungen der Marketing-Automatisierung und des E-Mail-Marketings an, indem Sie ihre Kampagnen auf so einfache Weise verwalten, dass Sie wachsen und sich von Ihren Mitbewerbern abheben k\u00f6nnen.<\/p>\n\t\t\t\t<img decoding=\"async\" src=\"https:\/\/www.benchmarkemail.com\/wp-content\/uploads\/2019\/10\/agency-image.png\" alt=\"agency-image\" title=\"agency-image\" \/>\n<h2>\n\t\tWerden Sie Agenturpartner von Benchmark\n\t<\/h2>\n<h4>\n\t\tKombinieren Sie Ihr Know-how mit den E-Mail-Marketing- und Automatisierungs-Tools von Benchmark und Sie haben die Geheimformel f\u00fcr die Skalierung Ihres Unternehmens.\n\t<\/h4>\n\t\t\t\t<img decoding=\"async\" src=\"https:\/\/www.benchmarkemail.com\/wp-content\/uploads\/2019\/10\/recurring-monthly-income.png\" alt=\"recurring-monthly-income\" title=\"recurring-monthly-income\" \/>\n\t<h4>Wiederkehrendes Einkommen<\/h4>\n<p>B\u00fcndeln Sie attraktive Angebote, die Ihre Dienste und unsere Plattform beinhalten. <\/p>\n\t\t\t\t<img decoding=\"async\" src=\"https:\/\/www.benchmarkemail.com\/wp-content\/uploads\/2019\/10\/monthly-discounts.png\" alt=\"monthly-discounts\" title=\"monthly-discounts\" \/>\n\t<h4>Exklusive Rabatte<\/h4>\n<p>Es ist einfach, Benchmark an Ihre Kunden weiterzuverkaufen und dabei zu verdienen, denn Sie erhalten 30% Rabatt oder 30% Provision f\u00fcr jeden Kunden, den Sie gewinnen.<\/p>\n\t\t\t\t<img decoding=\"async\" src=\"https:\/\/www.benchmarkemail.com\/wp-content\/uploads\/2019\/10\/reseller-tool-kit.png\" alt=\"reseller-tool-kit\" title=\"reseller-tool-kit\" \/>\n\t<h4>Reseller-Tools<\/h4>\n<p>\u00dcberlassen Sie uns das Marketing! Wir stellen Ihnen die Ressourcen zur Verf\u00fcgung, die Sie ben\u00f6tigen, um neue Kunden zu gewinnen und Ihre bestehenden Kunden in Nutzer von Benchmark zu verwandeln.<\/p>\n\t\t\t\t<img decoding=\"async\" src=\"https:\/\/www.benchmarkemail.com\/wp-content\/uploads\/2019\/10\/client-management.png\" alt=\"client-management\" title=\"client-management\" \/>\n\t<h4>Kundenverwaltung<\/h4>\n<p>Erhalten Sie Zugriff auf unsere Agenturen-Tools. Tracken Sie Kunden in Ihrem Kunden-Dashboard und sichern Sie sich monatliche Eink\u00fcnfte.<\/p>\n\t\t\t\t<img decoding=\"async\" src=\"https:\/\/www.benchmarkemail.com\/wp-content\/uploads\/2019\/10\/flexible-options.png\" alt=\"flexible options\" title=\"flexible options\" \/>\n\t<h4>Flexibilit\u00e4t<\/h4>\n<p>Entscheiden Sie selbst, ob Sie lieber eine Provision f\u00fcr jedes einzelne Kundenkonto oder lieber einen Rabatt auf das Hauptkonto der Agentur erhalten m\u00f6chten!<\/p>\n\t\t\t\t<img decoding=\"async\" src=\"https:\/\/www.benchmarkemail.com\/wp-content\/uploads\/2019\/10\/dedicated-love-and-support.png\" alt=\"dedicated-love-and-support\" title=\"dedicated-love-and-support\" \/>\n\t<h4>Pers\u00f6nlicher Kundendienst<\/h4>\n<p>Benchmark ist Ihr Partner. Unsere E-Mail-Marketing-Experten verf\u00fcgen \u00fcber langj\u00e4hrige Erfahrung und helfen Ihnen und Ihren Kunden gerne, die besten Ergebnisse zu erzielen.<\/p>\n\t\t\t<a href=\"#form\" target=\"_self\" role=\"button\" rel=\"nofollow noopener\">\n\t\t\t\t\t\t\tICH M\u00d6CHTE DEM PROGRAMM BEITRETEN\n\t\t\t\t\t<\/a>\n\t<h2>Bieten Sie Ihren Kunden die besten Tools und die besten Ergebnisse.<\/h2>\n\t\t\t<a href=\"#form\" target=\"_self\" role=\"button\" rel=\"nofollow noopener\">\n\t\t\t\t\t\t\tWerden Sie unser Partner!\n\t\t\t\t\t<\/a>\n\t<h3><b>Ein Hauptkonto, um sie alle zu verwalten<\/b><\/h3>\n\t<p>Verwalten Sie die Marketing-Aktionen jedes Kunden in seinem entsprechenden Unterkonto.<\/p>\n<p>Teilen Sie jede Kampagne, jedes Bild oder jede Liste mit den Unterkonten und bewahren Sie sie sicher auf.<\/p>\n<p><strong>Und wenn Ihre Kunden unabh\u00e4ngiger sind&#8230;<\/strong><\/p>\n<p>Sie k\u00f6nnen das Konto des Kunden auch mit Ihrem Agenturkonto verkn\u00fcpfen und mit Ihrem Benutzer darauf zugreifen.<\/p>\n\t\t\t<a href=\"#form\" target=\"_self\" role=\"button\" rel=\"nofollow noopener\">\n\t\t\t\t\t\t\tICH WILL PARTNER WERDEN\n\t\t\t\t\t<\/a>\n\t\t\t\t<img decoding=\"async\" src=\"https:\/\/www.benchmarkemail.com\/es\/wp-content\/uploads\/sites\/4\/2022\/03\/c93648c3-ilustraciones-lp-comparativa_10cx07x000000000000028.png\" alt=\"c93648c3-ilustraciones-lp-comparativa_10cx07x000000000000028.png\" title=\"c93648c3-ilustraciones-lp-comparativa_10cx07x000000000000028.png\" \/>\n\t<h2>H\u00e4ufig gestellte Fragen<\/h2>\n\t\t\t\t\t<a href=\"#\" id=\"fl-accordion--label-0\">Gibt es einen Mindestbetrag, um den Rabatt f\u00fcr das Master-Konto zu erhalten?\t<\/a>\n\t\t\t\t\t\t\t\t\t\t\t<a href=\"#\" id=\"fl-accordion--icon-0\"><i>Collapse<\/i><\/a>\n\t\t\t\t\tSie erhalten einen Rabatt von 30% auf den Master Account Plan (f\u00fcr Pl\u00e4ne mit 100.000 Kontakten oder mehr). Unterkonten haben Zugang zu allen Premium-Funktionen und ihre Kosten werden Ihrem Hauptkonto in Rechnung gestellt, das einen Mindestlohn von 1.000 Kontakten haben muss.\n\t\t\t\t\t<a href=\"#\" id=\"fl-accordion--label-1\">Kann ich Materialien zwischen Unterkonten teilen?\t<\/a>\n\t\t\t\t\t\t\t\t\t\t\t<a href=\"#\" id=\"fl-accordion--icon-1\"><i>Expand<\/i><\/a>\n<p>Mit dem Hauptkonto k\u00f6nnen Sie jede Kampagne, jedes Bild und jede Liste f\u00fcr die Unterkonten freigeben und sicher aufbewahren.<\/p>\n\t\t\t\t\t<a href=\"#\" id=\"fl-accordion--label-2\">Wie stelle ich die Unterkonten meiner Kunden in Rechnung?\t<\/a>\n\t\t\t\t\t\t\t\t\t\t\t<a href=\"#\" id=\"fl-accordion--icon-2\"><i>Expand<\/i><\/a>\n\t\t\t\t\t<p>Unterkonto-Pl\u00e4ne k\u00f6nnen nicht separat in Rechnung gestellt werden. Wenn Sie das Hauptkonto verwenden, entscheiden Sie, wie Sie Ihren Kunden die Rechnung stellen.<\/p>\n\t\t\t\t\t<a href=\"#\" id=\"fl-accordion--label-3\">Wie kann ich 30% Provision erhalten?\t<\/a>\n\t\t\t\t\t\t\t\t\t\t\t<a href=\"#\" id=\"fl-accordion--icon-3\"><i>Expand<\/i><\/a>\n\t\t\t\t\t<p>Wenn Ihre Kunden es vorziehen, ihre Konten selbst zu verwalten und zu bezahlen, k\u00f6nnen Sie eine Provision von 30% erhalten. Sie m\u00fcssen lediglich ihr Konto \u00fcber die Partner-URL einrichten, die wir ihnen zur Verf\u00fcgung stellen.<\/p>\n<p>Das ist ein einfacher Vorgang, und Sie k\u00f6nnen das Konto des Kunden mit Ihrem Agenturkonto verkn\u00fcpfen, um alles von der gleichen Stelle aus zu verwalten.<\/p>\n<p>Allerdings ist es in diesem Fall nicht m\u00f6glich, Listen, Bilder oder Kampagnen zu teilen.<\/p>\n\t\t\t\t\t<a href=\"#\" id=\"fl-accordion--label-4\">Stellt Benchmark Materialien f\u00fcr die Werbung zur Verf\u00fcgung?\t<\/a>\n\t\t\t\t\t\t\t\t\t\t\t<a href=\"#\" id=\"fl-accordion--icon-4\"><i>Expand<\/i><\/a>\n\t\t\t\t\t<p>Wir stellen Ihnen eine Reihe von Ressourcen zur Verf\u00fcgung, mit denen Sie Benchmark bei Ihrem Publikum bekannt machen k\u00f6nnen.<\/p>\n<p>Nutzen Sie die Vorteile von Bannern und Videoanzeigen. Bewerben Sie sie dort, wo sie Ihnen helfen k\u00f6nnen, mehr Kunden zu gewinnen&#8230; und mehr Provisionen!<\/p>\n\t\t\t\t\t<a href=\"#\" id=\"fl-accordion--label-5\">Was unterscheidet Benchmark Email von seinen Mitbewerbern?\t<\/a>\n\t\t\t\t\t\t\t\t\t\t\t<a href=\"#\" id=\"fl-accordion--icon-5\"><i>Expand<\/i><\/a>\n\t\t\t\t\t<p>Benchmark ist die digitale Marketing Plattform, die Ihnen hilft, Ihr Publikum, Ihren Umsatz und Ihre Kundentreue zu steigern. Wir haben einen lokalen Kundendienst in Ihrer Sprache und alle Tools, die Sie brauchen: E-Mail-Marketing, Automatisierungen, Anmeldeformulare, Landing-Pages, Umfragen&#8230;<\/p>\n<p>Sie m\u00fcssen keine fortgeschrittenen E-Mail-Marketing-Kenntnisse haben, um mit Benchmark zu starten, denn die Benutzerfreundlichkeit der Software in Verbindung mit dem Kundensupport wird Ihnen helfen, Ihre Ziele zu erreichen.<\/p>\n\t<h3><b>Werden Sie unser Partner!<\/b><\/h3>\n<p>Das Agenturprogramm richtet sich an alle Agenturen, die die E-Mail-Marketing Kampagnen ihrer Kunden betreuen. Profitieren Sie davon, ein Benchmark-Partner zu sein<\/p>\n\t<h4><b>Werden Sie jetzt Mitglied!<\/b><\/h4>\n\r\n\r\n<form accept-charset=\"utf-8\" action=\"https:\/\/app.hatchbuck.com\/onlineForm\/submit.php\" id=\"form_93633619699\" method=\"post\" name=\"form_93633619699\">\r\n  <input name=\"formID\" type=\"hidden\" value=\"93633619699\">\r\n  <input name=\"enableServerValidation\" type=\"hidden\" value=\"1\">\r\n  <input name=\"enable303Redirect\" type=\"hidden\" value=\"0\"> \r\n\r\n        <div class=\"form-group\">\r\n            <div class=\"row\">\r\n                <div class=\"col-md-6\">\r\n                    <input class=\"form-text-field\" id=\"input_1\" name=\"q1_firstName1\" size=\"51\" placeholder=\"Vorname*\" type=\"text\">  \r\n                <\/div>\r\n                <div class=\"col-md-6\">\r\n              <input class=\"form-text-field\" id=\"input_3\" name=\"q3_lastName3\" size=\"51\" placeholder=\"Nachname*\" type=\"text\"> \r\n          <\/div>\r\n            <\/div>\r\n        <\/div>\r\n        <div class=\"form-group\">\r\n             <input class=\"form-text-field\" id=\"input_9\" name=\"q9_company9\" size=\"51\" type=\"text\" placeholder=\"Firma*\">\r\n        <\/div>\r\n        <div class=\"form-group\">\r\n            <input class=\"form-text-field\" id=\"input_4\" name=\"q4_email\" size=\"51\" type=\"email\" placeholder=\"E-Mail-Adresse*\">\r\n        <\/div>\r\n        <div class=\"form-group\">\r\n            <div class=\"row\">\r\n                <div class=\"col-sm-4\"> \r\n                    <span><input class=\"required digits form-text-field\" id=\"input_8_area\" name=\"q8_phoneNumber8[area]\" size=\"4\" type=\"tel\" placeholder=\"LANDESVORWAHL\"> <\/span>\r\n                <\/div>\r\n                <div class=\"col-sm-8\">\r\n                    <span>\r\n          <input class=\"required digits form-text-field\" id=\"input_8_phone\" name=\"q8_phoneNumber8[phone]\" size=\"14\" type=\"tel\" placeholder=\"Telefon*\"> <\/span> \r\n                <\/div>\r\n            <\/div>\r\n        <\/div>\r\n        <div class=\"form-group\">\r\n             <input class=\"form-text-field\" id=\"input_5\" name=\"q5_userName\" size=\"51\" type=\"text\" placeholder=\"Benutzer\"> \r\n        <\/div>\r\n        <div class=\"form-group\">\r\n             <input class=\"form-text-field\" id=\"input_6\" name=\"q6_password\" size=\"51\" placeholder=\"Passwort*\" type=\"text\"> \r\n        <\/div>\r\n        <div class=\"form-group\">\r\n             <input class=\"form-text-field\" id=\"input_7\" name=\"q7_confirmPassword\" placeholder=\"Passwort best\u00e4tigen*\" size=\"51\" type=\"text\">\r\n        <\/div>\r\n        <div class=\"form-group\">\r\n\r\n        <button style=\"white-space:nowrap;\" class=\"button radius\" onClick=\"submitAffiliateForm()\" type=\"button\">\r\n          Partnerkonto erstellen<\/button>\r\n      <\/div>\r\n  <div class=\"error_response\" style=\"color:red\"><\/div>\r\n<div class=\"success_response\" style=\"color:green\"><\/div>\r\n\r\n  <ul>\r\n    <li style=\"display:none\"><input id=\"input_10\" name=\"q10_language\" type=\"hidden\" value=\"german\"><\/li>\r\n    <li style=\"display:none\"><input id=\"input_11\" name=\"q11_zone\" type=\"hidden\" value=\"DE\"><\/li>\r\n    <li style=\"display:none\"><input id=\"input_12\" name=\"q12_formtype\" type=\"hidden\" value=\"partner_signup\"><\/li>\r\n    <li style=\"display:none\"><input id=\"input_13\" name=\"q13_promocode\" type=\"hidden\" value=\"partner_signup\"><\/li>\r\n    <li style=\"display:none\">Should be Empty: <input name=\"website\" type=\"hidden\" value=\"\"><\/li>\r\n    <li style=\"list-style: none\"><input id=\"simple_spc\" name=\"simple_spc\" type=\"hidden\" value=\"93633619699-93633619699\"><\/li>\r\n  <\/ul>\r\n\r\n<\/form>\r\n\r\n\n\n","protected":false},"excerpt":{"rendered":"<p>Die geheime Formel f\u00fcr die Skalierung Ihrer Agentur Werden Sie Partner von Benchmark und bieten Sie Ihren Kunden das E-Mail-Marketing- und Automatisierungs-Tool, das ihren Bed\u00fcrfnissen am besten entspricht. ICH M\u00d6CHTE EIN PARTNER WERDEN Wie funktioniert das Benchmark-Agenturprogramm? Das Benchmark Agency Program ist in erster Linie eine Strategie, um das Gesch\u00e4ft Ihrer Agentur zu erweitern. Es&hellip;<\/p>\n","protected":false},"author":3,"featured_media":0,"parent":68,"menu_order":0,"comment_status":"closed","ping_status":"closed","template":"","meta":{"inline_featured_image":false,"footnotes":""},"class_list":["post-453","page","type-page","status-publish","hentry"],"yoast_head":"<!-- This site is optimized with the Yoast SEO plugin v27.6 - https:\/\/yoast.com\/product\/yoast-seo-wordpress\/ -->\n<title>Agency Partners - Benchmark Email<\/title>\n<meta name=\"robots\" content=\"index, follow, max-snippet:-1, max-image-preview:large, max-video-preview:-1\" \/>\n<link rel=\"canonical\" href=\"https:\/\/www.benchmarkemail.com\/de\/partners\/agencies\/\" \/>\n<meta property=\"og:locale\" content=\"en_US\" \/>\n<meta property=\"og:type\" content=\"article\" \/>\n<meta property=\"og:title\" content=\"Agency Partners - Benchmark Email\" \/>\n<meta property=\"og:description\" content=\"Die geheime Formel f\u00fcr die Skalierung Ihrer Agentur Werden Sie Partner von Benchmark und bieten Sie Ihren Kunden das E-Mail-Marketing- und Automatisierungs-Tool, das ihren Bed\u00fcrfnissen am besten entspricht. ICH M\u00d6CHTE EIN PARTNER WERDEN Wie funktioniert das Benchmark-Agenturprogramm? Das Benchmark Agency Program ist in erster Linie eine Strategie, um das Gesch\u00e4ft Ihrer Agentur zu erweitern. Es&hellip;\" \/>\n<meta property=\"og:url\" content=\"https:\/\/www.benchmarkemail.com\/de\/partners\/agencies\/\" \/>\n<meta property=\"og:site_name\" content=\"Marketing-Blog von Benchmark Email\" \/>\n<meta property=\"article:publisher\" content=\"https:\/\/www.facebook.com\/BenchmarkEmail\" \/>\n<meta property=\"article:modified_time\" content=\"2023-02-28T19:36:30+00:00\" \/>\n<meta property=\"og:image\" content=\"https:\/\/www.benchmarkemail.com\/es\/wp-content\/uploads\/sites\/4\/2022\/03\/227b1c22-agency-hero-00_10kb0cw000000000000000.png\" \/>\n<meta name=\"twitter:card\" content=\"summary_large_image\" \/>\n<meta name=\"twitter:site\" content=\"@benchmarkemail\" \/>\n<meta name=\"twitter:label1\" content=\"Est. reading time\" \/>\n\t<meta name=\"twitter:data1\" content=\"4 minutes\" \/>\n<script type=\"application\/ld+json\" class=\"yoast-schema-graph\">{\"@context\":\"https:\\\/\\\/schema.org\",\"@graph\":[{\"@type\":\"WebPage\",\"@id\":\"https:\\\/\\\/www.benchmarkemail.com\\\/de\\\/partners\\\/agencies\\\/\",\"url\":\"https:\\\/\\\/www.benchmarkemail.com\\\/de\\\/partners\\\/agencies\\\/\",\"name\":\"Agency Partners - Benchmark Email\",\"isPartOf\":{\"@id\":\"https:\\\/\\\/www.benchmarkemail.com\\\/de\\\/#website\"},\"primaryImageOfPage\":{\"@id\":\"https:\\\/\\\/www.benchmarkemail.com\\\/de\\\/partners\\\/agencies\\\/#primaryimage\"},\"image\":{\"@id\":\"https:\\\/\\\/www.benchmarkemail.com\\\/de\\\/partners\\\/agencies\\\/#primaryimage\"},\"thumbnailUrl\":\"https:\\\/\\\/www.benchmarkemail.com\\\/es\\\/wp-content\\\/uploads\\\/sites\\\/4\\\/2022\\\/03\\\/227b1c22-agency-hero-00_10kb0cw000000000000000.png\",\"datePublished\":\"2019-10-08T21:42:37+00:00\",\"dateModified\":\"2023-02-28T19:36:30+00:00\",\"breadcrumb\":{\"@id\":\"https:\\\/\\\/www.benchmarkemail.com\\\/de\\\/partners\\\/agencies\\\/#breadcrumb\"},\"inLanguage\":\"en-US\",\"potentialAction\":[{\"@type\":\"ReadAction\",\"target\":[\"https:\\\/\\\/www.benchmarkemail.com\\\/de\\\/partners\\\/agencies\\\/\"]}]},{\"@type\":\"ImageObject\",\"inLanguage\":\"en-US\",\"@id\":\"https:\\\/\\\/www.benchmarkemail.com\\\/de\\\/partners\\\/agencies\\\/#primaryimage\",\"url\":\"https:\\\/\\\/www.benchmarkemail.com\\\/es\\\/wp-content\\\/uploads\\\/sites\\\/4\\\/2022\\\/03\\\/227b1c22-agency-hero-00_10kb0cw000000000000000.png\",\"contentUrl\":\"https:\\\/\\\/www.benchmarkemail.com\\\/es\\\/wp-content\\\/uploads\\\/sites\\\/4\\\/2022\\\/03\\\/227b1c22-agency-hero-00_10kb0cw000000000000000.png\"},{\"@type\":\"BreadcrumbList\",\"@id\":\"https:\\\/\\\/www.benchmarkemail.com\\\/de\\\/partners\\\/agencies\\\/#breadcrumb\",\"itemListElement\":[{\"@type\":\"ListItem\",\"position\":1,\"name\":\"Home\",\"item\":\"https:\\\/\\\/www.benchmarkemail.com\\\/de\\\/\"},{\"@type\":\"ListItem\",\"position\":2,\"name\":\"Partners\",\"item\":\"https:\\\/\\\/www.benchmarkemail.com\\\/de\\\/partners\\\/\"},{\"@type\":\"ListItem\",\"position\":3,\"name\":\"Agency Partners\"}]},{\"@type\":\"WebSite\",\"@id\":\"https:\\\/\\\/www.benchmarkemail.com\\\/de\\\/#website\",\"url\":\"https:\\\/\\\/www.benchmarkemail.com\\\/de\\\/\",\"name\":\"Marketing-Blog von Benchmark Email\",\"description\":\"Digitales Marketing-Tool. Erfahren Sie mehr \u00fcber E-Mail-Marketing, Automatisierung, Lead-Gewinnung und -Pflege, etc.\",\"publisher\":{\"@id\":\"https:\\\/\\\/www.benchmarkemail.com\\\/de\\\/#organization\"},\"potentialAction\":[{\"@type\":\"SearchAction\",\"target\":{\"@type\":\"EntryPoint\",\"urlTemplate\":\"https:\\\/\\\/www.benchmarkemail.com\\\/de\\\/?s={search_term_string}\"},\"query-input\":{\"@type\":\"PropertyValueSpecification\",\"valueRequired\":true,\"valueName\":\"search_term_string\"}}],\"inLanguage\":\"en-US\"},{\"@type\":\"Organization\",\"@id\":\"https:\\\/\\\/www.benchmarkemail.com\\\/de\\\/#organization\",\"name\":\"Benchmark Internet Group, LLC\",\"url\":\"https:\\\/\\\/www.benchmarkemail.com\\\/de\\\/\",\"logo\":{\"@type\":\"ImageObject\",\"inLanguage\":\"en-US\",\"@id\":\"https:\\\/\\\/www.benchmarkemail.com\\\/de\\\/#\\\/schema\\\/logo\\\/image\\\/\",\"url\":\"https:\\\/\\\/www.benchmarkemail.com\\\/de\\\/wp-content\\\/uploads\\\/sites\\\/5\\\/2019\\\/09\\\/benchmark-logo.svg\",\"contentUrl\":\"https:\\\/\\\/www.benchmarkemail.com\\\/de\\\/wp-content\\\/uploads\\\/sites\\\/5\\\/2019\\\/09\\\/benchmark-logo.svg\",\"width\":1,\"height\":1,\"caption\":\"Benchmark Internet Group, LLC\"},\"image\":{\"@id\":\"https:\\\/\\\/www.benchmarkemail.com\\\/de\\\/#\\\/schema\\\/logo\\\/image\\\/\"},\"sameAs\":[\"https:\\\/\\\/www.facebook.com\\\/BenchmarkEmail\",\"https:\\\/\\\/x.com\\\/benchmarkemail\",\"https:\\\/\\\/www.instagram.com\\\/benchmarkemail\\\/\",\"https:\\\/\\\/www.linkedin.com\\\/company\\\/benchmark-email\\\/\",\"https:\\\/\\\/www.youtube.com\\\/channel\\\/UCS2asc1Z3ugpfkpnF2_mdbA\"]}]}<\/script>\n<!-- \/ Yoast SEO plugin. -->","yoast_head_json":{"title":"Agency Partners - Benchmark Email","robots":{"index":"index","follow":"follow","max-snippet":"max-snippet:-1","max-image-preview":"max-image-preview:large","max-video-preview":"max-video-preview:-1"},"canonical":"https:\/\/www.benchmarkemail.com\/de\/partners\/agencies\/","og_locale":"en_US","og_type":"article","og_title":"Agency Partners - Benchmark Email","og_description":"Die geheime Formel f\u00fcr die Skalierung Ihrer Agentur Werden Sie Partner von Benchmark und bieten Sie Ihren Kunden das E-Mail-Marketing- und Automatisierungs-Tool, das ihren Bed\u00fcrfnissen am besten entspricht. ICH M\u00d6CHTE EIN PARTNER WERDEN Wie funktioniert das Benchmark-Agenturprogramm? Das Benchmark Agency Program ist in erster Linie eine Strategie, um das Gesch\u00e4ft Ihrer Agentur zu erweitern. Es&hellip;","og_url":"https:\/\/www.benchmarkemail.com\/de\/partners\/agencies\/","og_site_name":"Marketing-Blog von Benchmark Email","article_publisher":"https:\/\/www.facebook.com\/BenchmarkEmail","article_modified_time":"2023-02-28T19:36:30+00:00","og_image":[{"url":"https:\/\/www.benchmarkemail.com\/es\/wp-content\/uploads\/sites\/4\/2022\/03\/227b1c22-agency-hero-00_10kb0cw000000000000000.png","type":"","width":"","height":""}],"twitter_card":"summary_large_image","twitter_site":"@benchmarkemail","twitter_misc":{"Est. reading time":"4 minutes"},"schema":{"@context":"https:\/\/schema.org","@graph":[{"@type":"WebPage","@id":"https:\/\/www.benchmarkemail.com\/de\/partners\/agencies\/","url":"https:\/\/www.benchmarkemail.com\/de\/partners\/agencies\/","name":"Agency Partners - Benchmark Email","isPartOf":{"@id":"https:\/\/www.benchmarkemail.com\/de\/#website"},"primaryImageOfPage":{"@id":"https:\/\/www.benchmarkemail.com\/de\/partners\/agencies\/#primaryimage"},"image":{"@id":"https:\/\/www.benchmarkemail.com\/de\/partners\/agencies\/#primaryimage"},"thumbnailUrl":"https:\/\/www.benchmarkemail.com\/es\/wp-content\/uploads\/sites\/4\/2022\/03\/227b1c22-agency-hero-00_10kb0cw000000000000000.png","datePublished":"2019-10-08T21:42:37+00:00","dateModified":"2023-02-28T19:36:30+00:00","breadcrumb":{"@id":"https:\/\/www.benchmarkemail.com\/de\/partners\/agencies\/#breadcrumb"},"inLanguage":"en-US","potentialAction":[{"@type":"ReadAction","target":["https:\/\/www.benchmarkemail.com\/de\/partners\/agencies\/"]}]},{"@type":"ImageObject","inLanguage":"en-US","@id":"https:\/\/www.benchmarkemail.com\/de\/partners\/agencies\/#primaryimage","url":"https:\/\/www.benchmarkemail.com\/es\/wp-content\/uploads\/sites\/4\/2022\/03\/227b1c22-agency-hero-00_10kb0cw000000000000000.png","contentUrl":"https:\/\/www.benchmarkemail.com\/es\/wp-content\/uploads\/sites\/4\/2022\/03\/227b1c22-agency-hero-00_10kb0cw000000000000000.png"},{"@type":"BreadcrumbList","@id":"https:\/\/www.benchmarkemail.com\/de\/partners\/agencies\/#breadcrumb","itemListElement":[{"@type":"ListItem","position":1,"name":"Home","item":"https:\/\/www.benchmarkemail.com\/de\/"},{"@type":"ListItem","position":2,"name":"Partners","item":"https:\/\/www.benchmarkemail.com\/de\/partners\/"},{"@type":"ListItem","position":3,"name":"Agency Partners"}]},{"@type":"WebSite","@id":"https:\/\/www.benchmarkemail.com\/de\/#website","url":"https:\/\/www.benchmarkemail.com\/de\/","name":"Marketing-Blog von Benchmark Email","description":"Digitales Marketing-Tool. Erfahren Sie mehr \u00fcber E-Mail-Marketing, Automatisierung, Lead-Gewinnung und -Pflege, etc.","publisher":{"@id":"https:\/\/www.benchmarkemail.com\/de\/#organization"},"potentialAction":[{"@type":"SearchAction","target":{"@type":"EntryPoint","urlTemplate":"https:\/\/www.benchmarkemail.com\/de\/?s={search_term_string}"},"query-input":{"@type":"PropertyValueSpecification","valueRequired":true,"valueName":"search_term_string"}}],"inLanguage":"en-US"},{"@type":"Organization","@id":"https:\/\/www.benchmarkemail.com\/de\/#organization","name":"Benchmark Internet Group, LLC","url":"https:\/\/www.benchmarkemail.com\/de\/","logo":{"@type":"ImageObject","inLanguage":"en-US","@id":"https:\/\/www.benchmarkemail.com\/de\/#\/schema\/logo\/image\/","url":"https:\/\/www.benchmarkemail.com\/de\/wp-content\/uploads\/sites\/5\/2019\/09\/benchmark-logo.svg","contentUrl":"https:\/\/www.benchmarkemail.com\/de\/wp-content\/uploads\/sites\/5\/2019\/09\/benchmark-logo.svg","width":1,"height":1,"caption":"Benchmark Internet Group, LLC"},"image":{"@id":"https:\/\/www.benchmarkemail.com\/de\/#\/schema\/logo\/image\/"},"sameAs":["https:\/\/www.facebook.com\/BenchmarkEmail","https:\/\/x.com\/benchmarkemail","https:\/\/www.instagram.com\/benchmarkemail\/","https:\/\/www.linkedin.com\/company\/benchmark-email\/","https:\/\/www.youtube.com\/channel\/UCS2asc1Z3ugpfkpnF2_mdbA"]}]}},"_links":{"self":[{"href":"https:\/\/www.benchmarkemail.com\/de\/wp-json\/wp\/v2\/pages\/453","targetHints":{"allow":["GET"]}}],"collection":[{"href":"https:\/\/www.benchmarkemail.com\/de\/wp-json\/wp\/v2\/pages"}],"about":[{"href":"https:\/\/www.benchmarkemail.com\/de\/wp-json\/wp\/v2\/types\/page"}],"author":[{"embeddable":true,"href":"https:\/\/www.benchmarkemail.com\/de\/wp-json\/wp\/v2\/users\/3"}],"replies":[{"embeddable":true,"href":"https:\/\/www.benchmarkemail.com\/de\/wp-json\/wp\/v2\/comments?post=453"}],"version-history":[{"count":0,"href":"https:\/\/www.benchmarkemail.com\/de\/wp-json\/wp\/v2\/pages\/453\/revisions"}],"up":[{"embeddable":true,"href":"https:\/\/www.benchmarkemail.com\/de\/wp-json\/wp\/v2\/pages\/68"}],"wp:attachment":[{"href":"https:\/\/www.benchmarkemail.com\/de\/wp-json\/wp\/v2\/media?parent=453"}],"curies":[{"name":"wp","href":"https:\/\/api.w.org\/{rel}","templated":true}]}}