{"id":47242,"date":"2025-09-15T14:23:39","date_gmt":"2025-09-15T14:23:39","guid":{"rendered":"https:\/\/www.benchmarkemail.com\/de\/?page_id=47242"},"modified":"2025-09-16T10:25:22","modified_gmt":"2025-09-16T10:25:22","slug":"co-branded-marketing-opportunities","status":"publish","type":"page","link":"https:\/\/www.benchmarkemail.com\/de\/co-branded-marketing-opportunities\/","title":{"rendered":"Co-Marketing-M\u00f6glichkeiten mit Benchmark Email"},"content":{"rendered":"\r\n<h2>Co-Marketing-M\u00f6glichkeiten mit Benchmark Email<\/h2>\r\n<p>Sind Sie derzeit auf der Suche nach wertvollen, hochwertigen Kan\u00e4len, um Ihre hilfreichen Erkenntnisse einzubringen? Bei Benchmark Email sind wir stets offen f\u00fcr ansprechende, gut ausgearbeitete und datengest\u00fctzte Inhalte, die f\u00fcr unsere Zielgruppe aus kleinen und mittleren Unternehmen von Nutzen sind.<\/p>\r\n<p><a href=\"#recent\" target=\"_self\"> M\u00d6GLICHKEITEN ANZEIGEN <\/a> <img loading=\"lazy\" decoding=\"async\" title=\"header-hero-image-at-2x\" src=\"https:\/\/www.benchmarkemail.com\/wp-content\/uploads\/2022\/08\/header-hero-image-at-2x.webp\" alt=\"header-hero-image-at-2x\" width=\"625\" height=\"514\" \/><\/p>\r\n<h3>M\u00f6chten Sie benachrichtigt werden, wenn neue M\u00f6glichkeiten ver\u00f6ffentlicht werden?<\/h3>\r\n<style>\r\n\/*FORM*\/\r\nbody .formbox-editor-1560179 {\r\n  background-color: inherit !important;\r\n}\r\n.formbox-editor-1560179 fieldset:first-of-type {\r\n  display: none !important;\r\n}\r\n.formbox-editor-1560179 {\r\n\tmargin: 0 auto !important;\r\n\tpadding: 0px 15px !important;\r\n\ttext-align: left !important;\r\n\tmax-width: 100% !important;\r\n\twidth: auto !important;\r\n\tbox-sizing: border-box !important;\r\n\ttext-align: center !important;\r\n\tbackground: transparent !important;\r\n}\r\n\r\n.formbox-editor-1560179 fieldset {\r\n\tdisplay: inline-block !important;\r\n\tborder: none !important;\r\n\tmargin: 0 !important;\r\n\tpadding: 0 5px !important;\r\n\tposition: relative !important;\r\n\twidth: auto !important;\r\n\tmax-width: 100% !important;\r\n\ttext-align: center !important;\r\n}\r\n\r\n.formbox-editor-1560179 fieldset>input,\r\n.formbox-editor fieldset>textarea,\r\n.formbox-editable-field {\r\n\tmargin: 10px 0 !important;\r\n\toutline: none !important;\r\n}\r\n\r\n.formbox-title-1560179 {\r\n\tbackground: none !important;\r\n\tborder: none !important;\r\n\tcolor: #000 !important;\r\n\tfont-size: 20px !important;\r\n\tpadding: 0 !important;\r\n\twidth: 100% !important;\r\n\tword-break: break-word !important;\r\n\tmargin: 10px 0 !important;\r\n}\r\n\r\n.formbox-title-1560179 {\r\n\tborder-radius: 0 !important;\r\n\tmin-height: 0 !important;\r\n}\r\n\r\ninput.formbox-field-1560179 {\r\n\tborder: none !important;\r\n\tborder-radius: 4px !important;\r\n\tbox-sizing: border-box !important;\r\n\tcolor: #000 !important;\r\n\tfont-size: 14px !important;\r\n\tpadding: 15px !important;\r\n\twidth: 100% !important;\r\n\theight: auto !important;\r\n\tmin-width: 280px;\r\n}\r\n\r\ninput.field-error-1560179 {\r\n\tborder-color: #f15858 !important;\r\n}\r\n\r\ninput.formbox-button-1560179 {\r\n\tbackground-color: #21292d !important;\r\n\tborder-width: 0 !important;\r\n\tborder-style: solid !important;\r\n\tborder-color: #21292d !important;\r\n\tborder-radius: 4px !important;\r\n\tcolor: #fff !important;\r\n\tdisplay: inline-block !important;\r\n\tfont-size: 14px !important;\r\n\tfont-weight: 400 !important;\r\n\tpadding: 15px !important;\r\n\tmargin: 10px 0 !important;\r\n\ttext-align: center !important;\r\n\tword-break: break-all !important;\r\n\tcursor: pointer !important;\r\n}\r\n\r\nbutton.formbox-button-1560179 {\r\n  background-color: #4e5ff9 !important;\r\n  border-width: 0 !important;\r\n  border-style: solid !important;\r\n  border-color: #4e5ff9 !important;\r\n  border-radius: 8px !important;\r\n  color: #fff !important;\r\n  display: inline-block !important;\r\n  font-size: 14px !important;\r\n  font-weight: 400 !important;\r\n  padding: 15px !important;\r\n  margin: 10px 0 !important;\r\n  text-align: center !important;\r\n  word-break: break-all !important;\r\n  cursor: pointer !important;\r\n}\r\n.formbox-title-1560179 {\r\n\tfont-family: Helvetica, Arial, sans-serif !important;\r\n\tfont-size: 20px !important;\r\n\tcolor: #000000 !important;\r\n\ttext-align: left !important;\r\n}\r\n\r\n.formbox-button-1560179 {\r\n\tfont-size: 12px !important;\r\n\tfont-weight: 600 !important;\r\n\tcolor: #ffffff !important;\r\n\tbackground-color: #4E5FF9 !important;\r\n\tborder-radius: 4px !important;\r\n\tborder-color: #4E5FF9 !important;\r\n\tborder-width: 0px !important;\r\n\ttext-transform: uppercase;\r\n\tletter-spacing: 0.5px;\r\n\tfont-weight: bold;\r\n\theight: 51px;\r\n\twidth: 150px;\r\n}\r\n\r\n#tdLogo1560179 img {\r\n\tmargin-botton: 10px !important;\r\n\tmax-width: 230px !important;\r\n}\r\n\/*end FORM*\/\r\n<\/style>\r\n\r\n\r\n<!--JB Tracker--> <script type=\"text\/javascript\"> var paq = paq || []; (function(){ if(window.apScriptInserted) return; _paq.push(['clientToken', 'Twn00J%2f3HDSrtOniJTtov1T%2fmQrCaowjnkzyTgsbeDYeBm2c%2flsAaA%3d%3d']); var d=document, g=d.createElement('script'), s=d.getElementsByTagName('script')[0]; g.type='text\/javascript'; g.async=true; g.defer=true; g.src='https:\/\/prod.benchmarkemail.com\/tracker.bundle.js'; s.parentNode.insertBefore(g,s); window.apScriptInserted=true;})(); <\/script> <!--\/JB Tracker-->  <!-- BEGIN: Benchmark Email Signup Form Code -->\r\n<script type=\"text\/javascript\" id=\"lbscript1560179\" src=\"https:\/\/lb.benchmarkemail.com\/\/code\/lbformnew.js?mFcQnoBFKMSmgmsZOrxvY8gJdt4KRNs4MgBMjeLf9jeZ5kqONGyEzw%3D%3D\"><\/script>\r\n\r\n<noscript> Please enable JavaScript <\/noscript>\r\n<!-- END: Benchmark Email Signup Form Code -->\r\n<p><img loading=\"lazy\" decoding=\"async\" title=\"contribute-at-2x\" src=\"https:\/\/www.benchmarkemail.com\/wp-content\/uploads\/2022\/08\/contribute-at-2x.webp\" alt=\"contribute-at-2x\" width=\"471\" height=\"339\" \/><\/p>\r\n<h2>Nachfolgend finden Sie einige M\u00f6glichkeiten f\u00fcr Beitr\u00e4ge.<\/h2>\r\n<p>Wenn Sie etwas Interessantes finden oder sich in einem Bereich gut auskennen, w\u00fcrden wir uns freuen, von Ihnen zu h\u00f6ren.<\/p>\r\n<p>Klicken Sie auf die Schaltfl\u00e4che \u201eBeitrag einreichen&#8221; unter der \u00dcberschrift Ihrer Wahl, f\u00fcllen Sie das Formular aus und wir melden uns bei Ihnen. Seien Sie beim Ausf\u00fcllen des Formulars so konkret wie m\u00f6glich. Wir erhalten t\u00e4glich zahlreiche Einsendungen, daher sollten Sie darauf achten, dass Ihre Einsendung auff\u00e4llt. Und denken Sie daran: Keine zu werblichen Inhalte. Wir suchen hilfreiche, lehrreiche Erkenntnisse und Beispiele aus der Praxis.<\/p>\r\n<h3>Neue M\u00f6glichkeiten<\/h3>\r\n<p>neue M\u00f6glichkeiten wurden diesen Monat ver\u00f6ffentlicht!<\/p>\r\n<h3>Wie Sie Ihre E-Mail-Strategie im Zeitalter von KI und Datenschutz\u00e4nderungen zukunftssicher gestalten<\/h3>\r\n<p>E-Mail-Marketing entwickelt sich rasant weiter. Angesichts von KI-generierten Inhalten, sich wandelnden Verbrauchererwartungen und strengeren Datenschutzbestimmungen (wie Apple Mail Privacy Protection und DSGVO) reicht es nicht mehr aus, am Status quo festzuhalten. In diesem Handbuch erfahren Sie, wie Sie sich anpassen und erfolgreich sein k\u00f6nnen, indem Sie die Personalisierung, Segmentierung und Automatisierung von E-Mails in einer Welt, in der Datenschutz an erster Stelle steht, neu \u00fcberdenken. In diesem Blogbeitrag finden Sie Tipps f\u00fcr den verantwortungsvollen Einsatz von KI, den Aufbau von Vertrauen bei Ihrer Zielgruppe und die Vorbereitung Ihrer E-Mail-Strategie auf die n\u00e4chste Welle des digitalen Wandels.<\/p>\r\n<p><a href=\"https:\/\/docs.google.com\/forms\/d\/e\/1FAIpQLSeNdjwHHpTkNwY3Q6FN8El_5W7k5Ln6YPgJCWtK7S1wGfPABg\/viewform?usp=header\" target=\"_blank\" rel=\"noopener\"> BEITRAG <\/a><\/p>\r\n","protected":false},"excerpt":{"rendered":"<p>Co-Marketing-M\u00f6glichkeiten mit Benchmark Email Sind Sie derzeit auf der Suche nach wertvollen, hochwertigen Kan\u00e4len, um Ihre hilfreichen Erkenntnisse einzubringen? Bei Benchmark Email sind wir stets offen f\u00fcr ansprechende, gut ausgearbeitete und datengest\u00fctzte Inhalte, die f\u00fcr unsere Zielgruppe aus kleinen und mittleren Unternehmen von Nutzen sind. M\u00d6GLICHKEITEN ANZEIGEN M\u00f6chten Sie benachrichtigt werden, wenn neue M\u00f6glichkeiten ver\u00f6ffentlicht&hellip;<\/p>\n","protected":false},"author":7,"featured_media":0,"parent":0,"menu_order":0,"comment_status":"closed","ping_status":"closed","template":"","meta":{"inline_featured_image":false,"footnotes":""},"class_list":["post-47242","page","type-page","status-publish","hentry"],"yoast_head":"<!-- This site is optimized with the Yoast SEO plugin v27.5 - https:\/\/yoast.com\/product\/yoast-seo-wordpress\/ -->\n<title>Co-Marketing-M\u00f6glichkeiten mit Benchmark Email - Benchmark Email<\/title>\n<meta name=\"robots\" content=\"index, follow, max-snippet:-1, max-image-preview:large, max-video-preview:-1\" \/>\n<link rel=\"canonical\" href=\"https:\/\/www.benchmarkemail.com\/de\/co-branded-marketing-opportunities\/\" \/>\n<meta property=\"og:locale\" content=\"en_US\" \/>\n<meta property=\"og:type\" content=\"article\" \/>\n<meta property=\"og:title\" content=\"Co-Marketing-M\u00f6glichkeiten mit Benchmark Email - Benchmark Email\" \/>\n<meta property=\"og:description\" content=\"Co-Marketing-M\u00f6glichkeiten mit Benchmark Email Sind Sie derzeit auf der Suche nach wertvollen, hochwertigen Kan\u00e4len, um Ihre hilfreichen Erkenntnisse einzubringen? Bei Benchmark Email sind wir stets offen f\u00fcr ansprechende, gut ausgearbeitete und datengest\u00fctzte Inhalte, die f\u00fcr unsere Zielgruppe aus kleinen und mittleren Unternehmen von Nutzen sind. M\u00d6GLICHKEITEN ANZEIGEN M\u00f6chten Sie benachrichtigt werden, wenn neue M\u00f6glichkeiten ver\u00f6ffentlicht&hellip;\" \/>\n<meta property=\"og:url\" content=\"https:\/\/www.benchmarkemail.com\/de\/co-branded-marketing-opportunities\/\" \/>\n<meta property=\"og:site_name\" content=\"Marketing-Blog von Benchmark Email\" \/>\n<meta property=\"article:publisher\" content=\"https:\/\/www.facebook.com\/BenchmarkEmail\" \/>\n<meta property=\"article:modified_time\" content=\"2025-09-16T10:25:22+00:00\" \/>\n<meta property=\"og:image\" content=\"https:\/\/www.benchmarkemail.com\/wp-content\/uploads\/2022\/08\/header-hero-image-at-2x.webp\" \/>\n<meta name=\"twitter:card\" content=\"summary_large_image\" \/>\n<meta name=\"twitter:site\" content=\"@benchmarkemail\" \/>\n<meta name=\"twitter:label1\" content=\"Est. reading time\" \/>\n\t<meta name=\"twitter:data1\" content=\"2 minutes\" \/>\n<script type=\"application\/ld+json\" class=\"yoast-schema-graph\">{\"@context\":\"https:\\\/\\\/schema.org\",\"@graph\":[{\"@type\":\"WebPage\",\"@id\":\"https:\\\/\\\/www.benchmarkemail.com\\\/de\\\/co-branded-marketing-opportunities\\\/\",\"url\":\"https:\\\/\\\/www.benchmarkemail.com\\\/de\\\/co-branded-marketing-opportunities\\\/\",\"name\":\"Co-Marketing-M\u00f6glichkeiten mit Benchmark Email - Benchmark Email\",\"isPartOf\":{\"@id\":\"https:\\\/\\\/www.benchmarkemail.com\\\/de\\\/#website\"},\"primaryImageOfPage\":{\"@id\":\"https:\\\/\\\/www.benchmarkemail.com\\\/de\\\/co-branded-marketing-opportunities\\\/#primaryimage\"},\"image\":{\"@id\":\"https:\\\/\\\/www.benchmarkemail.com\\\/de\\\/co-branded-marketing-opportunities\\\/#primaryimage\"},\"thumbnailUrl\":\"https:\\\/\\\/www.benchmarkemail.com\\\/wp-content\\\/uploads\\\/2022\\\/08\\\/header-hero-image-at-2x.webp\",\"datePublished\":\"2025-09-15T14:23:39+00:00\",\"dateModified\":\"2025-09-16T10:25:22+00:00\",\"breadcrumb\":{\"@id\":\"https:\\\/\\\/www.benchmarkemail.com\\\/de\\\/co-branded-marketing-opportunities\\\/#breadcrumb\"},\"inLanguage\":\"en-US\",\"potentialAction\":[{\"@type\":\"ReadAction\",\"target\":[\"https:\\\/\\\/www.benchmarkemail.com\\\/de\\\/co-branded-marketing-opportunities\\\/\"]}]},{\"@type\":\"ImageObject\",\"inLanguage\":\"en-US\",\"@id\":\"https:\\\/\\\/www.benchmarkemail.com\\\/de\\\/co-branded-marketing-opportunities\\\/#primaryimage\",\"url\":\"https:\\\/\\\/www.benchmarkemail.com\\\/wp-content\\\/uploads\\\/2022\\\/08\\\/header-hero-image-at-2x.webp\",\"contentUrl\":\"https:\\\/\\\/www.benchmarkemail.com\\\/wp-content\\\/uploads\\\/2022\\\/08\\\/header-hero-image-at-2x.webp\"},{\"@type\":\"BreadcrumbList\",\"@id\":\"https:\\\/\\\/www.benchmarkemail.com\\\/de\\\/co-branded-marketing-opportunities\\\/#breadcrumb\",\"itemListElement\":[{\"@type\":\"ListItem\",\"position\":1,\"name\":\"Home\",\"item\":\"https:\\\/\\\/www.benchmarkemail.com\\\/de\\\/\"},{\"@type\":\"ListItem\",\"position\":2,\"name\":\"Co-Marketing-M\u00f6glichkeiten mit Benchmark Email\"}]},{\"@type\":\"WebSite\",\"@id\":\"https:\\\/\\\/www.benchmarkemail.com\\\/de\\\/#website\",\"url\":\"https:\\\/\\\/www.benchmarkemail.com\\\/de\\\/\",\"name\":\"Marketing-Blog von Benchmark Email\",\"description\":\"Digitales Marketing-Tool. Erfahren Sie mehr \u00fcber E-Mail-Marketing, Automatisierung, Lead-Gewinnung und -Pflege, etc.\",\"publisher\":{\"@id\":\"https:\\\/\\\/www.benchmarkemail.com\\\/de\\\/#organization\"},\"potentialAction\":[{\"@type\":\"SearchAction\",\"target\":{\"@type\":\"EntryPoint\",\"urlTemplate\":\"https:\\\/\\\/www.benchmarkemail.com\\\/de\\\/?s={search_term_string}\"},\"query-input\":{\"@type\":\"PropertyValueSpecification\",\"valueRequired\":true,\"valueName\":\"search_term_string\"}}],\"inLanguage\":\"en-US\"},{\"@type\":\"Organization\",\"@id\":\"https:\\\/\\\/www.benchmarkemail.com\\\/de\\\/#organization\",\"name\":\"Benchmark Internet Group, LLC\",\"url\":\"https:\\\/\\\/www.benchmarkemail.com\\\/de\\\/\",\"logo\":{\"@type\":\"ImageObject\",\"inLanguage\":\"en-US\",\"@id\":\"https:\\\/\\\/www.benchmarkemail.com\\\/de\\\/#\\\/schema\\\/logo\\\/image\\\/\",\"url\":\"https:\\\/\\\/www.benchmarkemail.com\\\/de\\\/wp-content\\\/uploads\\\/sites\\\/5\\\/2019\\\/09\\\/benchmark-logo.svg\",\"contentUrl\":\"https:\\\/\\\/www.benchmarkemail.com\\\/de\\\/wp-content\\\/uploads\\\/sites\\\/5\\\/2019\\\/09\\\/benchmark-logo.svg\",\"width\":1,\"height\":1,\"caption\":\"Benchmark Internet Group, LLC\"},\"image\":{\"@id\":\"https:\\\/\\\/www.benchmarkemail.com\\\/de\\\/#\\\/schema\\\/logo\\\/image\\\/\"},\"sameAs\":[\"https:\\\/\\\/www.facebook.com\\\/BenchmarkEmail\",\"https:\\\/\\\/x.com\\\/benchmarkemail\",\"https:\\\/\\\/www.instagram.com\\\/benchmarkemail\\\/\",\"https:\\\/\\\/www.linkedin.com\\\/company\\\/benchmark-email\\\/\",\"https:\\\/\\\/www.youtube.com\\\/channel\\\/UCS2asc1Z3ugpfkpnF2_mdbA\"]}]}<\/script>\n<!-- \/ Yoast SEO plugin. -->","yoast_head_json":{"title":"Co-Marketing-M\u00f6glichkeiten mit Benchmark Email - Benchmark Email","robots":{"index":"index","follow":"follow","max-snippet":"max-snippet:-1","max-image-preview":"max-image-preview:large","max-video-preview":"max-video-preview:-1"},"canonical":"https:\/\/www.benchmarkemail.com\/de\/co-branded-marketing-opportunities\/","og_locale":"en_US","og_type":"article","og_title":"Co-Marketing-M\u00f6glichkeiten mit Benchmark Email - Benchmark Email","og_description":"Co-Marketing-M\u00f6glichkeiten mit Benchmark Email Sind Sie derzeit auf der Suche nach wertvollen, hochwertigen Kan\u00e4len, um Ihre hilfreichen Erkenntnisse einzubringen? Bei Benchmark Email sind wir stets offen f\u00fcr ansprechende, gut ausgearbeitete und datengest\u00fctzte Inhalte, die f\u00fcr unsere Zielgruppe aus kleinen und mittleren Unternehmen von Nutzen sind. M\u00d6GLICHKEITEN ANZEIGEN M\u00f6chten Sie benachrichtigt werden, wenn neue M\u00f6glichkeiten ver\u00f6ffentlicht&hellip;","og_url":"https:\/\/www.benchmarkemail.com\/de\/co-branded-marketing-opportunities\/","og_site_name":"Marketing-Blog von Benchmark Email","article_publisher":"https:\/\/www.facebook.com\/BenchmarkEmail","article_modified_time":"2025-09-16T10:25:22+00:00","og_image":[{"url":"https:\/\/www.benchmarkemail.com\/wp-content\/uploads\/2022\/08\/header-hero-image-at-2x.webp","type":"","width":"","height":""}],"twitter_card":"summary_large_image","twitter_site":"@benchmarkemail","twitter_misc":{"Est. reading time":"2 minutes"},"schema":{"@context":"https:\/\/schema.org","@graph":[{"@type":"WebPage","@id":"https:\/\/www.benchmarkemail.com\/de\/co-branded-marketing-opportunities\/","url":"https:\/\/www.benchmarkemail.com\/de\/co-branded-marketing-opportunities\/","name":"Co-Marketing-M\u00f6glichkeiten mit Benchmark Email - Benchmark Email","isPartOf":{"@id":"https:\/\/www.benchmarkemail.com\/de\/#website"},"primaryImageOfPage":{"@id":"https:\/\/www.benchmarkemail.com\/de\/co-branded-marketing-opportunities\/#primaryimage"},"image":{"@id":"https:\/\/www.benchmarkemail.com\/de\/co-branded-marketing-opportunities\/#primaryimage"},"thumbnailUrl":"https:\/\/www.benchmarkemail.com\/wp-content\/uploads\/2022\/08\/header-hero-image-at-2x.webp","datePublished":"2025-09-15T14:23:39+00:00","dateModified":"2025-09-16T10:25:22+00:00","breadcrumb":{"@id":"https:\/\/www.benchmarkemail.com\/de\/co-branded-marketing-opportunities\/#breadcrumb"},"inLanguage":"en-US","potentialAction":[{"@type":"ReadAction","target":["https:\/\/www.benchmarkemail.com\/de\/co-branded-marketing-opportunities\/"]}]},{"@type":"ImageObject","inLanguage":"en-US","@id":"https:\/\/www.benchmarkemail.com\/de\/co-branded-marketing-opportunities\/#primaryimage","url":"https:\/\/www.benchmarkemail.com\/wp-content\/uploads\/2022\/08\/header-hero-image-at-2x.webp","contentUrl":"https:\/\/www.benchmarkemail.com\/wp-content\/uploads\/2022\/08\/header-hero-image-at-2x.webp"},{"@type":"BreadcrumbList","@id":"https:\/\/www.benchmarkemail.com\/de\/co-branded-marketing-opportunities\/#breadcrumb","itemListElement":[{"@type":"ListItem","position":1,"name":"Home","item":"https:\/\/www.benchmarkemail.com\/de\/"},{"@type":"ListItem","position":2,"name":"Co-Marketing-M\u00f6glichkeiten mit Benchmark Email"}]},{"@type":"WebSite","@id":"https:\/\/www.benchmarkemail.com\/de\/#website","url":"https:\/\/www.benchmarkemail.com\/de\/","name":"Marketing-Blog von Benchmark Email","description":"Digitales Marketing-Tool. Erfahren Sie mehr \u00fcber E-Mail-Marketing, Automatisierung, Lead-Gewinnung und -Pflege, etc.","publisher":{"@id":"https:\/\/www.benchmarkemail.com\/de\/#organization"},"potentialAction":[{"@type":"SearchAction","target":{"@type":"EntryPoint","urlTemplate":"https:\/\/www.benchmarkemail.com\/de\/?s={search_term_string}"},"query-input":{"@type":"PropertyValueSpecification","valueRequired":true,"valueName":"search_term_string"}}],"inLanguage":"en-US"},{"@type":"Organization","@id":"https:\/\/www.benchmarkemail.com\/de\/#organization","name":"Benchmark Internet Group, LLC","url":"https:\/\/www.benchmarkemail.com\/de\/","logo":{"@type":"ImageObject","inLanguage":"en-US","@id":"https:\/\/www.benchmarkemail.com\/de\/#\/schema\/logo\/image\/","url":"https:\/\/www.benchmarkemail.com\/de\/wp-content\/uploads\/sites\/5\/2019\/09\/benchmark-logo.svg","contentUrl":"https:\/\/www.benchmarkemail.com\/de\/wp-content\/uploads\/sites\/5\/2019\/09\/benchmark-logo.svg","width":1,"height":1,"caption":"Benchmark Internet Group, LLC"},"image":{"@id":"https:\/\/www.benchmarkemail.com\/de\/#\/schema\/logo\/image\/"},"sameAs":["https:\/\/www.facebook.com\/BenchmarkEmail","https:\/\/x.com\/benchmarkemail","https:\/\/www.instagram.com\/benchmarkemail\/","https:\/\/www.linkedin.com\/company\/benchmark-email\/","https:\/\/www.youtube.com\/channel\/UCS2asc1Z3ugpfkpnF2_mdbA"]}]}},"_links":{"self":[{"href":"https:\/\/www.benchmarkemail.com\/de\/wp-json\/wp\/v2\/pages\/47242","targetHints":{"allow":["GET"]}}],"collection":[{"href":"https:\/\/www.benchmarkemail.com\/de\/wp-json\/wp\/v2\/pages"}],"about":[{"href":"https:\/\/www.benchmarkemail.com\/de\/wp-json\/wp\/v2\/types\/page"}],"author":[{"embeddable":true,"href":"https:\/\/www.benchmarkemail.com\/de\/wp-json\/wp\/v2\/users\/7"}],"replies":[{"embeddable":true,"href":"https:\/\/www.benchmarkemail.com\/de\/wp-json\/wp\/v2\/comments?post=47242"}],"version-history":[{"count":0,"href":"https:\/\/www.benchmarkemail.com\/de\/wp-json\/wp\/v2\/pages\/47242\/revisions"}],"wp:attachment":[{"href":"https:\/\/www.benchmarkemail.com\/de\/wp-json\/wp\/v2\/media?parent=47242"}],"curies":[{"name":"wp","href":"https:\/\/api.w.org\/{rel}","templated":true}]}}