{"id":48586,"date":"2025-11-20T11:27:18","date_gmt":"2025-11-20T11:27:18","guid":{"rendered":"https:\/\/www.benchmarkemail.com\/de\/?page_id=48586"},"modified":"2025-11-26T14:41:50","modified_gmt":"2025-11-26T14:41:50","slug":"12-days-of-benchmark","status":"publish","type":"page","link":"https:\/\/www.benchmarkemail.com\/de\/12-days-of-benchmark\/","title":{"rendered":"12 Tage Weihnachtsgeschenke \u2013 Benchmark Email"},"content":{"rendered":"\n\n\t\t\t\t<img decoding=\"async\" src=\"https:\/\/www.benchmarkemail.com\/fr\/wp-content\/uploads\/sites\/3\/2019\/10\/logo.svg\" alt=\"logo.svg\" itemprop=\"image\" title=\"logo.svg\" onerror=\"this.style.display='none'\" loading=\"lazy\" \/>\n<h1>\n\t\t\t12 Tage Weihnachtsgeschenke &#8211; Benchmark Email\t<\/h1>\n\t<p>\u00d6ffnen Sie vom 1. bis 12. Dezember jeden Tag ein neues E-Mail-Geschenk mit weihnachtlichen Tipps, Vorlagen und Tricks, um Ihre Kampagnen zum Erfolg zu f\u00fchren.<\/p>\n\t\t\t<a href=\"#\" role=\"button\">\n\t\t\t\t\t\t\tMeine Geschenke einl\u00f6sen\n\t\t\t\t\t<\/a>\n    <img decoding=\"async\" src=\"https:\/\/www.benchmarkemail.com\/images\/nxg\/12-days-of-benchmark\/sparkle.svg\" alt=\"sparkle\"\/>\n    Lametta und Lichterketten sind nicht enthalten. Aber daf\u00fcr gibt es weihnachtliche Magie f\u00fcr Ihren Posteingang.\n\n<form action=\"https:\/\/app.hatchbuck.com\/onlineForm\/submit.php\" method=\"post\" name=\"form_93633624145\" accept-charset=\"utf-8\"><input type=\"hidden\" name=\"formID\" value=\"93633624145\"\/><input type=\"hidden\" id=\"topRedirect\" name=\"topRedirect\" value=\"true\"\/><input type=\"hidden\" name=\"enableServerValidation\" value=\"1\"\/><input type=\"hidden\" name=\"enable303Redirect\" value=\"0\"\/><label for=\"input_1\"> Vorname <\/label> <input type=\"text\" id=\"input_1\" name=\"q1_firstName1\" size=\"51\" placeholder=\"Bitte geben Sie Ihren Vornamen ein\" required=\"required\"\/> <label for=\"input_3\"> Nachname <\/label> <input type=\"text\" id=\"input_3\" name=\"q3_lastName3\" size=\"51\"   placeholder=\"Bitte geben Sie Ihren Nachnamen ein\"\/> <label for=\"input_4\"> E-Mail <\/label> <input type=\"email\" id=\"input_4\" name=\"q4_email\" size=\"51\" placeholder=\"Bitte geben Sie Ihre E-Mail-Adresse ein\" required=\"required\"\/> <button type=\"submit\">Meine Geschenke einl\u00f6sen<\/button><li>Should be Empty: <input type=\"hidden\" name=\"website\" value=\"\"\/><\/li><input type=\"hidden\" id=\"simple_spc\" name=\"simple_spc\" value=\"93633624145-93633624145\"\/><\/form>\n<!-- Hidden success block -->\n<!---->\n<!--  <img decoding=\"async\" src=\"https:\/\/www.benchmarkemail.com\/images\/nxg\/12-days-of-benchmark\/sparkle.svg\" alt=\"sparkle\"\/>-->\n<!--  <h2>You're in!<\/h2>-->\n<!--  <p>Thanks for signing up-your Holiday Resource<br \/>List is on its way to your inbox.<\/p>-->\n<!--  <button>Thank you!<\/button>-->\n<!---->\n\t\t\t\t<img decoding=\"async\" src=\"https:\/\/www.benchmarkemail.com\/images\/nxg\/12-days-of-benchmark\/holidays.svg\" alt=\"holidays.svg\" itemprop=\"image\" title=\"holidays.svg\" onerror=\"this.style.display='none'\" loading=\"lazy\" \/>\n<h2>\n\t\t\tDie Weihnachtsfeiertage sind bereits ausreichend gesch\u00e4ftig &#8211; Ihr E-Mail-Marketing sollte es nicht sein.\t<\/h2>\n\t<p>Aus diesem Grund liefert Benchmark Ihnen 12 Tage lang gebrauchsfertige Geschenke direkt in Ihren Posteingang. Betrachten Sie es als Ihren Adventskalender f\u00fcr Marketer:<\/p>\n\t<ul>\n    <li>\n<b>Tag 1: <\/b>Betreffzeilen, die begeistern\n    <\/li>\n        <li>\n<b>Tag 2: <\/b>Farbpaletten f\u00fcr die Feiertage (keine unpassenden Pullover enthalten)\n    <\/li>\n<li>\n<b>Tag 3<\/b> :Eine weihnachtliche Plug-and-Play-Vorlage\n<\/li>\n<li>\n &#8230;&#8230; und 9 weitere t\u00e4gliche \u00dcberraschungen, damit Ihre Kampagnen fr\u00f6hlich und strahlend bleiben.<\/li>\n<\/ul>\n\t<p>Keine Floskeln, kein Schnickschnack &#8211; nur kleine Geschenke, mit denen Sie Ihr Publikum in der gesch\u00e4ftigsten Zeit des Jahres tats\u00e4chlich erreichen k\u00f6nnen.<\/p>\n\t\t\t\t<img decoding=\"async\" src=\"https:\/\/www.benchmarkemail.com\/images\/nxg\/12-days-of-benchmark\/sparkle.svg\" alt=\"sparkle.svg\" itemprop=\"image\" title=\"sparkle.svg\" onerror=\"this.style.display='none'\" loading=\"lazy\" \/>\n<h3>\n\t\t\tMelden Sie sich jetzt an, um Ihre E-Mail-Geschenke am 1. Dezember auszupacken.\t<\/h3>\n\t<p>Lametta und Lichterketten sind nicht enthalten. Aber daf\u00fcr gibt es weihnachtliche Magie f\u00fcr Ihren Posteingang.<\/p>\n\t<form action=\"https:\/\/app.hatchbuck.com\/onlineForm\/submit.php\" method=\"post\" name=\"form_93633624145\" accept-charset=\"utf-8\"><input type=\"hidden\" name=\"formID\" value=\"93633624145\"\/><input type=\"hidden\" id=\"topRedirect\" name=\"topRedirect\" value=\"true\"\/><input type=\"hidden\" name=\"enableServerValidation\" value=\"1\"\/><input type=\"hidden\" name=\"enable303Redirect\" value=\"0\"\/>\n<input type=\"email\" id=\"input_4\" name=\"q4_email\" placeholder=\"Bitte geben Sie Ihre E-Mail-Adresse ein\" required\/> \n<button type=\"submit\">Jetzt kostenlos starten<\/button> <li>Should be Empty: <input type=\"hidden\" name=\"website\" value=\"\"\/><\/li><input type=\"hidden\" id=\"simple_spc\" name=\"simple_spc\" value=\"93633624145-93633624145\"\/><\/form>\n\n","protected":false},"excerpt":{"rendered":"<p>12 Tage Weihnachtsgeschenke &#8211; Benchmark Email \u00d6ffnen Sie vom 1. bis 12. Dezember jeden Tag ein neues E-Mail-Geschenk mit weihnachtlichen Tipps, Vorlagen und Tricks, um Ihre Kampagnen zum Erfolg zu f\u00fchren. Meine Geschenke einl\u00f6sen Lametta und Lichterketten sind nicht enthalten. Aber daf\u00fcr gibt es weihnachtliche Magie f\u00fcr Ihren Posteingang. Vorname Nachname E-Mail Meine Geschenke einl\u00f6sen&hellip;<\/p>\n","protected":false},"author":7,"featured_media":0,"parent":0,"menu_order":0,"comment_status":"closed","ping_status":"closed","template":"","meta":{"inline_featured_image":false,"footnotes":""},"class_list":["post-48586","page","type-page","status-publish","hentry"],"yoast_head":"<!-- This site is optimized with the Yoast SEO plugin v27.4 - https:\/\/yoast.com\/product\/yoast-seo-wordpress\/ -->\n<title>12 Tage Weihnachtsgeschenke \u2013 Benchmark Email - Benchmark Email<\/title>\n<meta name=\"description\" content=\"\u00d6ffnen Sie vom 1. bis 12. Dezember jeden Tag ein neues E-Mail-Weihnachtsgeschenk mit festlichen Tipps, Vorlagen und Tricks, um Ihre Kampagnen zum Strahlen zu bringen.\" \/>\n<meta name=\"robots\" content=\"index, follow, max-snippet:-1, max-image-preview:large, max-video-preview:-1\" \/>\n<link rel=\"canonical\" href=\"https:\/\/www.benchmarkemail.com\/de\/12-days-of-benchmark\/\" \/>\n<meta property=\"og:locale\" content=\"en_US\" \/>\n<meta property=\"og:type\" content=\"article\" \/>\n<meta property=\"og:title\" content=\"12 Tage Weihnachtsgeschenke \u2013 Benchmark Email - Benchmark Email\" \/>\n<meta property=\"og:description\" content=\"\u00d6ffnen Sie vom 1. bis 12. Dezember jeden Tag ein neues E-Mail-Weihnachtsgeschenk mit festlichen Tipps, Vorlagen und Tricks, um Ihre Kampagnen zum Strahlen zu bringen.\" \/>\n<meta property=\"og:url\" content=\"https:\/\/www.benchmarkemail.com\/de\/12-days-of-benchmark\/\" \/>\n<meta property=\"og:site_name\" content=\"Marketing-Blog von Benchmark Email\" \/>\n<meta property=\"article:publisher\" content=\"https:\/\/www.facebook.com\/BenchmarkEmail\" \/>\n<meta property=\"article:modified_time\" content=\"2025-11-26T14:41:50+00:00\" \/>\n<meta property=\"og:image\" content=\"https:\/\/www.benchmarkemail.com\/fr\/wp-content\/uploads\/sites\/3\/2019\/10\/logo.svg\" \/>\n<meta name=\"twitter:card\" content=\"summary_large_image\" \/>\n<meta name=\"twitter:site\" content=\"@benchmarkemail\" \/>\n<meta name=\"twitter:label1\" content=\"Est. reading time\" \/>\n\t<meta name=\"twitter:data1\" content=\"2 minutes\" \/>\n<script type=\"application\/ld+json\" class=\"yoast-schema-graph\">{\"@context\":\"https:\\\/\\\/schema.org\",\"@graph\":[{\"@type\":\"WebPage\",\"@id\":\"https:\\\/\\\/www.benchmarkemail.com\\\/de\\\/12-days-of-benchmark\\\/\",\"url\":\"https:\\\/\\\/www.benchmarkemail.com\\\/de\\\/12-days-of-benchmark\\\/\",\"name\":\"12 Tage Weihnachtsgeschenke \u2013 Benchmark Email - Benchmark Email\",\"isPartOf\":{\"@id\":\"https:\\\/\\\/www.benchmarkemail.com\\\/de\\\/#website\"},\"primaryImageOfPage\":{\"@id\":\"https:\\\/\\\/www.benchmarkemail.com\\\/de\\\/12-days-of-benchmark\\\/#primaryimage\"},\"image\":{\"@id\":\"https:\\\/\\\/www.benchmarkemail.com\\\/de\\\/12-days-of-benchmark\\\/#primaryimage\"},\"thumbnailUrl\":\"https:\\\/\\\/www.benchmarkemail.com\\\/fr\\\/wp-content\\\/uploads\\\/sites\\\/3\\\/2019\\\/10\\\/logo.svg\",\"datePublished\":\"2025-11-20T11:27:18+00:00\",\"dateModified\":\"2025-11-26T14:41:50+00:00\",\"description\":\"\u00d6ffnen Sie vom 1. bis 12. Dezember jeden Tag ein neues E-Mail-Weihnachtsgeschenk mit festlichen Tipps, Vorlagen und Tricks, um Ihre Kampagnen zum Strahlen zu bringen.\",\"breadcrumb\":{\"@id\":\"https:\\\/\\\/www.benchmarkemail.com\\\/de\\\/12-days-of-benchmark\\\/#breadcrumb\"},\"inLanguage\":\"en-US\",\"potentialAction\":[{\"@type\":\"ReadAction\",\"target\":[\"https:\\\/\\\/www.benchmarkemail.com\\\/de\\\/12-days-of-benchmark\\\/\"]}]},{\"@type\":\"ImageObject\",\"inLanguage\":\"en-US\",\"@id\":\"https:\\\/\\\/www.benchmarkemail.com\\\/de\\\/12-days-of-benchmark\\\/#primaryimage\",\"url\":\"https:\\\/\\\/www.benchmarkemail.com\\\/fr\\\/wp-content\\\/uploads\\\/sites\\\/3\\\/2019\\\/10\\\/logo.svg\",\"contentUrl\":\"https:\\\/\\\/www.benchmarkemail.com\\\/fr\\\/wp-content\\\/uploads\\\/sites\\\/3\\\/2019\\\/10\\\/logo.svg\"},{\"@type\":\"BreadcrumbList\",\"@id\":\"https:\\\/\\\/www.benchmarkemail.com\\\/de\\\/12-days-of-benchmark\\\/#breadcrumb\",\"itemListElement\":[{\"@type\":\"ListItem\",\"position\":1,\"name\":\"Home\",\"item\":\"https:\\\/\\\/www.benchmarkemail.com\\\/de\\\/\"},{\"@type\":\"ListItem\",\"position\":2,\"name\":\"12 Tage Weihnachtsgeschenke \u2013 Benchmark Email\"}]},{\"@type\":\"WebSite\",\"@id\":\"https:\\\/\\\/www.benchmarkemail.com\\\/de\\\/#website\",\"url\":\"https:\\\/\\\/www.benchmarkemail.com\\\/de\\\/\",\"name\":\"Marketing-Blog von Benchmark Email\",\"description\":\"Digitales Marketing-Tool. Erfahren Sie mehr \u00fcber E-Mail-Marketing, Automatisierung, Lead-Gewinnung und -Pflege, etc.\",\"publisher\":{\"@id\":\"https:\\\/\\\/www.benchmarkemail.com\\\/de\\\/#organization\"},\"potentialAction\":[{\"@type\":\"SearchAction\",\"target\":{\"@type\":\"EntryPoint\",\"urlTemplate\":\"https:\\\/\\\/www.benchmarkemail.com\\\/de\\\/?s={search_term_string}\"},\"query-input\":{\"@type\":\"PropertyValueSpecification\",\"valueRequired\":true,\"valueName\":\"search_term_string\"}}],\"inLanguage\":\"en-US\"},{\"@type\":\"Organization\",\"@id\":\"https:\\\/\\\/www.benchmarkemail.com\\\/de\\\/#organization\",\"name\":\"Benchmark Internet Group, LLC\",\"url\":\"https:\\\/\\\/www.benchmarkemail.com\\\/de\\\/\",\"logo\":{\"@type\":\"ImageObject\",\"inLanguage\":\"en-US\",\"@id\":\"https:\\\/\\\/www.benchmarkemail.com\\\/de\\\/#\\\/schema\\\/logo\\\/image\\\/\",\"url\":\"https:\\\/\\\/www.benchmarkemail.com\\\/de\\\/wp-content\\\/uploads\\\/sites\\\/5\\\/2019\\\/09\\\/benchmark-logo.svg\",\"contentUrl\":\"https:\\\/\\\/www.benchmarkemail.com\\\/de\\\/wp-content\\\/uploads\\\/sites\\\/5\\\/2019\\\/09\\\/benchmark-logo.svg\",\"width\":1,\"height\":1,\"caption\":\"Benchmark Internet Group, LLC\"},\"image\":{\"@id\":\"https:\\\/\\\/www.benchmarkemail.com\\\/de\\\/#\\\/schema\\\/logo\\\/image\\\/\"},\"sameAs\":[\"https:\\\/\\\/www.facebook.com\\\/BenchmarkEmail\",\"https:\\\/\\\/x.com\\\/benchmarkemail\",\"https:\\\/\\\/www.instagram.com\\\/benchmarkemail\\\/\",\"https:\\\/\\\/www.linkedin.com\\\/company\\\/benchmark-email\\\/\",\"https:\\\/\\\/www.youtube.com\\\/channel\\\/UCS2asc1Z3ugpfkpnF2_mdbA\"]}]}<\/script>\n<!-- \/ Yoast SEO plugin. -->","yoast_head_json":{"title":"12 Tage Weihnachtsgeschenke \u2013 Benchmark Email - Benchmark Email","description":"\u00d6ffnen Sie vom 1. bis 12. Dezember jeden Tag ein neues E-Mail-Weihnachtsgeschenk mit festlichen Tipps, Vorlagen und Tricks, um Ihre Kampagnen zum Strahlen zu bringen.","robots":{"index":"index","follow":"follow","max-snippet":"max-snippet:-1","max-image-preview":"max-image-preview:large","max-video-preview":"max-video-preview:-1"},"canonical":"https:\/\/www.benchmarkemail.com\/de\/12-days-of-benchmark\/","og_locale":"en_US","og_type":"article","og_title":"12 Tage Weihnachtsgeschenke \u2013 Benchmark Email - Benchmark Email","og_description":"\u00d6ffnen Sie vom 1. bis 12. Dezember jeden Tag ein neues E-Mail-Weihnachtsgeschenk mit festlichen Tipps, Vorlagen und Tricks, um Ihre Kampagnen zum Strahlen zu bringen.","og_url":"https:\/\/www.benchmarkemail.com\/de\/12-days-of-benchmark\/","og_site_name":"Marketing-Blog von Benchmark Email","article_publisher":"https:\/\/www.facebook.com\/BenchmarkEmail","article_modified_time":"2025-11-26T14:41:50+00:00","og_image":[{"url":"https:\/\/www.benchmarkemail.com\/fr\/wp-content\/uploads\/sites\/3\/2019\/10\/logo.svg","type":"","width":"","height":""}],"twitter_card":"summary_large_image","twitter_site":"@benchmarkemail","twitter_misc":{"Est. reading time":"2 minutes"},"schema":{"@context":"https:\/\/schema.org","@graph":[{"@type":"WebPage","@id":"https:\/\/www.benchmarkemail.com\/de\/12-days-of-benchmark\/","url":"https:\/\/www.benchmarkemail.com\/de\/12-days-of-benchmark\/","name":"12 Tage Weihnachtsgeschenke \u2013 Benchmark Email - Benchmark Email","isPartOf":{"@id":"https:\/\/www.benchmarkemail.com\/de\/#website"},"primaryImageOfPage":{"@id":"https:\/\/www.benchmarkemail.com\/de\/12-days-of-benchmark\/#primaryimage"},"image":{"@id":"https:\/\/www.benchmarkemail.com\/de\/12-days-of-benchmark\/#primaryimage"},"thumbnailUrl":"https:\/\/www.benchmarkemail.com\/fr\/wp-content\/uploads\/sites\/3\/2019\/10\/logo.svg","datePublished":"2025-11-20T11:27:18+00:00","dateModified":"2025-11-26T14:41:50+00:00","description":"\u00d6ffnen Sie vom 1. bis 12. Dezember jeden Tag ein neues E-Mail-Weihnachtsgeschenk mit festlichen Tipps, Vorlagen und Tricks, um Ihre Kampagnen zum Strahlen zu bringen.","breadcrumb":{"@id":"https:\/\/www.benchmarkemail.com\/de\/12-days-of-benchmark\/#breadcrumb"},"inLanguage":"en-US","potentialAction":[{"@type":"ReadAction","target":["https:\/\/www.benchmarkemail.com\/de\/12-days-of-benchmark\/"]}]},{"@type":"ImageObject","inLanguage":"en-US","@id":"https:\/\/www.benchmarkemail.com\/de\/12-days-of-benchmark\/#primaryimage","url":"https:\/\/www.benchmarkemail.com\/fr\/wp-content\/uploads\/sites\/3\/2019\/10\/logo.svg","contentUrl":"https:\/\/www.benchmarkemail.com\/fr\/wp-content\/uploads\/sites\/3\/2019\/10\/logo.svg"},{"@type":"BreadcrumbList","@id":"https:\/\/www.benchmarkemail.com\/de\/12-days-of-benchmark\/#breadcrumb","itemListElement":[{"@type":"ListItem","position":1,"name":"Home","item":"https:\/\/www.benchmarkemail.com\/de\/"},{"@type":"ListItem","position":2,"name":"12 Tage Weihnachtsgeschenke \u2013 Benchmark Email"}]},{"@type":"WebSite","@id":"https:\/\/www.benchmarkemail.com\/de\/#website","url":"https:\/\/www.benchmarkemail.com\/de\/","name":"Marketing-Blog von Benchmark Email","description":"Digitales Marketing-Tool. Erfahren Sie mehr \u00fcber E-Mail-Marketing, Automatisierung, Lead-Gewinnung und -Pflege, etc.","publisher":{"@id":"https:\/\/www.benchmarkemail.com\/de\/#organization"},"potentialAction":[{"@type":"SearchAction","target":{"@type":"EntryPoint","urlTemplate":"https:\/\/www.benchmarkemail.com\/de\/?s={search_term_string}"},"query-input":{"@type":"PropertyValueSpecification","valueRequired":true,"valueName":"search_term_string"}}],"inLanguage":"en-US"},{"@type":"Organization","@id":"https:\/\/www.benchmarkemail.com\/de\/#organization","name":"Benchmark Internet Group, LLC","url":"https:\/\/www.benchmarkemail.com\/de\/","logo":{"@type":"ImageObject","inLanguage":"en-US","@id":"https:\/\/www.benchmarkemail.com\/de\/#\/schema\/logo\/image\/","url":"https:\/\/www.benchmarkemail.com\/de\/wp-content\/uploads\/sites\/5\/2019\/09\/benchmark-logo.svg","contentUrl":"https:\/\/www.benchmarkemail.com\/de\/wp-content\/uploads\/sites\/5\/2019\/09\/benchmark-logo.svg","width":1,"height":1,"caption":"Benchmark Internet Group, LLC"},"image":{"@id":"https:\/\/www.benchmarkemail.com\/de\/#\/schema\/logo\/image\/"},"sameAs":["https:\/\/www.facebook.com\/BenchmarkEmail","https:\/\/x.com\/benchmarkemail","https:\/\/www.instagram.com\/benchmarkemail\/","https:\/\/www.linkedin.com\/company\/benchmark-email\/","https:\/\/www.youtube.com\/channel\/UCS2asc1Z3ugpfkpnF2_mdbA"]}]}},"_links":{"self":[{"href":"https:\/\/www.benchmarkemail.com\/de\/wp-json\/wp\/v2\/pages\/48586","targetHints":{"allow":["GET"]}}],"collection":[{"href":"https:\/\/www.benchmarkemail.com\/de\/wp-json\/wp\/v2\/pages"}],"about":[{"href":"https:\/\/www.benchmarkemail.com\/de\/wp-json\/wp\/v2\/types\/page"}],"author":[{"embeddable":true,"href":"https:\/\/www.benchmarkemail.com\/de\/wp-json\/wp\/v2\/users\/7"}],"replies":[{"embeddable":true,"href":"https:\/\/www.benchmarkemail.com\/de\/wp-json\/wp\/v2\/comments?post=48586"}],"version-history":[{"count":0,"href":"https:\/\/www.benchmarkemail.com\/de\/wp-json\/wp\/v2\/pages\/48586\/revisions"}],"wp:attachment":[{"href":"https:\/\/www.benchmarkemail.com\/de\/wp-json\/wp\/v2\/media?parent=48586"}],"curies":[{"name":"wp","href":"https:\/\/api.w.org\/{rel}","templated":true}]}}