{"id":48615,"date":"2025-11-25T12:26:30","date_gmt":"2025-11-25T12:26:30","guid":{"rendered":"https:\/\/www.benchmarkemail.com\/de\/?page_id=48615"},"modified":"2025-12-03T12:21:35","modified_gmt":"2025-12-03T12:21:35","slug":"timing-email-sends","status":"publish","type":"page","link":"https:\/\/www.benchmarkemail.com\/de\/12-days-of-benchmark\/timing-email-sends\/","title":{"rendered":"Bew\u00e4hrte Methoden f\u00fcr den richtigen Zeitpunkt, Ihre Weihnachts-E-Mails zu senden"},"content":{"rendered":"\n<h1>\n\t\t\tBew\u00e4hrte Methoden f\u00fcr den richtigen Zeitpunkt, Ihre Weihnachts-E-Mails zu senden\t<\/h1>\n\t<p>Wenn Sie zum falschen Zeitpunkt senden, besteht die Gefahr, dass selbst die beste Weihnachts-E-Mail untergeht. Die gute Nachricht? Sie ben\u00f6tigen keine komplexen Datenmodelle &#8211; nur ein paar bew\u00e4hrte Tipps zum richtigen Zeitpunkt, damit Ihre Kampagnen gesehen werden.<\/p>\n<h3>\n\t\t\tDas Geschenk des Tages:\t<\/h3>\n\t<p>Ein einfacher Leitfaden, wann (und wie oft) Sie w\u00e4hrend der hektischen Weihnachtszeit auf \u201esenden&#8221; klicken sollten.<\/p>\n<h3>\n\t\t\tBew\u00e4hrte Methoden\t<\/h3>\n\t<section id=\"metrics\">\n    <!--box-->\n            1. Starten Sie fr\u00fchzeitig (aber nicht zu fr\u00fch)\n      <ul>\n        <li><strong>Anfang November:<\/strong>  Ideal f\u00fcr Geschenkf\u00fchrer und Vorweihnachtsverk\u00e4ufe.<\/li>\n        <li><strong>Thanksgiving-Wochenende: <\/strong> Black Friday und Cyber Monday sind nach wie vor sehr beliebt, aber achten Sie darauf, dass Ihre Botschaften fokussiert und klar sind.\n\/li>\n      <\/li><\/ul>\n<!--box end-->\n<!-- 2 -->\n     2. Bleiben Sie im Dezember konsistent\n        <ul>\n          <li><strong>Dienstags bis donnerstags:<\/strong> Im Allgemeinen das st\u00e4rkste Engagement.<\/li>\n          <li><strong>Vormittags (9-11 Uhr):<\/strong>  Der ideale Zeitpunkt f\u00fcr \u00d6ffnungen.<\/li>\n          <li><strong>Abends: <\/strong> Kann gut f\u00fcr Last-Minute-K\u00e4ufer funktionieren, die nach der Arbeit ihre E-Mails checken.<\/li>\n        <\/ul>\n    <!-- 3 -->\n      3. Nutzen Sie dringliche Zeitfenster\n        <ul>\n         <li><strong> 7-10 Tage vor Versandschluss:<\/strong> Heben Sie die Bestellfristen hervor.<\/li>\n  <li><strong>Letzte Woche vor Weihnachten:<\/strong> Bewerben Sie digitale Geschenke oder Abholungen im Laden.<\/li>\n  <li><strong>26.-31. Dezember:<\/strong> Ideal f\u00fcr Ausverk\u00e4ufe oder Neujahrsaktionen.\/li>\n        <\/li><\/ul>\n     <!-- 3 -->\n4. Scheuen Sie sich nicht, erneut zu senden  \n        <ul>\n         <li>Wenn Ihre Kampagne wichtig ist, senden Sie sie innerhalb von 48 Stunden erneut an diejenigen, die sie nicht ge\u00f6ffnet haben (mit einem angepassten Betreff).<\/li>\n        <\/ul>\n<\/section> \n\t<p>Jede Zielgruppe ist anders, aber diese Zeitregeln sind eine sichere Wahl, um die Sichtbarkeit w\u00e4hrend der gesch\u00e4ftigsten E-Mail-Saison des Jahres zu erh\u00f6hen.<\/p>\n\n","protected":false},"excerpt":{"rendered":"<p>Bew\u00e4hrte Methoden f\u00fcr den richtigen Zeitpunkt, Ihre Weihnachts-E-Mails zu senden Wenn Sie zum falschen Zeitpunkt senden, besteht die Gefahr, dass selbst die beste Weihnachts-E-Mail untergeht. Die gute Nachricht? Sie ben\u00f6tigen keine komplexen Datenmodelle &#8211; nur ein paar bew\u00e4hrte Tipps zum richtigen Zeitpunkt, damit Ihre Kampagnen gesehen werden. Das Geschenk des Tages: Ein einfacher Leitfaden, wann&hellip;<\/p>\n","protected":false},"author":7,"featured_media":0,"parent":48586,"menu_order":0,"comment_status":"closed","ping_status":"closed","template":"","meta":{"inline_featured_image":false,"footnotes":""},"class_list":["post-48615","page","type-page","status-publish","hentry"],"yoast_head":"<!-- This site is optimized with the Yoast SEO plugin v27.5 - https:\/\/yoast.com\/product\/yoast-seo-wordpress\/ -->\n<title>Bew\u00e4hrte Methoden f\u00fcr den richtigen Zeitpunkt, Ihre Weihnachts-E-Mails zu senden - Benchmark Email<\/title>\n<meta name=\"description\" content=\"Es ist nicht einfach zu wissen, wann man w\u00e4hrend der Weihnachtszeit E-Mails senden sollte. Sehen Sie sich diese bew\u00e4hrten Methoden f\u00fcr den richtigen Zeitpunkt, Ihre Sendungen an.\" \/>\n<meta name=\"robots\" content=\"index, follow, max-snippet:-1, max-image-preview:large, max-video-preview:-1\" \/>\n<link rel=\"canonical\" href=\"https:\/\/www.benchmarkemail.com\/de\/12-days-of-benchmark\/timing-email-sends\/\" \/>\n<meta property=\"og:locale\" content=\"en_US\" \/>\n<meta property=\"og:type\" content=\"article\" \/>\n<meta property=\"og:title\" content=\"Bew\u00e4hrte Methoden f\u00fcr den richtigen Zeitpunkt, Ihre Weihnachts-E-Mails zu senden - Benchmark Email\" \/>\n<meta property=\"og:description\" content=\"Es ist nicht einfach zu wissen, wann man w\u00e4hrend der Weihnachtszeit E-Mails senden sollte. Sehen Sie sich diese bew\u00e4hrten Methoden f\u00fcr den richtigen Zeitpunkt, Ihre Sendungen an.\" \/>\n<meta property=\"og:url\" content=\"https:\/\/www.benchmarkemail.com\/de\/12-days-of-benchmark\/timing-email-sends\/\" \/>\n<meta property=\"og:site_name\" content=\"Marketing-Blog von Benchmark Email\" \/>\n<meta property=\"article:publisher\" content=\"https:\/\/www.facebook.com\/BenchmarkEmail\" \/>\n<meta property=\"article:modified_time\" content=\"2025-12-03T12:21:35+00:00\" \/>\n<meta name=\"twitter:card\" content=\"summary_large_image\" \/>\n<meta name=\"twitter:site\" content=\"@benchmarkemail\" \/>\n<meta name=\"twitter:label1\" content=\"Est. reading time\" \/>\n\t<meta name=\"twitter:data1\" content=\"1 minute\" \/>\n<script type=\"application\/ld+json\" class=\"yoast-schema-graph\">{\"@context\":\"https:\\\/\\\/schema.org\",\"@graph\":[{\"@type\":\"WebPage\",\"@id\":\"https:\\\/\\\/www.benchmarkemail.com\\\/de\\\/12-days-of-benchmark\\\/timing-email-sends\\\/\",\"url\":\"https:\\\/\\\/www.benchmarkemail.com\\\/de\\\/12-days-of-benchmark\\\/timing-email-sends\\\/\",\"name\":\"Bew\u00e4hrte Methoden f\u00fcr den richtigen Zeitpunkt, Ihre Weihnachts-E-Mails zu senden - Benchmark Email\",\"isPartOf\":{\"@id\":\"https:\\\/\\\/www.benchmarkemail.com\\\/de\\\/#website\"},\"datePublished\":\"2025-11-25T12:26:30+00:00\",\"dateModified\":\"2025-12-03T12:21:35+00:00\",\"description\":\"Es ist nicht einfach zu wissen, wann man w\u00e4hrend der Weihnachtszeit E-Mails senden sollte. Sehen Sie sich diese bew\u00e4hrten Methoden f\u00fcr den richtigen Zeitpunkt, Ihre Sendungen an.\",\"breadcrumb\":{\"@id\":\"https:\\\/\\\/www.benchmarkemail.com\\\/de\\\/12-days-of-benchmark\\\/timing-email-sends\\\/#breadcrumb\"},\"inLanguage\":\"en-US\",\"potentialAction\":[{\"@type\":\"ReadAction\",\"target\":[\"https:\\\/\\\/www.benchmarkemail.com\\\/de\\\/12-days-of-benchmark\\\/timing-email-sends\\\/\"]}]},{\"@type\":\"BreadcrumbList\",\"@id\":\"https:\\\/\\\/www.benchmarkemail.com\\\/de\\\/12-days-of-benchmark\\\/timing-email-sends\\\/#breadcrumb\",\"itemListElement\":[{\"@type\":\"ListItem\",\"position\":1,\"name\":\"Home\",\"item\":\"https:\\\/\\\/www.benchmarkemail.com\\\/de\\\/\"},{\"@type\":\"ListItem\",\"position\":2,\"name\":\"12 Tage Weihnachtsgeschenke \u2013 Benchmark Email\",\"item\":\"https:\\\/\\\/www.benchmarkemail.com\\\/de\\\/12-days-of-benchmark\\\/\"},{\"@type\":\"ListItem\",\"position\":3,\"name\":\"Bew\u00e4hrte Methoden f\u00fcr den richtigen Zeitpunkt, Ihre Weihnachts-E-Mails zu senden\"}]},{\"@type\":\"WebSite\",\"@id\":\"https:\\\/\\\/www.benchmarkemail.com\\\/de\\\/#website\",\"url\":\"https:\\\/\\\/www.benchmarkemail.com\\\/de\\\/\",\"name\":\"Marketing-Blog von Benchmark Email\",\"description\":\"Digitales Marketing-Tool. Erfahren Sie mehr \u00fcber E-Mail-Marketing, Automatisierung, Lead-Gewinnung und -Pflege, etc.\",\"publisher\":{\"@id\":\"https:\\\/\\\/www.benchmarkemail.com\\\/de\\\/#organization\"},\"potentialAction\":[{\"@type\":\"SearchAction\",\"target\":{\"@type\":\"EntryPoint\",\"urlTemplate\":\"https:\\\/\\\/www.benchmarkemail.com\\\/de\\\/?s={search_term_string}\"},\"query-input\":{\"@type\":\"PropertyValueSpecification\",\"valueRequired\":true,\"valueName\":\"search_term_string\"}}],\"inLanguage\":\"en-US\"},{\"@type\":\"Organization\",\"@id\":\"https:\\\/\\\/www.benchmarkemail.com\\\/de\\\/#organization\",\"name\":\"Benchmark Internet Group, LLC\",\"url\":\"https:\\\/\\\/www.benchmarkemail.com\\\/de\\\/\",\"logo\":{\"@type\":\"ImageObject\",\"inLanguage\":\"en-US\",\"@id\":\"https:\\\/\\\/www.benchmarkemail.com\\\/de\\\/#\\\/schema\\\/logo\\\/image\\\/\",\"url\":\"https:\\\/\\\/www.benchmarkemail.com\\\/de\\\/wp-content\\\/uploads\\\/sites\\\/5\\\/2019\\\/09\\\/benchmark-logo.svg\",\"contentUrl\":\"https:\\\/\\\/www.benchmarkemail.com\\\/de\\\/wp-content\\\/uploads\\\/sites\\\/5\\\/2019\\\/09\\\/benchmark-logo.svg\",\"width\":1,\"height\":1,\"caption\":\"Benchmark Internet Group, LLC\"},\"image\":{\"@id\":\"https:\\\/\\\/www.benchmarkemail.com\\\/de\\\/#\\\/schema\\\/logo\\\/image\\\/\"},\"sameAs\":[\"https:\\\/\\\/www.facebook.com\\\/BenchmarkEmail\",\"https:\\\/\\\/x.com\\\/benchmarkemail\",\"https:\\\/\\\/www.instagram.com\\\/benchmarkemail\\\/\",\"https:\\\/\\\/www.linkedin.com\\\/company\\\/benchmark-email\\\/\",\"https:\\\/\\\/www.youtube.com\\\/channel\\\/UCS2asc1Z3ugpfkpnF2_mdbA\"]}]}<\/script>\n<!-- \/ Yoast SEO plugin. -->","yoast_head_json":{"title":"Bew\u00e4hrte Methoden f\u00fcr den richtigen Zeitpunkt, Ihre Weihnachts-E-Mails zu senden - Benchmark Email","description":"Es ist nicht einfach zu wissen, wann man w\u00e4hrend der Weihnachtszeit E-Mails senden sollte. Sehen Sie sich diese bew\u00e4hrten Methoden f\u00fcr den richtigen Zeitpunkt, Ihre Sendungen an.","robots":{"index":"index","follow":"follow","max-snippet":"max-snippet:-1","max-image-preview":"max-image-preview:large","max-video-preview":"max-video-preview:-1"},"canonical":"https:\/\/www.benchmarkemail.com\/de\/12-days-of-benchmark\/timing-email-sends\/","og_locale":"en_US","og_type":"article","og_title":"Bew\u00e4hrte Methoden f\u00fcr den richtigen Zeitpunkt, Ihre Weihnachts-E-Mails zu senden - Benchmark Email","og_description":"Es ist nicht einfach zu wissen, wann man w\u00e4hrend der Weihnachtszeit E-Mails senden sollte. Sehen Sie sich diese bew\u00e4hrten Methoden f\u00fcr den richtigen Zeitpunkt, Ihre Sendungen an.","og_url":"https:\/\/www.benchmarkemail.com\/de\/12-days-of-benchmark\/timing-email-sends\/","og_site_name":"Marketing-Blog von Benchmark Email","article_publisher":"https:\/\/www.facebook.com\/BenchmarkEmail","article_modified_time":"2025-12-03T12:21:35+00:00","twitter_card":"summary_large_image","twitter_site":"@benchmarkemail","twitter_misc":{"Est. reading time":"1 minute"},"schema":{"@context":"https:\/\/schema.org","@graph":[{"@type":"WebPage","@id":"https:\/\/www.benchmarkemail.com\/de\/12-days-of-benchmark\/timing-email-sends\/","url":"https:\/\/www.benchmarkemail.com\/de\/12-days-of-benchmark\/timing-email-sends\/","name":"Bew\u00e4hrte Methoden f\u00fcr den richtigen Zeitpunkt, Ihre Weihnachts-E-Mails zu senden - Benchmark Email","isPartOf":{"@id":"https:\/\/www.benchmarkemail.com\/de\/#website"},"datePublished":"2025-11-25T12:26:30+00:00","dateModified":"2025-12-03T12:21:35+00:00","description":"Es ist nicht einfach zu wissen, wann man w\u00e4hrend der Weihnachtszeit E-Mails senden sollte. Sehen Sie sich diese bew\u00e4hrten Methoden f\u00fcr den richtigen Zeitpunkt, Ihre Sendungen an.","breadcrumb":{"@id":"https:\/\/www.benchmarkemail.com\/de\/12-days-of-benchmark\/timing-email-sends\/#breadcrumb"},"inLanguage":"en-US","potentialAction":[{"@type":"ReadAction","target":["https:\/\/www.benchmarkemail.com\/de\/12-days-of-benchmark\/timing-email-sends\/"]}]},{"@type":"BreadcrumbList","@id":"https:\/\/www.benchmarkemail.com\/de\/12-days-of-benchmark\/timing-email-sends\/#breadcrumb","itemListElement":[{"@type":"ListItem","position":1,"name":"Home","item":"https:\/\/www.benchmarkemail.com\/de\/"},{"@type":"ListItem","position":2,"name":"12 Tage Weihnachtsgeschenke \u2013 Benchmark Email","item":"https:\/\/www.benchmarkemail.com\/de\/12-days-of-benchmark\/"},{"@type":"ListItem","position":3,"name":"Bew\u00e4hrte Methoden f\u00fcr den richtigen Zeitpunkt, Ihre Weihnachts-E-Mails zu senden"}]},{"@type":"WebSite","@id":"https:\/\/www.benchmarkemail.com\/de\/#website","url":"https:\/\/www.benchmarkemail.com\/de\/","name":"Marketing-Blog von Benchmark Email","description":"Digitales Marketing-Tool. Erfahren Sie mehr \u00fcber E-Mail-Marketing, Automatisierung, Lead-Gewinnung und -Pflege, etc.","publisher":{"@id":"https:\/\/www.benchmarkemail.com\/de\/#organization"},"potentialAction":[{"@type":"SearchAction","target":{"@type":"EntryPoint","urlTemplate":"https:\/\/www.benchmarkemail.com\/de\/?s={search_term_string}"},"query-input":{"@type":"PropertyValueSpecification","valueRequired":true,"valueName":"search_term_string"}}],"inLanguage":"en-US"},{"@type":"Organization","@id":"https:\/\/www.benchmarkemail.com\/de\/#organization","name":"Benchmark Internet Group, LLC","url":"https:\/\/www.benchmarkemail.com\/de\/","logo":{"@type":"ImageObject","inLanguage":"en-US","@id":"https:\/\/www.benchmarkemail.com\/de\/#\/schema\/logo\/image\/","url":"https:\/\/www.benchmarkemail.com\/de\/wp-content\/uploads\/sites\/5\/2019\/09\/benchmark-logo.svg","contentUrl":"https:\/\/www.benchmarkemail.com\/de\/wp-content\/uploads\/sites\/5\/2019\/09\/benchmark-logo.svg","width":1,"height":1,"caption":"Benchmark Internet Group, LLC"},"image":{"@id":"https:\/\/www.benchmarkemail.com\/de\/#\/schema\/logo\/image\/"},"sameAs":["https:\/\/www.facebook.com\/BenchmarkEmail","https:\/\/x.com\/benchmarkemail","https:\/\/www.instagram.com\/benchmarkemail\/","https:\/\/www.linkedin.com\/company\/benchmark-email\/","https:\/\/www.youtube.com\/channel\/UCS2asc1Z3ugpfkpnF2_mdbA"]}]}},"_links":{"self":[{"href":"https:\/\/www.benchmarkemail.com\/de\/wp-json\/wp\/v2\/pages\/48615","targetHints":{"allow":["GET"]}}],"collection":[{"href":"https:\/\/www.benchmarkemail.com\/de\/wp-json\/wp\/v2\/pages"}],"about":[{"href":"https:\/\/www.benchmarkemail.com\/de\/wp-json\/wp\/v2\/types\/page"}],"author":[{"embeddable":true,"href":"https:\/\/www.benchmarkemail.com\/de\/wp-json\/wp\/v2\/users\/7"}],"replies":[{"embeddable":true,"href":"https:\/\/www.benchmarkemail.com\/de\/wp-json\/wp\/v2\/comments?post=48615"}],"version-history":[{"count":0,"href":"https:\/\/www.benchmarkemail.com\/de\/wp-json\/wp\/v2\/pages\/48615\/revisions"}],"up":[{"embeddable":true,"href":"https:\/\/www.benchmarkemail.com\/de\/wp-json\/wp\/v2\/pages\/48586"}],"wp:attachment":[{"href":"https:\/\/www.benchmarkemail.com\/de\/wp-json\/wp\/v2\/media?parent=48615"}],"curies":[{"name":"wp","href":"https:\/\/api.w.org\/{rel}","templated":true}]}}