{"id":58,"date":"2019-09-16T14:36:33","date_gmt":"2019-09-16T14:36:33","guid":{"rendered":"http:\/\/bme2.flywheelsites.com\/?page_id=58"},"modified":"2021-02-04T17:33:26","modified_gmt":"2021-02-04T17:33:26","slug":"customers","status":"publish","type":"page","link":"https:\/\/www.benchmarkemail.com\/de\/customers\/","title":{"rendered":"Customers"},"content":{"rendered":"\n\t<h1>Treffen Sie unsere Kunden<br \/>\n<\/h1>\n<h2>Mit \u00fcber 500.000 Anwendern sind wir stolz, den folgenden Unternehmen zu danken<br \/>\n<\/h2>\n<p>Jeder unserer Kunden, von KMUs bis zu internationalen Marken, ist uns sehr wichtig. Wie wir f\u00fcr unsere gr\u00f6\u00dften und bekanntesten Kunden zustellen ist auch f\u00fcr Sie wichtig.<\/p>\n\t\t\t\t<img decoding=\"async\" src=\"https:\/\/www.benchmarkemail.com\/de\/wp-content\/uploads\/sites\/5\/2020\/02\/company-logos-de.png\" alt=\"company-logos-de\" itemprop=\"image\" title=\"company-logos-de\" onerror=\"this.style.display='none'\"  \/>\n\t\t<img alt=\"\" aria-hidden=\"true\" onload=\"this.parentNode.style.opacity=1;\" src=\n\t\t\"https:\/\/fast.wistia.com\/embed\/medias\/h75ki64jue\/swatch\" style=\n\t\t\"filter:blur(5px);height:100%;object-fit:contain;width:100%;\">\n\tAl Kline<br \/>\n\nEIGENT\u00dcMER, CEO<br \/>\n<a href=\"https:\/\/www.yourchristmasstore.com\/canterburygardens\/\"\"> CANTERBURY GARDENS<\/a>\n<p>&#8220;Ich bin sehr zufrieden mit unserem E-Mail Marketing, denn das ist unsere Verbindung zu unseren Kunden. Wir nutzen dieses Marketing Tool st\u00e4ndig, um unsere Web Pr\u00e4senz zu verbessern.&#8221;<\/p>\n\t\t<img alt=\"\" aria-hidden=\"true\" onload=\"this.parentNode.style.opacity=1;\" src=\n\t\t\"https:\/\/fast.wistia.com\/embed\/medias\/91logll7lz\/swatch\" style=\n\t\t\"filter:blur(5px);height:100%;object-fit:contain;width:100%;\">\n\tBrian Harrington<br \/>\n\nEIGENT\u00dcMER, CEO<br \/>\n<a href=\"http:\/\/sunrisepos.com\">SUNRISE POS<\/a>\n<p>&#8220;Wir begannen vor etwa 5 Jahren Benchmark zu nutzen und wir werden auch weiterhin treu bleiben. Es ist ein Programm von unsch\u00e4tzbarem Wert f\u00fcr uns.&#8221;<\/p>\n\t\t<img alt=\"\" aria-hidden=\"true\" onload=\"this.parentNode.style.opacity=1;\" src=\n\t\t\"https:\/\/fast.wistia.com\/embed\/medias\/wirwhcaoiy\/swatch\" style=\n\t\t\"filter:blur(5px);height:100%;object-fit:contain;width:100%;\">\n\t<p>Brandon Beechler<\/p>\nEIGENT\u00dcMER, CEO<br \/>\n<a href=\"http:\/\/www.bmbdezines.com\/\"> BMB DEZINES<\/a>\n<p>&#8220;Das beste Feature aus meiner Sicht war die M\u00f6glichkeit, meinen eigenen HTML Code zu verwenden. Das erlaubt mir volle Kontrolle \u00fcber meine E-Mails und wie sie mit meinen Kunden interagieren.&#8221;<\/p>\n\t\t<img alt=\"\" aria-hidden=\"true\" onload=\"this.parentNode.style.opacity=1;\" src=\n\t\t\"https:\/\/fast.wistia.com\/embed\/medias\/exqhsv9ivj\/swatch\" style=\n\t\t\"filter:blur(5px);height:100%;object-fit:contain;width:100%;\">\n\tJerry Rice<br \/>\n\nEIGENT\u00dcMER, CEO<br \/>\n<a href=\"http:\/\/www.ricegeneral.com\/\">RICE GENERAL<\/a>\n<p>&#8220;Mein Lieblings-Feature ist die Adresslisten Verwaltung und damit in der Lage zu sein, gleichzeitig an Kunden mit unterschiedlichen Bed\u00fcrfnissen zu senden. Benchmark hat meine Arbeit vereinfacht, so bleibt mein B\u00fcro organisiert.&#8221;<\/p>\n<img decoding=\"async\" src=\"https:\/\/fast.wistia.com\/embed\/medias\/ld7t7x9t1b\/swatch\" alt=\"\" aria-hidden=\"true\" onload=\"this.parentNode.style.opacity=1;\" \/>\n\t<p>Mariana Gatto<\/p>\nEIGENT\u00dcMER, CEO<br \/>\n<a href=\"http:\/\/www.italianhall.org\">ITALIAN MUSEUM OF LOS ANGELES<\/a>\n<p>&#8220;Wir nutzen Benchmark zur Werbung neuer Mitglieder und um das Bewusstsein f\u00fcr die Ziele des Museums zu f\u00f6rdern. F\u00fcr unseren Zweck bietet Benchmark fast unbegrenzte M\u00f6glichkeiten.&#8221;<\/p>\n\t\t<img alt=\"\" aria-hidden=\"true\" onload=\"this.parentNode.style.opacity=1;\" src=\n\t\t\"https:\/\/fast.wistia.com\/embed\/medias\/tg916pdggh\/swatch\" style=\n\t\t\"filter:blur(5px);height:100%;object-fit:contain;width:100%;\">\n\tMarcy Feldman<br \/>\n\nEIGENT\u00dcMER, CEO<br \/>\n<a href=\"http:\/\/www.stitchcafe.com\">STITCH CAFE<\/a>\n<p>&#8220;Als gelernte Buchhalterin liebe ich Grafiken und Diagramme. Das erste Mal, als ich die Auswertungen gesehen habe, wie viele Abonennten meine E-Mails ge\u00f6ffnet hatten, war ich sehr beeindruckt!&#8221;<\/p>\n\t\t\t\t<img alt=\"\" aria-hidden=\"true\" onload=\"this.parentNode.style.opacity=1;\"\n\t\t\t\tsrc=\"https:\/\/fast.wistia.com\/embed\/medias\/7hcutbaiod\/swatch\" style=\n\t\t\t\t\"filter:blur(5px);height:100%;object-fit:contain;width:100%;\">\n\tLarry Walkemeyer<br \/>\n\nPASTOR<br \/>\n<a href=\"http:\/\/www.llcf.org\">LIGHT &#038; LIFE<\/a>\n<p>&#8220;Benchmark&#8217;s Benutzerfreundlichkeit: das ist einer meiner Lieblings-Features und die M\u00f6glichkeit, Videos direkt in unsere E-Mails einzubinden.&#8221;<\/p>\n","protected":false},"excerpt":{"rendered":"<p>Treffen Sie unsere Kunden Mit \u00fcber 500.000 Anwendern sind wir stolz, den folgenden Unternehmen zu danken Jeder unserer Kunden, von KMUs bis zu internationalen Marken, ist uns sehr wichtig. Wie wir f\u00fcr unsere gr\u00f6\u00dften und bekanntesten Kunden zustellen ist auch f\u00fcr Sie wichtig. Al Kline EIGENT\u00dcMER, CEO<\/p>\n","protected":false},"author":3,"featured_media":0,"parent":0,"menu_order":0,"comment_status":"closed","ping_status":"closed","template":"","meta":{"inline_featured_image":false,"footnotes":""},"class_list":["post-58","page","type-page","status-publish","hentry"],"yoast_head":"<!-- This site is optimized with the Yoast SEO plugin v27.3 - https:\/\/yoast.com\/product\/yoast-seo-wordpress\/ -->\n<title>Treffen Sie unsere Kunden - Benchmark Email<\/title>\n<meta name=\"robots\" content=\"index, follow, max-snippet:-1, max-image-preview:large, max-video-preview:-1\" \/>\n<link rel=\"canonical\" href=\"https:\/\/www.benchmarkemail.com\/de\/customers\/\" \/>\n<meta property=\"og:locale\" content=\"en_US\" \/>\n<meta property=\"og:type\" content=\"article\" \/>\n<meta property=\"og:title\" content=\"Treffen Sie unsere Kunden - Benchmark Email\" \/>\n<meta property=\"og:description\" content=\"Treffen Sie unsere Kunden Mit \u00fcber 500.000 Anwendern sind wir stolz, den folgenden Unternehmen zu danken Jeder unserer Kunden, von KMUs bis zu internationalen Marken, ist uns sehr wichtig. Wie wir f\u00fcr unsere gr\u00f6\u00dften und bekanntesten Kunden zustellen ist auch f\u00fcr Sie wichtig. Al Kline EIGENT\u00dcMER, CEO\" \/>\n<meta property=\"og:url\" content=\"https:\/\/www.benchmarkemail.com\/de\/customers\/\" \/>\n<meta property=\"og:site_name\" content=\"Marketing-Blog von Benchmark Email\" \/>\n<meta property=\"article:publisher\" content=\"https:\/\/www.facebook.com\/BenchmarkEmail\" \/>\n<meta property=\"article:modified_time\" content=\"2021-02-04T17:33:26+00:00\" \/>\n<meta property=\"og:image\" content=\"https:\/\/www.benchmarkemail.com\/de\/wp-content\/uploads\/sites\/5\/2020\/02\/company-logos-de.png\" \/>\n<meta name=\"twitter:card\" content=\"summary_large_image\" \/>\n<meta name=\"twitter:site\" content=\"@benchmarkemail\" \/>\n<script type=\"application\/ld+json\" class=\"yoast-schema-graph\">{\"@context\":\"https:\\\/\\\/schema.org\",\"@graph\":[{\"@type\":\"WebPage\",\"@id\":\"https:\\\/\\\/www.benchmarkemail.com\\\/de\\\/customers\\\/\",\"url\":\"https:\\\/\\\/www.benchmarkemail.com\\\/de\\\/customers\\\/\",\"name\":\"Treffen Sie unsere Kunden - Benchmark Email\",\"isPartOf\":{\"@id\":\"https:\\\/\\\/www.benchmarkemail.com\\\/de\\\/#website\"},\"primaryImageOfPage\":{\"@id\":\"https:\\\/\\\/www.benchmarkemail.com\\\/de\\\/customers\\\/#primaryimage\"},\"image\":{\"@id\":\"https:\\\/\\\/www.benchmarkemail.com\\\/de\\\/customers\\\/#primaryimage\"},\"thumbnailUrl\":\"https:\\\/\\\/www.benchmarkemail.com\\\/de\\\/wp-content\\\/uploads\\\/sites\\\/5\\\/2020\\\/02\\\/company-logos-de.png\",\"datePublished\":\"2019-09-16T14:36:33+00:00\",\"dateModified\":\"2021-02-04T17:33:26+00:00\",\"breadcrumb\":{\"@id\":\"https:\\\/\\\/www.benchmarkemail.com\\\/de\\\/customers\\\/#breadcrumb\"},\"inLanguage\":\"en-US\",\"potentialAction\":[{\"@type\":\"ReadAction\",\"target\":[\"https:\\\/\\\/www.benchmarkemail.com\\\/de\\\/customers\\\/\"]}]},{\"@type\":\"ImageObject\",\"inLanguage\":\"en-US\",\"@id\":\"https:\\\/\\\/www.benchmarkemail.com\\\/de\\\/customers\\\/#primaryimage\",\"url\":\"https:\\\/\\\/www.benchmarkemail.com\\\/de\\\/wp-content\\\/uploads\\\/sites\\\/5\\\/2020\\\/02\\\/company-logos-de.png\",\"contentUrl\":\"https:\\\/\\\/www.benchmarkemail.com\\\/de\\\/wp-content\\\/uploads\\\/sites\\\/5\\\/2020\\\/02\\\/company-logos-de.png\",\"width\":1366,\"height\":570},{\"@type\":\"BreadcrumbList\",\"@id\":\"https:\\\/\\\/www.benchmarkemail.com\\\/de\\\/customers\\\/#breadcrumb\",\"itemListElement\":[{\"@type\":\"ListItem\",\"position\":1,\"name\":\"Home\",\"item\":\"https:\\\/\\\/www.benchmarkemail.com\\\/de\\\/\"},{\"@type\":\"ListItem\",\"position\":2,\"name\":\"Customers\"}]},{\"@type\":\"WebSite\",\"@id\":\"https:\\\/\\\/www.benchmarkemail.com\\\/de\\\/#website\",\"url\":\"https:\\\/\\\/www.benchmarkemail.com\\\/de\\\/\",\"name\":\"Marketing-Blog von Benchmark Email\",\"description\":\"Digitales Marketing-Tool. Erfahren Sie mehr \u00fcber E-Mail-Marketing, Automatisierung, Lead-Gewinnung und -Pflege, etc.\",\"publisher\":{\"@id\":\"https:\\\/\\\/www.benchmarkemail.com\\\/de\\\/#organization\"},\"potentialAction\":[{\"@type\":\"SearchAction\",\"target\":{\"@type\":\"EntryPoint\",\"urlTemplate\":\"https:\\\/\\\/www.benchmarkemail.com\\\/de\\\/?s={search_term_string}\"},\"query-input\":{\"@type\":\"PropertyValueSpecification\",\"valueRequired\":true,\"valueName\":\"search_term_string\"}}],\"inLanguage\":\"en-US\"},{\"@type\":\"Organization\",\"@id\":\"https:\\\/\\\/www.benchmarkemail.com\\\/de\\\/#organization\",\"name\":\"Benchmark Internet Group, LLC\",\"url\":\"https:\\\/\\\/www.benchmarkemail.com\\\/de\\\/\",\"logo\":{\"@type\":\"ImageObject\",\"inLanguage\":\"en-US\",\"@id\":\"https:\\\/\\\/www.benchmarkemail.com\\\/de\\\/#\\\/schema\\\/logo\\\/image\\\/\",\"url\":\"https:\\\/\\\/www.benchmarkemail.com\\\/de\\\/wp-content\\\/uploads\\\/sites\\\/5\\\/2019\\\/09\\\/benchmark-logo.svg\",\"contentUrl\":\"https:\\\/\\\/www.benchmarkemail.com\\\/de\\\/wp-content\\\/uploads\\\/sites\\\/5\\\/2019\\\/09\\\/benchmark-logo.svg\",\"width\":1,\"height\":1,\"caption\":\"Benchmark Internet Group, LLC\"},\"image\":{\"@id\":\"https:\\\/\\\/www.benchmarkemail.com\\\/de\\\/#\\\/schema\\\/logo\\\/image\\\/\"},\"sameAs\":[\"https:\\\/\\\/www.facebook.com\\\/BenchmarkEmail\",\"https:\\\/\\\/x.com\\\/benchmarkemail\",\"https:\\\/\\\/www.instagram.com\\\/benchmarkemail\\\/\",\"https:\\\/\\\/www.linkedin.com\\\/company\\\/benchmark-email\\\/\",\"https:\\\/\\\/www.youtube.com\\\/channel\\\/UCS2asc1Z3ugpfkpnF2_mdbA\"]}]}<\/script>\n<!-- \/ Yoast SEO plugin. -->","yoast_head_json":{"title":"Treffen Sie unsere Kunden - Benchmark Email","robots":{"index":"index","follow":"follow","max-snippet":"max-snippet:-1","max-image-preview":"max-image-preview:large","max-video-preview":"max-video-preview:-1"},"canonical":"https:\/\/www.benchmarkemail.com\/de\/customers\/","og_locale":"en_US","og_type":"article","og_title":"Treffen Sie unsere Kunden - Benchmark Email","og_description":"Treffen Sie unsere Kunden Mit \u00fcber 500.000 Anwendern sind wir stolz, den folgenden Unternehmen zu danken Jeder unserer Kunden, von KMUs bis zu internationalen Marken, ist uns sehr wichtig. Wie wir f\u00fcr unsere gr\u00f6\u00dften und bekanntesten Kunden zustellen ist auch f\u00fcr Sie wichtig. Al Kline EIGENT\u00dcMER, CEO","og_url":"https:\/\/www.benchmarkemail.com\/de\/customers\/","og_site_name":"Marketing-Blog von Benchmark Email","article_publisher":"https:\/\/www.facebook.com\/BenchmarkEmail","article_modified_time":"2021-02-04T17:33:26+00:00","og_image":[{"url":"https:\/\/www.benchmarkemail.com\/de\/wp-content\/uploads\/sites\/5\/2020\/02\/company-logos-de.png","type":"","width":"","height":""}],"twitter_card":"summary_large_image","twitter_site":"@benchmarkemail","schema":{"@context":"https:\/\/schema.org","@graph":[{"@type":"WebPage","@id":"https:\/\/www.benchmarkemail.com\/de\/customers\/","url":"https:\/\/www.benchmarkemail.com\/de\/customers\/","name":"Treffen Sie unsere Kunden - Benchmark Email","isPartOf":{"@id":"https:\/\/www.benchmarkemail.com\/de\/#website"},"primaryImageOfPage":{"@id":"https:\/\/www.benchmarkemail.com\/de\/customers\/#primaryimage"},"image":{"@id":"https:\/\/www.benchmarkemail.com\/de\/customers\/#primaryimage"},"thumbnailUrl":"https:\/\/www.benchmarkemail.com\/de\/wp-content\/uploads\/sites\/5\/2020\/02\/company-logos-de.png","datePublished":"2019-09-16T14:36:33+00:00","dateModified":"2021-02-04T17:33:26+00:00","breadcrumb":{"@id":"https:\/\/www.benchmarkemail.com\/de\/customers\/#breadcrumb"},"inLanguage":"en-US","potentialAction":[{"@type":"ReadAction","target":["https:\/\/www.benchmarkemail.com\/de\/customers\/"]}]},{"@type":"ImageObject","inLanguage":"en-US","@id":"https:\/\/www.benchmarkemail.com\/de\/customers\/#primaryimage","url":"https:\/\/www.benchmarkemail.com\/de\/wp-content\/uploads\/sites\/5\/2020\/02\/company-logos-de.png","contentUrl":"https:\/\/www.benchmarkemail.com\/de\/wp-content\/uploads\/sites\/5\/2020\/02\/company-logos-de.png","width":1366,"height":570},{"@type":"BreadcrumbList","@id":"https:\/\/www.benchmarkemail.com\/de\/customers\/#breadcrumb","itemListElement":[{"@type":"ListItem","position":1,"name":"Home","item":"https:\/\/www.benchmarkemail.com\/de\/"},{"@type":"ListItem","position":2,"name":"Customers"}]},{"@type":"WebSite","@id":"https:\/\/www.benchmarkemail.com\/de\/#website","url":"https:\/\/www.benchmarkemail.com\/de\/","name":"Marketing-Blog von Benchmark Email","description":"Digitales Marketing-Tool. Erfahren Sie mehr \u00fcber E-Mail-Marketing, Automatisierung, Lead-Gewinnung und -Pflege, etc.","publisher":{"@id":"https:\/\/www.benchmarkemail.com\/de\/#organization"},"potentialAction":[{"@type":"SearchAction","target":{"@type":"EntryPoint","urlTemplate":"https:\/\/www.benchmarkemail.com\/de\/?s={search_term_string}"},"query-input":{"@type":"PropertyValueSpecification","valueRequired":true,"valueName":"search_term_string"}}],"inLanguage":"en-US"},{"@type":"Organization","@id":"https:\/\/www.benchmarkemail.com\/de\/#organization","name":"Benchmark Internet Group, LLC","url":"https:\/\/www.benchmarkemail.com\/de\/","logo":{"@type":"ImageObject","inLanguage":"en-US","@id":"https:\/\/www.benchmarkemail.com\/de\/#\/schema\/logo\/image\/","url":"https:\/\/www.benchmarkemail.com\/de\/wp-content\/uploads\/sites\/5\/2019\/09\/benchmark-logo.svg","contentUrl":"https:\/\/www.benchmarkemail.com\/de\/wp-content\/uploads\/sites\/5\/2019\/09\/benchmark-logo.svg","width":1,"height":1,"caption":"Benchmark Internet Group, LLC"},"image":{"@id":"https:\/\/www.benchmarkemail.com\/de\/#\/schema\/logo\/image\/"},"sameAs":["https:\/\/www.facebook.com\/BenchmarkEmail","https:\/\/x.com\/benchmarkemail","https:\/\/www.instagram.com\/benchmarkemail\/","https:\/\/www.linkedin.com\/company\/benchmark-email\/","https:\/\/www.youtube.com\/channel\/UCS2asc1Z3ugpfkpnF2_mdbA"]}]}},"_links":{"self":[{"href":"https:\/\/www.benchmarkemail.com\/de\/wp-json\/wp\/v2\/pages\/58","targetHints":{"allow":["GET"]}}],"collection":[{"href":"https:\/\/www.benchmarkemail.com\/de\/wp-json\/wp\/v2\/pages"}],"about":[{"href":"https:\/\/www.benchmarkemail.com\/de\/wp-json\/wp\/v2\/types\/page"}],"author":[{"embeddable":true,"href":"https:\/\/www.benchmarkemail.com\/de\/wp-json\/wp\/v2\/users\/3"}],"replies":[{"embeddable":true,"href":"https:\/\/www.benchmarkemail.com\/de\/wp-json\/wp\/v2\/comments?post=58"}],"version-history":[{"count":0,"href":"https:\/\/www.benchmarkemail.com\/de\/wp-json\/wp\/v2\/pages\/58\/revisions"}],"wp:attachment":[{"href":"https:\/\/www.benchmarkemail.com\/de\/wp-json\/wp\/v2\/media?parent=58"}],"curies":[{"name":"wp","href":"https:\/\/api.w.org\/{rel}","templated":true}]}}