{"id":7928,"date":"2019-11-19T15:33:45","date_gmt":"2019-11-19T15:33:45","guid":{"rendered":"http:\/\/bme2.flywheelsites.com\/?page_id=7928"},"modified":"2023-06-06T17:35:44","modified_gmt":"2023-06-06T17:35:44","slug":"acuity-scheduling","status":"publish","type":"page","link":"https:\/\/www.benchmarkemail.com\/de\/features\/integrations\/acuity-scheduling\/","title":{"rendered":"Acuity Scheduling"},"content":{"rendered":"\n<h1>\n\t\tVerkn\u00fcpfung von Acuity Scheduling und Benchmark Email\n\t<\/h1>\n\t<h2>Spielen Sie Ihre Kontakte von Acuity Scheduling bei Benchmark ein.<\/h2>\n<p>Mit der Integration von Acuity Scheduling k\u00f6nnen Sie automatisch Kontakte in eine Liste bei Benchmark einspielen. Erstellen Sie automatisierte Abl\u00e4ufe, die zu dem Zeitpunkt ausgel\u00f6st werden, wenn jemand einen Termin vereinbart. Kostenlos erh\u00e4ltlich mit jedem Konto von Benchmark.<\/p>\n<h3>Anforderungen:<\/h3>\n<ul>\n<li>Konto bei Benchmark Email (<a href=\"http:\/\/ui.benchmarkemail.wpengine.com\/de\/register\">Kostenlos registrieren<\/a>)<\/li>\n<li><a href=\"https:\/\/acuityscheduling.com\/\" target=\"_blank\" rel=\"noopener\">Konto bei Acuity Scheduling<\/a><\/li>\n<\/ul>\n<h3>Die Verkn\u00fcpfung ist leicht und einfach:<\/h3>\n<ul>\n<li>Kein Download ist n\u00f6tig.<\/li>\n<li>Tragen Sie Ihre Kontakte automatisch bei der entsprechenden Liste auf Benchmark ein.<\/li>\n<li>Erstellen Sie qualitatives Engagement mit der Kraft von E-Mail-Marketing.<\/li>\n<\/ul>\n\t\t\t\t<img loading=\"lazy\" decoding=\"async\" src=\"https:\/\/www.benchmarkemail.com\/de\/wp-content\/uploads\/sites\/5\/2023\/06\/acuity-150x84-1.png\" alt=\"acuity-150x84 (1)\" itemprop=\"image\" height=\"84\" width=\"150\" title=\"acuity-150x84 (1)\" onerror=\"this.style.display='none'\"  \/>\n\t\t\t<a href=\"https:\/\/kb.benchmarkemail.com\/de\/how-do-i-integrate-acuity-scheduling-with-benchmark\/\" target=\"_self\" rel=\"noopener\">\n\t\t\t\t\t\t\tJetzt verkn\u00fcpfen\n\t\t\t\t\t<\/a>\n\n","protected":false},"excerpt":{"rendered":"<p>Verkn\u00fcpfung von Acuity Scheduling und Benchmark Email Spielen Sie Ihre Kontakte von Acuity Scheduling bei Benchmark ein. Mit der Integration von Acuity Scheduling k\u00f6nnen Sie automatisch Kontakte in eine Liste bei Benchmark einspielen. Erstellen Sie automatisierte Abl\u00e4ufe, die zu dem Zeitpunkt ausgel\u00f6st werden, wenn jemand einen Termin vereinbart. Kostenlos erh\u00e4ltlich mit jedem Konto von Benchmark.&hellip;<\/p>\n","protected":false},"author":3,"featured_media":0,"parent":28,"menu_order":0,"comment_status":"closed","ping_status":"closed","template":"","meta":{"inline_featured_image":false,"footnotes":""},"class_list":["post-7928","page","type-page","status-publish","hentry"],"yoast_head":"<!-- This site is optimized with the Yoast SEO plugin v27.4 - https:\/\/yoast.com\/product\/yoast-seo-wordpress\/ -->\n<title>Acuity Scheduling - Verkn\u00fcpfung von Acuity Scheduling und Benchmark Email<\/title>\n<meta name=\"description\" content=\"Benchmark Email erlaubt es Ihnen, die Kontakte von Acuity Scheduling direkt in Ihre E-Mail-Kontakt-Listen einzuspielen.\" \/>\n<meta name=\"robots\" content=\"index, follow, max-snippet:-1, max-image-preview:large, max-video-preview:-1\" \/>\n<link rel=\"canonical\" href=\"https:\/\/www.benchmarkemail.com\/de\/features\/integrations\/acuity-scheduling\/\" \/>\n<meta property=\"og:locale\" content=\"en_US\" \/>\n<meta property=\"og:type\" content=\"article\" \/>\n<meta property=\"og:title\" content=\"Acuity Scheduling - Verkn\u00fcpfung von Acuity Scheduling und Benchmark Email\" \/>\n<meta property=\"og:description\" content=\"Benchmark Email erlaubt es Ihnen, die Kontakte von Acuity Scheduling direkt in Ihre E-Mail-Kontakt-Listen einzuspielen.\" \/>\n<meta property=\"og:url\" content=\"https:\/\/www.benchmarkemail.com\/de\/features\/integrations\/acuity-scheduling\/\" \/>\n<meta property=\"og:site_name\" content=\"Marketing-Blog von Benchmark Email\" \/>\n<meta property=\"article:publisher\" content=\"https:\/\/www.facebook.com\/BenchmarkEmail\" \/>\n<meta property=\"article:modified_time\" content=\"2023-06-06T17:35:44+00:00\" \/>\n<meta property=\"og:image\" content=\"https:\/\/www.benchmarkemail.com\/de\/wp-content\/uploads\/sites\/5\/2023\/06\/acuity-150x84-1.png\" \/>\n<meta name=\"twitter:card\" content=\"summary_large_image\" \/>\n<meta name=\"twitter:site\" content=\"@benchmarkemail\" \/>\n<meta name=\"twitter:label1\" content=\"Est. reading time\" \/>\n\t<meta name=\"twitter:data1\" content=\"1 minute\" \/>\n<script type=\"application\/ld+json\" class=\"yoast-schema-graph\">{\"@context\":\"https:\\\/\\\/schema.org\",\"@graph\":[{\"@type\":\"WebPage\",\"@id\":\"https:\\\/\\\/www.benchmarkemail.com\\\/de\\\/features\\\/integrations\\\/acuity-scheduling\\\/\",\"url\":\"https:\\\/\\\/www.benchmarkemail.com\\\/de\\\/features\\\/integrations\\\/acuity-scheduling\\\/\",\"name\":\"Acuity Scheduling - Verkn\u00fcpfung von Acuity Scheduling und Benchmark Email\",\"isPartOf\":{\"@id\":\"https:\\\/\\\/www.benchmarkemail.com\\\/de\\\/#website\"},\"primaryImageOfPage\":{\"@id\":\"https:\\\/\\\/www.benchmarkemail.com\\\/de\\\/features\\\/integrations\\\/acuity-scheduling\\\/#primaryimage\"},\"image\":{\"@id\":\"https:\\\/\\\/www.benchmarkemail.com\\\/de\\\/features\\\/integrations\\\/acuity-scheduling\\\/#primaryimage\"},\"thumbnailUrl\":\"https:\\\/\\\/www.benchmarkemail.com\\\/de\\\/wp-content\\\/uploads\\\/sites\\\/5\\\/2023\\\/06\\\/acuity-150x84-1.png\",\"datePublished\":\"2019-11-19T15:33:45+00:00\",\"dateModified\":\"2023-06-06T17:35:44+00:00\",\"description\":\"Benchmark Email erlaubt es Ihnen, die Kontakte von Acuity Scheduling direkt in Ihre E-Mail-Kontakt-Listen einzuspielen.\",\"breadcrumb\":{\"@id\":\"https:\\\/\\\/www.benchmarkemail.com\\\/de\\\/features\\\/integrations\\\/acuity-scheduling\\\/#breadcrumb\"},\"inLanguage\":\"en-US\",\"potentialAction\":[{\"@type\":\"ReadAction\",\"target\":[\"https:\\\/\\\/www.benchmarkemail.com\\\/de\\\/features\\\/integrations\\\/acuity-scheduling\\\/\"]}]},{\"@type\":\"ImageObject\",\"inLanguage\":\"en-US\",\"@id\":\"https:\\\/\\\/www.benchmarkemail.com\\\/de\\\/features\\\/integrations\\\/acuity-scheduling\\\/#primaryimage\",\"url\":\"https:\\\/\\\/www.benchmarkemail.com\\\/de\\\/wp-content\\\/uploads\\\/sites\\\/5\\\/2023\\\/06\\\/acuity-150x84-1.png\",\"contentUrl\":\"https:\\\/\\\/www.benchmarkemail.com\\\/de\\\/wp-content\\\/uploads\\\/sites\\\/5\\\/2023\\\/06\\\/acuity-150x84-1.png\",\"width\":150,\"height\":84},{\"@type\":\"BreadcrumbList\",\"@id\":\"https:\\\/\\\/www.benchmarkemail.com\\\/de\\\/features\\\/integrations\\\/acuity-scheduling\\\/#breadcrumb\",\"itemListElement\":[{\"@type\":\"ListItem\",\"position\":1,\"name\":\"Home\",\"item\":\"https:\\\/\\\/www.benchmarkemail.com\\\/de\\\/\"},{\"@type\":\"ListItem\",\"position\":2,\"name\":\"Features\",\"item\":\"https:\\\/\\\/www.benchmarkemail.com\\\/de\\\/features\\\/\"},{\"@type\":\"ListItem\",\"position\":3,\"name\":\"Integrations\",\"item\":\"https:\\\/\\\/www.benchmarkemail.com\\\/de\\\/features\\\/integrations\\\/\"},{\"@type\":\"ListItem\",\"position\":4,\"name\":\"Acuity Scheduling\"}]},{\"@type\":\"WebSite\",\"@id\":\"https:\\\/\\\/www.benchmarkemail.com\\\/de\\\/#website\",\"url\":\"https:\\\/\\\/www.benchmarkemail.com\\\/de\\\/\",\"name\":\"Marketing-Blog von Benchmark Email\",\"description\":\"Digitales Marketing-Tool. Erfahren Sie mehr \u00fcber E-Mail-Marketing, Automatisierung, Lead-Gewinnung und -Pflege, etc.\",\"publisher\":{\"@id\":\"https:\\\/\\\/www.benchmarkemail.com\\\/de\\\/#organization\"},\"potentialAction\":[{\"@type\":\"SearchAction\",\"target\":{\"@type\":\"EntryPoint\",\"urlTemplate\":\"https:\\\/\\\/www.benchmarkemail.com\\\/de\\\/?s={search_term_string}\"},\"query-input\":{\"@type\":\"PropertyValueSpecification\",\"valueRequired\":true,\"valueName\":\"search_term_string\"}}],\"inLanguage\":\"en-US\"},{\"@type\":\"Organization\",\"@id\":\"https:\\\/\\\/www.benchmarkemail.com\\\/de\\\/#organization\",\"name\":\"Benchmark Internet Group, LLC\",\"url\":\"https:\\\/\\\/www.benchmarkemail.com\\\/de\\\/\",\"logo\":{\"@type\":\"ImageObject\",\"inLanguage\":\"en-US\",\"@id\":\"https:\\\/\\\/www.benchmarkemail.com\\\/de\\\/#\\\/schema\\\/logo\\\/image\\\/\",\"url\":\"https:\\\/\\\/www.benchmarkemail.com\\\/de\\\/wp-content\\\/uploads\\\/sites\\\/5\\\/2019\\\/09\\\/benchmark-logo.svg\",\"contentUrl\":\"https:\\\/\\\/www.benchmarkemail.com\\\/de\\\/wp-content\\\/uploads\\\/sites\\\/5\\\/2019\\\/09\\\/benchmark-logo.svg\",\"width\":1,\"height\":1,\"caption\":\"Benchmark Internet Group, LLC\"},\"image\":{\"@id\":\"https:\\\/\\\/www.benchmarkemail.com\\\/de\\\/#\\\/schema\\\/logo\\\/image\\\/\"},\"sameAs\":[\"https:\\\/\\\/www.facebook.com\\\/BenchmarkEmail\",\"https:\\\/\\\/x.com\\\/benchmarkemail\",\"https:\\\/\\\/www.instagram.com\\\/benchmarkemail\\\/\",\"https:\\\/\\\/www.linkedin.com\\\/company\\\/benchmark-email\\\/\",\"https:\\\/\\\/www.youtube.com\\\/channel\\\/UCS2asc1Z3ugpfkpnF2_mdbA\"]}]}<\/script>\n<!-- \/ Yoast SEO plugin. -->","yoast_head_json":{"title":"Acuity Scheduling - Verkn\u00fcpfung von Acuity Scheduling und Benchmark Email","description":"Benchmark Email erlaubt es Ihnen, die Kontakte von Acuity Scheduling direkt in Ihre E-Mail-Kontakt-Listen einzuspielen.","robots":{"index":"index","follow":"follow","max-snippet":"max-snippet:-1","max-image-preview":"max-image-preview:large","max-video-preview":"max-video-preview:-1"},"canonical":"https:\/\/www.benchmarkemail.com\/de\/features\/integrations\/acuity-scheduling\/","og_locale":"en_US","og_type":"article","og_title":"Acuity Scheduling - Verkn\u00fcpfung von Acuity Scheduling und Benchmark Email","og_description":"Benchmark Email erlaubt es Ihnen, die Kontakte von Acuity Scheduling direkt in Ihre E-Mail-Kontakt-Listen einzuspielen.","og_url":"https:\/\/www.benchmarkemail.com\/de\/features\/integrations\/acuity-scheduling\/","og_site_name":"Marketing-Blog von Benchmark Email","article_publisher":"https:\/\/www.facebook.com\/BenchmarkEmail","article_modified_time":"2023-06-06T17:35:44+00:00","og_image":[{"url":"https:\/\/www.benchmarkemail.com\/de\/wp-content\/uploads\/sites\/5\/2023\/06\/acuity-150x84-1.png","type":"","width":"","height":""}],"twitter_card":"summary_large_image","twitter_site":"@benchmarkemail","twitter_misc":{"Est. reading time":"1 minute"},"schema":{"@context":"https:\/\/schema.org","@graph":[{"@type":"WebPage","@id":"https:\/\/www.benchmarkemail.com\/de\/features\/integrations\/acuity-scheduling\/","url":"https:\/\/www.benchmarkemail.com\/de\/features\/integrations\/acuity-scheduling\/","name":"Acuity Scheduling - Verkn\u00fcpfung von Acuity Scheduling und Benchmark Email","isPartOf":{"@id":"https:\/\/www.benchmarkemail.com\/de\/#website"},"primaryImageOfPage":{"@id":"https:\/\/www.benchmarkemail.com\/de\/features\/integrations\/acuity-scheduling\/#primaryimage"},"image":{"@id":"https:\/\/www.benchmarkemail.com\/de\/features\/integrations\/acuity-scheduling\/#primaryimage"},"thumbnailUrl":"https:\/\/www.benchmarkemail.com\/de\/wp-content\/uploads\/sites\/5\/2023\/06\/acuity-150x84-1.png","datePublished":"2019-11-19T15:33:45+00:00","dateModified":"2023-06-06T17:35:44+00:00","description":"Benchmark Email erlaubt es Ihnen, die Kontakte von Acuity Scheduling direkt in Ihre E-Mail-Kontakt-Listen einzuspielen.","breadcrumb":{"@id":"https:\/\/www.benchmarkemail.com\/de\/features\/integrations\/acuity-scheduling\/#breadcrumb"},"inLanguage":"en-US","potentialAction":[{"@type":"ReadAction","target":["https:\/\/www.benchmarkemail.com\/de\/features\/integrations\/acuity-scheduling\/"]}]},{"@type":"ImageObject","inLanguage":"en-US","@id":"https:\/\/www.benchmarkemail.com\/de\/features\/integrations\/acuity-scheduling\/#primaryimage","url":"https:\/\/www.benchmarkemail.com\/de\/wp-content\/uploads\/sites\/5\/2023\/06\/acuity-150x84-1.png","contentUrl":"https:\/\/www.benchmarkemail.com\/de\/wp-content\/uploads\/sites\/5\/2023\/06\/acuity-150x84-1.png","width":150,"height":84},{"@type":"BreadcrumbList","@id":"https:\/\/www.benchmarkemail.com\/de\/features\/integrations\/acuity-scheduling\/#breadcrumb","itemListElement":[{"@type":"ListItem","position":1,"name":"Home","item":"https:\/\/www.benchmarkemail.com\/de\/"},{"@type":"ListItem","position":2,"name":"Features","item":"https:\/\/www.benchmarkemail.com\/de\/features\/"},{"@type":"ListItem","position":3,"name":"Integrations","item":"https:\/\/www.benchmarkemail.com\/de\/features\/integrations\/"},{"@type":"ListItem","position":4,"name":"Acuity Scheduling"}]},{"@type":"WebSite","@id":"https:\/\/www.benchmarkemail.com\/de\/#website","url":"https:\/\/www.benchmarkemail.com\/de\/","name":"Marketing-Blog von Benchmark Email","description":"Digitales Marketing-Tool. Erfahren Sie mehr \u00fcber E-Mail-Marketing, Automatisierung, Lead-Gewinnung und -Pflege, etc.","publisher":{"@id":"https:\/\/www.benchmarkemail.com\/de\/#organization"},"potentialAction":[{"@type":"SearchAction","target":{"@type":"EntryPoint","urlTemplate":"https:\/\/www.benchmarkemail.com\/de\/?s={search_term_string}"},"query-input":{"@type":"PropertyValueSpecification","valueRequired":true,"valueName":"search_term_string"}}],"inLanguage":"en-US"},{"@type":"Organization","@id":"https:\/\/www.benchmarkemail.com\/de\/#organization","name":"Benchmark Internet Group, LLC","url":"https:\/\/www.benchmarkemail.com\/de\/","logo":{"@type":"ImageObject","inLanguage":"en-US","@id":"https:\/\/www.benchmarkemail.com\/de\/#\/schema\/logo\/image\/","url":"https:\/\/www.benchmarkemail.com\/de\/wp-content\/uploads\/sites\/5\/2019\/09\/benchmark-logo.svg","contentUrl":"https:\/\/www.benchmarkemail.com\/de\/wp-content\/uploads\/sites\/5\/2019\/09\/benchmark-logo.svg","width":1,"height":1,"caption":"Benchmark Internet Group, LLC"},"image":{"@id":"https:\/\/www.benchmarkemail.com\/de\/#\/schema\/logo\/image\/"},"sameAs":["https:\/\/www.facebook.com\/BenchmarkEmail","https:\/\/x.com\/benchmarkemail","https:\/\/www.instagram.com\/benchmarkemail\/","https:\/\/www.linkedin.com\/company\/benchmark-email\/","https:\/\/www.youtube.com\/channel\/UCS2asc1Z3ugpfkpnF2_mdbA"]}]}},"_links":{"self":[{"href":"https:\/\/www.benchmarkemail.com\/de\/wp-json\/wp\/v2\/pages\/7928","targetHints":{"allow":["GET"]}}],"collection":[{"href":"https:\/\/www.benchmarkemail.com\/de\/wp-json\/wp\/v2\/pages"}],"about":[{"href":"https:\/\/www.benchmarkemail.com\/de\/wp-json\/wp\/v2\/types\/page"}],"author":[{"embeddable":true,"href":"https:\/\/www.benchmarkemail.com\/de\/wp-json\/wp\/v2\/users\/3"}],"replies":[{"embeddable":true,"href":"https:\/\/www.benchmarkemail.com\/de\/wp-json\/wp\/v2\/comments?post=7928"}],"version-history":[{"count":0,"href":"https:\/\/www.benchmarkemail.com\/de\/wp-json\/wp\/v2\/pages\/7928\/revisions"}],"up":[{"embeddable":true,"href":"https:\/\/www.benchmarkemail.com\/de\/wp-json\/wp\/v2\/pages\/28"}],"wp:attachment":[{"href":"https:\/\/www.benchmarkemail.com\/de\/wp-json\/wp\/v2\/media?parent=7928"}],"curies":[{"name":"wp","href":"https:\/\/api.w.org\/{rel}","templated":true}]}}