{"id":8058,"date":"2019-11-21T20:49:35","date_gmt":"2019-11-21T20:49:35","guid":{"rendered":"http:\/\/bme2.flywheelsites.com\/?page_id=8058"},"modified":"2023-06-06T17:32:47","modified_gmt":"2023-06-06T17:32:47","slug":"recurly","status":"publish","type":"page","link":"https:\/\/www.benchmarkemail.com\/de\/features\/integrations\/recurly\/","title":{"rendered":"Recurly"},"content":{"rendered":"\n<h1>\n\t\tVerkn\u00fcpfung von Recurly und Benchmark Email\n\t<\/h1>\n\t<h2>Spielen Sie Ihre Kontakte von Recurly bei Benchmark ein.<\/h2>\n\t<p>Mit der Integration von Recurly k\u00f6nnen Sie automatisch Kunden und Leads, die wiederholende Zahlungen durchgef\u00fchrt haben, in eine Liste bei Benchmark einspielen. Erstellen Sie automatisierte Abl\u00e4ufe, die zu dem Zeitpunkt ausgel\u00f6st werden, wenn ein neuer Kontakt in die Liste eingetragen wird. Kostenlos erh\u00e4ltlich mit jedem Konto von Benchmark.<\/p>\n<h3>Anforderungen:<\/h3>\n<ul>\n<li>Konto bei Benchmark Email (<a href=\"https:\/\/ui.benchmarkemail.com\/de\/register\">Kostenlos registrieren<\/a>)<\/li>\n<li>Konto bei Recurly<\/li>\n<\/ul>\n<h3>Die Verkn\u00fcpfung ist leicht und einfach:<\/h3>\n<ul>\n<li>Kein Download ist n\u00f6tig.<\/li>\n<li>Tragen Sie Ihre Kunden automatisch bei der entsprechenden Liste auf Benchmark ein.<\/li>\n<li>Erstellen Sie qualitatives Engagement mit der Kraft von E-Mail-Marketing.<\/li>\n<\/ul>\n\t\t\t\t<img loading=\"lazy\" decoding=\"async\" src=\"https:\/\/www.benchmarkemail.com\/de\/wp-content\/uploads\/sites\/5\/2023\/05\/recurly.png\" alt=\"recurly\" itemprop=\"image\" height=\"65\" width=\"110\" title=\"recurly\" onerror=\"this.style.display='none'\"  \/>\n\t\t\t<a href=\"https:\/\/kb.benchmarkemail.com\/de\/how-do-i-integrate-benchmark-with-recurly\/\" target=\"_self\" rel=\"noopener\">\n\t\t\t\t\t\t\tJetzt verkn\u00fcpfen\n\t\t\t\t\t<\/a>\n\n","protected":false},"excerpt":{"rendered":"<p>Verkn\u00fcpfung von Recurly und Benchmark Email Spielen Sie Ihre Kontakte von Recurly bei Benchmark ein. Mit der Integration von Recurly k\u00f6nnen Sie automatisch Kunden und Leads, die wiederholende Zahlungen durchgef\u00fchrt haben, in eine Liste bei Benchmark einspielen. Erstellen Sie automatisierte Abl\u00e4ufe, die zu dem Zeitpunkt ausgel\u00f6st werden, wenn ein neuer Kontakt in die Liste eingetragen&hellip;<\/p>\n","protected":false},"author":3,"featured_media":0,"parent":28,"menu_order":0,"comment_status":"closed","ping_status":"closed","template":"","meta":{"inline_featured_image":false,"footnotes":""},"class_list":["post-8058","page","type-page","status-publish","hentry"],"yoast_head":"<!-- This site is optimized with the Yoast SEO plugin v27.4 - https:\/\/yoast.com\/product\/yoast-seo-wordpress\/ -->\n<title>Recurly - Verkn\u00fcpfung von Recurly und Benchmark Email<\/title>\n<meta name=\"description\" content=\"Benchmark Email erlaubt es Ihnen, die Kontakte von Recurly direkt in Ihre E-Mail-Kontakt-Listen einzuspielen.\" \/>\n<meta name=\"robots\" content=\"index, follow, max-snippet:-1, max-image-preview:large, max-video-preview:-1\" \/>\n<link rel=\"canonical\" href=\"https:\/\/www.benchmarkemail.com\/de\/features\/integrations\/recurly\/\" \/>\n<meta property=\"og:locale\" content=\"en_US\" \/>\n<meta property=\"og:type\" content=\"article\" \/>\n<meta property=\"og:title\" content=\"Recurly - Verkn\u00fcpfung von Recurly und Benchmark Email\" \/>\n<meta property=\"og:description\" content=\"Benchmark Email erlaubt es Ihnen, die Kontakte von Recurly direkt in Ihre E-Mail-Kontakt-Listen einzuspielen.\" \/>\n<meta property=\"og:url\" content=\"https:\/\/www.benchmarkemail.com\/de\/features\/integrations\/recurly\/\" \/>\n<meta property=\"og:site_name\" content=\"Marketing-Blog von Benchmark Email\" \/>\n<meta property=\"article:publisher\" content=\"https:\/\/www.facebook.com\/BenchmarkEmail\" \/>\n<meta property=\"article:modified_time\" content=\"2023-06-06T17:32:47+00:00\" \/>\n<meta property=\"og:image\" content=\"https:\/\/www.benchmarkemail.com\/de\/wp-content\/uploads\/sites\/5\/2023\/05\/recurly.png\" \/>\n<meta name=\"twitter:card\" content=\"summary_large_image\" \/>\n<meta name=\"twitter:site\" content=\"@benchmarkemail\" \/>\n<meta name=\"twitter:label1\" content=\"Est. reading time\" \/>\n\t<meta name=\"twitter:data1\" content=\"1 minute\" \/>\n<script type=\"application\/ld+json\" class=\"yoast-schema-graph\">{\"@context\":\"https:\\\/\\\/schema.org\",\"@graph\":[{\"@type\":\"WebPage\",\"@id\":\"https:\\\/\\\/www.benchmarkemail.com\\\/de\\\/features\\\/integrations\\\/recurly\\\/\",\"url\":\"https:\\\/\\\/www.benchmarkemail.com\\\/de\\\/features\\\/integrations\\\/recurly\\\/\",\"name\":\"Recurly - Verkn\u00fcpfung von Recurly und Benchmark Email\",\"isPartOf\":{\"@id\":\"https:\\\/\\\/www.benchmarkemail.com\\\/de\\\/#website\"},\"primaryImageOfPage\":{\"@id\":\"https:\\\/\\\/www.benchmarkemail.com\\\/de\\\/features\\\/integrations\\\/recurly\\\/#primaryimage\"},\"image\":{\"@id\":\"https:\\\/\\\/www.benchmarkemail.com\\\/de\\\/features\\\/integrations\\\/recurly\\\/#primaryimage\"},\"thumbnailUrl\":\"https:\\\/\\\/www.benchmarkemail.com\\\/de\\\/wp-content\\\/uploads\\\/sites\\\/5\\\/2023\\\/05\\\/recurly.png\",\"datePublished\":\"2019-11-21T20:49:35+00:00\",\"dateModified\":\"2023-06-06T17:32:47+00:00\",\"description\":\"Benchmark Email erlaubt es Ihnen, die Kontakte von Recurly direkt in Ihre E-Mail-Kontakt-Listen einzuspielen.\",\"breadcrumb\":{\"@id\":\"https:\\\/\\\/www.benchmarkemail.com\\\/de\\\/features\\\/integrations\\\/recurly\\\/#breadcrumb\"},\"inLanguage\":\"en-US\",\"potentialAction\":[{\"@type\":\"ReadAction\",\"target\":[\"https:\\\/\\\/www.benchmarkemail.com\\\/de\\\/features\\\/integrations\\\/recurly\\\/\"]}]},{\"@type\":\"ImageObject\",\"inLanguage\":\"en-US\",\"@id\":\"https:\\\/\\\/www.benchmarkemail.com\\\/de\\\/features\\\/integrations\\\/recurly\\\/#primaryimage\",\"url\":\"https:\\\/\\\/www.benchmarkemail.com\\\/de\\\/wp-content\\\/uploads\\\/sites\\\/5\\\/2023\\\/05\\\/recurly.png\",\"contentUrl\":\"https:\\\/\\\/www.benchmarkemail.com\\\/de\\\/wp-content\\\/uploads\\\/sites\\\/5\\\/2023\\\/05\\\/recurly.png\",\"width\":110,\"height\":65},{\"@type\":\"BreadcrumbList\",\"@id\":\"https:\\\/\\\/www.benchmarkemail.com\\\/de\\\/features\\\/integrations\\\/recurly\\\/#breadcrumb\",\"itemListElement\":[{\"@type\":\"ListItem\",\"position\":1,\"name\":\"Home\",\"item\":\"https:\\\/\\\/www.benchmarkemail.com\\\/de\\\/\"},{\"@type\":\"ListItem\",\"position\":2,\"name\":\"Features\",\"item\":\"https:\\\/\\\/www.benchmarkemail.com\\\/de\\\/features\\\/\"},{\"@type\":\"ListItem\",\"position\":3,\"name\":\"Integrations\",\"item\":\"https:\\\/\\\/www.benchmarkemail.com\\\/de\\\/features\\\/integrations\\\/\"},{\"@type\":\"ListItem\",\"position\":4,\"name\":\"Recurly\"}]},{\"@type\":\"WebSite\",\"@id\":\"https:\\\/\\\/www.benchmarkemail.com\\\/de\\\/#website\",\"url\":\"https:\\\/\\\/www.benchmarkemail.com\\\/de\\\/\",\"name\":\"Marketing-Blog von Benchmark Email\",\"description\":\"Digitales Marketing-Tool. Erfahren Sie mehr \u00fcber E-Mail-Marketing, Automatisierung, Lead-Gewinnung und -Pflege, etc.\",\"publisher\":{\"@id\":\"https:\\\/\\\/www.benchmarkemail.com\\\/de\\\/#organization\"},\"potentialAction\":[{\"@type\":\"SearchAction\",\"target\":{\"@type\":\"EntryPoint\",\"urlTemplate\":\"https:\\\/\\\/www.benchmarkemail.com\\\/de\\\/?s={search_term_string}\"},\"query-input\":{\"@type\":\"PropertyValueSpecification\",\"valueRequired\":true,\"valueName\":\"search_term_string\"}}],\"inLanguage\":\"en-US\"},{\"@type\":\"Organization\",\"@id\":\"https:\\\/\\\/www.benchmarkemail.com\\\/de\\\/#organization\",\"name\":\"Benchmark Internet Group, LLC\",\"url\":\"https:\\\/\\\/www.benchmarkemail.com\\\/de\\\/\",\"logo\":{\"@type\":\"ImageObject\",\"inLanguage\":\"en-US\",\"@id\":\"https:\\\/\\\/www.benchmarkemail.com\\\/de\\\/#\\\/schema\\\/logo\\\/image\\\/\",\"url\":\"https:\\\/\\\/www.benchmarkemail.com\\\/de\\\/wp-content\\\/uploads\\\/sites\\\/5\\\/2019\\\/09\\\/benchmark-logo.svg\",\"contentUrl\":\"https:\\\/\\\/www.benchmarkemail.com\\\/de\\\/wp-content\\\/uploads\\\/sites\\\/5\\\/2019\\\/09\\\/benchmark-logo.svg\",\"width\":1,\"height\":1,\"caption\":\"Benchmark Internet Group, LLC\"},\"image\":{\"@id\":\"https:\\\/\\\/www.benchmarkemail.com\\\/de\\\/#\\\/schema\\\/logo\\\/image\\\/\"},\"sameAs\":[\"https:\\\/\\\/www.facebook.com\\\/BenchmarkEmail\",\"https:\\\/\\\/x.com\\\/benchmarkemail\",\"https:\\\/\\\/www.instagram.com\\\/benchmarkemail\\\/\",\"https:\\\/\\\/www.linkedin.com\\\/company\\\/benchmark-email\\\/\",\"https:\\\/\\\/www.youtube.com\\\/channel\\\/UCS2asc1Z3ugpfkpnF2_mdbA\"]}]}<\/script>\n<!-- \/ Yoast SEO plugin. -->","yoast_head_json":{"title":"Recurly - Verkn\u00fcpfung von Recurly und Benchmark Email","description":"Benchmark Email erlaubt es Ihnen, die Kontakte von Recurly direkt in Ihre E-Mail-Kontakt-Listen einzuspielen.","robots":{"index":"index","follow":"follow","max-snippet":"max-snippet:-1","max-image-preview":"max-image-preview:large","max-video-preview":"max-video-preview:-1"},"canonical":"https:\/\/www.benchmarkemail.com\/de\/features\/integrations\/recurly\/","og_locale":"en_US","og_type":"article","og_title":"Recurly - Verkn\u00fcpfung von Recurly und Benchmark Email","og_description":"Benchmark Email erlaubt es Ihnen, die Kontakte von Recurly direkt in Ihre E-Mail-Kontakt-Listen einzuspielen.","og_url":"https:\/\/www.benchmarkemail.com\/de\/features\/integrations\/recurly\/","og_site_name":"Marketing-Blog von Benchmark Email","article_publisher":"https:\/\/www.facebook.com\/BenchmarkEmail","article_modified_time":"2023-06-06T17:32:47+00:00","og_image":[{"url":"https:\/\/www.benchmarkemail.com\/de\/wp-content\/uploads\/sites\/5\/2023\/05\/recurly.png","type":"","width":"","height":""}],"twitter_card":"summary_large_image","twitter_site":"@benchmarkemail","twitter_misc":{"Est. reading time":"1 minute"},"schema":{"@context":"https:\/\/schema.org","@graph":[{"@type":"WebPage","@id":"https:\/\/www.benchmarkemail.com\/de\/features\/integrations\/recurly\/","url":"https:\/\/www.benchmarkemail.com\/de\/features\/integrations\/recurly\/","name":"Recurly - Verkn\u00fcpfung von Recurly und Benchmark Email","isPartOf":{"@id":"https:\/\/www.benchmarkemail.com\/de\/#website"},"primaryImageOfPage":{"@id":"https:\/\/www.benchmarkemail.com\/de\/features\/integrations\/recurly\/#primaryimage"},"image":{"@id":"https:\/\/www.benchmarkemail.com\/de\/features\/integrations\/recurly\/#primaryimage"},"thumbnailUrl":"https:\/\/www.benchmarkemail.com\/de\/wp-content\/uploads\/sites\/5\/2023\/05\/recurly.png","datePublished":"2019-11-21T20:49:35+00:00","dateModified":"2023-06-06T17:32:47+00:00","description":"Benchmark Email erlaubt es Ihnen, die Kontakte von Recurly direkt in Ihre E-Mail-Kontakt-Listen einzuspielen.","breadcrumb":{"@id":"https:\/\/www.benchmarkemail.com\/de\/features\/integrations\/recurly\/#breadcrumb"},"inLanguage":"en-US","potentialAction":[{"@type":"ReadAction","target":["https:\/\/www.benchmarkemail.com\/de\/features\/integrations\/recurly\/"]}]},{"@type":"ImageObject","inLanguage":"en-US","@id":"https:\/\/www.benchmarkemail.com\/de\/features\/integrations\/recurly\/#primaryimage","url":"https:\/\/www.benchmarkemail.com\/de\/wp-content\/uploads\/sites\/5\/2023\/05\/recurly.png","contentUrl":"https:\/\/www.benchmarkemail.com\/de\/wp-content\/uploads\/sites\/5\/2023\/05\/recurly.png","width":110,"height":65},{"@type":"BreadcrumbList","@id":"https:\/\/www.benchmarkemail.com\/de\/features\/integrations\/recurly\/#breadcrumb","itemListElement":[{"@type":"ListItem","position":1,"name":"Home","item":"https:\/\/www.benchmarkemail.com\/de\/"},{"@type":"ListItem","position":2,"name":"Features","item":"https:\/\/www.benchmarkemail.com\/de\/features\/"},{"@type":"ListItem","position":3,"name":"Integrations","item":"https:\/\/www.benchmarkemail.com\/de\/features\/integrations\/"},{"@type":"ListItem","position":4,"name":"Recurly"}]},{"@type":"WebSite","@id":"https:\/\/www.benchmarkemail.com\/de\/#website","url":"https:\/\/www.benchmarkemail.com\/de\/","name":"Marketing-Blog von Benchmark Email","description":"Digitales Marketing-Tool. Erfahren Sie mehr \u00fcber E-Mail-Marketing, Automatisierung, Lead-Gewinnung und -Pflege, etc.","publisher":{"@id":"https:\/\/www.benchmarkemail.com\/de\/#organization"},"potentialAction":[{"@type":"SearchAction","target":{"@type":"EntryPoint","urlTemplate":"https:\/\/www.benchmarkemail.com\/de\/?s={search_term_string}"},"query-input":{"@type":"PropertyValueSpecification","valueRequired":true,"valueName":"search_term_string"}}],"inLanguage":"en-US"},{"@type":"Organization","@id":"https:\/\/www.benchmarkemail.com\/de\/#organization","name":"Benchmark Internet Group, LLC","url":"https:\/\/www.benchmarkemail.com\/de\/","logo":{"@type":"ImageObject","inLanguage":"en-US","@id":"https:\/\/www.benchmarkemail.com\/de\/#\/schema\/logo\/image\/","url":"https:\/\/www.benchmarkemail.com\/de\/wp-content\/uploads\/sites\/5\/2019\/09\/benchmark-logo.svg","contentUrl":"https:\/\/www.benchmarkemail.com\/de\/wp-content\/uploads\/sites\/5\/2019\/09\/benchmark-logo.svg","width":1,"height":1,"caption":"Benchmark Internet Group, LLC"},"image":{"@id":"https:\/\/www.benchmarkemail.com\/de\/#\/schema\/logo\/image\/"},"sameAs":["https:\/\/www.facebook.com\/BenchmarkEmail","https:\/\/x.com\/benchmarkemail","https:\/\/www.instagram.com\/benchmarkemail\/","https:\/\/www.linkedin.com\/company\/benchmark-email\/","https:\/\/www.youtube.com\/channel\/UCS2asc1Z3ugpfkpnF2_mdbA"]}]}},"_links":{"self":[{"href":"https:\/\/www.benchmarkemail.com\/de\/wp-json\/wp\/v2\/pages\/8058","targetHints":{"allow":["GET"]}}],"collection":[{"href":"https:\/\/www.benchmarkemail.com\/de\/wp-json\/wp\/v2\/pages"}],"about":[{"href":"https:\/\/www.benchmarkemail.com\/de\/wp-json\/wp\/v2\/types\/page"}],"author":[{"embeddable":true,"href":"https:\/\/www.benchmarkemail.com\/de\/wp-json\/wp\/v2\/users\/3"}],"replies":[{"embeddable":true,"href":"https:\/\/www.benchmarkemail.com\/de\/wp-json\/wp\/v2\/comments?post=8058"}],"version-history":[{"count":0,"href":"https:\/\/www.benchmarkemail.com\/de\/wp-json\/wp\/v2\/pages\/8058\/revisions"}],"up":[{"embeddable":true,"href":"https:\/\/www.benchmarkemail.com\/de\/wp-json\/wp\/v2\/pages\/28"}],"wp:attachment":[{"href":"https:\/\/www.benchmarkemail.com\/de\/wp-json\/wp\/v2\/media?parent=8058"}],"curies":[{"name":"wp","href":"https:\/\/api.w.org\/{rel}","templated":true}]}}