{"id":22286,"date":"2020-04-14T16:01:32","date_gmt":"2020-04-14T16:01:32","guid":{"rendered":"https:\/\/benchmarkemail.wpengine.com\/es\/?page_id=22286"},"modified":"2026-02-04T18:05:26","modified_gmt":"2026-02-04T18:05:26","slug":"upgrade","status":"publish","type":"page","link":"https:\/\/www.benchmarkemail.com\/es\/pricing-march-2022\/upgrade\/","title":{"rendered":"Upgrade"},"content":{"rendered":"\n\n\t\t\t<a href=\"\"  target=\"_self\">\n\t\t\t\t\t\t\tCOMIENZA DESDE SOLO $15\n\t\t\t\t\t<\/a>\n<h1>\n\t\t\tVu\u00e9lvete Pro con Benchmark PREMIUM y alcanza tus metas\t<\/h1>\n<h4>\n\t\t\tToda tu estrategia automatizada de email marketing en un \u00fanico lugar\t<\/h4>\n\t\t\t<a href=\"https:\/\/app.benchmarkemail.io\/register?language=es\"  target=\"_self\">\n\t\t\t\t\t\t\tDA EL PRIMER PASO AL PREMIUM\n\t\t\t\t\t<\/a>\n<h2>\n\t\t\t\u00b7Respaldo de un equipo de soporte t\u00e9cnico\u00b7\t<\/h2>\n\t<p><video loop=\"\" autoplay=\"autoplay\" muted=\"\"><source src=\"\/images\/upgrade\/es\/chat.mp4\" type=\"video\/mp4\"\/>Your browser does not support HTML5 video.<\/video><\/p>\n<h2>\n\t\t\tSoporte T\u00e9cnico Dedicado\t<\/h2>\n<h6>\n\t\t\tTu especialista en email marketing estar\u00e1 para&#8230;\t<\/h6>\n\t<ul>\n<li>Ayudarte a crear una estrategia con tus emails<\/li>\n\n<li>Aconsejarte sobre la limpieza de listas<\/li>\n\n<li>Ofrecerte consejos sobre la automatizaci\u00f3n del marketing<\/li>\n<\/ul>\n<h2>\n\t\t\tAsistente de Entregabilidad\t<\/h2>\n<h6>\n\t\t\tTe ayudar\u00e1 a.&#8230;\t<\/h6>\n\t<ul>\n<li>Configurar los Registros SPF<\/li>\n\n<li>Crear la estrategia &oacute;ptima de buenas pr&aacute;cticas de env&iacute;o<\/li>\n\n<li>Comprender la importancia de la verificaci&oacute;n de listas<\/li>\n<\/ul>\n\t\t\t<a href=\"https:\/\/secure.livechatinc.com\/licence\/1067033\/v2\/open_chat.cgi?groups=5\"  target=\"_self\">\n\t\t\t\t\t\t\tHABLAR CON UN ESPECIALISTA\n\t\t\t\t\t<\/a>\n<h2>\n\t\t\tSin restricciones en registros\t<\/h2>\n\t\n                La cuenta gratuita tan s\u00f3lo puede recibir 75 registros al d\u00eda a trav\u00e9s de un formulario de registro. No pongas l\u00edmites a tus acciones de marketing y escala todas las estrategias con una cuenta profesional.\n<h2>\n\t\t\tElimina la publicidad de Benchmark\t<\/h2>\n\t<p>S\u00e9 un profesional y a\u00f1ade tu imagen de marca. Elimina nuestra publicidad de tus emails y haz llegar tu mensaje de manera consistente a tu audiencia.<\/p>\n<h2>\n\t\t\tAutomatizaciones Pro\t<\/h2>\n<h4>\n\t\t\tAhorra tiempo y escala tu negocio automatizando tu email marketing\t<\/h4>\n<figure itemscope itemtype=\"https:\/\/schema.org\/ImageObject\">\n\t\t\t\t<img decoding=\"async\" src=\"https:\/\/www.benchmarkemail.com\/images\/upgrade\/es\/automation-pro.png\" alt=\"automation-pro.png\" title=\"automation-pro.png\" onerror=\"this.style.display='none'\" loading=\"lazy\" \/>\n\t<\/figure>\n\t<ul>\n<li>Acciona emails autom\u00e1ticos en base a las acciones de tus suscriptores: han abierto el email, han hecho clic al enlace o no han tomado ninguna acci\u00f3n.<\/li>\n<li>Trabaja con listas din\u00e1micas y mueve a tus contactos a trav\u00e9s del recorrido para que reciban el mensaje correcto en el momento adecuado.<\/li>\n<li>Env\u00eda informaci\u00f3n adicional cuando un cliente haya visitado la p\u00e1gina de precios, y haya mostrado inter\u00e9s por el producto.<\/li>\n<\/ul>\n\t<ul>\n<li>Crea recorridos personales pero automatizados que ayuden a un suscriptor a convertirse en cliente.<\/li>\n<li>No te olvides de las ventas fracasadas con la Plantilla de Carrito Abandonado. Incentiva la compra con un descuento o env\u00edo gratuito a trav\u00e9s de emails automatizados.<\/li>\n<\/ul>\n<h2>\n\t\t\tEsta funcionalidad est\u00e1 incluida dentro de tu Plan PREMIUM sin coste adicional.\t<\/h2>\n\t\t\t<a href=\"https:\/\/app.benchmarkemail.io\/register?language=es\"  target=\"_self\">\n\t\t\t\t\t\t\tACTUALIZAR AL PLAN PREMIUM AHORA\n\t\t\t\t\t<\/a>\n<h2>\n\t\t\tM\u00e1s Herramientas Profesionales\t<\/h2>\n<h2>\n\t\t\tPRUEBAS AB\t<\/h2>\n<h5>\n\t\t\t\u00a1Realiza pruebas de las l\u00edneas de asunto!\t<\/h5>\n\t<ul>\n<li>Compara el rendimiento de tres campa\u00f1as a la vez.<\/li>\n<li>Aprende cual es el mejor d\u00eda y hora para enviar tus campa\u00f1as.<\/li>\n<li>Env\u00eda la variante ganadora a toda tu base de datos de manera autom\u00e1tica y sin preocupaciones.\n                <\/li>\n<li>Haz seguimiento a tu \u00e9xito a trav\u00e9s de los reportes de Pruebas AB.<\/li>\n<\/ul>\n<figure itemscope itemtype=\"https:\/\/schema.org\/ImageObject\">\n\t\t\t\t<img decoding=\"async\" src=\"https:\/\/www.benchmarkemail.com\/images\/upgrade\/es\/24-left.png\" alt=\"24-left.png\" title=\"24-left.png\" onerror=\"this.style.display='none'\" loading=\"lazy\" \/>\n\t<\/figure>\n<figure itemscope itemtype=\"https:\/\/schema.org\/ImageObject\">\n\t\t\t\t<img decoding=\"async\" src=\"https:\/\/www.benchmarkemail.com\/images\/upgrade\/es\/targeted-emailing.png\" alt=\"targeted-emailing.png\" title=\"targeted-emailing.png\" onerror=\"this.style.display='none'\" loading=\"lazy\" \/>\n\t<\/figure>\n<h2>\n\t\t\tEmailing Enfocado\t<\/h2>\n<h5>\n\t\t\tDescubre de manera muy sencilla como puedes segmentar tus oportunidades de venta.\t<\/h5>\n\t<ul>\n<li>\n<ul>\n<li>Crea listas segmentadas para enviar promociones especiales, pedir feedback o crear un programa de lealtad.<\/li>\n<li>Averigua quienes son tus usuarios inactivos y env\u00edales campa\u00f1as especiales de seguimiento para captar su atenci\u00f3n.<\/li>\n<\/ul>\n<\/li>\n<\/ul>\n<h2>\n\t\t\tPunto de Encuentro de<br \/>Equipos y Agencias\t<\/h2>\n<h4>\n\t\t\tSi eres una agencia o freelance que est\u00e1 a cargo de las campa\u00f1as de email marketing de varios clientes, puedes centralizar la gesti\u00f3n de todos ellos en un \u00fanico lugar.\t<\/h4>\n<figure itemscope itemtype=\"https:\/\/schema.org\/ImageObject\">\n\t\t\t\t<img decoding=\"async\" src=\"https:\/\/www.benchmarkemail.com\/images\/upgrade\/es\/management.png\" alt=\"management.png\" title=\"management.png\" onerror=\"this.style.display='none'\" loading=\"lazy\" \/>\n\t<\/figure>\n<h2>\n\t\t\tCuenta Maestra &#038; Subcuentas\t<\/h2>\n\t<ul>\n<li>Gestiona diferentes cuentas desde un \u00fanico lugar.<\/li>\n<li>Comparte plantillas y dise\u00f1os con las subcuentas y cuida la imagen de marca.<\/li>\n<li>Comparte listas con subcuentas.<\/li>\n<li>La facturaci\u00f3n puede hacerse al cliente final o a la agencia. \u00a1T\u00fa decides tu forma de trabajar!<\/li>\n<\/ul>\n<h2>\n\t\t\tPIN de Seguridad\t<\/h2>\n\t<p>Protege tus listas de la descarga o exportaci\u00f3n de cualquier empleado o equipo que trabajen en una misma cuenta.<\/p>\n\t\t\t<a href=\"https:\/\/app.benchmarkemail.io\/register?language=es\"  target=\"_self\">\n\t\t\t\t\t\t\tACTUALIZAR AHORA\n\t\t\t\t\t<\/a>\n<h2>\n\t\t\t\u00danete a la red de m\u00e1s de 500,000 profesionales que quieren hacer crecer su negocio.\t<\/h2>\n<h6>\n\t\t\tTenemos planes a medida para ti. No se trata simplemente de enviar un email.\t<\/h6>\n\t<ul>\n\t\n\t\n\t\n\t\n\t<br \/>\n<\/ul>\n<br \/>\n<ul>\n\t\n\t\n\t\n\t\n\t<br \/>\n<\/ul>\n\t\t\t<a href=\"https:\/\/app.benchmarkemail.io\/register?language=es\"  target=\"_self\">\n\t\t\t\t\t\t\tMU\u00c9VETE AL PLAN PREMIUM AHORA\n\t\t\t\t\t<\/a>\n\t<h2>Suscr\u00edbete a una cuenta gratis<\/h2>\n<p>No necesitas tarjeta de cr\u00e9dito<\/p>\n\t<style>\n.signup-form-wrap input.form-text-field {\n    box-shadow: none;\n    height: auto;\n    border: 1px solid \n#e6e6e8;\nborder-radius: 3px;\nfont-size: 1rem;\n-webkit-box-shadow: 0 0 0 1000px\n    #fff inset;\n    color: #666872;\n    height: 42px;\n}\n.signup-form-wrap #frm_submit_new {\n    font-size: .8rem;\n    font-weight: 600;\n    text-transform: uppercase;\n    background-color: \n#4e5ff9;\nletter-spacing: 1px;\ncolor: #4e5ff9;\ncolor:\n    #fff;\n    border: none;\n    height: 42px;\n}\n<\/style>\n            <input type=\"text\" placeholder=\"Nombre\" id=\"frm_first_name\"\/>\n            <input type=\"text\" placeholder=\"Apellido\" id=\"frm_last_name\"\/>\n            <input type=\"text\" placeholder=\"Direcci\u00f3n de email\" id=\"frm_email_new\"\/>\n            <input type=\"button\" value=\"Plan Gratis\" id=\"frm_submit_new\"\/>\n\n","protected":false},"excerpt":{"rendered":"<p>COMIENZA DESDE SOLO $15 Vu\u00e9lvete Pro con Benchmark PREMIUM y alcanza tus metas Toda tu estrategia automatizada de email marketing en un \u00fanico lugar DA EL PRIMER PASO AL PREMIUM \u00b7Respaldo de un equipo de soporte t\u00e9cnico\u00b7 Your browser does not support HTML5 video. Soporte T\u00e9cnico Dedicado Tu especialista en email marketing estar\u00e1 para&#8230; Ayudarte&hellip;<\/p>\n","protected":false},"author":7,"featured_media":0,"parent":26446,"menu_order":0,"comment_status":"closed","ping_status":"closed","template":"","meta":{"inline_featured_image":false,"footnotes":""},"class_list":["post-22286","page","type-page","status-publish","hentry"],"yoast_head":"<!-- This site is optimized with the Yoast SEO plugin v27.3 - https:\/\/yoast.com\/product\/yoast-seo-wordpress\/ -->\n<title>DA EL PRIMER PASO AL PREMIUM - Benchmark Email Marketing<\/title>\n<meta name=\"description\" content=\"Regardless of the industry you are in email marketing will help you grow your business with these premium marketing tools starting at only $13.99.\" \/>\n<meta name=\"robots\" content=\"index, follow, max-snippet:-1, max-image-preview:large, max-video-preview:-1\" \/>\n<link rel=\"canonical\" href=\"https:\/\/www.benchmarkemail.com\/es\/pricing-march-2022\/upgrade\/\" \/>\n<meta property=\"og:locale\" content=\"en_US\" \/>\n<meta property=\"og:type\" content=\"article\" \/>\n<meta property=\"og:title\" content=\"DA EL PRIMER PASO AL PREMIUM - Benchmark Email Marketing\" \/>\n<meta property=\"og:description\" content=\"Regardless of the industry you are in email marketing will help you grow your business with these premium marketing tools starting at only $13.99.\" \/>\n<meta property=\"og:url\" content=\"https:\/\/www.benchmarkemail.com\/es\/pricing-march-2022\/upgrade\/\" \/>\n<meta property=\"og:site_name\" content=\"Benchmark Email - Herramienta de Email Marketing\" \/>\n<meta property=\"article:publisher\" content=\"https:\/\/www.facebook.com\/benchmarkemailes\" \/>\n<meta property=\"article:modified_time\" content=\"2026-02-04T18:05:26+00:00\" \/>\n<meta property=\"og:image\" content=\"https:\/\/www.benchmarkemail.com\/images\/upgrade\/es\/automation-pro.png\" \/>\n<meta name=\"twitter:card\" content=\"summary_large_image\" \/>\n<meta name=\"twitter:site\" content=\"@benchmarkesp\" \/>\n<meta name=\"twitter:label1\" content=\"Est. reading time\" \/>\n\t<meta name=\"twitter:data1\" content=\"3 minutes\" \/>\n<script type=\"application\/ld+json\" class=\"yoast-schema-graph\">{\"@context\":\"https:\\\/\\\/schema.org\",\"@graph\":[{\"@type\":\"WebPage\",\"@id\":\"https:\\\/\\\/www.benchmarkemail.com\\\/es\\\/pricing-march-2022\\\/upgrade\\\/\",\"url\":\"https:\\\/\\\/www.benchmarkemail.com\\\/es\\\/pricing-march-2022\\\/upgrade\\\/\",\"name\":\"DA EL PRIMER PASO AL PREMIUM - Benchmark Email Marketing\",\"isPartOf\":{\"@id\":\"https:\\\/\\\/www.benchmarkemail.com\\\/es\\\/#website\"},\"primaryImageOfPage\":{\"@id\":\"https:\\\/\\\/www.benchmarkemail.com\\\/es\\\/pricing-march-2022\\\/upgrade\\\/#primaryimage\"},\"image\":{\"@id\":\"https:\\\/\\\/www.benchmarkemail.com\\\/es\\\/pricing-march-2022\\\/upgrade\\\/#primaryimage\"},\"thumbnailUrl\":\"https:\\\/\\\/www.benchmarkemail.com\\\/images\\\/upgrade\\\/es\\\/automation-pro.png\",\"datePublished\":\"2020-04-14T16:01:32+00:00\",\"dateModified\":\"2026-02-04T18:05:26+00:00\",\"description\":\"Regardless of the industry you are in email marketing will help you grow your business with these premium marketing tools starting at only $13.99.\",\"breadcrumb\":{\"@id\":\"https:\\\/\\\/www.benchmarkemail.com\\\/es\\\/pricing-march-2022\\\/upgrade\\\/#breadcrumb\"},\"inLanguage\":\"en-US\",\"potentialAction\":[{\"@type\":\"ReadAction\",\"target\":[\"https:\\\/\\\/www.benchmarkemail.com\\\/es\\\/pricing-march-2022\\\/upgrade\\\/\"]}]},{\"@type\":\"ImageObject\",\"inLanguage\":\"en-US\",\"@id\":\"https:\\\/\\\/www.benchmarkemail.com\\\/es\\\/pricing-march-2022\\\/upgrade\\\/#primaryimage\",\"url\":\"https:\\\/\\\/www.benchmarkemail.com\\\/images\\\/upgrade\\\/es\\\/automation-pro.png\",\"contentUrl\":\"https:\\\/\\\/www.benchmarkemail.com\\\/images\\\/upgrade\\\/es\\\/automation-pro.png\"},{\"@type\":\"BreadcrumbList\",\"@id\":\"https:\\\/\\\/www.benchmarkemail.com\\\/es\\\/pricing-march-2022\\\/upgrade\\\/#breadcrumb\",\"itemListElement\":[{\"@type\":\"ListItem\",\"position\":1,\"name\":\"Home\",\"item\":\"https:\\\/\\\/www.benchmarkemail.com\\\/es\\\/\"},{\"@type\":\"ListItem\",\"position\":2,\"name\":\"Pricing march\",\"item\":\"https:\\\/\\\/www.benchmarkemail.com\\\/es\\\/?page_id=26446\"},{\"@type\":\"ListItem\",\"position\":3,\"name\":\"Upgrade\"}]},{\"@type\":\"WebSite\",\"@id\":\"https:\\\/\\\/www.benchmarkemail.com\\\/es\\\/#website\",\"url\":\"https:\\\/\\\/www.benchmarkemail.com\\\/es\\\/\",\"name\":\"Benchmark Email - Herramienta de Email Marketing\",\"description\":\"Dise\u00f1a, env\u00eda, mide y optimiza tus campa\u00f1as de email y comun\u00edcate con tus clientes a trav\u00e9s del correo electr\u00f3nico.\",\"publisher\":{\"@id\":\"https:\\\/\\\/www.benchmarkemail.com\\\/es\\\/#organization\"},\"potentialAction\":[{\"@type\":\"SearchAction\",\"target\":{\"@type\":\"EntryPoint\",\"urlTemplate\":\"https:\\\/\\\/www.benchmarkemail.com\\\/es\\\/?s={search_term_string}\"},\"query-input\":{\"@type\":\"PropertyValueSpecification\",\"valueRequired\":true,\"valueName\":\"search_term_string\"}}],\"inLanguage\":\"en-US\"},{\"@type\":\"Organization\",\"@id\":\"https:\\\/\\\/www.benchmarkemail.com\\\/es\\\/#organization\",\"name\":\"Benchmark Email\",\"url\":\"https:\\\/\\\/www.benchmarkemail.com\\\/es\\\/\",\"logo\":{\"@type\":\"ImageObject\",\"inLanguage\":\"en-US\",\"@id\":\"https:\\\/\\\/www.benchmarkemail.com\\\/es\\\/#\\\/schema\\\/logo\\\/image\\\/\",\"url\":\"https:\\\/\\\/www.benchmarkemail.com\\\/es\\\/wp-content\\\/uploads\\\/sites\\\/4\\\/2019\\\/09\\\/benchmark-logo.svg\",\"contentUrl\":\"https:\\\/\\\/www.benchmarkemail.com\\\/es\\\/wp-content\\\/uploads\\\/sites\\\/4\\\/2019\\\/09\\\/benchmark-logo.svg\",\"width\":1,\"height\":1,\"caption\":\"Benchmark Email\"},\"image\":{\"@id\":\"https:\\\/\\\/www.benchmarkemail.com\\\/es\\\/#\\\/schema\\\/logo\\\/image\\\/\"},\"sameAs\":[\"https:\\\/\\\/www.facebook.com\\\/benchmarkemailes\",\"https:\\\/\\\/x.com\\\/benchmarkesp\",\"https:\\\/\\\/twitter.com\\\/benchmarkesp\",\"https:\\\/\\\/www.youtube.com\\\/user\\\/BenchmarkEmailESP\",\"https:\\\/\\\/www.tiktok.com\\\/@benchmarkespanol\"]}]}<\/script>\n<!-- \/ Yoast SEO plugin. -->","yoast_head_json":{"title":"DA EL PRIMER PASO AL PREMIUM - Benchmark Email Marketing","description":"Regardless of the industry you are in email marketing will help you grow your business with these premium marketing tools starting at only $13.99.","robots":{"index":"index","follow":"follow","max-snippet":"max-snippet:-1","max-image-preview":"max-image-preview:large","max-video-preview":"max-video-preview:-1"},"canonical":"https:\/\/www.benchmarkemail.com\/es\/pricing-march-2022\/upgrade\/","og_locale":"en_US","og_type":"article","og_title":"DA EL PRIMER PASO AL PREMIUM - Benchmark Email Marketing","og_description":"Regardless of the industry you are in email marketing will help you grow your business with these premium marketing tools starting at only $13.99.","og_url":"https:\/\/www.benchmarkemail.com\/es\/pricing-march-2022\/upgrade\/","og_site_name":"Benchmark Email - Herramienta de Email Marketing","article_publisher":"https:\/\/www.facebook.com\/benchmarkemailes","article_modified_time":"2026-02-04T18:05:26+00:00","og_image":[{"url":"https:\/\/www.benchmarkemail.com\/images\/upgrade\/es\/automation-pro.png","type":"","width":"","height":""}],"twitter_card":"summary_large_image","twitter_site":"@benchmarkesp","twitter_misc":{"Est. reading time":"3 minutes"},"schema":{"@context":"https:\/\/schema.org","@graph":[{"@type":"WebPage","@id":"https:\/\/www.benchmarkemail.com\/es\/pricing-march-2022\/upgrade\/","url":"https:\/\/www.benchmarkemail.com\/es\/pricing-march-2022\/upgrade\/","name":"DA EL PRIMER PASO AL PREMIUM - Benchmark Email Marketing","isPartOf":{"@id":"https:\/\/www.benchmarkemail.com\/es\/#website"},"primaryImageOfPage":{"@id":"https:\/\/www.benchmarkemail.com\/es\/pricing-march-2022\/upgrade\/#primaryimage"},"image":{"@id":"https:\/\/www.benchmarkemail.com\/es\/pricing-march-2022\/upgrade\/#primaryimage"},"thumbnailUrl":"https:\/\/www.benchmarkemail.com\/images\/upgrade\/es\/automation-pro.png","datePublished":"2020-04-14T16:01:32+00:00","dateModified":"2026-02-04T18:05:26+00:00","description":"Regardless of the industry you are in email marketing will help you grow your business with these premium marketing tools starting at only $13.99.","breadcrumb":{"@id":"https:\/\/www.benchmarkemail.com\/es\/pricing-march-2022\/upgrade\/#breadcrumb"},"inLanguage":"en-US","potentialAction":[{"@type":"ReadAction","target":["https:\/\/www.benchmarkemail.com\/es\/pricing-march-2022\/upgrade\/"]}]},{"@type":"ImageObject","inLanguage":"en-US","@id":"https:\/\/www.benchmarkemail.com\/es\/pricing-march-2022\/upgrade\/#primaryimage","url":"https:\/\/www.benchmarkemail.com\/images\/upgrade\/es\/automation-pro.png","contentUrl":"https:\/\/www.benchmarkemail.com\/images\/upgrade\/es\/automation-pro.png"},{"@type":"BreadcrumbList","@id":"https:\/\/www.benchmarkemail.com\/es\/pricing-march-2022\/upgrade\/#breadcrumb","itemListElement":[{"@type":"ListItem","position":1,"name":"Home","item":"https:\/\/www.benchmarkemail.com\/es\/"},{"@type":"ListItem","position":2,"name":"Pricing march","item":"https:\/\/www.benchmarkemail.com\/es\/?page_id=26446"},{"@type":"ListItem","position":3,"name":"Upgrade"}]},{"@type":"WebSite","@id":"https:\/\/www.benchmarkemail.com\/es\/#website","url":"https:\/\/www.benchmarkemail.com\/es\/","name":"Benchmark Email - Herramienta de Email Marketing","description":"Dise\u00f1a, env\u00eda, mide y optimiza tus campa\u00f1as de email y comun\u00edcate con tus clientes a trav\u00e9s del correo electr\u00f3nico.","publisher":{"@id":"https:\/\/www.benchmarkemail.com\/es\/#organization"},"potentialAction":[{"@type":"SearchAction","target":{"@type":"EntryPoint","urlTemplate":"https:\/\/www.benchmarkemail.com\/es\/?s={search_term_string}"},"query-input":{"@type":"PropertyValueSpecification","valueRequired":true,"valueName":"search_term_string"}}],"inLanguage":"en-US"},{"@type":"Organization","@id":"https:\/\/www.benchmarkemail.com\/es\/#organization","name":"Benchmark Email","url":"https:\/\/www.benchmarkemail.com\/es\/","logo":{"@type":"ImageObject","inLanguage":"en-US","@id":"https:\/\/www.benchmarkemail.com\/es\/#\/schema\/logo\/image\/","url":"https:\/\/www.benchmarkemail.com\/es\/wp-content\/uploads\/sites\/4\/2019\/09\/benchmark-logo.svg","contentUrl":"https:\/\/www.benchmarkemail.com\/es\/wp-content\/uploads\/sites\/4\/2019\/09\/benchmark-logo.svg","width":1,"height":1,"caption":"Benchmark Email"},"image":{"@id":"https:\/\/www.benchmarkemail.com\/es\/#\/schema\/logo\/image\/"},"sameAs":["https:\/\/www.facebook.com\/benchmarkemailes","https:\/\/x.com\/benchmarkesp","https:\/\/twitter.com\/benchmarkesp","https:\/\/www.youtube.com\/user\/BenchmarkEmailESP","https:\/\/www.tiktok.com\/@benchmarkespanol"]}]}},"_links":{"self":[{"href":"https:\/\/www.benchmarkemail.com\/es\/wp-json\/wp\/v2\/pages\/22286","targetHints":{"allow":["GET"]}}],"collection":[{"href":"https:\/\/www.benchmarkemail.com\/es\/wp-json\/wp\/v2\/pages"}],"about":[{"href":"https:\/\/www.benchmarkemail.com\/es\/wp-json\/wp\/v2\/types\/page"}],"author":[{"embeddable":true,"href":"https:\/\/www.benchmarkemail.com\/es\/wp-json\/wp\/v2\/users\/7"}],"replies":[{"embeddable":true,"href":"https:\/\/www.benchmarkemail.com\/es\/wp-json\/wp\/v2\/comments?post=22286"}],"version-history":[{"count":0,"href":"https:\/\/www.benchmarkemail.com\/es\/wp-json\/wp\/v2\/pages\/22286\/revisions"}],"up":[{"embeddable":true,"href":"https:\/\/www.benchmarkemail.com\/es\/wp-json\/wp\/v2\/pages\/26446"}],"wp:attachment":[{"href":"https:\/\/www.benchmarkemail.com\/es\/wp-json\/wp\/v2\/media?parent=22286"}],"curies":[{"name":"wp","href":"https:\/\/api.w.org\/{rel}","templated":true}]}}