{"id":22333,"date":"2020-04-16T15:48:57","date_gmt":"2020-04-16T15:48:57","guid":{"rendered":"https:\/\/benchmarkemail.wpengine.com\/es\/?page_id=22333"},"modified":"2026-01-29T10:28:31","modified_gmt":"2026-01-29T10:28:31","slug":"landing-pages","status":"publish","type":"page","link":"https:\/\/www.benchmarkemail.com\/es\/features\/landing-pages\/","title":{"rendered":"Landing pages"},"content":{"rendered":"\n<h1>\n\t\t\tLanding Page Builder: elige, arrastra y suelta.\t<\/h1>\n<h2>\n\t\t\tConsigue m\u00e1s suscriptores y clientes con las landing pages de Benchmark Email\t<\/h2>\n<figure itemscope itemtype=\"https:\/\/schema.org\/ImageObject\">\n\t\t\t\t<img decoding=\"async\" src=\"https:\/\/www.benchmarkemail.com\/es\/wp-content\/uploads\/sites\/4\/2020\/02\/landing-page-mobile-ES.png\" alt=\"ejemplo de formulario\" height=\"690\" width=\"365\" title=\"landing-page-mobile-ES\" onerror=\"this.style.display='none'\" loading=\"lazy\" \/>\n\t<\/figure>\n<figure itemscope itemtype=\"https:\/\/schema.org\/ImageObject\">\n\t\t\t\t<img decoding=\"async\" src=\"https:\/\/www.benchmarkemail.com\/es\/wp-content\/uploads\/sites\/4\/2022\/08\/landing-page-desktop-ES-1-1.png\" alt=\"ejemplo de landing page\" height=\"476\" width=\"749\" title=\"landing-page-desktop-ES (1) (1)\" onerror=\"this.style.display='none'\" loading=\"lazy\" \/>\n\t<\/figure>\n<figure itemscope itemtype=\"https:\/\/schema.org\/ImageObject\">\n\t\t\t\t<img decoding=\"async\" src=\"https:\/\/www.benchmarkemail.com\/wp-content\/uploads\/2020\/04\/scroll-down.svg\" alt=\"scroll-down.svg\" title=\"scroll-down.svg\" onerror=\"this.style.display='none'\" loading=\"lazy\" \/>\n\t<\/figure>\n<figure itemscope itemtype=\"https:\/\/schema.org\/ImageObject\">\n\t\t\t\t<img decoding=\"async\" src=\"https:\/\/www.benchmarkemail.com\/es\/wp-content\/plugins\/bb-plugin\/img\/pixel.png\" alt=\"\" onerror=\"this.style.display='none'\" loading=\"lazy\" \/>\n\t<\/figure>\n<figure itemscope itemtype=\"https:\/\/schema.org\/ImageObject\">\n\t\t\t\t<img decoding=\"async\" src=\"https:\/\/www.benchmarkemail.com\/wp-content\/uploads\/2020\/04\/drag-drop-icon.svg\" alt=\"drag-drop-icon.svg\" title=\"drag-drop-icon.svg\" onerror=\"this.style.display='none'\" loading=\"lazy\" \/>\n\t<\/figure>\n<h3>\n\t\t\tEditor de landing pages Arrastrar y Soltar\t<\/h3>\n\t<p>Dise\u00f1a p\u00e1ginas profesionales y personalizadas que te ayuden a mejorar las ventas en tu negocio sin necesidad de saber de c\u00f3digo<\/p>\n<figure itemscope itemtype=\"https:\/\/schema.org\/ImageObject\">\n\t\t\t\t<img decoding=\"async\" src=\"https:\/\/www.benchmarkemail.com\/es\/wp-content\/uploads\/sites\/4\/2022\/08\/drag-drop-image@2x-1.png\" alt=\"Editor de landing arrastrar y soltar\" height=\"656\" width=\"1168\" title=\"drag-drop-image@2x (1)\" onerror=\"this.style.display='none'\" loading=\"lazy\" \/>\n\t<\/figure>\n<figure itemscope itemtype=\"https:\/\/schema.org\/ImageObject\">\n\t\t\t\t<img decoding=\"async\" src=\"https:\/\/www.benchmarkemail.com\/es\/wp-content\/uploads\/sites\/4\/2022\/08\/design-with-templates-image@2x-1.png\" alt=\"plantilla base para landings\" height=\"1032\" width=\"908\" title=\"design-with-templates-image@2x (1)\" onerror=\"this.style.display='none'\" loading=\"lazy\" \/>\n\t<\/figure>\n<figure itemscope itemtype=\"https:\/\/schema.org\/ImageObject\">\n\t\t\t\t<img decoding=\"async\" src=\"https:\/\/www.benchmarkemail.com\/wp-content\/uploads\/2020\/04\/templates-icon.svg\" alt=\"templates-icon.svg\" title=\"templates-icon.svg\" onerror=\"this.style.display='none'\" loading=\"lazy\" \/>\n\t<\/figure>\n<h3>\n\t\t\tInsp\u00edrate con las plantillas para landing pages\t<\/h3>\n\t<p>Utiliza una de las plantillas de landing pages adaptadas a dispositivos m\u00f3viles y dise\u00f1adas para convertir r\u00e1pidamente a los suscriptores<\/p>\n<figure itemscope itemtype=\"https:\/\/schema.org\/ImageObject\">\n\t\t\t\t<img decoding=\"async\" src=\"https:\/\/www.benchmarkemail.com\/wp-content\/uploads\/2020\/04\/user-plus-icon.svg\" alt=\"user-plus-icon.svg\" title=\"user-plus-icon.svg\" onerror=\"this.style.display='none'\" loading=\"lazy\" \/>\n\t<\/figure>\n<h3>\n\t\t\tAumenta tu lista de suscriptores\t<\/h3>\n\t<p>Utiliza los formularios de registro de Benchmark Email para que m\u00e1s usuarios se unan a tus listas de email marketing<\/p>\n<figure itemscope itemtype=\"https:\/\/schema.org\/ImageObject\">\n\t\t\t\t<img decoding=\"async\" src=\"https:\/\/www.benchmarkemail.com\/es\/wp-content\/uploads\/sites\/4\/2020\/04\/grow-your-list@2x.png\" alt=\"ejemplo de formulario de contacto\" height=\"832\" width=\"886\" title=\"grow-your-list@2x\" onerror=\"this.style.display='none'\" loading=\"lazy\" \/>\n\t<\/figure>\n<figure itemscope itemtype=\"https:\/\/schema.org\/ImageObject\">\n\t\t\t\t<img decoding=\"async\" src=\"https:\/\/www.benchmarkemail.com\/es\/wp-content\/uploads\/sites\/4\/2022\/08\/integrate-campaigns@2x-1.png\" alt=\"ejemplo de integraci\u00f3n con productos\" height=\"968\" width=\"1000\" title=\"integrate-campaigns@2x (1)\" onerror=\"this.style.display='none'\" loading=\"lazy\" \/>\n\t<\/figure>\n<figure itemscope itemtype=\"https:\/\/schema.org\/ImageObject\">\n\t\t\t\t<img decoding=\"async\" src=\"https:\/\/www.benchmarkemail.com\/wp-content\/uploads\/2020\/04\/integration-icon.svg\" alt=\"integration-icon.svg\" title=\"integration-icon.svg\" onerror=\"this.style.display='none'\" loading=\"lazy\" \/>\n\t<\/figure>\n<h3>\n\t\t\tIntegra tus landing pages con email marketing\t<\/h3>\n\t<p>A\u00f1ade landing pages a tu estrategia de email marketing y personaliza el contacto con los suscriptores con las automatizaciones de marketing<\/p>\n<figure itemscope itemtype=\"https:\/\/schema.org\/ImageObject\">\n\t\t\t\t<img decoding=\"async\" src=\"https:\/\/www.benchmarkemail.com\/wp-content\/uploads\/2020\/04\/branded-links-icon.svg\" alt=\"branded-links-icon.svg\" title=\"branded-links-icon.svg\" onerror=\"this.style.display='none'\" loading=\"lazy\" \/>\n\t<\/figure>\n<h3>\n\t\t\tPersonaliza los enlaces con tu propio dominio\t<\/h3>\n\t<p>Publica las landing pages utilizando tu propio dominio para ofrecer al usuario una experiencia de marca consistente<\/p>\n<figure itemscope itemtype=\"https:\/\/schema.org\/ImageObject\">\n\t\t\t\t<img decoding=\"async\" src=\"https:\/\/www.benchmarkemail.com\/es\/wp-content\/uploads\/sites\/4\/2020\/04\/subdomain-image@2x.png\" alt=\"constructor de landings con editor de urls\" height=\"346\" width=\"1136\" title=\"subdomain-image@2x\" onerror=\"this.style.display='none'\" loading=\"lazy\" \/>\n\t<\/figure>\n<figure itemscope itemtype=\"https:\/\/schema.org\/ImageObject\">\n\t\t\t\t<img decoding=\"async\" src=\"https:\/\/www.benchmarkemail.com\/es\/wp-content\/uploads\/sites\/4\/2022\/08\/track-your-goals@2x-1.png\" alt=\"estadisticas de uso de landing pages\" height=\"714\" width=\"1098\" title=\"track-your-goals@2x (1)\" onerror=\"this.style.display='none'\" loading=\"lazy\" \/>\n\t<\/figure>\n<figure itemscope itemtype=\"https:\/\/schema.org\/ImageObject\">\n\t\t\t\t<img decoding=\"async\" src=\"https:\/\/www.benchmarkemail.com\/wp-content\/uploads\/2020\/04\/tracking-icon@2x.png\" alt=\"tracking-icon@2x.png\" title=\"tracking-icon@2x.png\" onerror=\"this.style.display='none'\" loading=\"lazy\" \/>\n\t<\/figure>\n<h3>\n\t\t\tMide, analiza y haz seguimiento a tus objetivos\t<\/h3>\n\n\t<p>Mide el ROI de tu estrategia analizando los datos de conversiones y engagement de tus suscriptores<\/p>\n<h2>\n\t\t\tHaz crecer tu negocio con Benchmark Email\t<\/h2>\n<h4>\n\t\t\tHerramientas dise\u00f1adas para hacer email marketing de una forma sencilla para todo el mundo\t<\/h4>\n<figure itemscope itemtype=\"https:\/\/schema.org\/ImageObject\">\n\t\t\t\t<img decoding=\"async\" src=\"https:\/\/www.benchmarkemail.com\/wp-content\/uploads\/2020\/04\/email-marketing-icon.svg\" alt=\"email-marketing-icon.svg\" title=\"email-marketing-icon.svg\" onerror=\"this.style.display='none'\" loading=\"lazy\" \/>\n\t<\/figure>\n<h3>\n\t\t\tEmail Marketing\t<\/h3>\n\t<p>Dise\u00f1a y env\u00eda incre\u00edbles campa\u00f1as de email para conectar con tus clientes de la forma m\u00e1s f\u00e1cil<\/p>\n\t\t\t<a href=\"https:\/\/app.benchmarkemail.io\/register?language=es\"  target=\"_self\">\n\t\t\t\t\t\t\tEMPEZAR GRATIS\n\t\t\t\t\t<\/a>\n<figure itemscope itemtype=\"https:\/\/schema.org\/ImageObject\">\n\t\t\t\t<img decoding=\"async\" src=\"https:\/\/www.benchmarkemail.com\/wp-content\/uploads\/2020\/04\/landing-pages-icon.svg\" alt=\"landing-pages-icon.svg\" title=\"landing-pages-icon.svg\" onerror=\"this.style.display='none'\" loading=\"lazy\" \/>\n\t<\/figure>\n<h3>\n\t\t\tLanding Pages\t<\/h3>\n\t<p>Mejora la tasa de conversi\u00f3n de tus campa\u00f1as con landing pages optimizadas para tus objetivos<\/p>\n\t\t\t<a href=\"https:\/\/app.benchmarkemail.io\/register?language=es\"  target=\"_self\">\n\t\t\t\t\t\t\tEMPEZAR AHORA\n\t\t\t\t\t<\/a>\n<figure itemscope itemtype=\"https:\/\/schema.org\/ImageObject\">\n\t\t\t\t<img decoding=\"async\" src=\"https:\/\/www.benchmarkemail.com\/wp-content\/uploads\/2020\/04\/automation-pro-icon.svg\" alt=\"automation-pro-icon.svg\" title=\"automation-pro-icon.svg\" onerror=\"this.style.display='none'\" loading=\"lazy\" \/>\n\t<\/figure>\n<h3>\n\t\t\tAutomatizaci\u00f3n del marketing\t<\/h3>\n\t<p>Crea emails automatizados y personalizados que te ayudan a convertir loa prospectos en clientes<\/p>\n\t\t\t<a href=\"https:\/\/app.benchmarkemail.io\/register?language=es\"  target=\"_self\">\n\t\t\t\t\t\t\tEMPEZAR AHORA\n\t\t\t\t\t<\/a>\n<h3>\n\t\t\tAprende m\u00e1s sobre landing pages\t<\/h3>\n<figure itemscope itemtype=\"https:\/\/schema.org\/ImageObject\">\n\t\t\t\t<a href=\"https:\/\/www.benchmarkemail.com\/es\/blog\/nueva-funcionalidad-paginas-destino\/\"  target=\"_self\" itemprop=\"url\">\n\t\t\t\t<img decoding=\"async\" src=\"https:\/\/www.benchmarkemail.com\/wp-content\/uploads\/2020\/04\/landing-resouce-image.jpg\" alt=\"landing-resouce-image.jpg\" title=\"landing-resouce-image.jpg\" onerror=\"this.style.display='none'\" loading=\"lazy\" \/>\n\t\t\t\t<\/a>\n\t<\/figure>\n\t\t\t<a href=\"#\"  target=\"_self\">\n\t\t\t\t\t\t\tFUNCIONALIDADES\n\t\t\t\t\t<\/a>\n<h4>\n\t\t<a href=\"https:\/\/www.benchmarkemail.com\/es\/blog\/nueva-funcionalidad-paginas-destino\/\" title=\"Nueva funcionalidad: P\u00e1ginas de destino\"  target=\"_self\">\n\t\t\tNueva funcionalidad: P\u00e1ginas de destino\t\t<\/a>\n\t<\/h4>\n\t<p>Lleva la experiencia de tus clientes a otro nivel y haz crecer tus listas de contactos con la nueva herramienta de P\u00e1ginas de destino.<\/p>\n<figure itemscope itemtype=\"https:\/\/schema.org\/ImageObject\">\n\t\t\t\t<a href=\"https:\/\/www.benchmarkemail.com\/es\/blog\/5-elementos-pagina-destino-debe-tener\/\"  target=\"_self\" itemprop=\"url\">\n\t\t\t\t<img decoding=\"async\" src=\"https:\/\/www.benchmarkemail.com\/wp-content\/uploads\/2020\/04\/landing-tutorial-image.png\" alt=\"landing-tutorial-image.png\" title=\"landing-tutorial-image.png\" onerror=\"this.style.display='none'\" loading=\"lazy\" \/>\n\t\t\t\t<\/a>\n\t<\/figure>\n\t\t\t<a href=\"#\"  target=\"_self\">\n\t\t\t\t\t\t\tCONSEJOS\n\t\t\t\t\t<\/a>\n<h4>\n\t\t<a href=\"https:\/\/www.benchmarkemail.com\/es\/blog\/5-elementos-pagina-destino-debe-tener\/\" title=\"5 elementos que toda landing page debe  tener\"  target=\"_self\">\n\t\t\t5 elementos que toda landing page debe  tener\t\t<\/a>\n\t<\/h4>\n\t<p>Optimizar tus p\u00e1ginas de destino es un paso fundamental dentro de tus esfuerzos de inbound marketing.<\/p>\n\t<h2>Crea tu cuenta gratis en Benchmark Email<br \/>\n<\/h2>\n<p>No necesitas tarjeta de cr\u00e9dito<\/p>\n\t<style>\n.signup-form-wrap input.form-text-field {\n    box-shadow: none;\n    height: auto;\n    border: 1px solid \n#e6e6e8;\nborder-radius: 3px;\nfont-size: 1rem;\n-webkit-box-shadow: 0 0 0 1000px\n    #fff inset;\n    color: #666872;\n    height: 42px;\n}\n.signup-form-wrap #frm_submit_new {\n    font-size: .8rem;\n    font-weight: 600;\n    text-transform: uppercase;\n    background-color: \n#4e5ff9;\nletter-spacing: 1px;\ncolor: #4e5ff9;\ncolor:\n    #fff;\n    border: none;\n    height: 42px;\n}\n<\/style>\n            <input type=\"text\" placeholder=\"Nombre\" id=\"frm_first_name\"\/>\n            <input type=\"text\" placeholder=\"Apellido\" id=\"frm_last_name\"\/>\n            <input type=\"text\" placeholder=\"Direcci\u00f3n de email\" id=\"frm_email_new\"\/>\n            <input type=\"button\" value=\"Plan Gratis\" id=\"frm_submit_new\"\/>\n\n","protected":false},"excerpt":{"rendered":"<p>Landing Page Builder: elige, arrastra y suelta. Consigue m\u00e1s suscriptores y clientes con las landing pages de Benchmark Email Editor de landing pages Arrastrar y Soltar Dise\u00f1a p\u00e1ginas profesionales y personalizadas que te ayuden a mejorar las ventas en tu negocio sin necesidad de saber de c\u00f3digo Insp\u00edrate con las plantillas para landing pages Utiliza&hellip;<\/p>\n","protected":false},"author":7,"featured_media":34484,"parent":48485,"menu_order":0,"comment_status":"closed","ping_status":"closed","template":"","meta":{"inline_featured_image":false,"footnotes":""},"class_list":["post-22333","page","type-page","status-publish","has-post-thumbnail","hentry"],"yoast_head":"<!-- This site is optimized with the Yoast SEO plugin v27.5 - https:\/\/yoast.com\/product\/yoast-seo-wordpress\/ -->\n<title>Landing page builder - Crea landing pages f\u00e1cilmente - Benchmark<\/title>\n<meta name=\"description\" content=\"Landing pages integradas en tu herramienta de email marketing. El landing page builder que necesitas para crear tus p\u00e1ginas de destino, sencillo y en espa\u00f1ol.\" \/>\n<meta name=\"robots\" content=\"index, follow, max-snippet:-1, max-image-preview:large, max-video-preview:-1\" \/>\n<link rel=\"canonical\" href=\"https:\/\/www.benchmarkemail.com\/es\/features\/landing-pages\/\" \/>\n<meta property=\"og:locale\" content=\"en_US\" \/>\n<meta property=\"og:type\" content=\"article\" \/>\n<meta property=\"og:title\" content=\"Landing page builder - Crea landing pages f\u00e1cilmente - Benchmark\" \/>\n<meta property=\"og:description\" content=\"Landing pages integradas en tu herramienta de email marketing. El landing page builder que necesitas para crear tus p\u00e1ginas de destino, sencillo y en espa\u00f1ol.\" \/>\n<meta property=\"og:url\" content=\"https:\/\/www.benchmarkemail.com\/es\/features\/landing-pages\/\" \/>\n<meta property=\"og:site_name\" content=\"Benchmark Email - Herramienta de Email Marketing\" \/>\n<meta property=\"article:publisher\" content=\"https:\/\/www.facebook.com\/benchmarkemailes\" \/>\n<meta property=\"article:modified_time\" content=\"2026-01-29T10:28:31+00:00\" \/>\n<meta property=\"og:image\" content=\"https:\/\/www.benchmarkemail.com\/es\/wp-content\/uploads\/sites\/4\/2023\/07\/landing-page-builder-Benchmark-Email.webp\" \/>\n\t<meta property=\"og:image:width\" content=\"1400\" \/>\n\t<meta property=\"og:image:height\" content=\"730\" \/>\n\t<meta property=\"og:image:type\" content=\"image\/webp\" \/>\n<meta name=\"twitter:card\" content=\"summary_large_image\" \/>\n<meta name=\"twitter:site\" content=\"@benchmarkesp\" \/>\n<meta name=\"twitter:label1\" content=\"Est. reading time\" \/>\n\t<meta name=\"twitter:data1\" content=\"6 minutes\" \/>\n<script type=\"application\/ld+json\" class=\"yoast-schema-graph\">{\"@context\":\"https:\\\/\\\/schema.org\",\"@graph\":[{\"@type\":\"WebPage\",\"@id\":\"https:\\\/\\\/www.benchmarkemail.com\\\/es\\\/features\\\/landing-pages\\\/\",\"url\":\"https:\\\/\\\/www.benchmarkemail.com\\\/es\\\/features\\\/landing-pages\\\/\",\"name\":\"Landing page builder - Crea landing pages f\u00e1cilmente - Benchmark\",\"isPartOf\":{\"@id\":\"https:\\\/\\\/www.benchmarkemail.com\\\/es\\\/#website\"},\"primaryImageOfPage\":{\"@id\":\"https:\\\/\\\/www.benchmarkemail.com\\\/es\\\/features\\\/landing-pages\\\/#primaryimage\"},\"image\":{\"@id\":\"https:\\\/\\\/www.benchmarkemail.com\\\/es\\\/features\\\/landing-pages\\\/#primaryimage\"},\"thumbnailUrl\":\"https:\\\/\\\/www.benchmarkemail.com\\\/es\\\/wp-content\\\/uploads\\\/sites\\\/4\\\/2023\\\/07\\\/landing-page-builder-Benchmark-Email.webp\",\"datePublished\":\"2020-04-16T15:48:57+00:00\",\"dateModified\":\"2026-01-29T10:28:31+00:00\",\"description\":\"Landing pages integradas en tu herramienta de email marketing. El landing page builder que necesitas para crear tus p\u00e1ginas de destino, sencillo y en espa\u00f1ol.\",\"breadcrumb\":{\"@id\":\"https:\\\/\\\/www.benchmarkemail.com\\\/es\\\/features\\\/landing-pages\\\/#breadcrumb\"},\"inLanguage\":\"en-US\",\"potentialAction\":[{\"@type\":\"ReadAction\",\"target\":[\"https:\\\/\\\/www.benchmarkemail.com\\\/es\\\/features\\\/landing-pages\\\/\"]}]},{\"@type\":\"ImageObject\",\"inLanguage\":\"en-US\",\"@id\":\"https:\\\/\\\/www.benchmarkemail.com\\\/es\\\/features\\\/landing-pages\\\/#primaryimage\",\"url\":\"https:\\\/\\\/www.benchmarkemail.com\\\/es\\\/wp-content\\\/uploads\\\/sites\\\/4\\\/2023\\\/07\\\/landing-page-builder-Benchmark-Email.webp\",\"contentUrl\":\"https:\\\/\\\/www.benchmarkemail.com\\\/es\\\/wp-content\\\/uploads\\\/sites\\\/4\\\/2023\\\/07\\\/landing-page-builder-Benchmark-Email.webp\",\"width\":1400,\"height\":730,\"caption\":\"landing page builder Benchmark Email\"},{\"@type\":\"BreadcrumbList\",\"@id\":\"https:\\\/\\\/www.benchmarkemail.com\\\/es\\\/features\\\/landing-pages\\\/#breadcrumb\",\"itemListElement\":[{\"@type\":\"ListItem\",\"position\":1,\"name\":\"Home\",\"item\":\"https:\\\/\\\/www.benchmarkemail.com\\\/es\\\/\"},{\"@type\":\"ListItem\",\"position\":2,\"name\":\"Features\",\"item\":\"https:\\\/\\\/www.benchmarkemail.com\\\/es\\\/features\\\/\"},{\"@type\":\"ListItem\",\"position\":3,\"name\":\"Landing pages\"}]},{\"@type\":\"WebSite\",\"@id\":\"https:\\\/\\\/www.benchmarkemail.com\\\/es\\\/#website\",\"url\":\"https:\\\/\\\/www.benchmarkemail.com\\\/es\\\/\",\"name\":\"Benchmark Email - Herramienta de Email Marketing\",\"description\":\"Dise\u00f1a, env\u00eda, mide y optimiza tus campa\u00f1as de email y comun\u00edcate con tus clientes a trav\u00e9s del correo electr\u00f3nico.\",\"publisher\":{\"@id\":\"https:\\\/\\\/www.benchmarkemail.com\\\/es\\\/#organization\"},\"potentialAction\":[{\"@type\":\"SearchAction\",\"target\":{\"@type\":\"EntryPoint\",\"urlTemplate\":\"https:\\\/\\\/www.benchmarkemail.com\\\/es\\\/?s={search_term_string}\"},\"query-input\":{\"@type\":\"PropertyValueSpecification\",\"valueRequired\":true,\"valueName\":\"search_term_string\"}}],\"inLanguage\":\"en-US\"},{\"@type\":\"Organization\",\"@id\":\"https:\\\/\\\/www.benchmarkemail.com\\\/es\\\/#organization\",\"name\":\"Benchmark Email\",\"url\":\"https:\\\/\\\/www.benchmarkemail.com\\\/es\\\/\",\"logo\":{\"@type\":\"ImageObject\",\"inLanguage\":\"en-US\",\"@id\":\"https:\\\/\\\/www.benchmarkemail.com\\\/es\\\/#\\\/schema\\\/logo\\\/image\\\/\",\"url\":\"https:\\\/\\\/www.benchmarkemail.com\\\/es\\\/wp-content\\\/uploads\\\/sites\\\/4\\\/2019\\\/09\\\/benchmark-logo.svg\",\"contentUrl\":\"https:\\\/\\\/www.benchmarkemail.com\\\/es\\\/wp-content\\\/uploads\\\/sites\\\/4\\\/2019\\\/09\\\/benchmark-logo.svg\",\"width\":1,\"height\":1,\"caption\":\"Benchmark Email\"},\"image\":{\"@id\":\"https:\\\/\\\/www.benchmarkemail.com\\\/es\\\/#\\\/schema\\\/logo\\\/image\\\/\"},\"sameAs\":[\"https:\\\/\\\/www.facebook.com\\\/benchmarkemailes\",\"https:\\\/\\\/x.com\\\/benchmarkesp\",\"https:\\\/\\\/twitter.com\\\/benchmarkesp\",\"https:\\\/\\\/www.youtube.com\\\/user\\\/BenchmarkEmailESP\",\"https:\\\/\\\/www.tiktok.com\\\/@benchmarkespanol\"]}]}<\/script>\n<!-- \/ Yoast SEO plugin. -->","yoast_head_json":{"title":"Landing page builder - Crea landing pages f\u00e1cilmente - Benchmark","description":"Landing pages integradas en tu herramienta de email marketing. El landing page builder que necesitas para crear tus p\u00e1ginas de destino, sencillo y en espa\u00f1ol.","robots":{"index":"index","follow":"follow","max-snippet":"max-snippet:-1","max-image-preview":"max-image-preview:large","max-video-preview":"max-video-preview:-1"},"canonical":"https:\/\/www.benchmarkemail.com\/es\/features\/landing-pages\/","og_locale":"en_US","og_type":"article","og_title":"Landing page builder - Crea landing pages f\u00e1cilmente - Benchmark","og_description":"Landing pages integradas en tu herramienta de email marketing. El landing page builder que necesitas para crear tus p\u00e1ginas de destino, sencillo y en espa\u00f1ol.","og_url":"https:\/\/www.benchmarkemail.com\/es\/features\/landing-pages\/","og_site_name":"Benchmark Email - Herramienta de Email Marketing","article_publisher":"https:\/\/www.facebook.com\/benchmarkemailes","article_modified_time":"2026-01-29T10:28:31+00:00","og_image":[{"width":1400,"height":730,"url":"https:\/\/www.benchmarkemail.com\/es\/wp-content\/uploads\/sites\/4\/2023\/07\/landing-page-builder-Benchmark-Email.webp","type":"image\/webp"}],"twitter_card":"summary_large_image","twitter_site":"@benchmarkesp","twitter_misc":{"Est. reading time":"6 minutes"},"schema":{"@context":"https:\/\/schema.org","@graph":[{"@type":"WebPage","@id":"https:\/\/www.benchmarkemail.com\/es\/features\/landing-pages\/","url":"https:\/\/www.benchmarkemail.com\/es\/features\/landing-pages\/","name":"Landing page builder - Crea landing pages f\u00e1cilmente - Benchmark","isPartOf":{"@id":"https:\/\/www.benchmarkemail.com\/es\/#website"},"primaryImageOfPage":{"@id":"https:\/\/www.benchmarkemail.com\/es\/features\/landing-pages\/#primaryimage"},"image":{"@id":"https:\/\/www.benchmarkemail.com\/es\/features\/landing-pages\/#primaryimage"},"thumbnailUrl":"https:\/\/www.benchmarkemail.com\/es\/wp-content\/uploads\/sites\/4\/2023\/07\/landing-page-builder-Benchmark-Email.webp","datePublished":"2020-04-16T15:48:57+00:00","dateModified":"2026-01-29T10:28:31+00:00","description":"Landing pages integradas en tu herramienta de email marketing. El landing page builder que necesitas para crear tus p\u00e1ginas de destino, sencillo y en espa\u00f1ol.","breadcrumb":{"@id":"https:\/\/www.benchmarkemail.com\/es\/features\/landing-pages\/#breadcrumb"},"inLanguage":"en-US","potentialAction":[{"@type":"ReadAction","target":["https:\/\/www.benchmarkemail.com\/es\/features\/landing-pages\/"]}]},{"@type":"ImageObject","inLanguage":"en-US","@id":"https:\/\/www.benchmarkemail.com\/es\/features\/landing-pages\/#primaryimage","url":"https:\/\/www.benchmarkemail.com\/es\/wp-content\/uploads\/sites\/4\/2023\/07\/landing-page-builder-Benchmark-Email.webp","contentUrl":"https:\/\/www.benchmarkemail.com\/es\/wp-content\/uploads\/sites\/4\/2023\/07\/landing-page-builder-Benchmark-Email.webp","width":1400,"height":730,"caption":"landing page builder Benchmark Email"},{"@type":"BreadcrumbList","@id":"https:\/\/www.benchmarkemail.com\/es\/features\/landing-pages\/#breadcrumb","itemListElement":[{"@type":"ListItem","position":1,"name":"Home","item":"https:\/\/www.benchmarkemail.com\/es\/"},{"@type":"ListItem","position":2,"name":"Features","item":"https:\/\/www.benchmarkemail.com\/es\/features\/"},{"@type":"ListItem","position":3,"name":"Landing pages"}]},{"@type":"WebSite","@id":"https:\/\/www.benchmarkemail.com\/es\/#website","url":"https:\/\/www.benchmarkemail.com\/es\/","name":"Benchmark Email - Herramienta de Email Marketing","description":"Dise\u00f1a, env\u00eda, mide y optimiza tus campa\u00f1as de email y comun\u00edcate con tus clientes a trav\u00e9s del correo electr\u00f3nico.","publisher":{"@id":"https:\/\/www.benchmarkemail.com\/es\/#organization"},"potentialAction":[{"@type":"SearchAction","target":{"@type":"EntryPoint","urlTemplate":"https:\/\/www.benchmarkemail.com\/es\/?s={search_term_string}"},"query-input":{"@type":"PropertyValueSpecification","valueRequired":true,"valueName":"search_term_string"}}],"inLanguage":"en-US"},{"@type":"Organization","@id":"https:\/\/www.benchmarkemail.com\/es\/#organization","name":"Benchmark Email","url":"https:\/\/www.benchmarkemail.com\/es\/","logo":{"@type":"ImageObject","inLanguage":"en-US","@id":"https:\/\/www.benchmarkemail.com\/es\/#\/schema\/logo\/image\/","url":"https:\/\/www.benchmarkemail.com\/es\/wp-content\/uploads\/sites\/4\/2019\/09\/benchmark-logo.svg","contentUrl":"https:\/\/www.benchmarkemail.com\/es\/wp-content\/uploads\/sites\/4\/2019\/09\/benchmark-logo.svg","width":1,"height":1,"caption":"Benchmark Email"},"image":{"@id":"https:\/\/www.benchmarkemail.com\/es\/#\/schema\/logo\/image\/"},"sameAs":["https:\/\/www.facebook.com\/benchmarkemailes","https:\/\/x.com\/benchmarkesp","https:\/\/twitter.com\/benchmarkesp","https:\/\/www.youtube.com\/user\/BenchmarkEmailESP","https:\/\/www.tiktok.com\/@benchmarkespanol"]}]}},"_links":{"self":[{"href":"https:\/\/www.benchmarkemail.com\/es\/wp-json\/wp\/v2\/pages\/22333","targetHints":{"allow":["GET"]}}],"collection":[{"href":"https:\/\/www.benchmarkemail.com\/es\/wp-json\/wp\/v2\/pages"}],"about":[{"href":"https:\/\/www.benchmarkemail.com\/es\/wp-json\/wp\/v2\/types\/page"}],"author":[{"embeddable":true,"href":"https:\/\/www.benchmarkemail.com\/es\/wp-json\/wp\/v2\/users\/7"}],"replies":[{"embeddable":true,"href":"https:\/\/www.benchmarkemail.com\/es\/wp-json\/wp\/v2\/comments?post=22333"}],"version-history":[{"count":0,"href":"https:\/\/www.benchmarkemail.com\/es\/wp-json\/wp\/v2\/pages\/22333\/revisions"}],"up":[{"embeddable":true,"href":"https:\/\/www.benchmarkemail.com\/es\/wp-json\/wp\/v2\/pages\/48485"}],"wp:featuredmedia":[{"embeddable":true,"href":"https:\/\/www.benchmarkemail.com\/es\/wp-json\/wp\/v2\/media\/34484"}],"wp:attachment":[{"href":"https:\/\/www.benchmarkemail.com\/es\/wp-json\/wp\/v2\/media?parent=22333"}],"curies":[{"name":"wp","href":"https:\/\/api.w.org\/{rel}","templated":true}]}}