{"id":26672,"date":"2022-04-20T09:56:41","date_gmt":"2022-04-20T09:56:41","guid":{"rendered":"https:\/\/benchmarkemail.wpengine.com\/es\/?page_id=26672"},"modified":"2026-02-10T10:55:43","modified_gmt":"2026-02-10T10:55:43","slug":"home-new","status":"publish","type":"page","link":"https:\/\/www.benchmarkemail.com\/es\/home-new\/","title":{"rendered":"Software de email marketing gratis en espa\u00f1ol &#8211; Benchmark Email"},"content":{"rendered":"\n<h1>\n\t\t\tEmail marketing: Simple. R\u00e1pido. En espa\u00f1ol.\t<\/h1>\n\t<p>Dise\u00f1a y env\u00eda campa\u00f1as de email marketing que atraen m\u00e1s tr\u00e1fico, aumentan tus ventas y hacen crecer tu negocio.<\/p>\n\t<form method=\"get\" action=\"https:\/\/app.benchmarkemail.io\/register?language=es\">\n    <input type=\"text\"  placeholder=\"Tu direcci\u00f3n de correo electr\u00f3nico\"  name=\"frm_email\"\/>\n    <button type=\"submit\">ABRIR MI CUENTA GRATIS<\/button>\n<\/form>\n<!--form 1 end-->\n\t<p>Cuenta 100% gratuita. No necesitas tarjeta de cr\u00e9dito.<\/p>\n\t<video width=\"720\" height=\"475\" autoplay muted loop=\"3\">\n  <source src=\"https:\/\/www.benchmarkemail.com\/video\/ES\/ES_1.mp4\" type=\"video\/mp4\"\/>\nYour browser does not support the video tag.\n<\/video> \n<figure itemscope itemtype=\"https:\/\/schema.org\/ImageObject\">\n\t\t\t\t<img decoding=\"async\" src=\"https:\/\/www.benchmarkemail.com\/es\/wp-content\/uploads\/sites\/4\/2023\/09\/EmailDeliverability_BestMeetsRequirements_MeetsRequirements.png\" alt=\"EmailDeliverability_BestMeetsRequirements_MeetsRequirements\" height=\"1000\" width=\"770\" title=\"EmailDeliverability_BestMeetsRequirements_MeetsRequirements\" onerror=\"this.style.display='none'\" loading=\"lazy\" \/>\n\t<\/figure>\n<figure itemscope itemtype=\"https:\/\/schema.org\/ImageObject\">\n\t\t\t\t<img decoding=\"async\" src=\"https:\/\/www.benchmarkemail.com\/es\/wp-content\/uploads\/sites\/4\/2023\/09\/EmailDeliverability_EasiestToUse_Small-Business_EaseOfUse.png\" alt=\"EmailDeliverability_EasiestToUse_Small-Business_EaseOfUse\" height=\"1000\" width=\"770\" title=\"EmailDeliverability_EasiestToUse_Small-Business_EaseOfUse\" onerror=\"this.style.display='none'\" loading=\"lazy\" \/>\n\t<\/figure>\n<figure itemscope itemtype=\"https:\/\/schema.org\/ImageObject\">\n\t\t\t\t<img decoding=\"async\" src=\"https:\/\/www.benchmarkemail.com\/es\/wp-content\/uploads\/sites\/4\/2023\/09\/EmailDeliverability_Leader_Leader-231x300-1.png\" alt=\"EmailDeliverability_Leader_Leader-231x300\" height=\"300\" width=\"231\" title=\"EmailDeliverability_Leader_Leader-231x300\" onerror=\"this.style.display='none'\" loading=\"lazy\" \/>\n\t<\/figure>\n<figure itemscope itemtype=\"https:\/\/schema.org\/ImageObject\">\n\t\t\t\t<img decoding=\"async\" src=\"https:\/\/www.benchmarkemail.com\/es\/wp-content\/uploads\/sites\/4\/2023\/09\/EmailDeliverability_EasiestToUse_EaseOfUse.png\" alt=\"EmailDeliverability_EasiestToUse_EaseOfUse\" height=\"1000\" width=\"770\" title=\"EmailDeliverability_EasiestToUse_EaseOfUse\" onerror=\"this.style.display='none'\" loading=\"lazy\" \/>\n\t<\/figure>\n<figure itemscope itemtype=\"https:\/\/schema.org\/ImageObject\">\n\t\t\t\t<img decoding=\"async\" src=\"https:\/\/www.benchmarkemail.com\/es\/wp-content\/uploads\/sites\/4\/2023\/09\/user-love-us-g2.webp\" alt=\"user-love-us-g2\" height=\"1000\" width=\"769\" title=\"user-love-us-g2\" onerror=\"this.style.display='none'\" loading=\"lazy\" \/>\n\t<\/figure>\n<figure itemscope itemtype=\"https:\/\/schema.org\/ImageObject\">\n\t\t\t\t<img decoding=\"async\" src=\"https:\/\/www.benchmarkemail.com\/es\/wp-content\/uploads\/sites\/4\/2022\/08\/sell-more.webp\" alt=\"Captura m\u00f3vil email marketing\" height=\"1432\" width=\"1292\" title=\"sell-more\" onerror=\"this.style.display='none'\" loading=\"lazy\" \/>\n\t<\/figure>\n<h3>\n\t\t\tVende m\u00e1s\t<\/h3>\n\t<p>enviando incre\u00edbles campa\u00f1as de email marketing<\/p>\n\t<p>Dise\u00f1a correos electr\u00f3nicos en minutos con el editor de emails Arrastrar &amp; Soltar. Siempre con una imagen profesional para llamar la atenci\u00f3n de tus suscriptores en su bandeja de entrada.<\/p>\n\t\t\t<a href=\"https:\/\/app.benchmarkemail.io\/register?language=es\"  target=\"_blank\" rel=\"noopener\"    rel=\"noopener\">\n\t\t\t\t\t\t\tQuiero probarlo gratis\n\t\t\t\t\t<\/a>\n<h2>\n\t\t\tPlantillas de email marketing\t<\/h2>\n\t<p>para promociones, newsletters y mucho m\u00e1s<\/p>\n\t<p>[tabHTML]<\/p>\n\t\t\t<a href=\"\/es\/email-templates\/\"  target=\"_self\">\n\t\t\t\t\t\t\tVER TODAS LAS PLANTILLAS\n\t\t\t\t\t<\/a>\n<figure itemscope itemtype=\"https:\/\/schema.org\/ImageObject\">\n\t\t\t\t<img decoding=\"async\" src=\"https:\/\/www.benchmarkemail.com\/es\/wp-content\/uploads\/sites\/4\/2022\/08\/Attract-more-1536x1173-1.webp\" alt=\"Ejemplo de formulario de suscripci\u00f3n\" height=\"1173\" width=\"1536\" title=\"Attract-more-1536x1173\" onerror=\"this.style.display='none'\" loading=\"lazy\" \/>\n\t<\/figure>\n<h3>\n\t\t\tLlega a m\u00e1s personas\t<\/h3>\n\t<p>Haz crecer tu lista de suscriptores con formularios de registro, pop-ups y landing pages<\/p>\n\t\t\t<a href=\"\/es\/features\/lead-generation\/\"  target=\"_self\">\n\t\t\t\t\t\t\tQuiero saber m\u00e1s\n\t\t\t\t\t<\/a>\n\t<p>Integra el email marketing con tus herramientas favoritas<\/p>\n\t<p>A\u00f1ade f\u00e1cilmente contactos a Benchmark Email desde otras plataformas como Zoho, LinkedIn o Shopify. Llevar a cabo tu estrategia ser\u00e1 mucho m\u00e1s f\u00e1cil.<\/p>\n\t\t\t<a href=\"\/es\/features\/integrations\/\"  target=\"_self\">\n\t\t\t\t\t\t\tVer las integraciones\n\t\t\t\t\t<\/a>\n<a href=\"\/features\/integrations\/google-sheets\"><img decoding=\"async\" src=\"\/wp-content\/uploads\/2022\/03\/google-sheets.png\"\/><\/a>\n<a href=\"\/features\/integrations\/shopify\"><img decoding=\"async\" src=\"\/wp-content\/uploads\/2022\/03\/shopify.png\"   alt=\"Shopify\"\/><\/a>\n<a href=\"\/features\/integrations\/zapier\"><img decoding=\"async\" src=\"\/wp-content\/uploads\/2022\/03\/zapier.png\" alt=\"zapier\"\/><\/a>\n<a href=\"\/features\/integrations\/slack\"><img decoding=\"async\" src=\"\/wp-content\/uploads\/2022\/03\/slack.png\"  alt=\"slack\"\/><\/a>\n<a href=\"\/features\/integrations\/linkedin\/\"><img decoding=\"async\" src=\"\/wp-content\/uploads\/2022\/03\/linkedin.png\" alt=\"LinkedIn\"\/><\/a>\n<a href=\"\/features\/integrations\/zoho\"><img decoding=\"async\" src=\"\/wp-content\/uploads\/2022\/03\/zoho.png\" alt=\"zoho\"\/><\/a>\n<h3>\n\t\t\tConecta con tus clientes\t<\/h3>\n\t<p>de forma sencilla, personalizada y automatizada<\/p>\n\t<p>La automatizaci\u00f3n del marketing te permite comunicarte con tus suscriptores de forma personalizada y cercana. Adapta tus mensajes a sus necesidades para convertirlos en clientes.<\/p>\n\t\t\t<a href=\"\/es\/features\/marketing-automation\/\"  target=\"_self\">\n\t\t\t\t\t\t\tQuiero saber m\u00e1s\n\t\t\t\t\t<\/a>\n<figure itemscope itemtype=\"https:\/\/schema.org\/ImageObject\">\n\t\t\t\t<img decoding=\"async\" src=\"https:\/\/www.benchmarkemail.com\/es\/wp-content\/uploads\/sites\/4\/2022\/08\/email-automation-personal.webp\" alt=\"Usuario de de marketing automation\" height=\"1360\" width=\"1302\" title=\"email-automation-personal\" onerror=\"this.style.display='none'\" loading=\"lazy\" \/>\n\t<\/figure>\n<h3>\n\t\t\tOptimiza tus resultados\t<\/h3>\n\t<p>con los reportes de email marketing<\/p>\n\t<p>Nuestra herramienta de email marketing te permite hacer pruebas A\/B, medir resultados y optimizar tus campa\u00f1as de forma f\u00e1cil y sencilla.<\/p>\n\t\t\t<a href=\"\/es\/features\/reporting\/\"  target=\"_self\">\n\t\t\t\t\t\t\tQuiero saber m\u00e1s\n\t\t\t\t\t<\/a>\n<figure itemscope itemtype=\"https:\/\/schema.org\/ImageObject\">\n\t\t\t\t<img decoding=\"async\" src=\"https:\/\/www.benchmarkemail.com\/es\/wp-content\/uploads\/sites\/4\/2022\/08\/reports-1536x1054-1.webp\" alt=\"Panel de estad\u00edsticas de email marketing\" height=\"1054\" width=\"1536\" title=\"reportes email marketing\" onerror=\"this.style.display='none'\" loading=\"lazy\" \/>\n\t<\/figure>\n\t<p>[reviewHTML]<\/p>\n<h3>\n\t\t\tEnv\u00eda tu campa\u00f1a de email marketing en menos de 15 minutos\u270c\ufe0f\t<\/h3>\n\t<form method=\"get\" action=\"https:\/\/app.benchmarkemail.io\/register?language=es\">\n    <h3>Reg\u00edstrate para obtener tu cuenta gratuita<\/h3>\n    <label>Nombre<\/label>\n    <input type=\"text\"  placeholder=\"\" id=\"frm_first_name\" name=\"frm_fname\"\/>\n    <label>Apellido<\/label>\n    <input type=\"text\" placeholder=\"\" id=\"frm_last_name\" name=\"frm_lname\"\/>\n    <label>Direcci\u00f3n de correo electr\u00f3nico<\/label>\n   <input type=\"text\" placeholder=\"\" id=\"frm_email_new\" name=\"frm_email\"\/>\n    <input type=\"button\" value=\"CREAR CUENTA GRATIS\" id=\"frm_submit_new\"\/>\n<\/form>\n\t<p>\u00daltimos Blogs:<\/p>\n\n","protected":false},"excerpt":{"rendered":"<p>Email marketing: Simple. R\u00e1pido. En espa\u00f1ol. Dise\u00f1a y env\u00eda campa\u00f1as de email marketing que atraen m\u00e1s tr\u00e1fico, aumentan tus ventas y hacen crecer tu negocio. ABRIR MI CUENTA GRATIS Cuenta 100% gratuita. No necesitas tarjeta de cr\u00e9dito. Your browser does not support the video tag. Vende m\u00e1s enviando incre\u00edbles campa\u00f1as de email marketing Dise\u00f1a correos&hellip;<\/p>\n","protected":false},"author":7,"featured_media":34474,"parent":0,"menu_order":0,"comment_status":"closed","ping_status":"closed","template":"","meta":{"inline_featured_image":false,"footnotes":""},"class_list":["post-26672","page","type-page","status-publish","has-post-thumbnail","hentry"],"yoast_head":"<!-- This site is optimized with the Yoast SEO plugin v27.3 - https:\/\/yoast.com\/product\/yoast-seo-wordpress\/ -->\n<title>Software de email marketing gratis en espa\u00f1ol - Benchmark Email<\/title>\n<meta name=\"description\" content=\"El software de email marketing f\u00e1cil, r\u00e1pido y en espa\u00f1ol. Con Benchmark Email puedes enviar emails, crear automatizaciones, landing pages y formularios.\" \/>\n<meta name=\"robots\" content=\"index, follow, max-snippet:-1, max-image-preview:large, max-video-preview:-1\" \/>\n<link rel=\"canonical\" href=\"https:\/\/www.benchmarkemail.com\/es\/home-new\/\" \/>\n<meta property=\"og:locale\" content=\"en_US\" \/>\n<meta property=\"og:type\" content=\"article\" \/>\n<meta property=\"og:title\" content=\"Software de email marketing gratis en espa\u00f1ol - Benchmark Email\" \/>\n<meta property=\"og:description\" content=\"El software de email marketing f\u00e1cil, r\u00e1pido y en espa\u00f1ol. Con Benchmark Email puedes enviar emails, crear automatizaciones, landing pages y formularios.\" \/>\n<meta property=\"og:url\" content=\"https:\/\/www.benchmarkemail.com\/es\/home-new\/\" \/>\n<meta property=\"og:site_name\" content=\"Benchmark Email - Herramienta de Email Marketing\" \/>\n<meta property=\"article:publisher\" content=\"https:\/\/www.facebook.com\/benchmarkemailes\" \/>\n<meta property=\"article:modified_time\" content=\"2026-02-10T10:55:43+00:00\" \/>\n<meta property=\"og:image\" content=\"https:\/\/www.benchmarkemail.com\/es\/wp-content\/uploads\/sites\/4\/2023\/07\/Email-marketing-software-Benchmark-Email.webp\" \/>\n\t<meta property=\"og:image:width\" content=\"993\" \/>\n\t<meta property=\"og:image:height\" content=\"426\" \/>\n\t<meta property=\"og:image:type\" content=\"image\/webp\" \/>\n<meta name=\"twitter:card\" content=\"summary_large_image\" \/>\n<meta name=\"twitter:site\" content=\"@benchmarkesp\" \/>\n<meta name=\"twitter:label1\" content=\"Est. reading time\" \/>\n\t<meta name=\"twitter:data1\" content=\"4 minutes\" \/>\n<script type=\"application\/ld+json\" class=\"yoast-schema-graph\">{\"@context\":\"https:\\\/\\\/schema.org\",\"@graph\":[{\"@type\":\"WebPage\",\"@id\":\"https:\\\/\\\/www.benchmarkemail.com\\\/es\\\/home-new\\\/\",\"url\":\"https:\\\/\\\/www.benchmarkemail.com\\\/es\\\/home-new\\\/\",\"name\":\"Software de email marketing gratis en espa\u00f1ol - Benchmark Email\",\"isPartOf\":{\"@id\":\"https:\\\/\\\/www.benchmarkemail.com\\\/es\\\/#website\"},\"primaryImageOfPage\":{\"@id\":\"https:\\\/\\\/www.benchmarkemail.com\\\/es\\\/home-new\\\/#primaryimage\"},\"image\":{\"@id\":\"https:\\\/\\\/www.benchmarkemail.com\\\/es\\\/home-new\\\/#primaryimage\"},\"thumbnailUrl\":\"https:\\\/\\\/www.benchmarkemail.com\\\/es\\\/wp-content\\\/uploads\\\/sites\\\/4\\\/2023\\\/07\\\/Email-marketing-software-Benchmark-Email.webp\",\"datePublished\":\"2022-04-20T09:56:41+00:00\",\"dateModified\":\"2026-02-10T10:55:43+00:00\",\"description\":\"El software de email marketing f\u00e1cil, r\u00e1pido y en espa\u00f1ol. Con Benchmark Email puedes enviar emails, crear automatizaciones, landing pages y formularios.\",\"breadcrumb\":{\"@id\":\"https:\\\/\\\/www.benchmarkemail.com\\\/es\\\/home-new\\\/#breadcrumb\"},\"inLanguage\":\"en-US\",\"potentialAction\":[{\"@type\":\"ReadAction\",\"target\":[\"https:\\\/\\\/www.benchmarkemail.com\\\/es\\\/home-new\\\/\"]}]},{\"@type\":\"ImageObject\",\"inLanguage\":\"en-US\",\"@id\":\"https:\\\/\\\/www.benchmarkemail.com\\\/es\\\/home-new\\\/#primaryimage\",\"url\":\"https:\\\/\\\/www.benchmarkemail.com\\\/es\\\/wp-content\\\/uploads\\\/sites\\\/4\\\/2023\\\/07\\\/Email-marketing-software-Benchmark-Email.webp\",\"contentUrl\":\"https:\\\/\\\/www.benchmarkemail.com\\\/es\\\/wp-content\\\/uploads\\\/sites\\\/4\\\/2023\\\/07\\\/Email-marketing-software-Benchmark-Email.webp\",\"width\":993,\"height\":426},{\"@type\":\"BreadcrumbList\",\"@id\":\"https:\\\/\\\/www.benchmarkemail.com\\\/es\\\/home-new\\\/#breadcrumb\",\"itemListElement\":[{\"@type\":\"ListItem\",\"position\":1,\"name\":\"Home\",\"item\":\"https:\\\/\\\/www.benchmarkemail.com\\\/es\\\/\"},{\"@type\":\"ListItem\",\"position\":2,\"name\":\"Software de email marketing gratis en espa\u00f1ol &#8211; Benchmark Email\"}]},{\"@type\":\"WebSite\",\"@id\":\"https:\\\/\\\/www.benchmarkemail.com\\\/es\\\/#website\",\"url\":\"https:\\\/\\\/www.benchmarkemail.com\\\/es\\\/\",\"name\":\"Benchmark Email - Herramienta de Email Marketing\",\"description\":\"Dise\u00f1a, env\u00eda, mide y optimiza tus campa\u00f1as de email y comun\u00edcate con tus clientes a trav\u00e9s del correo electr\u00f3nico.\",\"publisher\":{\"@id\":\"https:\\\/\\\/www.benchmarkemail.com\\\/es\\\/#organization\"},\"potentialAction\":[{\"@type\":\"SearchAction\",\"target\":{\"@type\":\"EntryPoint\",\"urlTemplate\":\"https:\\\/\\\/www.benchmarkemail.com\\\/es\\\/?s={search_term_string}\"},\"query-input\":{\"@type\":\"PropertyValueSpecification\",\"valueRequired\":true,\"valueName\":\"search_term_string\"}}],\"inLanguage\":\"en-US\"},{\"@type\":\"Organization\",\"@id\":\"https:\\\/\\\/www.benchmarkemail.com\\\/es\\\/#organization\",\"name\":\"Benchmark Email\",\"url\":\"https:\\\/\\\/www.benchmarkemail.com\\\/es\\\/\",\"logo\":{\"@type\":\"ImageObject\",\"inLanguage\":\"en-US\",\"@id\":\"https:\\\/\\\/www.benchmarkemail.com\\\/es\\\/#\\\/schema\\\/logo\\\/image\\\/\",\"url\":\"https:\\\/\\\/www.benchmarkemail.com\\\/es\\\/wp-content\\\/uploads\\\/sites\\\/4\\\/2019\\\/09\\\/benchmark-logo.svg\",\"contentUrl\":\"https:\\\/\\\/www.benchmarkemail.com\\\/es\\\/wp-content\\\/uploads\\\/sites\\\/4\\\/2019\\\/09\\\/benchmark-logo.svg\",\"width\":1,\"height\":1,\"caption\":\"Benchmark Email\"},\"image\":{\"@id\":\"https:\\\/\\\/www.benchmarkemail.com\\\/es\\\/#\\\/schema\\\/logo\\\/image\\\/\"},\"sameAs\":[\"https:\\\/\\\/www.facebook.com\\\/benchmarkemailes\",\"https:\\\/\\\/x.com\\\/benchmarkesp\",\"https:\\\/\\\/twitter.com\\\/benchmarkesp\",\"https:\\\/\\\/www.youtube.com\\\/user\\\/BenchmarkEmailESP\",\"https:\\\/\\\/www.tiktok.com\\\/@benchmarkespanol\"]}]}<\/script>\n<!-- \/ Yoast SEO plugin. -->","yoast_head_json":{"title":"Software de email marketing gratis en espa\u00f1ol - Benchmark Email","description":"El software de email marketing f\u00e1cil, r\u00e1pido y en espa\u00f1ol. Con Benchmark Email puedes enviar emails, crear automatizaciones, landing pages y formularios.","robots":{"index":"index","follow":"follow","max-snippet":"max-snippet:-1","max-image-preview":"max-image-preview:large","max-video-preview":"max-video-preview:-1"},"canonical":"https:\/\/www.benchmarkemail.com\/es\/home-new\/","og_locale":"en_US","og_type":"article","og_title":"Software de email marketing gratis en espa\u00f1ol - Benchmark Email","og_description":"El software de email marketing f\u00e1cil, r\u00e1pido y en espa\u00f1ol. Con Benchmark Email puedes enviar emails, crear automatizaciones, landing pages y formularios.","og_url":"https:\/\/www.benchmarkemail.com\/es\/home-new\/","og_site_name":"Benchmark Email - Herramienta de Email Marketing","article_publisher":"https:\/\/www.facebook.com\/benchmarkemailes","article_modified_time":"2026-02-10T10:55:43+00:00","og_image":[{"width":993,"height":426,"url":"https:\/\/www.benchmarkemail.com\/es\/wp-content\/uploads\/sites\/4\/2023\/07\/Email-marketing-software-Benchmark-Email.webp","type":"image\/webp"}],"twitter_card":"summary_large_image","twitter_site":"@benchmarkesp","twitter_misc":{"Est. reading time":"4 minutes"},"schema":{"@context":"https:\/\/schema.org","@graph":[{"@type":"WebPage","@id":"https:\/\/www.benchmarkemail.com\/es\/home-new\/","url":"https:\/\/www.benchmarkemail.com\/es\/home-new\/","name":"Software de email marketing gratis en espa\u00f1ol - Benchmark Email","isPartOf":{"@id":"https:\/\/www.benchmarkemail.com\/es\/#website"},"primaryImageOfPage":{"@id":"https:\/\/www.benchmarkemail.com\/es\/home-new\/#primaryimage"},"image":{"@id":"https:\/\/www.benchmarkemail.com\/es\/home-new\/#primaryimage"},"thumbnailUrl":"https:\/\/www.benchmarkemail.com\/es\/wp-content\/uploads\/sites\/4\/2023\/07\/Email-marketing-software-Benchmark-Email.webp","datePublished":"2022-04-20T09:56:41+00:00","dateModified":"2026-02-10T10:55:43+00:00","description":"El software de email marketing f\u00e1cil, r\u00e1pido y en espa\u00f1ol. Con Benchmark Email puedes enviar emails, crear automatizaciones, landing pages y formularios.","breadcrumb":{"@id":"https:\/\/www.benchmarkemail.com\/es\/home-new\/#breadcrumb"},"inLanguage":"en-US","potentialAction":[{"@type":"ReadAction","target":["https:\/\/www.benchmarkemail.com\/es\/home-new\/"]}]},{"@type":"ImageObject","inLanguage":"en-US","@id":"https:\/\/www.benchmarkemail.com\/es\/home-new\/#primaryimage","url":"https:\/\/www.benchmarkemail.com\/es\/wp-content\/uploads\/sites\/4\/2023\/07\/Email-marketing-software-Benchmark-Email.webp","contentUrl":"https:\/\/www.benchmarkemail.com\/es\/wp-content\/uploads\/sites\/4\/2023\/07\/Email-marketing-software-Benchmark-Email.webp","width":993,"height":426},{"@type":"BreadcrumbList","@id":"https:\/\/www.benchmarkemail.com\/es\/home-new\/#breadcrumb","itemListElement":[{"@type":"ListItem","position":1,"name":"Home","item":"https:\/\/www.benchmarkemail.com\/es\/"},{"@type":"ListItem","position":2,"name":"Software de email marketing gratis en espa\u00f1ol &#8211; Benchmark Email"}]},{"@type":"WebSite","@id":"https:\/\/www.benchmarkemail.com\/es\/#website","url":"https:\/\/www.benchmarkemail.com\/es\/","name":"Benchmark Email - Herramienta de Email Marketing","description":"Dise\u00f1a, env\u00eda, mide y optimiza tus campa\u00f1as de email y comun\u00edcate con tus clientes a trav\u00e9s del correo electr\u00f3nico.","publisher":{"@id":"https:\/\/www.benchmarkemail.com\/es\/#organization"},"potentialAction":[{"@type":"SearchAction","target":{"@type":"EntryPoint","urlTemplate":"https:\/\/www.benchmarkemail.com\/es\/?s={search_term_string}"},"query-input":{"@type":"PropertyValueSpecification","valueRequired":true,"valueName":"search_term_string"}}],"inLanguage":"en-US"},{"@type":"Organization","@id":"https:\/\/www.benchmarkemail.com\/es\/#organization","name":"Benchmark Email","url":"https:\/\/www.benchmarkemail.com\/es\/","logo":{"@type":"ImageObject","inLanguage":"en-US","@id":"https:\/\/www.benchmarkemail.com\/es\/#\/schema\/logo\/image\/","url":"https:\/\/www.benchmarkemail.com\/es\/wp-content\/uploads\/sites\/4\/2019\/09\/benchmark-logo.svg","contentUrl":"https:\/\/www.benchmarkemail.com\/es\/wp-content\/uploads\/sites\/4\/2019\/09\/benchmark-logo.svg","width":1,"height":1,"caption":"Benchmark Email"},"image":{"@id":"https:\/\/www.benchmarkemail.com\/es\/#\/schema\/logo\/image\/"},"sameAs":["https:\/\/www.facebook.com\/benchmarkemailes","https:\/\/x.com\/benchmarkesp","https:\/\/twitter.com\/benchmarkesp","https:\/\/www.youtube.com\/user\/BenchmarkEmailESP","https:\/\/www.tiktok.com\/@benchmarkespanol"]}]}},"_links":{"self":[{"href":"https:\/\/www.benchmarkemail.com\/es\/wp-json\/wp\/v2\/pages\/26672","targetHints":{"allow":["GET"]}}],"collection":[{"href":"https:\/\/www.benchmarkemail.com\/es\/wp-json\/wp\/v2\/pages"}],"about":[{"href":"https:\/\/www.benchmarkemail.com\/es\/wp-json\/wp\/v2\/types\/page"}],"author":[{"embeddable":true,"href":"https:\/\/www.benchmarkemail.com\/es\/wp-json\/wp\/v2\/users\/7"}],"replies":[{"embeddable":true,"href":"https:\/\/www.benchmarkemail.com\/es\/wp-json\/wp\/v2\/comments?post=26672"}],"version-history":[{"count":0,"href":"https:\/\/www.benchmarkemail.com\/es\/wp-json\/wp\/v2\/pages\/26672\/revisions"}],"wp:featuredmedia":[{"embeddable":true,"href":"https:\/\/www.benchmarkemail.com\/es\/wp-json\/wp\/v2\/media\/34474"}],"wp:attachment":[{"href":"https:\/\/www.benchmarkemail.com\/es\/wp-json\/wp\/v2\/media?parent=26672"}],"curies":[{"name":"wp","href":"https:\/\/api.w.org\/{rel}","templated":true}]}}