{"id":26743,"date":"2022-05-19T12:34:53","date_gmt":"2022-05-19T12:34:53","guid":{"rendered":"https:\/\/benchmarkemail.wpengine.com\/es\/?page_id=26743"},"modified":"2026-02-06T12:37:06","modified_gmt":"2026-02-06T12:37:06","slug":"ecommerce","status":"publish","type":"page","link":"https:\/\/www.benchmarkemail.com\/es\/features\/ecommerce\/","title":{"rendered":"Ecommerce"},"content":{"rendered":"\n<h2>\n\t\t\tEmail marketing para Ecommerce\t<\/h2>\n<h1>\n\t\t\tVende m\u00e1s con email marketing para ecommerce\t<\/h1>\n<h2>\n\t\t\ty herramientas que llevan tus productos a la bandeja de entrada de tus clientes.\t<\/h2>\n\t\t\t<a href=\"https:\/\/app.benchmarkemail.io\/register?language=es\"  target=\"_self\">\n\t\t\t\t\t\t\tREG\u00cdSTRATE GRATIS\n\t\t\t\t\t<\/a>\n<figure itemscope itemtype=\"https:\/\/schema.org\/ImageObject\">\n\t\t\t\t<img decoding=\"async\" src=\"https:\/\/www.benchmarkemail.com\/es\/wp-content\/uploads\/sites\/4\/2023\/08\/img-hero-ecommerce-benchmark-page.webp\" alt=\"usuario de ecommerce\" height=\"1018\" width=\"1546\" title=\"img hero ecommerce benchmark page\" onerror=\"this.style.display='none'\" loading=\"lazy\" \/>\n\t<\/figure>\n<h2>\n\t\t\tDale visibilidad a tus productos\t<\/h2>\n<h3>\n\t\t\tA\u00f1ade el bloque de ecommerce a tus emails\t<\/h3>\n\t<p>Crea campa\u00f1as de email marketing para promocionar tus productos f\u00e1cilmente con los bloques de ecommerce y nuestro editor intuitivo de arrastrar y soltar.<\/p>\n\t\t\t<a href=\"https:\/\/app.benchmarkemail.io\/register?language=es\"  target=\"_self\">\n\t\t\t\t\t\t\tEnv\u00eda tu primer email gratis\n\t\t\t\t\t<\/a>\n\t&nbsp;\n<h2>\n\t\t\tConsigue m\u00e1s clientes con Email Marketing para Shopify\t<\/h2>\n<h3>\n\t\t\tVende m\u00e1s y con m\u00e1s frecuencia haciendo email marketing. Integra Benchmark Email con Shopify para llevar tus productos directamente a la bandeja de entrada de los usuarios. \t<\/h3>\n\t\t\t<a href=\"https:\/\/app.benchmarkemail.io\/register?language=es\"  target=\"_self\">\n\t\t\t\t\t\t\tReg\u00edstrate gratis ahora\n\t\t\t\t\t<\/a>\n<figure itemscope itemtype=\"https:\/\/schema.org\/ImageObject\">\n\t\t\t\t<img decoding=\"async\" src=\"https:\/\/www.benchmarkemail.com\/es\/wp-content\/uploads\/sites\/4\/2023\/08\/ecommerce-funtionalities.webp\" alt=\"datos de integracion shopify con email marketing\" height=\"666\" width=\"2420\" title=\"ecommerce funtionalities\" onerror=\"this.style.display='none'\" loading=\"lazy\" \/>\n\t<\/figure>\n<figure itemscope itemtype=\"https:\/\/schema.org\/ImageObject\">\n\t\t\t\t<img decoding=\"async\" src=\"https:\/\/www.benchmarkemail.com\/es\/wp-content\/uploads\/sites\/4\/2023\/08\/shopify-your-newsletter.png\" alt=\"Integracion de shopify en newsletter\" height=\"670\" width=\"1102\" title=\"shopify-your-newsletter\" onerror=\"this.style.display='none'\" loading=\"lazy\" \/>\n\t<\/figure>\n<h3>\n\t\t\tNewsletter para Shopify \t<\/h3>\n\t<p>Integra Benchmark Email con Shopify para a\u00f1adir tus productos a tu campa\u00f1a o newsletter.<\/p>\n\t<p>Selecciona los productos perfectos para tu p\u00fablico objetivo en cada campa\u00f1a de email marketing<\/p>\n\t\t\t<a href=\"https:\/\/app.benchmarkemail.io\/register?language=es\"  target=\"_self\">\n\t\t\t\t\t\t\tCrea tu cuenta GRATIS\n\t\t\t\t\t<\/a>\n<figure itemscope itemtype=\"https:\/\/schema.org\/ImageObject\">\n\t\t\t\t<img decoding=\"async\" src=\"https:\/\/www.benchmarkemail.com\/es\/wp-content\/uploads\/sites\/4\/2022\/10\/shopify-sync.png\" alt=\"listas de shopify en newsletter\" height=\"670\" width=\"1102\" title=\"shopify-sync\" onerror=\"this.style.display='none'\" loading=\"lazy\" \/>\n\t<\/figure>\n\t<p>Sincroniza tu lista de Shopify<\/p>\n\t<p>Olv\u00eddate de tener tus listas de clientes en hojas de c\u00e1lculo desordenadas y muy poco pr\u00e1cticas.<\/p>\n\t<p>Sincroniza autom\u00e1ticamente tus listas de Shopify con Benchmark Email para enviar emails bien segmentados<\/p>\n\t\t\t<a href=\"https:\/\/app.benchmarkemail.io\/register?language=es\"  target=\"_self\">\n\t\t\t\t\t\t\tReg\u00edstrate gratis ahora\n\t\t\t\t\t<\/a>\n<h2>\n\t\t\tPlantillas de Email Marketing para Ecommerce\t<\/h2>\n<h3>\n\t\t\t\u00a1S\u00f3lo tienes que a\u00f1adir tu logo, elegir tus productos y enviar!\t<\/h3>\n\t\t\t\t\t<a role=\"heading\" aria-level=\"2\" tabindex=\"-1\"  id=\"fl-accordion--label-0\">Env\u00eda ofertas en el momento adecuado<\/a>\n\t\t\t\t\t\t\t\t\t\t\t<button type=\"button\" id=\"fl-accordion--icon-0\" aria-expanded=\"true\" aria-controls=\"fl-accordion--panel-0\"><i>Collapse<\/i><\/button>\n\t\t\t\t\t<p>Con la automatizaci\u00f3n de emails puedes crear crear flujos de trabajo y enviar campa\u00f1as de email marketing automatizadas con mensajes personalizados, relevantes y enfocados en la conversi\u00f3n de visitantes en clientes.<\/p>\n<p><a href=\"https:\/\/www.benchmarkemail.com\/es\/features\/marketing-automation\/ \">Quiero saber m\u00e1s<\/a><\/p>\n\t\t\t\t\t<a role=\"heading\" aria-level=\"2\" tabindex=\"-1\"  id=\"fl-accordion--label-1\">Mejora tus emails con pruebas A\/B<\/a>\n\t\t\t\t\t\t\t\t\t\t\t<button type=\"button\" id=\"fl-accordion--icon-1\" aria-expanded=\"false\" aria-controls=\"fl-accordion--panel-1\"><i>Expand<\/i><\/button>\n\t\t\t\t\t<p>Optimiza las campa\u00f1as de email marketing de tu ecommerce con pruebas a\/b para l\u00edneas de asunto, contenido, hora de env\u00edo y m\u00e1s. Es la mejor forma de mejorar tus emails y obtener mayor retorno de la inversi\u00f3n.<\/p>\n<p><a href=\"https:\/\/www.benchmarkemail.com\/es\/features\/ \">Explora todas las funcionalidades<\/a><\/p>\n\t\t\t\t\t<a role=\"heading\" aria-level=\"2\" tabindex=\"-1\"  id=\"fl-accordion--label-2\">Informes de resultados en tiempo real<\/a>\n\t\t\t\t\t\t\t\t\t\t\t<button type=\"button\" id=\"fl-accordion--icon-2\" aria-expanded=\"false\" aria-controls=\"fl-accordion--panel-2\"><i>Expand<\/i><\/button>\n\t\t\t\t\tAnaliza el rendimiento de tus campa\u00f1as de email marketing, desde los clics y las aperturas hasta el seguimiento de Google Analytics.<br \/>\n\n<p><a href=\"https:\/\/app.benchmarkemail.io\/register?language=es\">Crea tu cuenta gratis ahora<\/a><\/p>\n<figure itemscope itemtype=\"https:\/\/schema.org\/ImageObject\">\n\t\t\t\t<img decoding=\"async\" src=\"https:\/\/www.benchmarkemail.com\/es\/wp-content\/uploads\/sites\/4\/2023\/08\/Send-Timely-Offers-With-Marketing-Automation-1.jpg\" alt=\"plantillas de correo emailing para ecommerce\" height=\"1144\" width=\"1144\" title=\"Send-Timely-Offers-With-Marketing-Automation (1)\" onerror=\"this.style.display='none'\" loading=\"lazy\" \/>\n\t<\/figure>\n<h2>\n\t\t\tHaz crecer tu negocio con email marketing para ecommerce\t<\/h2>\n\t\t\t<a href=\"https:\/\/app.benchmarkemail.io\/register?language=es\"  target=\"_blank\" rel=\"noopener\"    rel=\"noopener\">\n\t\t\t\t\t\t\tCREA TU CUENTA GRATIS\n\t\t\t\t\t<\/a>\n\t<p><strong>\u00daltimos Blogs<\/strong>:<\/p>\n\n","protected":false},"excerpt":{"rendered":"<p>Email marketing para Ecommerce Vende m\u00e1s con email marketing para ecommerce y herramientas que llevan tus productos a la bandeja de entrada de tus clientes. REG\u00cdSTRATE GRATIS Dale visibilidad a tus productos A\u00f1ade el bloque de ecommerce a tus emails Crea campa\u00f1as de email marketing para promocionar tus productos f\u00e1cilmente con los bloques de ecommerce&hellip;<\/p>\n","protected":false},"author":7,"featured_media":34494,"parent":48485,"menu_order":0,"comment_status":"closed","ping_status":"closed","template":"","meta":{"inline_featured_image":false,"footnotes":""},"class_list":["post-26743","page","type-page","status-publish","has-post-thumbnail","hentry"],"yoast_head":"<!-- This site is optimized with the Yoast SEO plugin v27.5 - https:\/\/yoast.com\/product\/yoast-seo-wordpress\/ -->\n<title>Email marketing para Ecommerce con Benchmark Email<\/title>\n<meta name=\"description\" content=\"Herramienta de Email Marketing para Ecommerce y Shopify: destaca tus productos, fideliza a tus clientes y mejora tus ventas con Benchmark Email.\" \/>\n<meta name=\"robots\" content=\"index, follow, max-snippet:-1, max-image-preview:large, max-video-preview:-1\" \/>\n<link rel=\"canonical\" href=\"https:\/\/www.benchmarkemail.com\/es\/features\/ecommerce\/\" \/>\n<meta property=\"og:locale\" content=\"en_US\" \/>\n<meta property=\"og:type\" content=\"article\" \/>\n<meta property=\"og:title\" content=\"Email marketing para Ecommerce con Benchmark Email\" \/>\n<meta property=\"og:description\" content=\"Herramienta de Email Marketing para Ecommerce y Shopify: destaca tus productos, fideliza a tus clientes y mejora tus ventas con Benchmark Email.\" \/>\n<meta property=\"og:url\" content=\"https:\/\/www.benchmarkemail.com\/es\/features\/ecommerce\/\" \/>\n<meta property=\"og:site_name\" content=\"Benchmark Email - Herramienta de Email Marketing\" \/>\n<meta property=\"article:publisher\" content=\"https:\/\/www.facebook.com\/benchmarkemailes\" \/>\n<meta property=\"article:modified_time\" content=\"2026-02-06T12:37:06+00:00\" \/>\n<meta property=\"og:image\" content=\"https:\/\/www.benchmarkemail.com\/es\/wp-content\/uploads\/sites\/4\/2023\/07\/ecommerce-email-marketing-con-Benchmark-Email.webp\" \/>\n\t<meta property=\"og:image:width\" content=\"1200\" \/>\n\t<meta property=\"og:image:height\" content=\"627\" \/>\n\t<meta property=\"og:image:type\" content=\"image\/webp\" \/>\n<meta name=\"twitter:card\" content=\"summary_large_image\" \/>\n<meta name=\"twitter:site\" content=\"@benchmarkesp\" \/>\n<meta name=\"twitter:label1\" content=\"Est. reading time\" \/>\n\t<meta name=\"twitter:data1\" content=\"3 minutes\" \/>\n<script type=\"application\/ld+json\" class=\"yoast-schema-graph\">{\"@context\":\"https:\\\/\\\/schema.org\",\"@graph\":[{\"@type\":\"WebPage\",\"@id\":\"https:\\\/\\\/www.benchmarkemail.com\\\/es\\\/features\\\/ecommerce\\\/\",\"url\":\"https:\\\/\\\/www.benchmarkemail.com\\\/es\\\/features\\\/ecommerce\\\/\",\"name\":\"Email marketing para Ecommerce con Benchmark Email\",\"isPartOf\":{\"@id\":\"https:\\\/\\\/www.benchmarkemail.com\\\/es\\\/#website\"},\"primaryImageOfPage\":{\"@id\":\"https:\\\/\\\/www.benchmarkemail.com\\\/es\\\/features\\\/ecommerce\\\/#primaryimage\"},\"image\":{\"@id\":\"https:\\\/\\\/www.benchmarkemail.com\\\/es\\\/features\\\/ecommerce\\\/#primaryimage\"},\"thumbnailUrl\":\"https:\\\/\\\/www.benchmarkemail.com\\\/es\\\/wp-content\\\/uploads\\\/sites\\\/4\\\/2023\\\/07\\\/ecommerce-email-marketing-con-Benchmark-Email.webp\",\"datePublished\":\"2022-05-19T12:34:53+00:00\",\"dateModified\":\"2026-02-06T12:37:06+00:00\",\"description\":\"Herramienta de Email Marketing para Ecommerce y Shopify: destaca tus productos, fideliza a tus clientes y mejora tus ventas con Benchmark Email.\",\"breadcrumb\":{\"@id\":\"https:\\\/\\\/www.benchmarkemail.com\\\/es\\\/features\\\/ecommerce\\\/#breadcrumb\"},\"inLanguage\":\"en-US\",\"potentialAction\":[{\"@type\":\"ReadAction\",\"target\":[\"https:\\\/\\\/www.benchmarkemail.com\\\/es\\\/features\\\/ecommerce\\\/\"]}]},{\"@type\":\"ImageObject\",\"inLanguage\":\"en-US\",\"@id\":\"https:\\\/\\\/www.benchmarkemail.com\\\/es\\\/features\\\/ecommerce\\\/#primaryimage\",\"url\":\"https:\\\/\\\/www.benchmarkemail.com\\\/es\\\/wp-content\\\/uploads\\\/sites\\\/4\\\/2023\\\/07\\\/ecommerce-email-marketing-con-Benchmark-Email.webp\",\"contentUrl\":\"https:\\\/\\\/www.benchmarkemail.com\\\/es\\\/wp-content\\\/uploads\\\/sites\\\/4\\\/2023\\\/07\\\/ecommerce-email-marketing-con-Benchmark-Email.webp\",\"width\":1200,\"height\":627,\"caption\":\"ecommerce email marketing con Benchmark Email\"},{\"@type\":\"BreadcrumbList\",\"@id\":\"https:\\\/\\\/www.benchmarkemail.com\\\/es\\\/features\\\/ecommerce\\\/#breadcrumb\",\"itemListElement\":[{\"@type\":\"ListItem\",\"position\":1,\"name\":\"Home\",\"item\":\"https:\\\/\\\/www.benchmarkemail.com\\\/es\\\/\"},{\"@type\":\"ListItem\",\"position\":2,\"name\":\"Features\",\"item\":\"https:\\\/\\\/www.benchmarkemail.com\\\/es\\\/features\\\/\"},{\"@type\":\"ListItem\",\"position\":3,\"name\":\"Ecommerce\"}]},{\"@type\":\"WebSite\",\"@id\":\"https:\\\/\\\/www.benchmarkemail.com\\\/es\\\/#website\",\"url\":\"https:\\\/\\\/www.benchmarkemail.com\\\/es\\\/\",\"name\":\"Benchmark Email - Herramienta de Email Marketing\",\"description\":\"Dise\u00f1a, env\u00eda, mide y optimiza tus campa\u00f1as de email y comun\u00edcate con tus clientes a trav\u00e9s del correo electr\u00f3nico.\",\"publisher\":{\"@id\":\"https:\\\/\\\/www.benchmarkemail.com\\\/es\\\/#organization\"},\"potentialAction\":[{\"@type\":\"SearchAction\",\"target\":{\"@type\":\"EntryPoint\",\"urlTemplate\":\"https:\\\/\\\/www.benchmarkemail.com\\\/es\\\/?s={search_term_string}\"},\"query-input\":{\"@type\":\"PropertyValueSpecification\",\"valueRequired\":true,\"valueName\":\"search_term_string\"}}],\"inLanguage\":\"en-US\"},{\"@type\":\"Organization\",\"@id\":\"https:\\\/\\\/www.benchmarkemail.com\\\/es\\\/#organization\",\"name\":\"Benchmark Email\",\"url\":\"https:\\\/\\\/www.benchmarkemail.com\\\/es\\\/\",\"logo\":{\"@type\":\"ImageObject\",\"inLanguage\":\"en-US\",\"@id\":\"https:\\\/\\\/www.benchmarkemail.com\\\/es\\\/#\\\/schema\\\/logo\\\/image\\\/\",\"url\":\"https:\\\/\\\/www.benchmarkemail.com\\\/es\\\/wp-content\\\/uploads\\\/sites\\\/4\\\/2019\\\/09\\\/benchmark-logo.svg\",\"contentUrl\":\"https:\\\/\\\/www.benchmarkemail.com\\\/es\\\/wp-content\\\/uploads\\\/sites\\\/4\\\/2019\\\/09\\\/benchmark-logo.svg\",\"width\":1,\"height\":1,\"caption\":\"Benchmark Email\"},\"image\":{\"@id\":\"https:\\\/\\\/www.benchmarkemail.com\\\/es\\\/#\\\/schema\\\/logo\\\/image\\\/\"},\"sameAs\":[\"https:\\\/\\\/www.facebook.com\\\/benchmarkemailes\",\"https:\\\/\\\/x.com\\\/benchmarkesp\",\"https:\\\/\\\/twitter.com\\\/benchmarkesp\",\"https:\\\/\\\/www.youtube.com\\\/user\\\/BenchmarkEmailESP\",\"https:\\\/\\\/www.tiktok.com\\\/@benchmarkespanol\"]}]}<\/script>\n<!-- \/ Yoast SEO plugin. -->","yoast_head_json":{"title":"Email marketing para Ecommerce con Benchmark Email","description":"Herramienta de Email Marketing para Ecommerce y Shopify: destaca tus productos, fideliza a tus clientes y mejora tus ventas con Benchmark Email.","robots":{"index":"index","follow":"follow","max-snippet":"max-snippet:-1","max-image-preview":"max-image-preview:large","max-video-preview":"max-video-preview:-1"},"canonical":"https:\/\/www.benchmarkemail.com\/es\/features\/ecommerce\/","og_locale":"en_US","og_type":"article","og_title":"Email marketing para Ecommerce con Benchmark Email","og_description":"Herramienta de Email Marketing para Ecommerce y Shopify: destaca tus productos, fideliza a tus clientes y mejora tus ventas con Benchmark Email.","og_url":"https:\/\/www.benchmarkemail.com\/es\/features\/ecommerce\/","og_site_name":"Benchmark Email - Herramienta de Email Marketing","article_publisher":"https:\/\/www.facebook.com\/benchmarkemailes","article_modified_time":"2026-02-06T12:37:06+00:00","og_image":[{"width":1200,"height":627,"url":"https:\/\/www.benchmarkemail.com\/es\/wp-content\/uploads\/sites\/4\/2023\/07\/ecommerce-email-marketing-con-Benchmark-Email.webp","type":"image\/webp"}],"twitter_card":"summary_large_image","twitter_site":"@benchmarkesp","twitter_misc":{"Est. reading time":"3 minutes"},"schema":{"@context":"https:\/\/schema.org","@graph":[{"@type":"WebPage","@id":"https:\/\/www.benchmarkemail.com\/es\/features\/ecommerce\/","url":"https:\/\/www.benchmarkemail.com\/es\/features\/ecommerce\/","name":"Email marketing para Ecommerce con Benchmark Email","isPartOf":{"@id":"https:\/\/www.benchmarkemail.com\/es\/#website"},"primaryImageOfPage":{"@id":"https:\/\/www.benchmarkemail.com\/es\/features\/ecommerce\/#primaryimage"},"image":{"@id":"https:\/\/www.benchmarkemail.com\/es\/features\/ecommerce\/#primaryimage"},"thumbnailUrl":"https:\/\/www.benchmarkemail.com\/es\/wp-content\/uploads\/sites\/4\/2023\/07\/ecommerce-email-marketing-con-Benchmark-Email.webp","datePublished":"2022-05-19T12:34:53+00:00","dateModified":"2026-02-06T12:37:06+00:00","description":"Herramienta de Email Marketing para Ecommerce y Shopify: destaca tus productos, fideliza a tus clientes y mejora tus ventas con Benchmark Email.","breadcrumb":{"@id":"https:\/\/www.benchmarkemail.com\/es\/features\/ecommerce\/#breadcrumb"},"inLanguage":"en-US","potentialAction":[{"@type":"ReadAction","target":["https:\/\/www.benchmarkemail.com\/es\/features\/ecommerce\/"]}]},{"@type":"ImageObject","inLanguage":"en-US","@id":"https:\/\/www.benchmarkemail.com\/es\/features\/ecommerce\/#primaryimage","url":"https:\/\/www.benchmarkemail.com\/es\/wp-content\/uploads\/sites\/4\/2023\/07\/ecommerce-email-marketing-con-Benchmark-Email.webp","contentUrl":"https:\/\/www.benchmarkemail.com\/es\/wp-content\/uploads\/sites\/4\/2023\/07\/ecommerce-email-marketing-con-Benchmark-Email.webp","width":1200,"height":627,"caption":"ecommerce email marketing con Benchmark Email"},{"@type":"BreadcrumbList","@id":"https:\/\/www.benchmarkemail.com\/es\/features\/ecommerce\/#breadcrumb","itemListElement":[{"@type":"ListItem","position":1,"name":"Home","item":"https:\/\/www.benchmarkemail.com\/es\/"},{"@type":"ListItem","position":2,"name":"Features","item":"https:\/\/www.benchmarkemail.com\/es\/features\/"},{"@type":"ListItem","position":3,"name":"Ecommerce"}]},{"@type":"WebSite","@id":"https:\/\/www.benchmarkemail.com\/es\/#website","url":"https:\/\/www.benchmarkemail.com\/es\/","name":"Benchmark Email - Herramienta de Email Marketing","description":"Dise\u00f1a, env\u00eda, mide y optimiza tus campa\u00f1as de email y comun\u00edcate con tus clientes a trav\u00e9s del correo electr\u00f3nico.","publisher":{"@id":"https:\/\/www.benchmarkemail.com\/es\/#organization"},"potentialAction":[{"@type":"SearchAction","target":{"@type":"EntryPoint","urlTemplate":"https:\/\/www.benchmarkemail.com\/es\/?s={search_term_string}"},"query-input":{"@type":"PropertyValueSpecification","valueRequired":true,"valueName":"search_term_string"}}],"inLanguage":"en-US"},{"@type":"Organization","@id":"https:\/\/www.benchmarkemail.com\/es\/#organization","name":"Benchmark Email","url":"https:\/\/www.benchmarkemail.com\/es\/","logo":{"@type":"ImageObject","inLanguage":"en-US","@id":"https:\/\/www.benchmarkemail.com\/es\/#\/schema\/logo\/image\/","url":"https:\/\/www.benchmarkemail.com\/es\/wp-content\/uploads\/sites\/4\/2019\/09\/benchmark-logo.svg","contentUrl":"https:\/\/www.benchmarkemail.com\/es\/wp-content\/uploads\/sites\/4\/2019\/09\/benchmark-logo.svg","width":1,"height":1,"caption":"Benchmark Email"},"image":{"@id":"https:\/\/www.benchmarkemail.com\/es\/#\/schema\/logo\/image\/"},"sameAs":["https:\/\/www.facebook.com\/benchmarkemailes","https:\/\/x.com\/benchmarkesp","https:\/\/twitter.com\/benchmarkesp","https:\/\/www.youtube.com\/user\/BenchmarkEmailESP","https:\/\/www.tiktok.com\/@benchmarkespanol"]}]}},"_links":{"self":[{"href":"https:\/\/www.benchmarkemail.com\/es\/wp-json\/wp\/v2\/pages\/26743","targetHints":{"allow":["GET"]}}],"collection":[{"href":"https:\/\/www.benchmarkemail.com\/es\/wp-json\/wp\/v2\/pages"}],"about":[{"href":"https:\/\/www.benchmarkemail.com\/es\/wp-json\/wp\/v2\/types\/page"}],"author":[{"embeddable":true,"href":"https:\/\/www.benchmarkemail.com\/es\/wp-json\/wp\/v2\/users\/7"}],"replies":[{"embeddable":true,"href":"https:\/\/www.benchmarkemail.com\/es\/wp-json\/wp\/v2\/comments?post=26743"}],"version-history":[{"count":0,"href":"https:\/\/www.benchmarkemail.com\/es\/wp-json\/wp\/v2\/pages\/26743\/revisions"}],"up":[{"embeddable":true,"href":"https:\/\/www.benchmarkemail.com\/es\/wp-json\/wp\/v2\/pages\/48485"}],"wp:featuredmedia":[{"embeddable":true,"href":"https:\/\/www.benchmarkemail.com\/es\/wp-json\/wp\/v2\/media\/34494"}],"wp:attachment":[{"href":"https:\/\/www.benchmarkemail.com\/es\/wp-json\/wp\/v2\/media?parent=26743"}],"curies":[{"name":"wp","href":"https:\/\/api.w.org\/{rel}","templated":true}]}}