{"id":280,"date":"2019-10-03T13:52:23","date_gmt":"2019-10-03T13:52:23","guid":{"rendered":"http:\/\/bme2.flywheelsites.com\/?page_id=280"},"modified":"2026-01-29T10:35:08","modified_gmt":"2026-01-29T10:35:08","slug":"lead-generation","status":"publish","type":"page","link":"https:\/\/www.benchmarkemail.com\/es\/features\/lead-generation\/","title":{"rendered":"Generador de formularios"},"content":{"rendered":"\n<h1>\n\t\t\tEl generador de formularios m\u00e1s f\u00e1cil\t<\/h1>\n<h2>\n\t\t\tUtiliza formularios de registro, auto respuestas, encuestas y sondeos para crear tu lista de suscriptores\t<\/h2>\n<figure itemscope itemtype=\"https:\/\/schema.org\/ImageObject\">\n\t\t\t\t<img decoding=\"async\" src=\"https:\/\/www.benchmarkemail.com\/es\/wp-content\/uploads\/sites\/4\/2022\/10\/lead-es-1.webp\" alt=\"Web con formulario generado integrado\" height=\"419\" width=\"1071\" title=\"lead-es-1\" onerror=\"this.style.display='none'\" loading=\"lazy\" \/>\n\t<\/figure>\n\t<h2>Formularios de registro<\/h2>\n<p>Dise\u00f1a formularios de registro insertables y pop ups para incluirlos en tu p\u00e1gina web. Mejora la conversi\u00f3n y haz crecer tus listas f\u00e1cilmente.<\/p>\n\t\t\t<a href=\"https:\/\/app.benchmarkemail.io\/register?language=es\"  target=\"_self\">\n\t\t\t\t\t\t\tCREA TU CUENTA GRATIS\n\t\t\t\t\t<\/a>\n<figure itemscope itemtype=\"https:\/\/schema.org\/ImageObject\">\n\t\t\t\t<img decoding=\"async\" src=\"https:\/\/www.benchmarkemail.com\/es\/wp-content\/uploads\/sites\/4\/2022\/08\/list-building-1.jpg\" alt=\"formulario de ejemplo\" height=\"775\" width=\"1097\" title=\"list-building (1)\" onerror=\"this.style.display='none'\" loading=\"lazy\" \/>\n\t<\/figure>\n<figure itemscope itemtype=\"https:\/\/schema.org\/ImageObject\">\n\t\t\t\t<img decoding=\"async\" src=\"https:\/\/www.benchmarkemail.com\/es\/wp-content\/uploads\/sites\/4\/2020\/02\/3.png\" alt=\"Pantalla de integracion de formularios\" height=\"407\" width=\"495\" title=\"3\" onerror=\"this.style.display='none'\" loading=\"lazy\" \/>\n\t<\/figure>\n\t<h3>Integra tu formulario con tu sitio web<br \/>\n<\/h3>\n<p>Atrae a los visitantes de tu p\u00e1gina web y convi\u00e9rtelos en suscriptores con formularios de registro personalizados.\u00a0 Genera tu formulario y col\u00f3calo en tu web, blog o landing page.<\/p>\n<h2>\n\t\t\tFormularios + P\u00e1ginas de destino\t<\/h2>\n\t<strong>\u00a0Consigue m\u00e1s suscriptores y clientes con Benchmark Email<br \/>\n<\/strong>\n<figure itemscope itemtype=\"https:\/\/schema.org\/ImageObject\">\n\t\t\t\t<img decoding=\"async\" src=\"https:\/\/www.benchmarkemail.com\/es\/wp-content\/uploads\/sites\/4\/2023\/05\/drag-drop-icon@2x.png\" alt=\"drag-drop-icon@2x\" height=\"96\" width=\"96\" title=\"drag-drop-icon@2x\" onerror=\"this.style.display='none'\" loading=\"lazy\" \/>\n\t<\/figure>\n<h3>\n\t\t\tEditor de landing pages arrastrar y soltar\t<\/h3>\n\t<p>Dise\u00f1a landing pages que te ayudan a conseguir tus objetivos sin necesidad de saber de c\u00f3digo.<\/p>\n<figure itemscope itemtype=\"https:\/\/schema.org\/ImageObject\">\n\t\t\t\t<img decoding=\"async\" src=\"https:\/\/www.benchmarkemail.com\/es\/wp-content\/uploads\/sites\/4\/2023\/05\/forms-icon@2x.png\" alt=\"forms-icon@2x\" height=\"96\" width=\"88\" title=\"forms-icon@2x\" onerror=\"this.style.display='none'\" loading=\"lazy\" \/>\n\t<\/figure>\n<h3>\n\t\t\tHaz crecer tus listas de suscriptores\t<\/h3>\n\t<p>Inserta los formularios de registro para que los suscriptores vayan directamente a tus listas de email marketing<\/p>\n<figure itemscope itemtype=\"https:\/\/schema.org\/ImageObject\">\n\t\t\t\t<img decoding=\"async\" src=\"https:\/\/www.benchmarkemail.com\/es\/wp-content\/uploads\/sites\/4\/2023\/05\/links@2x.png\" alt=\"links@2x\" height=\"96\" width=\"96\" title=\"links@2x\" onerror=\"this.style.display='none'\" loading=\"lazy\" \/>\n\t<\/figure>\n<h3>\n\t\t\tPublica landing pages en tu propio dominio\t<\/h3>\n\t<p>Publica las p\u00e1ginas con tu propio dominio para ofrecer al usuario una experiencia consistente de marca<\/p>\n<figure itemscope itemtype=\"https:\/\/schema.org\/ImageObject\">\n\t\t\t\t<img decoding=\"async\" src=\"https:\/\/www.benchmarkemail.com\/es\/wp-content\/uploads\/sites\/4\/2023\/05\/integration@2x.png\" alt=\"integration@2x\" height=\"94\" width=\"96\" title=\"integration@2x\" onerror=\"this.style.display='none'\" loading=\"lazy\" \/>\n\t<\/figure>\n<h3>\n\t\t\tEmail Marketing + Automatizaci\u00f3n de Emails  + P\u00e1ginas de destino\t<\/h3>\n\t<p>Integra tus landing pages con automatizaciones de marketing para un contacto m\u00e1s personalizado<\/p>\n<figure itemscope itemtype=\"https:\/\/schema.org\/ImageObject\">\n\t\t\t\t<img decoding=\"async\" src=\"https:\/\/www.benchmarkemail.com\/es\/wp-content\/uploads\/sites\/4\/2023\/05\/tracking@2x.png\" alt=\"tracking@2x\" height=\"96\" width=\"96\" title=\"tracking@2x\" onerror=\"this.style.display='none'\" loading=\"lazy\" \/>\n\t<\/figure>\n<h3>\n\t\t\tHaz seguimiento a  tus objetivos de marketing\t<\/h3>\n\t<p>Mide el ROI de tus landing pages en base a conversiones o al engagement de los suscriptores<\/p>\n<figure itemscope itemtype=\"https:\/\/schema.org\/ImageObject\">\n\t\t\t\t<img decoding=\"async\" src=\"https:\/\/www.benchmarkemail.com\/es\/wp-content\/uploads\/sites\/4\/2023\/05\/templates@2x.png\" alt=\"templates@2x\" height=\"96\" width=\"96\" title=\"templates@2x\" onerror=\"this.style.display='none'\" loading=\"lazy\" \/>\n\t<\/figure>\n<h3>\n\t\t\tUtiliza nuestras plantillas de landing pages\t<\/h3>\n\tCrea landing pages usando las plantillas gratuitas y optimizadas para la conversi\u00f3n de los usuarios<br \/>\n\n                    <img decoding=\"async\" src=\"\/wp-content\/uploads\/2020\/02\/social-share-tool-icon@2x.png\" alt=\"\"\/>\n                    <img decoding=\"async\" src=\"\/wp-content\/uploads\/2020\/02\/button-tool-icon@2x.png\" alt=\"\"\/>\n                    <img decoding=\"async\" src=\"\/wp-content\/uploads\/2020\/02\/text-tool-icon@2x.png\" alt=\"\"\/>\n                    <img decoding=\"async\" src=\"\/wp-content\/uploads\/2020\/02\/video-tool-icon@2x.png\" alt=\"\"\/>\n                    <img decoding=\"async\" src=\"\/wp-content\/uploads\/2020\/02\/image-tool-icon@2x.png\" alt=\"\"\/>\n                    <img decoding=\"async\" src=\"\/es\/wp-content\/uploads\/sites\/4\/2020\/02\/landing-page-mobile-ES.png\" alt=\"\"\/>\n                    <img decoding=\"async\" src=\"\/es\/wp-content\/uploads\/sites\/4\/2022\/08\/landing-page-desktop-ES-1-1.png\" alt=\"\"\/>\n\t<h3>Gestiona y segmenta tus listas de email marketing<\/h3>\nLa segmentaci\u00f3n, importaci\u00f3n e integraci\u00f3n son muy f\u00e1ciles de hacer con Benchmark Email<br \/>\n\n\t<p>&nbsp;<\/p>\n<h4><strong>Segmentaci\u00f3n<\/strong><\/h4>\n<p>Organiza tus listas por demograf\u00eda, por lo que le gusta y no le gusta al cliente y mucho m\u00e1s. Env\u00eda contenido relevante a cada suscriptor.<\/p>\n\t<p>&nbsp;<\/p>\n<h4><strong>Importaci\u00f3n<\/strong><\/h4>\n<p>Crea listas importando contactos, agreg\u00e1ndolos uno por uno o copiando y pegando sus emails. Tambi\u00e9n puedes importar archivos .xls, .cvs y .txt.<\/p>\n\t<p>&nbsp;<\/p>\n<h4><strong>Integraci\u00f3n<\/strong><\/h4>\n<p>Integra directamente tus listas de contactos desde los servicios m\u00e1s populares como: WordPress, Salesforce, Unbounce, Zapier y otros.<\/p>\n<figure data-animation-delay=\"0\" data-animation-duration=\"1\" itemscope itemtype=\"https:\/\/schema.org\/ImageObject\">\n\t\t\t\t<img decoding=\"async\" src=\"https:\/\/www.benchmarkemail.com\/es\/wp-content\/uploads\/sites\/4\/2019\/10\/list-map-markers.png\" alt=\"mapa de localizaci\u00f3n\" height=\"601\" width=\"1885\" title=\"list-map-markers\" onerror=\"this.style.display='none'\" loading=\"lazy\" \/>\n\t<\/figure>\n<figure itemscope itemtype=\"https:\/\/schema.org\/ImageObject\">\n\t\t\t\t<img decoding=\"async\" src=\"https:\/\/www.benchmarkemail.com\/wp-content\/uploads\/2019\/10\/2-contact-r-feat-2x-compressor.png\" alt=\"ejemplo de puntuaci\u00f3n de los contactos\" title=\"2-contact-r-feat-2x-compressor\" onerror=\"this.style.display='none'\" loading=\"lazy\" \/>\n\t<\/figure>\n\t<h4><strong>Saca el m\u00e1ximo partido a tus contactos<\/strong><\/h4>\n<p>Clasifica a los suscriptores de tus listas en una escala de 0 a 5 estrellas. Mejora tu entregabilidad, recompensando a los usuarios m\u00e1s fieles o recuperando a los inactivos gracias a una buena segmentaci\u00f3n. <a href=\"https:\/\/ui.benchmarkemail.com\/es\/register\">Pru\u00e9balo ya.<\/a><\/p>\n\t<h3>Configura autorespuestas f\u00e1cilmente<\/h3>\nEnv\u00eda secuencias de emails autom\u00e1ticos a tus suscriptores de la manera m\u00e1s sencilla<br \/>\n\n<figure itemscope itemtype=\"https:\/\/schema.org\/ImageObject\">\n\t\t\t\t<img decoding=\"async\" src=\"https:\/\/www.benchmarkemail.com\/es\/wp-content\/uploads\/sites\/4\/2020\/02\/4-1.png\" alt=\"ejemplo de autorespuesta email a formulario\" height=\"357\" width=\"514\" title=\"4\" onerror=\"this.style.display='none'\" loading=\"lazy\" \/>\n\t<\/figure>\n\t<h4><strong>Emails desencadenantes<\/strong><\/h4>\n<p>Un evento desencadenar\u00e1 un email de autorespuesta. Por ejemplo, emails de cumplea\u00f1os para hacer que tus suscriptores tengan un d\u00eda especial.<\/p>\n<h4><strong>Email basado en fechas<\/strong><\/h4>\n<p>Nuestro sistema de autorespuestas te permite programar emails individuales para que los env\u00edes en la fecha que t\u00fa elijas: ya sea un d\u00eda, semana, mes o a\u00f1o.<\/p>\n\t\t\t<a href=\"https:\/\/app.benchmarkemail.io\/register?language=es\"  target=\"_self\">\n\t\t\t\t\t\t\tCREA TU CUENTA GRATIS\n\t\t\t\t\t<\/a>\n\t<h2><strong>Conoce mejor a tu audiencia con encuestas y sondeos<\/strong><\/h2>\nBenchmark Email incluye la funcionalidad de encuestas o sondeos para obtener m\u00e1s datos de tus suscriptores<br \/>\n\n\t<h4>Encuestas<\/h4>\n<p>Da a tus suscriptores la oportunidad de opinar sobre diversos temas y medir lo que les interesa de tu compa\u00f1\u00eda.<\/p>\n<figure itemscope itemtype=\"https:\/\/schema.org\/ImageObject\">\n\t\t\t\t<img decoding=\"async\" src=\"https:\/\/www.benchmarkemail.com\/es\/wp-content\/uploads\/sites\/4\/2022\/08\/surveys.jpg\" alt=\"ejemplo de encuesta generada\" height=\"1009\" width=\"1138\" title=\"surveys\" onerror=\"this.style.display='none'\" loading=\"lazy\" \/>\n\t<\/figure>\n\t<h4>Sondeos<\/h4>\n<p>Los sondeos te dan la oportunidad de tener participaci\u00f3n directa con tus suscriptores.<\/p>\n<p>&nbsp;<\/p>\n<figure itemscope itemtype=\"https:\/\/schema.org\/ImageObject\">\n\t\t\t\t<img decoding=\"async\" src=\"https:\/\/www.benchmarkemail.com\/es\/wp-content\/uploads\/sites\/4\/2020\/02\/polls-1.jpg\" alt=\"ejemplo de sondeo\" height=\"613\" width=\"702\" title=\"polls (1)\" onerror=\"this.style.display='none'\" loading=\"lazy\" \/>\n\t<\/figure>\n\t<h2>Empieza ya a generar leads para email marketing<\/h2>\n<p>Cuenta 100% gratuita. No necesitas tarjeta de cr\u00e9dito.<\/p>\n\t<style>\n.signup-form-wrap input.form-text-field {\n    box-shadow: none;\n    height: auto;\n    border: 1px solid \n#e6e6e8;\nborder-radius: 3px;\nfont-size: 1rem;\n-webkit-box-shadow: 0 0 0 1000px\n    #fff inset;\n    color: #666872;\n    height: 42px;\n}\n.signup-form-wrap #frm_submit_new {\n    font-size: .8rem;\n    font-weight: 600;\n    text-transform: uppercase;\n    background-color: \n#4e5ff9;\nletter-spacing: 1px;\ncolor: #4e5ff9;\ncolor:\n    #fff;\n    border: none;\n    height: 42px;\n}\n<\/style>\n            <input type=\"text\" placeholder=\"Nombre\" id=\"frm_first_name\"\/>\n            <input type=\"text\" placeholder=\"Apellido\" id=\"frm_last_name\"\/>\n            <input type=\"text\" placeholder=\"Direcci\u00f3n de email\" id=\"frm_email_new\"\/>\n            <input type=\"button\" value=\"Plan Gratis\" id=\"frm_submit_new\"\/>\n\n","protected":false},"excerpt":{"rendered":"<p>El generador de formularios m\u00e1s f\u00e1cil Utiliza formularios de registro, auto respuestas, encuestas y sondeos para crear tu lista de suscriptores Formularios de registro Dise\u00f1a formularios de registro insertables y pop ups para incluirlos en tu p\u00e1gina web. Mejora la conversi\u00f3n y haz crecer tus listas f\u00e1cilmente. CREA TU CUENTA GRATIS Integra tu formulario con&hellip;<\/p>\n","protected":false},"author":7,"featured_media":30031,"parent":48485,"menu_order":0,"comment_status":"closed","ping_status":"closed","template":"","meta":{"inline_featured_image":false,"footnotes":""},"class_list":["post-280","page","type-page","status-publish","has-post-thumbnail","hentry"],"yoast_head":"<!-- This site is optimized with the Yoast SEO plugin v27.5 - https:\/\/yoast.com\/product\/yoast-seo-wordpress\/ -->\n<title>Generador de formularios web - Benchmark Email<\/title>\n<meta name=\"description\" content=\"Crea formularios f\u00e1cilmente con el generador de formularios de Benchmark Email. Construye pop ups y landing pages para captar leads en pocos minutos.\" \/>\n<meta name=\"robots\" content=\"index, follow, max-snippet:-1, max-image-preview:large, max-video-preview:-1\" \/>\n<link rel=\"canonical\" href=\"https:\/\/www.benchmarkemail.com\/es\/features\/lead-generation\/\" \/>\n<meta property=\"og:locale\" content=\"en_US\" \/>\n<meta property=\"og:type\" content=\"article\" \/>\n<meta property=\"og:title\" content=\"Generador de formularios web - Benchmark Email\" \/>\n<meta property=\"og:description\" content=\"Crea formularios f\u00e1cilmente con el generador de formularios de Benchmark Email. Construye pop ups y landing pages para captar leads en pocos minutos.\" \/>\n<meta property=\"og:url\" content=\"https:\/\/www.benchmarkemail.com\/es\/features\/lead-generation\/\" \/>\n<meta property=\"og:site_name\" content=\"Benchmark Email - Herramienta de Email Marketing\" \/>\n<meta property=\"article:publisher\" content=\"https:\/\/www.facebook.com\/benchmarkemailes\" \/>\n<meta property=\"article:modified_time\" content=\"2026-01-29T10:35:08+00:00\" \/>\n<meta property=\"og:image\" content=\"https:\/\/www.benchmarkemail.com\/es\/wp-content\/uploads\/sites\/4\/2019\/04\/Form-1-1.webp\" \/>\n\t<meta property=\"og:image:width\" content=\"1400\" \/>\n\t<meta property=\"og:image:height\" content=\"730\" \/>\n\t<meta property=\"og:image:type\" content=\"image\/webp\" \/>\n<meta name=\"twitter:card\" content=\"summary_large_image\" \/>\n<meta name=\"twitter:site\" content=\"@benchmarkesp\" \/>\n<meta name=\"twitter:label1\" content=\"Est. reading time\" \/>\n\t<meta name=\"twitter:data1\" content=\"7 minutes\" \/>\n<script type=\"application\/ld+json\" class=\"yoast-schema-graph\">{\"@context\":\"https:\\\/\\\/schema.org\",\"@graph\":[{\"@type\":\"WebPage\",\"@id\":\"https:\\\/\\\/www.benchmarkemail.com\\\/es\\\/features\\\/lead-generation\\\/\",\"url\":\"https:\\\/\\\/www.benchmarkemail.com\\\/es\\\/features\\\/lead-generation\\\/\",\"name\":\"Generador de formularios web - Benchmark Email\",\"isPartOf\":{\"@id\":\"https:\\\/\\\/www.benchmarkemail.com\\\/es\\\/#website\"},\"primaryImageOfPage\":{\"@id\":\"https:\\\/\\\/www.benchmarkemail.com\\\/es\\\/features\\\/lead-generation\\\/#primaryimage\"},\"image\":{\"@id\":\"https:\\\/\\\/www.benchmarkemail.com\\\/es\\\/features\\\/lead-generation\\\/#primaryimage\"},\"thumbnailUrl\":\"https:\\\/\\\/www.benchmarkemail.com\\\/es\\\/wp-content\\\/uploads\\\/sites\\\/4\\\/2019\\\/04\\\/Form-1-1.webp\",\"datePublished\":\"2019-10-03T13:52:23+00:00\",\"dateModified\":\"2026-01-29T10:35:08+00:00\",\"description\":\"Crea formularios f\u00e1cilmente con el generador de formularios de Benchmark Email. Construye pop ups y landing pages para captar leads en pocos minutos.\",\"breadcrumb\":{\"@id\":\"https:\\\/\\\/www.benchmarkemail.com\\\/es\\\/features\\\/lead-generation\\\/#breadcrumb\"},\"inLanguage\":\"en-US\",\"potentialAction\":[{\"@type\":\"ReadAction\",\"target\":[\"https:\\\/\\\/www.benchmarkemail.com\\\/es\\\/features\\\/lead-generation\\\/\"]}]},{\"@type\":\"ImageObject\",\"inLanguage\":\"en-US\",\"@id\":\"https:\\\/\\\/www.benchmarkemail.com\\\/es\\\/features\\\/lead-generation\\\/#primaryimage\",\"url\":\"https:\\\/\\\/www.benchmarkemail.com\\\/es\\\/wp-content\\\/uploads\\\/sites\\\/4\\\/2019\\\/04\\\/Form-1-1.webp\",\"contentUrl\":\"https:\\\/\\\/www.benchmarkemail.com\\\/es\\\/wp-content\\\/uploads\\\/sites\\\/4\\\/2019\\\/04\\\/Form-1-1.webp\",\"width\":1400,\"height\":730,\"caption\":\"ejemplo de generaci\u00f3n de formularios usando Benchmark Email\"},{\"@type\":\"BreadcrumbList\",\"@id\":\"https:\\\/\\\/www.benchmarkemail.com\\\/es\\\/features\\\/lead-generation\\\/#breadcrumb\",\"itemListElement\":[{\"@type\":\"ListItem\",\"position\":1,\"name\":\"Home\",\"item\":\"https:\\\/\\\/www.benchmarkemail.com\\\/es\\\/\"},{\"@type\":\"ListItem\",\"position\":2,\"name\":\"Features\",\"item\":\"https:\\\/\\\/www.benchmarkemail.com\\\/es\\\/features\\\/\"},{\"@type\":\"ListItem\",\"position\":3,\"name\":\"Generador de formularios\"}]},{\"@type\":\"WebSite\",\"@id\":\"https:\\\/\\\/www.benchmarkemail.com\\\/es\\\/#website\",\"url\":\"https:\\\/\\\/www.benchmarkemail.com\\\/es\\\/\",\"name\":\"Benchmark Email - Herramienta de Email Marketing\",\"description\":\"Dise\u00f1a, env\u00eda, mide y optimiza tus campa\u00f1as de email y comun\u00edcate con tus clientes a trav\u00e9s del correo electr\u00f3nico.\",\"publisher\":{\"@id\":\"https:\\\/\\\/www.benchmarkemail.com\\\/es\\\/#organization\"},\"potentialAction\":[{\"@type\":\"SearchAction\",\"target\":{\"@type\":\"EntryPoint\",\"urlTemplate\":\"https:\\\/\\\/www.benchmarkemail.com\\\/es\\\/?s={search_term_string}\"},\"query-input\":{\"@type\":\"PropertyValueSpecification\",\"valueRequired\":true,\"valueName\":\"search_term_string\"}}],\"inLanguage\":\"en-US\"},{\"@type\":\"Organization\",\"@id\":\"https:\\\/\\\/www.benchmarkemail.com\\\/es\\\/#organization\",\"name\":\"Benchmark Email\",\"url\":\"https:\\\/\\\/www.benchmarkemail.com\\\/es\\\/\",\"logo\":{\"@type\":\"ImageObject\",\"inLanguage\":\"en-US\",\"@id\":\"https:\\\/\\\/www.benchmarkemail.com\\\/es\\\/#\\\/schema\\\/logo\\\/image\\\/\",\"url\":\"https:\\\/\\\/www.benchmarkemail.com\\\/es\\\/wp-content\\\/uploads\\\/sites\\\/4\\\/2019\\\/09\\\/benchmark-logo.svg\",\"contentUrl\":\"https:\\\/\\\/www.benchmarkemail.com\\\/es\\\/wp-content\\\/uploads\\\/sites\\\/4\\\/2019\\\/09\\\/benchmark-logo.svg\",\"width\":1,\"height\":1,\"caption\":\"Benchmark Email\"},\"image\":{\"@id\":\"https:\\\/\\\/www.benchmarkemail.com\\\/es\\\/#\\\/schema\\\/logo\\\/image\\\/\"},\"sameAs\":[\"https:\\\/\\\/www.facebook.com\\\/benchmarkemailes\",\"https:\\\/\\\/x.com\\\/benchmarkesp\",\"https:\\\/\\\/twitter.com\\\/benchmarkesp\",\"https:\\\/\\\/www.youtube.com\\\/user\\\/BenchmarkEmailESP\",\"https:\\\/\\\/www.tiktok.com\\\/@benchmarkespanol\"]}]}<\/script>\n<!-- \/ Yoast SEO plugin. -->","yoast_head_json":{"title":"Generador de formularios web - Benchmark Email","description":"Crea formularios f\u00e1cilmente con el generador de formularios de Benchmark Email. Construye pop ups y landing pages para captar leads en pocos minutos.","robots":{"index":"index","follow":"follow","max-snippet":"max-snippet:-1","max-image-preview":"max-image-preview:large","max-video-preview":"max-video-preview:-1"},"canonical":"https:\/\/www.benchmarkemail.com\/es\/features\/lead-generation\/","og_locale":"en_US","og_type":"article","og_title":"Generador de formularios web - Benchmark Email","og_description":"Crea formularios f\u00e1cilmente con el generador de formularios de Benchmark Email. Construye pop ups y landing pages para captar leads en pocos minutos.","og_url":"https:\/\/www.benchmarkemail.com\/es\/features\/lead-generation\/","og_site_name":"Benchmark Email - Herramienta de Email Marketing","article_publisher":"https:\/\/www.facebook.com\/benchmarkemailes","article_modified_time":"2026-01-29T10:35:08+00:00","og_image":[{"width":1400,"height":730,"url":"https:\/\/www.benchmarkemail.com\/es\/wp-content\/uploads\/sites\/4\/2019\/04\/Form-1-1.webp","type":"image\/webp"}],"twitter_card":"summary_large_image","twitter_site":"@benchmarkesp","twitter_misc":{"Est. reading time":"7 minutes"},"schema":{"@context":"https:\/\/schema.org","@graph":[{"@type":"WebPage","@id":"https:\/\/www.benchmarkemail.com\/es\/features\/lead-generation\/","url":"https:\/\/www.benchmarkemail.com\/es\/features\/lead-generation\/","name":"Generador de formularios web - Benchmark Email","isPartOf":{"@id":"https:\/\/www.benchmarkemail.com\/es\/#website"},"primaryImageOfPage":{"@id":"https:\/\/www.benchmarkemail.com\/es\/features\/lead-generation\/#primaryimage"},"image":{"@id":"https:\/\/www.benchmarkemail.com\/es\/features\/lead-generation\/#primaryimage"},"thumbnailUrl":"https:\/\/www.benchmarkemail.com\/es\/wp-content\/uploads\/sites\/4\/2019\/04\/Form-1-1.webp","datePublished":"2019-10-03T13:52:23+00:00","dateModified":"2026-01-29T10:35:08+00:00","description":"Crea formularios f\u00e1cilmente con el generador de formularios de Benchmark Email. Construye pop ups y landing pages para captar leads en pocos minutos.","breadcrumb":{"@id":"https:\/\/www.benchmarkemail.com\/es\/features\/lead-generation\/#breadcrumb"},"inLanguage":"en-US","potentialAction":[{"@type":"ReadAction","target":["https:\/\/www.benchmarkemail.com\/es\/features\/lead-generation\/"]}]},{"@type":"ImageObject","inLanguage":"en-US","@id":"https:\/\/www.benchmarkemail.com\/es\/features\/lead-generation\/#primaryimage","url":"https:\/\/www.benchmarkemail.com\/es\/wp-content\/uploads\/sites\/4\/2019\/04\/Form-1-1.webp","contentUrl":"https:\/\/www.benchmarkemail.com\/es\/wp-content\/uploads\/sites\/4\/2019\/04\/Form-1-1.webp","width":1400,"height":730,"caption":"ejemplo de generaci\u00f3n de formularios usando Benchmark Email"},{"@type":"BreadcrumbList","@id":"https:\/\/www.benchmarkemail.com\/es\/features\/lead-generation\/#breadcrumb","itemListElement":[{"@type":"ListItem","position":1,"name":"Home","item":"https:\/\/www.benchmarkemail.com\/es\/"},{"@type":"ListItem","position":2,"name":"Features","item":"https:\/\/www.benchmarkemail.com\/es\/features\/"},{"@type":"ListItem","position":3,"name":"Generador de formularios"}]},{"@type":"WebSite","@id":"https:\/\/www.benchmarkemail.com\/es\/#website","url":"https:\/\/www.benchmarkemail.com\/es\/","name":"Benchmark Email - Herramienta de Email Marketing","description":"Dise\u00f1a, env\u00eda, mide y optimiza tus campa\u00f1as de email y comun\u00edcate con tus clientes a trav\u00e9s del correo electr\u00f3nico.","publisher":{"@id":"https:\/\/www.benchmarkemail.com\/es\/#organization"},"potentialAction":[{"@type":"SearchAction","target":{"@type":"EntryPoint","urlTemplate":"https:\/\/www.benchmarkemail.com\/es\/?s={search_term_string}"},"query-input":{"@type":"PropertyValueSpecification","valueRequired":true,"valueName":"search_term_string"}}],"inLanguage":"en-US"},{"@type":"Organization","@id":"https:\/\/www.benchmarkemail.com\/es\/#organization","name":"Benchmark Email","url":"https:\/\/www.benchmarkemail.com\/es\/","logo":{"@type":"ImageObject","inLanguage":"en-US","@id":"https:\/\/www.benchmarkemail.com\/es\/#\/schema\/logo\/image\/","url":"https:\/\/www.benchmarkemail.com\/es\/wp-content\/uploads\/sites\/4\/2019\/09\/benchmark-logo.svg","contentUrl":"https:\/\/www.benchmarkemail.com\/es\/wp-content\/uploads\/sites\/4\/2019\/09\/benchmark-logo.svg","width":1,"height":1,"caption":"Benchmark Email"},"image":{"@id":"https:\/\/www.benchmarkemail.com\/es\/#\/schema\/logo\/image\/"},"sameAs":["https:\/\/www.facebook.com\/benchmarkemailes","https:\/\/x.com\/benchmarkesp","https:\/\/twitter.com\/benchmarkesp","https:\/\/www.youtube.com\/user\/BenchmarkEmailESP","https:\/\/www.tiktok.com\/@benchmarkespanol"]}]}},"_links":{"self":[{"href":"https:\/\/www.benchmarkemail.com\/es\/wp-json\/wp\/v2\/pages\/280","targetHints":{"allow":["GET"]}}],"collection":[{"href":"https:\/\/www.benchmarkemail.com\/es\/wp-json\/wp\/v2\/pages"}],"about":[{"href":"https:\/\/www.benchmarkemail.com\/es\/wp-json\/wp\/v2\/types\/page"}],"author":[{"embeddable":true,"href":"https:\/\/www.benchmarkemail.com\/es\/wp-json\/wp\/v2\/users\/7"}],"replies":[{"embeddable":true,"href":"https:\/\/www.benchmarkemail.com\/es\/wp-json\/wp\/v2\/comments?post=280"}],"version-history":[{"count":0,"href":"https:\/\/www.benchmarkemail.com\/es\/wp-json\/wp\/v2\/pages\/280\/revisions"}],"up":[{"embeddable":true,"href":"https:\/\/www.benchmarkemail.com\/es\/wp-json\/wp\/v2\/pages\/48485"}],"wp:featuredmedia":[{"embeddable":true,"href":"https:\/\/www.benchmarkemail.com\/es\/wp-json\/wp\/v2\/media\/30031"}],"wp:attachment":[{"href":"https:\/\/www.benchmarkemail.com\/es\/wp-json\/wp\/v2\/media?parent=280"}],"curies":[{"name":"wp","href":"https:\/\/api.w.org\/{rel}","templated":true}]}}