{"id":29772,"date":"2022-09-23T10:08:42","date_gmt":"2022-09-23T10:08:42","guid":{"rendered":"https:\/\/benchmarkemail.wpengine.com\/es\/?page_id=29772"},"modified":"2026-02-06T12:34:54","modified_gmt":"2026-02-06T12:34:54","slug":"smart-content","status":"publish","type":"page","link":"https:\/\/www.benchmarkemail.com\/es\/features\/smart-content\/","title":{"rendered":"Smart Content: IA para redactar emails de Benchmark"},"content":{"rendered":"\n<h1>\n\t\t\tSmart Content:  La inteligencia artificial para redactar tus emails\t<\/h1>\n<h2>\n\t\t\tRedacta el copy de tu pr\u00f3xima campa\u00f1a de email marketing con la IA de Smart Content\t<\/h2>\n\t\t\t<a href=\"https:\/\/ui.benchmarkemail.com\/es\/register?utm_medium=organic&#038;utm_source=website&#038;utm_campaign=smartcontent_page&#038;utm_content=button_top\"  target=\"_blank\" rel=\"noopener\"    rel=\"noopener\">\n\t\t\t\t\t\t\tQUIERO PROBARLO GRATIS\n\t\t\t\t\t<\/a>\n<figure itemscope itemtype=\"https:\/\/schema.org\/ImageObject\">\n\t\t\t\t<img decoding=\"async\" src=\"https:\/\/www.benchmarkemail.com\/es\/wp-content\/uploads\/sites\/4\/2022\/10\/Generate-New-Content-GIF-1.gif\" alt=\"Generate-New-Content-GIF-1.gif\" title=\"Generate-New-Content-GIF-1.gif\" onerror=\"this.style.display='none'\" loading=\"lazy\" \/>\n\t<\/figure>\n<figure itemscope itemtype=\"https:\/\/schema.org\/ImageObject\">\n\t\t\t\t<img decoding=\"async\" src=\"https:\/\/www.benchmarkemail.com\/es\/wp-content\/uploads\/sites\/4\/2022\/10\/Generate-New-Content-GIF-2.gif\" alt=\"Generate-New-Content-GIF-2.gif\" title=\"Generate-New-Content-GIF-2.gif\" onerror=\"this.style.display='none'\" loading=\"lazy\" \/>\n\t<\/figure>\n<h2>\n\t\t\tUn copy fresco para tus campa\u00f1as de email marketing\t<\/h2>\n<h4>\n\t\t\tLa herramienta de redacci\u00f3n con inteligencia artificial ha sido dise\u00f1ada para ayudarte a crear textos atractuvivos, optimizados y efectivos. Ahora puedes liberar tu creatividad mientras ahorras tiempo y recursos\t<\/h4>\n\t\t\t<a href=\"https:\/\/ui.benchmarkemail.com\/es\/register?utm_medium=organic&#038;utm_source=website&#038;utm_campaign=smartcontent_page&#038;utm_content=button_1\"  target=\"_self\">\n\t\t\t\t\t\t\tREG\u00cdSTRATE GRATIS\n\t\t\t\t\t<\/a>\n<h2>\n\t\t\tSaca m\u00e1s partido a tus contenidos\t<\/h2>\n<h4>\n\t\t\tConvierte el copy de tu anterior campa\u00f1a de email marketing en un nuevo contenido con un solo clic y reutil\u00edzalo en tu pr\u00f3ximo correo electr\u00f3nico\t<\/h4>\n\t\t\t<a href=\"https:\/\/ui.benchmarkemail.com\/es\/register?utm_medium=organic&#038;utm_source=website&#038;utm_campaign=smartcontent_page&#038;utm_content=button_2\"  target=\"_self\">\n\t\t\t\t\t\t\tREG\u00cdSTRATE GRATIS\n\t\t\t\t\t<\/a>\n<figure itemscope itemtype=\"https:\/\/schema.org\/ImageObject\">\n\t\t\t\t<img decoding=\"async\" src=\"https:\/\/www.benchmarkemail.com\/es\/wp-content\/uploads\/sites\/4\/2022\/10\/Rewrite-my-content-GIF.gif\" alt=\"Rewrite-my-content-GIF.gif\" title=\"Rewrite-my-content-GIF.gif\" onerror=\"this.style.display='none'\" loading=\"lazy\" \/>\n\t<\/figure>\n<figure itemscope itemtype=\"https:\/\/schema.org\/ImageObject\">\n\t\t\t\t<img decoding=\"async\" src=\"https:\/\/www.benchmarkemail.com\/es\/wp-content\/uploads\/sites\/4\/2023\/08\/smart-content-user.png\" alt=\"Usuario de email marketing\" height=\"2008\" width=\"2284\" title=\"smart-content user\" onerror=\"this.style.display='none'\" loading=\"lazy\" \/>\n\t<\/figure>\n<h2>\n\t\t\tEscribe mejor, m\u00e1s r\u00e1pido y con estilo\t<\/h2>\n<h4>\n\t\t\tSmart Content de Benchmark Email elimina el problema de enfrentarte a una p\u00e1gina en blanco. S\u00f3lo tienes que a\u00f1adir tus ideas para generar r\u00e1pidamente un copy para tu campa\u00f1a e incorporarlos al dise\u00f1o de tu email sin salir del editor\t<\/h4>\n\t\t\t<a href=\"https:\/\/ui.benchmarkemail.com\/es\/register?utm_medium=organic&#038;utm_source=website&#038;utm_campaign=smartcontent_page&#038;utm_content=button_3\"  target=\"_self\">\n\t\t\t\t\t\t\tCREA TU CUENTA GRATIS\n\t\t\t\t\t<\/a>\n<figure itemscope itemtype=\"https:\/\/schema.org\/ImageObject\">\n\t\t\t\t<img decoding=\"async\" src=\"https:\/\/www.benchmarkemail.com\/es\/wp-content\/uploads\/sites\/4\/2022\/10\/image.webp\" alt=\"emails personalizados\" height=\"940\" width=\"1716\" title=\"image\" onerror=\"this.style.display='none'\" loading=\"lazy\" \/>\n\t<\/figure>\n<h3>\n\t\t\tAutomatiza el env\u00edo de correos personalizados\t<\/h3>\n\t<p>Con Smart Content es m\u00e1s f\u00e1cil adaptar tus mensajes seg\u00fan el perfil y comportamiento de tu audiencia.<\/p>\n<p>Selecciona un tema y personal\u00edzalo para los segmentos de tu lista. Todo esto unido a las funcionalidades de automatizaci\u00f3n de marketing te permitir\u00e1 ahorrar tiempo y recursos.<\/p>\n\t\t\t<a href=\"https:\/\/ui.benchmarkemail.com\/es\/register?utm_medium=organic&#038;utm_source=website&#038;utm_campaign=smartcontent_page&#038;utm_content=button_4\"  target=\"_self\">\n\t\t\t\t\t\t\tPrueba Benchmark GRATIS\n\t\t\t\t\t<\/a>\n<figure itemscope itemtype=\"https:\/\/schema.org\/ImageObject\">\n\t\t\t\t<img decoding=\"async\" src=\"https:\/\/www.benchmarkemail.com\/es\/wp-content\/uploads\/sites\/4\/2023\/08\/Never-run-out-of-fuel-for-your-email-marketing-engine.png\" alt=\"ideas para contenidos de email por ia\" height=\"922\" width=\"1706\" title=\"Never-run-out-of-fuel-for-your-email-marketing-engine\" onerror=\"this.style.display='none'\" loading=\"lazy\" \/>\n\t<\/figure>\n<h3>\n\t\t\tMarca la diferencia con tus campa\u00f1as de email\t<\/h3>\n\t<p>Con Smart Content, puedes escribir f\u00e1cilmente copy para pruebas a\/b, generar contenido hiperpersonalizado o conectar tus ideas con tu audiencia.<\/p>\n<p>Consigue textos \u00fanicos, atractivos y bien redactados para tus campa\u00f1as de email marketing. Todo en tan solo unos clics y sin salir del editor.<\/p>\n\t\t\t<a href=\"https:\/\/ui.benchmarkemail.com\/es\/register?utm_medium=organic&#038;utm_source=website&#038;utm_campaign=smartcontent_page&#038;utm_content=button_5\"  target=\"_self\">\n\t\t\t\t\t\t\tPrueba Benchmark GRATIS\n\t\t\t\t\t<\/a>\n<figure itemscope itemtype=\"https:\/\/schema.org\/ImageObject\">\n\t\t\t\t<img decoding=\"async\" src=\"https:\/\/www.benchmarkemail.com\/wp-content\/uploads\/2022\/09\/logo-smart-content-1.png\" alt=\"logo-smart-content\" height=\"380\" width=\"320\" title=\"logo-smart-content\" onerror=\"this.style.display='none'\" loading=\"lazy\" \/>\n\t<\/figure>\n<h2>\n\t\t\tHacer email marketing es m\u00e1s f\u00e1cil con  Benchmark Email\t<\/h2>\n\t<p>Crea tu cuenta GRATIS ahora y prueba <b>Smart Content<\/b><\/p>\n\t\t\t<a href=\"https:\/\/ui.benchmarkemail.com\/es\/register?utm_medium=organic&#038;utm_source=website&#038;utm_campaign=smartcontent_page&#038;utm_content=button_bottom\"  target=\"_self\">\n\t\t\t\t\t\t\tCREAR MI CUENTA GRATIS\n\t\t\t\t\t<\/a>\n\n","protected":false},"excerpt":{"rendered":"<p>Smart Content: La inteligencia artificial para redactar tus emails Redacta el copy de tu pr\u00f3xima campa\u00f1a de email marketing con la IA de Smart Content QUIERO PROBARLO GRATIS Un copy fresco para tus campa\u00f1as de email marketing La herramienta de redacci\u00f3n con inteligencia artificial ha sido dise\u00f1ada para ayudarte a crear textos atractuvivos, optimizados y&hellip;<\/p>\n","protected":false},"author":7,"featured_media":34504,"parent":48485,"menu_order":0,"comment_status":"closed","ping_status":"closed","template":"","meta":{"inline_featured_image":false,"footnotes":""},"class_list":["post-29772","page","type-page","status-publish","has-post-thumbnail","hentry"],"yoast_head":"<!-- This site is optimized with the Yoast SEO plugin v27.5 - https:\/\/yoast.com\/product\/yoast-seo-wordpress\/ -->\n<title>Inteligencia Artificial para redactar emails: Smart Content - Benchmark<\/title>\n<meta name=\"description\" content=\"Smart Content es una herramienta de Inteligencia Artificial para ayudarte a redactar el copy de tus campa\u00f1as de emails marketing sin salir del editor.\" \/>\n<meta name=\"robots\" content=\"index, follow, max-snippet:-1, max-image-preview:large, max-video-preview:-1\" \/>\n<link rel=\"canonical\" href=\"https:\/\/www.benchmarkemail.com\/es\/features\/smart-content\/\" \/>\n<meta property=\"og:locale\" content=\"en_US\" \/>\n<meta property=\"og:type\" content=\"article\" \/>\n<meta property=\"og:title\" content=\"Inteligencia Artificial para redactar emails: Smart Content - Benchmark\" \/>\n<meta property=\"og:description\" content=\"Smart Content es una herramienta de Inteligencia Artificial para ayudarte a redactar el copy de tus campa\u00f1as de emails marketing sin salir del editor.\" \/>\n<meta property=\"og:url\" content=\"https:\/\/www.benchmarkemail.com\/es\/features\/smart-content\/\" \/>\n<meta property=\"og:site_name\" content=\"Benchmark Email - Herramienta de Email Marketing\" \/>\n<meta property=\"article:publisher\" content=\"https:\/\/www.facebook.com\/benchmarkemailes\" \/>\n<meta property=\"article:modified_time\" content=\"2026-02-06T12:34:54+00:00\" \/>\n<meta property=\"og:image\" content=\"https:\/\/www.benchmarkemail.com\/es\/wp-content\/uploads\/sites\/4\/2023\/07\/Inteligencia-artificial-para-redactar-emails-de-Benchmark-Email.webp\" \/>\n\t<meta property=\"og:image:width\" content=\"1200\" \/>\n\t<meta property=\"og:image:height\" content=\"800\" \/>\n\t<meta property=\"og:image:type\" content=\"image\/webp\" \/>\n<meta name=\"twitter:card\" content=\"summary_large_image\" \/>\n<meta name=\"twitter:site\" content=\"@benchmarkesp\" \/>\n<meta name=\"twitter:label1\" content=\"Est. reading time\" \/>\n\t<meta name=\"twitter:data1\" content=\"3 minutes\" \/>\n<script type=\"application\/ld+json\" class=\"yoast-schema-graph\">{\"@context\":\"https:\\\/\\\/schema.org\",\"@graph\":[{\"@type\":\"WebPage\",\"@id\":\"https:\\\/\\\/www.benchmarkemail.com\\\/es\\\/features\\\/smart-content\\\/\",\"url\":\"https:\\\/\\\/www.benchmarkemail.com\\\/es\\\/features\\\/smart-content\\\/\",\"name\":\"Inteligencia Artificial para redactar emails: Smart Content - Benchmark\",\"isPartOf\":{\"@id\":\"https:\\\/\\\/www.benchmarkemail.com\\\/es\\\/#website\"},\"primaryImageOfPage\":{\"@id\":\"https:\\\/\\\/www.benchmarkemail.com\\\/es\\\/features\\\/smart-content\\\/#primaryimage\"},\"image\":{\"@id\":\"https:\\\/\\\/www.benchmarkemail.com\\\/es\\\/features\\\/smart-content\\\/#primaryimage\"},\"thumbnailUrl\":\"https:\\\/\\\/www.benchmarkemail.com\\\/es\\\/wp-content\\\/uploads\\\/sites\\\/4\\\/2023\\\/07\\\/Inteligencia-artificial-para-redactar-emails-de-Benchmark-Email.webp\",\"datePublished\":\"2022-09-23T10:08:42+00:00\",\"dateModified\":\"2026-02-06T12:34:54+00:00\",\"description\":\"Smart Content es una herramienta de Inteligencia Artificial para ayudarte a redactar el copy de tus campa\u00f1as de emails marketing sin salir del editor.\",\"breadcrumb\":{\"@id\":\"https:\\\/\\\/www.benchmarkemail.com\\\/es\\\/features\\\/smart-content\\\/#breadcrumb\"},\"inLanguage\":\"en-US\",\"potentialAction\":[{\"@type\":\"ReadAction\",\"target\":[\"https:\\\/\\\/www.benchmarkemail.com\\\/es\\\/features\\\/smart-content\\\/\"]}]},{\"@type\":\"ImageObject\",\"inLanguage\":\"en-US\",\"@id\":\"https:\\\/\\\/www.benchmarkemail.com\\\/es\\\/features\\\/smart-content\\\/#primaryimage\",\"url\":\"https:\\\/\\\/www.benchmarkemail.com\\\/es\\\/wp-content\\\/uploads\\\/sites\\\/4\\\/2023\\\/07\\\/Inteligencia-artificial-para-redactar-emails-de-Benchmark-Email.webp\",\"contentUrl\":\"https:\\\/\\\/www.benchmarkemail.com\\\/es\\\/wp-content\\\/uploads\\\/sites\\\/4\\\/2023\\\/07\\\/Inteligencia-artificial-para-redactar-emails-de-Benchmark-Email.webp\",\"width\":1200,\"height\":800,\"caption\":\"Smart Content es la inteligencia artificial para redactar emails de Benchmark Email\"},{\"@type\":\"BreadcrumbList\",\"@id\":\"https:\\\/\\\/www.benchmarkemail.com\\\/es\\\/features\\\/smart-content\\\/#breadcrumb\",\"itemListElement\":[{\"@type\":\"ListItem\",\"position\":1,\"name\":\"Home\",\"item\":\"https:\\\/\\\/www.benchmarkemail.com\\\/es\\\/\"},{\"@type\":\"ListItem\",\"position\":2,\"name\":\"Features\",\"item\":\"https:\\\/\\\/www.benchmarkemail.com\\\/es\\\/features\\\/\"},{\"@type\":\"ListItem\",\"position\":3,\"name\":\"Smart Content: IA para redactar emails de Benchmark\"}]},{\"@type\":\"WebSite\",\"@id\":\"https:\\\/\\\/www.benchmarkemail.com\\\/es\\\/#website\",\"url\":\"https:\\\/\\\/www.benchmarkemail.com\\\/es\\\/\",\"name\":\"Benchmark Email - Herramienta de Email Marketing\",\"description\":\"Dise\u00f1a, env\u00eda, mide y optimiza tus campa\u00f1as de email y comun\u00edcate con tus clientes a trav\u00e9s del correo electr\u00f3nico.\",\"publisher\":{\"@id\":\"https:\\\/\\\/www.benchmarkemail.com\\\/es\\\/#organization\"},\"potentialAction\":[{\"@type\":\"SearchAction\",\"target\":{\"@type\":\"EntryPoint\",\"urlTemplate\":\"https:\\\/\\\/www.benchmarkemail.com\\\/es\\\/?s={search_term_string}\"},\"query-input\":{\"@type\":\"PropertyValueSpecification\",\"valueRequired\":true,\"valueName\":\"search_term_string\"}}],\"inLanguage\":\"en-US\"},{\"@type\":\"Organization\",\"@id\":\"https:\\\/\\\/www.benchmarkemail.com\\\/es\\\/#organization\",\"name\":\"Benchmark Email\",\"url\":\"https:\\\/\\\/www.benchmarkemail.com\\\/es\\\/\",\"logo\":{\"@type\":\"ImageObject\",\"inLanguage\":\"en-US\",\"@id\":\"https:\\\/\\\/www.benchmarkemail.com\\\/es\\\/#\\\/schema\\\/logo\\\/image\\\/\",\"url\":\"https:\\\/\\\/www.benchmarkemail.com\\\/es\\\/wp-content\\\/uploads\\\/sites\\\/4\\\/2019\\\/09\\\/benchmark-logo.svg\",\"contentUrl\":\"https:\\\/\\\/www.benchmarkemail.com\\\/es\\\/wp-content\\\/uploads\\\/sites\\\/4\\\/2019\\\/09\\\/benchmark-logo.svg\",\"width\":1,\"height\":1,\"caption\":\"Benchmark Email\"},\"image\":{\"@id\":\"https:\\\/\\\/www.benchmarkemail.com\\\/es\\\/#\\\/schema\\\/logo\\\/image\\\/\"},\"sameAs\":[\"https:\\\/\\\/www.facebook.com\\\/benchmarkemailes\",\"https:\\\/\\\/x.com\\\/benchmarkesp\",\"https:\\\/\\\/twitter.com\\\/benchmarkesp\",\"https:\\\/\\\/www.youtube.com\\\/user\\\/BenchmarkEmailESP\",\"https:\\\/\\\/www.tiktok.com\\\/@benchmarkespanol\"]}]}<\/script>\n<!-- \/ Yoast SEO plugin. -->","yoast_head_json":{"title":"Inteligencia Artificial para redactar emails: Smart Content - Benchmark","description":"Smart Content es una herramienta de Inteligencia Artificial para ayudarte a redactar el copy de tus campa\u00f1as de emails marketing sin salir del editor.","robots":{"index":"index","follow":"follow","max-snippet":"max-snippet:-1","max-image-preview":"max-image-preview:large","max-video-preview":"max-video-preview:-1"},"canonical":"https:\/\/www.benchmarkemail.com\/es\/features\/smart-content\/","og_locale":"en_US","og_type":"article","og_title":"Inteligencia Artificial para redactar emails: Smart Content - Benchmark","og_description":"Smart Content es una herramienta de Inteligencia Artificial para ayudarte a redactar el copy de tus campa\u00f1as de emails marketing sin salir del editor.","og_url":"https:\/\/www.benchmarkemail.com\/es\/features\/smart-content\/","og_site_name":"Benchmark Email - Herramienta de Email Marketing","article_publisher":"https:\/\/www.facebook.com\/benchmarkemailes","article_modified_time":"2026-02-06T12:34:54+00:00","og_image":[{"width":1200,"height":800,"url":"https:\/\/www.benchmarkemail.com\/es\/wp-content\/uploads\/sites\/4\/2023\/07\/Inteligencia-artificial-para-redactar-emails-de-Benchmark-Email.webp","type":"image\/webp"}],"twitter_card":"summary_large_image","twitter_site":"@benchmarkesp","twitter_misc":{"Est. reading time":"3 minutes"},"schema":{"@context":"https:\/\/schema.org","@graph":[{"@type":"WebPage","@id":"https:\/\/www.benchmarkemail.com\/es\/features\/smart-content\/","url":"https:\/\/www.benchmarkemail.com\/es\/features\/smart-content\/","name":"Inteligencia Artificial para redactar emails: Smart Content - Benchmark","isPartOf":{"@id":"https:\/\/www.benchmarkemail.com\/es\/#website"},"primaryImageOfPage":{"@id":"https:\/\/www.benchmarkemail.com\/es\/features\/smart-content\/#primaryimage"},"image":{"@id":"https:\/\/www.benchmarkemail.com\/es\/features\/smart-content\/#primaryimage"},"thumbnailUrl":"https:\/\/www.benchmarkemail.com\/es\/wp-content\/uploads\/sites\/4\/2023\/07\/Inteligencia-artificial-para-redactar-emails-de-Benchmark-Email.webp","datePublished":"2022-09-23T10:08:42+00:00","dateModified":"2026-02-06T12:34:54+00:00","description":"Smart Content es una herramienta de Inteligencia Artificial para ayudarte a redactar el copy de tus campa\u00f1as de emails marketing sin salir del editor.","breadcrumb":{"@id":"https:\/\/www.benchmarkemail.com\/es\/features\/smart-content\/#breadcrumb"},"inLanguage":"en-US","potentialAction":[{"@type":"ReadAction","target":["https:\/\/www.benchmarkemail.com\/es\/features\/smart-content\/"]}]},{"@type":"ImageObject","inLanguage":"en-US","@id":"https:\/\/www.benchmarkemail.com\/es\/features\/smart-content\/#primaryimage","url":"https:\/\/www.benchmarkemail.com\/es\/wp-content\/uploads\/sites\/4\/2023\/07\/Inteligencia-artificial-para-redactar-emails-de-Benchmark-Email.webp","contentUrl":"https:\/\/www.benchmarkemail.com\/es\/wp-content\/uploads\/sites\/4\/2023\/07\/Inteligencia-artificial-para-redactar-emails-de-Benchmark-Email.webp","width":1200,"height":800,"caption":"Smart Content es la inteligencia artificial para redactar emails de Benchmark Email"},{"@type":"BreadcrumbList","@id":"https:\/\/www.benchmarkemail.com\/es\/features\/smart-content\/#breadcrumb","itemListElement":[{"@type":"ListItem","position":1,"name":"Home","item":"https:\/\/www.benchmarkemail.com\/es\/"},{"@type":"ListItem","position":2,"name":"Features","item":"https:\/\/www.benchmarkemail.com\/es\/features\/"},{"@type":"ListItem","position":3,"name":"Smart Content: IA para redactar emails de Benchmark"}]},{"@type":"WebSite","@id":"https:\/\/www.benchmarkemail.com\/es\/#website","url":"https:\/\/www.benchmarkemail.com\/es\/","name":"Benchmark Email - Herramienta de Email Marketing","description":"Dise\u00f1a, env\u00eda, mide y optimiza tus campa\u00f1as de email y comun\u00edcate con tus clientes a trav\u00e9s del correo electr\u00f3nico.","publisher":{"@id":"https:\/\/www.benchmarkemail.com\/es\/#organization"},"potentialAction":[{"@type":"SearchAction","target":{"@type":"EntryPoint","urlTemplate":"https:\/\/www.benchmarkemail.com\/es\/?s={search_term_string}"},"query-input":{"@type":"PropertyValueSpecification","valueRequired":true,"valueName":"search_term_string"}}],"inLanguage":"en-US"},{"@type":"Organization","@id":"https:\/\/www.benchmarkemail.com\/es\/#organization","name":"Benchmark Email","url":"https:\/\/www.benchmarkemail.com\/es\/","logo":{"@type":"ImageObject","inLanguage":"en-US","@id":"https:\/\/www.benchmarkemail.com\/es\/#\/schema\/logo\/image\/","url":"https:\/\/www.benchmarkemail.com\/es\/wp-content\/uploads\/sites\/4\/2019\/09\/benchmark-logo.svg","contentUrl":"https:\/\/www.benchmarkemail.com\/es\/wp-content\/uploads\/sites\/4\/2019\/09\/benchmark-logo.svg","width":1,"height":1,"caption":"Benchmark Email"},"image":{"@id":"https:\/\/www.benchmarkemail.com\/es\/#\/schema\/logo\/image\/"},"sameAs":["https:\/\/www.facebook.com\/benchmarkemailes","https:\/\/x.com\/benchmarkesp","https:\/\/twitter.com\/benchmarkesp","https:\/\/www.youtube.com\/user\/BenchmarkEmailESP","https:\/\/www.tiktok.com\/@benchmarkespanol"]}]}},"_links":{"self":[{"href":"https:\/\/www.benchmarkemail.com\/es\/wp-json\/wp\/v2\/pages\/29772","targetHints":{"allow":["GET"]}}],"collection":[{"href":"https:\/\/www.benchmarkemail.com\/es\/wp-json\/wp\/v2\/pages"}],"about":[{"href":"https:\/\/www.benchmarkemail.com\/es\/wp-json\/wp\/v2\/types\/page"}],"author":[{"embeddable":true,"href":"https:\/\/www.benchmarkemail.com\/es\/wp-json\/wp\/v2\/users\/7"}],"replies":[{"embeddable":true,"href":"https:\/\/www.benchmarkemail.com\/es\/wp-json\/wp\/v2\/comments?post=29772"}],"version-history":[{"count":0,"href":"https:\/\/www.benchmarkemail.com\/es\/wp-json\/wp\/v2\/pages\/29772\/revisions"}],"up":[{"embeddable":true,"href":"https:\/\/www.benchmarkemail.com\/es\/wp-json\/wp\/v2\/pages\/48485"}],"wp:featuredmedia":[{"embeddable":true,"href":"https:\/\/www.benchmarkemail.com\/es\/wp-json\/wp\/v2\/media\/34504"}],"wp:attachment":[{"href":"https:\/\/www.benchmarkemail.com\/es\/wp-json\/wp\/v2\/media?parent=29772"}],"curies":[{"name":"wp","href":"https:\/\/api.w.org\/{rel}","templated":true}]}}